{"id":10978,"date":"2024-03-27T13:24:43","date_gmt":"2024-03-27T12:24:43","guid":{"rendered":"https:\/\/lavalldelord.com\/?page_id=10978"},"modified":"2026-04-27T10:08:32","modified_gmt":"2026-04-27T09:08:32","slug":"que-visitar-a-la-vall-de-lord-sant-llorenc-de-morunys","status":"publish","type":"page","link":"https:\/\/lavalldelord.com\/ca\/que-visitar-a-la-vall-de-lord-sant-llorenc-de-morunys\/","title":{"rendered":"Dia 1. Sant Lloren\u00e7 de Morunys"},"content":{"rendered":"<p><\/p>\n<h3><strong>Dia 1. Sant Lloren\u00e7 de Morunys<\/strong><\/h3>\n<h4><strong><em>Coneix Sant Lloren\u00e7 de Morunys i el seu entorn m\u00e9s pr\u00f2xim: el nucli hist\u00f2ric, l&#8217;esgl\u00e9sia, el Museu &#8211; Centre d&#8217;Interpretaci\u00f3, el Santuari de Lord, entre altres.\u00a0<\/em><\/strong><\/h4>\n<p>&nbsp;<\/p>\n<figure id=\"attachment_10822\" aria-describedby=\"caption-attachment-10822\" style=\"width: 461px\" class=\"wp-caption alignright\"><img loading=\"lazy\" decoding=\"async\" class=\"wp-image-10822\" title=\"Monestir de Sant Lloren\u00e7 de Morunys\" src=\"https:\/\/lavalldelord.com\/wp-content\/uploads\/2024\/03\/EKSY9P7WwAEl_wM-600x400.jpg\" alt=\"Monestir de Sant Lloren\u00e7 de Morunys\" width=\"461\" height=\"307\" srcset=\"https:\/\/lavalldelord.com\/wp-content\/uploads\/2024\/03\/EKSY9P7WwAEl_wM-600x400.jpg 600w, https:\/\/lavalldelord.com\/wp-content\/uploads\/2024\/03\/EKSY9P7WwAEl_wM-400x267.jpg 400w, https:\/\/lavalldelord.com\/wp-content\/uploads\/2024\/03\/EKSY9P7WwAEl_wM-768x512.jpg 768w, https:\/\/lavalldelord.com\/wp-content\/uploads\/2024\/03\/EKSY9P7WwAEl_wM.jpg 1024w\" sizes=\"auto, (max-width: 461px) 100vw, 461px\" \/><figcaption id=\"caption-attachment-10822\" class=\"wp-caption-text\">Monestir de Sant Lloren\u00e7 de Morunys<\/figcaption><\/figure>\n<p>Endinsa&#8217;t a la hist\u00f2ria medieval tot recorrent els carrers del <strong>nucli antic de Sant Lloren\u00e7 de Morunys<\/strong>; passejant pels seus carrers encara es poden trobar diferents elements hist\u00f2rics que et transportaran a l&#8217;edat medieval.<\/p>\n<p>L&#8217;<a href=\"https:\/\/lavalldelord.com\/punt\/esglesia-sant-llorenc-morunys\/\" target=\"_blank\" rel=\"noopener\"><strong>Esgl\u00e9sia rom\u00e0nica de Sant Lloren\u00e7<\/strong><\/a> de Morunys alberga dins seu un important i nombr\u00f3s patrimoni art\u00edstic, tant rom\u00e0nic, com g\u00f2tic i barroc; cal destacar-ne <strong><a href=\"https:\/\/lavalldelord.com\/punt\/altar-dels-colls\/\">l&#8217;altar o capella barroca de la Mare de D\u00e9u dels Colls<\/a><\/strong>, considerada una de les obres m\u00e9s paradigm\u00e0tiques de l\u2019art barroc catal\u00e0. Des de la mateixa Esgl\u00e9sia podem accedir al <strong><a href=\"https:\/\/lavalldelord.com\/punt\/claustre-sant-llorenc-morunys\/\" target=\"_blank\" rel=\"noopener\">claustre<\/a><\/strong>, i al <a href=\"https:\/\/lavalldelord.com\/que-fer\/turisme-cultural\/museu-centre-dinterpretacio-vall-de-lord\/\" target=\"_blank\" rel=\"noopener\"><strong>Museu &#8211; Centre d&#8217;Interpretaci\u00f3 de la Vall de Lord<\/strong><\/a> per descobrir tota la hist\u00f2ria que amaga aquesta vall.<\/p>\n<p>&nbsp;<\/p>\n<p>&nbsp;<\/p>\n<figure id=\"attachment_10658\" aria-describedby=\"caption-attachment-10658\" style=\"width: 460px\" class=\"wp-caption alignright\"><a href=\"https:\/\/lavalldelord.com\/wp-content\/uploads\/2024\/03\/DSC02074_websize.jpg\" target=\"_blank\" rel=\"noopener\"><img loading=\"lazy\" decoding=\"async\" class=\"wp-image-10658\" src=\"https:\/\/lavalldelord.com\/wp-content\/uploads\/2024\/03\/DSC02074_websize-600x338.jpg\" alt=\"\" width=\"460\" height=\"259\" srcset=\"https:\/\/lavalldelord.com\/wp-content\/uploads\/2024\/03\/DSC02074_websize-600x338.jpg 600w, https:\/\/lavalldelord.com\/wp-content\/uploads\/2024\/03\/DSC02074_websize-1024x576.jpg 1024w, https:\/\/lavalldelord.com\/wp-content\/uploads\/2024\/03\/DSC02074_websize-400x225.jpg 400w, https:\/\/lavalldelord.com\/wp-content\/uploads\/2024\/03\/DSC02074_websize-768x432.jpg 768w, https:\/\/lavalldelord.com\/wp-content\/uploads\/2024\/03\/DSC02074_websize-1536x864.jpg 1536w, https:\/\/lavalldelord.com\/wp-content\/uploads\/2024\/03\/DSC02074_websize.jpg 1600w\" sizes=\"auto, (max-width: 460px) 100vw, 460px\" \/><\/a><figcaption id=\"caption-attachment-10658\" class=\"wp-caption-text\">El Santuari de Lord a vista de dron, d&#8217;Ari\u00f1o Visuals (@_avisuals)<\/figcaption><\/figure>\n<p>Per complementar el primer dia, podeu fer una excursi\u00f3 al <strong><a href=\"https:\/\/lavalldelord.com\/punt\/santuari-de-lord\/\" target=\"_blank\" rel=\"noopener\">Santuari de Lord<\/a><\/strong>. <u><\/u>\u00c9s un dels punts m\u00e9s emblem\u00e0tics de la Vall de Lord en una situaci\u00f3 privilegiada amb vistes cap al <a href=\"https:\/\/lavalldelord.com\/punt\/embassament-de-la-llosa-del-cavall\/\" target=\"_blank\" rel=\"noopener\">pant\u00e0 de la Llosa del Cavall<\/a> i de les serres de <a href=\"https:\/\/lavalldelord.com\/ca\/punt\/serra-de-busa-i-el-capolatell\/\">Busa<\/a> i <a href=\"https:\/\/lavalldelord.com\/punt\/bastets\/\" target=\"_blank\" rel=\"noopener\">els Bastets<\/a>. El Santuari fou un escenari hist\u00f2ric al segle XIX durant la Primera Guerra Carlina.<\/p>\n<p>Si voleu con\u00e8ixer tota la hist\u00f2ria podeu visitar el <a href=\"https:\/\/museuvalldelord.wixsite.com\/inici\/\" target=\"_blank\" rel=\"noopener\">Museu &#8211; Centre d&#8217;Interpretaci\u00f3 de la Vall de Lord<\/a>.<\/p>\n<p><strong><a href=\"https:\/\/lavalldelord.com\/punt\/santuari-de-lord\/\" target=\"_blank\" rel=\"noopener\"><span style=\"text-decoration: underline;\">Consulta les opcions de com visitar el Santuari<\/span><\/a><\/strong><\/p>\n<p>&nbsp;<\/p>\n<p>&nbsp;<\/p>\n<p>&#x1f468;&#x200d;&#x1f469;&#x200d;&#x1f467;&#x200d;&#x1f466;<em> i si vas amb fam\u00edlia&#8230;<\/em><\/p>\n<figure id=\"attachment_9613\" aria-describedby=\"caption-attachment-9613\" style=\"width: 457px\" class=\"wp-caption alignright\"><img loading=\"lazy\" decoding=\"async\" class=\"wp-image-9613\" title=\"Caiac a l'embassament de la Llosa del Cavall\" src=\"https:\/\/lavalldelord.com\/wp-content\/uploads\/2022\/12\/1670319311342-e1711542140536-400x231.jpg\" alt=\"Caiac a l'embassament de la Llosa del Cavall\" width=\"457\" height=\"264\" srcset=\"https:\/\/lavalldelord.com\/wp-content\/uploads\/2022\/12\/1670319311342-e1711542140536-400x231.jpg 400w, https:\/\/lavalldelord.com\/wp-content\/uploads\/2022\/12\/1670319311342-e1711542140536-600x346.jpg 600w, https:\/\/lavalldelord.com\/wp-content\/uploads\/2022\/12\/1670319311342-e1711542140536-1024x590.jpg 1024w, https:\/\/lavalldelord.com\/wp-content\/uploads\/2022\/12\/1670319311342-e1711542140536-768x443.jpg 768w, https:\/\/lavalldelord.com\/wp-content\/uploads\/2022\/12\/1670319311342-e1711542140536.jpg 1440w\" sizes=\"auto, (max-width: 457px) 100vw, 457px\" \/><figcaption id=\"caption-attachment-9613\" class=\"wp-caption-text\">Caiac a l&#8217;embassament de la Llosa del Cavall<\/figcaption><\/figure>\n<p><strong>Caiac a l&#8217;embassament de la Llosa del Cavall.<\/strong> En els casos que l&#8217;embassament estigui amb una bona capacitat d&#8217;aigua, podeu practicar diferents esports amb fam\u00edlia com caiac o paddle surf.<\/p>\n<p>Per complementar-ho, podeu arribar al pant\u00e0 a peu des de Sant Lloren\u00e7 de Morunys a trav\u00e9s de la <a href=\"https:\/\/lavalldelord.com\/ruta\/14-via-verda-de-lembassament-de-la-llosa-del-cavall\/\" target=\"_blank\" rel=\"noopener\">Ruta 14 &#8211; Via Verda a l&#8217;embassament de la Llosa del Cavall<\/a><\/p>\n<p><strong><a href=\"https:\/\/lavalldelord.com\/ruta\/ruta-de-les-pomeres\/\" target=\"_blank\" rel=\"noopener\">Ruta de les pomeres<\/a>.\u00a0<\/strong>Podeu fer una petita ruta de senderisme al voltant del nucli i interpretada amb panells divulgatius sobre hist\u00f2ria o les pomes de muntanya.<\/p>\n<p>&nbsp;<\/p>\n<p>&nbsp;<\/p>\n<p>&nbsp;<\/p>\n<p><strong><img loading=\"lazy\" decoding=\"async\" class=\"wp-image-11000 alignnone\" src=\"https:\/\/lavalldelord.com\/wp-content\/uploads\/2024\/03\/mapa-e1713081140824-600x543.png\" alt=\"\" width=\"40\" height=\"36\" srcset=\"https:\/\/lavalldelord.com\/wp-content\/uploads\/2024\/03\/mapa-e1713081140824-600x543.png 600w, https:\/\/lavalldelord.com\/wp-content\/uploads\/2024\/03\/mapa-e1713081140824-400x362.png 400w, https:\/\/lavalldelord.com\/wp-content\/uploads\/2024\/03\/mapa-e1713081140824-768x695.png 768w, https:\/\/lavalldelord.com\/wp-content\/uploads\/2024\/03\/mapa-e1713081140824.png 851w\" sizes=\"auto, (max-width: 40px) 100vw, 40px\" \/>MAPA:<\/strong><\/p>\n<p>&nbsp;<\/p>\n<p><strong>MAPA DEL RECORREGUT PEL NUCLI ANTIC I ELS PRINCIPALS PUNTS HIST\u00d2RICS<\/strong><\/p>\n<p><iframe loading=\"lazy\" src=\"https:\/\/www.google.com\/maps\/d\/u\/0\/embed?mid=1GIuxa2FGPX9jEwxpKEG1kQoBjeK73UU&amp;ehbc=2E312F\" width=\"640\" height=\"480\"><\/iframe><br \/>\nPer m\u00f2bils: <a href=\"https:\/\/www.google.com\/maps\/d\/viewer?mid=17sLW4Q8nYc3suI8Xp9D-5lZAubeDDqA&amp;usp=sharing\">fes clic aqu\u00ed per obrir-lo a l&#8217;app de Google Maps<\/a><\/p>\n<p><iframe loading=\"lazy\" src=\"https:\/\/www.google.com\/maps\/d\/u\/2\/embed?mid=17sLW4Q8nYc3suI8Xp9D-5lZAubeDDqA&amp;ehbc=2E312F\" width=\"640\" height=\"480\"><\/iframe><\/p>","protected":false},"excerpt":{"rendered":"<p>Dia 1. Sant Lloren\u00e7 de Morunys Coneix Sant Lloren\u00e7 de Morunys i el seu entorn m\u00e9s pr\u00f2xim: el nucli hist\u00f2ric, [&hellip;]<\/p>\n","protected":false},"author":3,"featured_media":10822,"parent":0,"menu_order":54,"comment_status":"closed","ping_status":"closed","template":"full-width.php","meta":{"_acf_changed":false,"_exactmetrics_skip_tracking":false,"_exactmetrics_sitenote_active":false,"_exactmetrics_sitenote_note":"","_exactmetrics_sitenote_category":0,"_joinchat":[],"footnotes":""},"class_list":["post-10978","page","type-page","status-publish","has-post-thumbnail","hentry"],"acf":[],"yoast_head":"<!-- This site is optimized with the Yoast SEO plugin v27.5 - https:\/\/yoast.com\/product\/yoast-seo-wordpress\/ -->\n<title>Qu\u00e8 visitar a la Vall de Lord - Sant Lloren\u00e7 de Morunys<\/title>\n<meta name=\"description\" content=\"Qu\u00e8 visita a la Vall de Lord - Sant Lloren\u00e7 de Morunys. Vine a passar una setmana en un petit poblet amb encant del prepirineu catal\u00e0\" \/>\n<meta name=\"robots\" content=\"index, follow, max-snippet:-1, max-image-preview:large, max-video-preview:-1\" \/>\n<link rel=\"canonical\" href=\"https:\/\/lavalldelord.com\/ca\/que-visitar-a-la-vall-de-lord-sant-llorenc-de-morunys\/\" \/>\n<meta property=\"og:locale\" content=\"ca_ES\" \/>\n<meta property=\"og:type\" content=\"article\" \/>\n<meta property=\"og:title\" content=\"Qu\u00e8 visitar a la Vall de Lord - Sant Lloren\u00e7 de Morunys\" \/>\n<meta property=\"og:description\" content=\"Qu\u00e8 visita a la Vall de Lord - Sant Lloren\u00e7 de Morunys. Vine a passar una setmana en un petit poblet amb encant del prepirineu catal\u00e0\" \/>\n<meta property=\"og:url\" content=\"https:\/\/lavalldelord.com\/ca\/que-visitar-a-la-vall-de-lord-sant-llorenc-de-morunys\/\" \/>\n<meta property=\"og:site_name\" content=\"La Vall de Lord\" \/>\n<meta property=\"article:publisher\" content=\"https:\/\/www.facebook.com\/turismevalldelord\" \/>\n<meta property=\"article:modified_time\" content=\"2026-04-27T09:08:32+00:00\" \/>\n<meta property=\"og:image\" content=\"https:\/\/lavalldelord.com\/wp-content\/uploads\/2024\/03\/EKSY9P7WwAEl_wM.jpg\" \/>\n\t<meta property=\"og:image:width\" content=\"1024\" \/>\n\t<meta property=\"og:image:height\" content=\"683\" \/>\n\t<meta property=\"og:image:type\" content=\"image\/jpeg\" \/>\n<meta name=\"twitter:card\" content=\"summary_large_image\" \/>\n<meta name=\"twitter:site\" content=\"@valldelord\" \/>\n<meta name=\"twitter:label1\" content=\"Temps estimat de lectura\" \/>\n\t<meta name=\"twitter:data1\" content=\"4 minuts\" \/>\n<script type=\"application\/ld+json\" class=\"yoast-schema-graph\">{\"@context\":\"https:\\\/\\\/schema.org\",\"@graph\":[{\"@type\":\"WebPage\",\"@id\":\"https:\\\/\\\/lavalldelord.com\\\/ca\\\/que-visitar-a-la-vall-de-lord-sant-llorenc-de-morunys\\\/\",\"url\":\"https:\\\/\\\/lavalldelord.com\\\/ca\\\/que-visitar-a-la-vall-de-lord-sant-llorenc-de-morunys\\\/\",\"name\":\"Qu\u00e8 visitar a la Vall de Lord - Sant Lloren\u00e7 de Morunys\",\"isPartOf\":{\"@id\":\"https:\\\/\\\/lavalldelord.com\\\/ca\\\/#website\"},\"primaryImageOfPage\":{\"@id\":\"https:\\\/\\\/lavalldelord.com\\\/ca\\\/que-visitar-a-la-vall-de-lord-sant-llorenc-de-morunys\\\/#primaryimage\"},\"image\":{\"@id\":\"https:\\\/\\\/lavalldelord.com\\\/que-visitar-a-la-vall-de-lord-sant-llorenc-de-morunys\\\/#primaryimage\"},\"thumbnailUrl\":\"https:\\\/\\\/lavalldelord.com\\\/wp-content\\\/uploads\\\/2024\\\/03\\\/EKSY9P7WwAEl_wM.jpg\",\"datePublished\":\"2024-03-27T12:24:43+00:00\",\"dateModified\":\"2026-04-27T09:08:32+00:00\",\"description\":\"Qu\u00e8 visita a la Vall de Lord - Sant Lloren\u00e7 de Morunys. Vine a passar una setmana en un petit poblet amb encant del prepirineu catal\u00e0\",\"breadcrumb\":{\"@id\":\"https:\\\/\\\/lavalldelord.com\\\/ca\\\/que-visitar-a-la-vall-de-lord-sant-llorenc-de-morunys\\\/#breadcrumb\"},\"inLanguage\":\"ca\",\"potentialAction\":[{\"@type\":\"ReadAction\",\"target\":[[\"https:\\\/\\\/lavalldelord.com\\\/ca\\\/que-visitar-a-la-vall-de-lord-sant-llorenc-de-morunys\\\/\"]]}]},{\"@type\":\"ImageObject\",\"inLanguage\":\"ca\",\"@id\":\"https:\\\/\\\/lavalldelord.com\\\/ca\\\/que-visitar-a-la-vall-de-lord-sant-llorenc-de-morunys\\\/#primaryimage\",\"url\":\"https:\\\/\\\/lavalldelord.com\\\/wp-content\\\/uploads\\\/2024\\\/03\\\/EKSY9P7WwAEl_wM.jpg\",\"contentUrl\":\"https:\\\/\\\/lavalldelord.com\\\/wp-content\\\/uploads\\\/2024\\\/03\\\/EKSY9P7WwAEl_wM.jpg\",\"width\":1024,\"height\":683},{\"@type\":\"BreadcrumbList\",\"@id\":\"https:\\\/\\\/lavalldelord.com\\\/ca\\\/que-visitar-a-la-vall-de-lord-sant-llorenc-de-morunys\\\/#breadcrumb\",\"itemListElement\":[{\"@type\":\"ListItem\",\"position\":1,\"name\":\"Inici\",\"item\":\"https:\\\/\\\/lavalldelord.com\\\/ca\\\/\"},{\"@type\":\"ListItem\",\"position\":2,\"name\":\"Dia 1. Sant Lloren\u00e7 de Morunys\"}]},{\"@type\":\"WebSite\",\"@id\":\"https:\\\/\\\/lavalldelord.com\\\/ca\\\/#website\",\"url\":\"https:\\\/\\\/lavalldelord.com\\\/ca\\\/\",\"name\":\"Turisme Vall de Lord\",\"description\":\"Portal tur\u00edstic de la Vall de Lord, naturalment!\",\"publisher\":{\"@id\":\"https:\\\/\\\/lavalldelord.com\\\/ca\\\/#organization\"},\"potentialAction\":[{\"@type\":\"SearchAction\",\"target\":{\"@type\":\"EntryPoint\",\"urlTemplate\":\"https:\\\/\\\/lavalldelord.com\\\/ca\\\/?s={search_term_string}\"},\"query-input\":{\"@type\":\"PropertyValueSpecification\",\"valueRequired\":true,\"valueName\":\"search_term_string\"}}],\"inLanguage\":\"ca\"},{\"@type\":\"Organization\",\"@id\":\"https:\\\/\\\/lavalldelord.com\\\/ca\\\/#organization\",\"name\":\"La Vall de Lord\",\"url\":\"https:\\\/\\\/lavalldelord.com\\\/ca\\\/\",\"logo\":{\"@type\":\"ImageObject\",\"inLanguage\":\"ca\",\"@id\":\"https:\\\/\\\/lavalldelord.com\\\/ca\\\/#\\\/schema\\\/logo\\\/image\\\/\",\"url\":\"https:\\\/\\\/lavalldelord.com\\\/wp-content\\\/uploads\\\/2024\\\/02\\\/DJI_0864_websize.jpg\",\"contentUrl\":\"https:\\\/\\\/lavalldelord.com\\\/wp-content\\\/uploads\\\/2024\\\/02\\\/DJI_0864_websize.jpg\",\"width\":1600,\"height\":899,\"caption\":\"La Vall de Lord\"},\"image\":{\"@id\":\"https:\\\/\\\/lavalldelord.com\\\/ca\\\/#\\\/schema\\\/logo\\\/image\\\/\"},\"sameAs\":[\"https:\\\/\\\/www.facebook.com\\\/turismevalldelord\",\"https:\\\/\\\/x.com\\\/valldelord\",\"https:\\\/\\\/www.instagram.com\\\/turismevalldelord\"]}]}<\/script>\n<!-- \/ Yoast SEO plugin. -->","yoast_head_json":{"title":"Qu\u00e8 visitar a la Vall de Lord - Sant Lloren\u00e7 de Morunys","description":"Qu\u00e8 visita a la Vall de Lord - Sant Lloren\u00e7 de Morunys. Vine a passar una setmana en un petit poblet amb encant del prepirineu catal\u00e0","robots":{"index":"index","follow":"follow","max-snippet":"max-snippet:-1","max-image-preview":"max-image-preview:large","max-video-preview":"max-video-preview:-1"},"canonical":"https:\/\/lavalldelord.com\/ca\/que-visitar-a-la-vall-de-lord-sant-llorenc-de-morunys\/","og_locale":"ca_ES","og_type":"article","og_title":"Qu\u00e8 visitar a la Vall de Lord - Sant Lloren\u00e7 de Morunys","og_description":"Qu\u00e8 visita a la Vall de Lord - Sant Lloren\u00e7 de Morunys. Vine a passar una setmana en un petit poblet amb encant del prepirineu catal\u00e0","og_url":"https:\/\/lavalldelord.com\/ca\/que-visitar-a-la-vall-de-lord-sant-llorenc-de-morunys\/","og_site_name":"La Vall de Lord","article_publisher":"https:\/\/www.facebook.com\/turismevalldelord","article_modified_time":"2026-04-27T09:08:32+00:00","og_image":[{"width":1024,"height":683,"url":"https:\/\/lavalldelord.com\/wp-content\/uploads\/2024\/03\/EKSY9P7WwAEl_wM.jpg","type":"image\/jpeg"}],"twitter_card":"summary_large_image","twitter_site":"@valldelord","twitter_misc":{"Temps estimat de lectura":"4 minuts"},"schema":{"@context":"https:\/\/schema.org","@graph":[{"@type":"WebPage","@id":"https:\/\/lavalldelord.com\/ca\/que-visitar-a-la-vall-de-lord-sant-llorenc-de-morunys\/","url":"https:\/\/lavalldelord.com\/ca\/que-visitar-a-la-vall-de-lord-sant-llorenc-de-morunys\/","name":"Qu\u00e8 visitar a la Vall de Lord - Sant Lloren\u00e7 de Morunys","isPartOf":{"@id":"https:\/\/lavalldelord.com\/ca\/#website"},"primaryImageOfPage":{"@id":"https:\/\/lavalldelord.com\/ca\/que-visitar-a-la-vall-de-lord-sant-llorenc-de-morunys\/#primaryimage"},"image":{"@id":"https:\/\/lavalldelord.com\/que-visitar-a-la-vall-de-lord-sant-llorenc-de-morunys\/#primaryimage"},"thumbnailUrl":"https:\/\/lavalldelord.com\/wp-content\/uploads\/2024\/03\/EKSY9P7WwAEl_wM.jpg","datePublished":"2024-03-27T12:24:43+00:00","dateModified":"2026-04-27T09:08:32+00:00","description":"Qu\u00e8 visita a la Vall de Lord - Sant Lloren\u00e7 de Morunys. Vine a passar una setmana en un petit poblet amb encant del prepirineu catal\u00e0","breadcrumb":{"@id":"https:\/\/lavalldelord.com\/ca\/que-visitar-a-la-vall-de-lord-sant-llorenc-de-morunys\/#breadcrumb"},"inLanguage":"ca","potentialAction":[{"@type":"ReadAction","target":[["https:\/\/lavalldelord.com\/ca\/que-visitar-a-la-vall-de-lord-sant-llorenc-de-morunys\/"]]}]},{"@type":"ImageObject","inLanguage":"ca","@id":"https:\/\/lavalldelord.com\/ca\/que-visitar-a-la-vall-de-lord-sant-llorenc-de-morunys\/#primaryimage","url":"https:\/\/lavalldelord.com\/wp-content\/uploads\/2024\/03\/EKSY9P7WwAEl_wM.jpg","contentUrl":"https:\/\/lavalldelord.com\/wp-content\/uploads\/2024\/03\/EKSY9P7WwAEl_wM.jpg","width":1024,"height":683},{"@type":"BreadcrumbList","@id":"https:\/\/lavalldelord.com\/ca\/que-visitar-a-la-vall-de-lord-sant-llorenc-de-morunys\/#breadcrumb","itemListElement":[{"@type":"ListItem","position":1,"name":"Inici","item":"https:\/\/lavalldelord.com\/ca\/"},{"@type":"ListItem","position":2,"name":"Dia 1. Sant Lloren\u00e7 de Morunys"}]},{"@type":"WebSite","@id":"https:\/\/lavalldelord.com\/ca\/#website","url":"https:\/\/lavalldelord.com\/ca\/","name":"Turisme Vall de Lord","description":"Portal tur\u00edstic de la Vall de Lord, naturalment!","publisher":{"@id":"https:\/\/lavalldelord.com\/ca\/#organization"},"potentialAction":[{"@type":"SearchAction","target":{"@type":"EntryPoint","urlTemplate":"https:\/\/lavalldelord.com\/ca\/?s={search_term_string}"},"query-input":{"@type":"PropertyValueSpecification","valueRequired":true,"valueName":"search_term_string"}}],"inLanguage":"ca"},{"@type":"Organization","@id":"https:\/\/lavalldelord.com\/ca\/#organization","name":"La Vall de Lord","url":"https:\/\/lavalldelord.com\/ca\/","logo":{"@type":"ImageObject","inLanguage":"ca","@id":"https:\/\/lavalldelord.com\/ca\/#\/schema\/logo\/image\/","url":"https:\/\/lavalldelord.com\/wp-content\/uploads\/2024\/02\/DJI_0864_websize.jpg","contentUrl":"https:\/\/lavalldelord.com\/wp-content\/uploads\/2024\/02\/DJI_0864_websize.jpg","width":1600,"height":899,"caption":"La Vall de Lord"},"image":{"@id":"https:\/\/lavalldelord.com\/ca\/#\/schema\/logo\/image\/"},"sameAs":["https:\/\/www.facebook.com\/turismevalldelord","https:\/\/x.com\/valldelord","https:\/\/www.instagram.com\/turismevalldelord"]}]}},"_links":{"self":[{"href":"https:\/\/lavalldelord.com\/ca\/wp-json\/wp\/v2\/pages\/10978","targetHints":{"allow":["GET"]}}],"collection":[{"href":"https:\/\/lavalldelord.com\/ca\/wp-json\/wp\/v2\/pages"}],"about":[{"href":"https:\/\/lavalldelord.com\/ca\/wp-json\/wp\/v2\/types\/page"}],"author":[{"embeddable":true,"href":"https:\/\/lavalldelord.com\/ca\/wp-json\/wp\/v2\/users\/3"}],"replies":[{"embeddable":true,"href":"https:\/\/lavalldelord.com\/ca\/wp-json\/wp\/v2\/comments?post=10978"}],"version-history":[{"count":28,"href":"https:\/\/lavalldelord.com\/ca\/wp-json\/wp\/v2\/pages\/10978\/revisions"}],"predecessor-version":[{"id":13846,"href":"https:\/\/lavalldelord.com\/ca\/wp-json\/wp\/v2\/pages\/10978\/revisions\/13846"}],"wp:featuredmedia":[{"embeddable":true,"href":"https:\/\/lavalldelord.com\/ca\/wp-json\/wp\/v2\/media\/10822"}],"wp:attachment":[{"href":"https:\/\/lavalldelord.com\/ca\/wp-json\/wp\/v2\/media?parent=10978"}],"curies":[{"name":"wp","href":"https:\/\/api.w.org\/{rel}","templated":true}]}}