{"id":11023,"date":"2024-03-27T19:06:18","date_gmt":"2024-03-27T18:06:18","guid":{"rendered":"https:\/\/lavalldelord.com\/?page_id=11023"},"modified":"2024-09-09T11:58:22","modified_gmt":"2024-09-09T10:58:22","slug":"que-visitar-a-la-vall-de-lord-guixers-i-naves","status":"publish","type":"page","link":"https:\/\/lavalldelord.com\/ca\/que-visitar-a-la-vall-de-lord-guixers-i-naves\/","title":{"rendered":"Dia 4. El rom\u00e0nic a Guixers i Nav\u00e8s"},"content":{"rendered":"<p><\/p>\n<h3><strong>Dia 4. EL ROM\u00c0NIC<\/strong><\/h3>\n<h4><strong><em>La Vall de Lord \u00e9s sin\u00f2nim a rom\u00e0nic. Els municipis de La Coma i La Pedra, Guixers i Nav\u00e8s alberguen una gran quantitat de petites ermites rom\u00e0niques ubicades enmig de l&#8217;entorn natural<\/em><\/strong><\/h4>\n<p>&nbsp;<\/p>\n<figure id=\"attachment_10960\" aria-describedby=\"caption-attachment-10960\" style=\"width: 340px\" class=\"wp-caption alignright\"><img loading=\"lazy\" decoding=\"async\" class=\"wp-image-10960\" title=\"Sant Lle\u00efr de Casabella\" src=\"https:\/\/lavalldelord.com\/wp-content\/uploads\/2024\/03\/Sant_lleir_casabella-600x277.jpg\" alt=\"Sant Lle\u00efr de Casabella\" width=\"340\" height=\"157\" srcset=\"https:\/\/lavalldelord.com\/wp-content\/uploads\/2024\/03\/Sant_lleir_casabella-600x277.jpg 600w, https:\/\/lavalldelord.com\/wp-content\/uploads\/2024\/03\/Sant_lleir_casabella-1024x473.jpg 1024w, https:\/\/lavalldelord.com\/wp-content\/uploads\/2024\/03\/Sant_lleir_casabella-400x185.jpg 400w, https:\/\/lavalldelord.com\/wp-content\/uploads\/2024\/03\/Sant_lleir_casabella-768x354.jpg 768w, https:\/\/lavalldelord.com\/wp-content\/uploads\/2024\/03\/Sant_lleir_casabella-1536x709.jpg 1536w, https:\/\/lavalldelord.com\/wp-content\/uploads\/2024\/03\/Sant_lleir_casabella-2048x945.jpg 2048w\" sizes=\"auto, (max-width: 340px) 100vw, 340px\" \/><figcaption id=\"caption-attachment-10960\" class=\"wp-caption-text\">Sant Lle\u00efr de Casabella<\/figcaption><\/figure>\n<p>En aquest quart dia, et proposem un viatge amb cotxe per les principals ermites rom\u00e0niques que es troben a <a href=\"https:\/\/lavalldelord.com\/punt\/guixers\/\" target=\"_blank\" rel=\"noopener\">Guixers<\/a> i <a href=\"https:\/\/lavalldelord.com\/punt\/naves\/\" target=\"_blank\" rel=\"noopener\">Nav\u00e8s<\/a>.<\/p>\n<p>Sortint de Sant Lloren\u00e7, la primera parada \u00e9s a <strong><a href=\"https:\/\/lavalldelord.com\/punt\/sant-lleir-casabella\/\" target=\"_blank\" rel=\"noopener\">Sant Lle\u00efr de Casabella<\/a><\/strong>, del segle XI, on es poden veure les diferents ornamentacions picades a la pedra de l&#8217;arc de la porta. Abans d&#8217;arribar a l&#8217;ermita per\u00f2, en una petita excursi\u00f3 podem visitar els antics forns de guix.<\/p>\n<p>&nbsp;<\/p>\n<p>&nbsp;<\/p>\n<figure id=\"attachment_3690\" aria-describedby=\"caption-attachment-3690\" style=\"width: 335px\" class=\"wp-caption alignright\"><img loading=\"lazy\" decoding=\"async\" class=\"wp-image-3690\" title=\"Santuari de Puig Aguilar\" src=\"https:\/\/lavalldelord.com\/wp-content\/uploads\/2017\/03\/puig_aguilar.jpg\" alt=\"Santuari de Puig Aguilar\" width=\"335\" height=\"223\" srcset=\"https:\/\/lavalldelord.com\/wp-content\/uploads\/2017\/03\/puig_aguilar.jpg 500w, https:\/\/lavalldelord.com\/wp-content\/uploads\/2017\/03\/puig_aguilar-400x266.jpg 400w\" sizes=\"auto, (max-width: 335px) 100vw, 335px\" \/><figcaption id=\"caption-attachment-3690\" class=\"wp-caption-text\">Santuari de Puig Aguilar<\/figcaption><\/figure>\n<p>Seguint el curs de la carretera LV-4241, direcci\u00f3 Berga, podem fer parada a l&#8217;ermita de <strong><a href=\"https:\/\/lavalldelord.com\/punt\/sant-marti-guixers-2\/\" target=\"_blank\" rel=\"noopener\">Sant Mart\u00ed de Guixers<\/a><\/strong> (s. XI) on encara es poden veure les ornamentacions ferrades rom\u00e0niques de la porta.<\/p>\n<p>En l&#8217;\u00faltim tram podem arribar fins al <strong><a href=\"https:\/\/lavalldelord.com\/punt\/puig-aguilar\/\" target=\"_blank\" rel=\"noopener\">Santuari de Puig Aguilar<\/a><\/strong> (s. XI), ubicat en un punt id\u00edl\u00b7lic entre boscos i camps. En el cas que no vulguem fer tants quil\u00f2metres amb cotxe, abans d&#8217;arribar en aquesta ermita es troba un creuament que d\u00f3na la opci\u00f3 a visitar <strong><a href=\"https:\/\/lavalldelord.com\/punt\/sant-marti-corriu\/\" target=\"_blank\" rel=\"noopener\">Sant Mart\u00ed de la Corriu<\/a><\/strong>, una altra de les ermites emblem\u00e0tiques d&#8217;aquesta vall.<\/p>\n<p>&nbsp;<\/p>\n<p>&nbsp;<\/p>\n<p>&nbsp;<\/p>\n<figure id=\"attachment_10939\" aria-describedby=\"caption-attachment-10939\" style=\"width: 335px\" class=\"wp-caption alignright\"><img loading=\"lazy\" decoding=\"async\" class=\"wp-image-10939\" title=\"Sant Pere de Graudescales. \" src=\"https:\/\/lavalldelord.com\/wp-content\/uploads\/2024\/03\/DJI_0547_websize-1-e1711473516922-600x316.jpg\" alt=\"Sant Pere de Graudescales. Fotografia de David Ari\u00f1o\" width=\"335\" height=\"176\" srcset=\"https:\/\/lavalldelord.com\/wp-content\/uploads\/2024\/03\/DJI_0547_websize-1-e1711473516922-600x316.jpg 600w, https:\/\/lavalldelord.com\/wp-content\/uploads\/2024\/03\/DJI_0547_websize-1-e1711473516922-400x211.jpg 400w, https:\/\/lavalldelord.com\/wp-content\/uploads\/2024\/03\/DJI_0547_websize-1-e1711473516922-768x405.jpg 768w, https:\/\/lavalldelord.com\/wp-content\/uploads\/2024\/03\/DJI_0547_websize-1-e1711473516922.jpg 960w\" sizes=\"auto, (max-width: 335px) 100vw, 335px\" \/><figcaption id=\"caption-attachment-10939\" class=\"wp-caption-text\">Sant Pere de Graudescales.<\/figcaption><\/figure>\n<p>Finalment, una de les ermites m\u00e9s conegudes de la zona \u00e9s <strong><a href=\"https:\/\/lavalldelord.com\/punt\/sant-pere-graudescales\/\" target=\"_blank\" rel=\"noopener\">Sant Pere de Graudescales<\/a><\/strong> (s. XI &#8211; XIII), ubicada al municipi de Nav\u00e8s, a la Vall d&#8217;Ora. Aquesta es troba enmig de boscos que fan que tingui un encant especial. D&#8217;anada a ella, es pot tenir una vista panor\u00e0mica d&#8217;aquesta al mirador dels Presidents.<\/p>\n<p>&nbsp;<\/p>\n<p>&nbsp;<\/p>\n<p><strong><img loading=\"lazy\" decoding=\"async\" class=\"wp-image-11000 alignnone\" src=\"https:\/\/lavalldelord.com\/wp-content\/uploads\/2024\/03\/mapa-e1713081140824-600x543.png\" alt=\"\" width=\"40\" height=\"36\" srcset=\"https:\/\/lavalldelord.com\/wp-content\/uploads\/2024\/03\/mapa-e1713081140824-600x543.png 600w, https:\/\/lavalldelord.com\/wp-content\/uploads\/2024\/03\/mapa-e1713081140824-400x362.png 400w, https:\/\/lavalldelord.com\/wp-content\/uploads\/2024\/03\/mapa-e1713081140824-768x695.png 768w, https:\/\/lavalldelord.com\/wp-content\/uploads\/2024\/03\/mapa-e1713081140824.png 851w\" sizes=\"auto, (max-width: 40px) 100vw, 40px\" \/>MAPA:<\/strong><\/p>\n<p>Per m\u00f2bils: <a href=\"https:\/\/goo.gl\/maps\/cqRU3YAAMc7XMxGq9\" target=\"_blank\" rel=\"noopener\">fes clic aqu\u00ed per obrir-lo a l&#8217;app de Google Maps<\/a><\/p>\n<p><iframe loading=\"lazy\" src=\"https:\/\/www.google.com\/maps\/d\/u\/2\/embed?mid=1qlHMY_e3H0pIvnAwHMrwyGge8m_zrBs&amp;ehbc=2E312F\" width=\"640\" height=\"480\"><\/iframe><\/p>","protected":false},"excerpt":{"rendered":"<p>Dia 4. EL ROM\u00c0NIC La Vall de Lord \u00e9s sin\u00f2nim a rom\u00e0nic. Els municipis de La Coma i La Pedra, [&hellip;]<\/p>\n","protected":false},"author":3,"featured_media":3690,"parent":0,"menu_order":51,"comment_status":"closed","ping_status":"closed","template":"full-width.php","meta":{"_acf_changed":false,"_exactmetrics_skip_tracking":false,"_exactmetrics_sitenote_active":false,"_exactmetrics_sitenote_note":"","_exactmetrics_sitenote_category":0,"_joinchat":[],"footnotes":""},"class_list":["post-11023","page","type-page","status-publish","has-post-thumbnail","hentry"],"acf":[],"yoast_head":"<!-- This site is optimized with the Yoast SEO plugin v27.5 - https:\/\/yoast.com\/product\/yoast-seo-wordpress\/ -->\n<title>Qu\u00e8 visitar a la Vall de Lord: Guixers i Nav\u00e8s<\/title>\n<meta name=\"description\" content=\"Qu\u00e8 visitar a la Vall de Lord: Guixers i Nav\u00e8s. Descobreix qu\u00e8 fer a la Vall de Lord durant una setmana amb propostes per tot l&#039;any\" \/>\n<meta name=\"robots\" content=\"index, follow, max-snippet:-1, max-image-preview:large, max-video-preview:-1\" \/>\n<link rel=\"canonical\" href=\"https:\/\/lavalldelord.com\/ca\/que-visitar-a-la-vall-de-lord-guixers-i-naves\/\" \/>\n<meta property=\"og:locale\" content=\"ca_ES\" \/>\n<meta property=\"og:type\" content=\"article\" \/>\n<meta property=\"og:title\" content=\"Qu\u00e8 visitar a la Vall de Lord: Guixers i Nav\u00e8s\" \/>\n<meta property=\"og:description\" content=\"Qu\u00e8 visitar a la Vall de Lord: Guixers i Nav\u00e8s. Descobreix qu\u00e8 fer a la Vall de Lord durant una setmana amb propostes per tot l&#039;any\" \/>\n<meta property=\"og:url\" content=\"https:\/\/lavalldelord.com\/ca\/que-visitar-a-la-vall-de-lord-guixers-i-naves\/\" \/>\n<meta property=\"og:site_name\" content=\"La Vall de Lord\" \/>\n<meta property=\"article:publisher\" content=\"https:\/\/www.facebook.com\/turismevalldelord\" \/>\n<meta property=\"article:modified_time\" content=\"2024-09-09T10:58:22+00:00\" \/>\n<meta property=\"og:image\" content=\"https:\/\/lavalldelord.com\/wp-content\/uploads\/2017\/03\/puig_aguilar.jpg\" \/>\n\t<meta property=\"og:image:width\" content=\"500\" \/>\n\t<meta property=\"og:image:height\" content=\"333\" \/>\n\t<meta property=\"og:image:type\" content=\"image\/jpeg\" \/>\n<meta name=\"twitter:card\" content=\"summary_large_image\" \/>\n<meta name=\"twitter:site\" content=\"@valldelord\" \/>\n<meta name=\"twitter:label1\" content=\"Temps estimat de lectura\" \/>\n\t<meta name=\"twitter:data1\" content=\"3 minuts\" \/>\n<script type=\"application\/ld+json\" class=\"yoast-schema-graph\">{\"@context\":\"https:\\\/\\\/schema.org\",\"@graph\":[{\"@type\":\"WebPage\",\"@id\":\"https:\\\/\\\/lavalldelord.com\\\/ca\\\/que-visitar-a-la-vall-de-lord-guixers-i-naves\\\/\",\"url\":\"https:\\\/\\\/lavalldelord.com\\\/ca\\\/que-visitar-a-la-vall-de-lord-guixers-i-naves\\\/\",\"name\":\"Qu\u00e8 visitar a la Vall de Lord: Guixers i Nav\u00e8s\",\"isPartOf\":{\"@id\":\"https:\\\/\\\/lavalldelord.com\\\/ca\\\/#website\"},\"primaryImageOfPage\":{\"@id\":\"https:\\\/\\\/lavalldelord.com\\\/ca\\\/que-visitar-a-la-vall-de-lord-guixers-i-naves\\\/#primaryimage\"},\"image\":{\"@id\":\"https:\\\/\\\/lavalldelord.com\\\/que-visitar-a-la-vall-de-lord-guixers-i-naves\\\/#primaryimage\"},\"thumbnailUrl\":\"https:\\\/\\\/lavalldelord.com\\\/wp-content\\\/uploads\\\/2017\\\/03\\\/puig_aguilar.jpg\",\"datePublished\":\"2024-03-27T18:06:18+00:00\",\"dateModified\":\"2024-09-09T10:58:22+00:00\",\"description\":\"Qu\u00e8 visitar a la Vall de Lord: Guixers i Nav\u00e8s. Descobreix qu\u00e8 fer a la Vall de Lord durant una setmana amb propostes per tot l'any\",\"breadcrumb\":{\"@id\":\"https:\\\/\\\/lavalldelord.com\\\/ca\\\/que-visitar-a-la-vall-de-lord-guixers-i-naves\\\/#breadcrumb\"},\"inLanguage\":\"ca\",\"potentialAction\":[{\"@type\":\"ReadAction\",\"target\":[[\"https:\\\/\\\/lavalldelord.com\\\/ca\\\/que-visitar-a-la-vall-de-lord-guixers-i-naves\\\/\"]]}]},{\"@type\":\"ImageObject\",\"inLanguage\":\"ca\",\"@id\":\"https:\\\/\\\/lavalldelord.com\\\/ca\\\/que-visitar-a-la-vall-de-lord-guixers-i-naves\\\/#primaryimage\",\"url\":\"https:\\\/\\\/lavalldelord.com\\\/wp-content\\\/uploads\\\/2017\\\/03\\\/puig_aguilar.jpg\",\"contentUrl\":\"https:\\\/\\\/lavalldelord.com\\\/wp-content\\\/uploads\\\/2017\\\/03\\\/puig_aguilar.jpg\",\"width\":500,\"height\":333,\"caption\":\"Santuari de Puig-Aguilar\"},{\"@type\":\"BreadcrumbList\",\"@id\":\"https:\\\/\\\/lavalldelord.com\\\/ca\\\/que-visitar-a-la-vall-de-lord-guixers-i-naves\\\/#breadcrumb\",\"itemListElement\":[{\"@type\":\"ListItem\",\"position\":1,\"name\":\"Inici\",\"item\":\"https:\\\/\\\/lavalldelord.com\\\/ca\\\/\"},{\"@type\":\"ListItem\",\"position\":2,\"name\":\"D\u00eda 4. El rom\u00e1nico en Guixers y Nav\u00e8s\"}]},{\"@type\":\"WebSite\",\"@id\":\"https:\\\/\\\/lavalldelord.com\\\/ca\\\/#website\",\"url\":\"https:\\\/\\\/lavalldelord.com\\\/ca\\\/\",\"name\":\"Turisme Vall de Lord\",\"description\":\"Portal tur\u00edstic de la Vall de Lord, naturalment!\",\"publisher\":{\"@id\":\"https:\\\/\\\/lavalldelord.com\\\/ca\\\/#organization\"},\"potentialAction\":[{\"@type\":\"SearchAction\",\"target\":{\"@type\":\"EntryPoint\",\"urlTemplate\":\"https:\\\/\\\/lavalldelord.com\\\/ca\\\/?s={search_term_string}\"},\"query-input\":{\"@type\":\"PropertyValueSpecification\",\"valueRequired\":true,\"valueName\":\"search_term_string\"}}],\"inLanguage\":\"ca\"},{\"@type\":\"Organization\",\"@id\":\"https:\\\/\\\/lavalldelord.com\\\/ca\\\/#organization\",\"name\":\"La Vall de Lord\",\"url\":\"https:\\\/\\\/lavalldelord.com\\\/ca\\\/\",\"logo\":{\"@type\":\"ImageObject\",\"inLanguage\":\"ca\",\"@id\":\"https:\\\/\\\/lavalldelord.com\\\/ca\\\/#\\\/schema\\\/logo\\\/image\\\/\",\"url\":\"https:\\\/\\\/lavalldelord.com\\\/wp-content\\\/uploads\\\/2024\\\/02\\\/DJI_0864_websize.jpg\",\"contentUrl\":\"https:\\\/\\\/lavalldelord.com\\\/wp-content\\\/uploads\\\/2024\\\/02\\\/DJI_0864_websize.jpg\",\"width\":1600,\"height\":899,\"caption\":\"La Vall de Lord\"},\"image\":{\"@id\":\"https:\\\/\\\/lavalldelord.com\\\/ca\\\/#\\\/schema\\\/logo\\\/image\\\/\"},\"sameAs\":[\"https:\\\/\\\/www.facebook.com\\\/turismevalldelord\",\"https:\\\/\\\/x.com\\\/valldelord\",\"https:\\\/\\\/www.instagram.com\\\/turismevalldelord\"]}]}<\/script>\n<!-- \/ Yoast SEO plugin. -->","yoast_head_json":{"title":"Qu\u00e8 visitar a la Vall de Lord: Guixers i Nav\u00e8s","description":"Qu\u00e8 visitar a la Vall de Lord: Guixers i Nav\u00e8s. Descobreix qu\u00e8 fer a la Vall de Lord durant una setmana amb propostes per tot l'any","robots":{"index":"index","follow":"follow","max-snippet":"max-snippet:-1","max-image-preview":"max-image-preview:large","max-video-preview":"max-video-preview:-1"},"canonical":"https:\/\/lavalldelord.com\/ca\/que-visitar-a-la-vall-de-lord-guixers-i-naves\/","og_locale":"ca_ES","og_type":"article","og_title":"Qu\u00e8 visitar a la Vall de Lord: Guixers i Nav\u00e8s","og_description":"Qu\u00e8 visitar a la Vall de Lord: Guixers i Nav\u00e8s. Descobreix qu\u00e8 fer a la Vall de Lord durant una setmana amb propostes per tot l'any","og_url":"https:\/\/lavalldelord.com\/ca\/que-visitar-a-la-vall-de-lord-guixers-i-naves\/","og_site_name":"La Vall de Lord","article_publisher":"https:\/\/www.facebook.com\/turismevalldelord","article_modified_time":"2024-09-09T10:58:22+00:00","og_image":[{"width":500,"height":333,"url":"https:\/\/lavalldelord.com\/wp-content\/uploads\/2017\/03\/puig_aguilar.jpg","type":"image\/jpeg"}],"twitter_card":"summary_large_image","twitter_site":"@valldelord","twitter_misc":{"Temps estimat de lectura":"3 minuts"},"schema":{"@context":"https:\/\/schema.org","@graph":[{"@type":"WebPage","@id":"https:\/\/lavalldelord.com\/ca\/que-visitar-a-la-vall-de-lord-guixers-i-naves\/","url":"https:\/\/lavalldelord.com\/ca\/que-visitar-a-la-vall-de-lord-guixers-i-naves\/","name":"Qu\u00e8 visitar a la Vall de Lord: Guixers i Nav\u00e8s","isPartOf":{"@id":"https:\/\/lavalldelord.com\/ca\/#website"},"primaryImageOfPage":{"@id":"https:\/\/lavalldelord.com\/ca\/que-visitar-a-la-vall-de-lord-guixers-i-naves\/#primaryimage"},"image":{"@id":"https:\/\/lavalldelord.com\/que-visitar-a-la-vall-de-lord-guixers-i-naves\/#primaryimage"},"thumbnailUrl":"https:\/\/lavalldelord.com\/wp-content\/uploads\/2017\/03\/puig_aguilar.jpg","datePublished":"2024-03-27T18:06:18+00:00","dateModified":"2024-09-09T10:58:22+00:00","description":"Qu\u00e8 visitar a la Vall de Lord: Guixers i Nav\u00e8s. Descobreix qu\u00e8 fer a la Vall de Lord durant una setmana amb propostes per tot l'any","breadcrumb":{"@id":"https:\/\/lavalldelord.com\/ca\/que-visitar-a-la-vall-de-lord-guixers-i-naves\/#breadcrumb"},"inLanguage":"ca","potentialAction":[{"@type":"ReadAction","target":[["https:\/\/lavalldelord.com\/ca\/que-visitar-a-la-vall-de-lord-guixers-i-naves\/"]]}]},{"@type":"ImageObject","inLanguage":"ca","@id":"https:\/\/lavalldelord.com\/ca\/que-visitar-a-la-vall-de-lord-guixers-i-naves\/#primaryimage","url":"https:\/\/lavalldelord.com\/wp-content\/uploads\/2017\/03\/puig_aguilar.jpg","contentUrl":"https:\/\/lavalldelord.com\/wp-content\/uploads\/2017\/03\/puig_aguilar.jpg","width":500,"height":333,"caption":"Santuari de Puig-Aguilar"},{"@type":"BreadcrumbList","@id":"https:\/\/lavalldelord.com\/ca\/que-visitar-a-la-vall-de-lord-guixers-i-naves\/#breadcrumb","itemListElement":[{"@type":"ListItem","position":1,"name":"Inici","item":"https:\/\/lavalldelord.com\/ca\/"},{"@type":"ListItem","position":2,"name":"D\u00eda 4. El rom\u00e1nico en Guixers y Nav\u00e8s"}]},{"@type":"WebSite","@id":"https:\/\/lavalldelord.com\/ca\/#website","url":"https:\/\/lavalldelord.com\/ca\/","name":"Turisme Vall de Lord","description":"Portal tur\u00edstic de la Vall de Lord, naturalment!","publisher":{"@id":"https:\/\/lavalldelord.com\/ca\/#organization"},"potentialAction":[{"@type":"SearchAction","target":{"@type":"EntryPoint","urlTemplate":"https:\/\/lavalldelord.com\/ca\/?s={search_term_string}"},"query-input":{"@type":"PropertyValueSpecification","valueRequired":true,"valueName":"search_term_string"}}],"inLanguage":"ca"},{"@type":"Organization","@id":"https:\/\/lavalldelord.com\/ca\/#organization","name":"La Vall de Lord","url":"https:\/\/lavalldelord.com\/ca\/","logo":{"@type":"ImageObject","inLanguage":"ca","@id":"https:\/\/lavalldelord.com\/ca\/#\/schema\/logo\/image\/","url":"https:\/\/lavalldelord.com\/wp-content\/uploads\/2024\/02\/DJI_0864_websize.jpg","contentUrl":"https:\/\/lavalldelord.com\/wp-content\/uploads\/2024\/02\/DJI_0864_websize.jpg","width":1600,"height":899,"caption":"La Vall de Lord"},"image":{"@id":"https:\/\/lavalldelord.com\/ca\/#\/schema\/logo\/image\/"},"sameAs":["https:\/\/www.facebook.com\/turismevalldelord","https:\/\/x.com\/valldelord","https:\/\/www.instagram.com\/turismevalldelord"]}]}},"_links":{"self":[{"href":"https:\/\/lavalldelord.com\/ca\/wp-json\/wp\/v2\/pages\/11023","targetHints":{"allow":["GET"]}}],"collection":[{"href":"https:\/\/lavalldelord.com\/ca\/wp-json\/wp\/v2\/pages"}],"about":[{"href":"https:\/\/lavalldelord.com\/ca\/wp-json\/wp\/v2\/types\/page"}],"author":[{"embeddable":true,"href":"https:\/\/lavalldelord.com\/ca\/wp-json\/wp\/v2\/users\/3"}],"replies":[{"embeddable":true,"href":"https:\/\/lavalldelord.com\/ca\/wp-json\/wp\/v2\/comments?post=11023"}],"version-history":[{"count":18,"href":"https:\/\/lavalldelord.com\/ca\/wp-json\/wp\/v2\/pages\/11023\/revisions"}],"predecessor-version":[{"id":11702,"href":"https:\/\/lavalldelord.com\/ca\/wp-json\/wp\/v2\/pages\/11023\/revisions\/11702"}],"wp:featuredmedia":[{"embeddable":true,"href":"https:\/\/lavalldelord.com\/ca\/wp-json\/wp\/v2\/media\/3690"}],"wp:attachment":[{"href":"https:\/\/lavalldelord.com\/ca\/wp-json\/wp\/v2\/media?parent=11023"}],"curies":[{"name":"wp","href":"https:\/\/api.w.org\/{rel}","templated":true}]}}