{"id":11055,"date":"2024-03-29T17:45:52","date_gmt":"2024-03-29T16:45:52","guid":{"rendered":"https:\/\/lavalldelord.com\/?page_id=11055"},"modified":"2024-09-09T12:57:38","modified_gmt":"2024-09-09T11:57:38","slug":"que-visitar-a-la-vall-de-lord-solsona","status":"publish","type":"page","link":"https:\/\/lavalldelord.com\/ca\/que-visitar-a-la-vall-de-lord-solsona\/","title":{"rendered":"Dia 7. Solsona"},"content":{"rendered":"<p><\/p>\n<h3>Dia 7. SOLSONA<\/h3>\n<h4><em><strong>La capital de la comarca. Una experi\u00e8ncia gegant per descobrir.\u00a0<\/strong><\/em><\/h4>\n<p>&nbsp;<\/p>\n<p><a href=\"https:\/\/turismesolsones.com\/wp-content\/uploads\/2023\/06\/SolsonaTurisme_CAT.pdf\">Feu clic aqu\u00ed per descarregar-vos el fullet\u00f3 &#8220;Solsona: una experi\u00e8ncia gegant!&#8221;<\/a><\/p>\n<p>El darrer dia ser\u00e0 el de la tornada a casa, per\u00f2 abans aprofitarem el dia! De baixada des de la Vall de Lord per la carretera de la Llosa del Cavall, farem parada a <strong>Solsona<\/strong>, la capital de la comarca del Solson\u00e8s.<\/p>\n<p>Es tracta d&#8217;una ciutat amb moltes coses a con\u00e8ixer i a descobrir. El seu origen es remunta al segle X, amb el naixement del poble a l&#8217;entorn del monestir, i en el seu cas, tamb\u00e9 del castell. L&#8217;any 1593 es va crear el bisbat de Solsona, i nom\u00e9s un any despr\u00e9s, el rei Felip II li va donar al poble el t\u00edtol de ciutat. Actualment \u00e9s el nucli de poblaci\u00f3 m\u00e9s important de la comarca i el principal motor econ\u00f2mic, per\u00f2 encara conserva el seu nucli hist\u00f2ric amb la mateixa estructura de quan era una ciutat emmurallada.<\/p>\n<figure id=\"attachment_11062\" aria-describedby=\"caption-attachment-11062\" style=\"width: 336px\" class=\"wp-caption alignleft\"><img loading=\"lazy\" decoding=\"async\" class=\"wp-image-11062\" src=\"https:\/\/lavalldelord.com\/wp-content\/uploads\/2024\/03\/Festa-Major-de-Solsona-Foto-Joan-Caelles-600x334.jpg\" alt=\"\" width=\"336\" height=\"187\" srcset=\"https:\/\/lavalldelord.com\/wp-content\/uploads\/2024\/03\/Festa-Major-de-Solsona-Foto-Joan-Caelles-600x334.jpg 600w, https:\/\/lavalldelord.com\/wp-content\/uploads\/2024\/03\/Festa-Major-de-Solsona-Foto-Joan-Caelles-1024x569.jpg 1024w, https:\/\/lavalldelord.com\/wp-content\/uploads\/2024\/03\/Festa-Major-de-Solsona-Foto-Joan-Caelles-400x222.jpg 400w, https:\/\/lavalldelord.com\/wp-content\/uploads\/2024\/03\/Festa-Major-de-Solsona-Foto-Joan-Caelles-768x427.jpg 768w, https:\/\/lavalldelord.com\/wp-content\/uploads\/2024\/03\/Festa-Major-de-Solsona-Foto-Joan-Caelles.jpg 1496w\" sizes=\"auto, (max-width: 336px) 100vw, 336px\" \/><figcaption id=\"caption-attachment-11062\" class=\"wp-caption-text\">Els gegants de la Festa Major. Fotografia de Joan Caelles<\/figcaption><\/figure>\n<p>Aquest nucli hist\u00f2ric, que encara a dia d&#8217;avui \u00e9s el lloc de la ciutat amb m\u00e9s vida i activitat, \u00e9s l&#8217;epicentre de la majoria de punts hist\u00f2rics i culturals que cal visitar. El principal punt de patrimoni cultural es troba a la <a href=\"https:\/\/turismesolsones.com\/punt\/catedral-de-solsona\/\" target=\"_blank\" rel=\"noopener\"><strong>Catedral de Santa Maria de Solsona<\/strong><\/a> i al <strong>Palau Episcopal<\/strong>. Dins de tot aquest conjunt s&#8217;hi troben la Mare de D\u00e9u del Claustre, patrona de la ciutat, i el mateix claustre que li d\u00f3na nom. Tamb\u00e9 hi trobarem, si hi accedim des de l&#8217;entrada del Palau Episcopal, el <a href=\"https:\/\/turismesolsones.com\/no-tho-perdis\/museu-de-solsona\/\" target=\"_blank\" rel=\"noopener\"><strong>Museu Dioces\u00e0 i Comarcal<\/strong><\/a>. Altres llocs que tamb\u00e9 podem visitar per con\u00e8ixer m\u00e9s part de la hist\u00f2ria de la ciutat s\u00f3n el <a href=\"https:\/\/turismesolsones.com\/que-visitar\/pou-gel-solsona\/\" target=\"_blank\" rel=\"noopener\"><strong>Pou de Gel<\/strong><\/a>, el <a href=\"https:\/\/turismesolsones.com\/que-visitar\/quarto-dels-gegants\/\" target=\"_blank\" rel=\"noopener\"><strong>Quarto dels Gegants<\/strong><\/a>, amb tots els elements folkl\u00f2rics de la Festa Major i el Corpus, o <a href=\"https:\/\/www.instagram.com\/localboig\/\" target=\"_blank\" rel=\"noopener\"><strong>Lo Cal Boig<\/strong><\/a>, la casa dels gegants del Carnaval de Solsona.<\/p>\n<p>Tot i que alguns d&#8217;aquests punts els podeu visitar de manera lliure, si \u00e9s del vostre inter\u00e8s es fan visites guiades de manera regular per visitar i con\u00e8ixer millor tots aquests llocs. No oblideu tampoc fer parada a l&#8217;<a href=\"https:\/\/turismesolsones.com\/no-tho-perdis\/oficina-de-turisme-del-solsones\/\" target=\"_blank\" rel=\"noopener\">Oficina de Turisme del Solson\u00e8s<\/a>, situada a l&#8217;edifici del Consell Comarcal, per tal d&#8217;ampliar tota la informaci\u00f3 i con\u00e8ixer m\u00e9s propostes.<\/p>\n<p>&nbsp;<\/p>\n<figure id=\"attachment_11063\" aria-describedby=\"caption-attachment-11063\" style=\"width: 336px\" class=\"wp-caption alignleft\"><img loading=\"lazy\" decoding=\"async\" class=\"wp-image-11063\" src=\"https:\/\/lavalldelord.com\/wp-content\/uploads\/2024\/03\/Castellvell-1024x682-1-600x333.jpg\" alt=\"\" width=\"336\" height=\"187\" srcset=\"https:\/\/lavalldelord.com\/wp-content\/uploads\/2024\/03\/Castellvell-1024x682-1-600x333.jpg 600w, https:\/\/lavalldelord.com\/wp-content\/uploads\/2024\/03\/Castellvell-1024x682-1-400x222.jpg 400w, https:\/\/lavalldelord.com\/wp-content\/uploads\/2024\/03\/Castellvell-1024x682-1-768x427.jpg 768w, https:\/\/lavalldelord.com\/wp-content\/uploads\/2024\/03\/Castellvell-1024x682-1.jpg 1024w\" sizes=\"auto, (max-width: 336px) 100vw, 336px\" \/><figcaption id=\"caption-attachment-11063\" class=\"wp-caption-text\">El Castellvell. Fotografia de Turisme Solson\u00e8s<\/figcaption><\/figure>\n<p>Per tota la ciutat, tant dins com fora del casc antic, hi trobareu tot de bars i restaurants on poder fer-hi un \u00e0pat, i podeu complementar el dia amb alguna excursi\u00f3 a l&#8217;entorn natural de la ciutat. Alguns dels punts interessants a descobrir-hi s\u00f3n el <a href=\"https:\/\/turismesolsones.com\/punt\/castellvell\/\" target=\"_blank\" rel=\"noopener\"><strong>Castellvell<\/strong><\/a>, que situat damunt un tur\u00f3 us d\u00f3na les millors vistes de tot el municipi, o el <a href=\"https:\/\/turismesolsones.com\/punt\/pont-de-lafrau\/\" target=\"_blank\" rel=\"noopener\"><strong>Pont de l&#8217;Afrau<\/strong><\/a>, un aq\u00fceducte del segle XVIII. Les rutes que us proposem, doncs, s\u00f3n les seg\u00fcents:<\/p>\n<ul>\n<li>&#8211; <a href=\"https:\/\/turismesolsones.com\/ruta\/mare-de-la-font\/\" target=\"_blank\" rel=\"noopener\">Ruta Mare de la Font &#8211; Castellvell<\/a><\/li>\n<li>&#8211; <a href=\"https:\/\/turismesolsones.com\/ruta\/pont-de-lafrau-2\/\">Ruta Pont de l&#8217;Afrau<\/a><\/li>\n<\/ul>\n<p>&nbsp;<\/p>\n<p>Trobareu tota la informaci\u00f3 tur\u00edstica de Solsona a la web <a href=\"http:\/\/solsonaturisme.com\">solsonaturisme.com<\/a><\/p>\n<p>&nbsp;<\/p>\n<p><strong><img loading=\"lazy\" decoding=\"async\" class=\"wp-image-11000 alignnone\" src=\"https:\/\/lavalldelord.com\/wp-content\/uploads\/2024\/03\/mapa-e1713081140824-600x543.png\" alt=\"\" width=\"40\" height=\"36\" srcset=\"https:\/\/lavalldelord.com\/wp-content\/uploads\/2024\/03\/mapa-e1713081140824-600x543.png 600w, https:\/\/lavalldelord.com\/wp-content\/uploads\/2024\/03\/mapa-e1713081140824-400x362.png 400w, https:\/\/lavalldelord.com\/wp-content\/uploads\/2024\/03\/mapa-e1713081140824-768x695.png 768w, https:\/\/lavalldelord.com\/wp-content\/uploads\/2024\/03\/mapa-e1713081140824.png 851w\" sizes=\"auto, (max-width: 40px) 100vw, 40px\" \/>MAPES:<\/strong><\/p>\n<p><strong>1- Viatge en cotxe fins a Solsona (les dues opcions: per l&#8217;embassament o per Lladurs)<\/strong><\/p>\n<p>Per mobils: <a href=\"https:\/\/www.google.com\/maps\/d\/u\/6\/edit?mid=1mDZvE0aWuBj4CvndSZm2c6hm44cU_-M&amp;usp=sharing\" target=\"_blank\" rel=\"noopener\">fes clic aqu\u00ed per obrir-lo a l&#8217;app de Google Maps<\/a><\/p>\n<p><iframe loading=\"lazy\" src=\"https:\/\/www.google.com\/maps\/d\/u\/6\/embed?mid=1mDZvE0aWuBj4CvndSZm2c6hm44cU_-M&amp;ehbc=2E312F\" width=\"640\" height=\"480\"><\/iframe><\/p>\n<p>&nbsp;<\/p>\n<p><strong>2-<\/strong> <strong>Recorregut a peu pel nucli antic de Solsona<\/strong><\/p>\n<p>Per m\u00f2bils: <a href=\"https:\/\/www.google.com\/maps\/d\/viewer?mid=1PuLbzuhRPgp_MRlTdpTbuOyHn-b0PWg&amp;usp=sharing\" target=\"_blank\" rel=\"noopener\">fes clic aqu\u00ed per obrir-lo a l&#8217;app de Google Maps<\/a><\/p>\n<p><iframe loading=\"lazy\" src=\"https:\/\/www.google.com\/maps\/d\/u\/0\/embed?mid=1PuLbzuhRPgp_MRlTdpTbuOyHn-b0PWg&amp;ehbc=2E312F\" width=\"640\" height=\"480\"><\/iframe><\/p>","protected":false},"excerpt":{"rendered":"<p>Dia 7. SOLSONA La capital de la comarca. Una experi\u00e8ncia gegant per descobrir.\u00a0 &nbsp; Feu clic aqu\u00ed per descarregar-vos el [&hellip;]<\/p>\n","protected":false},"author":3,"featured_media":11062,"parent":0,"menu_order":48,"comment_status":"closed","ping_status":"closed","template":"full-width.php","meta":{"_acf_changed":false,"_exactmetrics_skip_tracking":false,"_exactmetrics_sitenote_active":false,"_exactmetrics_sitenote_note":"","_exactmetrics_sitenote_category":0,"_joinchat":[],"footnotes":""},"class_list":["post-11055","page","type-page","status-publish","has-post-thumbnail","hentry"],"acf":[],"yoast_head":"<!-- This site is optimized with the Yoast SEO plugin v27.5 - https:\/\/yoast.com\/product\/yoast-seo-wordpress\/ -->\n<title>Qu\u00e8 visitar a la Vall de Lord: Solsona<\/title>\n<meta name=\"description\" content=\"Qu\u00e8 visitar a la Vall de Lord: Solsona. Descobreix qu\u00e8 fer a la Vall de Lord durant una setmana amb propostes per tot l&#039;any\" \/>\n<meta name=\"robots\" content=\"index, follow, max-snippet:-1, max-image-preview:large, max-video-preview:-1\" \/>\n<link rel=\"canonical\" href=\"https:\/\/lavalldelord.com\/ca\/que-visitar-a-la-vall-de-lord-solsona\/\" \/>\n<meta property=\"og:locale\" content=\"ca_ES\" \/>\n<meta property=\"og:type\" content=\"article\" \/>\n<meta property=\"og:title\" content=\"Qu\u00e8 visitar a la Vall de Lord: Solsona\" \/>\n<meta property=\"og:description\" content=\"Qu\u00e8 visitar a la Vall de Lord: Solsona. Descobreix qu\u00e8 fer a la Vall de Lord durant una setmana amb propostes per tot l&#039;any\" \/>\n<meta property=\"og:url\" content=\"https:\/\/lavalldelord.com\/ca\/que-visitar-a-la-vall-de-lord-solsona\/\" \/>\n<meta property=\"og:site_name\" content=\"La Vall de Lord\" \/>\n<meta property=\"article:publisher\" content=\"https:\/\/www.facebook.com\/turismevalldelord\" \/>\n<meta property=\"article:modified_time\" content=\"2024-09-09T11:57:38+00:00\" \/>\n<meta property=\"og:image\" content=\"https:\/\/lavalldelord.com\/wp-content\/uploads\/2024\/03\/Festa-Major-de-Solsona-Foto-Joan-Caelles.jpg\" \/>\n\t<meta property=\"og:image:width\" content=\"1496\" \/>\n\t<meta property=\"og:image:height\" content=\"832\" \/>\n\t<meta property=\"og:image:type\" content=\"image\/jpeg\" \/>\n<meta name=\"twitter:card\" content=\"summary_large_image\" \/>\n<meta name=\"twitter:site\" content=\"@valldelord\" \/>\n<meta name=\"twitter:label1\" content=\"Temps estimat de lectura\" \/>\n\t<meta name=\"twitter:data1\" content=\"4 minuts\" \/>\n<script type=\"application\/ld+json\" class=\"yoast-schema-graph\">{\"@context\":\"https:\\\/\\\/schema.org\",\"@graph\":[{\"@type\":\"WebPage\",\"@id\":\"https:\\\/\\\/lavalldelord.com\\\/ca\\\/que-visitar-a-la-vall-de-lord-solsona\\\/\",\"url\":\"https:\\\/\\\/lavalldelord.com\\\/ca\\\/que-visitar-a-la-vall-de-lord-solsona\\\/\",\"name\":\"Qu\u00e8 visitar a la Vall de Lord: Solsona\",\"isPartOf\":{\"@id\":\"https:\\\/\\\/lavalldelord.com\\\/ca\\\/#website\"},\"primaryImageOfPage\":{\"@id\":\"https:\\\/\\\/lavalldelord.com\\\/ca\\\/que-visitar-a-la-vall-de-lord-solsona\\\/#primaryimage\"},\"image\":{\"@id\":\"https:\\\/\\\/lavalldelord.com\\\/que-visitar-a-la-vall-de-lord-solsona\\\/#primaryimage\"},\"thumbnailUrl\":\"https:\\\/\\\/lavalldelord.com\\\/wp-content\\\/uploads\\\/2024\\\/03\\\/Festa-Major-de-Solsona-Foto-Joan-Caelles.jpg\",\"datePublished\":\"2024-03-29T16:45:52+00:00\",\"dateModified\":\"2024-09-09T11:57:38+00:00\",\"description\":\"Qu\u00e8 visitar a la Vall de Lord: Solsona. Descobreix qu\u00e8 fer a la Vall de Lord durant una setmana amb propostes per tot l'any\",\"breadcrumb\":{\"@id\":\"https:\\\/\\\/lavalldelord.com\\\/ca\\\/que-visitar-a-la-vall-de-lord-solsona\\\/#breadcrumb\"},\"inLanguage\":\"ca\",\"potentialAction\":[{\"@type\":\"ReadAction\",\"target\":[[\"https:\\\/\\\/lavalldelord.com\\\/ca\\\/que-visitar-a-la-vall-de-lord-solsona\\\/\"]]}]},{\"@type\":\"ImageObject\",\"inLanguage\":\"ca\",\"@id\":\"https:\\\/\\\/lavalldelord.com\\\/ca\\\/que-visitar-a-la-vall-de-lord-solsona\\\/#primaryimage\",\"url\":\"https:\\\/\\\/lavalldelord.com\\\/wp-content\\\/uploads\\\/2024\\\/03\\\/Festa-Major-de-Solsona-Foto-Joan-Caelles.jpg\",\"contentUrl\":\"https:\\\/\\\/lavalldelord.com\\\/wp-content\\\/uploads\\\/2024\\\/03\\\/Festa-Major-de-Solsona-Foto-Joan-Caelles.jpg\",\"width\":1496,\"height\":832},{\"@type\":\"BreadcrumbList\",\"@id\":\"https:\\\/\\\/lavalldelord.com\\\/ca\\\/que-visitar-a-la-vall-de-lord-solsona\\\/#breadcrumb\",\"itemListElement\":[{\"@type\":\"ListItem\",\"position\":1,\"name\":\"Inici\",\"item\":\"https:\\\/\\\/lavalldelord.com\\\/ca\\\/\"},{\"@type\":\"ListItem\",\"position\":2,\"name\":\"D\u00eda 7. Solsona\"}]},{\"@type\":\"WebSite\",\"@id\":\"https:\\\/\\\/lavalldelord.com\\\/ca\\\/#website\",\"url\":\"https:\\\/\\\/lavalldelord.com\\\/ca\\\/\",\"name\":\"Turisme Vall de Lord\",\"description\":\"Portal tur\u00edstic de la Vall de Lord, naturalment!\",\"publisher\":{\"@id\":\"https:\\\/\\\/lavalldelord.com\\\/ca\\\/#organization\"},\"potentialAction\":[{\"@type\":\"SearchAction\",\"target\":{\"@type\":\"EntryPoint\",\"urlTemplate\":\"https:\\\/\\\/lavalldelord.com\\\/ca\\\/?s={search_term_string}\"},\"query-input\":{\"@type\":\"PropertyValueSpecification\",\"valueRequired\":true,\"valueName\":\"search_term_string\"}}],\"inLanguage\":\"ca\"},{\"@type\":\"Organization\",\"@id\":\"https:\\\/\\\/lavalldelord.com\\\/ca\\\/#organization\",\"name\":\"La Vall de Lord\",\"url\":\"https:\\\/\\\/lavalldelord.com\\\/ca\\\/\",\"logo\":{\"@type\":\"ImageObject\",\"inLanguage\":\"ca\",\"@id\":\"https:\\\/\\\/lavalldelord.com\\\/ca\\\/#\\\/schema\\\/logo\\\/image\\\/\",\"url\":\"https:\\\/\\\/lavalldelord.com\\\/wp-content\\\/uploads\\\/2024\\\/02\\\/DJI_0864_websize.jpg\",\"contentUrl\":\"https:\\\/\\\/lavalldelord.com\\\/wp-content\\\/uploads\\\/2024\\\/02\\\/DJI_0864_websize.jpg\",\"width\":1600,\"height\":899,\"caption\":\"La Vall de Lord\"},\"image\":{\"@id\":\"https:\\\/\\\/lavalldelord.com\\\/ca\\\/#\\\/schema\\\/logo\\\/image\\\/\"},\"sameAs\":[\"https:\\\/\\\/www.facebook.com\\\/turismevalldelord\",\"https:\\\/\\\/x.com\\\/valldelord\",\"https:\\\/\\\/www.instagram.com\\\/turismevalldelord\"]}]}<\/script>\n<!-- \/ Yoast SEO plugin. -->","yoast_head_json":{"title":"Qu\u00e8 visitar a la Vall de Lord: Solsona","description":"Qu\u00e8 visitar a la Vall de Lord: Solsona. Descobreix qu\u00e8 fer a la Vall de Lord durant una setmana amb propostes per tot l'any","robots":{"index":"index","follow":"follow","max-snippet":"max-snippet:-1","max-image-preview":"max-image-preview:large","max-video-preview":"max-video-preview:-1"},"canonical":"https:\/\/lavalldelord.com\/ca\/que-visitar-a-la-vall-de-lord-solsona\/","og_locale":"ca_ES","og_type":"article","og_title":"Qu\u00e8 visitar a la Vall de Lord: Solsona","og_description":"Qu\u00e8 visitar a la Vall de Lord: Solsona. Descobreix qu\u00e8 fer a la Vall de Lord durant una setmana amb propostes per tot l'any","og_url":"https:\/\/lavalldelord.com\/ca\/que-visitar-a-la-vall-de-lord-solsona\/","og_site_name":"La Vall de Lord","article_publisher":"https:\/\/www.facebook.com\/turismevalldelord","article_modified_time":"2024-09-09T11:57:38+00:00","og_image":[{"width":1496,"height":832,"url":"https:\/\/lavalldelord.com\/wp-content\/uploads\/2024\/03\/Festa-Major-de-Solsona-Foto-Joan-Caelles.jpg","type":"image\/jpeg"}],"twitter_card":"summary_large_image","twitter_site":"@valldelord","twitter_misc":{"Temps estimat de lectura":"4 minuts"},"schema":{"@context":"https:\/\/schema.org","@graph":[{"@type":"WebPage","@id":"https:\/\/lavalldelord.com\/ca\/que-visitar-a-la-vall-de-lord-solsona\/","url":"https:\/\/lavalldelord.com\/ca\/que-visitar-a-la-vall-de-lord-solsona\/","name":"Qu\u00e8 visitar a la Vall de Lord: Solsona","isPartOf":{"@id":"https:\/\/lavalldelord.com\/ca\/#website"},"primaryImageOfPage":{"@id":"https:\/\/lavalldelord.com\/ca\/que-visitar-a-la-vall-de-lord-solsona\/#primaryimage"},"image":{"@id":"https:\/\/lavalldelord.com\/que-visitar-a-la-vall-de-lord-solsona\/#primaryimage"},"thumbnailUrl":"https:\/\/lavalldelord.com\/wp-content\/uploads\/2024\/03\/Festa-Major-de-Solsona-Foto-Joan-Caelles.jpg","datePublished":"2024-03-29T16:45:52+00:00","dateModified":"2024-09-09T11:57:38+00:00","description":"Qu\u00e8 visitar a la Vall de Lord: Solsona. Descobreix qu\u00e8 fer a la Vall de Lord durant una setmana amb propostes per tot l'any","breadcrumb":{"@id":"https:\/\/lavalldelord.com\/ca\/que-visitar-a-la-vall-de-lord-solsona\/#breadcrumb"},"inLanguage":"ca","potentialAction":[{"@type":"ReadAction","target":[["https:\/\/lavalldelord.com\/ca\/que-visitar-a-la-vall-de-lord-solsona\/"]]}]},{"@type":"ImageObject","inLanguage":"ca","@id":"https:\/\/lavalldelord.com\/ca\/que-visitar-a-la-vall-de-lord-solsona\/#primaryimage","url":"https:\/\/lavalldelord.com\/wp-content\/uploads\/2024\/03\/Festa-Major-de-Solsona-Foto-Joan-Caelles.jpg","contentUrl":"https:\/\/lavalldelord.com\/wp-content\/uploads\/2024\/03\/Festa-Major-de-Solsona-Foto-Joan-Caelles.jpg","width":1496,"height":832},{"@type":"BreadcrumbList","@id":"https:\/\/lavalldelord.com\/ca\/que-visitar-a-la-vall-de-lord-solsona\/#breadcrumb","itemListElement":[{"@type":"ListItem","position":1,"name":"Inici","item":"https:\/\/lavalldelord.com\/ca\/"},{"@type":"ListItem","position":2,"name":"D\u00eda 7. Solsona"}]},{"@type":"WebSite","@id":"https:\/\/lavalldelord.com\/ca\/#website","url":"https:\/\/lavalldelord.com\/ca\/","name":"Turisme Vall de Lord","description":"Portal tur\u00edstic de la Vall de Lord, naturalment!","publisher":{"@id":"https:\/\/lavalldelord.com\/ca\/#organization"},"potentialAction":[{"@type":"SearchAction","target":{"@type":"EntryPoint","urlTemplate":"https:\/\/lavalldelord.com\/ca\/?s={search_term_string}"},"query-input":{"@type":"PropertyValueSpecification","valueRequired":true,"valueName":"search_term_string"}}],"inLanguage":"ca"},{"@type":"Organization","@id":"https:\/\/lavalldelord.com\/ca\/#organization","name":"La Vall de Lord","url":"https:\/\/lavalldelord.com\/ca\/","logo":{"@type":"ImageObject","inLanguage":"ca","@id":"https:\/\/lavalldelord.com\/ca\/#\/schema\/logo\/image\/","url":"https:\/\/lavalldelord.com\/wp-content\/uploads\/2024\/02\/DJI_0864_websize.jpg","contentUrl":"https:\/\/lavalldelord.com\/wp-content\/uploads\/2024\/02\/DJI_0864_websize.jpg","width":1600,"height":899,"caption":"La Vall de Lord"},"image":{"@id":"https:\/\/lavalldelord.com\/ca\/#\/schema\/logo\/image\/"},"sameAs":["https:\/\/www.facebook.com\/turismevalldelord","https:\/\/x.com\/valldelord","https:\/\/www.instagram.com\/turismevalldelord"]}]}},"_links":{"self":[{"href":"https:\/\/lavalldelord.com\/ca\/wp-json\/wp\/v2\/pages\/11055","targetHints":{"allow":["GET"]}}],"collection":[{"href":"https:\/\/lavalldelord.com\/ca\/wp-json\/wp\/v2\/pages"}],"about":[{"href":"https:\/\/lavalldelord.com\/ca\/wp-json\/wp\/v2\/types\/page"}],"author":[{"embeddable":true,"href":"https:\/\/lavalldelord.com\/ca\/wp-json\/wp\/v2\/users\/3"}],"replies":[{"embeddable":true,"href":"https:\/\/lavalldelord.com\/ca\/wp-json\/wp\/v2\/comments?post=11055"}],"version-history":[{"count":10,"href":"https:\/\/lavalldelord.com\/ca\/wp-json\/wp\/v2\/pages\/11055\/revisions"}],"predecessor-version":[{"id":11716,"href":"https:\/\/lavalldelord.com\/ca\/wp-json\/wp\/v2\/pages\/11055\/revisions\/11716"}],"wp:featuredmedia":[{"embeddable":true,"href":"https:\/\/lavalldelord.com\/ca\/wp-json\/wp\/v2\/media\/11062"}],"wp:attachment":[{"href":"https:\/\/lavalldelord.com\/ca\/wp-json\/wp\/v2\/media?parent=11055"}],"curies":[{"name":"wp","href":"https:\/\/api.w.org\/{rel}","templated":true}]}}