{"id":11240,"date":"2024-04-27T10:58:16","date_gmt":"2024-04-27T09:58:16","guid":{"rendered":"https:\/\/lavalldelord.com\/?page_id=11240"},"modified":"2025-12-19T13:54:02","modified_gmt":"2025-12-19T12:54:02","slug":"pesca","status":"publish","type":"page","link":"https:\/\/lavalldelord.com\/ca\/que-fer\/turisme-de-natura\/pesca\/","title":{"rendered":"Pesca"},"content":{"rendered":"<p><\/p>\n<h3 style=\"text-align: center;\">QU\u00c8 CAL SABER PER PRACTICAR LA PESCA A LA VALL DE LORD<\/h3>\n<p>&nbsp;<\/p>\n<h4><span style=\"text-decoration: underline;\"><strong>LLIC\u00c8NCIA I PERM\u00cdS<\/strong><\/span><strong>:\u00a0<\/strong><\/h4>\n<h3 style=\"text-align: center;\"><img loading=\"lazy\" decoding=\"async\" class=\"wp-image-11253 size-thumbnail alignright\" src=\"https:\/\/lavalldelord.com\/wp-content\/uploads\/2024\/04\/Llosa-del-Cavall-Vall-de-Lord-1-300x400.jpg\" alt=\"\" width=\"300\" height=\"400\" srcset=\"https:\/\/lavalldelord.com\/wp-content\/uploads\/2024\/04\/Llosa-del-Cavall-Vall-de-Lord-1-300x400.jpg 300w, https:\/\/lavalldelord.com\/wp-content\/uploads\/2024\/04\/Llosa-del-Cavall-Vall-de-Lord-1-450x600.jpg 450w, https:\/\/lavalldelord.com\/wp-content\/uploads\/2024\/04\/Llosa-del-Cavall-Vall-de-Lord-1-768x1024.jpg 768w, https:\/\/lavalldelord.com\/wp-content\/uploads\/2024\/04\/Llosa-del-Cavall-Vall-de-Lord-1-1152x1536.jpg 1152w, https:\/\/lavalldelord.com\/wp-content\/uploads\/2024\/04\/Llosa-del-Cavall-Vall-de-Lord-1-1536x2048.jpg 1536w, https:\/\/lavalldelord.com\/wp-content\/uploads\/2024\/04\/Llosa-del-Cavall-Vall-de-Lord-1-scaled.jpg 1920w\" sizes=\"auto, (max-width: 300px) 100vw, 300px\" \/><\/h3>\n<p>Per practicar la pesca cal sol\u00b7licitar la llic\u00e8ncia pertinent. En el cas de la Vall de Lord es tracta d&#8217;una zona de pesca controlada. Anteriorment es dividia en dues zones diferents (riu Aigua de Valls i embassament de la Llosa del Cavall) i actualment \u00e9s una sola zona anomenada <a href=\"https:\/\/aplicacions.agricultura.gencat.cat\/mediamb_sgll_public\/AppJava\/zpc\/zpcEmissio.do?reqCode=printMapa&amp;id=737&amp;posX=0&amp;posY=0\"><strong>Consorci Alt Cardener<\/strong><\/a>.<\/p>\n<p><span style=\"text-decoration: underline;\"><strong><br \/>\nPer practicar la pesca cal<\/strong><\/span>:<\/p>\n<p>1- <strong><a href=\"https:\/\/aplicacions.agricultura.gencat.cat\/mediamb_sgll_public\/AppJava\/llicencies\/gestioLlicenciesTitular.do?reqCode=prepareLocale\" target=\"_blank\" rel=\"noopener\">Adquirir la llic\u00e8ncia pertinent<\/a><\/strong>. Aquesta pot ser:<\/p>\n<ul>\n<li>&#8211; Pesca recreativa o pesca recreativa sense mort<\/li>\n<li>&#8211; D&#8217;un, dos o quinze dies, o b\u00e9 d&#8217;un, dos, tres o quatre anys (el preu surt m\u00e9s a compte com m\u00e9s temps s&#8217;agafi)<\/li>\n<\/ul>\n<p>2- Un cop es t\u00e9 la llic\u00e8ncia, <strong><a href=\"https:\/\/aplicacions.agricultura.gencat.cat\/mediamb_sgll_public\/AppJava\/zpc\/zpcEmissio.do?reqCode=prepareLocale\">adquirir el perm\u00eds<\/a><\/strong> del dia o setmana que es vulgui practicar la pesca.<br \/>\nDades que cal que sapigueu per adquirir el perm\u00eds:<\/p>\n<ul>\n<li>&#8211; Conca: Llobregat<\/li>\n<li>&#8211; Tipus de perm\u00eds: Salm\u00f2nids<\/li>\n<li>&#8211; Zona de Pesca Controlada: Consorci Alt Cardener<\/li>\n<li>&#8211; Els dies de descans de la zona s\u00f3n el dimarts i el dijous. En aquests dies no s&#8217;hi pot pescar.<\/li>\n<\/ul>\n<p>&nbsp;<\/p>\n<p><strong>Tant la llic\u00e8ncia com els permisos es treuen des de la p\u00e0gina web de &#8220;<a href=\"https:\/\/aplicacions.agricultura.gencat.cat\/mediamb_sgll_public\/AppJava\/llicencies\/llicenciesTitular.do?reqCode=inici\">Gesti\u00f3 de llic\u00e8ncies de ca\u00e7a, pesca, pinyes i t\u00f2fones<\/a>&#8220;.<\/strong><\/p>\n<p>&nbsp;<\/p>\n<p><span style=\"text-decoration: underline;\"><strong>Dates de la temporada 2025:<\/strong><\/span><\/p>\n<ul>\n<li>&#8211; Inici: 15 de mar\u00e7<\/li>\n<li>&#8211; Fi: 31 d&#8217;agost (amb mort), 19 d&#8217;octubre (sense mort)<\/li>\n<\/ul>\n<p>&nbsp;<\/p>\n<h4><span style=\"text-decoration: underline;\"><strong>LLOCS ON ANAR:<\/strong><\/span><\/h4>\n<p><a href=\"https:\/\/lavalldelord.com\/wp-content\/uploads\/2024\/04\/zpc_alt_cardener.jpeg\" target=\"_blank\" rel=\"noopener\"><img loading=\"lazy\" decoding=\"async\" class=\"wp-image-11247 size-thumbnail alignright\" src=\"https:\/\/lavalldelord.com\/wp-content\/uploads\/2024\/04\/zpc_alt_cardener-274x400.jpeg\" alt=\"\" width=\"274\" height=\"400\" srcset=\"https:\/\/lavalldelord.com\/wp-content\/uploads\/2024\/04\/zpc_alt_cardener-274x400.jpeg 274w, https:\/\/lavalldelord.com\/wp-content\/uploads\/2024\/04\/zpc_alt_cardener-411x600.jpeg 411w, https:\/\/lavalldelord.com\/wp-content\/uploads\/2024\/04\/zpc_alt_cardener.jpeg 472w\" sizes=\"auto, (max-width: 274px) 100vw, 274px\" \/><\/a>Els llocs que engloba tota la zona de pesca controlada &#8220;Consorci Alt Cardener&#8221; s\u00f3n el <a href=\"https:\/\/lavalldelord.com\/punt\/riu-aigua-de-valls\/\" target=\"_blank\" rel=\"noopener\"><strong>riu Aigua de Valls<\/strong><\/a>, des del seu naixement a G\u00f3sol, l&#8217;<a href=\"https:\/\/lavalldelord.com\/punt\/embassament-de-la-llosa-del-cavall\/\" target=\"_blank\" rel=\"noopener\"><strong>embassament de la Llosa del Cavall<\/strong><\/a> en la seva integritat, i el <strong><a href=\"https:\/\/lavalldelord.com\/punt\/riu-cardener\/\" target=\"_blank\" rel=\"noopener\">riu Cardener<\/a><\/strong> fins que arriba a l&#8217;embassament de Sant Pon\u00e7. Tot i que, com podeu veure al mapa, hi ha alguns petits trams de cada un dels rius que no formen part de la zona.<\/p>\n<p>Per ser m\u00e9s concrets, els diferents trams de la zona tenen els seg\u00fcents l\u00edmits:<\/p>\n<p><strong>L\u00edmit Inferior<\/strong><br \/>\n1r tram: resclosa de captaci\u00f3 d&#8217;aigua de la central del Mol\u00ed G\u00fcell a l&#8217;al\u00e7ada del Mol\u00ed de Feners; 2n tram: pont de la carretera LV-4241 direcci\u00f3 Berga; 3r tram: presa de l&#8217;embassament de la Llosa del Cavall; 4t tram: represa del mol\u00ed dels Cups<\/p>\n<p><strong>L\u00edmit Superior<\/strong><br \/>\n1r tram: Casa Mol\u00ed de G\u00f3sol; 2n tram: presa superior de la Corriu; 3r tram: mol\u00ed de Monegal (el Cardener) i cua de l&#8217;embassament de la Llosa del Cavall (Aigua de Valls); 4t tram: pont de Castell\u00f3 (pont verd)<\/p>\n<p>&nbsp;<\/p>","protected":false},"excerpt":{"rendered":"<p>QU\u00c8 CAL SABER PER PRACTICAR LA PESCA A LA VALL DE LORD &nbsp; LLIC\u00c8NCIA I PERM\u00cdS:\u00a0 Per practicar la pesca [&hellip;]<\/p>\n","protected":false},"author":3,"featured_media":9615,"parent":11196,"menu_order":179,"comment_status":"closed","ping_status":"closed","template":"full-width.php","meta":{"_acf_changed":false,"_exactmetrics_skip_tracking":false,"_exactmetrics_sitenote_active":false,"_exactmetrics_sitenote_note":"","_exactmetrics_sitenote_category":0,"_joinchat":[],"footnotes":""},"class_list":["post-11240","page","type-page","status-publish","has-post-thumbnail","hentry"],"acf":[],"yoast_head":"<!-- This site is optimized with the Yoast SEO plugin v27.5 - https:\/\/yoast.com\/product\/yoast-seo-wordpress\/ -->\n<title>Pesca a la Vall de Lord<\/title>\n<meta name=\"description\" content=\"Consulta aqu\u00ed tota la informaci\u00f3 que cal saber si es vol practicar la pesca a la Vall de Lord (Aigua de Valls, Cardener o Llosa del Cavall)\" \/>\n<meta name=\"robots\" content=\"index, follow, max-snippet:-1, max-image-preview:large, max-video-preview:-1\" \/>\n<link rel=\"canonical\" href=\"https:\/\/lavalldelord.com\/ca\/que-fer\/turisme-de-natura\/pesca\/\" \/>\n<meta property=\"og:locale\" content=\"ca_ES\" \/>\n<meta property=\"og:type\" content=\"article\" \/>\n<meta property=\"og:title\" content=\"Pesca a la Vall de Lord\" \/>\n<meta property=\"og:description\" content=\"Consulta aqu\u00ed tota la informaci\u00f3 que cal saber si es vol practicar la pesca a la Vall de Lord (Aigua de Valls, Cardener o Llosa del Cavall)\" \/>\n<meta property=\"og:url\" content=\"https:\/\/lavalldelord.com\/ca\/que-fer\/turisme-de-natura\/pesca\/\" \/>\n<meta property=\"og:site_name\" content=\"La Vall de Lord\" \/>\n<meta property=\"article:publisher\" content=\"https:\/\/www.facebook.com\/turismevalldelord\" \/>\n<meta property=\"article:modified_time\" content=\"2025-12-19T12:54:02+00:00\" \/>\n<meta property=\"og:image\" content=\"https:\/\/lavalldelord.com\/wp-content\/uploads\/2022\/12\/fotografia_vegetacio_embassament-scaled.jpg\" \/>\n\t<meta property=\"og:image:width\" content=\"2560\" \/>\n\t<meta property=\"og:image:height\" content=\"1920\" \/>\n\t<meta property=\"og:image:type\" content=\"image\/jpeg\" \/>\n<meta name=\"twitter:card\" content=\"summary_large_image\" \/>\n<meta name=\"twitter:site\" content=\"@valldelord\" \/>\n<meta name=\"twitter:label1\" content=\"Temps estimat de lectura\" \/>\n\t<meta name=\"twitter:data1\" content=\"3 minuts\" \/>\n<script type=\"application\/ld+json\" class=\"yoast-schema-graph\">{\"@context\":\"https:\\\/\\\/schema.org\",\"@graph\":[{\"@type\":\"WebPage\",\"@id\":\"https:\\\/\\\/lavalldelord.com\\\/ca\\\/que-fer\\\/turisme-de-natura\\\/pesca\\\/\",\"url\":\"https:\\\/\\\/lavalldelord.com\\\/ca\\\/que-fer\\\/turisme-de-natura\\\/pesca\\\/\",\"name\":\"Pesca a la Vall de Lord\",\"isPartOf\":{\"@id\":\"https:\\\/\\\/lavalldelord.com\\\/ca\\\/#website\"},\"primaryImageOfPage\":{\"@id\":\"https:\\\/\\\/lavalldelord.com\\\/ca\\\/que-fer\\\/turisme-de-natura\\\/pesca\\\/#primaryimage\"},\"image\":{\"@id\":\"https:\\\/\\\/lavalldelord.com\\\/que-fer\\\/turisme-de-natura\\\/pesca\\\/#primaryimage\"},\"thumbnailUrl\":\"https:\\\/\\\/lavalldelord.com\\\/wp-content\\\/uploads\\\/2022\\\/12\\\/fotografia_vegetacio_embassament-scaled.jpg\",\"datePublished\":\"2024-04-27T09:58:16+00:00\",\"dateModified\":\"2025-12-19T12:54:02+00:00\",\"description\":\"Consulta aqu\u00ed tota la informaci\u00f3 que cal saber si es vol practicar la pesca a la Vall de Lord (Aigua de Valls, Cardener o Llosa del Cavall)\",\"breadcrumb\":{\"@id\":\"https:\\\/\\\/lavalldelord.com\\\/ca\\\/que-fer\\\/turisme-de-natura\\\/pesca\\\/#breadcrumb\"},\"inLanguage\":\"ca\",\"potentialAction\":[{\"@type\":\"ReadAction\",\"target\":[[\"https:\\\/\\\/lavalldelord.com\\\/ca\\\/que-fer\\\/turisme-de-natura\\\/pesca\\\/\"]]}]},{\"@type\":\"ImageObject\",\"inLanguage\":\"ca\",\"@id\":\"https:\\\/\\\/lavalldelord.com\\\/ca\\\/que-fer\\\/turisme-de-natura\\\/pesca\\\/#primaryimage\",\"url\":\"https:\\\/\\\/lavalldelord.com\\\/wp-content\\\/uploads\\\/2022\\\/12\\\/fotografia_vegetacio_embassament-scaled.jpg\",\"contentUrl\":\"https:\\\/\\\/lavalldelord.com\\\/wp-content\\\/uploads\\\/2022\\\/12\\\/fotografia_vegetacio_embassament-scaled.jpg\",\"width\":2560,\"height\":1920,\"caption\":\"dav\"},{\"@type\":\"BreadcrumbList\",\"@id\":\"https:\\\/\\\/lavalldelord.com\\\/ca\\\/que-fer\\\/turisme-de-natura\\\/pesca\\\/#breadcrumb\",\"itemListElement\":[{\"@type\":\"ListItem\",\"position\":1,\"name\":\"Inici\",\"item\":\"https:\\\/\\\/lavalldelord.com\\\/ca\\\/\"},{\"@type\":\"ListItem\",\"position\":2,\"name\":\"Quoi faire?\",\"item\":\"https:\\\/\\\/lavalldelord.com\\\/ca\\\/que-fer\\\/\"},{\"@type\":\"ListItem\",\"position\":3,\"name\":\"Turismo de natura\",\"item\":\"https:\\\/\\\/lavalldelord.com\\\/ca\\\/que-fer\\\/turisme-de-natura\\\/\"},{\"@type\":\"ListItem\",\"position\":4,\"name\":\"Pesca\"}]},{\"@type\":\"WebSite\",\"@id\":\"https:\\\/\\\/lavalldelord.com\\\/ca\\\/#website\",\"url\":\"https:\\\/\\\/lavalldelord.com\\\/ca\\\/\",\"name\":\"Turisme Vall de Lord\",\"description\":\"Portal tur\u00edstic de la Vall de Lord, naturalment!\",\"publisher\":{\"@id\":\"https:\\\/\\\/lavalldelord.com\\\/ca\\\/#organization\"},\"potentialAction\":[{\"@type\":\"SearchAction\",\"target\":{\"@type\":\"EntryPoint\",\"urlTemplate\":\"https:\\\/\\\/lavalldelord.com\\\/ca\\\/?s={search_term_string}\"},\"query-input\":{\"@type\":\"PropertyValueSpecification\",\"valueRequired\":true,\"valueName\":\"search_term_string\"}}],\"inLanguage\":\"ca\"},{\"@type\":\"Organization\",\"@id\":\"https:\\\/\\\/lavalldelord.com\\\/ca\\\/#organization\",\"name\":\"La Vall de Lord\",\"url\":\"https:\\\/\\\/lavalldelord.com\\\/ca\\\/\",\"logo\":{\"@type\":\"ImageObject\",\"inLanguage\":\"ca\",\"@id\":\"https:\\\/\\\/lavalldelord.com\\\/ca\\\/#\\\/schema\\\/logo\\\/image\\\/\",\"url\":\"https:\\\/\\\/lavalldelord.com\\\/wp-content\\\/uploads\\\/2024\\\/02\\\/DJI_0864_websize.jpg\",\"contentUrl\":\"https:\\\/\\\/lavalldelord.com\\\/wp-content\\\/uploads\\\/2024\\\/02\\\/DJI_0864_websize.jpg\",\"width\":1600,\"height\":899,\"caption\":\"La Vall de Lord\"},\"image\":{\"@id\":\"https:\\\/\\\/lavalldelord.com\\\/ca\\\/#\\\/schema\\\/logo\\\/image\\\/\"},\"sameAs\":[\"https:\\\/\\\/www.facebook.com\\\/turismevalldelord\",\"https:\\\/\\\/x.com\\\/valldelord\",\"https:\\\/\\\/www.instagram.com\\\/turismevalldelord\"]}]}<\/script>\n<!-- \/ Yoast SEO plugin. -->","yoast_head_json":{"title":"Pesca a la Vall de Lord","description":"Consulta aqu\u00ed tota la informaci\u00f3 que cal saber si es vol practicar la pesca a la Vall de Lord (Aigua de Valls, Cardener o Llosa del Cavall)","robots":{"index":"index","follow":"follow","max-snippet":"max-snippet:-1","max-image-preview":"max-image-preview:large","max-video-preview":"max-video-preview:-1"},"canonical":"https:\/\/lavalldelord.com\/ca\/que-fer\/turisme-de-natura\/pesca\/","og_locale":"ca_ES","og_type":"article","og_title":"Pesca a la Vall de Lord","og_description":"Consulta aqu\u00ed tota la informaci\u00f3 que cal saber si es vol practicar la pesca a la Vall de Lord (Aigua de Valls, Cardener o Llosa del Cavall)","og_url":"https:\/\/lavalldelord.com\/ca\/que-fer\/turisme-de-natura\/pesca\/","og_site_name":"La Vall de Lord","article_publisher":"https:\/\/www.facebook.com\/turismevalldelord","article_modified_time":"2025-12-19T12:54:02+00:00","og_image":[{"width":2560,"height":1920,"url":"https:\/\/lavalldelord.com\/wp-content\/uploads\/2022\/12\/fotografia_vegetacio_embassament-scaled.jpg","type":"image\/jpeg"}],"twitter_card":"summary_large_image","twitter_site":"@valldelord","twitter_misc":{"Temps estimat de lectura":"3 minuts"},"schema":{"@context":"https:\/\/schema.org","@graph":[{"@type":"WebPage","@id":"https:\/\/lavalldelord.com\/ca\/que-fer\/turisme-de-natura\/pesca\/","url":"https:\/\/lavalldelord.com\/ca\/que-fer\/turisme-de-natura\/pesca\/","name":"Pesca a la Vall de Lord","isPartOf":{"@id":"https:\/\/lavalldelord.com\/ca\/#website"},"primaryImageOfPage":{"@id":"https:\/\/lavalldelord.com\/ca\/que-fer\/turisme-de-natura\/pesca\/#primaryimage"},"image":{"@id":"https:\/\/lavalldelord.com\/que-fer\/turisme-de-natura\/pesca\/#primaryimage"},"thumbnailUrl":"https:\/\/lavalldelord.com\/wp-content\/uploads\/2022\/12\/fotografia_vegetacio_embassament-scaled.jpg","datePublished":"2024-04-27T09:58:16+00:00","dateModified":"2025-12-19T12:54:02+00:00","description":"Consulta aqu\u00ed tota la informaci\u00f3 que cal saber si es vol practicar la pesca a la Vall de Lord (Aigua de Valls, Cardener o Llosa del Cavall)","breadcrumb":{"@id":"https:\/\/lavalldelord.com\/ca\/que-fer\/turisme-de-natura\/pesca\/#breadcrumb"},"inLanguage":"ca","potentialAction":[{"@type":"ReadAction","target":[["https:\/\/lavalldelord.com\/ca\/que-fer\/turisme-de-natura\/pesca\/"]]}]},{"@type":"ImageObject","inLanguage":"ca","@id":"https:\/\/lavalldelord.com\/ca\/que-fer\/turisme-de-natura\/pesca\/#primaryimage","url":"https:\/\/lavalldelord.com\/wp-content\/uploads\/2022\/12\/fotografia_vegetacio_embassament-scaled.jpg","contentUrl":"https:\/\/lavalldelord.com\/wp-content\/uploads\/2022\/12\/fotografia_vegetacio_embassament-scaled.jpg","width":2560,"height":1920,"caption":"dav"},{"@type":"BreadcrumbList","@id":"https:\/\/lavalldelord.com\/ca\/que-fer\/turisme-de-natura\/pesca\/#breadcrumb","itemListElement":[{"@type":"ListItem","position":1,"name":"Inici","item":"https:\/\/lavalldelord.com\/ca\/"},{"@type":"ListItem","position":2,"name":"Quoi faire?","item":"https:\/\/lavalldelord.com\/ca\/que-fer\/"},{"@type":"ListItem","position":3,"name":"Turismo de natura","item":"https:\/\/lavalldelord.com\/ca\/que-fer\/turisme-de-natura\/"},{"@type":"ListItem","position":4,"name":"Pesca"}]},{"@type":"WebSite","@id":"https:\/\/lavalldelord.com\/ca\/#website","url":"https:\/\/lavalldelord.com\/ca\/","name":"Turisme Vall de Lord","description":"Portal tur\u00edstic de la Vall de Lord, naturalment!","publisher":{"@id":"https:\/\/lavalldelord.com\/ca\/#organization"},"potentialAction":[{"@type":"SearchAction","target":{"@type":"EntryPoint","urlTemplate":"https:\/\/lavalldelord.com\/ca\/?s={search_term_string}"},"query-input":{"@type":"PropertyValueSpecification","valueRequired":true,"valueName":"search_term_string"}}],"inLanguage":"ca"},{"@type":"Organization","@id":"https:\/\/lavalldelord.com\/ca\/#organization","name":"La Vall de Lord","url":"https:\/\/lavalldelord.com\/ca\/","logo":{"@type":"ImageObject","inLanguage":"ca","@id":"https:\/\/lavalldelord.com\/ca\/#\/schema\/logo\/image\/","url":"https:\/\/lavalldelord.com\/wp-content\/uploads\/2024\/02\/DJI_0864_websize.jpg","contentUrl":"https:\/\/lavalldelord.com\/wp-content\/uploads\/2024\/02\/DJI_0864_websize.jpg","width":1600,"height":899,"caption":"La Vall de Lord"},"image":{"@id":"https:\/\/lavalldelord.com\/ca\/#\/schema\/logo\/image\/"},"sameAs":["https:\/\/www.facebook.com\/turismevalldelord","https:\/\/x.com\/valldelord","https:\/\/www.instagram.com\/turismevalldelord"]}]}},"_links":{"self":[{"href":"https:\/\/lavalldelord.com\/ca\/wp-json\/wp\/v2\/pages\/11240","targetHints":{"allow":["GET"]}}],"collection":[{"href":"https:\/\/lavalldelord.com\/ca\/wp-json\/wp\/v2\/pages"}],"about":[{"href":"https:\/\/lavalldelord.com\/ca\/wp-json\/wp\/v2\/types\/page"}],"author":[{"embeddable":true,"href":"https:\/\/lavalldelord.com\/ca\/wp-json\/wp\/v2\/users\/3"}],"replies":[{"embeddable":true,"href":"https:\/\/lavalldelord.com\/ca\/wp-json\/wp\/v2\/comments?post=11240"}],"version-history":[{"count":24,"href":"https:\/\/lavalldelord.com\/ca\/wp-json\/wp\/v2\/pages\/11240\/revisions"}],"predecessor-version":[{"id":13358,"href":"https:\/\/lavalldelord.com\/ca\/wp-json\/wp\/v2\/pages\/11240\/revisions\/13358"}],"up":[{"embeddable":true,"href":"https:\/\/lavalldelord.com\/ca\/wp-json\/wp\/v2\/pages\/11196"}],"wp:featuredmedia":[{"embeddable":true,"href":"https:\/\/lavalldelord.com\/ca\/wp-json\/wp\/v2\/media\/9615"}],"wp:attachment":[{"href":"https:\/\/lavalldelord.com\/ca\/wp-json\/wp\/v2\/media?parent=11240"}],"curies":[{"name":"wp","href":"https:\/\/api.w.org\/{rel}","templated":true}]}}