{"id":11398,"date":"2024-06-18T16:20:19","date_gmt":"2024-06-18T15:20:19","guid":{"rendered":"https:\/\/lavalldelord.com\/?page_id=11398"},"modified":"2026-03-29T12:50:37","modified_gmt":"2026-03-29T11:50:37","slug":"visites-guiades-a-sant-llorenc-de-morunys","status":"publish","type":"page","link":"https:\/\/lavalldelord.com\/ca\/que-fer\/visites-guiades-a-sant-llorenc-de-morunys\/","title":{"rendered":"Visites guiades a Sant Lloren\u00e7 de Morunys"},"content":{"rendered":"<p><\/p>\n<h3><strong>Descobreix la hist\u00f2ria de Sant Lloren\u00e7 de Morunys a trav\u00e9s de les nostres visites guiades!<\/strong><\/h3>\n<p>Descobreix l&#8217;origen i la hist\u00f2ria medieval de la vila de Sant Lloren\u00e7 de Morunys tot recorrent els seus carrers empedrats.<\/p>\n<p>Dins del nucli hist\u00f2ric podreu descobrir els portals, els sostres de guix emmotllat del segle XVI, els perxes que encara es poden veure a la pla\u00e7a Major, el carrer Major i fins arribar a la part alta del poble, on podreu descobrir el conjunt del monestir de Sant Lloren\u00e7 de Morunys.<\/p>\n<p>Coneixereu quines eren les fam\u00edlies m\u00e9s importants a la vila i la seva principal font econ\u00f2mica: el drap piteu. O un dels fets m\u00e9s tr\u00e0gics que ha viscut la poblaci\u00f3: la seva crema i saqueig el 1823.<\/p>\n<p>Dins del recorregut tamb\u00e9 es visita l&#8217;<a href=\"https:\/\/lavalldelord.com\/punt\/esglesia-sant-llorenc-morunys\/\" target=\"_blank\" rel=\"noopener\">esgl\u00e9sia rom\u00e0nica<\/a>, la qual alberga dins seu un ric patrimoni com els dos retaules g\u00f2tics de Sant Miquel i Sant Joan Baptista i el del Sant Esperit aix\u00ed com l&#8217;<a href=\"https:\/\/lavalldelord.com\/punt\/altar-dels-colls\/\" target=\"_blank\" rel=\"noopener\">altar barroc dels Colls<\/a>, un dels m\u00e9s importants de Catalunya.<\/p>\n<p>Passejareu per la calma i tranquil\u00b7litat que es respira a dins del <a href=\"https:\/\/lavalldelord.com\/punt\/claustre-sant-llorenc-morunys\/\" target=\"_blank\" rel=\"noopener\">claustre del monestir<\/a> i es finalitzar\u00e0 la visita al <a href=\"https:\/\/lavalldelord.com\/que-fer\/turisme-cultural\/museu-centre-dinterpretacio-vall-de-lord\/\">Museu &#8211; Centre d&#8217;Interpretaci\u00f3 de la Vall de Lord<\/a>, espai que \u00e9s la porta d&#8217;entrada a con\u00e8ixer la natura, cultura i hist\u00f2ria de la Vall de Lord.<\/p>\n<p>&nbsp;<\/p>\n<p><strong> VENDA D&#8217;ENTRADES A<\/strong>: <a href=\"https:\/\/entradessolsones.com\/activitat\/visita-guiada-al-nucli-histric-de-sant-lloren-de-morunys\">https:\/\/entradessolsones.com\/activitat\/visita-guiada-al-nucli-histric-de-sant-lloren-de-morunys<\/a><\/p>\n<p>&nbsp;<\/p>\n<h3><strong>PREUS<\/strong><\/h3>\n<table width=\"567\">\n<tbody>\n<tr>\n<td colspan=\"2\" width=\"566\"><strong>Visites agendades &#8211; calendari (IVA incl\u00f2s)<\/strong><\/td>\n<td width=\"0\"><\/td>\n<\/tr>\n<tr>\n<td width=\"293\"><em>Menors de 15 anys (incl\u00f2s)<\/em><\/td>\n<td colspan=\"2\" width=\"274\">gratu\u00eft<\/td>\n<\/tr>\n<tr>\n<td width=\"293\"><em>A partir de 15 anys i estudiants<\/em><\/td>\n<td colspan=\"2\" width=\"274\">4\u20ac<\/td>\n<\/tr>\n<tr>\n<td width=\"293\"><em>Preu general<\/em><\/td>\n<td colspan=\"2\" width=\"274\">12\u20ac<\/td>\n<\/tr>\n<tr>\n<td width=\"293\"><em>Jubilats<\/em><\/td>\n<td colspan=\"2\" width=\"274\">10\u20ac<\/td>\n<\/tr>\n<\/tbody>\n<\/table>\n<p>&nbsp;<\/p>\n<h3>PROPERES DATES<\/h3>\n<p><strong>Hora:<\/strong> 11:30h.<\/p>\n<p><strong>Lloc:<\/strong> Museu &#8211; Centre d&#8217;Interpretaci\u00f3 de la Vall de Lord<\/p>\n<ul>\n<li>&#8211; 3, 4 i 5 d&#8217;abril<\/li>\n<li>&#8211; 1, 2 i 3 de maig<\/li>\n<li>&#8211; 20 i 21 de juny<\/li>\n<li>&#8211; 25 i 26 de juliol<\/li>\n<li>&#8211; Tots els divendres, dissabtes i diumenges d&#8217;agost<\/li>\n<li>&#8211; 17 i 18 d&#8217;octubre<\/li>\n<li>&#8211; 31 d&#8217;octubre i 1 de novembre<\/li>\n<li>&#8211; 5, 6 i 7 de desembre<\/li>\n<\/ul>\n<p><em>I si vols fer una visita fora d&#8217;aquestes dates, envia&#8217;ns un correu a info@lavalldelord.com per demanar m\u00e9s informaci\u00f3.<\/em><\/p>\n<p>&nbsp;<\/p>\n<p><img loading=\"lazy\" decoding=\"async\" class=\"alignnone size-medium wp-image-13673\" src=\"https:\/\/lavalldelord.com\/wp-content\/uploads\/2026\/03\/visites_guiades_abril_2026-424x600.png\" alt=\"\" width=\"424\" height=\"600\" srcset=\"https:\/\/lavalldelord.com\/wp-content\/uploads\/2026\/03\/visites_guiades_abril_2026-424x600.png 424w, https:\/\/lavalldelord.com\/wp-content\/uploads\/2026\/03\/visites_guiades_abril_2026-724x1024.png 724w, https:\/\/lavalldelord.com\/wp-content\/uploads\/2026\/03\/visites_guiades_abril_2026-283x400.png 283w, https:\/\/lavalldelord.com\/wp-content\/uploads\/2026\/03\/visites_guiades_abril_2026-768x1086.png 768w, https:\/\/lavalldelord.com\/wp-content\/uploads\/2026\/03\/visites_guiades_abril_2026-1086x1536.png 1086w, https:\/\/lavalldelord.com\/wp-content\/uploads\/2026\/03\/visites_guiades_abril_2026-1448x2048.png 1448w, https:\/\/lavalldelord.com\/wp-content\/uploads\/2026\/03\/visites_guiades_abril_2026.png 1587w\" sizes=\"auto, (max-width: 424px) 100vw, 424px\" \/><\/p>","protected":false},"excerpt":{"rendered":"<p>Descobreix la hist\u00f2ria de Sant Lloren\u00e7 de Morunys a trav\u00e9s de les nostres visites guiades! Descobreix l&#8217;origen i la hist\u00f2ria [&hellip;]<\/p>\n","protected":false},"author":3,"featured_media":10822,"parent":15,"menu_order":188,"comment_status":"closed","ping_status":"closed","template":"","meta":{"_acf_changed":false,"_exactmetrics_skip_tracking":false,"_exactmetrics_sitenote_active":false,"_exactmetrics_sitenote_note":"","_exactmetrics_sitenote_category":0,"_joinchat":[],"footnotes":""},"class_list":["post-11398","page","type-page","status-publish","has-post-thumbnail","hentry"],"acf":[],"yoast_head":"<!-- This site is optimized with the Yoast SEO plugin v27.5 - https:\/\/yoast.com\/product\/yoast-seo-wordpress\/ -->\n<title>Visites guiades a Sant Lloren\u00e7 de Morunys - La Vall de Lord<\/title>\n<meta name=\"description\" content=\"Descobreix la hist\u00f2ria de Sant Lloren\u00e7 de Morunys a trav\u00e9s de les nostres visites guiades! Consulta en aquesta p\u00e0gina les dates i els preus\" \/>\n<meta name=\"robots\" content=\"index, follow, max-snippet:-1, max-image-preview:large, max-video-preview:-1\" \/>\n<link rel=\"canonical\" href=\"https:\/\/lavalldelord.com\/ca\/que-fer\/visites-guiades-a-sant-llorenc-de-morunys\/\" \/>\n<meta property=\"og:locale\" content=\"ca_ES\" \/>\n<meta property=\"og:type\" content=\"article\" \/>\n<meta property=\"og:title\" content=\"Visites guiades a Sant Lloren\u00e7 de Morunys - La Vall de Lord\" \/>\n<meta property=\"og:description\" content=\"Descobreix la hist\u00f2ria de Sant Lloren\u00e7 de Morunys a trav\u00e9s de les nostres visites guiades! Consulta en aquesta p\u00e0gina les dates i els preus\" \/>\n<meta property=\"og:url\" content=\"https:\/\/lavalldelord.com\/ca\/que-fer\/visites-guiades-a-sant-llorenc-de-morunys\/\" \/>\n<meta property=\"og:site_name\" content=\"La Vall de Lord\" \/>\n<meta property=\"article:publisher\" content=\"https:\/\/www.facebook.com\/turismevalldelord\" \/>\n<meta property=\"article:modified_time\" content=\"2026-03-29T11:50:37+00:00\" \/>\n<meta property=\"og:image\" content=\"https:\/\/lavalldelord.com\/wp-content\/uploads\/2024\/03\/EKSY9P7WwAEl_wM.jpg\" \/>\n\t<meta property=\"og:image:width\" content=\"1024\" \/>\n\t<meta property=\"og:image:height\" content=\"683\" \/>\n\t<meta property=\"og:image:type\" content=\"image\/jpeg\" \/>\n<meta name=\"twitter:card\" content=\"summary_large_image\" \/>\n<meta name=\"twitter:site\" content=\"@valldelord\" \/>\n<meta name=\"twitter:label1\" content=\"Temps estimat de lectura\" \/>\n\t<meta name=\"twitter:data1\" content=\"3 minuts\" \/>\n<script type=\"application\/ld+json\" class=\"yoast-schema-graph\">{\"@context\":\"https:\\\/\\\/schema.org\",\"@graph\":[{\"@type\":\"WebPage\",\"@id\":\"https:\\\/\\\/lavalldelord.com\\\/ca\\\/que-fer\\\/visites-guiades-a-sant-llorenc-de-morunys\\\/\",\"url\":\"https:\\\/\\\/lavalldelord.com\\\/ca\\\/que-fer\\\/visites-guiades-a-sant-llorenc-de-morunys\\\/\",\"name\":\"Visites guiades a Sant Lloren\u00e7 de Morunys - La Vall de Lord\",\"isPartOf\":{\"@id\":\"https:\\\/\\\/lavalldelord.com\\\/ca\\\/#website\"},\"primaryImageOfPage\":{\"@id\":\"https:\\\/\\\/lavalldelord.com\\\/ca\\\/que-fer\\\/visites-guiades-a-sant-llorenc-de-morunys\\\/#primaryimage\"},\"image\":{\"@id\":\"https:\\\/\\\/lavalldelord.com\\\/que-fer\\\/visites-guiades-a-sant-llorenc-de-morunys\\\/#primaryimage\"},\"thumbnailUrl\":\"https:\\\/\\\/lavalldelord.com\\\/wp-content\\\/uploads\\\/2024\\\/03\\\/EKSY9P7WwAEl_wM.jpg\",\"datePublished\":\"2024-06-18T15:20:19+00:00\",\"dateModified\":\"2026-03-29T11:50:37+00:00\",\"description\":\"Descobreix la hist\u00f2ria de Sant Lloren\u00e7 de Morunys a trav\u00e9s de les nostres visites guiades! Consulta en aquesta p\u00e0gina les dates i els preus\",\"breadcrumb\":{\"@id\":\"https:\\\/\\\/lavalldelord.com\\\/ca\\\/que-fer\\\/visites-guiades-a-sant-llorenc-de-morunys\\\/#breadcrumb\"},\"inLanguage\":\"ca\",\"potentialAction\":[{\"@type\":\"ReadAction\",\"target\":[[\"https:\\\/\\\/lavalldelord.com\\\/ca\\\/que-fer\\\/visites-guiades-a-sant-llorenc-de-morunys\\\/\"]]}]},{\"@type\":\"ImageObject\",\"inLanguage\":\"ca\",\"@id\":\"https:\\\/\\\/lavalldelord.com\\\/ca\\\/que-fer\\\/visites-guiades-a-sant-llorenc-de-morunys\\\/#primaryimage\",\"url\":\"https:\\\/\\\/lavalldelord.com\\\/wp-content\\\/uploads\\\/2024\\\/03\\\/EKSY9P7WwAEl_wM.jpg\",\"contentUrl\":\"https:\\\/\\\/lavalldelord.com\\\/wp-content\\\/uploads\\\/2024\\\/03\\\/EKSY9P7WwAEl_wM.jpg\",\"width\":1024,\"height\":683},{\"@type\":\"BreadcrumbList\",\"@id\":\"https:\\\/\\\/lavalldelord.com\\\/ca\\\/que-fer\\\/visites-guiades-a-sant-llorenc-de-morunys\\\/#breadcrumb\",\"itemListElement\":[{\"@type\":\"ListItem\",\"position\":1,\"name\":\"Inici\",\"item\":\"https:\\\/\\\/lavalldelord.com\\\/ca\\\/\"},{\"@type\":\"ListItem\",\"position\":2,\"name\":\"Quoi faire?\",\"item\":\"https:\\\/\\\/lavalldelord.com\\\/ca\\\/que-fer\\\/\"},{\"@type\":\"ListItem\",\"position\":3,\"name\":\"Visites guiades a Sant Lloren\u00e7 de Morunys\"}]},{\"@type\":\"WebSite\",\"@id\":\"https:\\\/\\\/lavalldelord.com\\\/ca\\\/#website\",\"url\":\"https:\\\/\\\/lavalldelord.com\\\/ca\\\/\",\"name\":\"Turisme Vall de Lord\",\"description\":\"Portal tur\u00edstic de la Vall de Lord, naturalment!\",\"publisher\":{\"@id\":\"https:\\\/\\\/lavalldelord.com\\\/ca\\\/#organization\"},\"potentialAction\":[{\"@type\":\"SearchAction\",\"target\":{\"@type\":\"EntryPoint\",\"urlTemplate\":\"https:\\\/\\\/lavalldelord.com\\\/ca\\\/?s={search_term_string}\"},\"query-input\":{\"@type\":\"PropertyValueSpecification\",\"valueRequired\":true,\"valueName\":\"search_term_string\"}}],\"inLanguage\":\"ca\"},{\"@type\":\"Organization\",\"@id\":\"https:\\\/\\\/lavalldelord.com\\\/ca\\\/#organization\",\"name\":\"La Vall de Lord\",\"url\":\"https:\\\/\\\/lavalldelord.com\\\/ca\\\/\",\"logo\":{\"@type\":\"ImageObject\",\"inLanguage\":\"ca\",\"@id\":\"https:\\\/\\\/lavalldelord.com\\\/ca\\\/#\\\/schema\\\/logo\\\/image\\\/\",\"url\":\"https:\\\/\\\/lavalldelord.com\\\/wp-content\\\/uploads\\\/2024\\\/02\\\/DJI_0864_websize.jpg\",\"contentUrl\":\"https:\\\/\\\/lavalldelord.com\\\/wp-content\\\/uploads\\\/2024\\\/02\\\/DJI_0864_websize.jpg\",\"width\":1600,\"height\":899,\"caption\":\"La Vall de Lord\"},\"image\":{\"@id\":\"https:\\\/\\\/lavalldelord.com\\\/ca\\\/#\\\/schema\\\/logo\\\/image\\\/\"},\"sameAs\":[\"https:\\\/\\\/www.facebook.com\\\/turismevalldelord\",\"https:\\\/\\\/x.com\\\/valldelord\",\"https:\\\/\\\/www.instagram.com\\\/turismevalldelord\"]}]}<\/script>\n<!-- \/ Yoast SEO plugin. -->","yoast_head_json":{"title":"Visites guiades a Sant Lloren\u00e7 de Morunys - La Vall de Lord","description":"Descobreix la hist\u00f2ria de Sant Lloren\u00e7 de Morunys a trav\u00e9s de les nostres visites guiades! Consulta en aquesta p\u00e0gina les dates i els preus","robots":{"index":"index","follow":"follow","max-snippet":"max-snippet:-1","max-image-preview":"max-image-preview:large","max-video-preview":"max-video-preview:-1"},"canonical":"https:\/\/lavalldelord.com\/ca\/que-fer\/visites-guiades-a-sant-llorenc-de-morunys\/","og_locale":"ca_ES","og_type":"article","og_title":"Visites guiades a Sant Lloren\u00e7 de Morunys - La Vall de Lord","og_description":"Descobreix la hist\u00f2ria de Sant Lloren\u00e7 de Morunys a trav\u00e9s de les nostres visites guiades! Consulta en aquesta p\u00e0gina les dates i els preus","og_url":"https:\/\/lavalldelord.com\/ca\/que-fer\/visites-guiades-a-sant-llorenc-de-morunys\/","og_site_name":"La Vall de Lord","article_publisher":"https:\/\/www.facebook.com\/turismevalldelord","article_modified_time":"2026-03-29T11:50:37+00:00","og_image":[{"width":1024,"height":683,"url":"https:\/\/lavalldelord.com\/wp-content\/uploads\/2024\/03\/EKSY9P7WwAEl_wM.jpg","type":"image\/jpeg"}],"twitter_card":"summary_large_image","twitter_site":"@valldelord","twitter_misc":{"Temps estimat de lectura":"3 minuts"},"schema":{"@context":"https:\/\/schema.org","@graph":[{"@type":"WebPage","@id":"https:\/\/lavalldelord.com\/ca\/que-fer\/visites-guiades-a-sant-llorenc-de-morunys\/","url":"https:\/\/lavalldelord.com\/ca\/que-fer\/visites-guiades-a-sant-llorenc-de-morunys\/","name":"Visites guiades a Sant Lloren\u00e7 de Morunys - La Vall de Lord","isPartOf":{"@id":"https:\/\/lavalldelord.com\/ca\/#website"},"primaryImageOfPage":{"@id":"https:\/\/lavalldelord.com\/ca\/que-fer\/visites-guiades-a-sant-llorenc-de-morunys\/#primaryimage"},"image":{"@id":"https:\/\/lavalldelord.com\/que-fer\/visites-guiades-a-sant-llorenc-de-morunys\/#primaryimage"},"thumbnailUrl":"https:\/\/lavalldelord.com\/wp-content\/uploads\/2024\/03\/EKSY9P7WwAEl_wM.jpg","datePublished":"2024-06-18T15:20:19+00:00","dateModified":"2026-03-29T11:50:37+00:00","description":"Descobreix la hist\u00f2ria de Sant Lloren\u00e7 de Morunys a trav\u00e9s de les nostres visites guiades! Consulta en aquesta p\u00e0gina les dates i els preus","breadcrumb":{"@id":"https:\/\/lavalldelord.com\/ca\/que-fer\/visites-guiades-a-sant-llorenc-de-morunys\/#breadcrumb"},"inLanguage":"ca","potentialAction":[{"@type":"ReadAction","target":[["https:\/\/lavalldelord.com\/ca\/que-fer\/visites-guiades-a-sant-llorenc-de-morunys\/"]]}]},{"@type":"ImageObject","inLanguage":"ca","@id":"https:\/\/lavalldelord.com\/ca\/que-fer\/visites-guiades-a-sant-llorenc-de-morunys\/#primaryimage","url":"https:\/\/lavalldelord.com\/wp-content\/uploads\/2024\/03\/EKSY9P7WwAEl_wM.jpg","contentUrl":"https:\/\/lavalldelord.com\/wp-content\/uploads\/2024\/03\/EKSY9P7WwAEl_wM.jpg","width":1024,"height":683},{"@type":"BreadcrumbList","@id":"https:\/\/lavalldelord.com\/ca\/que-fer\/visites-guiades-a-sant-llorenc-de-morunys\/#breadcrumb","itemListElement":[{"@type":"ListItem","position":1,"name":"Inici","item":"https:\/\/lavalldelord.com\/ca\/"},{"@type":"ListItem","position":2,"name":"Quoi faire?","item":"https:\/\/lavalldelord.com\/ca\/que-fer\/"},{"@type":"ListItem","position":3,"name":"Visites guiades a Sant Lloren\u00e7 de Morunys"}]},{"@type":"WebSite","@id":"https:\/\/lavalldelord.com\/ca\/#website","url":"https:\/\/lavalldelord.com\/ca\/","name":"Turisme Vall de Lord","description":"Portal tur\u00edstic de la Vall de Lord, naturalment!","publisher":{"@id":"https:\/\/lavalldelord.com\/ca\/#organization"},"potentialAction":[{"@type":"SearchAction","target":{"@type":"EntryPoint","urlTemplate":"https:\/\/lavalldelord.com\/ca\/?s={search_term_string}"},"query-input":{"@type":"PropertyValueSpecification","valueRequired":true,"valueName":"search_term_string"}}],"inLanguage":"ca"},{"@type":"Organization","@id":"https:\/\/lavalldelord.com\/ca\/#organization","name":"La Vall de Lord","url":"https:\/\/lavalldelord.com\/ca\/","logo":{"@type":"ImageObject","inLanguage":"ca","@id":"https:\/\/lavalldelord.com\/ca\/#\/schema\/logo\/image\/","url":"https:\/\/lavalldelord.com\/wp-content\/uploads\/2024\/02\/DJI_0864_websize.jpg","contentUrl":"https:\/\/lavalldelord.com\/wp-content\/uploads\/2024\/02\/DJI_0864_websize.jpg","width":1600,"height":899,"caption":"La Vall de Lord"},"image":{"@id":"https:\/\/lavalldelord.com\/ca\/#\/schema\/logo\/image\/"},"sameAs":["https:\/\/www.facebook.com\/turismevalldelord","https:\/\/x.com\/valldelord","https:\/\/www.instagram.com\/turismevalldelord"]}]}},"_links":{"self":[{"href":"https:\/\/lavalldelord.com\/ca\/wp-json\/wp\/v2\/pages\/11398","targetHints":{"allow":["GET"]}}],"collection":[{"href":"https:\/\/lavalldelord.com\/ca\/wp-json\/wp\/v2\/pages"}],"about":[{"href":"https:\/\/lavalldelord.com\/ca\/wp-json\/wp\/v2\/types\/page"}],"author":[{"embeddable":true,"href":"https:\/\/lavalldelord.com\/ca\/wp-json\/wp\/v2\/users\/3"}],"replies":[{"embeddable":true,"href":"https:\/\/lavalldelord.com\/ca\/wp-json\/wp\/v2\/comments?post=11398"}],"version-history":[{"count":29,"href":"https:\/\/lavalldelord.com\/ca\/wp-json\/wp\/v2\/pages\/11398\/revisions"}],"predecessor-version":[{"id":13706,"href":"https:\/\/lavalldelord.com\/ca\/wp-json\/wp\/v2\/pages\/11398\/revisions\/13706"}],"up":[{"embeddable":true,"href":"https:\/\/lavalldelord.com\/ca\/wp-json\/wp\/v2\/pages\/15"}],"wp:featuredmedia":[{"embeddable":true,"href":"https:\/\/lavalldelord.com\/ca\/wp-json\/wp\/v2\/media\/10822"}],"wp:attachment":[{"href":"https:\/\/lavalldelord.com\/ca\/wp-json\/wp\/v2\/media?parent=11398"}],"curies":[{"name":"wp","href":"https:\/\/api.w.org\/{rel}","templated":true}]}}