{"id":11891,"date":"2024-11-01T19:35:10","date_gmt":"2024-11-01T18:35:10","guid":{"rendered":"https:\/\/lavalldelord.com\/?page_id=11891"},"modified":"2025-01-27T13:56:12","modified_gmt":"2025-01-27T12:56:12","slug":"el-passaport-de-sant-llorenc-de-morunys","status":"publish","type":"page","link":"https:\/\/lavalldelord.com\/ca\/passaport-sant-llorenc\/el-passaport-de-sant-llorenc-de-morunys\/","title":{"rendered":"El passaport"},"content":{"rendered":"<p><\/p>\n<h3 style=\"text-align: center;\"><strong>EL PASSAPORT DE SANT LLOREN\u00c7 DE MORUNYS<\/strong><\/h3>\n<h4 style=\"text-align: center;\"><strong><em>Con\u00e8ixer el patrimoni cultural i natural de Sant Lloren\u00e7 de Morunys t\u00e9 premi!<\/em><\/strong><\/h4>\n<p>&nbsp;<\/p>\n<p><span style=\"text-decoration: underline;\"><strong>EL PASSAPORT<\/strong><\/span><\/p>\n<h3 style=\"text-align: center;\"><strong><img loading=\"lazy\" decoding=\"async\" class=\"wp-image-11909 alignleft\" src=\"https:\/\/lavalldelord.com\/wp-content\/uploads\/2024\/11\/fotografia_portada_passaport-515x600.png\" alt=\"Portada passaport Sant Lloren\u00e7 de Morunys\" width=\"278\" height=\"324\" srcset=\"https:\/\/lavalldelord.com\/wp-content\/uploads\/2024\/11\/fotografia_portada_passaport-515x600.png 515w, https:\/\/lavalldelord.com\/wp-content\/uploads\/2024\/11\/fotografia_portada_passaport-343x400.png 343w, https:\/\/lavalldelord.com\/wp-content\/uploads\/2024\/11\/fotografia_portada_passaport.png 711w\" sizes=\"auto, (max-width: 278px) 100vw, 278px\" \/><\/strong><\/h3>\n<p>&nbsp;<\/p>\n<p>El <strong>passaport de Sant Lloren\u00e7 de Morunys<\/strong> consisteix en un llibret amb <strong>10 reptes<\/strong> al seu interior per superar.<\/p>\n<p>Gr\u00e0cies a ells, <strong>coneixer\u00e0s la natura, la cultura i l&#8217;etnografia<\/strong> de Sant Lloren\u00e7 de Morunys aix\u00ed com apostar\u00e0s per un <strong>turisme sostenible, de proximitat<\/strong> i apostant pels <strong>productes de km 0.<\/strong><\/p>\n<p>I no nom\u00e9s aix\u00f2; participar-hi, et pot portar a <strong>guanyar un dels 3 premis<\/strong> que se sortejaran entre tots els participants que superin els 10 reptes correctament!<\/p>\n<p>T&#8217;hi atreveixes?<\/p>\n<p>&nbsp;<\/p>\n<p>&#x1f4cd; El passaport el podr\u00e0s <strong>aconseguir a l&#8217;Oficina de Turisme de la Vall de Lord o al Museu &#8211; Centre d&#8217;Interpretaci\u00f3 de la Vall de Lord.<\/strong><\/p>\n<p>&nbsp;<\/p>\n<p><img loading=\"lazy\" decoding=\"async\" class=\"wp-image-11912 alignright\" src=\"https:\/\/lavalldelord.com\/wp-content\/uploads\/2024\/11\/dracEnguixats-HRovira-600x589.png\" alt=\"\" width=\"257\" height=\"253\" srcset=\"https:\/\/lavalldelord.com\/wp-content\/uploads\/2024\/11\/dracEnguixats-HRovira-600x589.png 600w, https:\/\/lavalldelord.com\/wp-content\/uploads\/2024\/11\/dracEnguixats-HRovira-400x393.png 400w, https:\/\/lavalldelord.com\/wp-content\/uploads\/2024\/11\/dracEnguixats-HRovira.png 696w\" sizes=\"auto, (max-width: 257px) 100vw, 257px\" \/><\/p>\n<p><strong><span style=\"text-decoration: underline;\">ELS REPTES<\/span><\/strong><\/p>\n<p>A l&#8217;interior hi trobar\u00e0s 10 reptes separats en dues categories:<\/p>\n<ul>\n<li>&#8211; <strong>6 reptes<\/strong> relacionats en resoldre preguntes sobre natura, cultura, hist\u00f2ria i etnografia de Sant Lloren\u00e7 de Morunys.<\/li>\n<li>&#8211; <strong>4 reptes<\/strong> consistents en realitzar despesa a Sant Lloren\u00e7 de Morunys i la Vall de Lord (allotjament, restaurant, comer\u00e7 i activitat)<\/li>\n<\/ul>\n<p>&nbsp;<\/p>\n<p>&nbsp;<\/p>\n<p>Consulta el directori d&#8217;empreses i establiments on podr\u00e0s superar els reptes:<\/p>\n<p><a href=\"https:\/\/lavalldelord.com\/wp-content\/uploads\/2025\/01\/llistat_allotjaments_valldelord.pdf\">LLISTAT D&#8217;ALLOTJAMENTS<\/a><\/p>\n<p><a href=\"https:\/\/lavalldelord.com\/wp-content\/uploads\/2024\/12\/llistat_restaurants_valldelord.pdf\">LLISTAT DE RESTAURANTS<\/a><\/p>\n<p><a href=\"https:\/\/lavalldelord.com\/wp-content\/uploads\/2024\/06\/llistat_comercos_web.pdf\">LLISTAT DE COMER\u00c7OS<\/a><\/p>\n<p><a href=\"https:\/\/lavalldelord.com\/wp-content\/uploads\/2024\/10\/llistat_activitats_web.pdf\">LLISTAT D&#8217;ACTIVITATS<\/a><\/p>\n<p>&nbsp;<\/p>","protected":false},"excerpt":{"rendered":"<p>EL PASSAPORT DE SANT LLOREN\u00c7 DE MORUNYS Con\u00e8ixer el patrimoni cultural i natural de Sant Lloren\u00e7 de Morunys t\u00e9 premi! [&hellip;]<\/p>\n","protected":false},"author":3,"featured_media":11937,"parent":11833,"menu_order":37,"comment_status":"closed","ping_status":"closed","template":"full-width.php","meta":{"_acf_changed":false,"_exactmetrics_skip_tracking":false,"_exactmetrics_sitenote_active":false,"_exactmetrics_sitenote_note":"","_exactmetrics_sitenote_category":0,"_joinchat":[],"footnotes":""},"class_list":["post-11891","page","type-page","status-publish","has-post-thumbnail","hentry"],"acf":[],"yoast_head":"<!-- This site is optimized with the Yoast SEO plugin v27.5 - https:\/\/yoast.com\/product\/yoast-seo-wordpress\/ -->\n<title>El passaport de Sant Lloren\u00e7 de Morunys<\/title>\n<meta name=\"description\" content=\"Tota la informaci\u00f3 sobre el passaport de Sant Lloren\u00e7 de Morunys. Descobrir el patrimoni de Sant Lloren\u00e7 de Morunys t\u00e9 premi!\" \/>\n<meta name=\"robots\" content=\"index, follow, max-snippet:-1, max-image-preview:large, max-video-preview:-1\" \/>\n<link rel=\"canonical\" href=\"https:\/\/lavalldelord.com\/ca\/passaport-sant-llorenc\/el-passaport-de-sant-llorenc-de-morunys\/\" \/>\n<meta property=\"og:locale\" content=\"ca_ES\" \/>\n<meta property=\"og:type\" content=\"article\" \/>\n<meta property=\"og:title\" content=\"El passaport de Sant Lloren\u00e7 de Morunys\" \/>\n<meta property=\"og:description\" content=\"Tota la informaci\u00f3 sobre el passaport de Sant Lloren\u00e7 de Morunys. Descobrir el patrimoni de Sant Lloren\u00e7 de Morunys t\u00e9 premi!\" \/>\n<meta property=\"og:url\" content=\"https:\/\/lavalldelord.com\/ca\/passaport-sant-llorenc\/el-passaport-de-sant-llorenc-de-morunys\/\" \/>\n<meta property=\"og:site_name\" content=\"La Vall de Lord\" \/>\n<meta property=\"article:publisher\" content=\"https:\/\/www.facebook.com\/turismevalldelord\" \/>\n<meta property=\"article:modified_time\" content=\"2025-01-27T12:56:12+00:00\" \/>\n<meta property=\"og:image\" content=\"https:\/\/lavalldelord.com\/wp-content\/uploads\/2024\/11\/1-1024x724.png\" \/>\n\t<meta property=\"og:image:width\" content=\"1024\" \/>\n\t<meta property=\"og:image:height\" content=\"724\" \/>\n\t<meta property=\"og:image:type\" content=\"image\/png\" \/>\n<meta name=\"twitter:card\" content=\"summary_large_image\" \/>\n<meta name=\"twitter:site\" content=\"@valldelord\" \/>\n<meta name=\"twitter:label1\" content=\"Temps estimat de lectura\" \/>\n\t<meta name=\"twitter:data1\" content=\"2 minuts\" \/>\n<script type=\"application\/ld+json\" class=\"yoast-schema-graph\">{\"@context\":\"https:\\\/\\\/schema.org\",\"@graph\":[{\"@type\":\"WebPage\",\"@id\":\"https:\\\/\\\/lavalldelord.com\\\/ca\\\/passaport-sant-llorenc\\\/el-passaport-de-sant-llorenc-de-morunys\\\/\",\"url\":\"https:\\\/\\\/lavalldelord.com\\\/ca\\\/passaport-sant-llorenc\\\/el-passaport-de-sant-llorenc-de-morunys\\\/\",\"name\":\"El passaport de Sant Lloren\u00e7 de Morunys\",\"isPartOf\":{\"@id\":\"https:\\\/\\\/lavalldelord.com\\\/ca\\\/#website\"},\"primaryImageOfPage\":{\"@id\":\"https:\\\/\\\/lavalldelord.com\\\/ca\\\/passaport-sant-llorenc\\\/el-passaport-de-sant-llorenc-de-morunys\\\/#primaryimage\"},\"image\":{\"@id\":\"https:\\\/\\\/lavalldelord.com\\\/passaport-sant-llorenc\\\/el-passaport-de-sant-llorenc-de-morunys\\\/#primaryimage\"},\"thumbnailUrl\":\"https:\\\/\\\/lavalldelord.com\\\/wp-content\\\/uploads\\\/2024\\\/11\\\/1.png\",\"datePublished\":\"2024-11-01T18:35:10+00:00\",\"dateModified\":\"2025-01-27T12:56:12+00:00\",\"description\":\"Tota la informaci\u00f3 sobre el passaport de Sant Lloren\u00e7 de Morunys. Descobrir el patrimoni de Sant Lloren\u00e7 de Morunys t\u00e9 premi!\",\"breadcrumb\":{\"@id\":\"https:\\\/\\\/lavalldelord.com\\\/ca\\\/passaport-sant-llorenc\\\/el-passaport-de-sant-llorenc-de-morunys\\\/#breadcrumb\"},\"inLanguage\":\"ca\",\"potentialAction\":[{\"@type\":\"ReadAction\",\"target\":[[\"https:\\\/\\\/lavalldelord.com\\\/ca\\\/passaport-sant-llorenc\\\/el-passaport-de-sant-llorenc-de-morunys\\\/\"]]}]},{\"@type\":\"ImageObject\",\"inLanguage\":\"ca\",\"@id\":\"https:\\\/\\\/lavalldelord.com\\\/ca\\\/passaport-sant-llorenc\\\/el-passaport-de-sant-llorenc-de-morunys\\\/#primaryimage\",\"url\":\"https:\\\/\\\/lavalldelord.com\\\/wp-content\\\/uploads\\\/2024\\\/11\\\/1.png\",\"contentUrl\":\"https:\\\/\\\/lavalldelord.com\\\/wp-content\\\/uploads\\\/2024\\\/11\\\/1.png\",\"width\":2000,\"height\":1414},{\"@type\":\"BreadcrumbList\",\"@id\":\"https:\\\/\\\/lavalldelord.com\\\/ca\\\/passaport-sant-llorenc\\\/el-passaport-de-sant-llorenc-de-morunys\\\/#breadcrumb\",\"itemListElement\":[{\"@type\":\"ListItem\",\"position\":1,\"name\":\"Inici\",\"item\":\"https:\\\/\\\/lavalldelord.com\\\/ca\\\/\"},{\"@type\":\"ListItem\",\"position\":2,\"name\":\"PASSAPORT SANT LLOREN\u00c7\",\"item\":\"https:\\\/\\\/lavalldelord.com\\\/ca\\\/passaport-sant-llorenc\\\/\"},{\"@type\":\"ListItem\",\"position\":3,\"name\":\"El passaport\"}]},{\"@type\":\"WebSite\",\"@id\":\"https:\\\/\\\/lavalldelord.com\\\/ca\\\/#website\",\"url\":\"https:\\\/\\\/lavalldelord.com\\\/ca\\\/\",\"name\":\"Turisme Vall de Lord\",\"description\":\"Portal tur\u00edstic de la Vall de Lord, naturalment!\",\"publisher\":{\"@id\":\"https:\\\/\\\/lavalldelord.com\\\/ca\\\/#organization\"},\"potentialAction\":[{\"@type\":\"SearchAction\",\"target\":{\"@type\":\"EntryPoint\",\"urlTemplate\":\"https:\\\/\\\/lavalldelord.com\\\/ca\\\/?s={search_term_string}\"},\"query-input\":{\"@type\":\"PropertyValueSpecification\",\"valueRequired\":true,\"valueName\":\"search_term_string\"}}],\"inLanguage\":\"ca\"},{\"@type\":\"Organization\",\"@id\":\"https:\\\/\\\/lavalldelord.com\\\/ca\\\/#organization\",\"name\":\"La Vall de Lord\",\"url\":\"https:\\\/\\\/lavalldelord.com\\\/ca\\\/\",\"logo\":{\"@type\":\"ImageObject\",\"inLanguage\":\"ca\",\"@id\":\"https:\\\/\\\/lavalldelord.com\\\/ca\\\/#\\\/schema\\\/logo\\\/image\\\/\",\"url\":\"https:\\\/\\\/lavalldelord.com\\\/wp-content\\\/uploads\\\/2024\\\/02\\\/DJI_0864_websize.jpg\",\"contentUrl\":\"https:\\\/\\\/lavalldelord.com\\\/wp-content\\\/uploads\\\/2024\\\/02\\\/DJI_0864_websize.jpg\",\"width\":1600,\"height\":899,\"caption\":\"La Vall de Lord\"},\"image\":{\"@id\":\"https:\\\/\\\/lavalldelord.com\\\/ca\\\/#\\\/schema\\\/logo\\\/image\\\/\"},\"sameAs\":[\"https:\\\/\\\/www.facebook.com\\\/turismevalldelord\",\"https:\\\/\\\/x.com\\\/valldelord\",\"https:\\\/\\\/www.instagram.com\\\/turismevalldelord\"]}]}<\/script>\n<!-- \/ Yoast SEO plugin. -->","yoast_head_json":{"title":"El passaport de Sant Lloren\u00e7 de Morunys","description":"Tota la informaci\u00f3 sobre el passaport de Sant Lloren\u00e7 de Morunys. Descobrir el patrimoni de Sant Lloren\u00e7 de Morunys t\u00e9 premi!","robots":{"index":"index","follow":"follow","max-snippet":"max-snippet:-1","max-image-preview":"max-image-preview:large","max-video-preview":"max-video-preview:-1"},"canonical":"https:\/\/lavalldelord.com\/ca\/passaport-sant-llorenc\/el-passaport-de-sant-llorenc-de-morunys\/","og_locale":"ca_ES","og_type":"article","og_title":"El passaport de Sant Lloren\u00e7 de Morunys","og_description":"Tota la informaci\u00f3 sobre el passaport de Sant Lloren\u00e7 de Morunys. Descobrir el patrimoni de Sant Lloren\u00e7 de Morunys t\u00e9 premi!","og_url":"https:\/\/lavalldelord.com\/ca\/passaport-sant-llorenc\/el-passaport-de-sant-llorenc-de-morunys\/","og_site_name":"La Vall de Lord","article_publisher":"https:\/\/www.facebook.com\/turismevalldelord","article_modified_time":"2025-01-27T12:56:12+00:00","og_image":[{"width":1024,"height":724,"url":"https:\/\/lavalldelord.com\/wp-content\/uploads\/2024\/11\/1-1024x724.png","type":"image\/png"}],"twitter_card":"summary_large_image","twitter_site":"@valldelord","twitter_misc":{"Temps estimat de lectura":"2 minuts"},"schema":{"@context":"https:\/\/schema.org","@graph":[{"@type":"WebPage","@id":"https:\/\/lavalldelord.com\/ca\/passaport-sant-llorenc\/el-passaport-de-sant-llorenc-de-morunys\/","url":"https:\/\/lavalldelord.com\/ca\/passaport-sant-llorenc\/el-passaport-de-sant-llorenc-de-morunys\/","name":"El passaport de Sant Lloren\u00e7 de Morunys","isPartOf":{"@id":"https:\/\/lavalldelord.com\/ca\/#website"},"primaryImageOfPage":{"@id":"https:\/\/lavalldelord.com\/ca\/passaport-sant-llorenc\/el-passaport-de-sant-llorenc-de-morunys\/#primaryimage"},"image":{"@id":"https:\/\/lavalldelord.com\/passaport-sant-llorenc\/el-passaport-de-sant-llorenc-de-morunys\/#primaryimage"},"thumbnailUrl":"https:\/\/lavalldelord.com\/wp-content\/uploads\/2024\/11\/1.png","datePublished":"2024-11-01T18:35:10+00:00","dateModified":"2025-01-27T12:56:12+00:00","description":"Tota la informaci\u00f3 sobre el passaport de Sant Lloren\u00e7 de Morunys. Descobrir el patrimoni de Sant Lloren\u00e7 de Morunys t\u00e9 premi!","breadcrumb":{"@id":"https:\/\/lavalldelord.com\/ca\/passaport-sant-llorenc\/el-passaport-de-sant-llorenc-de-morunys\/#breadcrumb"},"inLanguage":"ca","potentialAction":[{"@type":"ReadAction","target":[["https:\/\/lavalldelord.com\/ca\/passaport-sant-llorenc\/el-passaport-de-sant-llorenc-de-morunys\/"]]}]},{"@type":"ImageObject","inLanguage":"ca","@id":"https:\/\/lavalldelord.com\/ca\/passaport-sant-llorenc\/el-passaport-de-sant-llorenc-de-morunys\/#primaryimage","url":"https:\/\/lavalldelord.com\/wp-content\/uploads\/2024\/11\/1.png","contentUrl":"https:\/\/lavalldelord.com\/wp-content\/uploads\/2024\/11\/1.png","width":2000,"height":1414},{"@type":"BreadcrumbList","@id":"https:\/\/lavalldelord.com\/ca\/passaport-sant-llorenc\/el-passaport-de-sant-llorenc-de-morunys\/#breadcrumb","itemListElement":[{"@type":"ListItem","position":1,"name":"Inici","item":"https:\/\/lavalldelord.com\/ca\/"},{"@type":"ListItem","position":2,"name":"PASSAPORT SANT LLOREN\u00c7","item":"https:\/\/lavalldelord.com\/ca\/passaport-sant-llorenc\/"},{"@type":"ListItem","position":3,"name":"El passaport"}]},{"@type":"WebSite","@id":"https:\/\/lavalldelord.com\/ca\/#website","url":"https:\/\/lavalldelord.com\/ca\/","name":"Turisme Vall de Lord","description":"Portal tur\u00edstic de la Vall de Lord, naturalment!","publisher":{"@id":"https:\/\/lavalldelord.com\/ca\/#organization"},"potentialAction":[{"@type":"SearchAction","target":{"@type":"EntryPoint","urlTemplate":"https:\/\/lavalldelord.com\/ca\/?s={search_term_string}"},"query-input":{"@type":"PropertyValueSpecification","valueRequired":true,"valueName":"search_term_string"}}],"inLanguage":"ca"},{"@type":"Organization","@id":"https:\/\/lavalldelord.com\/ca\/#organization","name":"La Vall de Lord","url":"https:\/\/lavalldelord.com\/ca\/","logo":{"@type":"ImageObject","inLanguage":"ca","@id":"https:\/\/lavalldelord.com\/ca\/#\/schema\/logo\/image\/","url":"https:\/\/lavalldelord.com\/wp-content\/uploads\/2024\/02\/DJI_0864_websize.jpg","contentUrl":"https:\/\/lavalldelord.com\/wp-content\/uploads\/2024\/02\/DJI_0864_websize.jpg","width":1600,"height":899,"caption":"La Vall de Lord"},"image":{"@id":"https:\/\/lavalldelord.com\/ca\/#\/schema\/logo\/image\/"},"sameAs":["https:\/\/www.facebook.com\/turismevalldelord","https:\/\/x.com\/valldelord","https:\/\/www.instagram.com\/turismevalldelord"]}]}},"_links":{"self":[{"href":"https:\/\/lavalldelord.com\/ca\/wp-json\/wp\/v2\/pages\/11891","targetHints":{"allow":["GET"]}}],"collection":[{"href":"https:\/\/lavalldelord.com\/ca\/wp-json\/wp\/v2\/pages"}],"about":[{"href":"https:\/\/lavalldelord.com\/ca\/wp-json\/wp\/v2\/types\/page"}],"author":[{"embeddable":true,"href":"https:\/\/lavalldelord.com\/ca\/wp-json\/wp\/v2\/users\/3"}],"replies":[{"embeddable":true,"href":"https:\/\/lavalldelord.com\/ca\/wp-json\/wp\/v2\/comments?post=11891"}],"version-history":[{"count":15,"href":"https:\/\/lavalldelord.com\/ca\/wp-json\/wp\/v2\/pages\/11891\/revisions"}],"predecessor-version":[{"id":12205,"href":"https:\/\/lavalldelord.com\/ca\/wp-json\/wp\/v2\/pages\/11891\/revisions\/12205"}],"up":[{"embeddable":true,"href":"https:\/\/lavalldelord.com\/ca\/wp-json\/wp\/v2\/pages\/11833"}],"wp:featuredmedia":[{"embeddable":true,"href":"https:\/\/lavalldelord.com\/ca\/wp-json\/wp\/v2\/media\/11937"}],"wp:attachment":[{"href":"https:\/\/lavalldelord.com\/ca\/wp-json\/wp\/v2\/media?parent=11891"}],"curies":[{"name":"wp","href":"https:\/\/api.w.org\/{rel}","templated":true}]}}