{"id":11894,"date":"2024-11-02T11:11:15","date_gmt":"2024-11-02T10:11:15","guid":{"rendered":"https:\/\/lavalldelord.com\/?page_id=11894"},"modified":"2024-11-30T18:48:21","modified_gmt":"2024-11-30T17:48:21","slug":"bases-del-passaport-de-sant-llorenc-de-morunys","status":"publish","type":"page","link":"https:\/\/lavalldelord.com\/ca\/passaport-sant-llorenc\/bases-del-passaport-de-sant-llorenc-de-morunys\/","title":{"rendered":"Les bases"},"content":{"rendered":"<p>En aquest apartat podr\u00e0s consultar tota la informaci\u00f3 en detall aix\u00ed com les bases del passaport de Sant Lloren\u00e7 de Morunys i els seus sortejos i premis associats.<\/p>\n<p>&nbsp;<\/p>\n<p><a href=\"https:\/\/lavalldelord.com\/wp-content\/uploads\/2024\/11\/Bases-legals-sorteig-reptes-passaport-sant-Llorenc.pdf\" target=\"_blank\" rel=\"noopener\">Descarrega&#8217;t aqu\u00ed el PDF amb les bases legals del passaport i el sorteig<\/a><\/p>\n<p>&nbsp;<\/p>\n<p>&nbsp;<\/p>\n<p><img loading=\"lazy\" decoding=\"async\" class=\"aligncenter wp-image-12037 size-full\" src=\"https:\/\/lavalldelord.com\/wp-content\/uploads\/2024\/11\/Bases-legals-sorteig-reptes-passaport-sant-Llorenc_page-0001.jpg\" alt=\"\" width=\"1275\" height=\"1650\" srcset=\"https:\/\/lavalldelord.com\/wp-content\/uploads\/2024\/11\/Bases-legals-sorteig-reptes-passaport-sant-Llorenc_page-0001.jpg 1275w, https:\/\/lavalldelord.com\/wp-content\/uploads\/2024\/11\/Bases-legals-sorteig-reptes-passaport-sant-Llorenc_page-0001-464x600.jpg 464w, https:\/\/lavalldelord.com\/wp-content\/uploads\/2024\/11\/Bases-legals-sorteig-reptes-passaport-sant-Llorenc_page-0001-791x1024.jpg 791w, https:\/\/lavalldelord.com\/wp-content\/uploads\/2024\/11\/Bases-legals-sorteig-reptes-passaport-sant-Llorenc_page-0001-309x400.jpg 309w, https:\/\/lavalldelord.com\/wp-content\/uploads\/2024\/11\/Bases-legals-sorteig-reptes-passaport-sant-Llorenc_page-0001-768x994.jpg 768w, https:\/\/lavalldelord.com\/wp-content\/uploads\/2024\/11\/Bases-legals-sorteig-reptes-passaport-sant-Llorenc_page-0001-1187x1536.jpg 1187w\" sizes=\"auto, (max-width: 1275px) 100vw, 1275px\" \/> <img loading=\"lazy\" decoding=\"async\" class=\"aligncenter wp-image-12038 size-full\" src=\"https:\/\/lavalldelord.com\/wp-content\/uploads\/2024\/11\/Bases-legals-sorteig-reptes-passaport-sant-Llorenc_page-0002.jpg\" alt=\"\" width=\"1275\" height=\"1650\" srcset=\"https:\/\/lavalldelord.com\/wp-content\/uploads\/2024\/11\/Bases-legals-sorteig-reptes-passaport-sant-Llorenc_page-0002.jpg 1275w, https:\/\/lavalldelord.com\/wp-content\/uploads\/2024\/11\/Bases-legals-sorteig-reptes-passaport-sant-Llorenc_page-0002-464x600.jpg 464w, https:\/\/lavalldelord.com\/wp-content\/uploads\/2024\/11\/Bases-legals-sorteig-reptes-passaport-sant-Llorenc_page-0002-791x1024.jpg 791w, https:\/\/lavalldelord.com\/wp-content\/uploads\/2024\/11\/Bases-legals-sorteig-reptes-passaport-sant-Llorenc_page-0002-309x400.jpg 309w, https:\/\/lavalldelord.com\/wp-content\/uploads\/2024\/11\/Bases-legals-sorteig-reptes-passaport-sant-Llorenc_page-0002-768x994.jpg 768w, https:\/\/lavalldelord.com\/wp-content\/uploads\/2024\/11\/Bases-legals-sorteig-reptes-passaport-sant-Llorenc_page-0002-1187x1536.jpg 1187w\" sizes=\"auto, (max-width: 1275px) 100vw, 1275px\" \/> <img loading=\"lazy\" decoding=\"async\" class=\"aligncenter wp-image-12039 size-full\" src=\"https:\/\/lavalldelord.com\/wp-content\/uploads\/2024\/11\/Bases-legals-sorteig-reptes-passaport-sant-Llorenc_page-0003.jpg\" alt=\"\" width=\"1275\" height=\"1650\" srcset=\"https:\/\/lavalldelord.com\/wp-content\/uploads\/2024\/11\/Bases-legals-sorteig-reptes-passaport-sant-Llorenc_page-0003.jpg 1275w, https:\/\/lavalldelord.com\/wp-content\/uploads\/2024\/11\/Bases-legals-sorteig-reptes-passaport-sant-Llorenc_page-0003-464x600.jpg 464w, https:\/\/lavalldelord.com\/wp-content\/uploads\/2024\/11\/Bases-legals-sorteig-reptes-passaport-sant-Llorenc_page-0003-791x1024.jpg 791w, https:\/\/lavalldelord.com\/wp-content\/uploads\/2024\/11\/Bases-legals-sorteig-reptes-passaport-sant-Llorenc_page-0003-309x400.jpg 309w, https:\/\/lavalldelord.com\/wp-content\/uploads\/2024\/11\/Bases-legals-sorteig-reptes-passaport-sant-Llorenc_page-0003-768x994.jpg 768w, https:\/\/lavalldelord.com\/wp-content\/uploads\/2024\/11\/Bases-legals-sorteig-reptes-passaport-sant-Llorenc_page-0003-1187x1536.jpg 1187w\" sizes=\"auto, (max-width: 1275px) 100vw, 1275px\" \/> <img loading=\"lazy\" decoding=\"async\" class=\"aligncenter wp-image-12040 size-full\" src=\"https:\/\/lavalldelord.com\/wp-content\/uploads\/2024\/11\/Bases-legals-sorteig-reptes-passaport-sant-Llorenc_page-0004.jpg\" alt=\"\" width=\"1275\" height=\"1650\" srcset=\"https:\/\/lavalldelord.com\/wp-content\/uploads\/2024\/11\/Bases-legals-sorteig-reptes-passaport-sant-Llorenc_page-0004.jpg 1275w, https:\/\/lavalldelord.com\/wp-content\/uploads\/2024\/11\/Bases-legals-sorteig-reptes-passaport-sant-Llorenc_page-0004-464x600.jpg 464w, https:\/\/lavalldelord.com\/wp-content\/uploads\/2024\/11\/Bases-legals-sorteig-reptes-passaport-sant-Llorenc_page-0004-791x1024.jpg 791w, https:\/\/lavalldelord.com\/wp-content\/uploads\/2024\/11\/Bases-legals-sorteig-reptes-passaport-sant-Llorenc_page-0004-309x400.jpg 309w, https:\/\/lavalldelord.com\/wp-content\/uploads\/2024\/11\/Bases-legals-sorteig-reptes-passaport-sant-Llorenc_page-0004-768x994.jpg 768w, https:\/\/lavalldelord.com\/wp-content\/uploads\/2024\/11\/Bases-legals-sorteig-reptes-passaport-sant-Llorenc_page-0004-1187x1536.jpg 1187w\" sizes=\"auto, (max-width: 1275px) 100vw, 1275px\" \/> <img loading=\"lazy\" decoding=\"async\" class=\"aligncenter wp-image-12041 size-full\" src=\"https:\/\/lavalldelord.com\/wp-content\/uploads\/2024\/11\/Bases-legals-sorteig-reptes-passaport-sant-Llorenc_page-0005.jpg\" alt=\"\" width=\"1275\" height=\"1650\" srcset=\"https:\/\/lavalldelord.com\/wp-content\/uploads\/2024\/11\/Bases-legals-sorteig-reptes-passaport-sant-Llorenc_page-0005.jpg 1275w, https:\/\/lavalldelord.com\/wp-content\/uploads\/2024\/11\/Bases-legals-sorteig-reptes-passaport-sant-Llorenc_page-0005-464x600.jpg 464w, https:\/\/lavalldelord.com\/wp-content\/uploads\/2024\/11\/Bases-legals-sorteig-reptes-passaport-sant-Llorenc_page-0005-791x1024.jpg 791w, https:\/\/lavalldelord.com\/wp-content\/uploads\/2024\/11\/Bases-legals-sorteig-reptes-passaport-sant-Llorenc_page-0005-309x400.jpg 309w, https:\/\/lavalldelord.com\/wp-content\/uploads\/2024\/11\/Bases-legals-sorteig-reptes-passaport-sant-Llorenc_page-0005-768x994.jpg 768w, https:\/\/lavalldelord.com\/wp-content\/uploads\/2024\/11\/Bases-legals-sorteig-reptes-passaport-sant-Llorenc_page-0005-1187x1536.jpg 1187w\" sizes=\"auto, (max-width: 1275px) 100vw, 1275px\" \/><\/p>\n<p>&nbsp;<\/p>","protected":false},"excerpt":{"rendered":"<p>En aquest apartat podr\u00e0s consultar tota la informaci\u00f3 en detall aix\u00ed com les bases del passaport de Sant Lloren\u00e7 de [&hellip;]<\/p>\n","protected":false},"author":3,"featured_media":11940,"parent":11833,"menu_order":38,"comment_status":"closed","ping_status":"closed","template":"full-width.php","meta":{"_acf_changed":false,"_exactmetrics_skip_tracking":false,"_exactmetrics_sitenote_active":false,"_exactmetrics_sitenote_note":"","_exactmetrics_sitenote_category":0,"_joinchat":[],"footnotes":""},"class_list":["post-11894","page","type-page","status-publish","has-post-thumbnail","hentry"],"acf":[],"yoast_head":"<!-- This site is optimized with the Yoast SEO plugin v27.5 - https:\/\/yoast.com\/product\/yoast-seo-wordpress\/ -->\n<title>Bases del passaport de Sant Lloren\u00e7 de Morunys<\/title>\n<meta name=\"description\" content=\"Bases del passaport de Sant Lloren\u00e7 de Morunys. Tota la informaci\u00f3, normativa, sortejos i premis del passsaport\" \/>\n<meta name=\"robots\" content=\"index, follow, max-snippet:-1, max-image-preview:large, max-video-preview:-1\" \/>\n<link rel=\"canonical\" href=\"https:\/\/lavalldelord.com\/ca\/passaport-sant-llorenc\/bases-del-passaport-de-sant-llorenc-de-morunys\/\" \/>\n<meta property=\"og:locale\" content=\"ca_ES\" \/>\n<meta property=\"og:type\" content=\"article\" \/>\n<meta property=\"og:title\" content=\"Bases del passaport de Sant Lloren\u00e7 de Morunys\" \/>\n<meta property=\"og:description\" content=\"Bases del passaport de Sant Lloren\u00e7 de Morunys. Tota la informaci\u00f3, normativa, sortejos i premis del passsaport\" \/>\n<meta property=\"og:url\" content=\"https:\/\/lavalldelord.com\/ca\/passaport-sant-llorenc\/bases-del-passaport-de-sant-llorenc-de-morunys\/\" \/>\n<meta property=\"og:site_name\" content=\"La Vall de Lord\" \/>\n<meta property=\"article:publisher\" content=\"https:\/\/www.facebook.com\/turismevalldelord\" \/>\n<meta property=\"article:modified_time\" content=\"2024-11-30T17:48:21+00:00\" \/>\n<meta property=\"og:image\" content=\"https:\/\/lavalldelord.com\/wp-content\/uploads\/2024\/11\/4-1024x724.png\" \/>\n\t<meta property=\"og:image:width\" content=\"1024\" \/>\n\t<meta property=\"og:image:height\" content=\"724\" \/>\n\t<meta property=\"og:image:type\" content=\"image\/png\" \/>\n<meta name=\"twitter:card\" content=\"summary_large_image\" \/>\n<meta name=\"twitter:site\" content=\"@valldelord\" \/>\n<meta name=\"twitter:label1\" content=\"Temps estimat de lectura\" \/>\n\t<meta name=\"twitter:data1\" content=\"2 minuts\" \/>\n<script type=\"application\/ld+json\" class=\"yoast-schema-graph\">{\"@context\":\"https:\\\/\\\/schema.org\",\"@graph\":[{\"@type\":\"WebPage\",\"@id\":\"https:\\\/\\\/lavalldelord.com\\\/ca\\\/passaport-sant-llorenc\\\/bases-del-passaport-de-sant-llorenc-de-morunys\\\/\",\"url\":\"https:\\\/\\\/lavalldelord.com\\\/ca\\\/passaport-sant-llorenc\\\/bases-del-passaport-de-sant-llorenc-de-morunys\\\/\",\"name\":\"Bases del passaport de Sant Lloren\u00e7 de Morunys\",\"isPartOf\":{\"@id\":\"https:\\\/\\\/lavalldelord.com\\\/ca\\\/#website\"},\"primaryImageOfPage\":{\"@id\":\"https:\\\/\\\/lavalldelord.com\\\/ca\\\/passaport-sant-llorenc\\\/bases-del-passaport-de-sant-llorenc-de-morunys\\\/#primaryimage\"},\"image\":{\"@id\":\"https:\\\/\\\/lavalldelord.com\\\/passaport-sant-llorenc\\\/bases-del-passaport-de-sant-llorenc-de-morunys\\\/#primaryimage\"},\"thumbnailUrl\":\"https:\\\/\\\/lavalldelord.com\\\/wp-content\\\/uploads\\\/2024\\\/11\\\/4.png\",\"datePublished\":\"2024-11-02T10:11:15+00:00\",\"dateModified\":\"2024-11-30T17:48:21+00:00\",\"description\":\"Bases del passaport de Sant Lloren\u00e7 de Morunys. Tota la informaci\u00f3, normativa, sortejos i premis del passsaport\",\"breadcrumb\":{\"@id\":\"https:\\\/\\\/lavalldelord.com\\\/ca\\\/passaport-sant-llorenc\\\/bases-del-passaport-de-sant-llorenc-de-morunys\\\/#breadcrumb\"},\"inLanguage\":\"ca\",\"potentialAction\":[{\"@type\":\"ReadAction\",\"target\":[[\"https:\\\/\\\/lavalldelord.com\\\/ca\\\/passaport-sant-llorenc\\\/bases-del-passaport-de-sant-llorenc-de-morunys\\\/\"]]}]},{\"@type\":\"ImageObject\",\"inLanguage\":\"ca\",\"@id\":\"https:\\\/\\\/lavalldelord.com\\\/ca\\\/passaport-sant-llorenc\\\/bases-del-passaport-de-sant-llorenc-de-morunys\\\/#primaryimage\",\"url\":\"https:\\\/\\\/lavalldelord.com\\\/wp-content\\\/uploads\\\/2024\\\/11\\\/4.png\",\"contentUrl\":\"https:\\\/\\\/lavalldelord.com\\\/wp-content\\\/uploads\\\/2024\\\/11\\\/4.png\",\"width\":2000,\"height\":1414},{\"@type\":\"BreadcrumbList\",\"@id\":\"https:\\\/\\\/lavalldelord.com\\\/ca\\\/passaport-sant-llorenc\\\/bases-del-passaport-de-sant-llorenc-de-morunys\\\/#breadcrumb\",\"itemListElement\":[{\"@type\":\"ListItem\",\"position\":1,\"name\":\"Inici\",\"item\":\"https:\\\/\\\/lavalldelord.com\\\/ca\\\/\"},{\"@type\":\"ListItem\",\"position\":2,\"name\":\"PASSAPORT SANT LLOREN\u00c7\",\"item\":\"https:\\\/\\\/lavalldelord.com\\\/ca\\\/passaport-sant-llorenc\\\/\"},{\"@type\":\"ListItem\",\"position\":3,\"name\":\"Les bases\"}]},{\"@type\":\"WebSite\",\"@id\":\"https:\\\/\\\/lavalldelord.com\\\/ca\\\/#website\",\"url\":\"https:\\\/\\\/lavalldelord.com\\\/ca\\\/\",\"name\":\"Turisme Vall de Lord\",\"description\":\"Portal tur\u00edstic de la Vall de Lord, naturalment!\",\"publisher\":{\"@id\":\"https:\\\/\\\/lavalldelord.com\\\/ca\\\/#organization\"},\"potentialAction\":[{\"@type\":\"SearchAction\",\"target\":{\"@type\":\"EntryPoint\",\"urlTemplate\":\"https:\\\/\\\/lavalldelord.com\\\/ca\\\/?s={search_term_string}\"},\"query-input\":{\"@type\":\"PropertyValueSpecification\",\"valueRequired\":true,\"valueName\":\"search_term_string\"}}],\"inLanguage\":\"ca\"},{\"@type\":\"Organization\",\"@id\":\"https:\\\/\\\/lavalldelord.com\\\/ca\\\/#organization\",\"name\":\"La Vall de Lord\",\"url\":\"https:\\\/\\\/lavalldelord.com\\\/ca\\\/\",\"logo\":{\"@type\":\"ImageObject\",\"inLanguage\":\"ca\",\"@id\":\"https:\\\/\\\/lavalldelord.com\\\/ca\\\/#\\\/schema\\\/logo\\\/image\\\/\",\"url\":\"https:\\\/\\\/lavalldelord.com\\\/wp-content\\\/uploads\\\/2024\\\/02\\\/DJI_0864_websize.jpg\",\"contentUrl\":\"https:\\\/\\\/lavalldelord.com\\\/wp-content\\\/uploads\\\/2024\\\/02\\\/DJI_0864_websize.jpg\",\"width\":1600,\"height\":899,\"caption\":\"La Vall de Lord\"},\"image\":{\"@id\":\"https:\\\/\\\/lavalldelord.com\\\/ca\\\/#\\\/schema\\\/logo\\\/image\\\/\"},\"sameAs\":[\"https:\\\/\\\/www.facebook.com\\\/turismevalldelord\",\"https:\\\/\\\/x.com\\\/valldelord\",\"https:\\\/\\\/www.instagram.com\\\/turismevalldelord\"]}]}<\/script>\n<!-- \/ Yoast SEO plugin. -->","yoast_head_json":{"title":"Bases del passaport de Sant Lloren\u00e7 de Morunys","description":"Bases del passaport de Sant Lloren\u00e7 de Morunys. Tota la informaci\u00f3, normativa, sortejos i premis del passsaport","robots":{"index":"index","follow":"follow","max-snippet":"max-snippet:-1","max-image-preview":"max-image-preview:large","max-video-preview":"max-video-preview:-1"},"canonical":"https:\/\/lavalldelord.com\/ca\/passaport-sant-llorenc\/bases-del-passaport-de-sant-llorenc-de-morunys\/","og_locale":"ca_ES","og_type":"article","og_title":"Bases del passaport de Sant Lloren\u00e7 de Morunys","og_description":"Bases del passaport de Sant Lloren\u00e7 de Morunys. Tota la informaci\u00f3, normativa, sortejos i premis del passsaport","og_url":"https:\/\/lavalldelord.com\/ca\/passaport-sant-llorenc\/bases-del-passaport-de-sant-llorenc-de-morunys\/","og_site_name":"La Vall de Lord","article_publisher":"https:\/\/www.facebook.com\/turismevalldelord","article_modified_time":"2024-11-30T17:48:21+00:00","og_image":[{"width":1024,"height":724,"url":"https:\/\/lavalldelord.com\/wp-content\/uploads\/2024\/11\/4-1024x724.png","type":"image\/png"}],"twitter_card":"summary_large_image","twitter_site":"@valldelord","twitter_misc":{"Temps estimat de lectura":"2 minuts"},"schema":{"@context":"https:\/\/schema.org","@graph":[{"@type":"WebPage","@id":"https:\/\/lavalldelord.com\/ca\/passaport-sant-llorenc\/bases-del-passaport-de-sant-llorenc-de-morunys\/","url":"https:\/\/lavalldelord.com\/ca\/passaport-sant-llorenc\/bases-del-passaport-de-sant-llorenc-de-morunys\/","name":"Bases del passaport de Sant Lloren\u00e7 de Morunys","isPartOf":{"@id":"https:\/\/lavalldelord.com\/ca\/#website"},"primaryImageOfPage":{"@id":"https:\/\/lavalldelord.com\/ca\/passaport-sant-llorenc\/bases-del-passaport-de-sant-llorenc-de-morunys\/#primaryimage"},"image":{"@id":"https:\/\/lavalldelord.com\/passaport-sant-llorenc\/bases-del-passaport-de-sant-llorenc-de-morunys\/#primaryimage"},"thumbnailUrl":"https:\/\/lavalldelord.com\/wp-content\/uploads\/2024\/11\/4.png","datePublished":"2024-11-02T10:11:15+00:00","dateModified":"2024-11-30T17:48:21+00:00","description":"Bases del passaport de Sant Lloren\u00e7 de Morunys. Tota la informaci\u00f3, normativa, sortejos i premis del passsaport","breadcrumb":{"@id":"https:\/\/lavalldelord.com\/ca\/passaport-sant-llorenc\/bases-del-passaport-de-sant-llorenc-de-morunys\/#breadcrumb"},"inLanguage":"ca","potentialAction":[{"@type":"ReadAction","target":[["https:\/\/lavalldelord.com\/ca\/passaport-sant-llorenc\/bases-del-passaport-de-sant-llorenc-de-morunys\/"]]}]},{"@type":"ImageObject","inLanguage":"ca","@id":"https:\/\/lavalldelord.com\/ca\/passaport-sant-llorenc\/bases-del-passaport-de-sant-llorenc-de-morunys\/#primaryimage","url":"https:\/\/lavalldelord.com\/wp-content\/uploads\/2024\/11\/4.png","contentUrl":"https:\/\/lavalldelord.com\/wp-content\/uploads\/2024\/11\/4.png","width":2000,"height":1414},{"@type":"BreadcrumbList","@id":"https:\/\/lavalldelord.com\/ca\/passaport-sant-llorenc\/bases-del-passaport-de-sant-llorenc-de-morunys\/#breadcrumb","itemListElement":[{"@type":"ListItem","position":1,"name":"Inici","item":"https:\/\/lavalldelord.com\/ca\/"},{"@type":"ListItem","position":2,"name":"PASSAPORT SANT LLOREN\u00c7","item":"https:\/\/lavalldelord.com\/ca\/passaport-sant-llorenc\/"},{"@type":"ListItem","position":3,"name":"Les bases"}]},{"@type":"WebSite","@id":"https:\/\/lavalldelord.com\/ca\/#website","url":"https:\/\/lavalldelord.com\/ca\/","name":"Turisme Vall de Lord","description":"Portal tur\u00edstic de la Vall de Lord, naturalment!","publisher":{"@id":"https:\/\/lavalldelord.com\/ca\/#organization"},"potentialAction":[{"@type":"SearchAction","target":{"@type":"EntryPoint","urlTemplate":"https:\/\/lavalldelord.com\/ca\/?s={search_term_string}"},"query-input":{"@type":"PropertyValueSpecification","valueRequired":true,"valueName":"search_term_string"}}],"inLanguage":"ca"},{"@type":"Organization","@id":"https:\/\/lavalldelord.com\/ca\/#organization","name":"La Vall de Lord","url":"https:\/\/lavalldelord.com\/ca\/","logo":{"@type":"ImageObject","inLanguage":"ca","@id":"https:\/\/lavalldelord.com\/ca\/#\/schema\/logo\/image\/","url":"https:\/\/lavalldelord.com\/wp-content\/uploads\/2024\/02\/DJI_0864_websize.jpg","contentUrl":"https:\/\/lavalldelord.com\/wp-content\/uploads\/2024\/02\/DJI_0864_websize.jpg","width":1600,"height":899,"caption":"La Vall de Lord"},"image":{"@id":"https:\/\/lavalldelord.com\/ca\/#\/schema\/logo\/image\/"},"sameAs":["https:\/\/www.facebook.com\/turismevalldelord","https:\/\/x.com\/valldelord","https:\/\/www.instagram.com\/turismevalldelord"]}]}},"_links":{"self":[{"href":"https:\/\/lavalldelord.com\/ca\/wp-json\/wp\/v2\/pages\/11894","targetHints":{"allow":["GET"]}}],"collection":[{"href":"https:\/\/lavalldelord.com\/ca\/wp-json\/wp\/v2\/pages"}],"about":[{"href":"https:\/\/lavalldelord.com\/ca\/wp-json\/wp\/v2\/types\/page"}],"author":[{"embeddable":true,"href":"https:\/\/lavalldelord.com\/ca\/wp-json\/wp\/v2\/users\/3"}],"replies":[{"embeddable":true,"href":"https:\/\/lavalldelord.com\/ca\/wp-json\/wp\/v2\/comments?post=11894"}],"version-history":[{"count":7,"href":"https:\/\/lavalldelord.com\/ca\/wp-json\/wp\/v2\/pages\/11894\/revisions"}],"predecessor-version":[{"id":12042,"href":"https:\/\/lavalldelord.com\/ca\/wp-json\/wp\/v2\/pages\/11894\/revisions\/12042"}],"up":[{"embeddable":true,"href":"https:\/\/lavalldelord.com\/ca\/wp-json\/wp\/v2\/pages\/11833"}],"wp:featuredmedia":[{"embeddable":true,"href":"https:\/\/lavalldelord.com\/ca\/wp-json\/wp\/v2\/media\/11940"}],"wp:attachment":[{"href":"https:\/\/lavalldelord.com\/ca\/wp-json\/wp\/v2\/media?parent=11894"}],"curies":[{"name":"wp","href":"https:\/\/api.w.org\/{rel}","templated":true}]}}