{"id":11899,"date":"2024-11-02T11:16:34","date_gmt":"2024-11-02T10:16:34","guid":{"rendered":"https:\/\/lavalldelord.com\/?page_id=11899"},"modified":"2024-11-30T18:38:34","modified_gmt":"2024-11-30T17:38:34","slug":"com-participar-el-funcionament-del-passaport-de-sant-llorenc-de-morunys","status":"publish","type":"page","link":"https:\/\/lavalldelord.com\/ca\/passaport-sant-llorenc\/com-participar-el-funcionament-del-passaport-de-sant-llorenc-de-morunys\/","title":{"rendered":"Com participar? El funcionament"},"content":{"rendered":"<p><a href=\"https:\/\/lavalldelord.com\/wp-content\/uploads\/2024\/11\/infografia.png\"><img loading=\"lazy\" decoding=\"async\" class=\"wp-image-11956 size-full aligncenter\" src=\"https:\/\/lavalldelord.com\/wp-content\/uploads\/2024\/11\/INFOGRAFIA_passaport_valldelord.png\" alt=\"infografia_passaport_sant_lloren\u00e7_morunys\" width=\"800\" height=\"2000\" srcset=\"https:\/\/lavalldelord.com\/wp-content\/uploads\/2024\/11\/INFOGRAFIA_passaport_valldelord.png 800w, https:\/\/lavalldelord.com\/wp-content\/uploads\/2024\/11\/INFOGRAFIA_passaport_valldelord-240x600.png 240w, https:\/\/lavalldelord.com\/wp-content\/uploads\/2024\/11\/INFOGRAFIA_passaport_valldelord-410x1024.png 410w, https:\/\/lavalldelord.com\/wp-content\/uploads\/2024\/11\/INFOGRAFIA_passaport_valldelord-160x400.png 160w, https:\/\/lavalldelord.com\/wp-content\/uploads\/2024\/11\/INFOGRAFIA_passaport_valldelord-768x1920.png 768w, https:\/\/lavalldelord.com\/wp-content\/uploads\/2024\/11\/INFOGRAFIA_passaport_valldelord-614x1536.png 614w\" sizes=\"auto, (max-width: 800px) 100vw, 800px\" \/><\/a><\/p>\n<hr \/>\n<div class=\"mceTemp\">\n<p>Segellar el passaport de Sant Lloren\u00e7 de Morunys- la Vall de Lord<\/p>\n<p><a href=\"https:\/\/lavalldelord.com\/wp-content\/uploads\/2024\/11\/segellar_passaport_valldelord.png\"><img loading=\"lazy\" decoding=\"async\" class=\"wp-image-11957 size-full\" src=\"https:\/\/lavalldelord.com\/wp-content\/uploads\/2024\/11\/segellar_passaport_valldelord.png\" alt=\"segellar_passaport_sant_lloren\u00e7_morunys\" width=\"1414\" height=\"2000\" srcset=\"https:\/\/lavalldelord.com\/wp-content\/uploads\/2024\/11\/segellar_passaport_valldelord.png 1414w, https:\/\/lavalldelord.com\/wp-content\/uploads\/2024\/11\/segellar_passaport_valldelord-424x600.png 424w, https:\/\/lavalldelord.com\/wp-content\/uploads\/2024\/11\/segellar_passaport_valldelord-724x1024.png 724w, https:\/\/lavalldelord.com\/wp-content\/uploads\/2024\/11\/segellar_passaport_valldelord-283x400.png 283w, https:\/\/lavalldelord.com\/wp-content\/uploads\/2024\/11\/segellar_passaport_valldelord-768x1086.png 768w, https:\/\/lavalldelord.com\/wp-content\/uploads\/2024\/11\/segellar_passaport_valldelord-1086x1536.png 1086w\" sizes=\"auto, (max-width: 1414px) 100vw, 1414px\" \/><\/a><\/p>\n<\/div>\n<p><\/p>","protected":false},"excerpt":{"rendered":"<p>Segellar el passaport de Sant Lloren\u00e7 de Morunys- la Vall de Lord<\/p>\n","protected":false},"author":3,"featured_media":11943,"parent":11833,"menu_order":39,"comment_status":"closed","ping_status":"closed","template":"full-width.php","meta":{"_acf_changed":false,"_exactmetrics_skip_tracking":false,"_exactmetrics_sitenote_active":false,"_exactmetrics_sitenote_note":"","_exactmetrics_sitenote_category":0,"_joinchat":[],"footnotes":""},"class_list":["post-11899","page","type-page","status-publish","has-post-thumbnail","hentry"],"acf":[],"yoast_head":"<!-- This site is optimized with the Yoast SEO plugin v27.5 - https:\/\/yoast.com\/product\/yoast-seo-wordpress\/ -->\n<title>El funcionament del passaport de Sant Lloren\u00e7 de Morunys<\/title>\n<meta name=\"description\" content=\"Com participar? el funcionament del passaport de Sant Lloren\u00e7 de Morunys. Infografia, pasos, sortejos i tota la informaci\u00f3.\" \/>\n<meta name=\"robots\" content=\"index, follow, max-snippet:-1, max-image-preview:large, max-video-preview:-1\" \/>\n<link rel=\"canonical\" href=\"https:\/\/lavalldelord.com\/ca\/passaport-sant-llorenc\/com-participar-el-funcionament-del-passaport-de-sant-llorenc-de-morunys\/\" \/>\n<meta property=\"og:locale\" content=\"ca_ES\" \/>\n<meta property=\"og:type\" content=\"article\" \/>\n<meta property=\"og:title\" content=\"El funcionament del passaport de Sant Lloren\u00e7 de Morunys\" \/>\n<meta property=\"og:description\" content=\"Com participar? el funcionament del passaport de Sant Lloren\u00e7 de Morunys. Infografia, pasos, sortejos i tota la informaci\u00f3.\" \/>\n<meta property=\"og:url\" content=\"https:\/\/lavalldelord.com\/ca\/passaport-sant-llorenc\/com-participar-el-funcionament-del-passaport-de-sant-llorenc-de-morunys\/\" \/>\n<meta property=\"og:site_name\" content=\"La Vall de Lord\" \/>\n<meta property=\"article:publisher\" content=\"https:\/\/www.facebook.com\/turismevalldelord\" \/>\n<meta property=\"article:modified_time\" content=\"2024-11-30T17:38:34+00:00\" \/>\n<meta property=\"og:image\" content=\"https:\/\/lavalldelord.com\/wp-content\/uploads\/2024\/11\/Com-participar-1-1024x724.png\" \/>\n\t<meta property=\"og:image:width\" content=\"1024\" \/>\n\t<meta property=\"og:image:height\" content=\"724\" \/>\n\t<meta property=\"og:image:type\" content=\"image\/png\" \/>\n<meta name=\"twitter:card\" content=\"summary_large_image\" \/>\n<meta name=\"twitter:site\" content=\"@valldelord\" \/>\n<meta name=\"twitter:label1\" content=\"Temps estimat de lectura\" \/>\n\t<meta name=\"twitter:data1\" content=\"1 minut\" \/>\n<script type=\"application\/ld+json\" class=\"yoast-schema-graph\">{\"@context\":\"https:\\\/\\\/schema.org\",\"@graph\":[{\"@type\":\"WebPage\",\"@id\":\"https:\\\/\\\/lavalldelord.com\\\/ca\\\/passaport-sant-llorenc\\\/com-participar-el-funcionament-del-passaport-de-sant-llorenc-de-morunys\\\/\",\"url\":\"https:\\\/\\\/lavalldelord.com\\\/ca\\\/passaport-sant-llorenc\\\/com-participar-el-funcionament-del-passaport-de-sant-llorenc-de-morunys\\\/\",\"name\":\"El funcionament del passaport de Sant Lloren\u00e7 de Morunys\",\"isPartOf\":{\"@id\":\"https:\\\/\\\/lavalldelord.com\\\/ca\\\/#website\"},\"primaryImageOfPage\":{\"@id\":\"https:\\\/\\\/lavalldelord.com\\\/ca\\\/passaport-sant-llorenc\\\/com-participar-el-funcionament-del-passaport-de-sant-llorenc-de-morunys\\\/#primaryimage\"},\"image\":{\"@id\":\"https:\\\/\\\/lavalldelord.com\\\/passaport-sant-llorenc\\\/com-participar-el-funcionament-del-passaport-de-sant-llorenc-de-morunys\\\/#primaryimage\"},\"thumbnailUrl\":\"https:\\\/\\\/lavalldelord.com\\\/wp-content\\\/uploads\\\/2024\\\/11\\\/Com-participar-1.png\",\"datePublished\":\"2024-11-02T10:16:34+00:00\",\"dateModified\":\"2024-11-30T17:38:34+00:00\",\"description\":\"Com participar? el funcionament del passaport de Sant Lloren\u00e7 de Morunys. Infografia, pasos, sortejos i tota la informaci\u00f3.\",\"breadcrumb\":{\"@id\":\"https:\\\/\\\/lavalldelord.com\\\/ca\\\/passaport-sant-llorenc\\\/com-participar-el-funcionament-del-passaport-de-sant-llorenc-de-morunys\\\/#breadcrumb\"},\"inLanguage\":\"ca\",\"potentialAction\":[{\"@type\":\"ReadAction\",\"target\":[[\"https:\\\/\\\/lavalldelord.com\\\/ca\\\/passaport-sant-llorenc\\\/com-participar-el-funcionament-del-passaport-de-sant-llorenc-de-morunys\\\/\"]]}]},{\"@type\":\"ImageObject\",\"inLanguage\":\"ca\",\"@id\":\"https:\\\/\\\/lavalldelord.com\\\/ca\\\/passaport-sant-llorenc\\\/com-participar-el-funcionament-del-passaport-de-sant-llorenc-de-morunys\\\/#primaryimage\",\"url\":\"https:\\\/\\\/lavalldelord.com\\\/wp-content\\\/uploads\\\/2024\\\/11\\\/Com-participar-1.png\",\"contentUrl\":\"https:\\\/\\\/lavalldelord.com\\\/wp-content\\\/uploads\\\/2024\\\/11\\\/Com-participar-1.png\",\"width\":2000,\"height\":1414},{\"@type\":\"BreadcrumbList\",\"@id\":\"https:\\\/\\\/lavalldelord.com\\\/ca\\\/passaport-sant-llorenc\\\/com-participar-el-funcionament-del-passaport-de-sant-llorenc-de-morunys\\\/#breadcrumb\",\"itemListElement\":[{\"@type\":\"ListItem\",\"position\":1,\"name\":\"Inici\",\"item\":\"https:\\\/\\\/lavalldelord.com\\\/ca\\\/\"},{\"@type\":\"ListItem\",\"position\":2,\"name\":\"PASSAPORT SANT LLOREN\u00c7\",\"item\":\"https:\\\/\\\/lavalldelord.com\\\/ca\\\/passaport-sant-llorenc\\\/\"},{\"@type\":\"ListItem\",\"position\":3,\"name\":\"Com participar? El funcionament\"}]},{\"@type\":\"WebSite\",\"@id\":\"https:\\\/\\\/lavalldelord.com\\\/ca\\\/#website\",\"url\":\"https:\\\/\\\/lavalldelord.com\\\/ca\\\/\",\"name\":\"Turisme Vall de Lord\",\"description\":\"Portal tur\u00edstic de la Vall de Lord, naturalment!\",\"publisher\":{\"@id\":\"https:\\\/\\\/lavalldelord.com\\\/ca\\\/#organization\"},\"potentialAction\":[{\"@type\":\"SearchAction\",\"target\":{\"@type\":\"EntryPoint\",\"urlTemplate\":\"https:\\\/\\\/lavalldelord.com\\\/ca\\\/?s={search_term_string}\"},\"query-input\":{\"@type\":\"PropertyValueSpecification\",\"valueRequired\":true,\"valueName\":\"search_term_string\"}}],\"inLanguage\":\"ca\"},{\"@type\":\"Organization\",\"@id\":\"https:\\\/\\\/lavalldelord.com\\\/ca\\\/#organization\",\"name\":\"La Vall de Lord\",\"url\":\"https:\\\/\\\/lavalldelord.com\\\/ca\\\/\",\"logo\":{\"@type\":\"ImageObject\",\"inLanguage\":\"ca\",\"@id\":\"https:\\\/\\\/lavalldelord.com\\\/ca\\\/#\\\/schema\\\/logo\\\/image\\\/\",\"url\":\"https:\\\/\\\/lavalldelord.com\\\/wp-content\\\/uploads\\\/2024\\\/02\\\/DJI_0864_websize.jpg\",\"contentUrl\":\"https:\\\/\\\/lavalldelord.com\\\/wp-content\\\/uploads\\\/2024\\\/02\\\/DJI_0864_websize.jpg\",\"width\":1600,\"height\":899,\"caption\":\"La Vall de Lord\"},\"image\":{\"@id\":\"https:\\\/\\\/lavalldelord.com\\\/ca\\\/#\\\/schema\\\/logo\\\/image\\\/\"},\"sameAs\":[\"https:\\\/\\\/www.facebook.com\\\/turismevalldelord\",\"https:\\\/\\\/x.com\\\/valldelord\",\"https:\\\/\\\/www.instagram.com\\\/turismevalldelord\"]}]}<\/script>\n<!-- \/ Yoast SEO plugin. -->","yoast_head_json":{"title":"El funcionament del passaport de Sant Lloren\u00e7 de Morunys","description":"Com participar? el funcionament del passaport de Sant Lloren\u00e7 de Morunys. Infografia, pasos, sortejos i tota la informaci\u00f3.","robots":{"index":"index","follow":"follow","max-snippet":"max-snippet:-1","max-image-preview":"max-image-preview:large","max-video-preview":"max-video-preview:-1"},"canonical":"https:\/\/lavalldelord.com\/ca\/passaport-sant-llorenc\/com-participar-el-funcionament-del-passaport-de-sant-llorenc-de-morunys\/","og_locale":"ca_ES","og_type":"article","og_title":"El funcionament del passaport de Sant Lloren\u00e7 de Morunys","og_description":"Com participar? el funcionament del passaport de Sant Lloren\u00e7 de Morunys. Infografia, pasos, sortejos i tota la informaci\u00f3.","og_url":"https:\/\/lavalldelord.com\/ca\/passaport-sant-llorenc\/com-participar-el-funcionament-del-passaport-de-sant-llorenc-de-morunys\/","og_site_name":"La Vall de Lord","article_publisher":"https:\/\/www.facebook.com\/turismevalldelord","article_modified_time":"2024-11-30T17:38:34+00:00","og_image":[{"width":1024,"height":724,"url":"https:\/\/lavalldelord.com\/wp-content\/uploads\/2024\/11\/Com-participar-1-1024x724.png","type":"image\/png"}],"twitter_card":"summary_large_image","twitter_site":"@valldelord","twitter_misc":{"Temps estimat de lectura":"1 minut"},"schema":{"@context":"https:\/\/schema.org","@graph":[{"@type":"WebPage","@id":"https:\/\/lavalldelord.com\/ca\/passaport-sant-llorenc\/com-participar-el-funcionament-del-passaport-de-sant-llorenc-de-morunys\/","url":"https:\/\/lavalldelord.com\/ca\/passaport-sant-llorenc\/com-participar-el-funcionament-del-passaport-de-sant-llorenc-de-morunys\/","name":"El funcionament del passaport de Sant Lloren\u00e7 de Morunys","isPartOf":{"@id":"https:\/\/lavalldelord.com\/ca\/#website"},"primaryImageOfPage":{"@id":"https:\/\/lavalldelord.com\/ca\/passaport-sant-llorenc\/com-participar-el-funcionament-del-passaport-de-sant-llorenc-de-morunys\/#primaryimage"},"image":{"@id":"https:\/\/lavalldelord.com\/passaport-sant-llorenc\/com-participar-el-funcionament-del-passaport-de-sant-llorenc-de-morunys\/#primaryimage"},"thumbnailUrl":"https:\/\/lavalldelord.com\/wp-content\/uploads\/2024\/11\/Com-participar-1.png","datePublished":"2024-11-02T10:16:34+00:00","dateModified":"2024-11-30T17:38:34+00:00","description":"Com participar? el funcionament del passaport de Sant Lloren\u00e7 de Morunys. Infografia, pasos, sortejos i tota la informaci\u00f3.","breadcrumb":{"@id":"https:\/\/lavalldelord.com\/ca\/passaport-sant-llorenc\/com-participar-el-funcionament-del-passaport-de-sant-llorenc-de-morunys\/#breadcrumb"},"inLanguage":"ca","potentialAction":[{"@type":"ReadAction","target":[["https:\/\/lavalldelord.com\/ca\/passaport-sant-llorenc\/com-participar-el-funcionament-del-passaport-de-sant-llorenc-de-morunys\/"]]}]},{"@type":"ImageObject","inLanguage":"ca","@id":"https:\/\/lavalldelord.com\/ca\/passaport-sant-llorenc\/com-participar-el-funcionament-del-passaport-de-sant-llorenc-de-morunys\/#primaryimage","url":"https:\/\/lavalldelord.com\/wp-content\/uploads\/2024\/11\/Com-participar-1.png","contentUrl":"https:\/\/lavalldelord.com\/wp-content\/uploads\/2024\/11\/Com-participar-1.png","width":2000,"height":1414},{"@type":"BreadcrumbList","@id":"https:\/\/lavalldelord.com\/ca\/passaport-sant-llorenc\/com-participar-el-funcionament-del-passaport-de-sant-llorenc-de-morunys\/#breadcrumb","itemListElement":[{"@type":"ListItem","position":1,"name":"Inici","item":"https:\/\/lavalldelord.com\/ca\/"},{"@type":"ListItem","position":2,"name":"PASSAPORT SANT LLOREN\u00c7","item":"https:\/\/lavalldelord.com\/ca\/passaport-sant-llorenc\/"},{"@type":"ListItem","position":3,"name":"Com participar? El funcionament"}]},{"@type":"WebSite","@id":"https:\/\/lavalldelord.com\/ca\/#website","url":"https:\/\/lavalldelord.com\/ca\/","name":"Turisme Vall de Lord","description":"Portal tur\u00edstic de la Vall de Lord, naturalment!","publisher":{"@id":"https:\/\/lavalldelord.com\/ca\/#organization"},"potentialAction":[{"@type":"SearchAction","target":{"@type":"EntryPoint","urlTemplate":"https:\/\/lavalldelord.com\/ca\/?s={search_term_string}"},"query-input":{"@type":"PropertyValueSpecification","valueRequired":true,"valueName":"search_term_string"}}],"inLanguage":"ca"},{"@type":"Organization","@id":"https:\/\/lavalldelord.com\/ca\/#organization","name":"La Vall de Lord","url":"https:\/\/lavalldelord.com\/ca\/","logo":{"@type":"ImageObject","inLanguage":"ca","@id":"https:\/\/lavalldelord.com\/ca\/#\/schema\/logo\/image\/","url":"https:\/\/lavalldelord.com\/wp-content\/uploads\/2024\/02\/DJI_0864_websize.jpg","contentUrl":"https:\/\/lavalldelord.com\/wp-content\/uploads\/2024\/02\/DJI_0864_websize.jpg","width":1600,"height":899,"caption":"La Vall de Lord"},"image":{"@id":"https:\/\/lavalldelord.com\/ca\/#\/schema\/logo\/image\/"},"sameAs":["https:\/\/www.facebook.com\/turismevalldelord","https:\/\/x.com\/valldelord","https:\/\/www.instagram.com\/turismevalldelord"]}]}},"_links":{"self":[{"href":"https:\/\/lavalldelord.com\/ca\/wp-json\/wp\/v2\/pages\/11899","targetHints":{"allow":["GET"]}}],"collection":[{"href":"https:\/\/lavalldelord.com\/ca\/wp-json\/wp\/v2\/pages"}],"about":[{"href":"https:\/\/lavalldelord.com\/ca\/wp-json\/wp\/v2\/types\/page"}],"author":[{"embeddable":true,"href":"https:\/\/lavalldelord.com\/ca\/wp-json\/wp\/v2\/users\/3"}],"replies":[{"embeddable":true,"href":"https:\/\/lavalldelord.com\/ca\/wp-json\/wp\/v2\/comments?post=11899"}],"version-history":[{"count":9,"href":"https:\/\/lavalldelord.com\/ca\/wp-json\/wp\/v2\/pages\/11899\/revisions"}],"predecessor-version":[{"id":12036,"href":"https:\/\/lavalldelord.com\/ca\/wp-json\/wp\/v2\/pages\/11899\/revisions\/12036"}],"up":[{"embeddable":true,"href":"https:\/\/lavalldelord.com\/ca\/wp-json\/wp\/v2\/pages\/11833"}],"wp:featuredmedia":[{"embeddable":true,"href":"https:\/\/lavalldelord.com\/ca\/wp-json\/wp\/v2\/media\/11943"}],"wp:attachment":[{"href":"https:\/\/lavalldelord.com\/ca\/wp-json\/wp\/v2\/media?parent=11899"}],"curies":[{"name":"wp","href":"https:\/\/api.w.org\/{rel}","templated":true}]}}