{"id":11904,"date":"2024-11-02T11:20:57","date_gmt":"2024-11-02T10:20:57","guid":{"rendered":"https:\/\/lavalldelord.com\/?page_id=11904"},"modified":"2024-11-05T11:01:53","modified_gmt":"2024-11-05T10:01:53","slug":"els-ods-objectius-de-desenvolupament-sostenible","status":"publish","type":"page","link":"https:\/\/lavalldelord.com\/ca\/passaport-sant-llorenc\/els-ods-objectius-de-desenvolupament-sostenible\/","title":{"rendered":"Els ODS- Objectius de Desenvolupament sostenible"},"content":{"rendered":"<p><\/p>\n<h3 class=\"Standard\" style=\"margin-bottom: 0cm; text-align: justify; text-justify: inter-ideograph; line-height: normal;\"><b><span lang=\"CA\" style=\"font-family: 'Arial',sans-serif; color: #00000a;\">ELS OBJECTIUS DE DESENVOLUPAMENT SOSTENIBLE I EL PASSAPORT DE SANT LLOREN\u00c7 DE MORUNYS<\/span><\/b><\/h3>\n<p>&nbsp;<\/p>\n<p><b><span lang=\"CA\" style=\"font-family: 'Arial',sans-serif; color: #00000a;\"><a href=\"https:\/\/www.un.org\/sustainabledevelopment\/es\/health\/\"><img loading=\"lazy\" decoding=\"async\" class=\"alignleft wp-image-11950\" src=\"https:\/\/lavalldelord.com\/wp-content\/uploads\/2024\/11\/ODS_3_salut_benestar.png\" alt=\"\" width=\"112\" height=\"111\" \/><\/a>ODS3.<\/span><\/b><span lang=\"CA\" style=\"font-family: 'Arial',sans-serif; color: #00000a;\"> <b>Garantir una vida sana i promoure el benestar a totes les persones.<\/b> La realitzaci\u00f3 d\u2019una part dels reptes del passaport promouen l\u2019activitat f\u00edsica, ja que s\u2019han de fer a peu o incl\u00fas a trav\u00e9s de rutes de senderisme adaptades a les fam\u00edlies.<\/span><\/p>\n<p class=\"Standard\" style=\"margin-bottom: 0cm; text-align: justify; text-justify: inter-ideograph; line-height: normal;\"><span lang=\"CA\" style=\"font-family: 'Arial',sans-serif; color: #00000a;\">\u00a0<\/span><\/p>\n<p>&nbsp;<\/p>\n<p class=\"Standard\" style=\"margin-bottom: 0cm; text-align: justify; text-justify: inter-ideograph; line-height: normal;\"><b><span lang=\"CA\" style=\"font-family: 'Arial',sans-serif; color: #00000a;\"><a href=\"https:\/\/www.un.org\/sustainabledevelopment\/es\/economic-growth\/\"><img loading=\"lazy\" decoding=\"async\" class=\"alignleft wp-image-11951\" src=\"https:\/\/lavalldelord.com\/wp-content\/uploads\/2024\/11\/ODS_8_treball_digne_creixement_economic.png\" alt=\"\" width=\"111\" height=\"110\" \/><\/a><\/span><\/b><b><\/b><\/p>\n<p class=\"Standard\" style=\"margin-bottom: 0cm; text-align: justify; text-justify: inter-ideograph; line-height: normal;\"><b><span lang=\"CA\" style=\"font-family: 'Arial',sans-serif; color: #00000a;\">ODS8<\/span><\/b><span lang=\"CA\" style=\"font-family: 'Arial',sans-serif; color: #00000a;\">. <b>Pro<\/b><\/span><b style=\"color: #00000a; font-family: Arial, sans-serif;\">moure el creixement econ\u00f2mic sostingut, inclusiu i sostenible<\/b><span style=\"color: #00000a; font-family: Arial, sans-serif;\">. A trav\u00e9s del passaport es vol incentivar al creixement econ\u00f2mic del municipi a trav\u00e9s tant de l\u2019incentivaci\u00f3 a realitzar despesa als productors i establiments locals com tamb\u00e9 a la realitzaci\u00f3 de despesa a trav\u00e9s dels sortejos.<\/span><\/p>\n<p class=\"Standard\" style=\"margin-bottom: 0cm; text-align: justify; text-justify: inter-ideograph; line-height: normal;\"><span lang=\"CA\" style=\"font-family: 'Arial',sans-serif; color: #00000a;\">\u00a0<\/span><\/p>\n<p class=\"Standard\" style=\"margin-bottom: 0cm; text-align: justify; text-justify: inter-ideograph; line-height: normal;\"><b><span lang=\"CA\" style=\"font-family: 'Arial',sans-serif; color: #00000a;\"><a href=\"https:\/\/www.un.org\/sustainabledevelopment\/es\/cities\/\"><img loading=\"lazy\" decoding=\"async\" class=\"alignleft wp-image-11948\" src=\"https:\/\/lavalldelord.com\/wp-content\/uploads\/2024\/11\/ODS_11_ciutats_sostenibles.png\" alt=\"\" width=\"112\" height=\"112\" \/><\/a><\/span><\/b><b><\/b><\/p>\n<p class=\"Standard\" style=\"margin-bottom: 0cm; text-align: justify; text-justify: inter-ideograph; line-height: normal;\"><b><span lang=\"CA\" style=\"font-family: 'Arial',sans-serif; color: #00000a;\">ODS11.<\/span><\/b><span lang=\"CA\" style=\"font-family: 'Arial',sans-serif; color: #00000a;\"> <b>Ciutat i comunitats sostenibles. <\/b>A trav\u00e9s del passaport, dedicat a l\u2019entorn natural i cultural del municipi, es fomenta a la divulgaci\u00f3, coneixement i protecci\u00f3 tant del patrimoni cultural com natural.<\/span><\/p>\n<p class=\"Standard\" style=\"margin-bottom: 0cm; text-align: justify; text-justify: inter-ideograph; line-height: normal;\"><span lang=\"CA\" style=\"font-family: 'Arial',sans-serif; color: #00000a;\">\u00a0<\/span><\/p>\n<p>&nbsp;<\/p>\n<p class=\"Standard\" style=\"margin-bottom: 0cm; text-align: justify; text-justify: inter-ideograph; line-height: normal;\"><b><span lang=\"CA\" style=\"font-family: 'Arial',sans-serif; color: #00000a;\"><a href=\"https:\/\/www.un.org\/sustainabledevelopment\/es\/biodiversity\/\"><img loading=\"lazy\" decoding=\"async\" class=\"alignleft wp-image-11949\" src=\"https:\/\/lavalldelord.com\/wp-content\/uploads\/2024\/11\/ODS_15_vida_terrestre.png\" alt=\"\" width=\"111\" height=\"111\" \/><\/a><\/span><\/b><b><span lang=\"CA\" style=\"font-family: 'Arial',sans-serif; color: #00000a;\">ODS15. Vida d\u2019ecosistemes terrestres.<\/span><\/b><span lang=\"CA\" style=\"font-family: 'Arial',sans-serif; color: #00000a;\"> Alguns dels reptes del passaport tenen lloc a l\u2019entorn natural de Sant Lloren\u00e7 de Morunys el qual presenta diferents ecosistemes; en aquest sentit es divulga i es fomenta l\u2019\u00fas respectu\u00f3s de l\u2019entorn a trav\u00e9s de plafons explicatius de les rutes com a trav\u00e9s de la p\u00e0gina web\u00a0<\/span><\/p>\n<p>&nbsp;<\/p>\n<p>&nbsp;<\/p>\n<hr \/>\n<p>El nucli hist\u00f2ric de Sant Lloren\u00e7 de Morunys presenta diferents elements hist\u00f2rics i patrimonials d\u2019un alt valor. Respecta\u2019ls!<\/p>\n<p>&nbsp;<\/p>\n<p>Sant Lloren\u00e7 de Morunys i la Vall de Lord es composen d\u2019un ric entorn natural i una abundant bio i geodiversitat. Fes que l\u2019entorn segueixi igual amb la teva pres\u00e8ncia: conservem-lo, cuidem-lo i respectem-lo.<\/p>","protected":false},"excerpt":{"rendered":"<p>ELS OBJECTIUS DE DESENVOLUPAMENT SOSTENIBLE I EL PASSAPORT DE SANT LLOREN\u00c7 DE MORUNYS &nbsp; ODS3. Garantir una vida sana i [&hellip;]<\/p>\n","protected":false},"author":3,"featured_media":11941,"parent":11833,"menu_order":41,"comment_status":"closed","ping_status":"closed","template":"full-width.php","meta":{"_acf_changed":false,"_exactmetrics_skip_tracking":false,"_exactmetrics_sitenote_active":false,"_exactmetrics_sitenote_note":"","_exactmetrics_sitenote_category":0,"_joinchat":[],"footnotes":""},"class_list":["post-11904","page","type-page","status-publish","has-post-thumbnail","hentry"],"acf":[],"yoast_head":"<!-- This site is optimized with the Yoast SEO plugin v27.5 - https:\/\/yoast.com\/product\/yoast-seo-wordpress\/ -->\n<title>Els ODS- Objectius de Desenvolupament sostenible - La Vall de Lord<\/title>\n<meta name=\"robots\" content=\"index, follow, max-snippet:-1, max-image-preview:large, max-video-preview:-1\" \/>\n<link rel=\"canonical\" href=\"https:\/\/lavalldelord.com\/ca\/passaport-sant-llorenc\/els-ods-objectius-de-desenvolupament-sostenible\/\" \/>\n<meta property=\"og:locale\" content=\"ca_ES\" \/>\n<meta property=\"og:type\" content=\"article\" \/>\n<meta property=\"og:title\" content=\"Els ODS- Objectius de Desenvolupament sostenible - La Vall de Lord\" \/>\n<meta property=\"og:description\" content=\"ELS OBJECTIUS DE DESENVOLUPAMENT SOSTENIBLE I EL PASSAPORT DE SANT LLOREN\u00c7 DE MORUNYS &nbsp; ODS3. Garantir una vida sana i [&hellip;]\" \/>\n<meta property=\"og:url\" content=\"https:\/\/lavalldelord.com\/ca\/passaport-sant-llorenc\/els-ods-objectius-de-desenvolupament-sostenible\/\" \/>\n<meta property=\"og:site_name\" content=\"La Vall de Lord\" \/>\n<meta property=\"article:publisher\" content=\"https:\/\/www.facebook.com\/turismevalldelord\" \/>\n<meta property=\"article:modified_time\" content=\"2024-11-05T10:01:53+00:00\" \/>\n<meta property=\"og:image\" content=\"https:\/\/lavalldelord.com\/wp-content\/uploads\/2024\/11\/5-1024x724.png\" \/>\n\t<meta property=\"og:image:width\" content=\"1024\" \/>\n\t<meta property=\"og:image:height\" content=\"724\" \/>\n\t<meta property=\"og:image:type\" content=\"image\/png\" \/>\n<meta name=\"twitter:card\" content=\"summary_large_image\" \/>\n<meta name=\"twitter:site\" content=\"@valldelord\" \/>\n<meta name=\"twitter:label1\" content=\"Temps estimat de lectura\" \/>\n\t<meta name=\"twitter:data1\" content=\"3 minuts\" \/>\n<script type=\"application\/ld+json\" class=\"yoast-schema-graph\">{\"@context\":\"https:\\\/\\\/schema.org\",\"@graph\":[{\"@type\":\"WebPage\",\"@id\":\"https:\\\/\\\/lavalldelord.com\\\/ca\\\/passaport-sant-llorenc\\\/els-ods-objectius-de-desenvolupament-sostenible\\\/\",\"url\":\"https:\\\/\\\/lavalldelord.com\\\/ca\\\/passaport-sant-llorenc\\\/els-ods-objectius-de-desenvolupament-sostenible\\\/\",\"name\":\"Els ODS- Objectius de Desenvolupament sostenible - La Vall de Lord\",\"isPartOf\":{\"@id\":\"https:\\\/\\\/lavalldelord.com\\\/ca\\\/#website\"},\"primaryImageOfPage\":{\"@id\":\"https:\\\/\\\/lavalldelord.com\\\/ca\\\/passaport-sant-llorenc\\\/els-ods-objectius-de-desenvolupament-sostenible\\\/#primaryimage\"},\"image\":{\"@id\":\"https:\\\/\\\/lavalldelord.com\\\/passaport-sant-llorenc\\\/els-ods-objectius-de-desenvolupament-sostenible\\\/#primaryimage\"},\"thumbnailUrl\":\"https:\\\/\\\/lavalldelord.com\\\/wp-content\\\/uploads\\\/2024\\\/11\\\/5.png\",\"datePublished\":\"2024-11-02T10:20:57+00:00\",\"dateModified\":\"2024-11-05T10:01:53+00:00\",\"breadcrumb\":{\"@id\":\"https:\\\/\\\/lavalldelord.com\\\/ca\\\/passaport-sant-llorenc\\\/els-ods-objectius-de-desenvolupament-sostenible\\\/#breadcrumb\"},\"inLanguage\":\"ca\",\"potentialAction\":[{\"@type\":\"ReadAction\",\"target\":[[\"https:\\\/\\\/lavalldelord.com\\\/ca\\\/passaport-sant-llorenc\\\/els-ods-objectius-de-desenvolupament-sostenible\\\/\"]]}]},{\"@type\":\"ImageObject\",\"inLanguage\":\"ca\",\"@id\":\"https:\\\/\\\/lavalldelord.com\\\/ca\\\/passaport-sant-llorenc\\\/els-ods-objectius-de-desenvolupament-sostenible\\\/#primaryimage\",\"url\":\"https:\\\/\\\/lavalldelord.com\\\/wp-content\\\/uploads\\\/2024\\\/11\\\/5.png\",\"contentUrl\":\"https:\\\/\\\/lavalldelord.com\\\/wp-content\\\/uploads\\\/2024\\\/11\\\/5.png\",\"width\":2000,\"height\":1414},{\"@type\":\"BreadcrumbList\",\"@id\":\"https:\\\/\\\/lavalldelord.com\\\/ca\\\/passaport-sant-llorenc\\\/els-ods-objectius-de-desenvolupament-sostenible\\\/#breadcrumb\",\"itemListElement\":[{\"@type\":\"ListItem\",\"position\":1,\"name\":\"Inici\",\"item\":\"https:\\\/\\\/lavalldelord.com\\\/ca\\\/\"},{\"@type\":\"ListItem\",\"position\":2,\"name\":\"PASSAPORT SANT LLOREN\u00c7\",\"item\":\"https:\\\/\\\/lavalldelord.com\\\/ca\\\/passaport-sant-llorenc\\\/\"},{\"@type\":\"ListItem\",\"position\":3,\"name\":\"Els ODS- Objectius de Desenvolupament sostenible\"}]},{\"@type\":\"WebSite\",\"@id\":\"https:\\\/\\\/lavalldelord.com\\\/ca\\\/#website\",\"url\":\"https:\\\/\\\/lavalldelord.com\\\/ca\\\/\",\"name\":\"Turisme Vall de Lord\",\"description\":\"Portal tur\u00edstic de la Vall de Lord, naturalment!\",\"publisher\":{\"@id\":\"https:\\\/\\\/lavalldelord.com\\\/ca\\\/#organization\"},\"potentialAction\":[{\"@type\":\"SearchAction\",\"target\":{\"@type\":\"EntryPoint\",\"urlTemplate\":\"https:\\\/\\\/lavalldelord.com\\\/ca\\\/?s={search_term_string}\"},\"query-input\":{\"@type\":\"PropertyValueSpecification\",\"valueRequired\":true,\"valueName\":\"search_term_string\"}}],\"inLanguage\":\"ca\"},{\"@type\":\"Organization\",\"@id\":\"https:\\\/\\\/lavalldelord.com\\\/ca\\\/#organization\",\"name\":\"La Vall de Lord\",\"url\":\"https:\\\/\\\/lavalldelord.com\\\/ca\\\/\",\"logo\":{\"@type\":\"ImageObject\",\"inLanguage\":\"ca\",\"@id\":\"https:\\\/\\\/lavalldelord.com\\\/ca\\\/#\\\/schema\\\/logo\\\/image\\\/\",\"url\":\"https:\\\/\\\/lavalldelord.com\\\/wp-content\\\/uploads\\\/2024\\\/02\\\/DJI_0864_websize.jpg\",\"contentUrl\":\"https:\\\/\\\/lavalldelord.com\\\/wp-content\\\/uploads\\\/2024\\\/02\\\/DJI_0864_websize.jpg\",\"width\":1600,\"height\":899,\"caption\":\"La Vall de Lord\"},\"image\":{\"@id\":\"https:\\\/\\\/lavalldelord.com\\\/ca\\\/#\\\/schema\\\/logo\\\/image\\\/\"},\"sameAs\":[\"https:\\\/\\\/www.facebook.com\\\/turismevalldelord\",\"https:\\\/\\\/x.com\\\/valldelord\",\"https:\\\/\\\/www.instagram.com\\\/turismevalldelord\"]}]}<\/script>\n<!-- \/ Yoast SEO plugin. -->","yoast_head_json":{"title":"Els ODS- Objectius de Desenvolupament sostenible - La Vall de Lord","robots":{"index":"index","follow":"follow","max-snippet":"max-snippet:-1","max-image-preview":"max-image-preview:large","max-video-preview":"max-video-preview:-1"},"canonical":"https:\/\/lavalldelord.com\/ca\/passaport-sant-llorenc\/els-ods-objectius-de-desenvolupament-sostenible\/","og_locale":"ca_ES","og_type":"article","og_title":"Els ODS- Objectius de Desenvolupament sostenible - La Vall de Lord","og_description":"ELS OBJECTIUS DE DESENVOLUPAMENT SOSTENIBLE I EL PASSAPORT DE SANT LLOREN\u00c7 DE MORUNYS &nbsp; ODS3. Garantir una vida sana i [&hellip;]","og_url":"https:\/\/lavalldelord.com\/ca\/passaport-sant-llorenc\/els-ods-objectius-de-desenvolupament-sostenible\/","og_site_name":"La Vall de Lord","article_publisher":"https:\/\/www.facebook.com\/turismevalldelord","article_modified_time":"2024-11-05T10:01:53+00:00","og_image":[{"width":1024,"height":724,"url":"https:\/\/lavalldelord.com\/wp-content\/uploads\/2024\/11\/5-1024x724.png","type":"image\/png"}],"twitter_card":"summary_large_image","twitter_site":"@valldelord","twitter_misc":{"Temps estimat de lectura":"3 minuts"},"schema":{"@context":"https:\/\/schema.org","@graph":[{"@type":"WebPage","@id":"https:\/\/lavalldelord.com\/ca\/passaport-sant-llorenc\/els-ods-objectius-de-desenvolupament-sostenible\/","url":"https:\/\/lavalldelord.com\/ca\/passaport-sant-llorenc\/els-ods-objectius-de-desenvolupament-sostenible\/","name":"Els ODS- Objectius de Desenvolupament sostenible - La Vall de Lord","isPartOf":{"@id":"https:\/\/lavalldelord.com\/ca\/#website"},"primaryImageOfPage":{"@id":"https:\/\/lavalldelord.com\/ca\/passaport-sant-llorenc\/els-ods-objectius-de-desenvolupament-sostenible\/#primaryimage"},"image":{"@id":"https:\/\/lavalldelord.com\/passaport-sant-llorenc\/els-ods-objectius-de-desenvolupament-sostenible\/#primaryimage"},"thumbnailUrl":"https:\/\/lavalldelord.com\/wp-content\/uploads\/2024\/11\/5.png","datePublished":"2024-11-02T10:20:57+00:00","dateModified":"2024-11-05T10:01:53+00:00","breadcrumb":{"@id":"https:\/\/lavalldelord.com\/ca\/passaport-sant-llorenc\/els-ods-objectius-de-desenvolupament-sostenible\/#breadcrumb"},"inLanguage":"ca","potentialAction":[{"@type":"ReadAction","target":[["https:\/\/lavalldelord.com\/ca\/passaport-sant-llorenc\/els-ods-objectius-de-desenvolupament-sostenible\/"]]}]},{"@type":"ImageObject","inLanguage":"ca","@id":"https:\/\/lavalldelord.com\/ca\/passaport-sant-llorenc\/els-ods-objectius-de-desenvolupament-sostenible\/#primaryimage","url":"https:\/\/lavalldelord.com\/wp-content\/uploads\/2024\/11\/5.png","contentUrl":"https:\/\/lavalldelord.com\/wp-content\/uploads\/2024\/11\/5.png","width":2000,"height":1414},{"@type":"BreadcrumbList","@id":"https:\/\/lavalldelord.com\/ca\/passaport-sant-llorenc\/els-ods-objectius-de-desenvolupament-sostenible\/#breadcrumb","itemListElement":[{"@type":"ListItem","position":1,"name":"Inici","item":"https:\/\/lavalldelord.com\/ca\/"},{"@type":"ListItem","position":2,"name":"PASSAPORT SANT LLOREN\u00c7","item":"https:\/\/lavalldelord.com\/ca\/passaport-sant-llorenc\/"},{"@type":"ListItem","position":3,"name":"Els ODS- Objectius de Desenvolupament sostenible"}]},{"@type":"WebSite","@id":"https:\/\/lavalldelord.com\/ca\/#website","url":"https:\/\/lavalldelord.com\/ca\/","name":"Turisme Vall de Lord","description":"Portal tur\u00edstic de la Vall de Lord, naturalment!","publisher":{"@id":"https:\/\/lavalldelord.com\/ca\/#organization"},"potentialAction":[{"@type":"SearchAction","target":{"@type":"EntryPoint","urlTemplate":"https:\/\/lavalldelord.com\/ca\/?s={search_term_string}"},"query-input":{"@type":"PropertyValueSpecification","valueRequired":true,"valueName":"search_term_string"}}],"inLanguage":"ca"},{"@type":"Organization","@id":"https:\/\/lavalldelord.com\/ca\/#organization","name":"La Vall de Lord","url":"https:\/\/lavalldelord.com\/ca\/","logo":{"@type":"ImageObject","inLanguage":"ca","@id":"https:\/\/lavalldelord.com\/ca\/#\/schema\/logo\/image\/","url":"https:\/\/lavalldelord.com\/wp-content\/uploads\/2024\/02\/DJI_0864_websize.jpg","contentUrl":"https:\/\/lavalldelord.com\/wp-content\/uploads\/2024\/02\/DJI_0864_websize.jpg","width":1600,"height":899,"caption":"La Vall de Lord"},"image":{"@id":"https:\/\/lavalldelord.com\/ca\/#\/schema\/logo\/image\/"},"sameAs":["https:\/\/www.facebook.com\/turismevalldelord","https:\/\/x.com\/valldelord","https:\/\/www.instagram.com\/turismevalldelord"]}]}},"_links":{"self":[{"href":"https:\/\/lavalldelord.com\/ca\/wp-json\/wp\/v2\/pages\/11904","targetHints":{"allow":["GET"]}}],"collection":[{"href":"https:\/\/lavalldelord.com\/ca\/wp-json\/wp\/v2\/pages"}],"about":[{"href":"https:\/\/lavalldelord.com\/ca\/wp-json\/wp\/v2\/types\/page"}],"author":[{"embeddable":true,"href":"https:\/\/lavalldelord.com\/ca\/wp-json\/wp\/v2\/users\/3"}],"replies":[{"embeddable":true,"href":"https:\/\/lavalldelord.com\/ca\/wp-json\/wp\/v2\/comments?post=11904"}],"version-history":[{"count":7,"href":"https:\/\/lavalldelord.com\/ca\/wp-json\/wp\/v2\/pages\/11904\/revisions"}],"predecessor-version":[{"id":11955,"href":"https:\/\/lavalldelord.com\/ca\/wp-json\/wp\/v2\/pages\/11904\/revisions\/11955"}],"up":[{"embeddable":true,"href":"https:\/\/lavalldelord.com\/ca\/wp-json\/wp\/v2\/pages\/11833"}],"wp:featuredmedia":[{"embeddable":true,"href":"https:\/\/lavalldelord.com\/ca\/wp-json\/wp\/v2\/media\/11941"}],"wp:attachment":[{"href":"https:\/\/lavalldelord.com\/ca\/wp-json\/wp\/v2\/media?parent=11904"}],"curies":[{"name":"wp","href":"https:\/\/api.w.org\/{rel}","templated":true}]}}