{"id":12271,"date":"2025-02-20T16:20:57","date_gmt":"2025-02-20T15:20:57","guid":{"rendered":"https:\/\/lavalldelord.com\/?page_id=12271"},"modified":"2025-02-21T17:18:54","modified_gmt":"2025-02-21T16:18:54","slug":"que-fer-si-plou","status":"publish","type":"page","link":"https:\/\/lavalldelord.com\/ca\/visitar-la-vall-de-lord\/que-fer-si-plou\/","title":{"rendered":"Qu\u00e8 fer si plou a la Vall de Lord"},"content":{"rendered":"<p>Qu\u00e8 fer si plou a la Vall de Lord?<\/p>\n<p>La <strong>Vall de Lord <\/strong>tamb\u00e9 ofereix diferents alternatives si algun dia de la vostra estada fa mal temps<\/p>\n<p>&nbsp;<\/p>\n<h3>COMPLEX DEL MONESTIR DE SANT LLOREN\u00c7 DE MORUNYS<\/h3>\n<p>Ubicat dins del nucli antic de Sant Lloren\u00e7 de Morunys, es pot visitar la seva<a href=\"https:\/\/lavalldelord.com\/ca\/punt\/esglesia-sant-llorenc-morunys\/\"><strong> esgl\u00e9sia<\/strong><\/a> rom\u00e0nica amb un ric <strong>patrimoni art\u00edstic<\/strong> dins seu, el <a href=\"https:\/\/lavalldelord.com\/ca\/punt\/claustre-sant-llorenc-morunys\/\"><strong>claustre<\/strong><\/a> i el <a href=\"https:\/\/lavalldelord.com\/ca\/punt\/museu-centre-dinterpretacio-vall-lord\/\"><strong>Museu &#8211; Centre d&#8217;Interpretaci\u00f3 de la Vall de Lord.<\/strong><\/a><\/p>\n<figure id=\"attachment_12273\" aria-describedby=\"caption-attachment-12273\" style=\"width: 296px\" class=\"wp-caption alignleft\"><img loading=\"lazy\" decoding=\"async\" class=\"Claustre de Sant Lloren\u00e7 de Morunys wp-image-12273\" title=\"Claustre de Sant Lloren\u00e7 de Morunys\" src=\"https:\/\/lavalldelord.com\/wp-content\/uploads\/2025\/02\/ff-480x600.jpg\" alt=\"Claustre de Sant Lloren\u00e7 de Morunys\" width=\"296\" height=\"370\" srcset=\"https:\/\/lavalldelord.com\/wp-content\/uploads\/2025\/02\/ff-480x600.jpg 480w, https:\/\/lavalldelord.com\/wp-content\/uploads\/2025\/02\/ff-819x1024.jpg 819w, https:\/\/lavalldelord.com\/wp-content\/uploads\/2025\/02\/ff-320x400.jpg 320w, https:\/\/lavalldelord.com\/wp-content\/uploads\/2025\/02\/ff-768x960.jpg 768w, https:\/\/lavalldelord.com\/wp-content\/uploads\/2025\/02\/ff.jpg 1080w\" sizes=\"auto, (max-width: 296px) 100vw, 296px\" \/><figcaption id=\"caption-attachment-12273\" class=\"wp-caption-text\">Claustre de Sant Lloren\u00e7 de Morunys<\/figcaption><\/figure>\n<figure id=\"attachment_12279\" aria-describedby=\"caption-attachment-12279\" style=\"width: 262px\" class=\"wp-caption alignleft\"><img loading=\"lazy\" decoding=\"async\" class=\" wp-image-12279\" src=\"https:\/\/lavalldelord.com\/wp-content\/uploads\/2025\/02\/esglesia-copia_petit-1-400x600.jpg\" alt=\"Esgl\u00e9sia Sant Lloren\u00e7 de Morunys\" width=\"262\" height=\"393\" srcset=\"https:\/\/lavalldelord.com\/wp-content\/uploads\/2025\/02\/esglesia-copia_petit-1-400x600.jpg 400w, https:\/\/lavalldelord.com\/wp-content\/uploads\/2025\/02\/esglesia-copia_petit-1-683x1024.jpg 683w, https:\/\/lavalldelord.com\/wp-content\/uploads\/2025\/02\/esglesia-copia_petit-1-267x400.jpg 267w, https:\/\/lavalldelord.com\/wp-content\/uploads\/2025\/02\/esglesia-copia_petit-1-768x1152.jpg 768w, https:\/\/lavalldelord.com\/wp-content\/uploads\/2025\/02\/esglesia-copia_petit-1-1024x1536.jpg 1024w, https:\/\/lavalldelord.com\/wp-content\/uploads\/2025\/02\/esglesia-copia_petit-1-1365x2048.jpg 1365w, https:\/\/lavalldelord.com\/wp-content\/uploads\/2025\/02\/esglesia-copia_petit-1.jpg 1500w\" sizes=\"auto, (max-width: 262px) 100vw, 262px\" \/><figcaption id=\"caption-attachment-12279\" class=\"wp-caption-text\">Esgl\u00e9sia Sant Lloren\u00e7 de Morunys<\/figcaption><\/figure>\n<figure id=\"attachment_12283\" aria-describedby=\"caption-attachment-12283\" style=\"width: 438px\" class=\"wp-caption alignnone\"><img loading=\"lazy\" decoding=\"async\" class=\"Museu - Centre d'Interpretaci\u00f3 de la Vall de Lord wp-image-12283\" title=\"Museu - Centre d'Interpretaci\u00f3 de la Vall de Lord\" src=\"https:\/\/lavalldelord.com\/wp-content\/uploads\/2025\/02\/foto_museu_vall_de_lord_1_petita-600x400.jpg\" alt=\"Museu - Centre d'Interpretaci\u00f3 de la Vall de Lord\" width=\"438\" height=\"292\" srcset=\"https:\/\/lavalldelord.com\/wp-content\/uploads\/2025\/02\/foto_museu_vall_de_lord_1_petita-600x400.jpg 600w, https:\/\/lavalldelord.com\/wp-content\/uploads\/2025\/02\/foto_museu_vall_de_lord_1_petita-1024x683.jpg 1024w, https:\/\/lavalldelord.com\/wp-content\/uploads\/2025\/02\/foto_museu_vall_de_lord_1_petita-400x267.jpg 400w, https:\/\/lavalldelord.com\/wp-content\/uploads\/2025\/02\/foto_museu_vall_de_lord_1_petita-768x512.jpg 768w, https:\/\/lavalldelord.com\/wp-content\/uploads\/2025\/02\/foto_museu_vall_de_lord_1_petita-1536x1024.jpg 1536w, https:\/\/lavalldelord.com\/wp-content\/uploads\/2025\/02\/foto_museu_vall_de_lord_1_petita-2048x1366.jpg 2048w\" sizes=\"auto, (max-width: 438px) 100vw, 438px\" \/><figcaption id=\"caption-attachment-12283\" class=\"wp-caption-text\">Museu &#8211; Centre d&#8217;Interpretaci\u00f3 de la Vall de Lord<\/figcaption><\/figure>\n<p>&nbsp;<\/p>\n<p><strong>L&#8217;esgl\u00e9sia rom\u00e0nica<\/strong>, datada del segle XI ofereix una gran varietat d&#8217;elements art\u00edstics i patrimonials: l&#8217;orgue, els <strong>retaules g\u00f2tics de Sant Miquel i Sant Joan Baptista i el del Sant Esperit, l&#8217;altar major, les pintures barroques o la capella i altar dels Colls<\/strong>, una de les m\u00e9s importants del barroc catal\u00e0.<\/p>\n<p>A trav\u00e9s d&#8217;una de les portes de l&#8217;esgl\u00e9sia es pot visitar i passejar pel <strong>claustre,<\/strong> datat del segle XVI, el qual convida a aturar-se i asseure&#8217;s uns minuts tot gaudint de la calma i el silenci.<\/p>\n<p>Dins del claustre tamb\u00e9 s&#8217;hi troba l&#8217;acc\u00e9s al <strong>Museu &#8211; Centre d&#8217;Interpretaci\u00f3 de la Vall de Lord <\/strong>ubicat dins de les depend\u00e8ncies de l&#8217;antic monestir. En ell es poden descobrir els principals fets hist\u00f2rics que han transcorregut a la Vall de Lord, des dels or\u00edgens geol\u00f2gics fins al segle XIX.<\/p>\n<p>Aquesta \u00e9s una bona alternativa per aquells dies de pluja.<\/p>\n<p>Consulta els horaris de cada espai:<\/p>\n<ul>\n<li>&#8211; <a href=\"https:\/\/lavalldelord.com\/ca\/punt\/esglesia-sant-llorenc-morunys\/\">Esgl\u00e9sia de Sant Lloren\u00e7 de Morunys i Claustre<\/a><\/li>\n<li><a href=\"https:\/\/lavalldelord.com\/ca\/punt\/museu-centre-dinterpretacio-vall-lord\/\">&#8211; Museu &#8211; Centre d&#8217;Interpretaci\u00f3 de la Vall de Lord<\/a><\/li>\n<\/ul>\n<p>&nbsp;<\/p>\n<h3><\/h3>\n<h3><strong>VISITA AMB COTXE ALGUNS DELS PUNTS D&#8217;INTER\u00c8S<\/strong><\/h3>\n<h3><img loading=\"lazy\" decoding=\"async\" class=\" wp-image-12289 alignleft\" src=\"https:\/\/lavalldelord.com\/wp-content\/uploads\/2025\/02\/DSC01371-1-e1740068417453-545x600.jpg\" alt=\"\" width=\"235\" height=\"259\" srcset=\"https:\/\/lavalldelord.com\/wp-content\/uploads\/2025\/02\/DSC01371-1-e1740068417453-545x600.jpg 545w, https:\/\/lavalldelord.com\/wp-content\/uploads\/2025\/02\/DSC01371-1-e1740068417453-931x1024.jpg 931w, https:\/\/lavalldelord.com\/wp-content\/uploads\/2025\/02\/DSC01371-1-e1740068417453-364x400.jpg 364w, https:\/\/lavalldelord.com\/wp-content\/uploads\/2025\/02\/DSC01371-1-e1740068417453-768x845.jpg 768w, https:\/\/lavalldelord.com\/wp-content\/uploads\/2025\/02\/DSC01371-1-e1740068417453.jpg 1069w\" sizes=\"auto, (max-width: 235px) 100vw, 235px\" \/><\/h3>\n<p>En dies de pluja fina o previsi\u00f3 de pluja una bona opci\u00f3 \u00e9s descobrir algunes ermites rom\u00e0niques i algunes fonts que es troben a la zona.<\/p>\n<p>Pots consultar la seva localitzaci\u00f3 i m\u00e9s informaci\u00f3 cliclant a sobre de cada punt d&#8217;inter\u00e8s.<\/p>\n<ul>\n<li>&#8211; <a href=\"https:\/\/lavalldelord.com\/ca\/punt\/fonts-del-cardener\/\"><strong>Fonts del Cardener\u00a0<\/strong><\/a><\/li>\n<li><a href=\"https:\/\/lavalldelord.com\/ca\/punt\/font-puda\/\"><strong>&#8211; Font de La Puda<\/strong><\/a><\/li>\n<li><a href=\"https:\/\/lavalldelord.com\/ca\/punt\/sant-serni-pedra\/\"><strong>&#8211; Ermita rom\u00e0nica de La Pedra<\/strong><\/a><\/li>\n<li><a href=\"https:\/\/lavalldelord.com\/ca\/punt\/sant-serni-grau\/\"><strong>&#8211; Ermita rom\u00e0nica de Sant Serni del Grau<\/strong><\/a><\/li>\n<li><a href=\"https:\/\/lavalldelord.com\/ca\/punt\/santa-creu-dels-ollers\/\"><strong>&#8211; Ermita rom\u00e0nica de Santa Creu dels Ollers<\/strong><\/a><\/li>\n<\/ul>\n<p>&nbsp;<\/p>\n<h3><\/h3>\n<h3><strong>ALTRES ACTIVITATS<\/strong><\/h3>\n<p>A la vall hi ha algunes empreses que ofereixen serveis i visites ideals per tot l&#8217;any i adaptades als dies de pluja<\/p>\n<p><a href=\"https:\/\/visitar.zoodelpirineu.com\/ca\/\"><strong>ZOO DEL PIRINEU<\/strong><\/a><\/p>\n<p><img loading=\"lazy\" decoding=\"async\" class=\"alignnone wp-image-10957\" src=\"https:\/\/lavalldelord.com\/wp-content\/uploads\/2024\/03\/zoo_pirineu-e1713886561614.jpg\" alt=\"\" width=\"244\" height=\"173\" \/>El <a href=\"https:\/\/visitar.zoodelpirineu.com\/ca\/\">Zoo del Pirineu<\/a> \u00e9s un centre de recuperaci\u00f3 de\u00a0fauna \/ refugi d&#8217;animals en el qual es realitzen diferents activitats; en els dies de pluja adapten algunes d&#8217;aquestes activitats i es realitzen en espais tancats.<\/p>\n<p>Podeu consultar tota la informaci\u00f3 a la seva <a href=\"https:\/\/visitar.zoodelpirineu.com\/ca\/\">p\u00e0gina web<\/a>.<\/p>\n<p>&nbsp;<\/p>\n<p><a href=\"https:\/\/www.instagram.com\/centredespertardelaconsciencia\/\"><strong>CENTRE DEL DESPERTAR DE LA CONSCI\u00c8NCIA<\/strong><\/a><\/p>\n<p><img loading=\"lazy\" decoding=\"async\" class=\"alignleft wp-image-12303 \" src=\"https:\/\/lavalldelord.com\/wp-content\/uploads\/2025\/02\/CENTRE_DESPERTAR_CONSCIENCIA_2-e1740142108119-402x600.jpg\" alt=\"\" width=\"245\" height=\"365\" srcset=\"https:\/\/lavalldelord.com\/wp-content\/uploads\/2025\/02\/CENTRE_DESPERTAR_CONSCIENCIA_2-e1740142108119-402x600.jpg 402w, https:\/\/lavalldelord.com\/wp-content\/uploads\/2025\/02\/CENTRE_DESPERTAR_CONSCIENCIA_2-e1740142108119-686x1024.jpg 686w, https:\/\/lavalldelord.com\/wp-content\/uploads\/2025\/02\/CENTRE_DESPERTAR_CONSCIENCIA_2-e1740142108119-268x400.jpg 268w, https:\/\/lavalldelord.com\/wp-content\/uploads\/2025\/02\/CENTRE_DESPERTAR_CONSCIENCIA_2-e1740142108119-768x1146.jpg 768w, https:\/\/lavalldelord.com\/wp-content\/uploads\/2025\/02\/CENTRE_DESPERTAR_CONSCIENCIA_2-e1740142108119.jpg 900w\" sizes=\"auto, (max-width: 245px) 100vw, 245px\" \/><\/p>\n<p>Al <a href=\"https:\/\/www.instagram.com\/centredespertardelaconsciencia\/\"><strong>Centre del despertar de la Consci\u00e8ncia<\/strong><\/a> ofereixen diferents tipus de ter\u00e0pies aix\u00ed com Reiki, i una agenda d&#8217;activitats com meditaci\u00f3, cercle de dones entre altres. Consulta <a href=\"https:\/\/www.instagram.com\/centredespertardelaconsciencia\/\">aqu\u00ed<\/a> les seves activitats i agenda!<\/p>\n<p>&nbsp;<\/p>\n<h3><strong>RELAXA&#8217;T<\/strong><\/h3>\n<p><img loading=\"lazy\" decoding=\"async\" class=\"alignnone wp-image-12308\" src=\"https:\/\/lavalldelord.com\/wp-content\/uploads\/2025\/02\/AVET-600x400.jpg\" alt=\"\" width=\"332\" height=\"221\" srcset=\"https:\/\/lavalldelord.com\/wp-content\/uploads\/2025\/02\/AVET-600x400.jpg 600w, https:\/\/lavalldelord.com\/wp-content\/uploads\/2025\/02\/AVET-400x267.jpg 400w, https:\/\/lavalldelord.com\/wp-content\/uploads\/2025\/02\/AVET-768x512.jpg 768w, https:\/\/lavalldelord.com\/wp-content\/uploads\/2025\/02\/AVET.jpg 1024w\" sizes=\"auto, (max-width: 332px) 100vw, 332px\" \/>A la Vall de Lord trobar\u00e0s tot un seguit de bars, restaurants i cafeteries per menjar i prendre alguna cosa\u00a0 en qualsevol moment del dia. <a href=\"https:\/\/lavalldelord.com\/ca\/organitza\/on-menjar\/\">Consulta aqu\u00ed tots els que trobar\u00e0s amb la seva ubicaci\u00f3!<\/a><\/p>\n<p>&nbsp;<\/p>\n<h3>CONSULTA L&#8217;AGENDA<\/h3>\n<p>A banda de les propostes per visitar i fer d&#8217;activitats, sempre hi ha esdeveniments addicionals que es realitzen puntualment en caps de setmana: visites guiades, obertura de la capella de la Pietat, espectacles infantils, entre molts altres que poden complementar la vostra estada a la vall.<\/p>\n<p><a href=\"https:\/\/lavalldelord.com\/ca\/que-fer\/fires-festes\/\">Consulta aqu\u00ed l&#8217;agenda actualitzada amb els esdeveniments<\/a><\/p>\n<p>&nbsp;<\/p>\n<p>&nbsp;<\/p>\n<p>&nbsp;<\/p>\n<p>&nbsp;<\/p>\n<p>&nbsp;<\/p>\n<p>&nbsp;<\/p>\n<p>&nbsp;<\/p>\n<p>&nbsp;<\/p>\n<p>&nbsp;<\/p>","protected":false},"excerpt":{"rendered":"<p>Qu\u00e8 fer si plou a la Vall de Lord? La Vall de Lord tamb\u00e9 ofereix diferents alternatives si algun dia [&hellip;]<\/p>\n","protected":false},"author":3,"featured_media":12270,"parent":10654,"menu_order":57,"comment_status":"closed","ping_status":"closed","template":"full-width.php","meta":{"_acf_changed":false,"_exactmetrics_skip_tracking":false,"_exactmetrics_sitenote_active":false,"_exactmetrics_sitenote_note":"","_exactmetrics_sitenote_category":0,"_joinchat":[],"footnotes":""},"class_list":["post-12271","page","type-page","status-publish","has-post-thumbnail","hentry"],"acf":[],"yoast_head":"<!-- This site is optimized with the Yoast SEO plugin v27.5 - https:\/\/yoast.com\/product\/yoast-seo-wordpress\/ -->\n<title>Qu\u00e8 fer si plou a la Vall de Lord<\/title>\n<meta name=\"description\" content=\"Descobreix totes les activitats i espais a visitar a la Vall de Lord si plou. Troba aqu\u00ed qu\u00e8 fer en dies de pluja.\" \/>\n<meta name=\"robots\" content=\"index, follow, max-snippet:-1, max-image-preview:large, max-video-preview:-1\" \/>\n<link rel=\"canonical\" href=\"https:\/\/lavalldelord.com\/ca\/visitar-la-vall-de-lord\/que-fer-si-plou\/\" \/>\n<meta property=\"og:locale\" content=\"ca_ES\" \/>\n<meta property=\"og:type\" content=\"article\" \/>\n<meta property=\"og:title\" content=\"Qu\u00e8 fer si plou a la Vall de Lord\" \/>\n<meta property=\"og:description\" content=\"Descobreix totes les activitats i espais a visitar a la Vall de Lord si plou. Troba aqu\u00ed qu\u00e8 fer en dies de pluja.\" \/>\n<meta property=\"og:url\" content=\"https:\/\/lavalldelord.com\/ca\/visitar-la-vall-de-lord\/que-fer-si-plou\/\" \/>\n<meta property=\"og:site_name\" content=\"La Vall de Lord\" \/>\n<meta property=\"article:publisher\" content=\"https:\/\/www.facebook.com\/turismevalldelord\" \/>\n<meta property=\"article:modified_time\" content=\"2025-02-21T16:18:54+00:00\" \/>\n<meta property=\"og:image\" content=\"https:\/\/lavalldelord.com\/wp-content\/uploads\/2025\/02\/6Q6A5386.jpg\" \/>\n\t<meta property=\"og:image:width\" content=\"1067\" \/>\n\t<meta property=\"og:image:height\" content=\"1600\" \/>\n\t<meta property=\"og:image:type\" content=\"image\/jpeg\" \/>\n<meta name=\"twitter:card\" content=\"summary_large_image\" \/>\n<meta name=\"twitter:site\" content=\"@valldelord\" \/>\n<meta name=\"twitter:label1\" content=\"Temps estimat de lectura\" \/>\n\t<meta name=\"twitter:data1\" content=\"5 minuts\" \/>\n<script type=\"application\/ld+json\" class=\"yoast-schema-graph\">{\"@context\":\"https:\\\/\\\/schema.org\",\"@graph\":[{\"@type\":\"WebPage\",\"@id\":\"https:\\\/\\\/lavalldelord.com\\\/ca\\\/visitar-la-vall-de-lord\\\/que-fer-si-plou\\\/\",\"url\":\"https:\\\/\\\/lavalldelord.com\\\/ca\\\/visitar-la-vall-de-lord\\\/que-fer-si-plou\\\/\",\"name\":\"Qu\u00e8 fer si plou a la Vall de Lord\",\"isPartOf\":{\"@id\":\"https:\\\/\\\/lavalldelord.com\\\/ca\\\/#website\"},\"primaryImageOfPage\":{\"@id\":\"https:\\\/\\\/lavalldelord.com\\\/ca\\\/visitar-la-vall-de-lord\\\/que-fer-si-plou\\\/#primaryimage\"},\"image\":{\"@id\":\"https:\\\/\\\/lavalldelord.com\\\/visitar-la-vall-de-lord\\\/que-fer-si-plou\\\/#primaryimage\"},\"thumbnailUrl\":\"https:\\\/\\\/lavalldelord.com\\\/wp-content\\\/uploads\\\/2025\\\/02\\\/6Q6A5386.jpg\",\"datePublished\":\"2025-02-20T15:20:57+00:00\",\"dateModified\":\"2025-02-21T16:18:54+00:00\",\"description\":\"Descobreix totes les activitats i espais a visitar a la Vall de Lord si plou. Troba aqu\u00ed qu\u00e8 fer en dies de pluja.\",\"breadcrumb\":{\"@id\":\"https:\\\/\\\/lavalldelord.com\\\/ca\\\/visitar-la-vall-de-lord\\\/que-fer-si-plou\\\/#breadcrumb\"},\"inLanguage\":\"ca\",\"potentialAction\":[{\"@type\":\"ReadAction\",\"target\":[[\"https:\\\/\\\/lavalldelord.com\\\/ca\\\/visitar-la-vall-de-lord\\\/que-fer-si-plou\\\/\"]]}]},{\"@type\":\"ImageObject\",\"inLanguage\":\"ca\",\"@id\":\"https:\\\/\\\/lavalldelord.com\\\/ca\\\/visitar-la-vall-de-lord\\\/que-fer-si-plou\\\/#primaryimage\",\"url\":\"https:\\\/\\\/lavalldelord.com\\\/wp-content\\\/uploads\\\/2025\\\/02\\\/6Q6A5386.jpg\",\"contentUrl\":\"https:\\\/\\\/lavalldelord.com\\\/wp-content\\\/uploads\\\/2025\\\/02\\\/6Q6A5386.jpg\",\"width\":1067,\"height\":1600,\"caption\":\"La Vall de Lord en un dia de pluja\"},{\"@type\":\"BreadcrumbList\",\"@id\":\"https:\\\/\\\/lavalldelord.com\\\/ca\\\/visitar-la-vall-de-lord\\\/que-fer-si-plou\\\/#breadcrumb\",\"itemListElement\":[{\"@type\":\"ListItem\",\"position\":1,\"name\":\"Inici\",\"item\":\"https:\\\/\\\/lavalldelord.com\\\/ca\\\/\"},{\"@type\":\"ListItem\",\"position\":2,\"name\":\"Visit Vall de Lord\",\"item\":\"https:\\\/\\\/lavalldelord.com\\\/ca\\\/visitar-la-vall-de-lord\\\/\"},{\"@type\":\"ListItem\",\"position\":3,\"name\":\"Qu\u00e8 fer si plou a la Vall de Lord\"}]},{\"@type\":\"WebSite\",\"@id\":\"https:\\\/\\\/lavalldelord.com\\\/ca\\\/#website\",\"url\":\"https:\\\/\\\/lavalldelord.com\\\/ca\\\/\",\"name\":\"Turisme Vall de Lord\",\"description\":\"Portal tur\u00edstic de la Vall de Lord, naturalment!\",\"publisher\":{\"@id\":\"https:\\\/\\\/lavalldelord.com\\\/ca\\\/#organization\"},\"potentialAction\":[{\"@type\":\"SearchAction\",\"target\":{\"@type\":\"EntryPoint\",\"urlTemplate\":\"https:\\\/\\\/lavalldelord.com\\\/ca\\\/?s={search_term_string}\"},\"query-input\":{\"@type\":\"PropertyValueSpecification\",\"valueRequired\":true,\"valueName\":\"search_term_string\"}}],\"inLanguage\":\"ca\"},{\"@type\":\"Organization\",\"@id\":\"https:\\\/\\\/lavalldelord.com\\\/ca\\\/#organization\",\"name\":\"La Vall de Lord\",\"url\":\"https:\\\/\\\/lavalldelord.com\\\/ca\\\/\",\"logo\":{\"@type\":\"ImageObject\",\"inLanguage\":\"ca\",\"@id\":\"https:\\\/\\\/lavalldelord.com\\\/ca\\\/#\\\/schema\\\/logo\\\/image\\\/\",\"url\":\"https:\\\/\\\/lavalldelord.com\\\/wp-content\\\/uploads\\\/2024\\\/02\\\/DJI_0864_websize.jpg\",\"contentUrl\":\"https:\\\/\\\/lavalldelord.com\\\/wp-content\\\/uploads\\\/2024\\\/02\\\/DJI_0864_websize.jpg\",\"width\":1600,\"height\":899,\"caption\":\"La Vall de Lord\"},\"image\":{\"@id\":\"https:\\\/\\\/lavalldelord.com\\\/ca\\\/#\\\/schema\\\/logo\\\/image\\\/\"},\"sameAs\":[\"https:\\\/\\\/www.facebook.com\\\/turismevalldelord\",\"https:\\\/\\\/x.com\\\/valldelord\",\"https:\\\/\\\/www.instagram.com\\\/turismevalldelord\"]}]}<\/script>\n<!-- \/ Yoast SEO plugin. -->","yoast_head_json":{"title":"Qu\u00e8 fer si plou a la Vall de Lord","description":"Descobreix totes les activitats i espais a visitar a la Vall de Lord si plou. Troba aqu\u00ed qu\u00e8 fer en dies de pluja.","robots":{"index":"index","follow":"follow","max-snippet":"max-snippet:-1","max-image-preview":"max-image-preview:large","max-video-preview":"max-video-preview:-1"},"canonical":"https:\/\/lavalldelord.com\/ca\/visitar-la-vall-de-lord\/que-fer-si-plou\/","og_locale":"ca_ES","og_type":"article","og_title":"Qu\u00e8 fer si plou a la Vall de Lord","og_description":"Descobreix totes les activitats i espais a visitar a la Vall de Lord si plou. Troba aqu\u00ed qu\u00e8 fer en dies de pluja.","og_url":"https:\/\/lavalldelord.com\/ca\/visitar-la-vall-de-lord\/que-fer-si-plou\/","og_site_name":"La Vall de Lord","article_publisher":"https:\/\/www.facebook.com\/turismevalldelord","article_modified_time":"2025-02-21T16:18:54+00:00","og_image":[{"width":1067,"height":1600,"url":"https:\/\/lavalldelord.com\/wp-content\/uploads\/2025\/02\/6Q6A5386.jpg","type":"image\/jpeg"}],"twitter_card":"summary_large_image","twitter_site":"@valldelord","twitter_misc":{"Temps estimat de lectura":"5 minuts"},"schema":{"@context":"https:\/\/schema.org","@graph":[{"@type":"WebPage","@id":"https:\/\/lavalldelord.com\/ca\/visitar-la-vall-de-lord\/que-fer-si-plou\/","url":"https:\/\/lavalldelord.com\/ca\/visitar-la-vall-de-lord\/que-fer-si-plou\/","name":"Qu\u00e8 fer si plou a la Vall de Lord","isPartOf":{"@id":"https:\/\/lavalldelord.com\/ca\/#website"},"primaryImageOfPage":{"@id":"https:\/\/lavalldelord.com\/ca\/visitar-la-vall-de-lord\/que-fer-si-plou\/#primaryimage"},"image":{"@id":"https:\/\/lavalldelord.com\/visitar-la-vall-de-lord\/que-fer-si-plou\/#primaryimage"},"thumbnailUrl":"https:\/\/lavalldelord.com\/wp-content\/uploads\/2025\/02\/6Q6A5386.jpg","datePublished":"2025-02-20T15:20:57+00:00","dateModified":"2025-02-21T16:18:54+00:00","description":"Descobreix totes les activitats i espais a visitar a la Vall de Lord si plou. Troba aqu\u00ed qu\u00e8 fer en dies de pluja.","breadcrumb":{"@id":"https:\/\/lavalldelord.com\/ca\/visitar-la-vall-de-lord\/que-fer-si-plou\/#breadcrumb"},"inLanguage":"ca","potentialAction":[{"@type":"ReadAction","target":[["https:\/\/lavalldelord.com\/ca\/visitar-la-vall-de-lord\/que-fer-si-plou\/"]]}]},{"@type":"ImageObject","inLanguage":"ca","@id":"https:\/\/lavalldelord.com\/ca\/visitar-la-vall-de-lord\/que-fer-si-plou\/#primaryimage","url":"https:\/\/lavalldelord.com\/wp-content\/uploads\/2025\/02\/6Q6A5386.jpg","contentUrl":"https:\/\/lavalldelord.com\/wp-content\/uploads\/2025\/02\/6Q6A5386.jpg","width":1067,"height":1600,"caption":"La Vall de Lord en un dia de pluja"},{"@type":"BreadcrumbList","@id":"https:\/\/lavalldelord.com\/ca\/visitar-la-vall-de-lord\/que-fer-si-plou\/#breadcrumb","itemListElement":[{"@type":"ListItem","position":1,"name":"Inici","item":"https:\/\/lavalldelord.com\/ca\/"},{"@type":"ListItem","position":2,"name":"Visit Vall de Lord","item":"https:\/\/lavalldelord.com\/ca\/visitar-la-vall-de-lord\/"},{"@type":"ListItem","position":3,"name":"Qu\u00e8 fer si plou a la Vall de Lord"}]},{"@type":"WebSite","@id":"https:\/\/lavalldelord.com\/ca\/#website","url":"https:\/\/lavalldelord.com\/ca\/","name":"Turisme Vall de Lord","description":"Portal tur\u00edstic de la Vall de Lord, naturalment!","publisher":{"@id":"https:\/\/lavalldelord.com\/ca\/#organization"},"potentialAction":[{"@type":"SearchAction","target":{"@type":"EntryPoint","urlTemplate":"https:\/\/lavalldelord.com\/ca\/?s={search_term_string}"},"query-input":{"@type":"PropertyValueSpecification","valueRequired":true,"valueName":"search_term_string"}}],"inLanguage":"ca"},{"@type":"Organization","@id":"https:\/\/lavalldelord.com\/ca\/#organization","name":"La Vall de Lord","url":"https:\/\/lavalldelord.com\/ca\/","logo":{"@type":"ImageObject","inLanguage":"ca","@id":"https:\/\/lavalldelord.com\/ca\/#\/schema\/logo\/image\/","url":"https:\/\/lavalldelord.com\/wp-content\/uploads\/2024\/02\/DJI_0864_websize.jpg","contentUrl":"https:\/\/lavalldelord.com\/wp-content\/uploads\/2024\/02\/DJI_0864_websize.jpg","width":1600,"height":899,"caption":"La Vall de Lord"},"image":{"@id":"https:\/\/lavalldelord.com\/ca\/#\/schema\/logo\/image\/"},"sameAs":["https:\/\/www.facebook.com\/turismevalldelord","https:\/\/x.com\/valldelord","https:\/\/www.instagram.com\/turismevalldelord"]}]}},"_links":{"self":[{"href":"https:\/\/lavalldelord.com\/ca\/wp-json\/wp\/v2\/pages\/12271","targetHints":{"allow":["GET"]}}],"collection":[{"href":"https:\/\/lavalldelord.com\/ca\/wp-json\/wp\/v2\/pages"}],"about":[{"href":"https:\/\/lavalldelord.com\/ca\/wp-json\/wp\/v2\/types\/page"}],"author":[{"embeddable":true,"href":"https:\/\/lavalldelord.com\/ca\/wp-json\/wp\/v2\/users\/3"}],"replies":[{"embeddable":true,"href":"https:\/\/lavalldelord.com\/ca\/wp-json\/wp\/v2\/comments?post=12271"}],"version-history":[{"count":27,"href":"https:\/\/lavalldelord.com\/ca\/wp-json\/wp\/v2\/pages\/12271\/revisions"}],"predecessor-version":[{"id":12312,"href":"https:\/\/lavalldelord.com\/ca\/wp-json\/wp\/v2\/pages\/12271\/revisions\/12312"}],"up":[{"embeddable":true,"href":"https:\/\/lavalldelord.com\/ca\/wp-json\/wp\/v2\/pages\/10654"}],"wp:featuredmedia":[{"embeddable":true,"href":"https:\/\/lavalldelord.com\/ca\/wp-json\/wp\/v2\/media\/12270"}],"wp:attachment":[{"href":"https:\/\/lavalldelord.com\/ca\/wp-json\/wp\/v2\/media?parent=12271"}],"curies":[{"name":"wp","href":"https:\/\/api.w.org\/{rel}","templated":true}]}}