{"id":13269,"date":"2025-12-14T13:15:00","date_gmt":"2025-12-14T12:15:00","guid":{"rendered":"https:\/\/lavalldelord.com\/?page_id=13269"},"modified":"2026-01-26T10:37:09","modified_gmt":"2026-01-26T09:37:09","slug":"associacio-de-turisme-de-la-vall-de-lord","status":"publish","type":"page","link":"https:\/\/lavalldelord.com\/ca\/la-vall-de-lord\/associacio-de-turisme-de-la-vall-de-lord\/","title":{"rendered":"Associaci\u00f3 de Turisme de la Vall de Lord"},"content":{"rendered":"<p><img loading=\"lazy\" decoding=\"async\" class=\"alignleft wp-image-13300\" src=\"https:\/\/lavalldelord.com\/wp-content\/uploads\/2025\/12\/valldelordtur.gif\" alt=\"\" width=\"200\" height=\"136\" \/><\/p>\n<p>L&#8217;<strong>Associaci\u00f3 de Turisme de la Vall de Lord<\/strong> \u00e9s una entitat sense \u00e0nim de lucre amb seu a Sant Lloren\u00e7 de Morunys que va ser fundada l&#8217;any 2007 per un grup de voluntaris, part\u00edceps tots d&#8217;agents tur\u00edstics de la zona, per tal d&#8217;aglutinar tot el sector tur\u00edstic de la Vall de Lord en una mateixa associaci\u00f3 que vetll\u00e9s per la promoci\u00f3 tur\u00edstica i econ\u00f2mica del territori a partir dels seus atractius paisatg\u00edstics, naturals i culturals, i alhora serv\u00eds d&#8217;element cohesionador entre tots aquests agents tur\u00edstics i poder millorar l&#8217;oferta tur\u00edstica mitjan\u00e7ant la col\u00b7laboraci\u00f3 entre tots ells.<\/p>\n<p><img loading=\"lazy\" decoding=\"async\" class=\"alignright wp-image-13270\" src=\"https:\/\/lavalldelord.com\/wp-content\/uploads\/2025\/12\/v-logo-vdl-400x159.png\" alt=\"\" width=\"300\" height=\"119\" srcset=\"https:\/\/lavalldelord.com\/wp-content\/uploads\/2025\/12\/v-logo-vdl-400x159.png 400w, https:\/\/lavalldelord.com\/wp-content\/uploads\/2025\/12\/v-logo-vdl.png 402w\" sizes=\"auto, (max-width: 300px) 100vw, 300px\" \/><\/p>\n<p>Des del 2009, <strong>l&#8217;Associaci\u00f3 s&#8217;encarrega de la gesti\u00f3 i obertura de l&#8217;Oficina de Turisme de la Vall de Lord<\/strong>, situada a Sant Lloren\u00e7 de Morunys, mitjan\u00e7ant una col\u00b7laboraci\u00f3 publico-privada; \u00e9s a dir, amb participaci\u00f3 privada mitjan\u00e7ant els seus associats, tan empreses com particulars, per\u00f2 amb una part important de finan\u00e7ament p\u00fablic provinent dels tres ajuntaments que formen la Vall de Lord i del Consell Comarcal del Solson\u00e8s<\/p>\n<p>L&#8217;any 2016, amb la creaci\u00f3 d&#8217;una nova junta amb l&#8217;objectiu de reactivar l&#8217;Associaci\u00f3, que en aquell moment es trobava molt aturada, es va realitzar un canvi d&#8217;imatge important i s&#8217;hi va donar una forta empenta que va posar les bases del que \u00e9s a dia d&#8217;avui l&#8217;Associaci\u00f3. Es va dissenyar un nou logotip i es va crear una nova p\u00e0gina web d&#8217;informaci\u00f3 tur\u00edstica, i alhora es van augmentar els horaris d&#8217;atenci\u00f3 al p\u00fablic a l&#8217;Oficina de Turisme amb la contractaci\u00f3 de dues treballadores.<\/p>\n<figure id=\"attachment_13312\" aria-describedby=\"caption-attachment-13312\" style=\"width: 400px\" class=\"wp-caption alignleft\"><img loading=\"lazy\" decoding=\"async\" class=\"wp-image-13312 size-thumbnail\" src=\"https:\/\/lavalldelord.com\/wp-content\/uploads\/2025\/12\/352ff111-671f-4f9b-9b90-288f86ac866c_source-aspect-ratio_default_0-1-400x267.jpg\" alt=\"\" width=\"400\" height=\"267\" srcset=\"https:\/\/lavalldelord.com\/wp-content\/uploads\/2025\/12\/352ff111-671f-4f9b-9b90-288f86ac866c_source-aspect-ratio_default_0-1-400x267.jpg 400w, https:\/\/lavalldelord.com\/wp-content\/uploads\/2025\/12\/352ff111-671f-4f9b-9b90-288f86ac866c_source-aspect-ratio_default_0-1-600x400.jpg 600w, https:\/\/lavalldelord.com\/wp-content\/uploads\/2025\/12\/352ff111-671f-4f9b-9b90-288f86ac866c_source-aspect-ratio_default_0-1-768x512.jpg 768w, https:\/\/lavalldelord.com\/wp-content\/uploads\/2025\/12\/352ff111-671f-4f9b-9b90-288f86ac866c_source-aspect-ratio_default_0-1.jpg 1000w\" sizes=\"auto, (max-width: 400px) 100vw, 400px\" \/><figcaption id=\"caption-attachment-13312\" class=\"wp-caption-text\">Presentaci\u00f3 de la nova web. 4 de juliol de 2017. Fotografies del diari Regi\u00f37<\/figcaption><\/figure>\n<p><img loading=\"lazy\" decoding=\"async\" class=\"alignnone wp-image-13313 size-thumbnail\" src=\"https:\/\/lavalldelord.com\/wp-content\/uploads\/2025\/12\/f0456447-cd73-4dc5-ada7-b8408b83aefe_source-aspect-ratio_default_0-1-400x267.jpg\" alt=\"\" width=\"400\" height=\"267\" srcset=\"https:\/\/lavalldelord.com\/wp-content\/uploads\/2025\/12\/f0456447-cd73-4dc5-ada7-b8408b83aefe_source-aspect-ratio_default_0-1-400x267.jpg 400w, https:\/\/lavalldelord.com\/wp-content\/uploads\/2025\/12\/f0456447-cd73-4dc5-ada7-b8408b83aefe_source-aspect-ratio_default_0-1-600x400.jpg 600w, https:\/\/lavalldelord.com\/wp-content\/uploads\/2025\/12\/f0456447-cd73-4dc5-ada7-b8408b83aefe_source-aspect-ratio_default_0-1-768x512.jpg 768w, https:\/\/lavalldelord.com\/wp-content\/uploads\/2025\/12\/f0456447-cd73-4dc5-ada7-b8408b83aefe_source-aspect-ratio_default_0-1.jpg 1000w\" sizes=\"auto, (max-width: 400px) 100vw, 400px\" \/><\/p>\n<p>&nbsp;<\/p>\n<p><strong>A partir de 2017, l&#8217;Associaci\u00f3 de Turisme ha aconseguit realitzar diversos projectes importants i moltes activitats<\/strong>. L&#8217;Associaci\u00f3 cada any realitza un pla d&#8217;actuacions consensuat amb els organismes p\u00fablics que hi col\u00b7laboren. A part de tota la feina habitual del dia a dia, com l&#8217;obertura de l&#8217;Oficina de Turisme i del Museu &#8211; Centre d&#8217;Interpretaci\u00f3, i totes les feines internes que requereix una Associaci\u00f3 com aquesta, durant els darrers anys s&#8217;han aconseguit molts dels objectius proposats el mateix 2017 o que han anat sorgint amb el pas del temps, entre els quals podem destacar:<\/p>\n<ul>\n<li>&#8211; Edici\u00f3 i publicaci\u00f3 (tan f\u00edsica com digital) de material promocional nou, com mapes, guies, fulletons, etc.<\/li>\n<li>&#8211; Creaci\u00f3 i millora any a any de la p\u00e0gina web d&#8217;informaci\u00f3 tur\u00edstica: www.lavalldelord.com<\/li>\n<li>&#8211; Promoci\u00f3 tur\u00edstica de la Vall de Lord a trav\u00e9s de xarxes socials per arribar cada any a m\u00e9s p\u00fablic diferent<\/li>\n<li>&#8211; Reforma i readequaci\u00f3 de l&#8217;Oficina de Turisme de la Vall de Lord<\/li>\n<li>&#8211; Revisi\u00f3 i manteniment de les rutes de senderisme i de BTT, i creaci\u00f3 de noves rutes de senderisme<\/li>\n<li>&#8211; Organitzaci\u00f3 de cursos gratu\u00efts per a treballadors i propietaris d&#8217;agents tur\u00edstics de la zona<\/li>\n<li>&#8211; Participaci\u00f3 en l&#8217;organitzaci\u00f3 de fires, festes i esdeveniments culturals d&#8217;Ajuntaments o d&#8217;altres associacions<\/li>\n<li>&#8211; Promoci\u00f3 de tots els esdeveniments de la zona mitjan\u00e7ant la p\u00e0gina web i una agenda digital mensual<\/li>\n<li>&#8211; Comunicaci\u00f3 mensual amb tots els associats sobre esdeveniments, informaci\u00f3 interna o subvencions<\/li>\n<li>&#8211; Creaci\u00f3 i venda de marxandatge de la Vall de Lord<\/li>\n<\/ul>\n<p>&nbsp;<\/p>\n<p><img loading=\"lazy\" decoding=\"async\" class=\"alignleft wp-image-13282\" src=\"https:\/\/lavalldelord.com\/wp-content\/uploads\/2025\/12\/oficina_turisme_vall_de_lord-scaled-e1765705930524-600x399.jpeg\" alt=\"\" width=\"500\" height=\"332\" srcset=\"https:\/\/lavalldelord.com\/wp-content\/uploads\/2025\/12\/oficina_turisme_vall_de_lord-scaled-e1765705930524-600x399.jpeg 600w, https:\/\/lavalldelord.com\/wp-content\/uploads\/2025\/12\/oficina_turisme_vall_de_lord-scaled-e1765705930524-1024x681.jpeg 1024w, https:\/\/lavalldelord.com\/wp-content\/uploads\/2025\/12\/oficina_turisme_vall_de_lord-scaled-e1765705930524-400x266.jpeg 400w, https:\/\/lavalldelord.com\/wp-content\/uploads\/2025\/12\/oficina_turisme_vall_de_lord-scaled-e1765705930524-768x511.jpeg 768w, https:\/\/lavalldelord.com\/wp-content\/uploads\/2025\/12\/oficina_turisme_vall_de_lord-scaled-e1765705930524-1536x1021.jpeg 1536w, https:\/\/lavalldelord.com\/wp-content\/uploads\/2025\/12\/oficina_turisme_vall_de_lord-scaled-e1765705930524-2048x1362.jpeg 2048w\" sizes=\"auto, (max-width: 500px) 100vw, 500px\" \/><\/p>\n<p><img loading=\"lazy\" decoding=\"async\" class=\"alignright wp-image-3633\" src=\"https:\/\/lavalldelord.com\/wp-content\/uploads\/2017\/03\/oficina_turisme-400x266.jpg\" alt=\"\" width=\"500\" height=\"333\" srcset=\"https:\/\/lavalldelord.com\/wp-content\/uploads\/2017\/03\/oficina_turisme-400x266.jpg 400w, https:\/\/lavalldelord.com\/wp-content\/uploads\/2017\/03\/oficina_turisme.jpg 500w\" sizes=\"auto, (max-width: 500px) 100vw, 500px\" \/><\/p>\n<p>&nbsp;<\/p>\n<p>A dia d&#8217;avui, l<strong>&#8216;Associaci\u00f3 de Turisme aposta evidentment per la promoci\u00f3 tur\u00edstica del territori, per\u00f2 ho fa partir de tres eixos concrets molt importants<\/strong>:<\/p>\n<p>&#8211; <span style=\"text-decoration: underline;\">Turisme sostenible i conservaci\u00f3 del medi ambient<\/span>: que la forma de con\u00e8ixer tot el patrimoni natural, cultural i hist\u00f2ric de la Vall de Lord sigui sostenible; des de l&#8217;Associaci\u00f3 s&#8217;aposta per un turisme actiu, esportiu i de natura, mitjan\u00e7ant rutes de senderisme i de BTT, i promulgant el respecte al patrimoni natural del territori, la seva fauna i la seva flora.<\/p>\n<p>&#8211; <span style=\"text-decoration: underline;\">Promoci\u00f3, respecte i conservaci\u00f3 del patrimoni cultural i hist\u00f2ric<\/span>. La divulgaci\u00f3 de la hist\u00f2ria i la cultura de tot el patrimoni de la Vall, i buscar f\u00f3rmules per tal que tot el coneixement d&#8217;aquesta hist\u00f2ria sigui accessible a tothom, tan de forma f\u00edsica (mitjan\u00e7ant fulletons o panells in situ, o l&#8217;obertura del Museu &#8211; Centre d&#8217;Interpretaci\u00f3 de la Vall de Lord) com de forma digital (a trav\u00e9s de la p\u00e0gina web i les xarxes socials).<\/p>\n<p>&#8211; <span style=\"text-decoration: underline;\">Promoci\u00f3 econ\u00f2mica dels establiments dels municipis de la zona per millorar la qualitat de vida dels seus habitants<\/span>. Des de l&#8217;Associaci\u00f3 es promocionen tots els establiments i empreses locals, posant un cert \u00e8mfasi, evidentment, en tots aquells establiments i empreses dedicades al turisme sempre i quan apostin per un turisme sostenible que respecti la zona. I fruit de la col\u00b7laboraci\u00f3 p\u00fablico-privada de la pr\u00f2pia Associaci\u00f3, es promocionen especialment aquelles empreses que col\u00b7laboren amb l&#8217;Associaci\u00f3 mitjan\u00e7ant una quota anual d&#8217;associats per tal d&#8217;ajudar que l&#8217;Associaci\u00f3 pugui cr\u00e8ixer i realitzar cada cop m\u00e9s activitats a la zona o b\u00e9 poder participar m\u00e9s activament en les fires i festes que ja s\u00f3n tradici\u00f3.<\/p>\n<p>&nbsp;<\/p>\n<p><strong><img loading=\"lazy\" decoding=\"async\" class=\"alignright wp-image-4305 size-thumbnail\" src=\"https:\/\/lavalldelord.com\/wp-content\/uploads\/2017\/08\/foto_gegants_petita-e1549882105527-400x182.jpg\" alt=\"\" width=\"400\" height=\"182\" \/>Creiem que l&#8217;Associaci\u00f3 de Turisme de la Vall de Lord, al cap i a la fi, \u00e9s tamb\u00e9 una eina de cohesi\u00f3, cooperaci\u00f3, coordinaci\u00f3 i participaci\u00f3<\/strong>. \u00c9s una entitat que aglutina els tres municipis de la Vall i ha sobreviscut al llarg dels anys gr\u00e0cies a la feina incansable de voluntaris i volunt\u00e0ries que treballen per amor a aquest territori. I alhora, sempre s&#8217;ha col\u00b7laborat amb tota la resta d&#8217;associacions, entitats i organismes per tal de no perdre tot all\u00f2 que ens uneix, des del patrimoni natural i hist\u00f2ric fins a les festes tradicionals que no poden deixar perdre.<\/p>\n<p>\u00c9s per tot aix\u00f2 que, des de l&#8217;Associaci\u00f3 de Turisme volem que tothom s&#8217;hi senti incl\u00f2s. Tant els habitants de la Vall de Lord com tota aquella gent que no viu aqu\u00ed per\u00f2 decideix passar el seu temps lliure al nostre territori. I volem que tots aquells que el descobreixen per primer cop en puguin gaudir tant com en gaudim nosaltres al dia a dia. Per aquest motiu, des de l&#8217;Associaci\u00f3 promovem valors de respecte i inclusi\u00f3 en totes les nostres activitats i comunicacions. Ens esforcem perqu\u00e8 les nostres accions siguin accessibles i equitatives, fomentant la participaci\u00f3 de totes les persones, sense discriminaci\u00f3 per ra\u00f3 de g\u00e8nere, edat, origen, capacitats o creences.<\/p>\n<p>&nbsp;<\/p>\n<p><img loading=\"lazy\" decoding=\"async\" class=\"aligncenter wp-image-3663 size-full\" src=\"https:\/\/lavalldelord.com\/wp-content\/uploads\/2016\/10\/mirador_codo-e1490434794359.jpg\" alt=\"\" width=\"800\" height=\"228\" srcset=\"https:\/\/lavalldelord.com\/wp-content\/uploads\/2016\/10\/mirador_codo-e1490434794359.jpg 800w, https:\/\/lavalldelord.com\/wp-content\/uploads\/2016\/10\/mirador_codo-e1490434794359-400x114.jpg 400w, https:\/\/lavalldelord.com\/wp-content\/uploads\/2016\/10\/mirador_codo-e1490434794359-600x171.jpg 600w, https:\/\/lavalldelord.com\/wp-content\/uploads\/2016\/10\/mirador_codo-e1490434794359-768x219.jpg 768w\" sizes=\"auto, (max-width: 800px) 100vw, 800px\" \/><\/p>","protected":false},"excerpt":{"rendered":"<p>L&#8217;Associaci\u00f3 de Turisme de la Vall de Lord \u00e9s una entitat sense \u00e0nim de lucre amb seu a Sant Lloren\u00e7 [&hellip;]<\/p>\n","protected":false},"author":3,"featured_media":13300,"parent":3496,"menu_order":95,"comment_status":"closed","ping_status":"closed","template":"full-width.php","meta":{"_acf_changed":false,"_exactmetrics_skip_tracking":false,"_exactmetrics_sitenote_active":false,"_exactmetrics_sitenote_note":"","_exactmetrics_sitenote_category":0,"_joinchat":[],"footnotes":""},"class_list":["post-13269","page","type-page","status-publish","has-post-thumbnail","hentry"],"acf":[],"yoast_head":"<!-- This site is optimized with the Yoast SEO plugin v27.5 - https:\/\/yoast.com\/product\/yoast-seo-wordpress\/ -->\n<title>Associaci\u00f3 de Turisme de la Vall de Lord - La Vall de Lord<\/title>\n<meta name=\"robots\" content=\"index, follow, max-snippet:-1, max-image-preview:large, max-video-preview:-1\" \/>\n<link rel=\"canonical\" href=\"https:\/\/lavalldelord.com\/ca\/la-vall-de-lord\/associacio-de-turisme-de-la-vall-de-lord\/\" \/>\n<meta property=\"og:locale\" content=\"ca_ES\" \/>\n<meta property=\"og:type\" content=\"article\" \/>\n<meta property=\"og:title\" content=\"Associaci\u00f3 de Turisme de la Vall de Lord - La Vall de Lord\" \/>\n<meta property=\"og:description\" content=\"L&#8217;Associaci\u00f3 de Turisme de la Vall de Lord \u00e9s una entitat sense \u00e0nim de lucre amb seu a Sant Lloren\u00e7 [&hellip;]\" \/>\n<meta property=\"og:url\" content=\"https:\/\/lavalldelord.com\/ca\/la-vall-de-lord\/associacio-de-turisme-de-la-vall-de-lord\/\" \/>\n<meta property=\"og:site_name\" content=\"La Vall de Lord\" \/>\n<meta property=\"article:publisher\" content=\"https:\/\/www.facebook.com\/turismevalldelord\" \/>\n<meta property=\"article:modified_time\" content=\"2026-01-26T09:37:09+00:00\" \/>\n<meta property=\"og:image\" content=\"https:\/\/lavalldelord.com\/wp-content\/uploads\/2025\/12\/valldelordtur.gif\" \/>\n\t<meta property=\"og:image:width\" content=\"400\" \/>\n\t<meta property=\"og:image:height\" content=\"272\" \/>\n\t<meta property=\"og:image:type\" content=\"image\/gif\" \/>\n<meta name=\"twitter:card\" content=\"summary_large_image\" \/>\n<meta name=\"twitter:site\" content=\"@valldelord\" \/>\n<meta name=\"twitter:label1\" content=\"Temps estimat de lectura\" \/>\n\t<meta name=\"twitter:data1\" content=\"8 minuts\" \/>\n<script type=\"application\/ld+json\" class=\"yoast-schema-graph\">{\"@context\":\"https:\\\/\\\/schema.org\",\"@graph\":[{\"@type\":\"WebPage\",\"@id\":\"https:\\\/\\\/lavalldelord.com\\\/ca\\\/la-vall-de-lord\\\/associacio-de-turisme-de-la-vall-de-lord\\\/\",\"url\":\"https:\\\/\\\/lavalldelord.com\\\/ca\\\/la-vall-de-lord\\\/associacio-de-turisme-de-la-vall-de-lord\\\/\",\"name\":\"Associaci\u00f3 de Turisme de la Vall de Lord - La Vall de Lord\",\"isPartOf\":{\"@id\":\"https:\\\/\\\/lavalldelord.com\\\/ca\\\/#website\"},\"primaryImageOfPage\":{\"@id\":\"https:\\\/\\\/lavalldelord.com\\\/ca\\\/la-vall-de-lord\\\/associacio-de-turisme-de-la-vall-de-lord\\\/#primaryimage\"},\"image\":{\"@id\":\"https:\\\/\\\/lavalldelord.com\\\/la-vall-de-lord\\\/associacio-de-turisme-de-la-vall-de-lord\\\/#primaryimage\"},\"thumbnailUrl\":\"https:\\\/\\\/lavalldelord.com\\\/wp-content\\\/uploads\\\/2025\\\/12\\\/valldelordtur.gif\",\"datePublished\":\"2025-12-14T12:15:00+00:00\",\"dateModified\":\"2026-01-26T09:37:09+00:00\",\"breadcrumb\":{\"@id\":\"https:\\\/\\\/lavalldelord.com\\\/ca\\\/la-vall-de-lord\\\/associacio-de-turisme-de-la-vall-de-lord\\\/#breadcrumb\"},\"inLanguage\":\"ca\",\"potentialAction\":[{\"@type\":\"ReadAction\",\"target\":[[\"https:\\\/\\\/lavalldelord.com\\\/ca\\\/la-vall-de-lord\\\/associacio-de-turisme-de-la-vall-de-lord\\\/\"]]}]},{\"@type\":\"ImageObject\",\"inLanguage\":\"ca\",\"@id\":\"https:\\\/\\\/lavalldelord.com\\\/ca\\\/la-vall-de-lord\\\/associacio-de-turisme-de-la-vall-de-lord\\\/#primaryimage\",\"url\":\"https:\\\/\\\/lavalldelord.com\\\/wp-content\\\/uploads\\\/2025\\\/12\\\/valldelordtur.gif\",\"contentUrl\":\"https:\\\/\\\/lavalldelord.com\\\/wp-content\\\/uploads\\\/2025\\\/12\\\/valldelordtur.gif\",\"width\":400,\"height\":272},{\"@type\":\"BreadcrumbList\",\"@id\":\"https:\\\/\\\/lavalldelord.com\\\/ca\\\/la-vall-de-lord\\\/associacio-de-turisme-de-la-vall-de-lord\\\/#breadcrumb\",\"itemListElement\":[{\"@type\":\"ListItem\",\"position\":1,\"name\":\"Inici\",\"item\":\"https:\\\/\\\/lavalldelord.com\\\/ca\\\/\"},{\"@type\":\"ListItem\",\"position\":2,\"name\":\"La Vall de Lord\",\"item\":\"https:\\\/\\\/lavalldelord.com\\\/ca\\\/la-vall-de-lord\\\/\"},{\"@type\":\"ListItem\",\"position\":3,\"name\":\"Associaci\u00f3 de Turisme de la Vall de Lord\"}]},{\"@type\":\"WebSite\",\"@id\":\"https:\\\/\\\/lavalldelord.com\\\/ca\\\/#website\",\"url\":\"https:\\\/\\\/lavalldelord.com\\\/ca\\\/\",\"name\":\"Turisme Vall de Lord\",\"description\":\"Portal tur\u00edstic de la Vall de Lord, naturalment!\",\"publisher\":{\"@id\":\"https:\\\/\\\/lavalldelord.com\\\/ca\\\/#organization\"},\"potentialAction\":[{\"@type\":\"SearchAction\",\"target\":{\"@type\":\"EntryPoint\",\"urlTemplate\":\"https:\\\/\\\/lavalldelord.com\\\/ca\\\/?s={search_term_string}\"},\"query-input\":{\"@type\":\"PropertyValueSpecification\",\"valueRequired\":true,\"valueName\":\"search_term_string\"}}],\"inLanguage\":\"ca\"},{\"@type\":\"Organization\",\"@id\":\"https:\\\/\\\/lavalldelord.com\\\/ca\\\/#organization\",\"name\":\"La Vall de Lord\",\"url\":\"https:\\\/\\\/lavalldelord.com\\\/ca\\\/\",\"logo\":{\"@type\":\"ImageObject\",\"inLanguage\":\"ca\",\"@id\":\"https:\\\/\\\/lavalldelord.com\\\/ca\\\/#\\\/schema\\\/logo\\\/image\\\/\",\"url\":\"https:\\\/\\\/lavalldelord.com\\\/wp-content\\\/uploads\\\/2024\\\/02\\\/DJI_0864_websize.jpg\",\"contentUrl\":\"https:\\\/\\\/lavalldelord.com\\\/wp-content\\\/uploads\\\/2024\\\/02\\\/DJI_0864_websize.jpg\",\"width\":1600,\"height\":899,\"caption\":\"La Vall de Lord\"},\"image\":{\"@id\":\"https:\\\/\\\/lavalldelord.com\\\/ca\\\/#\\\/schema\\\/logo\\\/image\\\/\"},\"sameAs\":[\"https:\\\/\\\/www.facebook.com\\\/turismevalldelord\",\"https:\\\/\\\/x.com\\\/valldelord\",\"https:\\\/\\\/www.instagram.com\\\/turismevalldelord\"]}]}<\/script>\n<!-- \/ Yoast SEO plugin. -->","yoast_head_json":{"title":"Associaci\u00f3 de Turisme de la Vall de Lord - La Vall de Lord","robots":{"index":"index","follow":"follow","max-snippet":"max-snippet:-1","max-image-preview":"max-image-preview:large","max-video-preview":"max-video-preview:-1"},"canonical":"https:\/\/lavalldelord.com\/ca\/la-vall-de-lord\/associacio-de-turisme-de-la-vall-de-lord\/","og_locale":"ca_ES","og_type":"article","og_title":"Associaci\u00f3 de Turisme de la Vall de Lord - La Vall de Lord","og_description":"L&#8217;Associaci\u00f3 de Turisme de la Vall de Lord \u00e9s una entitat sense \u00e0nim de lucre amb seu a Sant Lloren\u00e7 [&hellip;]","og_url":"https:\/\/lavalldelord.com\/ca\/la-vall-de-lord\/associacio-de-turisme-de-la-vall-de-lord\/","og_site_name":"La Vall de Lord","article_publisher":"https:\/\/www.facebook.com\/turismevalldelord","article_modified_time":"2026-01-26T09:37:09+00:00","og_image":[{"width":400,"height":272,"url":"https:\/\/lavalldelord.com\/wp-content\/uploads\/2025\/12\/valldelordtur.gif","type":"image\/gif"}],"twitter_card":"summary_large_image","twitter_site":"@valldelord","twitter_misc":{"Temps estimat de lectura":"8 minuts"},"schema":{"@context":"https:\/\/schema.org","@graph":[{"@type":"WebPage","@id":"https:\/\/lavalldelord.com\/ca\/la-vall-de-lord\/associacio-de-turisme-de-la-vall-de-lord\/","url":"https:\/\/lavalldelord.com\/ca\/la-vall-de-lord\/associacio-de-turisme-de-la-vall-de-lord\/","name":"Associaci\u00f3 de Turisme de la Vall de Lord - La Vall de Lord","isPartOf":{"@id":"https:\/\/lavalldelord.com\/ca\/#website"},"primaryImageOfPage":{"@id":"https:\/\/lavalldelord.com\/ca\/la-vall-de-lord\/associacio-de-turisme-de-la-vall-de-lord\/#primaryimage"},"image":{"@id":"https:\/\/lavalldelord.com\/la-vall-de-lord\/associacio-de-turisme-de-la-vall-de-lord\/#primaryimage"},"thumbnailUrl":"https:\/\/lavalldelord.com\/wp-content\/uploads\/2025\/12\/valldelordtur.gif","datePublished":"2025-12-14T12:15:00+00:00","dateModified":"2026-01-26T09:37:09+00:00","breadcrumb":{"@id":"https:\/\/lavalldelord.com\/ca\/la-vall-de-lord\/associacio-de-turisme-de-la-vall-de-lord\/#breadcrumb"},"inLanguage":"ca","potentialAction":[{"@type":"ReadAction","target":[["https:\/\/lavalldelord.com\/ca\/la-vall-de-lord\/associacio-de-turisme-de-la-vall-de-lord\/"]]}]},{"@type":"ImageObject","inLanguage":"ca","@id":"https:\/\/lavalldelord.com\/ca\/la-vall-de-lord\/associacio-de-turisme-de-la-vall-de-lord\/#primaryimage","url":"https:\/\/lavalldelord.com\/wp-content\/uploads\/2025\/12\/valldelordtur.gif","contentUrl":"https:\/\/lavalldelord.com\/wp-content\/uploads\/2025\/12\/valldelordtur.gif","width":400,"height":272},{"@type":"BreadcrumbList","@id":"https:\/\/lavalldelord.com\/ca\/la-vall-de-lord\/associacio-de-turisme-de-la-vall-de-lord\/#breadcrumb","itemListElement":[{"@type":"ListItem","position":1,"name":"Inici","item":"https:\/\/lavalldelord.com\/ca\/"},{"@type":"ListItem","position":2,"name":"La Vall de Lord","item":"https:\/\/lavalldelord.com\/ca\/la-vall-de-lord\/"},{"@type":"ListItem","position":3,"name":"Associaci\u00f3 de Turisme de la Vall de Lord"}]},{"@type":"WebSite","@id":"https:\/\/lavalldelord.com\/ca\/#website","url":"https:\/\/lavalldelord.com\/ca\/","name":"Turisme Vall de Lord","description":"Portal tur\u00edstic de la Vall de Lord, naturalment!","publisher":{"@id":"https:\/\/lavalldelord.com\/ca\/#organization"},"potentialAction":[{"@type":"SearchAction","target":{"@type":"EntryPoint","urlTemplate":"https:\/\/lavalldelord.com\/ca\/?s={search_term_string}"},"query-input":{"@type":"PropertyValueSpecification","valueRequired":true,"valueName":"search_term_string"}}],"inLanguage":"ca"},{"@type":"Organization","@id":"https:\/\/lavalldelord.com\/ca\/#organization","name":"La Vall de Lord","url":"https:\/\/lavalldelord.com\/ca\/","logo":{"@type":"ImageObject","inLanguage":"ca","@id":"https:\/\/lavalldelord.com\/ca\/#\/schema\/logo\/image\/","url":"https:\/\/lavalldelord.com\/wp-content\/uploads\/2024\/02\/DJI_0864_websize.jpg","contentUrl":"https:\/\/lavalldelord.com\/wp-content\/uploads\/2024\/02\/DJI_0864_websize.jpg","width":1600,"height":899,"caption":"La Vall de Lord"},"image":{"@id":"https:\/\/lavalldelord.com\/ca\/#\/schema\/logo\/image\/"},"sameAs":["https:\/\/www.facebook.com\/turismevalldelord","https:\/\/x.com\/valldelord","https:\/\/www.instagram.com\/turismevalldelord"]}]}},"_links":{"self":[{"href":"https:\/\/lavalldelord.com\/ca\/wp-json\/wp\/v2\/pages\/13269","targetHints":{"allow":["GET"]}}],"collection":[{"href":"https:\/\/lavalldelord.com\/ca\/wp-json\/wp\/v2\/pages"}],"about":[{"href":"https:\/\/lavalldelord.com\/ca\/wp-json\/wp\/v2\/types\/page"}],"author":[{"embeddable":true,"href":"https:\/\/lavalldelord.com\/ca\/wp-json\/wp\/v2\/users\/3"}],"replies":[{"embeddable":true,"href":"https:\/\/lavalldelord.com\/ca\/wp-json\/wp\/v2\/comments?post=13269"}],"version-history":[{"count":56,"href":"https:\/\/lavalldelord.com\/ca\/wp-json\/wp\/v2\/pages\/13269\/revisions"}],"predecessor-version":[{"id":13450,"href":"https:\/\/lavalldelord.com\/ca\/wp-json\/wp\/v2\/pages\/13269\/revisions\/13450"}],"up":[{"embeddable":true,"href":"https:\/\/lavalldelord.com\/ca\/wp-json\/wp\/v2\/pages\/3496"}],"wp:featuredmedia":[{"embeddable":true,"href":"https:\/\/lavalldelord.com\/ca\/wp-json\/wp\/v2\/media\/13300"}],"wp:attachment":[{"href":"https:\/\/lavalldelord.com\/ca\/wp-json\/wp\/v2\/media?parent=13269"}],"curies":[{"name":"wp","href":"https:\/\/api.w.org\/{rel}","templated":true}]}}