{"id":13641,"date":"2026-03-20T18:49:49","date_gmt":"2026-03-20T17:49:49","guid":{"rendered":"https:\/\/lavalldelord.com\/?page_id=13641"},"modified":"2026-03-23T18:11:07","modified_gmt":"2026-03-23T17:11:07","slug":"inscripcions-actes-litenatura-2026","status":"publish","type":"page","link":"https:\/\/lavalldelord.com\/ca\/litenatura-2026-sant-llorenc-de-morunys-la-vall-de-lord\/inscripcions-actes-litenatura-2026\/","title":{"rendered":"INSCRIPCIONS ALS ACTES"},"content":{"rendered":"<p><\/p>\n<h2 style=\"text-align: center;\"><strong>INSCRIU-TE ALS ACTES DEL LITENATURA 2026!\u00a0<\/strong><\/h2>\n<p>&nbsp;<\/p>\n<h3><strong><img loading=\"lazy\" decoding=\"async\" class=\"wp-image-13643 alignleft\" src=\"https:\/\/lavalldelord.com\/wp-content\/uploads\/2026\/03\/fotografia_fototrekking_1-450x600.jpg\" alt=\"\" width=\"174\" height=\"232\" srcset=\"https:\/\/lavalldelord.com\/wp-content\/uploads\/2026\/03\/fotografia_fototrekking_1-450x600.jpg 450w, https:\/\/lavalldelord.com\/wp-content\/uploads\/2026\/03\/fotografia_fototrekking_1-300x400.jpg 300w, https:\/\/lavalldelord.com\/wp-content\/uploads\/2026\/03\/fotografia_fototrekking_1.jpg 731w\" sizes=\"auto, (max-width: 174px) 100vw, 174px\" \/>Curs d&#8217;iniciaci\u00f3 a la fotografia de natura.\u00a0<\/strong><\/h3>\n<p><span class=\"x1rg5ohu x16dsc37 x19la9d6 x1fc57z9 x6ikm8r x10wlt62 x19co3pv x11tp94h xw4jnvo x1qx5ct2 xfibh0p xiy17q3 x1xsqp64 x1lkfr7t xexx8yu xyri2b x18d9i69 x1c1uobl\"><span class=\"xrtxmta x1bhl96m\">&#x1f4c5; Dissabte 25 d&#8217;abril de 2026<\/span><\/span><\/p>\n<p class=\"_aupe copyable-text x15bjb6t x1n2onr6\"><span class=\"x1rg5ohu x16dsc37 x19la9d6 x1fc57z9 x6ikm8r x10wlt62 x19co3pv x11tp94h xw4jnvo x1qx5ct2 xfibh0p xiy17q3 x1xsqp64 x1lkfr7t xexx8yu xyri2b x18d9i69 x1c1uobl\"><span class=\"xrtxmta x1bhl96m\">&#x1f551; 10 h.<\/span><\/span><\/p>\n<p class=\"_aupe copyable-text x15bjb6t x1n2onr6\"><span class=\"x1rg5ohu x16dsc37 x19la9d6 x1fc57z9 x6ikm8r x10wlt62 x19co3pv x11tp94h xw4jnvo x1qx5ct2 xfibh0p xiy17q3 x1xsqp64 x1lkfr7t xexx8yu xyri2b x18d9i69 x1c1uobl\"><span class=\"xrtxmta x1bhl96m\">&#x1f4cd;Oficina de Turisme de la Vall de Lord<\/span><\/span><\/p>\n<p><em>Es realitzar\u00e0 la ruta de les pomeres<\/em><\/p>\n<p>Places limitades. <span style=\"text-decoration: underline;\"><strong>Enlla\u00e7 a les inscripcions: <\/strong><\/span><a href=\"https:\/\/forms.gle\/pjnQ6B97Wc9YcUq77\">https:\/\/forms.gle\/pjnQ6B97Wc9YcUq77<\/a><\/p>\n<p>&nbsp;<\/p>\n<hr \/>\n<p><img loading=\"lazy\" decoding=\"async\" class=\"wp-image-13650 alignleft\" src=\"https:\/\/lavalldelord.com\/wp-content\/uploads\/2026\/03\/Espectacle_10_princeses_taller_collage-e1774285740116.png\" alt=\"\" width=\"170\" height=\"293\" srcset=\"https:\/\/lavalldelord.com\/wp-content\/uploads\/2026\/03\/Espectacle_10_princeses_taller_collage-e1774285740116.png 324w, https:\/\/lavalldelord.com\/wp-content\/uploads\/2026\/03\/Espectacle_10_princeses_taller_collage-e1774285740116-233x400.png 233w\" sizes=\"auto, (max-width: 170px) 100vw, 170px\" \/><\/p>\n<h3><strong>Espectacle &#8220;10 princesetes&#8221; i taller de collage<\/strong><\/h3>\n<p><span class=\"x1rg5ohu x16dsc37 x19la9d6 x1fc57z9 x6ikm8r x10wlt62 x19co3pv x11tp94h xw4jnvo x1qx5ct2 xfibh0p xiy17q3 x1xsqp64 x1lkfr7t xexx8yu xyri2b x18d9i69 x1c1uobl\"><span class=\"xrtxmta x1bhl96m\">&#x1f4c5; Divendres 24 d&#8217;abril de 2026<\/span><\/span><\/p>\n<p class=\"_aupe copyable-text x15bjb6t x1n2onr6\"><span class=\"x1rg5ohu x16dsc37 x19la9d6 x1fc57z9 x6ikm8r x10wlt62 x19co3pv x11tp94h xw4jnvo x1qx5ct2 xfibh0p xiy17q3 x1xsqp64 x1lkfr7t xexx8yu xyri2b x18d9i69 x1c1uobl\"><span class=\"xrtxmta x1bhl96m\">&#x1f551; 18 h.<\/span><\/span><\/p>\n<p class=\"_aupe copyable-text x15bjb6t x1n2onr6\"><span class=\"x1rg5ohu x16dsc37 x19la9d6 x1fc57z9 x6ikm8r x10wlt62 x19co3pv x11tp94h xw4jnvo x1qx5ct2 xfibh0p xiy17q3 x1xsqp64 x1lkfr7t xexx8yu xyri2b x18d9i69 x1c1uobl\"><span class=\"xrtxmta x1bhl96m\">&#x1f4cd;Biblioteca Municipal de Sant Lloren\u00e7 de Morunys.<\/span><\/span><\/p>\n<p>Places limitades. Inscripcions a la Biblioteca municipal o a trav\u00e9s del correu : biblioteca.stllm@gmail.com<\/p>","protected":false},"excerpt":{"rendered":"<p>INSCRIU-TE ALS ACTES DEL LITENATURA 2026!\u00a0 &nbsp; Curs d&#8217;iniciaci\u00f3 a la fotografia de natura.\u00a0 &#x1f4c5; Dissabte 25 d&#8217;abril de 2026 [&hellip;]<\/p>\n","protected":false},"author":3,"featured_media":13630,"parent":13626,"menu_order":4,"comment_status":"closed","ping_status":"closed","template":"full-width.php","meta":{"_acf_changed":false,"_exactmetrics_skip_tracking":false,"_exactmetrics_sitenote_active":false,"_exactmetrics_sitenote_note":"","_exactmetrics_sitenote_category":0,"_joinchat":[],"footnotes":""},"class_list":["post-13641","page","type-page","status-publish","has-post-thumbnail","hentry"],"acf":[],"yoast_head":"<!-- This site is optimized with the Yoast SEO plugin v27.5 - https:\/\/yoast.com\/product\/yoast-seo-wordpress\/ -->\n<title>Inscripcions actes Litenatura 2026<\/title>\n<meta name=\"description\" content=\"Inscripcions actes Litenatura 2026 - Sant Lloren\u00e7 de Morunys - La Vall de Lord. P\u00e0gina de les activitats que necessiten inscripci\u00f3 pr\u00e8via\" \/>\n<meta name=\"robots\" content=\"index, follow, max-snippet:-1, max-image-preview:large, max-video-preview:-1\" \/>\n<link rel=\"canonical\" href=\"https:\/\/lavalldelord.com\/ca\/litenatura-2026-sant-llorenc-de-morunys-la-vall-de-lord\/inscripcions-actes-litenatura-2026\/\" \/>\n<meta property=\"og:locale\" content=\"ca_ES\" \/>\n<meta property=\"og:type\" content=\"article\" \/>\n<meta property=\"og:title\" content=\"Inscripcions actes Litenatura 2026\" \/>\n<meta property=\"og:description\" content=\"Inscripcions actes Litenatura 2026 - Sant Lloren\u00e7 de Morunys - La Vall de Lord. P\u00e0gina de les activitats que necessiten inscripci\u00f3 pr\u00e8via\" \/>\n<meta property=\"og:url\" content=\"https:\/\/lavalldelord.com\/ca\/litenatura-2026-sant-llorenc-de-morunys-la-vall-de-lord\/inscripcions-actes-litenatura-2026\/\" \/>\n<meta property=\"og:site_name\" content=\"La Vall de Lord\" \/>\n<meta property=\"article:publisher\" content=\"https:\/\/www.facebook.com\/turismevalldelord\" \/>\n<meta property=\"article:modified_time\" content=\"2026-03-23T17:11:07+00:00\" \/>\n<meta property=\"og:image\" content=\"https:\/\/lavalldelord.com\/wp-content\/uploads\/2026\/03\/cartells_portades_web_litenatura_2026-1.png\" \/>\n\t<meta property=\"og:image:width\" content=\"1200\" \/>\n\t<meta property=\"og:image:height\" content=\"630\" \/>\n\t<meta property=\"og:image:type\" content=\"image\/png\" \/>\n<meta name=\"twitter:card\" content=\"summary_large_image\" \/>\n<meta name=\"twitter:site\" content=\"@valldelord\" \/>\n<meta name=\"twitter:label1\" content=\"Temps estimat de lectura\" \/>\n\t<meta name=\"twitter:data1\" content=\"2 minuts\" \/>\n<script type=\"application\/ld+json\" class=\"yoast-schema-graph\">{\"@context\":\"https:\\\/\\\/schema.org\",\"@graph\":[{\"@type\":\"WebPage\",\"@id\":\"https:\\\/\\\/lavalldelord.com\\\/ca\\\/litenatura-2026-sant-llorenc-de-morunys-la-vall-de-lord\\\/inscripcions-actes-litenatura-2026\\\/\",\"url\":\"https:\\\/\\\/lavalldelord.com\\\/ca\\\/litenatura-2026-sant-llorenc-de-morunys-la-vall-de-lord\\\/inscripcions-actes-litenatura-2026\\\/\",\"name\":\"Inscripcions actes Litenatura 2026\",\"isPartOf\":{\"@id\":\"https:\\\/\\\/lavalldelord.com\\\/ca\\\/#website\"},\"primaryImageOfPage\":{\"@id\":\"https:\\\/\\\/lavalldelord.com\\\/ca\\\/litenatura-2026-sant-llorenc-de-morunys-la-vall-de-lord\\\/inscripcions-actes-litenatura-2026\\\/#primaryimage\"},\"image\":{\"@id\":\"https:\\\/\\\/lavalldelord.com\\\/litenatura-2026-sant-llorenc-de-morunys-la-vall-de-lord\\\/inscripcions-actes-litenatura-2026\\\/#primaryimage\"},\"thumbnailUrl\":\"https:\\\/\\\/lavalldelord.com\\\/wp-content\\\/uploads\\\/2026\\\/03\\\/cartells_portades_web_litenatura_2026-1.png\",\"datePublished\":\"2026-03-20T17:49:49+00:00\",\"dateModified\":\"2026-03-23T17:11:07+00:00\",\"description\":\"Inscripcions actes Litenatura 2026 - Sant Lloren\u00e7 de Morunys - La Vall de Lord. P\u00e0gina de les activitats que necessiten inscripci\u00f3 pr\u00e8via\",\"breadcrumb\":{\"@id\":\"https:\\\/\\\/lavalldelord.com\\\/ca\\\/litenatura-2026-sant-llorenc-de-morunys-la-vall-de-lord\\\/inscripcions-actes-litenatura-2026\\\/#breadcrumb\"},\"inLanguage\":\"ca\",\"potentialAction\":[{\"@type\":\"ReadAction\",\"target\":[[\"https:\\\/\\\/lavalldelord.com\\\/ca\\\/litenatura-2026-sant-llorenc-de-morunys-la-vall-de-lord\\\/inscripcions-actes-litenatura-2026\\\/\"]]}]},{\"@type\":\"ImageObject\",\"inLanguage\":\"ca\",\"@id\":\"https:\\\/\\\/lavalldelord.com\\\/ca\\\/litenatura-2026-sant-llorenc-de-morunys-la-vall-de-lord\\\/inscripcions-actes-litenatura-2026\\\/#primaryimage\",\"url\":\"https:\\\/\\\/lavalldelord.com\\\/wp-content\\\/uploads\\\/2026\\\/03\\\/cartells_portades_web_litenatura_2026-1.png\",\"contentUrl\":\"https:\\\/\\\/lavalldelord.com\\\/wp-content\\\/uploads\\\/2026\\\/03\\\/cartells_portades_web_litenatura_2026-1.png\",\"width\":1200,\"height\":630},{\"@type\":\"BreadcrumbList\",\"@id\":\"https:\\\/\\\/lavalldelord.com\\\/ca\\\/litenatura-2026-sant-llorenc-de-morunys-la-vall-de-lord\\\/inscripcions-actes-litenatura-2026\\\/#breadcrumb\",\"itemListElement\":[{\"@type\":\"ListItem\",\"position\":1,\"name\":\"Inici\",\"item\":\"https:\\\/\\\/lavalldelord.com\\\/ca\\\/\"},{\"@type\":\"ListItem\",\"position\":2,\"name\":\"LITENATURA 2026 &#8211; 25 I 26 D&#8217;ABRIL\",\"item\":\"https:\\\/\\\/lavalldelord.com\\\/ca\\\/litenatura-2026-sant-llorenc-de-morunys-la-vall-de-lord\\\/\"},{\"@type\":\"ListItem\",\"position\":3,\"name\":\"INSCRIPCIONS ALS ACTES\"}]},{\"@type\":\"WebSite\",\"@id\":\"https:\\\/\\\/lavalldelord.com\\\/ca\\\/#website\",\"url\":\"https:\\\/\\\/lavalldelord.com\\\/ca\\\/\",\"name\":\"Turisme Vall de Lord\",\"description\":\"Portal tur\u00edstic de la Vall de Lord, naturalment!\",\"publisher\":{\"@id\":\"https:\\\/\\\/lavalldelord.com\\\/ca\\\/#organization\"},\"potentialAction\":[{\"@type\":\"SearchAction\",\"target\":{\"@type\":\"EntryPoint\",\"urlTemplate\":\"https:\\\/\\\/lavalldelord.com\\\/ca\\\/?s={search_term_string}\"},\"query-input\":{\"@type\":\"PropertyValueSpecification\",\"valueRequired\":true,\"valueName\":\"search_term_string\"}}],\"inLanguage\":\"ca\"},{\"@type\":\"Organization\",\"@id\":\"https:\\\/\\\/lavalldelord.com\\\/ca\\\/#organization\",\"name\":\"La Vall de Lord\",\"url\":\"https:\\\/\\\/lavalldelord.com\\\/ca\\\/\",\"logo\":{\"@type\":\"ImageObject\",\"inLanguage\":\"ca\",\"@id\":\"https:\\\/\\\/lavalldelord.com\\\/ca\\\/#\\\/schema\\\/logo\\\/image\\\/\",\"url\":\"https:\\\/\\\/lavalldelord.com\\\/wp-content\\\/uploads\\\/2024\\\/02\\\/DJI_0864_websize.jpg\",\"contentUrl\":\"https:\\\/\\\/lavalldelord.com\\\/wp-content\\\/uploads\\\/2024\\\/02\\\/DJI_0864_websize.jpg\",\"width\":1600,\"height\":899,\"caption\":\"La Vall de Lord\"},\"image\":{\"@id\":\"https:\\\/\\\/lavalldelord.com\\\/ca\\\/#\\\/schema\\\/logo\\\/image\\\/\"},\"sameAs\":[\"https:\\\/\\\/www.facebook.com\\\/turismevalldelord\",\"https:\\\/\\\/x.com\\\/valldelord\",\"https:\\\/\\\/www.instagram.com\\\/turismevalldelord\"]}]}<\/script>\n<!-- \/ Yoast SEO plugin. -->","yoast_head_json":{"title":"Inscripcions actes Litenatura 2026","description":"Inscripcions actes Litenatura 2026 - Sant Lloren\u00e7 de Morunys - La Vall de Lord. P\u00e0gina de les activitats que necessiten inscripci\u00f3 pr\u00e8via","robots":{"index":"index","follow":"follow","max-snippet":"max-snippet:-1","max-image-preview":"max-image-preview:large","max-video-preview":"max-video-preview:-1"},"canonical":"https:\/\/lavalldelord.com\/ca\/litenatura-2026-sant-llorenc-de-morunys-la-vall-de-lord\/inscripcions-actes-litenatura-2026\/","og_locale":"ca_ES","og_type":"article","og_title":"Inscripcions actes Litenatura 2026","og_description":"Inscripcions actes Litenatura 2026 - Sant Lloren\u00e7 de Morunys - La Vall de Lord. P\u00e0gina de les activitats que necessiten inscripci\u00f3 pr\u00e8via","og_url":"https:\/\/lavalldelord.com\/ca\/litenatura-2026-sant-llorenc-de-morunys-la-vall-de-lord\/inscripcions-actes-litenatura-2026\/","og_site_name":"La Vall de Lord","article_publisher":"https:\/\/www.facebook.com\/turismevalldelord","article_modified_time":"2026-03-23T17:11:07+00:00","og_image":[{"width":1200,"height":630,"url":"https:\/\/lavalldelord.com\/wp-content\/uploads\/2026\/03\/cartells_portades_web_litenatura_2026-1.png","type":"image\/png"}],"twitter_card":"summary_large_image","twitter_site":"@valldelord","twitter_misc":{"Temps estimat de lectura":"2 minuts"},"schema":{"@context":"https:\/\/schema.org","@graph":[{"@type":"WebPage","@id":"https:\/\/lavalldelord.com\/ca\/litenatura-2026-sant-llorenc-de-morunys-la-vall-de-lord\/inscripcions-actes-litenatura-2026\/","url":"https:\/\/lavalldelord.com\/ca\/litenatura-2026-sant-llorenc-de-morunys-la-vall-de-lord\/inscripcions-actes-litenatura-2026\/","name":"Inscripcions actes Litenatura 2026","isPartOf":{"@id":"https:\/\/lavalldelord.com\/ca\/#website"},"primaryImageOfPage":{"@id":"https:\/\/lavalldelord.com\/ca\/litenatura-2026-sant-llorenc-de-morunys-la-vall-de-lord\/inscripcions-actes-litenatura-2026\/#primaryimage"},"image":{"@id":"https:\/\/lavalldelord.com\/litenatura-2026-sant-llorenc-de-morunys-la-vall-de-lord\/inscripcions-actes-litenatura-2026\/#primaryimage"},"thumbnailUrl":"https:\/\/lavalldelord.com\/wp-content\/uploads\/2026\/03\/cartells_portades_web_litenatura_2026-1.png","datePublished":"2026-03-20T17:49:49+00:00","dateModified":"2026-03-23T17:11:07+00:00","description":"Inscripcions actes Litenatura 2026 - Sant Lloren\u00e7 de Morunys - La Vall de Lord. P\u00e0gina de les activitats que necessiten inscripci\u00f3 pr\u00e8via","breadcrumb":{"@id":"https:\/\/lavalldelord.com\/ca\/litenatura-2026-sant-llorenc-de-morunys-la-vall-de-lord\/inscripcions-actes-litenatura-2026\/#breadcrumb"},"inLanguage":"ca","potentialAction":[{"@type":"ReadAction","target":[["https:\/\/lavalldelord.com\/ca\/litenatura-2026-sant-llorenc-de-morunys-la-vall-de-lord\/inscripcions-actes-litenatura-2026\/"]]}]},{"@type":"ImageObject","inLanguage":"ca","@id":"https:\/\/lavalldelord.com\/ca\/litenatura-2026-sant-llorenc-de-morunys-la-vall-de-lord\/inscripcions-actes-litenatura-2026\/#primaryimage","url":"https:\/\/lavalldelord.com\/wp-content\/uploads\/2026\/03\/cartells_portades_web_litenatura_2026-1.png","contentUrl":"https:\/\/lavalldelord.com\/wp-content\/uploads\/2026\/03\/cartells_portades_web_litenatura_2026-1.png","width":1200,"height":630},{"@type":"BreadcrumbList","@id":"https:\/\/lavalldelord.com\/ca\/litenatura-2026-sant-llorenc-de-morunys-la-vall-de-lord\/inscripcions-actes-litenatura-2026\/#breadcrumb","itemListElement":[{"@type":"ListItem","position":1,"name":"Inici","item":"https:\/\/lavalldelord.com\/ca\/"},{"@type":"ListItem","position":2,"name":"LITENATURA 2026 &#8211; 25 I 26 D&#8217;ABRIL","item":"https:\/\/lavalldelord.com\/ca\/litenatura-2026-sant-llorenc-de-morunys-la-vall-de-lord\/"},{"@type":"ListItem","position":3,"name":"INSCRIPCIONS ALS ACTES"}]},{"@type":"WebSite","@id":"https:\/\/lavalldelord.com\/ca\/#website","url":"https:\/\/lavalldelord.com\/ca\/","name":"Turisme Vall de Lord","description":"Portal tur\u00edstic de la Vall de Lord, naturalment!","publisher":{"@id":"https:\/\/lavalldelord.com\/ca\/#organization"},"potentialAction":[{"@type":"SearchAction","target":{"@type":"EntryPoint","urlTemplate":"https:\/\/lavalldelord.com\/ca\/?s={search_term_string}"},"query-input":{"@type":"PropertyValueSpecification","valueRequired":true,"valueName":"search_term_string"}}],"inLanguage":"ca"},{"@type":"Organization","@id":"https:\/\/lavalldelord.com\/ca\/#organization","name":"La Vall de Lord","url":"https:\/\/lavalldelord.com\/ca\/","logo":{"@type":"ImageObject","inLanguage":"ca","@id":"https:\/\/lavalldelord.com\/ca\/#\/schema\/logo\/image\/","url":"https:\/\/lavalldelord.com\/wp-content\/uploads\/2024\/02\/DJI_0864_websize.jpg","contentUrl":"https:\/\/lavalldelord.com\/wp-content\/uploads\/2024\/02\/DJI_0864_websize.jpg","width":1600,"height":899,"caption":"La Vall de Lord"},"image":{"@id":"https:\/\/lavalldelord.com\/ca\/#\/schema\/logo\/image\/"},"sameAs":["https:\/\/www.facebook.com\/turismevalldelord","https:\/\/x.com\/valldelord","https:\/\/www.instagram.com\/turismevalldelord"]}]}},"_links":{"self":[{"href":"https:\/\/lavalldelord.com\/ca\/wp-json\/wp\/v2\/pages\/13641","targetHints":{"allow":["GET"]}}],"collection":[{"href":"https:\/\/lavalldelord.com\/ca\/wp-json\/wp\/v2\/pages"}],"about":[{"href":"https:\/\/lavalldelord.com\/ca\/wp-json\/wp\/v2\/types\/page"}],"author":[{"embeddable":true,"href":"https:\/\/lavalldelord.com\/ca\/wp-json\/wp\/v2\/users\/3"}],"replies":[{"embeddable":true,"href":"https:\/\/lavalldelord.com\/ca\/wp-json\/wp\/v2\/comments?post=13641"}],"version-history":[{"count":6,"href":"https:\/\/lavalldelord.com\/ca\/wp-json\/wp\/v2\/pages\/13641\/revisions"}],"predecessor-version":[{"id":13651,"href":"https:\/\/lavalldelord.com\/ca\/wp-json\/wp\/v2\/pages\/13641\/revisions\/13651"}],"up":[{"embeddable":true,"href":"https:\/\/lavalldelord.com\/ca\/wp-json\/wp\/v2\/pages\/13626"}],"wp:featuredmedia":[{"embeddable":true,"href":"https:\/\/lavalldelord.com\/ca\/wp-json\/wp\/v2\/media\/13630"}],"wp:attachment":[{"href":"https:\/\/lavalldelord.com\/ca\/wp-json\/wp\/v2\/media?parent=13641"}],"curies":[{"name":"wp","href":"https:\/\/api.w.org\/{rel}","templated":true}]}}