{"id":13694,"date":"2026-03-28T18:24:28","date_gmt":"2026-03-28T17:24:28","guid":{"rendered":"https:\/\/lavalldelord.com\/?page_id=13694"},"modified":"2026-04-13T13:11:51","modified_gmt":"2026-04-13T12:11:51","slug":"estrany-riu-28-de-juny","status":"publish","type":"page","link":"https:\/\/lavalldelord.com\/ca\/cicle-gaudi\/estrany-riu-28-de-juny\/","title":{"rendered":"Estrany riu &#8211; 28 de juny"},"content":{"rendered":"<p>Projecci\u00f3 del <a href=\"https:\/\/ciclegaudi.cat\/\">Cicle Gaud\u00ed<\/a><\/p>\n<p><b>Un drama intimista que explora els vincles familiars, la identitat i el despertar sexual d\u2019un noi adolescent durant un calur\u00f3s estiu a la vora del Danubi.<\/b><\/p>\n<p><strong><img decoding=\"async\" class=\"emoji\" role=\"img\" draggable=\"false\" src=\"https:\/\/s.w.org\/images\/core\/emoji\/15.0.3\/svg\/1f4c5.svg\" alt=\"\" \/> Diumenge 28 de juny<\/strong><\/p>\n<p><strong><img decoding=\"async\" class=\"emoji\" role=\"img\" draggable=\"false\" src=\"https:\/\/s.w.org\/images\/core\/emoji\/15.0.3\/svg\/1f4cd.svg\" alt=\"\" \/>\u00a0 Lloc<\/strong>: Teatre Municipal de Sant Lloren\u00e7 de Morunys<\/p>\n<p><strong><img decoding=\"async\" class=\"emoji\" role=\"img\" draggable=\"false\" src=\"https:\/\/s.w.org\/images\/core\/emoji\/15.0.3\/svg\/1f557.svg\" alt=\"\" \/>\u00a0Hora<\/strong>: 18h<\/p>\n<p>&nbsp;<\/p>\n<hr \/>\n<h3>SINOPSIS<\/h3>\n<p>En D\u00eddac t\u00e9 setze anys i passa les vacances familiars recorrent en bicicleta la riva del riu Danubi quan una trobada inesperada provoca un profund canvi en ell. Un noi misteri\u00f3s apareix entre les aig\u00fces del riu i la seva pres\u00e8ncia enigm\u00e0tica no nom\u00e9s desperta alguna cosa nova en el D\u00eddac, sin\u00f3 que tamb\u00e9 comen\u00e7a a alterar la relaci\u00f3 amb la seva fam\u00edlia. El seu germ\u00e0 mitj\u00e0 Biel percep un distanciament amb ell mentre la seva mare, la Monika, reconeix en el seu fill ecos del seu propi passat adolescent.<\/p>\n<p><span style=\"color: #ff0000;\"><strong>Pel\u00b7l\u00edcula no recomanada per a menors de 12 anys<\/strong><\/span><\/p>\n<p>&nbsp;<\/p>\n<hr \/>\n<h3><strong><img decoding=\"async\" class=\"emoji\" role=\"img\" draggable=\"false\" src=\"https:\/\/s.w.org\/images\/core\/emoji\/14.0.0\/svg\/1f39f.svg\" alt=\"\" \/>\u00a0<\/strong><strong>VENDA D\u2019ENTRADES<\/strong><\/h3>\n<ul>\n<li>Venda d\u2019entrades a\u00a0<a href=\"https:\/\/entradessolsones.com\/activitat\/cicle-gaudi-estrany-riu\/2026-06-28\/18:00\" target=\"_blank\" rel=\"noopener\">entradessolsones.com<\/a><\/li>\n<li>30 minuts abans de l\u2019inici de la projecci\u00f3 al mateix teatre.<\/li>\n<\/ul>\n<p>* En cas de comprar entrades amb descomptes cal presentar a l\u2019entrada del teatre el carnet o justificant que ho acrediti<\/p>\n<p>&nbsp;<\/p>\n<hr \/>\n<h3><strong>PREUS<\/strong><\/h3>\n<p><strong>Entrada general<\/strong>: 4,5 \u20ac<\/p>\n<p><strong>Fam\u00edlia nombrosa o monoparental, jubilats, persones amb una discapacitat reconeguda i menors de 18 anys<\/strong>: 3 euros<\/p>\n<p><strong>Carnet de biblioteques:<\/strong>\u00a03 euros<\/p>\n<p><strong>Carnet Jove \/ Carnet Solson\u00e8s jove<\/strong>: 3 \u20ac<\/p>\n<p><strong>Federaci\u00f3 d\u2019Ateneus de Catalunya:\u00a0<\/strong>3 \u20ac<\/p>\n<p><strong>Club Vanguardia i Club Segre:\u00a0<\/strong>2\u00d7<\/p>\n<p>&nbsp;<\/p>\n<p>Consulta totes les pel\u00b7l\u00edcules i tots els esdeveniments a l&#8217;apartat <a href=\"https:\/\/lavalldelord.com\/ca\/all-events\/\">AGENDA<\/a><\/p>\n<p>&nbsp;<\/p>","protected":false},"excerpt":{"rendered":"<p>Projecci\u00f3 del Cicle Gaud\u00ed Un drama intimista que explora els vincles familiars, la identitat i el despertar sexual d\u2019un noi [&hellip;]<\/p>\n","protected":false},"author":3,"featured_media":13697,"parent":8877,"menu_order":8,"comment_status":"closed","ping_status":"closed","template":"","meta":{"_acf_changed":false,"_exactmetrics_skip_tracking":false,"_exactmetrics_sitenote_active":false,"_exactmetrics_sitenote_note":"","_exactmetrics_sitenote_category":0,"_joinchat":[],"footnotes":""},"class_list":["post-13694","page","type-page","status-publish","has-post-thumbnail","hentry"],"acf":[],"yoast_head":"<!-- This site is optimized with the Yoast SEO plugin v27.5 - https:\/\/yoast.com\/product\/yoast-seo-wordpress\/ -->\n<title>Estrany riu - 28 de juny - La Vall de Lord<\/title>\n<meta name=\"description\" content=\"Pel\u00b7l\u00edcula Estrany riu a Sant Lloren\u00e7 de Morunys. Diumenge 28 de juny de 2026 al Teatre Municipal de Sant Lloren\u00e7 de Morunys\" \/>\n<meta name=\"robots\" content=\"index, follow, max-snippet:-1, max-image-preview:large, max-video-preview:-1\" \/>\n<link rel=\"canonical\" href=\"https:\/\/lavalldelord.com\/ca\/cicle-gaudi\/estrany-riu-28-de-juny\/\" \/>\n<meta property=\"og:locale\" content=\"ca_ES\" \/>\n<meta property=\"og:type\" content=\"article\" \/>\n<meta property=\"og:title\" content=\"Estrany riu - 28 de juny - La Vall de Lord\" \/>\n<meta property=\"og:description\" content=\"Pel\u00b7l\u00edcula Estrany riu a Sant Lloren\u00e7 de Morunys. Diumenge 28 de juny de 2026 al Teatre Municipal de Sant Lloren\u00e7 de Morunys\" \/>\n<meta property=\"og:url\" content=\"https:\/\/lavalldelord.com\/ca\/cicle-gaudi\/estrany-riu-28-de-juny\/\" \/>\n<meta property=\"og:site_name\" content=\"La Vall de Lord\" \/>\n<meta property=\"article:publisher\" content=\"https:\/\/www.facebook.com\/turismevalldelord\" \/>\n<meta property=\"article:modified_time\" content=\"2026-04-13T12:11:51+00:00\" \/>\n<meta property=\"og:image\" content=\"https:\/\/lavalldelord.com\/wp-content\/uploads\/2026\/03\/ER_Cartel_70x100_FINAL_CAT.jpg\" \/>\n\t<meta property=\"og:image:width\" content=\"1653\" \/>\n\t<meta property=\"og:image:height\" content=\"2362\" \/>\n\t<meta property=\"og:image:type\" content=\"image\/jpeg\" \/>\n<meta name=\"twitter:card\" content=\"summary_large_image\" \/>\n<meta name=\"twitter:site\" content=\"@valldelord\" \/>\n<meta name=\"twitter:label1\" content=\"Temps estimat de lectura\" \/>\n\t<meta name=\"twitter:data1\" content=\"3 minuts\" \/>\n<script type=\"application\/ld+json\" class=\"yoast-schema-graph\">{\"@context\":\"https:\\\/\\\/schema.org\",\"@graph\":[{\"@type\":\"WebPage\",\"@id\":\"https:\\\/\\\/lavalldelord.com\\\/ca\\\/cicle-gaudi\\\/estrany-riu-28-de-juny\\\/\",\"url\":\"https:\\\/\\\/lavalldelord.com\\\/ca\\\/cicle-gaudi\\\/estrany-riu-28-de-juny\\\/\",\"name\":\"Estrany riu - 28 de juny - La Vall de Lord\",\"isPartOf\":{\"@id\":\"https:\\\/\\\/lavalldelord.com\\\/ca\\\/#website\"},\"primaryImageOfPage\":{\"@id\":\"https:\\\/\\\/lavalldelord.com\\\/ca\\\/cicle-gaudi\\\/estrany-riu-28-de-juny\\\/#primaryimage\"},\"image\":{\"@id\":\"https:\\\/\\\/lavalldelord.com\\\/cicle-gaudi\\\/estrany-riu-28-de-juny\\\/#primaryimage\"},\"thumbnailUrl\":\"https:\\\/\\\/lavalldelord.com\\\/wp-content\\\/uploads\\\/2026\\\/03\\\/ER_Cartel_70x100_FINAL_CAT.jpg\",\"datePublished\":\"2026-03-28T17:24:28+00:00\",\"dateModified\":\"2026-04-13T12:11:51+00:00\",\"description\":\"Pel\u00b7l\u00edcula Estrany riu a Sant Lloren\u00e7 de Morunys. Diumenge 28 de juny de 2026 al Teatre Municipal de Sant Lloren\u00e7 de Morunys\",\"breadcrumb\":{\"@id\":\"https:\\\/\\\/lavalldelord.com\\\/ca\\\/cicle-gaudi\\\/estrany-riu-28-de-juny\\\/#breadcrumb\"},\"inLanguage\":\"ca\",\"potentialAction\":[{\"@type\":\"ReadAction\",\"target\":[[\"https:\\\/\\\/lavalldelord.com\\\/ca\\\/cicle-gaudi\\\/estrany-riu-28-de-juny\\\/\"]]}]},{\"@type\":\"ImageObject\",\"inLanguage\":\"ca\",\"@id\":\"https:\\\/\\\/lavalldelord.com\\\/ca\\\/cicle-gaudi\\\/estrany-riu-28-de-juny\\\/#primaryimage\",\"url\":\"https:\\\/\\\/lavalldelord.com\\\/wp-content\\\/uploads\\\/2026\\\/03\\\/ER_Cartel_70x100_FINAL_CAT.jpg\",\"contentUrl\":\"https:\\\/\\\/lavalldelord.com\\\/wp-content\\\/uploads\\\/2026\\\/03\\\/ER_Cartel_70x100_FINAL_CAT.jpg\",\"width\":1653,\"height\":2362},{\"@type\":\"BreadcrumbList\",\"@id\":\"https:\\\/\\\/lavalldelord.com\\\/ca\\\/cicle-gaudi\\\/estrany-riu-28-de-juny\\\/#breadcrumb\",\"itemListElement\":[{\"@type\":\"ListItem\",\"position\":1,\"name\":\"Inici\",\"item\":\"https:\\\/\\\/lavalldelord.com\\\/ca\\\/\"},{\"@type\":\"ListItem\",\"position\":2,\"name\":\"Cicle Gaud\u00ed a Sant Lloren\u00e7 de Morunys\",\"item\":\"https:\\\/\\\/lavalldelord.com\\\/ca\\\/cicle-gaudi\\\/\"},{\"@type\":\"ListItem\",\"position\":3,\"name\":\"Estrany riu &#8211; 28 de juny\"}]},{\"@type\":\"WebSite\",\"@id\":\"https:\\\/\\\/lavalldelord.com\\\/ca\\\/#website\",\"url\":\"https:\\\/\\\/lavalldelord.com\\\/ca\\\/\",\"name\":\"Turisme Vall de Lord\",\"description\":\"Portal tur\u00edstic de la Vall de Lord, naturalment!\",\"publisher\":{\"@id\":\"https:\\\/\\\/lavalldelord.com\\\/ca\\\/#organization\"},\"potentialAction\":[{\"@type\":\"SearchAction\",\"target\":{\"@type\":\"EntryPoint\",\"urlTemplate\":\"https:\\\/\\\/lavalldelord.com\\\/ca\\\/?s={search_term_string}\"},\"query-input\":{\"@type\":\"PropertyValueSpecification\",\"valueRequired\":true,\"valueName\":\"search_term_string\"}}],\"inLanguage\":\"ca\"},{\"@type\":\"Organization\",\"@id\":\"https:\\\/\\\/lavalldelord.com\\\/ca\\\/#organization\",\"name\":\"La Vall de Lord\",\"url\":\"https:\\\/\\\/lavalldelord.com\\\/ca\\\/\",\"logo\":{\"@type\":\"ImageObject\",\"inLanguage\":\"ca\",\"@id\":\"https:\\\/\\\/lavalldelord.com\\\/ca\\\/#\\\/schema\\\/logo\\\/image\\\/\",\"url\":\"https:\\\/\\\/lavalldelord.com\\\/wp-content\\\/uploads\\\/2024\\\/02\\\/DJI_0864_websize.jpg\",\"contentUrl\":\"https:\\\/\\\/lavalldelord.com\\\/wp-content\\\/uploads\\\/2024\\\/02\\\/DJI_0864_websize.jpg\",\"width\":1600,\"height\":899,\"caption\":\"La Vall de Lord\"},\"image\":{\"@id\":\"https:\\\/\\\/lavalldelord.com\\\/ca\\\/#\\\/schema\\\/logo\\\/image\\\/\"},\"sameAs\":[\"https:\\\/\\\/www.facebook.com\\\/turismevalldelord\",\"https:\\\/\\\/x.com\\\/valldelord\",\"https:\\\/\\\/www.instagram.com\\\/turismevalldelord\"]}]}<\/script>\n<!-- \/ Yoast SEO plugin. -->","yoast_head_json":{"title":"Estrany riu - 28 de juny - La Vall de Lord","description":"Pel\u00b7l\u00edcula Estrany riu a Sant Lloren\u00e7 de Morunys. Diumenge 28 de juny de 2026 al Teatre Municipal de Sant Lloren\u00e7 de Morunys","robots":{"index":"index","follow":"follow","max-snippet":"max-snippet:-1","max-image-preview":"max-image-preview:large","max-video-preview":"max-video-preview:-1"},"canonical":"https:\/\/lavalldelord.com\/ca\/cicle-gaudi\/estrany-riu-28-de-juny\/","og_locale":"ca_ES","og_type":"article","og_title":"Estrany riu - 28 de juny - La Vall de Lord","og_description":"Pel\u00b7l\u00edcula Estrany riu a Sant Lloren\u00e7 de Morunys. Diumenge 28 de juny de 2026 al Teatre Municipal de Sant Lloren\u00e7 de Morunys","og_url":"https:\/\/lavalldelord.com\/ca\/cicle-gaudi\/estrany-riu-28-de-juny\/","og_site_name":"La Vall de Lord","article_publisher":"https:\/\/www.facebook.com\/turismevalldelord","article_modified_time":"2026-04-13T12:11:51+00:00","og_image":[{"width":1653,"height":2362,"url":"https:\/\/lavalldelord.com\/wp-content\/uploads\/2026\/03\/ER_Cartel_70x100_FINAL_CAT.jpg","type":"image\/jpeg"}],"twitter_card":"summary_large_image","twitter_site":"@valldelord","twitter_misc":{"Temps estimat de lectura":"3 minuts"},"schema":{"@context":"https:\/\/schema.org","@graph":[{"@type":"WebPage","@id":"https:\/\/lavalldelord.com\/ca\/cicle-gaudi\/estrany-riu-28-de-juny\/","url":"https:\/\/lavalldelord.com\/ca\/cicle-gaudi\/estrany-riu-28-de-juny\/","name":"Estrany riu - 28 de juny - La Vall de Lord","isPartOf":{"@id":"https:\/\/lavalldelord.com\/ca\/#website"},"primaryImageOfPage":{"@id":"https:\/\/lavalldelord.com\/ca\/cicle-gaudi\/estrany-riu-28-de-juny\/#primaryimage"},"image":{"@id":"https:\/\/lavalldelord.com\/cicle-gaudi\/estrany-riu-28-de-juny\/#primaryimage"},"thumbnailUrl":"https:\/\/lavalldelord.com\/wp-content\/uploads\/2026\/03\/ER_Cartel_70x100_FINAL_CAT.jpg","datePublished":"2026-03-28T17:24:28+00:00","dateModified":"2026-04-13T12:11:51+00:00","description":"Pel\u00b7l\u00edcula Estrany riu a Sant Lloren\u00e7 de Morunys. Diumenge 28 de juny de 2026 al Teatre Municipal de Sant Lloren\u00e7 de Morunys","breadcrumb":{"@id":"https:\/\/lavalldelord.com\/ca\/cicle-gaudi\/estrany-riu-28-de-juny\/#breadcrumb"},"inLanguage":"ca","potentialAction":[{"@type":"ReadAction","target":[["https:\/\/lavalldelord.com\/ca\/cicle-gaudi\/estrany-riu-28-de-juny\/"]]}]},{"@type":"ImageObject","inLanguage":"ca","@id":"https:\/\/lavalldelord.com\/ca\/cicle-gaudi\/estrany-riu-28-de-juny\/#primaryimage","url":"https:\/\/lavalldelord.com\/wp-content\/uploads\/2026\/03\/ER_Cartel_70x100_FINAL_CAT.jpg","contentUrl":"https:\/\/lavalldelord.com\/wp-content\/uploads\/2026\/03\/ER_Cartel_70x100_FINAL_CAT.jpg","width":1653,"height":2362},{"@type":"BreadcrumbList","@id":"https:\/\/lavalldelord.com\/ca\/cicle-gaudi\/estrany-riu-28-de-juny\/#breadcrumb","itemListElement":[{"@type":"ListItem","position":1,"name":"Inici","item":"https:\/\/lavalldelord.com\/ca\/"},{"@type":"ListItem","position":2,"name":"Cicle Gaud\u00ed a Sant Lloren\u00e7 de Morunys","item":"https:\/\/lavalldelord.com\/ca\/cicle-gaudi\/"},{"@type":"ListItem","position":3,"name":"Estrany riu &#8211; 28 de juny"}]},{"@type":"WebSite","@id":"https:\/\/lavalldelord.com\/ca\/#website","url":"https:\/\/lavalldelord.com\/ca\/","name":"Turisme Vall de Lord","description":"Portal tur\u00edstic de la Vall de Lord, naturalment!","publisher":{"@id":"https:\/\/lavalldelord.com\/ca\/#organization"},"potentialAction":[{"@type":"SearchAction","target":{"@type":"EntryPoint","urlTemplate":"https:\/\/lavalldelord.com\/ca\/?s={search_term_string}"},"query-input":{"@type":"PropertyValueSpecification","valueRequired":true,"valueName":"search_term_string"}}],"inLanguage":"ca"},{"@type":"Organization","@id":"https:\/\/lavalldelord.com\/ca\/#organization","name":"La Vall de Lord","url":"https:\/\/lavalldelord.com\/ca\/","logo":{"@type":"ImageObject","inLanguage":"ca","@id":"https:\/\/lavalldelord.com\/ca\/#\/schema\/logo\/image\/","url":"https:\/\/lavalldelord.com\/wp-content\/uploads\/2024\/02\/DJI_0864_websize.jpg","contentUrl":"https:\/\/lavalldelord.com\/wp-content\/uploads\/2024\/02\/DJI_0864_websize.jpg","width":1600,"height":899,"caption":"La Vall de Lord"},"image":{"@id":"https:\/\/lavalldelord.com\/ca\/#\/schema\/logo\/image\/"},"sameAs":["https:\/\/www.facebook.com\/turismevalldelord","https:\/\/x.com\/valldelord","https:\/\/www.instagram.com\/turismevalldelord"]}]}},"_links":{"self":[{"href":"https:\/\/lavalldelord.com\/ca\/wp-json\/wp\/v2\/pages\/13694","targetHints":{"allow":["GET"]}}],"collection":[{"href":"https:\/\/lavalldelord.com\/ca\/wp-json\/wp\/v2\/pages"}],"about":[{"href":"https:\/\/lavalldelord.com\/ca\/wp-json\/wp\/v2\/types\/page"}],"author":[{"embeddable":true,"href":"https:\/\/lavalldelord.com\/ca\/wp-json\/wp\/v2\/users\/3"}],"replies":[{"embeddable":true,"href":"https:\/\/lavalldelord.com\/ca\/wp-json\/wp\/v2\/comments?post=13694"}],"version-history":[{"count":2,"href":"https:\/\/lavalldelord.com\/ca\/wp-json\/wp\/v2\/pages\/13694\/revisions"}],"predecessor-version":[{"id":13781,"href":"https:\/\/lavalldelord.com\/ca\/wp-json\/wp\/v2\/pages\/13694\/revisions\/13781"}],"up":[{"embeddable":true,"href":"https:\/\/lavalldelord.com\/ca\/wp-json\/wp\/v2\/pages\/8877"}],"wp:featuredmedia":[{"embeddable":true,"href":"https:\/\/lavalldelord.com\/ca\/wp-json\/wp\/v2\/media\/13697"}],"wp:attachment":[{"href":"https:\/\/lavalldelord.com\/ca\/wp-json\/wp\/v2\/media?parent=13694"}],"curies":[{"name":"wp","href":"https:\/\/api.w.org\/{rel}","templated":true}]}}