{"id":3526,"date":"2017-03-15T15:03:05","date_gmt":"2017-03-15T15:03:05","guid":{"rendered":"http:\/\/lavalldelord.com.mialias.net\/?page_id=3526"},"modified":"2026-04-27T10:51:35","modified_gmt":"2026-04-27T09:51:35","slug":"historia","status":"publish","type":"page","link":"https:\/\/lavalldelord.com\/ca\/la-vall-de-lord\/historia\/","title":{"rendered":"Hist\u00f2ria"},"content":{"rendered":"<p><\/p>\n<h2 style=\"text-align: center;\">La Vall de Lord, terra d&#8217;hist\u00f2ria.<\/h2>\n<p>Datada ja al segle IX, la Vall ha transcorregut diferents episodis de gran rellev\u00e0ncia que han donat lloc a la configuraci\u00f3 actual dels seus diferents elements hist\u00f2rics i culturals. Cada punt del territori presenta una petita hist\u00f2ria amagada i que, totes juntes, configuren el passat i el present d\u2019aquesta vall.<\/p>\n<p>&nbsp;<\/p>\n<p>El nom de Vall de Lord es coneix ja des del segle IX \u00e8poca de Guifr\u00e9 el Pel\u00f3s; aquest, apareix a la vall en una de les seves accions m\u00e9s importants: el repoblament i reorganitzaci\u00f3 de la Catalunya Central.<\/p>\n<p>Antigament, la Vall de Lord estava subdividida per dues regions: la Vall de Lord sobirana, la qual comprenia els municipis de <a href=\"https:\/\/lavalldelord.com\/punt\/sant-llorenc-morunys\/\" target=\"_blank\" rel=\"noopener\">Sant Lloren\u00e7 de Morunys<\/a>, <a href=\"https:\/\/lavalldelord.com\/punt\/la-coma-i-la-pedra\/\" target=\"_blank\" rel=\"noopener\">La Coma i La Pedra<\/a> i <a href=\"https:\/\/lavalldelord.com\/punt\/guixers\/\" target=\"_blank\" rel=\"noopener\">Guixers<\/a>, i la Vall de Lord Jussana, que comprenia els municipis de <a href=\"https:\/\/lavalldelord.com\/punt\/naves\/\" target=\"_blank\" rel=\"noopener\">Nav\u00e8s<\/a> (Serra de Busa, La Llosa i Aiguadora).<\/p>\n<p>&nbsp;<\/p>\n<p>En aquesta mateixa \u00e8poca la Vall de Lord tenia dins el seu territori tres castells: el <a href=\"https:\/\/lavalldelord.com\/punt\/castell-de-la-pedra\/\" target=\"_blank\" rel=\"noopener\">castell de La Pedra<\/a>, Castelltort i el castell de Sisquer, castells que servien de vigil\u00e0ncia d\u2019aquestes contrades.<\/p>\n<p>Entre els segles XI i XII \u00e9s el moment que es construeixen gran part de la quarantena d\u2019ermites rom\u00e0niques que hi ha repartides per tota la vall, sobretot a les poblacions de La Coma i la Pedra i Guixers.<\/p>\n<p><img loading=\"lazy\" decoding=\"async\" class=\" wp-image-3901 alignleft\" src=\"http:\/\/lavalldelord.com\/wp-content\/uploads\/2017\/03\/IMG_20160713_201159-600x338.jpg\" alt=\"\" width=\"234\" height=\"132\" srcset=\"https:\/\/lavalldelord.com\/wp-content\/uploads\/2017\/03\/IMG_20160713_201159-600x338.jpg 600w, https:\/\/lavalldelord.com\/wp-content\/uploads\/2017\/03\/IMG_20160713_201159-400x225.jpg 400w, https:\/\/lavalldelord.com\/wp-content\/uploads\/2017\/03\/IMG_20160713_201159-768x432.jpg 768w, https:\/\/lavalldelord.com\/wp-content\/uploads\/2017\/03\/IMG_20160713_201159-1024x576.jpg 1024w\" sizes=\"auto, (max-width: 234px) 100vw, 234px\" \/><\/p>\n<p>A partir del segle XIII i fins el segle XIX, i com a epicentre Sant Lloren\u00e7 de Morunys, es fabrica i es comercialitza el conegut com a <em>drap piteu<\/em>, teixit de llana que va esdevenir la principal font econ\u00f2mica de la poblaci\u00f3\/vall.<\/p>\n<p>&nbsp;<\/p>\n<p>Ja al segle XIX, la Vall de Lord alberga diferents esdeveniments hist\u00f2rics de gran ress\u00f2:<\/p>\n<p>La <a href=\"https:\/\/lavalldelord.com\/punt\/serra-de-busa-i-el-capolatell\/\" target=\"_blank\" rel=\"noopener\">Serra de Busa<\/a> va servir com a camp d\u2019instrucci\u00f3 militar durant la <a href=\"https:\/\/ca.wikipedia.org\/wiki\/Guerra_del_Franc%C3%A8s\" target=\"_blank\" rel=\"noopener\">Guerra del Franc\u00e8s<\/a> (1808-14). Aix\u00ed ho acaba demostrant la pres\u00f3 natural que hi ha a la zona coneguda com <a href=\"https:\/\/lavalldelord.com\/punt\/preso-natural-busa\/\" target=\"_blank\" rel=\"noopener\">El Capolatell<\/a>, lloc on deixaven els presos francesos a\u00efllats. Tanmateix, Busa tamb\u00e9 va ser el primer lloc, despr\u00e9s de Cadis, en proclamar la Constituci\u00f3 de 1812.<\/p>\n<p>No obstant, i tot i la proximitat, la vila de Sant Lloren\u00e7 de Morunys va optar per no jurar-la, fet que li va causar una greu conseq\u00fc\u00e8ncia: la crema en quasi la seva totalitat l\u2019any 1823.<\/p>\n<p><img loading=\"lazy\" decoding=\"async\" class=\"wp-image-3900 alignright\" src=\"http:\/\/lavalldelord.com\/wp-content\/uploads\/2017\/03\/fotografia_historia-600x308.jpg\" alt=\"\" width=\"469\" height=\"241\" srcset=\"https:\/\/lavalldelord.com\/wp-content\/uploads\/2017\/03\/fotografia_historia-600x308.jpg 600w, https:\/\/lavalldelord.com\/wp-content\/uploads\/2017\/03\/fotografia_historia-400x205.jpg 400w, https:\/\/lavalldelord.com\/wp-content\/uploads\/2017\/03\/fotografia_historia-768x394.jpg 768w, https:\/\/lavalldelord.com\/wp-content\/uploads\/2017\/03\/fotografia_historia.jpg 1000w\" sizes=\"auto, (max-width: 469px) 100vw, 469px\" \/><\/p>\n<p>&nbsp;<\/p>\n<p>&nbsp;<\/p>\n<p>&nbsp;<\/p>\n<p>&nbsp;<\/p>\n<p>&nbsp;<\/p>\n<p>&nbsp;<\/p>\n<p>&nbsp;<\/p>\n<p>Tant sols uns anys m\u00e9s tard, al 1836, durant la <a href=\"https:\/\/ca.wikipedia.org\/wiki\/Primera_Guerra_Carlina\" target=\"_blank\" rel=\"noopener\">1a Guerra Carlina<\/a> (1833-1840), el <a href=\"https:\/\/lavalldelord.com\/punt\/santuari-de-lord\/\" target=\"_blank\" rel=\"noopener\">Santuari de Lord<\/a> es va convertir en epicentre d\u2019un conflicte b\u00e8l\u00b7lic entre liberals i carlins. Els carlins establerts a dalt al santuari van ser assetjats pels liberals. El conflicte va tenir la seva fi amb la mort de tots els carlins i la destrucci\u00f3 total del Santuari.<\/p>\n<p>Finalment, durant el segle XX i com a gran part del territori, la Vall de Lord va rebre els estralls i conseq\u00fc\u00e8ncies de la Guerra Civil (1936-39), amb la crema de diferents obres d\u2019art religi\u00f3s o la destrucci\u00f3 de ponts.<\/p>\n<p>&nbsp;<\/p>\n<p>Tota aquesta hist\u00f2ria la podeu con\u00e8ixer amb m\u00e9s detall, de manera presencial i gratu\u00efta, al <a href=\"https:\/\/lavalldelord.com\/punt\/museu-centre-dinterpretacio-vall-lord\/\" target=\"_blank\" rel=\"noopener\">Museu &#8211; Centre d&#8217;Interpretaci\u00f3 de la Vall de Lord<\/a>, obert al p\u00fablic els caps de setmana i per\u00edodes festius.<\/p>\n<p>&nbsp;<\/p>","protected":false},"excerpt":{"rendered":"<p>La Vall de Lord, terra d&#8217;hist\u00f2ria. Datada ja al segle IX, la Vall ha transcorregut diferents episodis de gran rellev\u00e0ncia [&hellip;]<\/p>\n","protected":false},"author":3,"featured_media":3905,"parent":3496,"menu_order":93,"comment_status":"closed","ping_status":"closed","template":"","meta":{"_acf_changed":false,"_exactmetrics_skip_tracking":false,"_exactmetrics_sitenote_active":false,"_exactmetrics_sitenote_note":"","_exactmetrics_sitenote_category":0,"_joinchat":[],"footnotes":""},"class_list":["post-3526","page","type-page","status-publish","has-post-thumbnail","hentry"],"acf":[],"yoast_head":"<!-- This site is optimized with the Yoast SEO plugin v27.5 - https:\/\/yoast.com\/product\/yoast-seo-wordpress\/ -->\n<title>Hist\u00f2ria - La Vall de Lord<\/title>\n<meta name=\"description\" content=\"Hist\u00f2ria de la Vall de Lord, territori de l&#039;Alt Solson\u00e8s documentat des del segle IX, escenari de diferents episodis de gran rellev\u00e0ncia\" \/>\n<meta name=\"robots\" content=\"index, follow, max-snippet:-1, max-image-preview:large, max-video-preview:-1\" \/>\n<link rel=\"canonical\" href=\"https:\/\/lavalldelord.com\/ca\/la-vall-de-lord\/historia\/\" \/>\n<meta property=\"og:locale\" content=\"ca_ES\" \/>\n<meta property=\"og:type\" content=\"article\" \/>\n<meta property=\"og:title\" content=\"Hist\u00f2ria - La Vall de Lord\" \/>\n<meta property=\"og:description\" content=\"Hist\u00f2ria de la Vall de Lord, territori de l&#039;Alt Solson\u00e8s documentat des del segle IX, escenari de diferents episodis de gran rellev\u00e0ncia\" \/>\n<meta property=\"og:url\" content=\"https:\/\/lavalldelord.com\/ca\/la-vall-de-lord\/historia\/\" \/>\n<meta property=\"og:site_name\" content=\"La Vall de Lord\" \/>\n<meta property=\"article:publisher\" content=\"https:\/\/www.facebook.com\/turismevalldelord\" \/>\n<meta property=\"article:modified_time\" content=\"2026-04-27T09:51:35+00:00\" \/>\n<meta property=\"og:image\" content=\"https:\/\/lavalldelord.com\/wp-content\/uploads\/2017\/03\/sant_serni-1.jpg\" \/>\n\t<meta property=\"og:image:width\" content=\"1000\" \/>\n\t<meta property=\"og:image:height\" content=\"748\" \/>\n\t<meta property=\"og:image:type\" content=\"image\/jpeg\" \/>\n<meta name=\"twitter:card\" content=\"summary_large_image\" \/>\n<meta name=\"twitter:site\" content=\"@valldelord\" \/>\n<meta name=\"twitter:label1\" content=\"Temps estimat de lectura\" \/>\n\t<meta name=\"twitter:data1\" content=\"4 minuts\" \/>\n<script type=\"application\/ld+json\" class=\"yoast-schema-graph\">{\"@context\":\"https:\\\/\\\/schema.org\",\"@graph\":[{\"@type\":\"WebPage\",\"@id\":\"https:\\\/\\\/lavalldelord.com\\\/ca\\\/la-vall-de-lord\\\/historia\\\/\",\"url\":\"https:\\\/\\\/lavalldelord.com\\\/ca\\\/la-vall-de-lord\\\/historia\\\/\",\"name\":\"Hist\u00f2ria - La Vall de Lord\",\"isPartOf\":{\"@id\":\"https:\\\/\\\/lavalldelord.com\\\/ca\\\/#website\"},\"primaryImageOfPage\":{\"@id\":\"https:\\\/\\\/lavalldelord.com\\\/ca\\\/la-vall-de-lord\\\/historia\\\/#primaryimage\"},\"image\":{\"@id\":\"https:\\\/\\\/lavalldelord.com\\\/la-vall-de-lord\\\/historia\\\/#primaryimage\"},\"thumbnailUrl\":\"https:\\\/\\\/lavalldelord.com\\\/wp-content\\\/uploads\\\/2017\\\/03\\\/sant_serni-1.jpg\",\"datePublished\":\"2017-03-15T15:03:05+00:00\",\"dateModified\":\"2026-04-27T09:51:35+00:00\",\"description\":\"Hist\u00f2ria de la Vall de Lord, territori de l'Alt Solson\u00e8s documentat des del segle IX, escenari de diferents episodis de gran rellev\u00e0ncia\",\"breadcrumb\":{\"@id\":\"https:\\\/\\\/lavalldelord.com\\\/ca\\\/la-vall-de-lord\\\/historia\\\/#breadcrumb\"},\"inLanguage\":\"ca\",\"potentialAction\":[{\"@type\":\"ReadAction\",\"target\":[[\"https:\\\/\\\/lavalldelord.com\\\/ca\\\/la-vall-de-lord\\\/historia\\\/\"]]}]},{\"@type\":\"ImageObject\",\"inLanguage\":\"ca\",\"@id\":\"https:\\\/\\\/lavalldelord.com\\\/ca\\\/la-vall-de-lord\\\/historia\\\/#primaryimage\",\"url\":\"https:\\\/\\\/lavalldelord.com\\\/wp-content\\\/uploads\\\/2017\\\/03\\\/sant_serni-1.jpg\",\"contentUrl\":\"https:\\\/\\\/lavalldelord.com\\\/wp-content\\\/uploads\\\/2017\\\/03\\\/sant_serni-1.jpg\",\"width\":1000,\"height\":748},{\"@type\":\"BreadcrumbList\",\"@id\":\"https:\\\/\\\/lavalldelord.com\\\/ca\\\/la-vall-de-lord\\\/historia\\\/#breadcrumb\",\"itemListElement\":[{\"@type\":\"ListItem\",\"position\":1,\"name\":\"Inici\",\"item\":\"https:\\\/\\\/lavalldelord.com\\\/ca\\\/\"},{\"@type\":\"ListItem\",\"position\":2,\"name\":\"La Vall de Lord\",\"item\":\"https:\\\/\\\/lavalldelord.com\\\/ca\\\/la-vall-de-lord\\\/\"},{\"@type\":\"ListItem\",\"position\":3,\"name\":\"Hist\u00f2ria\"}]},{\"@type\":\"WebSite\",\"@id\":\"https:\\\/\\\/lavalldelord.com\\\/ca\\\/#website\",\"url\":\"https:\\\/\\\/lavalldelord.com\\\/ca\\\/\",\"name\":\"Turisme Vall de Lord\",\"description\":\"Portal tur\u00edstic de la Vall de Lord, naturalment!\",\"publisher\":{\"@id\":\"https:\\\/\\\/lavalldelord.com\\\/ca\\\/#organization\"},\"potentialAction\":[{\"@type\":\"SearchAction\",\"target\":{\"@type\":\"EntryPoint\",\"urlTemplate\":\"https:\\\/\\\/lavalldelord.com\\\/ca\\\/?s={search_term_string}\"},\"query-input\":{\"@type\":\"PropertyValueSpecification\",\"valueRequired\":true,\"valueName\":\"search_term_string\"}}],\"inLanguage\":\"ca\"},{\"@type\":\"Organization\",\"@id\":\"https:\\\/\\\/lavalldelord.com\\\/ca\\\/#organization\",\"name\":\"La Vall de Lord\",\"url\":\"https:\\\/\\\/lavalldelord.com\\\/ca\\\/\",\"logo\":{\"@type\":\"ImageObject\",\"inLanguage\":\"ca\",\"@id\":\"https:\\\/\\\/lavalldelord.com\\\/ca\\\/#\\\/schema\\\/logo\\\/image\\\/\",\"url\":\"https:\\\/\\\/lavalldelord.com\\\/wp-content\\\/uploads\\\/2024\\\/02\\\/DJI_0864_websize.jpg\",\"contentUrl\":\"https:\\\/\\\/lavalldelord.com\\\/wp-content\\\/uploads\\\/2024\\\/02\\\/DJI_0864_websize.jpg\",\"width\":1600,\"height\":899,\"caption\":\"La Vall de Lord\"},\"image\":{\"@id\":\"https:\\\/\\\/lavalldelord.com\\\/ca\\\/#\\\/schema\\\/logo\\\/image\\\/\"},\"sameAs\":[\"https:\\\/\\\/www.facebook.com\\\/turismevalldelord\",\"https:\\\/\\\/x.com\\\/valldelord\",\"https:\\\/\\\/www.instagram.com\\\/turismevalldelord\"]}]}<\/script>\n<!-- \/ Yoast SEO plugin. -->","yoast_head_json":{"title":"Hist\u00f2ria - La Vall de Lord","description":"Hist\u00f2ria de la Vall de Lord, territori de l'Alt Solson\u00e8s documentat des del segle IX, escenari de diferents episodis de gran rellev\u00e0ncia","robots":{"index":"index","follow":"follow","max-snippet":"max-snippet:-1","max-image-preview":"max-image-preview:large","max-video-preview":"max-video-preview:-1"},"canonical":"https:\/\/lavalldelord.com\/ca\/la-vall-de-lord\/historia\/","og_locale":"ca_ES","og_type":"article","og_title":"Hist\u00f2ria - La Vall de Lord","og_description":"Hist\u00f2ria de la Vall de Lord, territori de l'Alt Solson\u00e8s documentat des del segle IX, escenari de diferents episodis de gran rellev\u00e0ncia","og_url":"https:\/\/lavalldelord.com\/ca\/la-vall-de-lord\/historia\/","og_site_name":"La Vall de Lord","article_publisher":"https:\/\/www.facebook.com\/turismevalldelord","article_modified_time":"2026-04-27T09:51:35+00:00","og_image":[{"width":1000,"height":748,"url":"https:\/\/lavalldelord.com\/wp-content\/uploads\/2017\/03\/sant_serni-1.jpg","type":"image\/jpeg"}],"twitter_card":"summary_large_image","twitter_site":"@valldelord","twitter_misc":{"Temps estimat de lectura":"4 minuts"},"schema":{"@context":"https:\/\/schema.org","@graph":[{"@type":"WebPage","@id":"https:\/\/lavalldelord.com\/ca\/la-vall-de-lord\/historia\/","url":"https:\/\/lavalldelord.com\/ca\/la-vall-de-lord\/historia\/","name":"Hist\u00f2ria - La Vall de Lord","isPartOf":{"@id":"https:\/\/lavalldelord.com\/ca\/#website"},"primaryImageOfPage":{"@id":"https:\/\/lavalldelord.com\/ca\/la-vall-de-lord\/historia\/#primaryimage"},"image":{"@id":"https:\/\/lavalldelord.com\/la-vall-de-lord\/historia\/#primaryimage"},"thumbnailUrl":"https:\/\/lavalldelord.com\/wp-content\/uploads\/2017\/03\/sant_serni-1.jpg","datePublished":"2017-03-15T15:03:05+00:00","dateModified":"2026-04-27T09:51:35+00:00","description":"Hist\u00f2ria de la Vall de Lord, territori de l'Alt Solson\u00e8s documentat des del segle IX, escenari de diferents episodis de gran rellev\u00e0ncia","breadcrumb":{"@id":"https:\/\/lavalldelord.com\/ca\/la-vall-de-lord\/historia\/#breadcrumb"},"inLanguage":"ca","potentialAction":[{"@type":"ReadAction","target":[["https:\/\/lavalldelord.com\/ca\/la-vall-de-lord\/historia\/"]]}]},{"@type":"ImageObject","inLanguage":"ca","@id":"https:\/\/lavalldelord.com\/ca\/la-vall-de-lord\/historia\/#primaryimage","url":"https:\/\/lavalldelord.com\/wp-content\/uploads\/2017\/03\/sant_serni-1.jpg","contentUrl":"https:\/\/lavalldelord.com\/wp-content\/uploads\/2017\/03\/sant_serni-1.jpg","width":1000,"height":748},{"@type":"BreadcrumbList","@id":"https:\/\/lavalldelord.com\/ca\/la-vall-de-lord\/historia\/#breadcrumb","itemListElement":[{"@type":"ListItem","position":1,"name":"Inici","item":"https:\/\/lavalldelord.com\/ca\/"},{"@type":"ListItem","position":2,"name":"La Vall de Lord","item":"https:\/\/lavalldelord.com\/ca\/la-vall-de-lord\/"},{"@type":"ListItem","position":3,"name":"Hist\u00f2ria"}]},{"@type":"WebSite","@id":"https:\/\/lavalldelord.com\/ca\/#website","url":"https:\/\/lavalldelord.com\/ca\/","name":"Turisme Vall de Lord","description":"Portal tur\u00edstic de la Vall de Lord, naturalment!","publisher":{"@id":"https:\/\/lavalldelord.com\/ca\/#organization"},"potentialAction":[{"@type":"SearchAction","target":{"@type":"EntryPoint","urlTemplate":"https:\/\/lavalldelord.com\/ca\/?s={search_term_string}"},"query-input":{"@type":"PropertyValueSpecification","valueRequired":true,"valueName":"search_term_string"}}],"inLanguage":"ca"},{"@type":"Organization","@id":"https:\/\/lavalldelord.com\/ca\/#organization","name":"La Vall de Lord","url":"https:\/\/lavalldelord.com\/ca\/","logo":{"@type":"ImageObject","inLanguage":"ca","@id":"https:\/\/lavalldelord.com\/ca\/#\/schema\/logo\/image\/","url":"https:\/\/lavalldelord.com\/wp-content\/uploads\/2024\/02\/DJI_0864_websize.jpg","contentUrl":"https:\/\/lavalldelord.com\/wp-content\/uploads\/2024\/02\/DJI_0864_websize.jpg","width":1600,"height":899,"caption":"La Vall de Lord"},"image":{"@id":"https:\/\/lavalldelord.com\/ca\/#\/schema\/logo\/image\/"},"sameAs":["https:\/\/www.facebook.com\/turismevalldelord","https:\/\/x.com\/valldelord","https:\/\/www.instagram.com\/turismevalldelord"]}]}},"_links":{"self":[{"href":"https:\/\/lavalldelord.com\/ca\/wp-json\/wp\/v2\/pages\/3526","targetHints":{"allow":["GET"]}}],"collection":[{"href":"https:\/\/lavalldelord.com\/ca\/wp-json\/wp\/v2\/pages"}],"about":[{"href":"https:\/\/lavalldelord.com\/ca\/wp-json\/wp\/v2\/types\/page"}],"author":[{"embeddable":true,"href":"https:\/\/lavalldelord.com\/ca\/wp-json\/wp\/v2\/users\/3"}],"replies":[{"embeddable":true,"href":"https:\/\/lavalldelord.com\/ca\/wp-json\/wp\/v2\/comments?post=3526"}],"version-history":[{"count":61,"href":"https:\/\/lavalldelord.com\/ca\/wp-json\/wp\/v2\/pages\/3526\/revisions"}],"predecessor-version":[{"id":13853,"href":"https:\/\/lavalldelord.com\/ca\/wp-json\/wp\/v2\/pages\/3526\/revisions\/13853"}],"up":[{"embeddable":true,"href":"https:\/\/lavalldelord.com\/ca\/wp-json\/wp\/v2\/pages\/3496"}],"wp:featuredmedia":[{"embeddable":true,"href":"https:\/\/lavalldelord.com\/ca\/wp-json\/wp\/v2\/media\/3905"}],"wp:attachment":[{"href":"https:\/\/lavalldelord.com\/ca\/wp-json\/wp\/v2\/media?parent=3526"}],"curies":[{"name":"wp","href":"https:\/\/api.w.org\/{rel}","templated":true}]}}