{"id":3528,"date":"2017-03-15T15:03:18","date_gmt":"2017-03-15T15:03:18","guid":{"rendered":"http:\/\/lavalldelord.com.mialias.net\/?page_id=3528"},"modified":"2025-12-21T10:31:27","modified_gmt":"2025-12-21T09:31:27","slug":"entorn","status":"publish","type":"page","link":"https:\/\/lavalldelord.com\/ca\/la-vall-de-lord\/entorn\/","title":{"rendered":"Entorn"},"content":{"rendered":"<p><\/p>\n<h2 style=\"text-align: center;\"><span style=\"color: #008080;\">La Vall de Lord \u00e9s natura.<\/span><\/h2>\n<p style=\"text-align: center;\">La Vall de Lord \u00e9s una petita vall situada a l\u2019Alt Solson\u00e8s que presenta una combinaci\u00f3 perfecta de tots els elements naturals caracter\u00edstics del Prepirineu: <strong>muntanyes, rius, vegetaci\u00f3 i animals.<\/strong><\/p>\n<p>&nbsp;<\/p>\n<p>La vall es troba limitada a l\u2019oest \u2013 nord-oest per la <a href=\"https:\/\/lavalldelord.com\/punt\/serra-de-port-del-comte\/\" target=\"_blank\" rel=\"noopener\">serra de Port del Comte<\/a>, la <a href=\"https:\/\/lavalldelord.com\/punt\/la-serra-del-verd\/\" target=\"_blank\" rel=\"noopener\">serra del Verd<\/a> al nord-est, pels Rasos de Peguera a l\u2019est i per les serres de <a href=\"https:\/\/lavalldelord.com\/punt\/serra-de-busa-i-el-capolatell\/\" target=\"_blank\" rel=\"noopener\">Busa<\/a> i els <a href=\"https:\/\/lavalldelord.com\/punt\/bastets\/\" target=\"_blank\" rel=\"noopener\">Bastets<\/a> al sud. En algunes d\u2019aquestes serres, les seves roques presenten formes curioses i extravagants com el cas de les serres de Busa i els Bastets o <a href=\"https:\/\/lavalldelord.com\/punt\/mola-de-lord\/\" target=\"_blank\" rel=\"noopener\">la Mola de Lord<\/a>. La seva formaci\u00f3 \u00e9s i ha estat objecte d\u2019estudis geol\u00f2gics a nivell mundial.<\/p>\n<p><img loading=\"lazy\" decoding=\"async\" class=\"aligncenter wp-image-3914\" src=\"http:\/\/lavalldelord.com\/wp-content\/uploads\/2017\/03\/panoramica_busa_petita-600x160.jpg\" alt=\"La Vall de Lord \u00e9s natura\" width=\"720\" height=\"192\" srcset=\"https:\/\/lavalldelord.com\/wp-content\/uploads\/2017\/03\/panoramica_busa_petita-600x160.jpg 600w, https:\/\/lavalldelord.com\/wp-content\/uploads\/2017\/03\/panoramica_busa_petita-400x107.jpg 400w, https:\/\/lavalldelord.com\/wp-content\/uploads\/2017\/03\/panoramica_busa_petita-768x205.jpg 768w, https:\/\/lavalldelord.com\/wp-content\/uploads\/2017\/03\/panoramica_busa_petita-1024x274.jpg 1024w, https:\/\/lavalldelord.com\/wp-content\/uploads\/2017\/03\/panoramica_busa_petita.jpg 1400w\" sizes=\"auto, (max-width: 720px) 100vw, 720px\" \/><\/p>\n<p>&nbsp;<\/p>\n<p>Entre les serres que envolten la Vall de Lord, s\u2019hi estableixen una gran quantitat de torrents i corriols. Aquests s\u00f3n els que van alimentant en \u00e8poques plujoses els principals rius de la zona: el <a href=\"https:\/\/lavalldelord.com\/punt\/riu-cardener\/\" target=\"_blank\" rel=\"noopener\">riu Cardener<\/a>, amb <a href=\"https:\/\/lavalldelord.com\/punt\/fonts-del-cardener\/\" target=\"_blank\" rel=\"noopener\">el seu naixement<\/a> que es pot contemplar a la poblaci\u00f3 de <a href=\"https:\/\/lavalldelord.com\/punt\/la-coma-i-la-pedra\/\" target=\"_blank\" rel=\"noopener\">La Coma i La Pedra<\/a>, i el <a href=\"https:\/\/lavalldelord.com\/punt\/riu-aigua-de-valls\/\" target=\"_blank\" rel=\"noopener\">riu d\u2019Aigua de Valls<\/a> que transcorre pel municipi de <a href=\"https:\/\/lavalldelord.com\/punt\/guixers\/\" target=\"_blank\" rel=\"noopener\">Guixers<\/a>.<\/p>\n<p><img loading=\"lazy\" decoding=\"async\" class=\"alignright wp-image-3909\" src=\"http:\/\/lavalldelord.com\/wp-content\/uploads\/2017\/03\/arre_natura-600x400.jpg\" alt=\"La Vall de Lord \u00e9s natura\" width=\"383\" height=\"255\" srcset=\"https:\/\/lavalldelord.com\/wp-content\/uploads\/2017\/03\/arre_natura-600x400.jpg 600w, https:\/\/lavalldelord.com\/wp-content\/uploads\/2017\/03\/arre_natura-400x267.jpg 400w, https:\/\/lavalldelord.com\/wp-content\/uploads\/2017\/03\/arre_natura-768x512.jpg 768w, https:\/\/lavalldelord.com\/wp-content\/uploads\/2017\/03\/arre_natura.jpg 1000w\" sizes=\"auto, (max-width: 383px) 100vw, 383px\" \/><\/p>\n<p>Les diferents serres i els seus dos rius es troben plenes de vegetaci\u00f3, la qual \u00e9s molt diversa gr\u00e0cies a la forta variabilitat que presenta el seu terreny. En aquest entorn predominen els paisatges prepirinencs amb prats subalpins i boscos de pi negre a les parts m\u00e9s altes i rouredes i boscos de pi roig a les zones m\u00e9s baixes. Aquesta variabilitat fa que el paisatge a la primavera i a l\u2019estiu es pinti amb diferents tons de verd i durant la tardor adopti diferents contrastos de vermells, taronges i groc.<\/p>\n<p>Els diferents boscos i muntanyes alberguen tamb\u00e9 una gran quantitat de fauna incloent les poblacions de gall fer, isards, cabirols, aus rapinyaires i una gran quantitat d\u2019insectes i amfibis.<\/p>\n<p>&nbsp;<\/p>","protected":false},"excerpt":{"rendered":"<p>La Vall de Lord \u00e9s natura. La Vall de Lord \u00e9s una petita vall situada a l\u2019Alt Solson\u00e8s que presenta [&hellip;]<\/p>\n","protected":false},"author":3,"featured_media":3908,"parent":3496,"menu_order":91,"comment_status":"closed","ping_status":"closed","template":"","meta":{"_acf_changed":false,"_exactmetrics_skip_tracking":false,"_exactmetrics_sitenote_active":false,"_exactmetrics_sitenote_note":"","_exactmetrics_sitenote_category":0,"_joinchat":[],"footnotes":""},"class_list":["post-3528","page","type-page","status-publish","has-post-thumbnail","hentry"],"acf":[],"yoast_head":"<!-- This site is optimized with the Yoast SEO plugin v27.5 - https:\/\/yoast.com\/product\/yoast-seo-wordpress\/ -->\n<title>Entorn - La Vall de Lord \u00e9s natura<\/title>\n<meta name=\"description\" content=\"La Vall de Lord \u00e9s natura, una combinaci\u00f3 dels elements naturals caracter\u00edstics del Prepirineu: muntanyes, rius, vegetaci\u00f3 i animals\" \/>\n<meta name=\"robots\" content=\"index, follow, max-snippet:-1, max-image-preview:large, max-video-preview:-1\" \/>\n<link rel=\"canonical\" href=\"https:\/\/lavalldelord.com\/ca\/la-vall-de-lord\/entorn\/\" \/>\n<meta property=\"og:locale\" content=\"ca_ES\" \/>\n<meta property=\"og:type\" content=\"article\" \/>\n<meta property=\"og:title\" content=\"Entorn - La Vall de Lord \u00e9s natura\" \/>\n<meta property=\"og:description\" content=\"La Vall de Lord \u00e9s natura, una combinaci\u00f3 dels elements naturals caracter\u00edstics del Prepirineu: muntanyes, rius, vegetaci\u00f3 i animals\" \/>\n<meta property=\"og:url\" content=\"https:\/\/lavalldelord.com\/ca\/la-vall-de-lord\/entorn\/\" \/>\n<meta property=\"og:site_name\" content=\"La Vall de Lord\" \/>\n<meta property=\"article:publisher\" content=\"https:\/\/www.facebook.com\/turismevalldelord\" \/>\n<meta property=\"article:modified_time\" content=\"2025-12-21T09:31:27+00:00\" \/>\n<meta property=\"og:image\" content=\"https:\/\/lavalldelord.com\/wp-content\/uploads\/2017\/03\/arbres_bosc.jpg\" \/>\n\t<meta property=\"og:image:width\" content=\"800\" \/>\n\t<meta property=\"og:image:height\" content=\"533\" \/>\n\t<meta property=\"og:image:type\" content=\"image\/jpeg\" \/>\n<meta name=\"twitter:card\" content=\"summary_large_image\" \/>\n<meta name=\"twitter:site\" content=\"@valldelord\" \/>\n<meta name=\"twitter:label1\" content=\"Temps estimat de lectura\" \/>\n\t<meta name=\"twitter:data1\" content=\"3 minuts\" \/>\n<script type=\"application\/ld+json\" class=\"yoast-schema-graph\">{\"@context\":\"https:\\\/\\\/schema.org\",\"@graph\":[{\"@type\":\"WebPage\",\"@id\":\"https:\\\/\\\/lavalldelord.com\\\/ca\\\/la-vall-de-lord\\\/entorn\\\/\",\"url\":\"https:\\\/\\\/lavalldelord.com\\\/ca\\\/la-vall-de-lord\\\/entorn\\\/\",\"name\":\"Entorn - La Vall de Lord \u00e9s natura\",\"isPartOf\":{\"@id\":\"https:\\\/\\\/lavalldelord.com\\\/ca\\\/#website\"},\"primaryImageOfPage\":{\"@id\":\"https:\\\/\\\/lavalldelord.com\\\/ca\\\/la-vall-de-lord\\\/entorn\\\/#primaryimage\"},\"image\":{\"@id\":\"https:\\\/\\\/lavalldelord.com\\\/la-vall-de-lord\\\/entorn\\\/#primaryimage\"},\"thumbnailUrl\":\"https:\\\/\\\/lavalldelord.com\\\/wp-content\\\/uploads\\\/2017\\\/03\\\/arbres_bosc.jpg\",\"datePublished\":\"2017-03-15T15:03:18+00:00\",\"dateModified\":\"2025-12-21T09:31:27+00:00\",\"description\":\"La Vall de Lord \u00e9s natura, una combinaci\u00f3 dels elements naturals caracter\u00edstics del Prepirineu: muntanyes, rius, vegetaci\u00f3 i animals\",\"breadcrumb\":{\"@id\":\"https:\\\/\\\/lavalldelord.com\\\/ca\\\/la-vall-de-lord\\\/entorn\\\/#breadcrumb\"},\"inLanguage\":\"ca\",\"potentialAction\":[{\"@type\":\"ReadAction\",\"target\":[[\"https:\\\/\\\/lavalldelord.com\\\/ca\\\/la-vall-de-lord\\\/entorn\\\/\"]]}]},{\"@type\":\"ImageObject\",\"inLanguage\":\"ca\",\"@id\":\"https:\\\/\\\/lavalldelord.com\\\/ca\\\/la-vall-de-lord\\\/entorn\\\/#primaryimage\",\"url\":\"https:\\\/\\\/lavalldelord.com\\\/wp-content\\\/uploads\\\/2017\\\/03\\\/arbres_bosc.jpg\",\"contentUrl\":\"https:\\\/\\\/lavalldelord.com\\\/wp-content\\\/uploads\\\/2017\\\/03\\\/arbres_bosc.jpg\",\"width\":800,\"height\":533},{\"@type\":\"BreadcrumbList\",\"@id\":\"https:\\\/\\\/lavalldelord.com\\\/ca\\\/la-vall-de-lord\\\/entorn\\\/#breadcrumb\",\"itemListElement\":[{\"@type\":\"ListItem\",\"position\":1,\"name\":\"Inici\",\"item\":\"https:\\\/\\\/lavalldelord.com\\\/ca\\\/\"},{\"@type\":\"ListItem\",\"position\":2,\"name\":\"La Vall de Lord\",\"item\":\"https:\\\/\\\/lavalldelord.com\\\/ca\\\/la-vall-de-lord\\\/\"},{\"@type\":\"ListItem\",\"position\":3,\"name\":\"Entorn\"}]},{\"@type\":\"WebSite\",\"@id\":\"https:\\\/\\\/lavalldelord.com\\\/ca\\\/#website\",\"url\":\"https:\\\/\\\/lavalldelord.com\\\/ca\\\/\",\"name\":\"Turisme Vall de Lord\",\"description\":\"Portal tur\u00edstic de la Vall de Lord, naturalment!\",\"publisher\":{\"@id\":\"https:\\\/\\\/lavalldelord.com\\\/ca\\\/#organization\"},\"potentialAction\":[{\"@type\":\"SearchAction\",\"target\":{\"@type\":\"EntryPoint\",\"urlTemplate\":\"https:\\\/\\\/lavalldelord.com\\\/ca\\\/?s={search_term_string}\"},\"query-input\":{\"@type\":\"PropertyValueSpecification\",\"valueRequired\":true,\"valueName\":\"search_term_string\"}}],\"inLanguage\":\"ca\"},{\"@type\":\"Organization\",\"@id\":\"https:\\\/\\\/lavalldelord.com\\\/ca\\\/#organization\",\"name\":\"La Vall de Lord\",\"url\":\"https:\\\/\\\/lavalldelord.com\\\/ca\\\/\",\"logo\":{\"@type\":\"ImageObject\",\"inLanguage\":\"ca\",\"@id\":\"https:\\\/\\\/lavalldelord.com\\\/ca\\\/#\\\/schema\\\/logo\\\/image\\\/\",\"url\":\"https:\\\/\\\/lavalldelord.com\\\/wp-content\\\/uploads\\\/2024\\\/02\\\/DJI_0864_websize.jpg\",\"contentUrl\":\"https:\\\/\\\/lavalldelord.com\\\/wp-content\\\/uploads\\\/2024\\\/02\\\/DJI_0864_websize.jpg\",\"width\":1600,\"height\":899,\"caption\":\"La Vall de Lord\"},\"image\":{\"@id\":\"https:\\\/\\\/lavalldelord.com\\\/ca\\\/#\\\/schema\\\/logo\\\/image\\\/\"},\"sameAs\":[\"https:\\\/\\\/www.facebook.com\\\/turismevalldelord\",\"https:\\\/\\\/x.com\\\/valldelord\",\"https:\\\/\\\/www.instagram.com\\\/turismevalldelord\"]}]}<\/script>\n<!-- \/ Yoast SEO plugin. -->","yoast_head_json":{"title":"Entorn - La Vall de Lord \u00e9s natura","description":"La Vall de Lord \u00e9s natura, una combinaci\u00f3 dels elements naturals caracter\u00edstics del Prepirineu: muntanyes, rius, vegetaci\u00f3 i animals","robots":{"index":"index","follow":"follow","max-snippet":"max-snippet:-1","max-image-preview":"max-image-preview:large","max-video-preview":"max-video-preview:-1"},"canonical":"https:\/\/lavalldelord.com\/ca\/la-vall-de-lord\/entorn\/","og_locale":"ca_ES","og_type":"article","og_title":"Entorn - La Vall de Lord \u00e9s natura","og_description":"La Vall de Lord \u00e9s natura, una combinaci\u00f3 dels elements naturals caracter\u00edstics del Prepirineu: muntanyes, rius, vegetaci\u00f3 i animals","og_url":"https:\/\/lavalldelord.com\/ca\/la-vall-de-lord\/entorn\/","og_site_name":"La Vall de Lord","article_publisher":"https:\/\/www.facebook.com\/turismevalldelord","article_modified_time":"2025-12-21T09:31:27+00:00","og_image":[{"width":800,"height":533,"url":"https:\/\/lavalldelord.com\/wp-content\/uploads\/2017\/03\/arbres_bosc.jpg","type":"image\/jpeg"}],"twitter_card":"summary_large_image","twitter_site":"@valldelord","twitter_misc":{"Temps estimat de lectura":"3 minuts"},"schema":{"@context":"https:\/\/schema.org","@graph":[{"@type":"WebPage","@id":"https:\/\/lavalldelord.com\/ca\/la-vall-de-lord\/entorn\/","url":"https:\/\/lavalldelord.com\/ca\/la-vall-de-lord\/entorn\/","name":"Entorn - La Vall de Lord \u00e9s natura","isPartOf":{"@id":"https:\/\/lavalldelord.com\/ca\/#website"},"primaryImageOfPage":{"@id":"https:\/\/lavalldelord.com\/ca\/la-vall-de-lord\/entorn\/#primaryimage"},"image":{"@id":"https:\/\/lavalldelord.com\/la-vall-de-lord\/entorn\/#primaryimage"},"thumbnailUrl":"https:\/\/lavalldelord.com\/wp-content\/uploads\/2017\/03\/arbres_bosc.jpg","datePublished":"2017-03-15T15:03:18+00:00","dateModified":"2025-12-21T09:31:27+00:00","description":"La Vall de Lord \u00e9s natura, una combinaci\u00f3 dels elements naturals caracter\u00edstics del Prepirineu: muntanyes, rius, vegetaci\u00f3 i animals","breadcrumb":{"@id":"https:\/\/lavalldelord.com\/ca\/la-vall-de-lord\/entorn\/#breadcrumb"},"inLanguage":"ca","potentialAction":[{"@type":"ReadAction","target":[["https:\/\/lavalldelord.com\/ca\/la-vall-de-lord\/entorn\/"]]}]},{"@type":"ImageObject","inLanguage":"ca","@id":"https:\/\/lavalldelord.com\/ca\/la-vall-de-lord\/entorn\/#primaryimage","url":"https:\/\/lavalldelord.com\/wp-content\/uploads\/2017\/03\/arbres_bosc.jpg","contentUrl":"https:\/\/lavalldelord.com\/wp-content\/uploads\/2017\/03\/arbres_bosc.jpg","width":800,"height":533},{"@type":"BreadcrumbList","@id":"https:\/\/lavalldelord.com\/ca\/la-vall-de-lord\/entorn\/#breadcrumb","itemListElement":[{"@type":"ListItem","position":1,"name":"Inici","item":"https:\/\/lavalldelord.com\/ca\/"},{"@type":"ListItem","position":2,"name":"La Vall de Lord","item":"https:\/\/lavalldelord.com\/ca\/la-vall-de-lord\/"},{"@type":"ListItem","position":3,"name":"Entorn"}]},{"@type":"WebSite","@id":"https:\/\/lavalldelord.com\/ca\/#website","url":"https:\/\/lavalldelord.com\/ca\/","name":"Turisme Vall de Lord","description":"Portal tur\u00edstic de la Vall de Lord, naturalment!","publisher":{"@id":"https:\/\/lavalldelord.com\/ca\/#organization"},"potentialAction":[{"@type":"SearchAction","target":{"@type":"EntryPoint","urlTemplate":"https:\/\/lavalldelord.com\/ca\/?s={search_term_string}"},"query-input":{"@type":"PropertyValueSpecification","valueRequired":true,"valueName":"search_term_string"}}],"inLanguage":"ca"},{"@type":"Organization","@id":"https:\/\/lavalldelord.com\/ca\/#organization","name":"La Vall de Lord","url":"https:\/\/lavalldelord.com\/ca\/","logo":{"@type":"ImageObject","inLanguage":"ca","@id":"https:\/\/lavalldelord.com\/ca\/#\/schema\/logo\/image\/","url":"https:\/\/lavalldelord.com\/wp-content\/uploads\/2024\/02\/DJI_0864_websize.jpg","contentUrl":"https:\/\/lavalldelord.com\/wp-content\/uploads\/2024\/02\/DJI_0864_websize.jpg","width":1600,"height":899,"caption":"La Vall de Lord"},"image":{"@id":"https:\/\/lavalldelord.com\/ca\/#\/schema\/logo\/image\/"},"sameAs":["https:\/\/www.facebook.com\/turismevalldelord","https:\/\/x.com\/valldelord","https:\/\/www.instagram.com\/turismevalldelord"]}]}},"_links":{"self":[{"href":"https:\/\/lavalldelord.com\/ca\/wp-json\/wp\/v2\/pages\/3528","targetHints":{"allow":["GET"]}}],"collection":[{"href":"https:\/\/lavalldelord.com\/ca\/wp-json\/wp\/v2\/pages"}],"about":[{"href":"https:\/\/lavalldelord.com\/ca\/wp-json\/wp\/v2\/types\/page"}],"author":[{"embeddable":true,"href":"https:\/\/lavalldelord.com\/ca\/wp-json\/wp\/v2\/users\/3"}],"replies":[{"embeddable":true,"href":"https:\/\/lavalldelord.com\/ca\/wp-json\/wp\/v2\/comments?post=3528"}],"version-history":[{"count":33,"href":"https:\/\/lavalldelord.com\/ca\/wp-json\/wp\/v2\/pages\/3528\/revisions"}],"predecessor-version":[{"id":3916,"href":"https:\/\/lavalldelord.com\/ca\/wp-json\/wp\/v2\/pages\/3528\/revisions\/3916"}],"up":[{"embeddable":true,"href":"https:\/\/lavalldelord.com\/ca\/wp-json\/wp\/v2\/pages\/3496"}],"wp:featuredmedia":[{"embeddable":true,"href":"https:\/\/lavalldelord.com\/ca\/wp-json\/wp\/v2\/media\/3908"}],"wp:attachment":[{"href":"https:\/\/lavalldelord.com\/ca\/wp-json\/wp\/v2\/media?parent=3528"}],"curies":[{"name":"wp","href":"https:\/\/api.w.org\/{rel}","templated":true}]}}