{"id":3530,"date":"2017-03-15T15:04:58","date_gmt":"2017-03-15T15:04:58","guid":{"rendered":"http:\/\/lavalldelord.com.mialias.net\/?page_id=3530"},"modified":"2026-05-04T10:01:49","modified_gmt":"2026-05-04T09:01:49","slug":"oficines-de-turisme","status":"publish","type":"page","link":"https:\/\/lavalldelord.com\/ca\/la-vall-de-lord\/oficines-de-turisme\/","title":{"rendered":"Oficines de turisme"},"content":{"rendered":"<p><\/p>\n<h3>Oficina de Turisme de la Vall de Lord<\/h3>\n<p><img loading=\"lazy\" decoding=\"async\" class=\"wp-image-3633 alignright\" src=\"http:\/\/lavalldelord.com\/wp-content\/uploads\/2017\/03\/oficina_turisme.jpg\" alt=\"\" width=\"297\" height=\"198\" srcset=\"https:\/\/lavalldelord.com\/wp-content\/uploads\/2017\/03\/oficina_turisme.jpg 500w, https:\/\/lavalldelord.com\/wp-content\/uploads\/2017\/03\/oficina_turisme-400x266.jpg 400w\" sizes=\"auto, (max-width: 297px) 100vw, 297px\" \/><\/p>\n<p><strong>Tel\u00e8fon:<\/strong> 973 49 21 81<\/p>\n<p><strong>Correu:\u00a0<\/strong><a href=\"mailto:info@lavalldelord.com\">info@lavalldelord.com<\/a><\/p>\n<p><strong>Instagram:<\/strong> <a href=\"https:\/\/instagram.com\/turismevalldelord\" target=\"_blank\" rel=\"noopener\">@turismevalldelord<\/a><\/p>\n<p style=\"text-align: left;\"><span style=\"text-decoration: underline;\"><strong>Horari<\/strong><\/span><\/p>\n<p style=\"text-align: left;\">Divendres de 9:00 a 14:00 i de 17:00 a 20:00<br \/>\nDissabtes de 9:00 a 14:00 i de 17:00 a 20:00<br \/>\nDiumenges, dilluns i festius de 9:00 a 14:00<\/p>\n<p>Ampliaci\u00f3 d&#8217;horaris en per\u00edodes festius com Nadal, Setmana Santa o agost<\/p>\n<p>L&#8217;horari de tarda durant els mesos d&#8217;horari d&#8217;hivern \u00e9s de 16:00 a 19:00 (de novembre a mar\u00e7)<\/p>\n<p><strong>Tancat<\/strong>:<br \/>\n24 (tarda), 25, 26 i 31 de desembre, 1, 5 (tarda) i 6 de gener<\/p>\n<p>&nbsp;<\/p>\n<hr \/>\n<h3><\/h3>\n<h3 style=\"text-align: left;\">Oficina de Turisme del Solson\u00e8s<\/h3>\n<p><strong>Tel\u00e8fon:<\/strong> 973 48 23 10<\/p>\n<p><strong>Whatsapp<\/strong>: 623 172 497<\/p>\n<p><strong>P\u00e0gina web:<\/strong>\u00a0<a href=\"http:\/\/turismesolsones.com\/\" target=\"_blank\" rel=\"noopener noreferrer\">www.turismesolsones.com<\/a><img loading=\"lazy\" decoding=\"async\" class=\"alignright wp-image-8160\" src=\"https:\/\/lavalldelord.com\/wp-content\/uploads\/2020\/10\/OFICINA-DE-TURISME-I-CENTRE-10-web-400x267-1.jpg\" alt=\"\" width=\"297\" height=\"198\" \/><\/p>\n<p><strong>Correu:<\/strong> <a href=\"mailto:turisme@turismesolsones.com\" target=\"_blank\" rel=\"noopener noreferrer\">turisme@turismesolsones.com<\/a><\/p>\n<p><strong>Instagram<\/strong><strong>:<\/strong> <a href=\"https:\/\/instagram.com\/turismesolsones\" target=\"_blank\" rel=\"noopener\">@turismesolsones<\/a><\/p>\n<p><strong><u>Horari<\/u><\/strong><\/p>\n<p>De dilluns a divendres: de 9 a 14 h<br \/>\nDimecres tancat<br \/>\nDissabte: de 10 a 13 h i de 16 a 19 h<br \/>\nDiumenge i festius: de 10 a 13 h<\/p>\n<p><strong>Tancat<\/strong>:<br \/>\n11 de setembre, 24 (tarda), 25, 26 i 31 de desembre, 1, 5 (tarda) i 6 de gener<\/p>\n<p>&nbsp;<\/p>\n<p>&nbsp;<\/p>\n<hr \/>\n<h3><\/h3>\n<h3 style=\"text-align: left;\">Oficina de Turisme del Miracle<\/h3>\n<p><strong>Tel\u00e8fon:<\/strong> 973 09 09 16<\/p>\n<p><img loading=\"lazy\" decoding=\"async\" class=\"wp-image-8161 alignright\" src=\"https:\/\/lavalldelord.com\/wp-content\/uploads\/2020\/10\/OT-Santuari-del-Miracle-exterior.-Solsones-400x300-1.jpeg\" alt=\"\" width=\"297\" height=\"223\" \/><\/p>\n<p><strong>Whatsapp<\/strong>: 623 176 202<\/p>\n<p><strong>P\u00e0gina web:<\/strong> <a href=\"https:\/\/elmiracle.cat\/que-fer\/\" target=\"_blank\" rel=\"noopener noreferrer\">www.elmiracle.cat <\/a><\/p>\n<p><strong>Correu:<\/strong> <a href=\"mailto:reserves@elmiracle.cat\" target=\"_blank\" rel=\"noreferrer noopener\">reserves@elmiracle.cat<\/a><\/p>\n<p><strong>Instagram:<\/strong> <a href=\"https:\/\/instagram.com\/elmiracle.turisme\">@elmiracle.turisme<\/a><\/p>\n<p><strong><u>Horari<\/u><\/strong><\/p>\n<p>De dilluns a divendres: de 9:30h a 16:30h<br \/>\nDissabtes, diumenges i festius, de 9 h a 17 h.<\/p>\n<p>&nbsp;<\/p>","protected":false},"excerpt":{"rendered":"<p>Oficina de Turisme de la Vall de Lord Tel\u00e8fon: 973 49 21 81 Correu:\u00a0info@lavalldelord.com Instagram: @turismevalldelord Horari Divendres de 9:00 [&hellip;]<\/p>\n","protected":false},"author":3,"featured_media":3633,"parent":3496,"menu_order":94,"comment_status":"closed","ping_status":"closed","template":"","meta":{"_acf_changed":false,"_exactmetrics_skip_tracking":false,"_exactmetrics_sitenote_active":false,"_exactmetrics_sitenote_note":"","_exactmetrics_sitenote_category":0,"_joinchat":[],"footnotes":""},"class_list":["post-3530","page","type-page","status-publish","has-post-thumbnail","hentry"],"acf":[],"yoast_head":"<!-- This site is optimized with the Yoast SEO plugin v27.5 - https:\/\/yoast.com\/product\/yoast-seo-wordpress\/ -->\n<title>Oficines de Turisme de la Vall de Lord i el Solson\u00e8s<\/title>\n<meta name=\"description\" content=\"Informaci\u00f3, horaris, ubicaci\u00f3, i tel\u00e8fon i correu de contacte de les Oficines de Turisme de la Vall de Lord i del Solson\u00e8s\" \/>\n<meta name=\"robots\" content=\"index, follow, max-snippet:-1, max-image-preview:large, max-video-preview:-1\" \/>\n<link rel=\"canonical\" href=\"https:\/\/lavalldelord.com\/ca\/la-vall-de-lord\/oficines-de-turisme\/\" \/>\n<meta property=\"og:locale\" content=\"ca_ES\" \/>\n<meta property=\"og:type\" content=\"article\" \/>\n<meta property=\"og:title\" content=\"Oficines de Turisme de la Vall de Lord i el Solson\u00e8s\" \/>\n<meta property=\"og:description\" content=\"Informaci\u00f3, horaris, ubicaci\u00f3, i tel\u00e8fon i correu de contacte de les Oficines de Turisme de la Vall de Lord i del Solson\u00e8s\" \/>\n<meta property=\"og:url\" content=\"https:\/\/lavalldelord.com\/ca\/la-vall-de-lord\/oficines-de-turisme\/\" \/>\n<meta property=\"og:site_name\" content=\"La Vall de Lord\" \/>\n<meta property=\"article:publisher\" content=\"https:\/\/www.facebook.com\/turismevalldelord\" \/>\n<meta property=\"article:modified_time\" content=\"2026-05-04T09:01:49+00:00\" \/>\n<meta property=\"og:image\" content=\"https:\/\/lavalldelord.com\/wp-content\/uploads\/2017\/03\/oficina_turisme.jpg\" \/>\n\t<meta property=\"og:image:width\" content=\"500\" \/>\n\t<meta property=\"og:image:height\" content=\"333\" \/>\n\t<meta property=\"og:image:type\" content=\"image\/jpeg\" \/>\n<meta name=\"twitter:card\" content=\"summary_large_image\" \/>\n<meta name=\"twitter:site\" content=\"@valldelord\" \/>\n<meta name=\"twitter:label1\" content=\"Temps estimat de lectura\" \/>\n\t<meta name=\"twitter:data1\" content=\"2 minuts\" \/>\n<script type=\"application\/ld+json\" class=\"yoast-schema-graph\">{\"@context\":\"https:\\\/\\\/schema.org\",\"@graph\":[{\"@type\":\"WebPage\",\"@id\":\"https:\\\/\\\/lavalldelord.com\\\/ca\\\/la-vall-de-lord\\\/oficines-de-turisme\\\/\",\"url\":\"https:\\\/\\\/lavalldelord.com\\\/ca\\\/la-vall-de-lord\\\/oficines-de-turisme\\\/\",\"name\":\"Oficines de Turisme de la Vall de Lord i el Solson\u00e8s\",\"isPartOf\":{\"@id\":\"https:\\\/\\\/lavalldelord.com\\\/ca\\\/#website\"},\"primaryImageOfPage\":{\"@id\":\"https:\\\/\\\/lavalldelord.com\\\/ca\\\/la-vall-de-lord\\\/oficines-de-turisme\\\/#primaryimage\"},\"image\":{\"@id\":\"https:\\\/\\\/lavalldelord.com\\\/la-vall-de-lord\\\/oficines-de-turisme\\\/#primaryimage\"},\"thumbnailUrl\":\"https:\\\/\\\/lavalldelord.com\\\/wp-content\\\/uploads\\\/2017\\\/03\\\/oficina_turisme.jpg\",\"datePublished\":\"2017-03-15T15:04:58+00:00\",\"dateModified\":\"2026-05-04T09:01:49+00:00\",\"description\":\"Informaci\u00f3, horaris, ubicaci\u00f3, i tel\u00e8fon i correu de contacte de les Oficines de Turisme de la Vall de Lord i del Solson\u00e8s\",\"breadcrumb\":{\"@id\":\"https:\\\/\\\/lavalldelord.com\\\/ca\\\/la-vall-de-lord\\\/oficines-de-turisme\\\/#breadcrumb\"},\"inLanguage\":\"ca\",\"potentialAction\":[{\"@type\":\"ReadAction\",\"target\":[[\"https:\\\/\\\/lavalldelord.com\\\/ca\\\/la-vall-de-lord\\\/oficines-de-turisme\\\/\"]]}]},{\"@type\":\"ImageObject\",\"inLanguage\":\"ca\",\"@id\":\"https:\\\/\\\/lavalldelord.com\\\/ca\\\/la-vall-de-lord\\\/oficines-de-turisme\\\/#primaryimage\",\"url\":\"https:\\\/\\\/lavalldelord.com\\\/wp-content\\\/uploads\\\/2017\\\/03\\\/oficina_turisme.jpg\",\"contentUrl\":\"https:\\\/\\\/lavalldelord.com\\\/wp-content\\\/uploads\\\/2017\\\/03\\\/oficina_turisme.jpg\",\"width\":500,\"height\":333},{\"@type\":\"BreadcrumbList\",\"@id\":\"https:\\\/\\\/lavalldelord.com\\\/ca\\\/la-vall-de-lord\\\/oficines-de-turisme\\\/#breadcrumb\",\"itemListElement\":[{\"@type\":\"ListItem\",\"position\":1,\"name\":\"Inici\",\"item\":\"https:\\\/\\\/lavalldelord.com\\\/ca\\\/\"},{\"@type\":\"ListItem\",\"position\":2,\"name\":\"La Vall de Lord\",\"item\":\"https:\\\/\\\/lavalldelord.com\\\/ca\\\/la-vall-de-lord\\\/\"},{\"@type\":\"ListItem\",\"position\":3,\"name\":\"Oficines de turisme\"}]},{\"@type\":\"WebSite\",\"@id\":\"https:\\\/\\\/lavalldelord.com\\\/ca\\\/#website\",\"url\":\"https:\\\/\\\/lavalldelord.com\\\/ca\\\/\",\"name\":\"Turisme Vall de Lord\",\"description\":\"Portal tur\u00edstic de la Vall de Lord, naturalment!\",\"publisher\":{\"@id\":\"https:\\\/\\\/lavalldelord.com\\\/ca\\\/#organization\"},\"potentialAction\":[{\"@type\":\"SearchAction\",\"target\":{\"@type\":\"EntryPoint\",\"urlTemplate\":\"https:\\\/\\\/lavalldelord.com\\\/ca\\\/?s={search_term_string}\"},\"query-input\":{\"@type\":\"PropertyValueSpecification\",\"valueRequired\":true,\"valueName\":\"search_term_string\"}}],\"inLanguage\":\"ca\"},{\"@type\":\"Organization\",\"@id\":\"https:\\\/\\\/lavalldelord.com\\\/ca\\\/#organization\",\"name\":\"La Vall de Lord\",\"url\":\"https:\\\/\\\/lavalldelord.com\\\/ca\\\/\",\"logo\":{\"@type\":\"ImageObject\",\"inLanguage\":\"ca\",\"@id\":\"https:\\\/\\\/lavalldelord.com\\\/ca\\\/#\\\/schema\\\/logo\\\/image\\\/\",\"url\":\"https:\\\/\\\/lavalldelord.com\\\/wp-content\\\/uploads\\\/2024\\\/02\\\/DJI_0864_websize.jpg\",\"contentUrl\":\"https:\\\/\\\/lavalldelord.com\\\/wp-content\\\/uploads\\\/2024\\\/02\\\/DJI_0864_websize.jpg\",\"width\":1600,\"height\":899,\"caption\":\"La Vall de Lord\"},\"image\":{\"@id\":\"https:\\\/\\\/lavalldelord.com\\\/ca\\\/#\\\/schema\\\/logo\\\/image\\\/\"},\"sameAs\":[\"https:\\\/\\\/www.facebook.com\\\/turismevalldelord\",\"https:\\\/\\\/x.com\\\/valldelord\",\"https:\\\/\\\/www.instagram.com\\\/turismevalldelord\"]}]}<\/script>\n<!-- \/ Yoast SEO plugin. -->","yoast_head_json":{"title":"Oficines de Turisme de la Vall de Lord i el Solson\u00e8s","description":"Informaci\u00f3, horaris, ubicaci\u00f3, i tel\u00e8fon i correu de contacte de les Oficines de Turisme de la Vall de Lord i del Solson\u00e8s","robots":{"index":"index","follow":"follow","max-snippet":"max-snippet:-1","max-image-preview":"max-image-preview:large","max-video-preview":"max-video-preview:-1"},"canonical":"https:\/\/lavalldelord.com\/ca\/la-vall-de-lord\/oficines-de-turisme\/","og_locale":"ca_ES","og_type":"article","og_title":"Oficines de Turisme de la Vall de Lord i el Solson\u00e8s","og_description":"Informaci\u00f3, horaris, ubicaci\u00f3, i tel\u00e8fon i correu de contacte de les Oficines de Turisme de la Vall de Lord i del Solson\u00e8s","og_url":"https:\/\/lavalldelord.com\/ca\/la-vall-de-lord\/oficines-de-turisme\/","og_site_name":"La Vall de Lord","article_publisher":"https:\/\/www.facebook.com\/turismevalldelord","article_modified_time":"2026-05-04T09:01:49+00:00","og_image":[{"width":500,"height":333,"url":"https:\/\/lavalldelord.com\/wp-content\/uploads\/2017\/03\/oficina_turisme.jpg","type":"image\/jpeg"}],"twitter_card":"summary_large_image","twitter_site":"@valldelord","twitter_misc":{"Temps estimat de lectura":"2 minuts"},"schema":{"@context":"https:\/\/schema.org","@graph":[{"@type":"WebPage","@id":"https:\/\/lavalldelord.com\/ca\/la-vall-de-lord\/oficines-de-turisme\/","url":"https:\/\/lavalldelord.com\/ca\/la-vall-de-lord\/oficines-de-turisme\/","name":"Oficines de Turisme de la Vall de Lord i el Solson\u00e8s","isPartOf":{"@id":"https:\/\/lavalldelord.com\/ca\/#website"},"primaryImageOfPage":{"@id":"https:\/\/lavalldelord.com\/ca\/la-vall-de-lord\/oficines-de-turisme\/#primaryimage"},"image":{"@id":"https:\/\/lavalldelord.com\/la-vall-de-lord\/oficines-de-turisme\/#primaryimage"},"thumbnailUrl":"https:\/\/lavalldelord.com\/wp-content\/uploads\/2017\/03\/oficina_turisme.jpg","datePublished":"2017-03-15T15:04:58+00:00","dateModified":"2026-05-04T09:01:49+00:00","description":"Informaci\u00f3, horaris, ubicaci\u00f3, i tel\u00e8fon i correu de contacte de les Oficines de Turisme de la Vall de Lord i del Solson\u00e8s","breadcrumb":{"@id":"https:\/\/lavalldelord.com\/ca\/la-vall-de-lord\/oficines-de-turisme\/#breadcrumb"},"inLanguage":"ca","potentialAction":[{"@type":"ReadAction","target":[["https:\/\/lavalldelord.com\/ca\/la-vall-de-lord\/oficines-de-turisme\/"]]}]},{"@type":"ImageObject","inLanguage":"ca","@id":"https:\/\/lavalldelord.com\/ca\/la-vall-de-lord\/oficines-de-turisme\/#primaryimage","url":"https:\/\/lavalldelord.com\/wp-content\/uploads\/2017\/03\/oficina_turisme.jpg","contentUrl":"https:\/\/lavalldelord.com\/wp-content\/uploads\/2017\/03\/oficina_turisme.jpg","width":500,"height":333},{"@type":"BreadcrumbList","@id":"https:\/\/lavalldelord.com\/ca\/la-vall-de-lord\/oficines-de-turisme\/#breadcrumb","itemListElement":[{"@type":"ListItem","position":1,"name":"Inici","item":"https:\/\/lavalldelord.com\/ca\/"},{"@type":"ListItem","position":2,"name":"La Vall de Lord","item":"https:\/\/lavalldelord.com\/ca\/la-vall-de-lord\/"},{"@type":"ListItem","position":3,"name":"Oficines de turisme"}]},{"@type":"WebSite","@id":"https:\/\/lavalldelord.com\/ca\/#website","url":"https:\/\/lavalldelord.com\/ca\/","name":"Turisme Vall de Lord","description":"Portal tur\u00edstic de la Vall de Lord, naturalment!","publisher":{"@id":"https:\/\/lavalldelord.com\/ca\/#organization"},"potentialAction":[{"@type":"SearchAction","target":{"@type":"EntryPoint","urlTemplate":"https:\/\/lavalldelord.com\/ca\/?s={search_term_string}"},"query-input":{"@type":"PropertyValueSpecification","valueRequired":true,"valueName":"search_term_string"}}],"inLanguage":"ca"},{"@type":"Organization","@id":"https:\/\/lavalldelord.com\/ca\/#organization","name":"La Vall de Lord","url":"https:\/\/lavalldelord.com\/ca\/","logo":{"@type":"ImageObject","inLanguage":"ca","@id":"https:\/\/lavalldelord.com\/ca\/#\/schema\/logo\/image\/","url":"https:\/\/lavalldelord.com\/wp-content\/uploads\/2024\/02\/DJI_0864_websize.jpg","contentUrl":"https:\/\/lavalldelord.com\/wp-content\/uploads\/2024\/02\/DJI_0864_websize.jpg","width":1600,"height":899,"caption":"La Vall de Lord"},"image":{"@id":"https:\/\/lavalldelord.com\/ca\/#\/schema\/logo\/image\/"},"sameAs":["https:\/\/www.facebook.com\/turismevalldelord","https:\/\/x.com\/valldelord","https:\/\/www.instagram.com\/turismevalldelord"]}]}},"_links":{"self":[{"href":"https:\/\/lavalldelord.com\/ca\/wp-json\/wp\/v2\/pages\/3530","targetHints":{"allow":["GET"]}}],"collection":[{"href":"https:\/\/lavalldelord.com\/ca\/wp-json\/wp\/v2\/pages"}],"about":[{"href":"https:\/\/lavalldelord.com\/ca\/wp-json\/wp\/v2\/types\/page"}],"author":[{"embeddable":true,"href":"https:\/\/lavalldelord.com\/ca\/wp-json\/wp\/v2\/users\/3"}],"replies":[{"embeddable":true,"href":"https:\/\/lavalldelord.com\/ca\/wp-json\/wp\/v2\/comments?post=3530"}],"version-history":[{"count":62,"href":"https:\/\/lavalldelord.com\/ca\/wp-json\/wp\/v2\/pages\/3530\/revisions"}],"predecessor-version":[{"id":13868,"href":"https:\/\/lavalldelord.com\/ca\/wp-json\/wp\/v2\/pages\/3530\/revisions\/13868"}],"up":[{"embeddable":true,"href":"https:\/\/lavalldelord.com\/ca\/wp-json\/wp\/v2\/pages\/3496"}],"wp:featuredmedia":[{"embeddable":true,"href":"https:\/\/lavalldelord.com\/ca\/wp-json\/wp\/v2\/media\/3633"}],"wp:attachment":[{"href":"https:\/\/lavalldelord.com\/ca\/wp-json\/wp\/v2\/media?parent=3530"}],"curies":[{"name":"wp","href":"https:\/\/api.w.org\/{rel}","templated":true}]}}