{"id":3613,"date":"2017-03-20T12:15:59","date_gmt":"2017-03-20T12:15:59","guid":{"rendered":"http:\/\/lavalldelord.com.mialias.net\/?page_id=3613"},"modified":"2026-03-02T10:44:39","modified_gmt":"2026-03-02T09:44:39","slug":"on-menjar","status":"publish","type":"page","link":"https:\/\/lavalldelord.com\/ca\/que-fer\/turisme-familiar\/on-menjar\/","title":{"rendered":"On menjar a la Vall de Lord"},"content":{"rendered":"<p><img loading=\"lazy\" decoding=\"async\" class=\"size-full wp-image-4766 alignnone\" src=\"http:\/\/lavalldelord.com\/wp-content\/uploads\/2016\/09\/banner_web.jpg\" alt=\"\" width=\"1500\" height=\"299\" srcset=\"https:\/\/lavalldelord.com\/wp-content\/uploads\/2016\/09\/banner_web.jpg 1500w, https:\/\/lavalldelord.com\/wp-content\/uploads\/2016\/09\/banner_web-400x80.jpg 400w, https:\/\/lavalldelord.com\/wp-content\/uploads\/2016\/09\/banner_web-600x120.jpg 600w, https:\/\/lavalldelord.com\/wp-content\/uploads\/2016\/09\/banner_web-768x153.jpg 768w, https:\/\/lavalldelord.com\/wp-content\/uploads\/2016\/09\/banner_web-1024x204.jpg 1024w\" sizes=\"auto, (max-width: 1500px) 100vw, 1500px\" \/><\/p>\n<p><strong>Descarrega&#8217;t la guia de tots els restaurants de la Vall de Lord!<\/strong> (<a href=\"https:\/\/lavalldelord.com\/wp-content\/uploads\/2026\/03\/llistat_restaurants_valldelord.pdf\" target=\"_blank\" rel=\"noopener\">Clica aqu\u00ed<\/a>).<\/p>\n<p>En aquesta p\u00e0gina podr\u00e0s trobar els diferents restaurants que es troben a la Vall de Lord i al seu entorn m\u00e9s proper<\/p>\n<p>&nbsp;<\/p>\n<p>&nbsp;<\/p>","protected":false},"excerpt":{"rendered":"<p>Descarrega&#8217;t la guia de tots els restaurants de la Vall de Lord! (Clica aqu\u00ed). En aquesta p\u00e0gina podr\u00e0s trobar els [&hellip;]<\/p>\n","protected":false},"author":3,"featured_media":10705,"parent":3501,"menu_order":149,"comment_status":"closed","ping_status":"closed","template":"page-on-menjar.php","meta":{"_acf_changed":false,"_exactmetrics_skip_tracking":false,"_exactmetrics_sitenote_active":false,"_exactmetrics_sitenote_note":"","_exactmetrics_sitenote_category":0,"_joinchat":[],"footnotes":""},"class_list":["post-3613","page","type-page","status-publish","has-post-thumbnail","hentry"],"acf":[],"yoast_head":"<!-- This site is optimized with the Yoast SEO plugin v27.5 - https:\/\/yoast.com\/product\/yoast-seo-wordpress\/ -->\n<title>On menjar a la Vall de Lord - La Vall de Lord<\/title>\n<meta name=\"robots\" content=\"index, follow, max-snippet:-1, max-image-preview:large, max-video-preview:-1\" \/>\n<link rel=\"canonical\" href=\"https:\/\/lavalldelord.com\/ca\/que-fer\/turisme-familiar\/on-menjar\/\" \/>\n<meta property=\"og:locale\" content=\"ca_ES\" \/>\n<meta property=\"og:type\" content=\"article\" \/>\n<meta property=\"og:title\" content=\"On menjar a la Vall de Lord - La Vall de Lord\" \/>\n<meta property=\"og:description\" content=\"Descarrega&#8217;t la guia de tots els restaurants de la Vall de Lord! (Clica aqu\u00ed). En aquesta p\u00e0gina podr\u00e0s trobar els [&hellip;]\" \/>\n<meta property=\"og:url\" content=\"https:\/\/lavalldelord.com\/ca\/que-fer\/turisme-familiar\/on-menjar\/\" \/>\n<meta property=\"og:site_name\" content=\"La Vall de Lord\" \/>\n<meta property=\"article:publisher\" content=\"https:\/\/www.facebook.com\/turismevalldelord\" \/>\n<meta property=\"article:modified_time\" content=\"2026-03-02T09:44:39+00:00\" \/>\n<meta property=\"og:image\" content=\"https:\/\/lavalldelord.com\/wp-content\/uploads\/2024\/03\/Restaurant-Vilasalo-interior.jpg\" \/>\n\t<meta property=\"og:image:width\" content=\"1600\" \/>\n\t<meta property=\"og:image:height\" content=\"1200\" \/>\n\t<meta property=\"og:image:type\" content=\"image\/jpeg\" \/>\n<meta name=\"twitter:card\" content=\"summary_large_image\" \/>\n<meta name=\"twitter:site\" content=\"@valldelord\" \/>\n<meta name=\"twitter:label1\" content=\"Temps estimat de lectura\" \/>\n\t<meta name=\"twitter:data1\" content=\"1 minut\" \/>\n<script type=\"application\/ld+json\" class=\"yoast-schema-graph\">{\"@context\":\"https:\\\/\\\/schema.org\",\"@graph\":[{\"@type\":\"WebPage\",\"@id\":\"https:\\\/\\\/lavalldelord.com\\\/ca\\\/que-fer\\\/turisme-familiar\\\/on-menjar\\\/\",\"url\":\"https:\\\/\\\/lavalldelord.com\\\/ca\\\/que-fer\\\/turisme-familiar\\\/on-menjar\\\/\",\"name\":\"On menjar a la Vall de Lord - La Vall de Lord\",\"isPartOf\":{\"@id\":\"https:\\\/\\\/lavalldelord.com\\\/ca\\\/#website\"},\"primaryImageOfPage\":{\"@id\":\"https:\\\/\\\/lavalldelord.com\\\/ca\\\/que-fer\\\/turisme-familiar\\\/on-menjar\\\/#primaryimage\"},\"image\":{\"@id\":\"https:\\\/\\\/lavalldelord.com\\\/que-fer\\\/turisme-familiar\\\/on-menjar\\\/#primaryimage\"},\"thumbnailUrl\":\"https:\\\/\\\/lavalldelord.com\\\/wp-content\\\/uploads\\\/2024\\\/03\\\/Restaurant-Vilasalo-interior.jpg\",\"datePublished\":\"2017-03-20T12:15:59+00:00\",\"dateModified\":\"2026-03-02T09:44:39+00:00\",\"breadcrumb\":{\"@id\":\"https:\\\/\\\/lavalldelord.com\\\/ca\\\/que-fer\\\/turisme-familiar\\\/on-menjar\\\/#breadcrumb\"},\"inLanguage\":\"ca\",\"potentialAction\":[{\"@type\":\"ReadAction\",\"target\":[[\"https:\\\/\\\/lavalldelord.com\\\/ca\\\/que-fer\\\/turisme-familiar\\\/on-menjar\\\/\"]]}]},{\"@type\":\"ImageObject\",\"inLanguage\":\"ca\",\"@id\":\"https:\\\/\\\/lavalldelord.com\\\/ca\\\/que-fer\\\/turisme-familiar\\\/on-menjar\\\/#primaryimage\",\"url\":\"https:\\\/\\\/lavalldelord.com\\\/wp-content\\\/uploads\\\/2024\\\/03\\\/Restaurant-Vilasalo-interior.jpg\",\"contentUrl\":\"https:\\\/\\\/lavalldelord.com\\\/wp-content\\\/uploads\\\/2024\\\/03\\\/Restaurant-Vilasalo-interior.jpg\",\"width\":1600,\"height\":1200},{\"@type\":\"BreadcrumbList\",\"@id\":\"https:\\\/\\\/lavalldelord.com\\\/ca\\\/que-fer\\\/turisme-familiar\\\/on-menjar\\\/#breadcrumb\",\"itemListElement\":[{\"@type\":\"ListItem\",\"position\":1,\"name\":\"Inici\",\"item\":\"https:\\\/\\\/lavalldelord.com\\\/ca\\\/\"},{\"@type\":\"ListItem\",\"position\":2,\"name\":\"Quoi faire?\",\"item\":\"https:\\\/\\\/lavalldelord.com\\\/ca\\\/que-fer\\\/\"},{\"@type\":\"ListItem\",\"position\":3,\"name\":\"Turisme familiar\",\"item\":\"https:\\\/\\\/lavalldelord.com\\\/ca\\\/que-fer\\\/turisme-familiar\\\/\"},{\"@type\":\"ListItem\",\"position\":4,\"name\":\"On menjar a la Vall de Lord\"}]},{\"@type\":\"WebSite\",\"@id\":\"https:\\\/\\\/lavalldelord.com\\\/ca\\\/#website\",\"url\":\"https:\\\/\\\/lavalldelord.com\\\/ca\\\/\",\"name\":\"Turisme Vall de Lord\",\"description\":\"Portal tur\u00edstic de la Vall de Lord, naturalment!\",\"publisher\":{\"@id\":\"https:\\\/\\\/lavalldelord.com\\\/ca\\\/#organization\"},\"potentialAction\":[{\"@type\":\"SearchAction\",\"target\":{\"@type\":\"EntryPoint\",\"urlTemplate\":\"https:\\\/\\\/lavalldelord.com\\\/ca\\\/?s={search_term_string}\"},\"query-input\":{\"@type\":\"PropertyValueSpecification\",\"valueRequired\":true,\"valueName\":\"search_term_string\"}}],\"inLanguage\":\"ca\"},{\"@type\":\"Organization\",\"@id\":\"https:\\\/\\\/lavalldelord.com\\\/ca\\\/#organization\",\"name\":\"La Vall de Lord\",\"url\":\"https:\\\/\\\/lavalldelord.com\\\/ca\\\/\",\"logo\":{\"@type\":\"ImageObject\",\"inLanguage\":\"ca\",\"@id\":\"https:\\\/\\\/lavalldelord.com\\\/ca\\\/#\\\/schema\\\/logo\\\/image\\\/\",\"url\":\"https:\\\/\\\/lavalldelord.com\\\/wp-content\\\/uploads\\\/2024\\\/02\\\/DJI_0864_websize.jpg\",\"contentUrl\":\"https:\\\/\\\/lavalldelord.com\\\/wp-content\\\/uploads\\\/2024\\\/02\\\/DJI_0864_websize.jpg\",\"width\":1600,\"height\":899,\"caption\":\"La Vall de Lord\"},\"image\":{\"@id\":\"https:\\\/\\\/lavalldelord.com\\\/ca\\\/#\\\/schema\\\/logo\\\/image\\\/\"},\"sameAs\":[\"https:\\\/\\\/www.facebook.com\\\/turismevalldelord\",\"https:\\\/\\\/x.com\\\/valldelord\",\"https:\\\/\\\/www.instagram.com\\\/turismevalldelord\"]}]}<\/script>\n<!-- \/ Yoast SEO plugin. -->","yoast_head_json":{"title":"On menjar a la Vall de Lord - La Vall de Lord","robots":{"index":"index","follow":"follow","max-snippet":"max-snippet:-1","max-image-preview":"max-image-preview:large","max-video-preview":"max-video-preview:-1"},"canonical":"https:\/\/lavalldelord.com\/ca\/que-fer\/turisme-familiar\/on-menjar\/","og_locale":"ca_ES","og_type":"article","og_title":"On menjar a la Vall de Lord - La Vall de Lord","og_description":"Descarrega&#8217;t la guia de tots els restaurants de la Vall de Lord! (Clica aqu\u00ed). En aquesta p\u00e0gina podr\u00e0s trobar els [&hellip;]","og_url":"https:\/\/lavalldelord.com\/ca\/que-fer\/turisme-familiar\/on-menjar\/","og_site_name":"La Vall de Lord","article_publisher":"https:\/\/www.facebook.com\/turismevalldelord","article_modified_time":"2026-03-02T09:44:39+00:00","og_image":[{"width":1600,"height":1200,"url":"https:\/\/lavalldelord.com\/wp-content\/uploads\/2024\/03\/Restaurant-Vilasalo-interior.jpg","type":"image\/jpeg"}],"twitter_card":"summary_large_image","twitter_site":"@valldelord","twitter_misc":{"Temps estimat de lectura":"1 minut"},"schema":{"@context":"https:\/\/schema.org","@graph":[{"@type":"WebPage","@id":"https:\/\/lavalldelord.com\/ca\/que-fer\/turisme-familiar\/on-menjar\/","url":"https:\/\/lavalldelord.com\/ca\/que-fer\/turisme-familiar\/on-menjar\/","name":"On menjar a la Vall de Lord - La Vall de Lord","isPartOf":{"@id":"https:\/\/lavalldelord.com\/ca\/#website"},"primaryImageOfPage":{"@id":"https:\/\/lavalldelord.com\/ca\/que-fer\/turisme-familiar\/on-menjar\/#primaryimage"},"image":{"@id":"https:\/\/lavalldelord.com\/que-fer\/turisme-familiar\/on-menjar\/#primaryimage"},"thumbnailUrl":"https:\/\/lavalldelord.com\/wp-content\/uploads\/2024\/03\/Restaurant-Vilasalo-interior.jpg","datePublished":"2017-03-20T12:15:59+00:00","dateModified":"2026-03-02T09:44:39+00:00","breadcrumb":{"@id":"https:\/\/lavalldelord.com\/ca\/que-fer\/turisme-familiar\/on-menjar\/#breadcrumb"},"inLanguage":"ca","potentialAction":[{"@type":"ReadAction","target":[["https:\/\/lavalldelord.com\/ca\/que-fer\/turisme-familiar\/on-menjar\/"]]}]},{"@type":"ImageObject","inLanguage":"ca","@id":"https:\/\/lavalldelord.com\/ca\/que-fer\/turisme-familiar\/on-menjar\/#primaryimage","url":"https:\/\/lavalldelord.com\/wp-content\/uploads\/2024\/03\/Restaurant-Vilasalo-interior.jpg","contentUrl":"https:\/\/lavalldelord.com\/wp-content\/uploads\/2024\/03\/Restaurant-Vilasalo-interior.jpg","width":1600,"height":1200},{"@type":"BreadcrumbList","@id":"https:\/\/lavalldelord.com\/ca\/que-fer\/turisme-familiar\/on-menjar\/#breadcrumb","itemListElement":[{"@type":"ListItem","position":1,"name":"Inici","item":"https:\/\/lavalldelord.com\/ca\/"},{"@type":"ListItem","position":2,"name":"Quoi faire?","item":"https:\/\/lavalldelord.com\/ca\/que-fer\/"},{"@type":"ListItem","position":3,"name":"Turisme familiar","item":"https:\/\/lavalldelord.com\/ca\/que-fer\/turisme-familiar\/"},{"@type":"ListItem","position":4,"name":"On menjar a la Vall de Lord"}]},{"@type":"WebSite","@id":"https:\/\/lavalldelord.com\/ca\/#website","url":"https:\/\/lavalldelord.com\/ca\/","name":"Turisme Vall de Lord","description":"Portal tur\u00edstic de la Vall de Lord, naturalment!","publisher":{"@id":"https:\/\/lavalldelord.com\/ca\/#organization"},"potentialAction":[{"@type":"SearchAction","target":{"@type":"EntryPoint","urlTemplate":"https:\/\/lavalldelord.com\/ca\/?s={search_term_string}"},"query-input":{"@type":"PropertyValueSpecification","valueRequired":true,"valueName":"search_term_string"}}],"inLanguage":"ca"},{"@type":"Organization","@id":"https:\/\/lavalldelord.com\/ca\/#organization","name":"La Vall de Lord","url":"https:\/\/lavalldelord.com\/ca\/","logo":{"@type":"ImageObject","inLanguage":"ca","@id":"https:\/\/lavalldelord.com\/ca\/#\/schema\/logo\/image\/","url":"https:\/\/lavalldelord.com\/wp-content\/uploads\/2024\/02\/DJI_0864_websize.jpg","contentUrl":"https:\/\/lavalldelord.com\/wp-content\/uploads\/2024\/02\/DJI_0864_websize.jpg","width":1600,"height":899,"caption":"La Vall de Lord"},"image":{"@id":"https:\/\/lavalldelord.com\/ca\/#\/schema\/logo\/image\/"},"sameAs":["https:\/\/www.facebook.com\/turismevalldelord","https:\/\/x.com\/valldelord","https:\/\/www.instagram.com\/turismevalldelord"]}]}},"_links":{"self":[{"href":"https:\/\/lavalldelord.com\/ca\/wp-json\/wp\/v2\/pages\/3613","targetHints":{"allow":["GET"]}}],"collection":[{"href":"https:\/\/lavalldelord.com\/ca\/wp-json\/wp\/v2\/pages"}],"about":[{"href":"https:\/\/lavalldelord.com\/ca\/wp-json\/wp\/v2\/types\/page"}],"author":[{"embeddable":true,"href":"https:\/\/lavalldelord.com\/ca\/wp-json\/wp\/v2\/users\/3"}],"replies":[{"embeddable":true,"href":"https:\/\/lavalldelord.com\/ca\/wp-json\/wp\/v2\/comments?post=3613"}],"version-history":[{"count":16,"href":"https:\/\/lavalldelord.com\/ca\/wp-json\/wp\/v2\/pages\/3613\/revisions"}],"predecessor-version":[{"id":13547,"href":"https:\/\/lavalldelord.com\/ca\/wp-json\/wp\/v2\/pages\/3613\/revisions\/13547"}],"up":[{"embeddable":true,"href":"https:\/\/lavalldelord.com\/ca\/wp-json\/wp\/v2\/pages\/3501"}],"wp:featuredmedia":[{"embeddable":true,"href":"https:\/\/lavalldelord.com\/ca\/wp-json\/wp\/v2\/media\/10705"}],"wp:attachment":[{"href":"https:\/\/lavalldelord.com\/ca\/wp-json\/wp\/v2\/media?parent=3613"}],"curies":[{"name":"wp","href":"https:\/\/api.w.org\/{rel}","templated":true}]}}