{"id":5830,"date":"2019-03-30T09:49:02","date_gmt":"2019-03-30T09:49:02","guid":{"rendered":"http:\/\/lavalldelord.com\/?page_id=5830"},"modified":"2025-03-01T17:32:46","modified_gmt":"2025-03-01T16:32:46","slug":"solsones-vall-lord","status":"publish","type":"page","link":"https:\/\/lavalldelord.com\/ca\/que-fer\/turisme-actiu\/rutes-senderisme-btt\/centre-btt-solsones-vall-lord\/centre-de-btt-solsones-vall-de-lord\/solsones-vall-lord\/","title":{"rendered":"Centre BTT del Solson\u00e8s &#8211; Vall de Lord"},"content":{"rendered":"<p><img loading=\"lazy\" decoding=\"async\" class=\"aligncenter wp-image-5771 size-full\" src=\"http:\/\/lavalldelord.com\/wp-content\/uploads\/2019\/03\/capcelerapags.jpg\" alt=\"\" width=\"995\" height=\"119\" srcset=\"https:\/\/lavalldelord.com\/wp-content\/uploads\/2019\/03\/capcelerapags.jpg 995w, https:\/\/lavalldelord.com\/wp-content\/uploads\/2019\/03\/capcelerapags-400x48.jpg 400w, https:\/\/lavalldelord.com\/wp-content\/uploads\/2019\/03\/capcelerapags-600x72.jpg 600w, https:\/\/lavalldelord.com\/wp-content\/uploads\/2019\/03\/capcelerapags-768x92.jpg 768w\" sizes=\"auto, (max-width: 995px) 100vw, 995px\" \/><img loading=\"lazy\" decoding=\"async\" class=\"aligncenter wp-image-5735 size-medium\" src=\"http:\/\/lavalldelord.com\/wp-content\/uploads\/2019\/03\/WhatsApp-Image-2019-03-12-at-21.44.55-600x319.jpeg\" alt=\"\" width=\"600\" height=\"319\" srcset=\"https:\/\/lavalldelord.com\/wp-content\/uploads\/2019\/03\/WhatsApp-Image-2019-03-12-at-21.44.55-600x319.jpeg 600w, https:\/\/lavalldelord.com\/wp-content\/uploads\/2019\/03\/WhatsApp-Image-2019-03-12-at-21.44.55-400x213.jpeg 400w, https:\/\/lavalldelord.com\/wp-content\/uploads\/2019\/03\/WhatsApp-Image-2019-03-12-at-21.44.55-768x408.jpeg 768w, https:\/\/lavalldelord.com\/wp-content\/uploads\/2019\/03\/WhatsApp-Image-2019-03-12-at-21.44.55-1024x544.jpeg 1024w, https:\/\/lavalldelord.com\/wp-content\/uploads\/2019\/03\/WhatsApp-Image-2019-03-12-at-21.44.55.jpeg 1600w\" sizes=\"auto, (max-width: 600px) 100vw, 600px\" \/><\/p>\n<p>&nbsp;<\/p>\n<p>&#8211; El <strong>Centre BTT Solson\u00e8s &#8211; Vall de Lord<\/strong> ofereix:<\/p>\n<p><strong>9 rutes<\/strong> que travessen espais naturals com les serres de Port del Comte, Pratformiu, Roques de Lord, juntament amb l\u2019embassament de la Llosa del Cavall.<\/p>\n<p><strong>148 quil\u00f2metres<\/strong> per gaudir de tots els al.licients de la bicicleta de muntanya.<\/p>\n<p><strong>4 nivells de dificultat<\/strong> per satisfer els m\u00e9s exigents i tamb\u00e9 els principiants.<\/p>\n<p><strong>1 punt de sortida<\/strong>, la Pla\u00e7a del Mur de Sant Lloren\u00e7 de Morunys, al costat de l&#8217;Oficina de Turisme de la Vall de Lord, on podreu trobar tota la informaci\u00f3 sobre les rutes.<\/p>\n<p>&nbsp;<\/p>\n<p>&#8211;\u00a0<strong>Consells i normativa<\/strong>:<\/p>\n<ul>\n<li>&#8211; Abans de sortir, reviseu l&#8217;estat de la bicicleta, i informeu-vos de la ruta i del clima previst<\/li>\n<li>&#8211; Deixeu dit el cam\u00ed que fareu<\/li>\n<li>&#8211; Utilitzeu el casc<\/li>\n<li>&#8211; Garantiu la vostra seguretat, penseu en la llic\u00e8ncia ecol\u00f2gica de la FCC<\/li>\n<li>&#8211; Respecteu la prioritat dels vianants<\/li>\n<li>&#8211; Respecteu el medi ambient i l&#8217;entorn natural<\/li>\n<li>&#8211; Seguiu les rutes senyalitzades, no entreu en camins particulars<\/li>\n<li>&#8211; No embruteu el bosc<\/li>\n<\/ul>\n<p>&nbsp;<\/p>\n<p>&#8211; <strong>Informaci\u00f3 disponible online i per descarregar <\/strong>(feu clic a sobre del que us interessi)<strong>:<\/strong><\/p>\n<p><a href=\"https:\/\/lavalldelord.com\/wp-content\/uploads\/2019\/03\/Fullet-Centre-BTT-Vall_de_Lord-web.pdf\" target=\"_blank\" rel=\"noopener\">Mapa de les rutes BTT amb informaci\u00f3 del Centre i de cada ruta<\/a><\/p>\n<p><a href=\"http:\/\/lavalldelord.com\/ca\/que-fer\/turisme-actiu\/rutes-senderisme-btt\/centre-btt-solsones-vall-lord\/rutes-de-btt\/\" target=\"_blank\" rel=\"noopener\">Informaci\u00f3 detallada online de cada una de les rutes BTT, amb acc\u00e9s als tracks GPS i a la fitxa d&#8217;indicacions<\/a><\/p>\n<p><a href=\"https:\/\/youtu.be\/gRB0QkXoz8U\" target=\"_blank\" rel=\"noopener\">V\u00eddeo promocional de les rutes en BTT per la Vall de Lord:<\/a><\/p>\n<p><iframe loading=\"lazy\" src=\"https:\/\/www.youtube.com\/embed\/gRB0QkXoz8U\" width=\"560\" height=\"315\" frameborder=\"0\" allowfullscreen=\"allowfullscreen\"><\/iframe><\/p>","protected":false},"excerpt":{"rendered":"<p>&nbsp; &#8211; El Centre BTT Solson\u00e8s &#8211; Vall de Lord ofereix: 9 rutes que travessen espais naturals com les serres [&hellip;]<\/p>\n","protected":false},"author":3,"featured_media":1483,"parent":10250,"menu_order":160,"comment_status":"closed","ping_status":"closed","template":"","meta":{"_acf_changed":false,"_exactmetrics_skip_tracking":false,"_exactmetrics_sitenote_active":false,"_exactmetrics_sitenote_note":"","_exactmetrics_sitenote_category":0,"_joinchat":[],"footnotes":""},"class_list":["post-5830","page","type-page","status-publish","has-post-thumbnail","hentry"],"acf":[],"yoast_head":"<!-- This site is optimized with the Yoast SEO plugin v27.5 - https:\/\/yoast.com\/product\/yoast-seo-wordpress\/ -->\n<title>Centre BTT del Solson\u00e8s - Vall de Lord - La Vall de Lord<\/title>\n<meta name=\"robots\" content=\"index, follow, max-snippet:-1, max-image-preview:large, max-video-preview:-1\" \/>\n<link rel=\"canonical\" href=\"https:\/\/lavalldelord.com\/ca\/que-fer\/turisme-actiu\/rutes-senderisme-btt\/centre-btt-solsones-vall-lord\/centre-de-btt-solsones-vall-de-lord\/solsones-vall-lord\/\" \/>\n<meta property=\"og:locale\" content=\"ca_ES\" \/>\n<meta property=\"og:type\" content=\"article\" \/>\n<meta property=\"og:title\" content=\"Centre BTT del Solson\u00e8s - Vall de Lord - La Vall de Lord\" \/>\n<meta property=\"og:description\" content=\"&nbsp; &#8211; El Centre BTT Solson\u00e8s &#8211; Vall de Lord ofereix: 9 rutes que travessen espais naturals com les serres [&hellip;]\" \/>\n<meta property=\"og:url\" content=\"https:\/\/lavalldelord.com\/ca\/que-fer\/turisme-actiu\/rutes-senderisme-btt\/centre-btt-solsones-vall-lord\/centre-de-btt-solsones-vall-de-lord\/solsones-vall-lord\/\" \/>\n<meta property=\"og:site_name\" content=\"La Vall de Lord\" \/>\n<meta property=\"article:publisher\" content=\"https:\/\/www.facebook.com\/turismevalldelord\" \/>\n<meta property=\"article:modified_time\" content=\"2025-03-01T16:32:46+00:00\" \/>\n<meta property=\"og:image\" content=\"https:\/\/lavalldelord.com\/wp-content\/uploads\/2016\/09\/212218.jpg\" \/>\n\t<meta property=\"og:image:width\" content=\"1821\" \/>\n\t<meta property=\"og:image:height\" content=\"1215\" \/>\n\t<meta property=\"og:image:type\" content=\"image\/jpeg\" \/>\n<meta name=\"twitter:card\" content=\"summary_large_image\" \/>\n<meta name=\"twitter:site\" content=\"@valldelord\" \/>\n<meta name=\"twitter:label1\" content=\"Temps estimat de lectura\" \/>\n\t<meta name=\"twitter:data1\" content=\"2 minuts\" \/>\n<script type=\"application\/ld+json\" class=\"yoast-schema-graph\">{\"@context\":\"https:\\\/\\\/schema.org\",\"@graph\":[{\"@type\":\"WebPage\",\"@id\":\"https:\\\/\\\/lavalldelord.com\\\/ca\\\/que-fer\\\/turisme-actiu\\\/rutes-senderisme-btt\\\/centre-btt-solsones-vall-lord\\\/centre-de-btt-solsones-vall-de-lord\\\/solsones-vall-lord\\\/\",\"url\":\"https:\\\/\\\/lavalldelord.com\\\/ca\\\/que-fer\\\/turisme-actiu\\\/rutes-senderisme-btt\\\/centre-btt-solsones-vall-lord\\\/centre-de-btt-solsones-vall-de-lord\\\/solsones-vall-lord\\\/\",\"name\":\"Centre BTT del Solson\u00e8s - Vall de Lord - La Vall de Lord\",\"isPartOf\":{\"@id\":\"https:\\\/\\\/lavalldelord.com\\\/ca\\\/#website\"},\"primaryImageOfPage\":{\"@id\":\"https:\\\/\\\/lavalldelord.com\\\/ca\\\/que-fer\\\/turisme-actiu\\\/rutes-senderisme-btt\\\/centre-btt-solsones-vall-lord\\\/centre-de-btt-solsones-vall-de-lord\\\/solsones-vall-lord\\\/#primaryimage\"},\"image\":{\"@id\":\"https:\\\/\\\/lavalldelord.com\\\/que-fer\\\/turisme-actiu\\\/rutes-senderisme-btt\\\/centre-btt-solsones-vall-lord\\\/centre-de-btt-solsones-vall-de-lord\\\/solsones-vall-lord\\\/#primaryimage\"},\"thumbnailUrl\":\"https:\\\/\\\/lavalldelord.com\\\/wp-content\\\/uploads\\\/2016\\\/09\\\/212218.jpg\",\"datePublished\":\"2019-03-30T09:49:02+00:00\",\"dateModified\":\"2025-03-01T16:32:46+00:00\",\"breadcrumb\":{\"@id\":\"https:\\\/\\\/lavalldelord.com\\\/ca\\\/que-fer\\\/turisme-actiu\\\/rutes-senderisme-btt\\\/centre-btt-solsones-vall-lord\\\/centre-de-btt-solsones-vall-de-lord\\\/solsones-vall-lord\\\/#breadcrumb\"},\"inLanguage\":\"ca\",\"potentialAction\":[{\"@type\":\"ReadAction\",\"target\":[[\"https:\\\/\\\/lavalldelord.com\\\/ca\\\/que-fer\\\/turisme-actiu\\\/rutes-senderisme-btt\\\/centre-btt-solsones-vall-lord\\\/centre-de-btt-solsones-vall-de-lord\\\/solsones-vall-lord\\\/\"]]}]},{\"@type\":\"ImageObject\",\"inLanguage\":\"ca\",\"@id\":\"https:\\\/\\\/lavalldelord.com\\\/ca\\\/que-fer\\\/turisme-actiu\\\/rutes-senderisme-btt\\\/centre-btt-solsones-vall-lord\\\/centre-de-btt-solsones-vall-de-lord\\\/solsones-vall-lord\\\/#primaryimage\",\"url\":\"https:\\\/\\\/lavalldelord.com\\\/wp-content\\\/uploads\\\/2016\\\/09\\\/212218.jpg\",\"contentUrl\":\"https:\\\/\\\/lavalldelord.com\\\/wp-content\\\/uploads\\\/2016\\\/09\\\/212218.jpg\",\"width\":1821,\"height\":1215,\"caption\":\"BTT a la Vall de Lord. EL Solson\u008fs.\"},{\"@type\":\"BreadcrumbList\",\"@id\":\"https:\\\/\\\/lavalldelord.com\\\/ca\\\/que-fer\\\/turisme-actiu\\\/rutes-senderisme-btt\\\/centre-btt-solsones-vall-lord\\\/centre-de-btt-solsones-vall-de-lord\\\/solsones-vall-lord\\\/#breadcrumb\",\"itemListElement\":[{\"@type\":\"ListItem\",\"position\":1,\"name\":\"Inici\",\"item\":\"https:\\\/\\\/lavalldelord.com\\\/ca\\\/\"},{\"@type\":\"ListItem\",\"position\":2,\"name\":\"Quoi faire?\",\"item\":\"https:\\\/\\\/lavalldelord.com\\\/ca\\\/que-fer\\\/\"},{\"@type\":\"ListItem\",\"position\":3,\"name\":\"Turisme actiu\",\"item\":\"https:\\\/\\\/lavalldelord.com\\\/ca\\\/que-fer\\\/turisme-actiu\\\/\"},{\"@type\":\"ListItem\",\"position\":4,\"name\":\"Itin\u00e9raires de randonn\u00e9e et VTT\",\"item\":\"https:\\\/\\\/lavalldelord.com\\\/ca\\\/que-fer\\\/turisme-actiu\\\/rutes-senderisme-btt\\\/\"},{\"@type\":\"ListItem\",\"position\":5,\"name\":\"Rutes de BTT\",\"item\":\"https:\\\/\\\/lavalldelord.com\\\/ca\\\/que-fer\\\/turisme-actiu\\\/rutes-senderisme-btt\\\/centre-btt-solsones-vall-lord\\\/\"},{\"@type\":\"ListItem\",\"position\":6,\"name\":\"Centre de BTT &#8211; Solson\u00e8s &#8211; Vall de Lord\",\"item\":\"https:\\\/\\\/lavalldelord.com\\\/ca\\\/que-fer\\\/turisme-actiu\\\/rutes-senderisme-btt\\\/centre-btt-solsones-vall-lord\\\/centre-de-btt-solsones-vall-de-lord\\\/\"},{\"@type\":\"ListItem\",\"position\":7,\"name\":\"Centre BTT del Solson\u00e8s &#8211; Vall de Lord\"}]},{\"@type\":\"WebSite\",\"@id\":\"https:\\\/\\\/lavalldelord.com\\\/ca\\\/#website\",\"url\":\"https:\\\/\\\/lavalldelord.com\\\/ca\\\/\",\"name\":\"Turisme Vall de Lord\",\"description\":\"Portal tur\u00edstic de la Vall de Lord, naturalment!\",\"publisher\":{\"@id\":\"https:\\\/\\\/lavalldelord.com\\\/ca\\\/#organization\"},\"potentialAction\":[{\"@type\":\"SearchAction\",\"target\":{\"@type\":\"EntryPoint\",\"urlTemplate\":\"https:\\\/\\\/lavalldelord.com\\\/ca\\\/?s={search_term_string}\"},\"query-input\":{\"@type\":\"PropertyValueSpecification\",\"valueRequired\":true,\"valueName\":\"search_term_string\"}}],\"inLanguage\":\"ca\"},{\"@type\":\"Organization\",\"@id\":\"https:\\\/\\\/lavalldelord.com\\\/ca\\\/#organization\",\"name\":\"La Vall de Lord\",\"url\":\"https:\\\/\\\/lavalldelord.com\\\/ca\\\/\",\"logo\":{\"@type\":\"ImageObject\",\"inLanguage\":\"ca\",\"@id\":\"https:\\\/\\\/lavalldelord.com\\\/ca\\\/#\\\/schema\\\/logo\\\/image\\\/\",\"url\":\"https:\\\/\\\/lavalldelord.com\\\/wp-content\\\/uploads\\\/2024\\\/02\\\/DJI_0864_websize.jpg\",\"contentUrl\":\"https:\\\/\\\/lavalldelord.com\\\/wp-content\\\/uploads\\\/2024\\\/02\\\/DJI_0864_websize.jpg\",\"width\":1600,\"height\":899,\"caption\":\"La Vall de Lord\"},\"image\":{\"@id\":\"https:\\\/\\\/lavalldelord.com\\\/ca\\\/#\\\/schema\\\/logo\\\/image\\\/\"},\"sameAs\":[\"https:\\\/\\\/www.facebook.com\\\/turismevalldelord\",\"https:\\\/\\\/x.com\\\/valldelord\",\"https:\\\/\\\/www.instagram.com\\\/turismevalldelord\"]}]}<\/script>\n<!-- \/ Yoast SEO plugin. -->","yoast_head_json":{"title":"Centre BTT del Solson\u00e8s - Vall de Lord - La Vall de Lord","robots":{"index":"index","follow":"follow","max-snippet":"max-snippet:-1","max-image-preview":"max-image-preview:large","max-video-preview":"max-video-preview:-1"},"canonical":"https:\/\/lavalldelord.com\/ca\/que-fer\/turisme-actiu\/rutes-senderisme-btt\/centre-btt-solsones-vall-lord\/centre-de-btt-solsones-vall-de-lord\/solsones-vall-lord\/","og_locale":"ca_ES","og_type":"article","og_title":"Centre BTT del Solson\u00e8s - Vall de Lord - La Vall de Lord","og_description":"&nbsp; &#8211; El Centre BTT Solson\u00e8s &#8211; Vall de Lord ofereix: 9 rutes que travessen espais naturals com les serres [&hellip;]","og_url":"https:\/\/lavalldelord.com\/ca\/que-fer\/turisme-actiu\/rutes-senderisme-btt\/centre-btt-solsones-vall-lord\/centre-de-btt-solsones-vall-de-lord\/solsones-vall-lord\/","og_site_name":"La Vall de Lord","article_publisher":"https:\/\/www.facebook.com\/turismevalldelord","article_modified_time":"2025-03-01T16:32:46+00:00","og_image":[{"width":1821,"height":1215,"url":"https:\/\/lavalldelord.com\/wp-content\/uploads\/2016\/09\/212218.jpg","type":"image\/jpeg"}],"twitter_card":"summary_large_image","twitter_site":"@valldelord","twitter_misc":{"Temps estimat de lectura":"2 minuts"},"schema":{"@context":"https:\/\/schema.org","@graph":[{"@type":"WebPage","@id":"https:\/\/lavalldelord.com\/ca\/que-fer\/turisme-actiu\/rutes-senderisme-btt\/centre-btt-solsones-vall-lord\/centre-de-btt-solsones-vall-de-lord\/solsones-vall-lord\/","url":"https:\/\/lavalldelord.com\/ca\/que-fer\/turisme-actiu\/rutes-senderisme-btt\/centre-btt-solsones-vall-lord\/centre-de-btt-solsones-vall-de-lord\/solsones-vall-lord\/","name":"Centre BTT del Solson\u00e8s - Vall de Lord - La Vall de Lord","isPartOf":{"@id":"https:\/\/lavalldelord.com\/ca\/#website"},"primaryImageOfPage":{"@id":"https:\/\/lavalldelord.com\/ca\/que-fer\/turisme-actiu\/rutes-senderisme-btt\/centre-btt-solsones-vall-lord\/centre-de-btt-solsones-vall-de-lord\/solsones-vall-lord\/#primaryimage"},"image":{"@id":"https:\/\/lavalldelord.com\/que-fer\/turisme-actiu\/rutes-senderisme-btt\/centre-btt-solsones-vall-lord\/centre-de-btt-solsones-vall-de-lord\/solsones-vall-lord\/#primaryimage"},"thumbnailUrl":"https:\/\/lavalldelord.com\/wp-content\/uploads\/2016\/09\/212218.jpg","datePublished":"2019-03-30T09:49:02+00:00","dateModified":"2025-03-01T16:32:46+00:00","breadcrumb":{"@id":"https:\/\/lavalldelord.com\/ca\/que-fer\/turisme-actiu\/rutes-senderisme-btt\/centre-btt-solsones-vall-lord\/centre-de-btt-solsones-vall-de-lord\/solsones-vall-lord\/#breadcrumb"},"inLanguage":"ca","potentialAction":[{"@type":"ReadAction","target":[["https:\/\/lavalldelord.com\/ca\/que-fer\/turisme-actiu\/rutes-senderisme-btt\/centre-btt-solsones-vall-lord\/centre-de-btt-solsones-vall-de-lord\/solsones-vall-lord\/"]]}]},{"@type":"ImageObject","inLanguage":"ca","@id":"https:\/\/lavalldelord.com\/ca\/que-fer\/turisme-actiu\/rutes-senderisme-btt\/centre-btt-solsones-vall-lord\/centre-de-btt-solsones-vall-de-lord\/solsones-vall-lord\/#primaryimage","url":"https:\/\/lavalldelord.com\/wp-content\/uploads\/2016\/09\/212218.jpg","contentUrl":"https:\/\/lavalldelord.com\/wp-content\/uploads\/2016\/09\/212218.jpg","width":1821,"height":1215,"caption":"BTT a la Vall de Lord. EL Solson\u008fs."},{"@type":"BreadcrumbList","@id":"https:\/\/lavalldelord.com\/ca\/que-fer\/turisme-actiu\/rutes-senderisme-btt\/centre-btt-solsones-vall-lord\/centre-de-btt-solsones-vall-de-lord\/solsones-vall-lord\/#breadcrumb","itemListElement":[{"@type":"ListItem","position":1,"name":"Inici","item":"https:\/\/lavalldelord.com\/ca\/"},{"@type":"ListItem","position":2,"name":"Quoi faire?","item":"https:\/\/lavalldelord.com\/ca\/que-fer\/"},{"@type":"ListItem","position":3,"name":"Turisme actiu","item":"https:\/\/lavalldelord.com\/ca\/que-fer\/turisme-actiu\/"},{"@type":"ListItem","position":4,"name":"Itin\u00e9raires de randonn\u00e9e et VTT","item":"https:\/\/lavalldelord.com\/ca\/que-fer\/turisme-actiu\/rutes-senderisme-btt\/"},{"@type":"ListItem","position":5,"name":"Rutes de BTT","item":"https:\/\/lavalldelord.com\/ca\/que-fer\/turisme-actiu\/rutes-senderisme-btt\/centre-btt-solsones-vall-lord\/"},{"@type":"ListItem","position":6,"name":"Centre de BTT &#8211; Solson\u00e8s &#8211; Vall de Lord","item":"https:\/\/lavalldelord.com\/ca\/que-fer\/turisme-actiu\/rutes-senderisme-btt\/centre-btt-solsones-vall-lord\/centre-de-btt-solsones-vall-de-lord\/"},{"@type":"ListItem","position":7,"name":"Centre BTT del Solson\u00e8s &#8211; Vall de Lord"}]},{"@type":"WebSite","@id":"https:\/\/lavalldelord.com\/ca\/#website","url":"https:\/\/lavalldelord.com\/ca\/","name":"Turisme Vall de Lord","description":"Portal tur\u00edstic de la Vall de Lord, naturalment!","publisher":{"@id":"https:\/\/lavalldelord.com\/ca\/#organization"},"potentialAction":[{"@type":"SearchAction","target":{"@type":"EntryPoint","urlTemplate":"https:\/\/lavalldelord.com\/ca\/?s={search_term_string}"},"query-input":{"@type":"PropertyValueSpecification","valueRequired":true,"valueName":"search_term_string"}}],"inLanguage":"ca"},{"@type":"Organization","@id":"https:\/\/lavalldelord.com\/ca\/#organization","name":"La Vall de Lord","url":"https:\/\/lavalldelord.com\/ca\/","logo":{"@type":"ImageObject","inLanguage":"ca","@id":"https:\/\/lavalldelord.com\/ca\/#\/schema\/logo\/image\/","url":"https:\/\/lavalldelord.com\/wp-content\/uploads\/2024\/02\/DJI_0864_websize.jpg","contentUrl":"https:\/\/lavalldelord.com\/wp-content\/uploads\/2024\/02\/DJI_0864_websize.jpg","width":1600,"height":899,"caption":"La Vall de Lord"},"image":{"@id":"https:\/\/lavalldelord.com\/ca\/#\/schema\/logo\/image\/"},"sameAs":["https:\/\/www.facebook.com\/turismevalldelord","https:\/\/x.com\/valldelord","https:\/\/www.instagram.com\/turismevalldelord"]}]}},"_links":{"self":[{"href":"https:\/\/lavalldelord.com\/ca\/wp-json\/wp\/v2\/pages\/5830","targetHints":{"allow":["GET"]}}],"collection":[{"href":"https:\/\/lavalldelord.com\/ca\/wp-json\/wp\/v2\/pages"}],"about":[{"href":"https:\/\/lavalldelord.com\/ca\/wp-json\/wp\/v2\/types\/page"}],"author":[{"embeddable":true,"href":"https:\/\/lavalldelord.com\/ca\/wp-json\/wp\/v2\/users\/3"}],"replies":[{"embeddable":true,"href":"https:\/\/lavalldelord.com\/ca\/wp-json\/wp\/v2\/comments?post=5830"}],"version-history":[{"count":13,"href":"https:\/\/lavalldelord.com\/ca\/wp-json\/wp\/v2\/pages\/5830\/revisions"}],"predecessor-version":[{"id":12328,"href":"https:\/\/lavalldelord.com\/ca\/wp-json\/wp\/v2\/pages\/5830\/revisions\/12328"}],"up":[{"embeddable":true,"href":"https:\/\/lavalldelord.com\/ca\/wp-json\/wp\/v2\/pages\/10250"}],"wp:featuredmedia":[{"embeddable":true,"href":"https:\/\/lavalldelord.com\/ca\/wp-json\/wp\/v2\/media\/1483"}],"wp:attachment":[{"href":"https:\/\/lavalldelord.com\/ca\/wp-json\/wp\/v2\/media?parent=5830"}],"curies":[{"name":"wp","href":"https:\/\/api.w.org\/{rel}","templated":true}]}}