{"id":6442,"date":"2020-02-01T17:50:30","date_gmt":"2020-02-01T17:50:30","guid":{"rendered":"https:\/\/lavalldelord.com\/?page_id=6442"},"modified":"2024-04-27T08:47:14","modified_gmt":"2024-04-27T07:47:14","slug":"esports-dhivern","status":"publish","type":"page","link":"https:\/\/lavalldelord.com\/ca\/esports-dhivern\/","title":{"rendered":"Esports d&#8217;hivern"},"content":{"rendered":"<p><img loading=\"lazy\" decoding=\"async\" class=\"alignnone wp-image-6446\" src=\"https:\/\/lavalldelord.com\/wp-content\/uploads\/2020\/02\/de432c87ad454a3cf38566eb140a46d7039a9d7b.jpg\" alt=\"\" width=\"250\" height=\"100\" \/><\/p>\n<h4><strong>ESTACI\u00d3 D&#8217;ESQU\u00cd DE PORT DEL COMTE<\/strong><\/h4>\n<p>Estaci\u00f3 d&#8217;esqu\u00ed del municipi de La Coma i La Pedra.<\/p>\n<p>Esqu\u00ed alp\u00ed, raquetes de neu, tubbies, trineus i kids park.<\/p>\n<p><strong>Tota la informaci\u00f3<\/strong>: <a href=\"http:\/\/www.portdelcomte.net\" target=\"_blank\" rel=\"noopener\">www.portdelcomte.net<\/a><br \/>\nTel\u00e8fon de contacte:\u00a0973 49 23 01<br \/>\n<span id=\"cloak16a3f38f73a0a34d4eca6c3ba5aeea40\"><\/span><\/p>\n<p><strong>Xarxes socials<\/strong>:\u00a0 \u00a0<a href=\"http:\/\/facebook.com\/portdelcomte\" target=\"_blank\" rel=\"noopener\">Facebook<\/a>\u00a0 \u00a0<a href=\"http:\/\/twitter.com\/portdelcomte\" target=\"_blank\" rel=\"noopener\">Twitter<\/a>\u00a0 \u00a0<a href=\"http:\/\/instagram.com\/portdelcomte\" target=\"_blank\" rel=\"noopener\">Instagram<\/a><\/p>\n<p><strong>Ubicaci\u00f3<\/strong>:<\/p>\n<p><iframe loading=\"lazy\" style=\"border: 0;\" src=\"https:\/\/www.google.com\/maps\/embed?pb=!1m14!1m8!1m3!1d5913.902998934647!2d1.562616!3d42.172719!3m2!1i1024!2i768!4f13.1!3m3!1m2!1s0x0%3A0x238f9f90a81b0ad7!2sEstaci%C3%B3%20d'esqu%C3%AD%20Port%20del%20Comte!5e0!3m2!1ses!2suk!4v1580578709753!5m2!1ses!2suk\" width=\"500\" height=\"300\" frameborder=\"0\" allowfullscreen=\"allowfullscreen\"><\/iframe><\/p>\n<p><a href=\"https:\/\/portdelcomte.net\/pistes\" target=\"_blank\" rel=\"noopener\"><strong>Feu clic aqu\u00ed per consultar l&#8217;estat i el mapa de pistes<\/strong><\/a><\/p>\n<p>&nbsp;<\/p>\n<p><img loading=\"lazy\" decoding=\"async\" class=\"alignnone size-full wp-image-6443\" src=\"https:\/\/lavalldelord.com\/wp-content\/uploads\/2020\/02\/tit.2013-5.png\" alt=\"\" width=\"706\" height=\"132\" srcset=\"https:\/\/lavalldelord.com\/wp-content\/uploads\/2020\/02\/tit.2013-5.png 706w, https:\/\/lavalldelord.com\/wp-content\/uploads\/2020\/02\/tit.2013-5-400x75.png 400w, https:\/\/lavalldelord.com\/wp-content\/uploads\/2020\/02\/tit.2013-5-600x112.png 600w\" sizes=\"auto, (max-width: 706px) 100vw, 706px\" \/><\/p>\n<h4><strong>ESTACI\u00d3 D&#8217;ESQU\u00cd DE TUIXENT &#8211; LA VANSA<\/strong><\/h4>\n<p>Estaci\u00f3 d&#8217;esqu\u00ed dels\u00a0municipis de La Vansa i F\u00f3rnols i de Josa i Tuixent.<\/p>\n<p>Esqu\u00ed n\u00f2rdic i raquetes de neu.<\/p>\n<p><strong>Tota la informaci\u00f3<\/strong>: <a href=\"http:\/\/www.tuixent-lavansa.com\" target=\"_blank\" rel=\"noopener\">www.tuixent-lavansa.com<\/a><br \/>\nTel\u00e8fon de contacte:<strong>\u00a0<\/strong>973 05 80 18<\/p>\n<p><strong>Xarxes socials<\/strong>:\u00a0 \u00a0<a href=\"http:\/\/facebook.com\/tuixent.lavansa\" target=\"_blank\" rel=\"noopener\">Facebook<\/a>\u00a0 \u00a0<a href=\"http:\/\/twitter.com\/TuixentLaVansa\" target=\"_blank\" rel=\"noopener\">Twitter<\/a>\u00a0 \u00a0<a href=\"http:\/\/instagram.com\/tuixentlavansa\" target=\"_blank\" rel=\"noopener\">Instagram<\/a><\/p>\n<p><strong>Ubicaci\u00f3<\/strong>:<\/p>\n<p><iframe loading=\"lazy\" style=\"border: 0;\" src=\"https:\/\/www.google.com\/maps\/embed?pb=!1m14!1m8!1m3!1d11820.392402083802!2d1.5197867677349184!3d42.212347916333236!3m2!1i1024!2i768!4f13.1!3m3!1m2!1s0x0%3A0xba8c9873a63a7739!2sEstaci%C3%B3%20d'Esqu%C3%AD%20Tuixent%20-%20La%20Vansa!5e0!3m2!1ses!2suk!4v1580579251883!5m2!1ses!2suk\" width=\"500\" height=\"300\" frameborder=\"0\" allowfullscreen=\"allowfullscreen\"><\/iframe><\/p>","protected":false},"excerpt":{"rendered":"<p>ESTACI\u00d3 D&#8217;ESQU\u00cd DE PORT DEL COMTE Estaci\u00f3 d&#8217;esqu\u00ed del municipi de La Coma i La Pedra. Esqu\u00ed alp\u00ed, raquetes de [&hellip;]<\/p>\n","protected":false},"author":3,"featured_media":11234,"parent":0,"menu_order":78,"comment_status":"closed","ping_status":"closed","template":"","meta":{"_acf_changed":false,"_exactmetrics_skip_tracking":false,"_exactmetrics_sitenote_active":false,"_exactmetrics_sitenote_note":"","_exactmetrics_sitenote_category":0,"_joinchat":[],"footnotes":""},"class_list":["post-6442","page","type-page","status-publish","has-post-thumbnail","hentry"],"acf":[],"yoast_head":"<!-- This site is optimized with the Yoast SEO plugin v27.5 - https:\/\/yoast.com\/product\/yoast-seo-wordpress\/ -->\n<title>Esports d&#039;hivern a la Vall de Lord<\/title>\n<meta name=\"robots\" content=\"index, follow, max-snippet:-1, max-image-preview:large, max-video-preview:-1\" \/>\n<link rel=\"canonical\" href=\"https:\/\/lavalldelord.com\/ca\/esports-dhivern\/\" \/>\n<meta property=\"og:locale\" content=\"ca_ES\" \/>\n<meta property=\"og:type\" content=\"article\" \/>\n<meta property=\"og:title\" content=\"Esports d&#039;hivern a la Vall de Lord\" \/>\n<meta property=\"og:description\" content=\"ESTACI\u00d3 D&#8217;ESQU\u00cd DE PORT DEL COMTE Estaci\u00f3 d&#8217;esqu\u00ed del municipi de La Coma i La Pedra. Esqu\u00ed alp\u00ed, raquetes de [&hellip;]\" \/>\n<meta property=\"og:url\" content=\"https:\/\/lavalldelord.com\/ca\/esports-dhivern\/\" \/>\n<meta property=\"og:site_name\" content=\"La Vall de Lord\" \/>\n<meta property=\"article:publisher\" content=\"https:\/\/www.facebook.com\/turismevalldelord\" \/>\n<meta property=\"article:modified_time\" content=\"2024-04-27T07:47:14+00:00\" \/>\n<meta property=\"og:image\" content=\"https:\/\/lavalldelord.com\/wp-content\/uploads\/2024\/04\/DSC01241_websize.jpg\" \/>\n\t<meta property=\"og:image:width\" content=\"1600\" \/>\n\t<meta property=\"og:image:height\" content=\"1069\" \/>\n\t<meta property=\"og:image:type\" content=\"image\/jpeg\" \/>\n<meta name=\"twitter:card\" content=\"summary_large_image\" \/>\n<meta name=\"twitter:site\" content=\"@valldelord\" \/>\n<meta name=\"twitter:label1\" content=\"Temps estimat de lectura\" \/>\n\t<meta name=\"twitter:data1\" content=\"2 minuts\" \/>\n<script type=\"application\/ld+json\" class=\"yoast-schema-graph\">{\"@context\":\"https:\\\/\\\/schema.org\",\"@graph\":[{\"@type\":\"WebPage\",\"@id\":\"https:\\\/\\\/lavalldelord.com\\\/ca\\\/esports-dhivern\\\/\",\"url\":\"https:\\\/\\\/lavalldelord.com\\\/ca\\\/esports-dhivern\\\/\",\"name\":\"Esports d'hivern a la Vall de Lord\",\"isPartOf\":{\"@id\":\"https:\\\/\\\/lavalldelord.com\\\/ca\\\/#website\"},\"primaryImageOfPage\":{\"@id\":\"https:\\\/\\\/lavalldelord.com\\\/ca\\\/esports-dhivern\\\/#primaryimage\"},\"image\":{\"@id\":\"https:\\\/\\\/lavalldelord.com\\\/esports-dhivern\\\/#primaryimage\"},\"thumbnailUrl\":\"https:\\\/\\\/lavalldelord.com\\\/wp-content\\\/uploads\\\/2024\\\/04\\\/DSC01241_websize.jpg\",\"datePublished\":\"2020-02-01T17:50:30+00:00\",\"dateModified\":\"2024-04-27T07:47:14+00:00\",\"breadcrumb\":{\"@id\":\"https:\\\/\\\/lavalldelord.com\\\/ca\\\/esports-dhivern\\\/#breadcrumb\"},\"inLanguage\":\"ca\",\"potentialAction\":[{\"@type\":\"ReadAction\",\"target\":[[\"https:\\\/\\\/lavalldelord.com\\\/ca\\\/esports-dhivern\\\/\"]]}]},{\"@type\":\"ImageObject\",\"inLanguage\":\"ca\",\"@id\":\"https:\\\/\\\/lavalldelord.com\\\/ca\\\/esports-dhivern\\\/#primaryimage\",\"url\":\"https:\\\/\\\/lavalldelord.com\\\/wp-content\\\/uploads\\\/2024\\\/04\\\/DSC01241_websize.jpg\",\"contentUrl\":\"https:\\\/\\\/lavalldelord.com\\\/wp-content\\\/uploads\\\/2024\\\/04\\\/DSC01241_websize.jpg\",\"width\":1600,\"height\":1069},{\"@type\":\"BreadcrumbList\",\"@id\":\"https:\\\/\\\/lavalldelord.com\\\/ca\\\/esports-dhivern\\\/#breadcrumb\",\"itemListElement\":[{\"@type\":\"ListItem\",\"position\":1,\"name\":\"Inici\",\"item\":\"https:\\\/\\\/lavalldelord.com\\\/ca\\\/\"},{\"@type\":\"ListItem\",\"position\":2,\"name\":\"Esports d&#8217;hivern\"}]},{\"@type\":\"WebSite\",\"@id\":\"https:\\\/\\\/lavalldelord.com\\\/ca\\\/#website\",\"url\":\"https:\\\/\\\/lavalldelord.com\\\/ca\\\/\",\"name\":\"Turisme Vall de Lord\",\"description\":\"Portal tur\u00edstic de la Vall de Lord, naturalment!\",\"publisher\":{\"@id\":\"https:\\\/\\\/lavalldelord.com\\\/ca\\\/#organization\"},\"potentialAction\":[{\"@type\":\"SearchAction\",\"target\":{\"@type\":\"EntryPoint\",\"urlTemplate\":\"https:\\\/\\\/lavalldelord.com\\\/ca\\\/?s={search_term_string}\"},\"query-input\":{\"@type\":\"PropertyValueSpecification\",\"valueRequired\":true,\"valueName\":\"search_term_string\"}}],\"inLanguage\":\"ca\"},{\"@type\":\"Organization\",\"@id\":\"https:\\\/\\\/lavalldelord.com\\\/ca\\\/#organization\",\"name\":\"La Vall de Lord\",\"url\":\"https:\\\/\\\/lavalldelord.com\\\/ca\\\/\",\"logo\":{\"@type\":\"ImageObject\",\"inLanguage\":\"ca\",\"@id\":\"https:\\\/\\\/lavalldelord.com\\\/ca\\\/#\\\/schema\\\/logo\\\/image\\\/\",\"url\":\"https:\\\/\\\/lavalldelord.com\\\/wp-content\\\/uploads\\\/2024\\\/02\\\/DJI_0864_websize.jpg\",\"contentUrl\":\"https:\\\/\\\/lavalldelord.com\\\/wp-content\\\/uploads\\\/2024\\\/02\\\/DJI_0864_websize.jpg\",\"width\":1600,\"height\":899,\"caption\":\"La Vall de Lord\"},\"image\":{\"@id\":\"https:\\\/\\\/lavalldelord.com\\\/ca\\\/#\\\/schema\\\/logo\\\/image\\\/\"},\"sameAs\":[\"https:\\\/\\\/www.facebook.com\\\/turismevalldelord\",\"https:\\\/\\\/x.com\\\/valldelord\",\"https:\\\/\\\/www.instagram.com\\\/turismevalldelord\"]}]}<\/script>\n<!-- \/ Yoast SEO plugin. -->","yoast_head_json":{"title":"Esports d'hivern a la Vall de Lord","robots":{"index":"index","follow":"follow","max-snippet":"max-snippet:-1","max-image-preview":"max-image-preview:large","max-video-preview":"max-video-preview:-1"},"canonical":"https:\/\/lavalldelord.com\/ca\/esports-dhivern\/","og_locale":"ca_ES","og_type":"article","og_title":"Esports d'hivern a la Vall de Lord","og_description":"ESTACI\u00d3 D&#8217;ESQU\u00cd DE PORT DEL COMTE Estaci\u00f3 d&#8217;esqu\u00ed del municipi de La Coma i La Pedra. Esqu\u00ed alp\u00ed, raquetes de [&hellip;]","og_url":"https:\/\/lavalldelord.com\/ca\/esports-dhivern\/","og_site_name":"La Vall de Lord","article_publisher":"https:\/\/www.facebook.com\/turismevalldelord","article_modified_time":"2024-04-27T07:47:14+00:00","og_image":[{"width":1600,"height":1069,"url":"https:\/\/lavalldelord.com\/wp-content\/uploads\/2024\/04\/DSC01241_websize.jpg","type":"image\/jpeg"}],"twitter_card":"summary_large_image","twitter_site":"@valldelord","twitter_misc":{"Temps estimat de lectura":"2 minuts"},"schema":{"@context":"https:\/\/schema.org","@graph":[{"@type":"WebPage","@id":"https:\/\/lavalldelord.com\/ca\/esports-dhivern\/","url":"https:\/\/lavalldelord.com\/ca\/esports-dhivern\/","name":"Esports d'hivern a la Vall de Lord","isPartOf":{"@id":"https:\/\/lavalldelord.com\/ca\/#website"},"primaryImageOfPage":{"@id":"https:\/\/lavalldelord.com\/ca\/esports-dhivern\/#primaryimage"},"image":{"@id":"https:\/\/lavalldelord.com\/esports-dhivern\/#primaryimage"},"thumbnailUrl":"https:\/\/lavalldelord.com\/wp-content\/uploads\/2024\/04\/DSC01241_websize.jpg","datePublished":"2020-02-01T17:50:30+00:00","dateModified":"2024-04-27T07:47:14+00:00","breadcrumb":{"@id":"https:\/\/lavalldelord.com\/ca\/esports-dhivern\/#breadcrumb"},"inLanguage":"ca","potentialAction":[{"@type":"ReadAction","target":[["https:\/\/lavalldelord.com\/ca\/esports-dhivern\/"]]}]},{"@type":"ImageObject","inLanguage":"ca","@id":"https:\/\/lavalldelord.com\/ca\/esports-dhivern\/#primaryimage","url":"https:\/\/lavalldelord.com\/wp-content\/uploads\/2024\/04\/DSC01241_websize.jpg","contentUrl":"https:\/\/lavalldelord.com\/wp-content\/uploads\/2024\/04\/DSC01241_websize.jpg","width":1600,"height":1069},{"@type":"BreadcrumbList","@id":"https:\/\/lavalldelord.com\/ca\/esports-dhivern\/#breadcrumb","itemListElement":[{"@type":"ListItem","position":1,"name":"Inici","item":"https:\/\/lavalldelord.com\/ca\/"},{"@type":"ListItem","position":2,"name":"Esports d&#8217;hivern"}]},{"@type":"WebSite","@id":"https:\/\/lavalldelord.com\/ca\/#website","url":"https:\/\/lavalldelord.com\/ca\/","name":"Turisme Vall de Lord","description":"Portal tur\u00edstic de la Vall de Lord, naturalment!","publisher":{"@id":"https:\/\/lavalldelord.com\/ca\/#organization"},"potentialAction":[{"@type":"SearchAction","target":{"@type":"EntryPoint","urlTemplate":"https:\/\/lavalldelord.com\/ca\/?s={search_term_string}"},"query-input":{"@type":"PropertyValueSpecification","valueRequired":true,"valueName":"search_term_string"}}],"inLanguage":"ca"},{"@type":"Organization","@id":"https:\/\/lavalldelord.com\/ca\/#organization","name":"La Vall de Lord","url":"https:\/\/lavalldelord.com\/ca\/","logo":{"@type":"ImageObject","inLanguage":"ca","@id":"https:\/\/lavalldelord.com\/ca\/#\/schema\/logo\/image\/","url":"https:\/\/lavalldelord.com\/wp-content\/uploads\/2024\/02\/DJI_0864_websize.jpg","contentUrl":"https:\/\/lavalldelord.com\/wp-content\/uploads\/2024\/02\/DJI_0864_websize.jpg","width":1600,"height":899,"caption":"La Vall de Lord"},"image":{"@id":"https:\/\/lavalldelord.com\/ca\/#\/schema\/logo\/image\/"},"sameAs":["https:\/\/www.facebook.com\/turismevalldelord","https:\/\/x.com\/valldelord","https:\/\/www.instagram.com\/turismevalldelord"]}]}},"_links":{"self":[{"href":"https:\/\/lavalldelord.com\/ca\/wp-json\/wp\/v2\/pages\/6442","targetHints":{"allow":["GET"]}}],"collection":[{"href":"https:\/\/lavalldelord.com\/ca\/wp-json\/wp\/v2\/pages"}],"about":[{"href":"https:\/\/lavalldelord.com\/ca\/wp-json\/wp\/v2\/types\/page"}],"author":[{"embeddable":true,"href":"https:\/\/lavalldelord.com\/ca\/wp-json\/wp\/v2\/users\/3"}],"replies":[{"embeddable":true,"href":"https:\/\/lavalldelord.com\/ca\/wp-json\/wp\/v2\/comments?post=6442"}],"version-history":[{"count":15,"href":"https:\/\/lavalldelord.com\/ca\/wp-json\/wp\/v2\/pages\/6442\/revisions"}],"predecessor-version":[{"id":11235,"href":"https:\/\/lavalldelord.com\/ca\/wp-json\/wp\/v2\/pages\/6442\/revisions\/11235"}],"wp:featuredmedia":[{"embeddable":true,"href":"https:\/\/lavalldelord.com\/ca\/wp-json\/wp\/v2\/media\/11234"}],"wp:attachment":[{"href":"https:\/\/lavalldelord.com\/ca\/wp-json\/wp\/v2\/media?parent=6442"}],"curies":[{"name":"wp","href":"https:\/\/api.w.org\/{rel}","templated":true}]}}