{"id":7482,"date":"2020-06-29T16:40:47","date_gmt":"2020-06-29T16:40:47","guid":{"rendered":"https:\/\/lavalldelord.com\/?page_id=7482"},"modified":"2025-08-14T12:13:46","modified_gmt":"2025-08-14T11:13:46","slug":"normativa-de-larea","status":"publish","type":"page","link":"https:\/\/lavalldelord.com\/ca\/organitza\/area-dautocaravanes\/area-de-sant-llorenc-de-morunys\/normativa-de-larea\/","title":{"rendered":"Normativa de l&#8217;\u00e0rea"},"content":{"rendered":"<p><strong>Normativa d&#8217;\u00fas i recomanacions<\/strong>:<\/p>\n<p>&#8211;\u00a0L\u2019\u00e0rea \u00e9s d\u2019<span style=\"color: #ff0000;\"><strong>\u00fas exclusiu per autocaravanes<\/strong><\/span>. Est\u00e0 prohibit l\u2019aparcament cap altre tipus de vehicle que no estigui adaptat com a habitatge temporal llevat que tinguin una autoritzaci\u00f3 expressa o siguin vehicles homologats.<\/p>\n<p>&#8211; Est\u00e0 totalment <strong><span style=\"color: #ff0000;\">prohibit treure taules, cadires, toldos, barbacoes<\/span><\/strong> entre altre mobiliari a fora.<\/p>\n<p>&#8211;\u00a0Si no utilitzeu els punts de llum, ocupeu les places que no en tinguin; d\u2019aquesta manera, aquells usuaris que volen connectar-se a la corrent tindran espai.<\/p>\n<p>&#8211; Al costat de l\u2019Oficina de Turisme hi ha el punt d\u2019emerg\u00e8ncia per les deixalles. Reciclem! <strong>(<a href=\"https:\/\/lavalldelord.com\/ca\/organitza\/area-dautocaravanes\/escombraries-i-residus\/\" target=\"_blank\" rel=\"noopener noreferrer\">Veure apartat funcionament residus<\/a>)<\/strong><\/p>\n<p>&#8211; Si feu \u00fas dels <strong>serveis, deixeu-los en condicions,<\/strong> tanqueu les aixetes, les llums, etc.<\/p>\n<p>&#8211;\u00a0Per tal de poder mantenir aquesta \u00e0rea i els serveis que ofereix, el seu \u00fas t\u00e9 un <strong>cost de 6 \u20ac\/dia<\/strong>. Podeu fer el pagament a trav\u00e9s de la plataforma virtual\u00a0<strong><a href=\"https:\/\/lavalldelord.com\/gestionsValldeLord\">https:\/\/lavalldelord.com\/gestionsValldeLord<\/a><\/strong><\/p>\n<p style=\"text-align: center;\"><a href=\"https:\/\/lavalldelord.com\/wp-content\/uploads\/2022\/11\/normativa_area_autocaravanes_sant_llorenc_2022-2.pdf\" target=\"_blank\" rel=\"noopener noreferrer\">Descarrega&#8217;t la normativa d&#8217;\u00fas de l&#8217;\u00e0rea d&#8217;autocaravanes de Sant Lloren\u00e7 de Morunys<\/a><\/p>\n<p>&nbsp;<\/p>\n<p>&nbsp;<\/p>","protected":false},"excerpt":{"rendered":"<p>Normativa d&#8217;\u00fas i recomanacions: &#8211;\u00a0L\u2019\u00e0rea \u00e9s d\u2019\u00fas exclusiu per autocaravanes. Est\u00e0 prohibit l\u2019aparcament cap altre tipus de vehicle que no [&hellip;]<\/p>\n","protected":false},"author":3,"featured_media":7497,"parent":7792,"menu_order":111,"comment_status":"closed","ping_status":"closed","template":"full-width.php","meta":{"_acf_changed":false,"_exactmetrics_skip_tracking":false,"_exactmetrics_sitenote_active":false,"_exactmetrics_sitenote_note":"","_exactmetrics_sitenote_category":0,"_joinchat":[],"footnotes":""},"class_list":["post-7482","page","type-page","status-publish","has-post-thumbnail","hentry"],"acf":[],"yoast_head":"<!-- This site is optimized with the Yoast SEO plugin v27.5 - https:\/\/yoast.com\/product\/yoast-seo-wordpress\/ -->\n<title>Normativa de l&#039;\u00e0rea - La Vall de Lord<\/title>\n<meta name=\"description\" content=\"Normativa d&#039;\u00fas i recomanacions de l&#039;\u00e0rea d&#039;autocaravanes de Sant Lloren\u00e7 de Morunys, una \u00e0rea de pernoctaci\u00f3 i c\u00e0rrega\" \/>\n<meta name=\"robots\" content=\"index, follow, max-snippet:-1, max-image-preview:large, max-video-preview:-1\" \/>\n<link rel=\"canonical\" href=\"https:\/\/lavalldelord.com\/ca\/organitza\/area-dautocaravanes\/area-de-sant-llorenc-de-morunys\/normativa-de-larea\/\" \/>\n<meta property=\"og:locale\" content=\"ca_ES\" \/>\n<meta property=\"og:type\" content=\"article\" \/>\n<meta property=\"og:title\" content=\"Normativa de l&#039;\u00e0rea - La Vall de Lord\" \/>\n<meta property=\"og:description\" content=\"Normativa d&#039;\u00fas i recomanacions de l&#039;\u00e0rea d&#039;autocaravanes de Sant Lloren\u00e7 de Morunys, una \u00e0rea de pernoctaci\u00f3 i c\u00e0rrega\" \/>\n<meta property=\"og:url\" content=\"https:\/\/lavalldelord.com\/ca\/organitza\/area-dautocaravanes\/area-de-sant-llorenc-de-morunys\/normativa-de-larea\/\" \/>\n<meta property=\"og:site_name\" content=\"La Vall de Lord\" \/>\n<meta property=\"article:publisher\" content=\"https:\/\/www.facebook.com\/turismevalldelord\" \/>\n<meta property=\"article:modified_time\" content=\"2025-08-14T11:13:46+00:00\" \/>\n<meta property=\"og:image\" content=\"https:\/\/lavalldelord.com\/wp-content\/uploads\/2020\/06\/normativa.jpg\" \/>\n\t<meta property=\"og:image:width\" content=\"1747\" \/>\n\t<meta property=\"og:image:height\" content=\"1240\" \/>\n\t<meta property=\"og:image:type\" content=\"image\/jpeg\" \/>\n<meta name=\"twitter:card\" content=\"summary_large_image\" \/>\n<meta name=\"twitter:site\" content=\"@valldelord\" \/>\n<meta name=\"twitter:label1\" content=\"Temps estimat de lectura\" \/>\n\t<meta name=\"twitter:data1\" content=\"1 minut\" \/>\n<script type=\"application\/ld+json\" class=\"yoast-schema-graph\">{\"@context\":\"https:\\\/\\\/schema.org\",\"@graph\":[{\"@type\":\"WebPage\",\"@id\":\"https:\\\/\\\/lavalldelord.com\\\/ca\\\/organitza\\\/area-dautocaravanes\\\/area-de-sant-llorenc-de-morunys\\\/normativa-de-larea\\\/\",\"url\":\"https:\\\/\\\/lavalldelord.com\\\/ca\\\/organitza\\\/area-dautocaravanes\\\/area-de-sant-llorenc-de-morunys\\\/normativa-de-larea\\\/\",\"name\":\"Normativa de l'\u00e0rea - La Vall de Lord\",\"isPartOf\":{\"@id\":\"https:\\\/\\\/lavalldelord.com\\\/ca\\\/#website\"},\"primaryImageOfPage\":{\"@id\":\"https:\\\/\\\/lavalldelord.com\\\/ca\\\/organitza\\\/area-dautocaravanes\\\/area-de-sant-llorenc-de-morunys\\\/normativa-de-larea\\\/#primaryimage\"},\"image\":{\"@id\":\"https:\\\/\\\/lavalldelord.com\\\/organitza\\\/area-dautocaravanes\\\/area-de-sant-llorenc-de-morunys\\\/normativa-de-larea\\\/#primaryimage\"},\"thumbnailUrl\":\"https:\\\/\\\/lavalldelord.com\\\/wp-content\\\/uploads\\\/2020\\\/06\\\/normativa.jpg\",\"datePublished\":\"2020-06-29T16:40:47+00:00\",\"dateModified\":\"2025-08-14T11:13:46+00:00\",\"description\":\"Normativa d'\u00fas i recomanacions de l'\u00e0rea d'autocaravanes de Sant Lloren\u00e7 de Morunys, una \u00e0rea de pernoctaci\u00f3 i c\u00e0rrega\",\"breadcrumb\":{\"@id\":\"https:\\\/\\\/lavalldelord.com\\\/ca\\\/organitza\\\/area-dautocaravanes\\\/area-de-sant-llorenc-de-morunys\\\/normativa-de-larea\\\/#breadcrumb\"},\"inLanguage\":\"ca\",\"potentialAction\":[{\"@type\":\"ReadAction\",\"target\":[[\"https:\\\/\\\/lavalldelord.com\\\/ca\\\/organitza\\\/area-dautocaravanes\\\/area-de-sant-llorenc-de-morunys\\\/normativa-de-larea\\\/\"]]}]},{\"@type\":\"ImageObject\",\"inLanguage\":\"ca\",\"@id\":\"https:\\\/\\\/lavalldelord.com\\\/ca\\\/organitza\\\/area-dautocaravanes\\\/area-de-sant-llorenc-de-morunys\\\/normativa-de-larea\\\/#primaryimage\",\"url\":\"https:\\\/\\\/lavalldelord.com\\\/wp-content\\\/uploads\\\/2020\\\/06\\\/normativa.jpg\",\"contentUrl\":\"https:\\\/\\\/lavalldelord.com\\\/wp-content\\\/uploads\\\/2020\\\/06\\\/normativa.jpg\",\"width\":1747,\"height\":1240},{\"@type\":\"BreadcrumbList\",\"@id\":\"https:\\\/\\\/lavalldelord.com\\\/ca\\\/organitza\\\/area-dautocaravanes\\\/area-de-sant-llorenc-de-morunys\\\/normativa-de-larea\\\/#breadcrumb\",\"itemListElement\":[{\"@type\":\"ListItem\",\"position\":1,\"name\":\"Inici\",\"item\":\"https:\\\/\\\/lavalldelord.com\\\/ca\\\/\"},{\"@type\":\"ListItem\",\"position\":2,\"name\":\"Organitza&#8217;t\",\"item\":\"https:\\\/\\\/lavalldelord.com\\\/ca\\\/organitza\\\/\"},{\"@type\":\"ListItem\",\"position\":3,\"name\":\"Aires de camping-cars\",\"item\":\"https:\\\/\\\/lavalldelord.com\\\/ca\\\/organitza\\\/area-dautocaravanes\\\/\"},{\"@type\":\"ListItem\",\"position\":4,\"name\":\"\u00c0rea de Sant Lloren\u00e7 de Morunys\",\"item\":\"https:\\\/\\\/lavalldelord.com\\\/ca\\\/organitza\\\/area-dautocaravanes\\\/area-de-sant-llorenc-de-morunys\\\/\"},{\"@type\":\"ListItem\",\"position\":5,\"name\":\"R\u00e9glementation de l&rsquo;aire\"}]},{\"@type\":\"WebSite\",\"@id\":\"https:\\\/\\\/lavalldelord.com\\\/ca\\\/#website\",\"url\":\"https:\\\/\\\/lavalldelord.com\\\/ca\\\/\",\"name\":\"Turisme Vall de Lord\",\"description\":\"Portal tur\u00edstic de la Vall de Lord, naturalment!\",\"publisher\":{\"@id\":\"https:\\\/\\\/lavalldelord.com\\\/ca\\\/#organization\"},\"potentialAction\":[{\"@type\":\"SearchAction\",\"target\":{\"@type\":\"EntryPoint\",\"urlTemplate\":\"https:\\\/\\\/lavalldelord.com\\\/ca\\\/?s={search_term_string}\"},\"query-input\":{\"@type\":\"PropertyValueSpecification\",\"valueRequired\":true,\"valueName\":\"search_term_string\"}}],\"inLanguage\":\"ca\"},{\"@type\":\"Organization\",\"@id\":\"https:\\\/\\\/lavalldelord.com\\\/ca\\\/#organization\",\"name\":\"La Vall de Lord\",\"url\":\"https:\\\/\\\/lavalldelord.com\\\/ca\\\/\",\"logo\":{\"@type\":\"ImageObject\",\"inLanguage\":\"ca\",\"@id\":\"https:\\\/\\\/lavalldelord.com\\\/ca\\\/#\\\/schema\\\/logo\\\/image\\\/\",\"url\":\"https:\\\/\\\/lavalldelord.com\\\/wp-content\\\/uploads\\\/2024\\\/02\\\/DJI_0864_websize.jpg\",\"contentUrl\":\"https:\\\/\\\/lavalldelord.com\\\/wp-content\\\/uploads\\\/2024\\\/02\\\/DJI_0864_websize.jpg\",\"width\":1600,\"height\":899,\"caption\":\"La Vall de Lord\"},\"image\":{\"@id\":\"https:\\\/\\\/lavalldelord.com\\\/ca\\\/#\\\/schema\\\/logo\\\/image\\\/\"},\"sameAs\":[\"https:\\\/\\\/www.facebook.com\\\/turismevalldelord\",\"https:\\\/\\\/x.com\\\/valldelord\",\"https:\\\/\\\/www.instagram.com\\\/turismevalldelord\"]}]}<\/script>\n<!-- \/ Yoast SEO plugin. -->","yoast_head_json":{"title":"Normativa de l'\u00e0rea - La Vall de Lord","description":"Normativa d'\u00fas i recomanacions de l'\u00e0rea d'autocaravanes de Sant Lloren\u00e7 de Morunys, una \u00e0rea de pernoctaci\u00f3 i c\u00e0rrega","robots":{"index":"index","follow":"follow","max-snippet":"max-snippet:-1","max-image-preview":"max-image-preview:large","max-video-preview":"max-video-preview:-1"},"canonical":"https:\/\/lavalldelord.com\/ca\/organitza\/area-dautocaravanes\/area-de-sant-llorenc-de-morunys\/normativa-de-larea\/","og_locale":"ca_ES","og_type":"article","og_title":"Normativa de l'\u00e0rea - La Vall de Lord","og_description":"Normativa d'\u00fas i recomanacions de l'\u00e0rea d'autocaravanes de Sant Lloren\u00e7 de Morunys, una \u00e0rea de pernoctaci\u00f3 i c\u00e0rrega","og_url":"https:\/\/lavalldelord.com\/ca\/organitza\/area-dautocaravanes\/area-de-sant-llorenc-de-morunys\/normativa-de-larea\/","og_site_name":"La Vall de Lord","article_publisher":"https:\/\/www.facebook.com\/turismevalldelord","article_modified_time":"2025-08-14T11:13:46+00:00","og_image":[{"width":1747,"height":1240,"url":"https:\/\/lavalldelord.com\/wp-content\/uploads\/2020\/06\/normativa.jpg","type":"image\/jpeg"}],"twitter_card":"summary_large_image","twitter_site":"@valldelord","twitter_misc":{"Temps estimat de lectura":"1 minut"},"schema":{"@context":"https:\/\/schema.org","@graph":[{"@type":"WebPage","@id":"https:\/\/lavalldelord.com\/ca\/organitza\/area-dautocaravanes\/area-de-sant-llorenc-de-morunys\/normativa-de-larea\/","url":"https:\/\/lavalldelord.com\/ca\/organitza\/area-dautocaravanes\/area-de-sant-llorenc-de-morunys\/normativa-de-larea\/","name":"Normativa de l'\u00e0rea - La Vall de Lord","isPartOf":{"@id":"https:\/\/lavalldelord.com\/ca\/#website"},"primaryImageOfPage":{"@id":"https:\/\/lavalldelord.com\/ca\/organitza\/area-dautocaravanes\/area-de-sant-llorenc-de-morunys\/normativa-de-larea\/#primaryimage"},"image":{"@id":"https:\/\/lavalldelord.com\/organitza\/area-dautocaravanes\/area-de-sant-llorenc-de-morunys\/normativa-de-larea\/#primaryimage"},"thumbnailUrl":"https:\/\/lavalldelord.com\/wp-content\/uploads\/2020\/06\/normativa.jpg","datePublished":"2020-06-29T16:40:47+00:00","dateModified":"2025-08-14T11:13:46+00:00","description":"Normativa d'\u00fas i recomanacions de l'\u00e0rea d'autocaravanes de Sant Lloren\u00e7 de Morunys, una \u00e0rea de pernoctaci\u00f3 i c\u00e0rrega","breadcrumb":{"@id":"https:\/\/lavalldelord.com\/ca\/organitza\/area-dautocaravanes\/area-de-sant-llorenc-de-morunys\/normativa-de-larea\/#breadcrumb"},"inLanguage":"ca","potentialAction":[{"@type":"ReadAction","target":[["https:\/\/lavalldelord.com\/ca\/organitza\/area-dautocaravanes\/area-de-sant-llorenc-de-morunys\/normativa-de-larea\/"]]}]},{"@type":"ImageObject","inLanguage":"ca","@id":"https:\/\/lavalldelord.com\/ca\/organitza\/area-dautocaravanes\/area-de-sant-llorenc-de-morunys\/normativa-de-larea\/#primaryimage","url":"https:\/\/lavalldelord.com\/wp-content\/uploads\/2020\/06\/normativa.jpg","contentUrl":"https:\/\/lavalldelord.com\/wp-content\/uploads\/2020\/06\/normativa.jpg","width":1747,"height":1240},{"@type":"BreadcrumbList","@id":"https:\/\/lavalldelord.com\/ca\/organitza\/area-dautocaravanes\/area-de-sant-llorenc-de-morunys\/normativa-de-larea\/#breadcrumb","itemListElement":[{"@type":"ListItem","position":1,"name":"Inici","item":"https:\/\/lavalldelord.com\/ca\/"},{"@type":"ListItem","position":2,"name":"Organitza&#8217;t","item":"https:\/\/lavalldelord.com\/ca\/organitza\/"},{"@type":"ListItem","position":3,"name":"Aires de camping-cars","item":"https:\/\/lavalldelord.com\/ca\/organitza\/area-dautocaravanes\/"},{"@type":"ListItem","position":4,"name":"\u00c0rea de Sant Lloren\u00e7 de Morunys","item":"https:\/\/lavalldelord.com\/ca\/organitza\/area-dautocaravanes\/area-de-sant-llorenc-de-morunys\/"},{"@type":"ListItem","position":5,"name":"R\u00e9glementation de l&rsquo;aire"}]},{"@type":"WebSite","@id":"https:\/\/lavalldelord.com\/ca\/#website","url":"https:\/\/lavalldelord.com\/ca\/","name":"Turisme Vall de Lord","description":"Portal tur\u00edstic de la Vall de Lord, naturalment!","publisher":{"@id":"https:\/\/lavalldelord.com\/ca\/#organization"},"potentialAction":[{"@type":"SearchAction","target":{"@type":"EntryPoint","urlTemplate":"https:\/\/lavalldelord.com\/ca\/?s={search_term_string}"},"query-input":{"@type":"PropertyValueSpecification","valueRequired":true,"valueName":"search_term_string"}}],"inLanguage":"ca"},{"@type":"Organization","@id":"https:\/\/lavalldelord.com\/ca\/#organization","name":"La Vall de Lord","url":"https:\/\/lavalldelord.com\/ca\/","logo":{"@type":"ImageObject","inLanguage":"ca","@id":"https:\/\/lavalldelord.com\/ca\/#\/schema\/logo\/image\/","url":"https:\/\/lavalldelord.com\/wp-content\/uploads\/2024\/02\/DJI_0864_websize.jpg","contentUrl":"https:\/\/lavalldelord.com\/wp-content\/uploads\/2024\/02\/DJI_0864_websize.jpg","width":1600,"height":899,"caption":"La Vall de Lord"},"image":{"@id":"https:\/\/lavalldelord.com\/ca\/#\/schema\/logo\/image\/"},"sameAs":["https:\/\/www.facebook.com\/turismevalldelord","https:\/\/x.com\/valldelord","https:\/\/www.instagram.com\/turismevalldelord"]}]}},"_links":{"self":[{"href":"https:\/\/lavalldelord.com\/ca\/wp-json\/wp\/v2\/pages\/7482","targetHints":{"allow":["GET"]}}],"collection":[{"href":"https:\/\/lavalldelord.com\/ca\/wp-json\/wp\/v2\/pages"}],"about":[{"href":"https:\/\/lavalldelord.com\/ca\/wp-json\/wp\/v2\/types\/page"}],"author":[{"embeddable":true,"href":"https:\/\/lavalldelord.com\/ca\/wp-json\/wp\/v2\/users\/3"}],"replies":[{"embeddable":true,"href":"https:\/\/lavalldelord.com\/ca\/wp-json\/wp\/v2\/comments?post=7482"}],"version-history":[{"count":40,"href":"https:\/\/lavalldelord.com\/ca\/wp-json\/wp\/v2\/pages\/7482\/revisions"}],"predecessor-version":[{"id":12883,"href":"https:\/\/lavalldelord.com\/ca\/wp-json\/wp\/v2\/pages\/7482\/revisions\/12883"}],"up":[{"embeddable":true,"href":"https:\/\/lavalldelord.com\/ca\/wp-json\/wp\/v2\/pages\/7792"}],"wp:featuredmedia":[{"embeddable":true,"href":"https:\/\/lavalldelord.com\/ca\/wp-json\/wp\/v2\/media\/7497"}],"wp:attachment":[{"href":"https:\/\/lavalldelord.com\/ca\/wp-json\/wp\/v2\/media?parent=7482"}],"curies":[{"name":"wp","href":"https:\/\/api.w.org\/{rel}","templated":true}]}}