{"id":7810,"date":"2020-08-21T16:49:39","date_gmt":"2020-08-21T16:49:39","guid":{"rendered":"https:\/\/lavalldelord.com\/?page_id=7810"},"modified":"2025-01-27T14:00:25","modified_gmt":"2025-01-27T13:00:25","slug":"escombraries-i-residus","status":"publish","type":"page","link":"https:\/\/lavalldelord.com\/ca\/organitza\/area-dautocaravanes\/area-del-codo\/escombraries-i-residus\/","title":{"rendered":"Escombraries i residus"},"content":{"rendered":"<p>A l&#8217;aparcament de l&#8217;\u00e0rea del Cod\u00f3 trobareu els diferents contenidors per poder llen\u00e7ar els residus.<\/p>\n<p>\u00c9s obligatori realitzar la separaci\u00f3 de residus correctament:<strong>\u00a0<span style=\"color: #993300;\">ORG\u00c0NICA<\/span>,\u00a0<span style=\"color: #ffcc00;\">PL\u00c0STIC I ENVASOS<\/span>,\u00a0<span style=\"color: #339966;\">VIDRE<\/span>,\u00a0<span style=\"color: #3366ff;\">PAPER<\/span>\u00a0I REBUIG.\u00a0<\/strong><\/p>\n<p><strong>*No seleccionar els residus correctament \u00e9s sancionable.<\/strong><\/p>\n<p>&nbsp;<\/p>","protected":false},"excerpt":{"rendered":"<p>A l&#8217;aparcament de l&#8217;\u00e0rea del Cod\u00f3 trobareu els diferents contenidors per poder llen\u00e7ar els residus. \u00c9s obligatori realitzar la separaci\u00f3 [&hellip;]<\/p>\n","protected":false},"author":3,"featured_media":7499,"parent":7776,"menu_order":117,"comment_status":"closed","ping_status":"closed","template":"","meta":{"_acf_changed":false,"_exactmetrics_skip_tracking":false,"_exactmetrics_sitenote_active":false,"_exactmetrics_sitenote_note":"","_exactmetrics_sitenote_category":0,"_joinchat":[],"footnotes":""},"class_list":["post-7810","page","type-page","status-publish","has-post-thumbnail","hentry"],"acf":[],"yoast_head":"<!-- This site is optimized with the Yoast SEO plugin v27.5 - https:\/\/yoast.com\/product\/yoast-seo-wordpress\/ -->\n<title>Escombraries i residus - \u00c0rea d&#039;autocaravanes del Cod\u00f3<\/title>\n<meta name=\"description\" content=\"Coneix com funciona la gesti\u00f3 de les escombraries i residus si ets usuari de l&#039;\u00e0rea d&#039;autocaravanes del Cod\u00f3 (Guixers)\" \/>\n<meta name=\"robots\" content=\"index, follow, max-snippet:-1, max-image-preview:large, max-video-preview:-1\" \/>\n<link rel=\"canonical\" href=\"https:\/\/lavalldelord.com\/ca\/organitza\/area-dautocaravanes\/area-del-codo\/escombraries-i-residus\/\" \/>\n<meta property=\"og:locale\" content=\"ca_ES\" \/>\n<meta property=\"og:type\" content=\"article\" \/>\n<meta property=\"og:title\" content=\"Escombraries i residus - \u00c0rea d&#039;autocaravanes del Cod\u00f3\" \/>\n<meta property=\"og:description\" content=\"Coneix com funciona la gesti\u00f3 de les escombraries i residus si ets usuari de l&#039;\u00e0rea d&#039;autocaravanes del Cod\u00f3 (Guixers)\" \/>\n<meta property=\"og:url\" content=\"https:\/\/lavalldelord.com\/ca\/organitza\/area-dautocaravanes\/area-del-codo\/escombraries-i-residus\/\" \/>\n<meta property=\"og:site_name\" content=\"La Vall de Lord\" \/>\n<meta property=\"article:publisher\" content=\"https:\/\/www.facebook.com\/turismevalldelord\" \/>\n<meta property=\"article:modified_time\" content=\"2025-01-27T13:00:25+00:00\" \/>\n<meta property=\"og:image\" content=\"https:\/\/lavalldelord.com\/wp-content\/uploads\/2020\/06\/residus.jpg\" \/>\n\t<meta property=\"og:image:width\" content=\"1747\" \/>\n\t<meta property=\"og:image:height\" content=\"1240\" \/>\n\t<meta property=\"og:image:type\" content=\"image\/jpeg\" \/>\n<meta name=\"twitter:card\" content=\"summary_large_image\" \/>\n<meta name=\"twitter:site\" content=\"@valldelord\" \/>\n<meta name=\"twitter:label1\" content=\"Temps estimat de lectura\" \/>\n\t<meta name=\"twitter:data1\" content=\"1 minut\" \/>\n<script type=\"application\/ld+json\" class=\"yoast-schema-graph\">{\"@context\":\"https:\\\/\\\/schema.org\",\"@graph\":[{\"@type\":\"WebPage\",\"@id\":\"https:\\\/\\\/lavalldelord.com\\\/ca\\\/organitza\\\/area-dautocaravanes\\\/area-del-codo\\\/escombraries-i-residus\\\/\",\"url\":\"https:\\\/\\\/lavalldelord.com\\\/ca\\\/organitza\\\/area-dautocaravanes\\\/area-del-codo\\\/escombraries-i-residus\\\/\",\"name\":\"Escombraries i residus - \u00c0rea d'autocaravanes del Cod\u00f3\",\"isPartOf\":{\"@id\":\"https:\\\/\\\/lavalldelord.com\\\/ca\\\/#website\"},\"primaryImageOfPage\":{\"@id\":\"https:\\\/\\\/lavalldelord.com\\\/ca\\\/organitza\\\/area-dautocaravanes\\\/area-del-codo\\\/escombraries-i-residus\\\/#primaryimage\"},\"image\":{\"@id\":\"https:\\\/\\\/lavalldelord.com\\\/organitza\\\/area-dautocaravanes\\\/area-del-codo\\\/escombraries-i-residus\\\/#primaryimage\"},\"thumbnailUrl\":\"https:\\\/\\\/lavalldelord.com\\\/wp-content\\\/uploads\\\/2020\\\/06\\\/residus.jpg\",\"datePublished\":\"2020-08-21T16:49:39+00:00\",\"dateModified\":\"2025-01-27T13:00:25+00:00\",\"description\":\"Coneix com funciona la gesti\u00f3 de les escombraries i residus si ets usuari de l'\u00e0rea d'autocaravanes del Cod\u00f3 (Guixers)\",\"breadcrumb\":{\"@id\":\"https:\\\/\\\/lavalldelord.com\\\/ca\\\/organitza\\\/area-dautocaravanes\\\/area-del-codo\\\/escombraries-i-residus\\\/#breadcrumb\"},\"inLanguage\":\"ca\",\"potentialAction\":[{\"@type\":\"ReadAction\",\"target\":[[\"https:\\\/\\\/lavalldelord.com\\\/ca\\\/organitza\\\/area-dautocaravanes\\\/area-del-codo\\\/escombraries-i-residus\\\/\"]]}]},{\"@type\":\"ImageObject\",\"inLanguage\":\"ca\",\"@id\":\"https:\\\/\\\/lavalldelord.com\\\/ca\\\/organitza\\\/area-dautocaravanes\\\/area-del-codo\\\/escombraries-i-residus\\\/#primaryimage\",\"url\":\"https:\\\/\\\/lavalldelord.com\\\/wp-content\\\/uploads\\\/2020\\\/06\\\/residus.jpg\",\"contentUrl\":\"https:\\\/\\\/lavalldelord.com\\\/wp-content\\\/uploads\\\/2020\\\/06\\\/residus.jpg\",\"width\":1747,\"height\":1240},{\"@type\":\"BreadcrumbList\",\"@id\":\"https:\\\/\\\/lavalldelord.com\\\/ca\\\/organitza\\\/area-dautocaravanes\\\/area-del-codo\\\/escombraries-i-residus\\\/#breadcrumb\",\"itemListElement\":[{\"@type\":\"ListItem\",\"position\":1,\"name\":\"Inici\",\"item\":\"https:\\\/\\\/lavalldelord.com\\\/ca\\\/\"},{\"@type\":\"ListItem\",\"position\":2,\"name\":\"Organitza&#8217;t\",\"item\":\"https:\\\/\\\/lavalldelord.com\\\/ca\\\/organitza\\\/\"},{\"@type\":\"ListItem\",\"position\":3,\"name\":\"Aires de camping-cars\",\"item\":\"https:\\\/\\\/lavalldelord.com\\\/ca\\\/organitza\\\/area-dautocaravanes\\\/\"},{\"@type\":\"ListItem\",\"position\":4,\"name\":\"\u00c0rea del Cod\u00f3\",\"item\":\"https:\\\/\\\/lavalldelord.com\\\/ca\\\/organitza\\\/area-dautocaravanes\\\/area-del-codo\\\/\"},{\"@type\":\"ListItem\",\"position\":5,\"name\":\"Residuos\"}]},{\"@type\":\"WebSite\",\"@id\":\"https:\\\/\\\/lavalldelord.com\\\/ca\\\/#website\",\"url\":\"https:\\\/\\\/lavalldelord.com\\\/ca\\\/\",\"name\":\"Turisme Vall de Lord\",\"description\":\"Portal tur\u00edstic de la Vall de Lord, naturalment!\",\"publisher\":{\"@id\":\"https:\\\/\\\/lavalldelord.com\\\/ca\\\/#organization\"},\"potentialAction\":[{\"@type\":\"SearchAction\",\"target\":{\"@type\":\"EntryPoint\",\"urlTemplate\":\"https:\\\/\\\/lavalldelord.com\\\/ca\\\/?s={search_term_string}\"},\"query-input\":{\"@type\":\"PropertyValueSpecification\",\"valueRequired\":true,\"valueName\":\"search_term_string\"}}],\"inLanguage\":\"ca\"},{\"@type\":\"Organization\",\"@id\":\"https:\\\/\\\/lavalldelord.com\\\/ca\\\/#organization\",\"name\":\"La Vall de Lord\",\"url\":\"https:\\\/\\\/lavalldelord.com\\\/ca\\\/\",\"logo\":{\"@type\":\"ImageObject\",\"inLanguage\":\"ca\",\"@id\":\"https:\\\/\\\/lavalldelord.com\\\/ca\\\/#\\\/schema\\\/logo\\\/image\\\/\",\"url\":\"https:\\\/\\\/lavalldelord.com\\\/wp-content\\\/uploads\\\/2024\\\/02\\\/DJI_0864_websize.jpg\",\"contentUrl\":\"https:\\\/\\\/lavalldelord.com\\\/wp-content\\\/uploads\\\/2024\\\/02\\\/DJI_0864_websize.jpg\",\"width\":1600,\"height\":899,\"caption\":\"La Vall de Lord\"},\"image\":{\"@id\":\"https:\\\/\\\/lavalldelord.com\\\/ca\\\/#\\\/schema\\\/logo\\\/image\\\/\"},\"sameAs\":[\"https:\\\/\\\/www.facebook.com\\\/turismevalldelord\",\"https:\\\/\\\/x.com\\\/valldelord\",\"https:\\\/\\\/www.instagram.com\\\/turismevalldelord\"]}]}<\/script>\n<!-- \/ Yoast SEO plugin. -->","yoast_head_json":{"title":"Escombraries i residus - \u00c0rea d'autocaravanes del Cod\u00f3","description":"Coneix com funciona la gesti\u00f3 de les escombraries i residus si ets usuari de l'\u00e0rea d'autocaravanes del Cod\u00f3 (Guixers)","robots":{"index":"index","follow":"follow","max-snippet":"max-snippet:-1","max-image-preview":"max-image-preview:large","max-video-preview":"max-video-preview:-1"},"canonical":"https:\/\/lavalldelord.com\/ca\/organitza\/area-dautocaravanes\/area-del-codo\/escombraries-i-residus\/","og_locale":"ca_ES","og_type":"article","og_title":"Escombraries i residus - \u00c0rea d'autocaravanes del Cod\u00f3","og_description":"Coneix com funciona la gesti\u00f3 de les escombraries i residus si ets usuari de l'\u00e0rea d'autocaravanes del Cod\u00f3 (Guixers)","og_url":"https:\/\/lavalldelord.com\/ca\/organitza\/area-dautocaravanes\/area-del-codo\/escombraries-i-residus\/","og_site_name":"La Vall de Lord","article_publisher":"https:\/\/www.facebook.com\/turismevalldelord","article_modified_time":"2025-01-27T13:00:25+00:00","og_image":[{"width":1747,"height":1240,"url":"https:\/\/lavalldelord.com\/wp-content\/uploads\/2020\/06\/residus.jpg","type":"image\/jpeg"}],"twitter_card":"summary_large_image","twitter_site":"@valldelord","twitter_misc":{"Temps estimat de lectura":"1 minut"},"schema":{"@context":"https:\/\/schema.org","@graph":[{"@type":"WebPage","@id":"https:\/\/lavalldelord.com\/ca\/organitza\/area-dautocaravanes\/area-del-codo\/escombraries-i-residus\/","url":"https:\/\/lavalldelord.com\/ca\/organitza\/area-dautocaravanes\/area-del-codo\/escombraries-i-residus\/","name":"Escombraries i residus - \u00c0rea d'autocaravanes del Cod\u00f3","isPartOf":{"@id":"https:\/\/lavalldelord.com\/ca\/#website"},"primaryImageOfPage":{"@id":"https:\/\/lavalldelord.com\/ca\/organitza\/area-dautocaravanes\/area-del-codo\/escombraries-i-residus\/#primaryimage"},"image":{"@id":"https:\/\/lavalldelord.com\/organitza\/area-dautocaravanes\/area-del-codo\/escombraries-i-residus\/#primaryimage"},"thumbnailUrl":"https:\/\/lavalldelord.com\/wp-content\/uploads\/2020\/06\/residus.jpg","datePublished":"2020-08-21T16:49:39+00:00","dateModified":"2025-01-27T13:00:25+00:00","description":"Coneix com funciona la gesti\u00f3 de les escombraries i residus si ets usuari de l'\u00e0rea d'autocaravanes del Cod\u00f3 (Guixers)","breadcrumb":{"@id":"https:\/\/lavalldelord.com\/ca\/organitza\/area-dautocaravanes\/area-del-codo\/escombraries-i-residus\/#breadcrumb"},"inLanguage":"ca","potentialAction":[{"@type":"ReadAction","target":[["https:\/\/lavalldelord.com\/ca\/organitza\/area-dautocaravanes\/area-del-codo\/escombraries-i-residus\/"]]}]},{"@type":"ImageObject","inLanguage":"ca","@id":"https:\/\/lavalldelord.com\/ca\/organitza\/area-dautocaravanes\/area-del-codo\/escombraries-i-residus\/#primaryimage","url":"https:\/\/lavalldelord.com\/wp-content\/uploads\/2020\/06\/residus.jpg","contentUrl":"https:\/\/lavalldelord.com\/wp-content\/uploads\/2020\/06\/residus.jpg","width":1747,"height":1240},{"@type":"BreadcrumbList","@id":"https:\/\/lavalldelord.com\/ca\/organitza\/area-dautocaravanes\/area-del-codo\/escombraries-i-residus\/#breadcrumb","itemListElement":[{"@type":"ListItem","position":1,"name":"Inici","item":"https:\/\/lavalldelord.com\/ca\/"},{"@type":"ListItem","position":2,"name":"Organitza&#8217;t","item":"https:\/\/lavalldelord.com\/ca\/organitza\/"},{"@type":"ListItem","position":3,"name":"Aires de camping-cars","item":"https:\/\/lavalldelord.com\/ca\/organitza\/area-dautocaravanes\/"},{"@type":"ListItem","position":4,"name":"\u00c0rea del Cod\u00f3","item":"https:\/\/lavalldelord.com\/ca\/organitza\/area-dautocaravanes\/area-del-codo\/"},{"@type":"ListItem","position":5,"name":"Residuos"}]},{"@type":"WebSite","@id":"https:\/\/lavalldelord.com\/ca\/#website","url":"https:\/\/lavalldelord.com\/ca\/","name":"Turisme Vall de Lord","description":"Portal tur\u00edstic de la Vall de Lord, naturalment!","publisher":{"@id":"https:\/\/lavalldelord.com\/ca\/#organization"},"potentialAction":[{"@type":"SearchAction","target":{"@type":"EntryPoint","urlTemplate":"https:\/\/lavalldelord.com\/ca\/?s={search_term_string}"},"query-input":{"@type":"PropertyValueSpecification","valueRequired":true,"valueName":"search_term_string"}}],"inLanguage":"ca"},{"@type":"Organization","@id":"https:\/\/lavalldelord.com\/ca\/#organization","name":"La Vall de Lord","url":"https:\/\/lavalldelord.com\/ca\/","logo":{"@type":"ImageObject","inLanguage":"ca","@id":"https:\/\/lavalldelord.com\/ca\/#\/schema\/logo\/image\/","url":"https:\/\/lavalldelord.com\/wp-content\/uploads\/2024\/02\/DJI_0864_websize.jpg","contentUrl":"https:\/\/lavalldelord.com\/wp-content\/uploads\/2024\/02\/DJI_0864_websize.jpg","width":1600,"height":899,"caption":"La Vall de Lord"},"image":{"@id":"https:\/\/lavalldelord.com\/ca\/#\/schema\/logo\/image\/"},"sameAs":["https:\/\/www.facebook.com\/turismevalldelord","https:\/\/x.com\/valldelord","https:\/\/www.instagram.com\/turismevalldelord"]}]}},"_links":{"self":[{"href":"https:\/\/lavalldelord.com\/ca\/wp-json\/wp\/v2\/pages\/7810","targetHints":{"allow":["GET"]}}],"collection":[{"href":"https:\/\/lavalldelord.com\/ca\/wp-json\/wp\/v2\/pages"}],"about":[{"href":"https:\/\/lavalldelord.com\/ca\/wp-json\/wp\/v2\/types\/page"}],"author":[{"embeddable":true,"href":"https:\/\/lavalldelord.com\/ca\/wp-json\/wp\/v2\/users\/3"}],"replies":[{"embeddable":true,"href":"https:\/\/lavalldelord.com\/ca\/wp-json\/wp\/v2\/comments?post=7810"}],"version-history":[{"count":9,"href":"https:\/\/lavalldelord.com\/ca\/wp-json\/wp\/v2\/pages\/7810\/revisions"}],"predecessor-version":[{"id":12210,"href":"https:\/\/lavalldelord.com\/ca\/wp-json\/wp\/v2\/pages\/7810\/revisions\/12210"}],"up":[{"embeddable":true,"href":"https:\/\/lavalldelord.com\/ca\/wp-json\/wp\/v2\/pages\/7776"}],"wp:featuredmedia":[{"embeddable":true,"href":"https:\/\/lavalldelord.com\/ca\/wp-json\/wp\/v2\/media\/7499"}],"wp:attachment":[{"href":"https:\/\/lavalldelord.com\/ca\/wp-json\/wp\/v2\/media?parent=7810"}],"curies":[{"name":"wp","href":"https:\/\/api.w.org\/{rel}","templated":true}]}}