{"id":8789,"date":"2021-09-22T13:47:11","date_gmt":"2021-09-22T13:47:11","guid":{"rendered":"https:\/\/lavalldelord.com\/?page_id=8789"},"modified":"2021-09-27T08:56:44","modified_gmt":"2021-09-27T08:56:44","slug":"politica-de-privacitat-2","status":"publish","type":"page","link":"https:\/\/lavalldelord.com\/ca\/politica-de-privacitat-2\/","title":{"rendered":"Pol\u00edtica de privacitat"},"content":{"rendered":"<p><\/p>\n<h3><strong>Protecci\u00f3 de dades<\/strong><\/h3>\n<p><span style=\"color: #000000;\">Per poder participar a les fires-mercat de Sant Lloren\u00e7 de Morunys, els participants\/empreses\/expositors hauran de subministrar dades personals imprescindibles per al tr\u00e0mit sol\u00b7licitat, en aquest cas, la participaci\u00f3 a la fira-mercat.<\/span><\/p>\n<p><span style=\"color: #000000;\">Aquestes dades s\u2019incorporaran als corresponents fitxers de l\u2019Ajuntament de Sant Lloren\u00e7 de Morunys\u00a0 que seran tractats de conformitat amb la regulaci\u00f3 establerta per la Llei org\u00e0nica 15\/1999, de 13 de desembre, de Protecci\u00f3 de dades de car\u00e0cter personal, i altres disposicions d\u2019aplicaci\u00f3.<\/span><\/p>\n<p><span style=\"color: #000000;\">Les persones usu\u00e0ries podran exercir el dret d\u2019acc\u00e9s, cancel\u00b7laci\u00f3, rectificaci\u00f3 i oposici\u00f3 reconeguts per la normativa de protecci\u00f3 de dades, adre\u00e7ant-se per escrit\u00a0 a: info@lavalldelord.com<\/span><\/p>\n<p>&nbsp;<\/p>\n<p><span style=\"color: #000000;\">De conformitat amb el Reglament (UE) 20167679, de 27 d\u2019abril de 2016, relatiu a la protecci\u00f3 de les persones f\u00edsiques pel que fa al tractament de dades personals i a la lliure circulaci\u00f3 d\u2019aquestes dades i la normativa en Protecci\u00f3 de Dades que correspongui, L\u2019AJUNTAMENT DE SANT LLOREN\u00c7 DE MORUNYS informa als usuaris:<\/span><\/p>\n<p>&nbsp;<\/p>\n<p><span style=\"color: #000000;\">El responsable \u00e9s\u00a0 L&#8217;AJUNTAMENT DE SANT LLOREN\u00c7 DE MORUNYS. Ubicat al carrer Josep Cirera, 1, amb codi postal 25282, Sant Lloren\u00e7 de Morunys.<\/span><\/p>\n<p>&nbsp;<\/p>\n<p><span style=\"color: #000000;\"><strong>Finalitat i conservaci\u00f3 de dades<\/strong><\/span><\/p>\n<p><span style=\"color: #000000;\">L&#8217;Atractar\u00e0 les dades amb les finalitats seg\u00fcents:<\/span><\/p>\n<ul>\n<li><span style=\"color: #000000;\">Gestionar l\u2019acc\u00e9s a la fira-mercat aix\u00ed com les activitats que en aquestes s\u2019hi desenvolupin. Les dades seran conservades mentre duri l\u2019esdeveniment organitzat; en posterioritat nom\u00e9s seran conservades aquell temps que legalment s\u2019estableixi.<\/span><\/li>\n<\/ul>\n<p>&nbsp;<\/p>\n<ul>\n<li><span style=\"color: #000000;\">En el sup\u00f2sit que l\u2019interessat sigui un professional\/expositor, gestionar les dades dels representants aix\u00ed com de la resta de persones de contacte que intervinguin a la relaci\u00f3 jur\u00eddica per participar en les diferents fires i mercats que organitza l\u2019entitat i que es registren a trav\u00e9s de l\u2019ompliment del formulari. Les dades seran conservades durant el temps necessari per les finalitats del tractament per les quals han estat recollides.<\/span><\/li>\n<\/ul>\n<p>&nbsp;<\/p>\n<ul>\n<li><span style=\"color: #000000;\">Enviar la comunicaci\u00f3 de les activitats i fires properes en cas d\u2019acceptaci\u00f3 expressa. Les dades seran conservades mentre l\u2019interessat no exerceixi el seu dret d\u2019oposici\u00f3 o supressi\u00f3 de les dades. En aquest sentit, l\u2019interessat podr\u00e0 exercir el dret de revocaci\u00f3 en qualsevol moment.<\/span><\/li>\n<\/ul>\n<p>&nbsp;<\/p>\n<p><span style=\"color: #000000;\"><strong>Legitimaci\u00f3<\/strong><\/span><\/p>\n<ul>\n<li><span style=\"color: #000000;\">El tractament de les dades d\u2019usuaris inscrits per participar en les fires i mercats, el tractament ser\u00e0 l\u00edcit pel consentiment expr\u00e9s del mateix.<\/span><\/li>\n<\/ul>\n<p>&nbsp;<\/p>\n<p><span style=\"color: #000000;\"><strong>Destinataris<\/strong><\/span><\/p>\n<ul>\n<li><span style=\"color: #000000;\">No se cediran les dades a tercers, tret d\u2019obligaci\u00f3 o autoritzaci\u00f3 expressa.<\/span><\/li>\n<\/ul>\n<p>&nbsp;<\/p>\n<p><span style=\"color: #000000;\"><strong>Drets<\/strong><\/span><\/p>\n<ul>\n<li><span style=\"color: #000000;\">Accedir, rectificar, oposar-se i suprimir les dades, aix\u00f2 com limitar el tractament, oposar-se al mateix o exercir el dret a la portabilitat de les dades. Aquests drets estan regulats en el Reglament (UE) 679\/2016 i poden ser exercits en el seg\u00fcent domicili : AJUNTAMENT DE SANT LLOREN\u00c7 DE MORUNYS, Carrer Josep Cirera, 1, 25282, Sant Lloren\u00e7 de Morunys o a trav\u00e9s del correu electr\u00f2nic info@lavalldelord.com<\/span><\/li>\n<\/ul>\n<p>&nbsp;<\/p>\n<p>&nbsp;<\/p>\n<p><span style=\"color: #000000;\"><strong>\u00a0<\/strong><\/span><\/p>\n<p><span style=\"color: #000000;\"><strong>\u00a0<\/strong><\/span><\/p>\n<p><span style=\"color: #000000;\"><strong>\u00a0<\/strong><\/span><\/p>\n<p><span style=\"color: #000000;\"><strong>\u00a0<\/strong><\/span><\/p>\n<p>&nbsp;<\/p>","protected":false},"excerpt":{"rendered":"<p>Protecci\u00f3 de dades Per poder participar a les fires-mercat de Sant Lloren\u00e7 de Morunys, els participants\/empreses\/expositors hauran de subministrar dades [&hellip;]<\/p>\n","protected":false},"author":3,"featured_media":0,"parent":0,"menu_order":63,"comment_status":"closed","ping_status":"closed","template":"","meta":{"_acf_changed":false,"_exactmetrics_skip_tracking":false,"_exactmetrics_sitenote_active":false,"_exactmetrics_sitenote_note":"","_exactmetrics_sitenote_category":0,"_joinchat":[],"footnotes":""},"class_list":["post-8789","page","type-page","status-publish","hentry"],"acf":[],"yoast_head":"<!-- This site is optimized with the Yoast SEO plugin v27.5 - https:\/\/yoast.com\/product\/yoast-seo-wordpress\/ -->\n<title>Pol\u00edtica de privacitat - La Vall de Lord<\/title>\n<meta name=\"robots\" content=\"index, follow, max-snippet:-1, max-image-preview:large, max-video-preview:-1\" \/>\n<link rel=\"canonical\" href=\"https:\/\/lavalldelord.com\/ca\/politica-de-privacitat-2\/\" \/>\n<meta property=\"og:locale\" content=\"ca_ES\" \/>\n<meta property=\"og:type\" content=\"article\" \/>\n<meta property=\"og:title\" content=\"Pol\u00edtica de privacitat - La Vall de Lord\" \/>\n<meta property=\"og:description\" content=\"Protecci\u00f3 de dades Per poder participar a les fires-mercat de Sant Lloren\u00e7 de Morunys, els participants\/empreses\/expositors hauran de subministrar dades [&hellip;]\" \/>\n<meta property=\"og:url\" content=\"https:\/\/lavalldelord.com\/ca\/politica-de-privacitat-2\/\" \/>\n<meta property=\"og:site_name\" content=\"La Vall de Lord\" \/>\n<meta property=\"article:publisher\" content=\"https:\/\/www.facebook.com\/turismevalldelord\" \/>\n<meta property=\"article:modified_time\" content=\"2021-09-27T08:56:44+00:00\" \/>\n<meta name=\"twitter:card\" content=\"summary_large_image\" \/>\n<meta name=\"twitter:site\" content=\"@valldelord\" \/>\n<meta name=\"twitter:label1\" content=\"Temps estimat de lectura\" \/>\n\t<meta name=\"twitter:data1\" content=\"2 minuts\" \/>\n<script type=\"application\/ld+json\" class=\"yoast-schema-graph\">{\"@context\":\"https:\\\/\\\/schema.org\",\"@graph\":[{\"@type\":\"WebPage\",\"@id\":\"https:\\\/\\\/lavalldelord.com\\\/ca\\\/politica-de-privacitat-2\\\/\",\"url\":\"https:\\\/\\\/lavalldelord.com\\\/ca\\\/politica-de-privacitat-2\\\/\",\"name\":\"Pol\u00edtica de privacitat - La Vall de Lord\",\"isPartOf\":{\"@id\":\"https:\\\/\\\/lavalldelord.com\\\/ca\\\/#website\"},\"datePublished\":\"2021-09-22T13:47:11+00:00\",\"dateModified\":\"2021-09-27T08:56:44+00:00\",\"breadcrumb\":{\"@id\":\"https:\\\/\\\/lavalldelord.com\\\/ca\\\/politica-de-privacitat-2\\\/#breadcrumb\"},\"inLanguage\":\"ca\",\"potentialAction\":[{\"@type\":\"ReadAction\",\"target\":[[\"https:\\\/\\\/lavalldelord.com\\\/ca\\\/politica-de-privacitat-2\\\/\"]]}]},{\"@type\":\"BreadcrumbList\",\"@id\":\"https:\\\/\\\/lavalldelord.com\\\/ca\\\/politica-de-privacitat-2\\\/#breadcrumb\",\"itemListElement\":[{\"@type\":\"ListItem\",\"position\":1,\"name\":\"Inici\",\"item\":\"https:\\\/\\\/lavalldelord.com\\\/ca\\\/\"},{\"@type\":\"ListItem\",\"position\":2,\"name\":\"Pol\u00edtica de privacitat\"}]},{\"@type\":\"WebSite\",\"@id\":\"https:\\\/\\\/lavalldelord.com\\\/ca\\\/#website\",\"url\":\"https:\\\/\\\/lavalldelord.com\\\/ca\\\/\",\"name\":\"Turisme Vall de Lord\",\"description\":\"Portal tur\u00edstic de la Vall de Lord, naturalment!\",\"publisher\":{\"@id\":\"https:\\\/\\\/lavalldelord.com\\\/ca\\\/#organization\"},\"potentialAction\":[{\"@type\":\"SearchAction\",\"target\":{\"@type\":\"EntryPoint\",\"urlTemplate\":\"https:\\\/\\\/lavalldelord.com\\\/ca\\\/?s={search_term_string}\"},\"query-input\":{\"@type\":\"PropertyValueSpecification\",\"valueRequired\":true,\"valueName\":\"search_term_string\"}}],\"inLanguage\":\"ca\"},{\"@type\":\"Organization\",\"@id\":\"https:\\\/\\\/lavalldelord.com\\\/ca\\\/#organization\",\"name\":\"La Vall de Lord\",\"url\":\"https:\\\/\\\/lavalldelord.com\\\/ca\\\/\",\"logo\":{\"@type\":\"ImageObject\",\"inLanguage\":\"ca\",\"@id\":\"https:\\\/\\\/lavalldelord.com\\\/ca\\\/#\\\/schema\\\/logo\\\/image\\\/\",\"url\":\"https:\\\/\\\/lavalldelord.com\\\/wp-content\\\/uploads\\\/2024\\\/02\\\/DJI_0864_websize.jpg\",\"contentUrl\":\"https:\\\/\\\/lavalldelord.com\\\/wp-content\\\/uploads\\\/2024\\\/02\\\/DJI_0864_websize.jpg\",\"width\":1600,\"height\":899,\"caption\":\"La Vall de Lord\"},\"image\":{\"@id\":\"https:\\\/\\\/lavalldelord.com\\\/ca\\\/#\\\/schema\\\/logo\\\/image\\\/\"},\"sameAs\":[\"https:\\\/\\\/www.facebook.com\\\/turismevalldelord\",\"https:\\\/\\\/x.com\\\/valldelord\",\"https:\\\/\\\/www.instagram.com\\\/turismevalldelord\"]}]}<\/script>\n<!-- \/ Yoast SEO plugin. -->","yoast_head_json":{"title":"Pol\u00edtica de privacitat - La Vall de Lord","robots":{"index":"index","follow":"follow","max-snippet":"max-snippet:-1","max-image-preview":"max-image-preview:large","max-video-preview":"max-video-preview:-1"},"canonical":"https:\/\/lavalldelord.com\/ca\/politica-de-privacitat-2\/","og_locale":"ca_ES","og_type":"article","og_title":"Pol\u00edtica de privacitat - La Vall de Lord","og_description":"Protecci\u00f3 de dades Per poder participar a les fires-mercat de Sant Lloren\u00e7 de Morunys, els participants\/empreses\/expositors hauran de subministrar dades [&hellip;]","og_url":"https:\/\/lavalldelord.com\/ca\/politica-de-privacitat-2\/","og_site_name":"La Vall de Lord","article_publisher":"https:\/\/www.facebook.com\/turismevalldelord","article_modified_time":"2021-09-27T08:56:44+00:00","twitter_card":"summary_large_image","twitter_site":"@valldelord","twitter_misc":{"Temps estimat de lectura":"2 minuts"},"schema":{"@context":"https:\/\/schema.org","@graph":[{"@type":"WebPage","@id":"https:\/\/lavalldelord.com\/ca\/politica-de-privacitat-2\/","url":"https:\/\/lavalldelord.com\/ca\/politica-de-privacitat-2\/","name":"Pol\u00edtica de privacitat - La Vall de Lord","isPartOf":{"@id":"https:\/\/lavalldelord.com\/ca\/#website"},"datePublished":"2021-09-22T13:47:11+00:00","dateModified":"2021-09-27T08:56:44+00:00","breadcrumb":{"@id":"https:\/\/lavalldelord.com\/ca\/politica-de-privacitat-2\/#breadcrumb"},"inLanguage":"ca","potentialAction":[{"@type":"ReadAction","target":[["https:\/\/lavalldelord.com\/ca\/politica-de-privacitat-2\/"]]}]},{"@type":"BreadcrumbList","@id":"https:\/\/lavalldelord.com\/ca\/politica-de-privacitat-2\/#breadcrumb","itemListElement":[{"@type":"ListItem","position":1,"name":"Inici","item":"https:\/\/lavalldelord.com\/ca\/"},{"@type":"ListItem","position":2,"name":"Pol\u00edtica de privacitat"}]},{"@type":"WebSite","@id":"https:\/\/lavalldelord.com\/ca\/#website","url":"https:\/\/lavalldelord.com\/ca\/","name":"Turisme Vall de Lord","description":"Portal tur\u00edstic de la Vall de Lord, naturalment!","publisher":{"@id":"https:\/\/lavalldelord.com\/ca\/#organization"},"potentialAction":[{"@type":"SearchAction","target":{"@type":"EntryPoint","urlTemplate":"https:\/\/lavalldelord.com\/ca\/?s={search_term_string}"},"query-input":{"@type":"PropertyValueSpecification","valueRequired":true,"valueName":"search_term_string"}}],"inLanguage":"ca"},{"@type":"Organization","@id":"https:\/\/lavalldelord.com\/ca\/#organization","name":"La Vall de Lord","url":"https:\/\/lavalldelord.com\/ca\/","logo":{"@type":"ImageObject","inLanguage":"ca","@id":"https:\/\/lavalldelord.com\/ca\/#\/schema\/logo\/image\/","url":"https:\/\/lavalldelord.com\/wp-content\/uploads\/2024\/02\/DJI_0864_websize.jpg","contentUrl":"https:\/\/lavalldelord.com\/wp-content\/uploads\/2024\/02\/DJI_0864_websize.jpg","width":1600,"height":899,"caption":"La Vall de Lord"},"image":{"@id":"https:\/\/lavalldelord.com\/ca\/#\/schema\/logo\/image\/"},"sameAs":["https:\/\/www.facebook.com\/turismevalldelord","https:\/\/x.com\/valldelord","https:\/\/www.instagram.com\/turismevalldelord"]}]}},"_links":{"self":[{"href":"https:\/\/lavalldelord.com\/ca\/wp-json\/wp\/v2\/pages\/8789","targetHints":{"allow":["GET"]}}],"collection":[{"href":"https:\/\/lavalldelord.com\/ca\/wp-json\/wp\/v2\/pages"}],"about":[{"href":"https:\/\/lavalldelord.com\/ca\/wp-json\/wp\/v2\/types\/page"}],"author":[{"embeddable":true,"href":"https:\/\/lavalldelord.com\/ca\/wp-json\/wp\/v2\/users\/3"}],"replies":[{"embeddable":true,"href":"https:\/\/lavalldelord.com\/ca\/wp-json\/wp\/v2\/comments?post=8789"}],"version-history":[{"count":3,"href":"https:\/\/lavalldelord.com\/ca\/wp-json\/wp\/v2\/pages\/8789\/revisions"}],"predecessor-version":[{"id":8793,"href":"https:\/\/lavalldelord.com\/ca\/wp-json\/wp\/v2\/pages\/8789\/revisions\/8793"}],"wp:attachment":[{"href":"https:\/\/lavalldelord.com\/ca\/wp-json\/wp\/v2\/media?parent=8789"}],"curies":[{"name":"wp","href":"https:\/\/api.w.org\/{rel}","templated":true}]}}