{"id":11891,"date":"2024-11-01T19:35:10","date_gmt":"2024-11-01T18:35:10","guid":{"rendered":"https:\/\/lavalldelord.com\/?page_id=11891"},"modified":"2025-01-27T13:56:12","modified_gmt":"2025-01-27T12:56:12","slug":"el-passaport-de-sant-llorenc-de-morunys","status":"publish","type":"page","link":"https:\/\/lavalldelord.com\/en\/passaport-sant-llorenc\/el-passaport-de-sant-llorenc-de-morunys\/","title":{"rendered":"El passaport"},"content":{"rendered":"<p class=\"qtranxs-available-languages-message qtranxs-available-languages-message-en\">Sorry, this entry is only available in <a href=\"https:\/\/lavalldelord.com\/ca\/wp-json\/wp\/v2\/pages\/11891\" class=\"qtranxs-available-language-link qtranxs-available-language-link-ca\" title=\"Catal\u00e0\">Catal\u00e0<\/a>.<\/p>","protected":false},"excerpt":{"rendered":"<p>Sorry, this entry is only available in Catal\u00e0.<\/p>\n","protected":false},"author":3,"featured_media":11937,"parent":11833,"menu_order":37,"comment_status":"closed","ping_status":"closed","template":"full-width.php","meta":{"_acf_changed":false,"_exactmetrics_skip_tracking":false,"_exactmetrics_sitenote_active":false,"_exactmetrics_sitenote_note":"","_exactmetrics_sitenote_category":0,"_joinchat":[],"footnotes":""},"class_list":["post-11891","page","type-page","status-publish","has-post-thumbnail","hentry"],"acf":[],"yoast_head":"<!-- This site is optimized with the Yoast SEO plugin v27.5 - https:\/\/yoast.com\/product\/yoast-seo-wordpress\/ -->\n<title>El passaport de Sant Lloren\u00e7 de Morunys<\/title>\n<meta name=\"description\" content=\"Tota la informaci\u00f3 sobre el passaport de Sant Lloren\u00e7 de Morunys. Descobrir el patrimoni de Sant Lloren\u00e7 de Morunys t\u00e9 premi!\" \/>\n<meta name=\"robots\" content=\"index, follow, max-snippet:-1, max-image-preview:large, max-video-preview:-1\" \/>\n<link rel=\"canonical\" href=\"https:\/\/lavalldelord.com\/en\/passaport-sant-llorenc\/el-passaport-de-sant-llorenc-de-morunys\/\" \/>\n<meta property=\"og:locale\" content=\"en_US\" \/>\n<meta property=\"og:type\" content=\"article\" \/>\n<meta property=\"og:title\" content=\"El passaport de Sant Lloren\u00e7 de Morunys\" \/>\n<meta property=\"og:description\" content=\"Tota la informaci\u00f3 sobre el passaport de Sant Lloren\u00e7 de Morunys. Descobrir el patrimoni de Sant Lloren\u00e7 de Morunys t\u00e9 premi!\" \/>\n<meta property=\"og:url\" content=\"https:\/\/lavalldelord.com\/en\/passaport-sant-llorenc\/el-passaport-de-sant-llorenc-de-morunys\/\" \/>\n<meta property=\"og:site_name\" content=\"La Vall de Lord\" \/>\n<meta property=\"article:publisher\" content=\"https:\/\/www.facebook.com\/turismevalldelord\" \/>\n<meta property=\"article:modified_time\" content=\"2025-01-27T12:56:12+00:00\" \/>\n<meta property=\"og:image\" content=\"https:\/\/lavalldelord.com\/wp-content\/uploads\/2024\/11\/1-1024x724.png\" \/>\n\t<meta property=\"og:image:width\" content=\"1024\" \/>\n\t<meta property=\"og:image:height\" content=\"724\" \/>\n\t<meta property=\"og:image:type\" content=\"image\/png\" \/>\n<meta name=\"twitter:card\" content=\"summary_large_image\" \/>\n<meta name=\"twitter:site\" content=\"@valldelord\" \/>\n<meta name=\"twitter:label1\" content=\"Est. reading time\" \/>\n\t<meta name=\"twitter:data1\" content=\"2 minutes\" \/>\n<script type=\"application\/ld+json\" class=\"yoast-schema-graph\">{\"@context\":\"https:\\\/\\\/schema.org\",\"@graph\":[{\"@type\":\"WebPage\",\"@id\":\"https:\\\/\\\/lavalldelord.com\\\/en\\\/passaport-sant-llorenc\\\/el-passaport-de-sant-llorenc-de-morunys\\\/\",\"url\":\"https:\\\/\\\/lavalldelord.com\\\/en\\\/passaport-sant-llorenc\\\/el-passaport-de-sant-llorenc-de-morunys\\\/\",\"name\":\"El passaport de Sant Lloren\u00e7 de Morunys\",\"isPartOf\":{\"@id\":\"https:\\\/\\\/lavalldelord.com\\\/en\\\/#website\"},\"primaryImageOfPage\":{\"@id\":\"https:\\\/\\\/lavalldelord.com\\\/en\\\/passaport-sant-llorenc\\\/el-passaport-de-sant-llorenc-de-morunys\\\/#primaryimage\"},\"image\":{\"@id\":\"https:\\\/\\\/lavalldelord.com\\\/passaport-sant-llorenc\\\/el-passaport-de-sant-llorenc-de-morunys\\\/#primaryimage\"},\"thumbnailUrl\":\"https:\\\/\\\/lavalldelord.com\\\/wp-content\\\/uploads\\\/2024\\\/11\\\/1.png\",\"datePublished\":\"2024-11-01T18:35:10+00:00\",\"dateModified\":\"2025-01-27T12:56:12+00:00\",\"description\":\"Tota la informaci\u00f3 sobre el passaport de Sant Lloren\u00e7 de Morunys. Descobrir el patrimoni de Sant Lloren\u00e7 de Morunys t\u00e9 premi!\",\"breadcrumb\":{\"@id\":\"https:\\\/\\\/lavalldelord.com\\\/en\\\/passaport-sant-llorenc\\\/el-passaport-de-sant-llorenc-de-morunys\\\/#breadcrumb\"},\"inLanguage\":\"en-US\",\"potentialAction\":[{\"@type\":\"ReadAction\",\"target\":[[\"https:\\\/\\\/lavalldelord.com\\\/en\\\/passaport-sant-llorenc\\\/el-passaport-de-sant-llorenc-de-morunys\\\/\"]]}]},{\"@type\":\"ImageObject\",\"inLanguage\":\"en-US\",\"@id\":\"https:\\\/\\\/lavalldelord.com\\\/en\\\/passaport-sant-llorenc\\\/el-passaport-de-sant-llorenc-de-morunys\\\/#primaryimage\",\"url\":\"https:\\\/\\\/lavalldelord.com\\\/wp-content\\\/uploads\\\/2024\\\/11\\\/1.png\",\"contentUrl\":\"https:\\\/\\\/lavalldelord.com\\\/wp-content\\\/uploads\\\/2024\\\/11\\\/1.png\",\"width\":2000,\"height\":1414},{\"@type\":\"BreadcrumbList\",\"@id\":\"https:\\\/\\\/lavalldelord.com\\\/en\\\/passaport-sant-llorenc\\\/el-passaport-de-sant-llorenc-de-morunys\\\/#breadcrumb\",\"itemListElement\":[{\"@type\":\"ListItem\",\"position\":1,\"name\":\"Inici\",\"item\":\"https:\\\/\\\/lavalldelord.com\\\/en\\\/\"},{\"@type\":\"ListItem\",\"position\":2,\"name\":\"PASSAPORT SANT LLOREN\u00c7\",\"item\":\"https:\\\/\\\/lavalldelord.com\\\/en\\\/passaport-sant-llorenc\\\/\"},{\"@type\":\"ListItem\",\"position\":3,\"name\":\"El passaport\"}]},{\"@type\":\"WebSite\",\"@id\":\"https:\\\/\\\/lavalldelord.com\\\/en\\\/#website\",\"url\":\"https:\\\/\\\/lavalldelord.com\\\/en\\\/\",\"name\":\"Turisme Vall de Lord\",\"description\":\"Portal tur\u00edstic de la Vall de Lord, naturalment!\",\"publisher\":{\"@id\":\"https:\\\/\\\/lavalldelord.com\\\/en\\\/#organization\"},\"potentialAction\":[{\"@type\":\"SearchAction\",\"target\":{\"@type\":\"EntryPoint\",\"urlTemplate\":\"https:\\\/\\\/lavalldelord.com\\\/en\\\/?s={search_term_string}\"},\"query-input\":{\"@type\":\"PropertyValueSpecification\",\"valueRequired\":true,\"valueName\":\"search_term_string\"}}],\"inLanguage\":\"en-US\"},{\"@type\":\"Organization\",\"@id\":\"https:\\\/\\\/lavalldelord.com\\\/en\\\/#organization\",\"name\":\"La Vall de Lord\",\"url\":\"https:\\\/\\\/lavalldelord.com\\\/en\\\/\",\"logo\":{\"@type\":\"ImageObject\",\"inLanguage\":\"en-US\",\"@id\":\"https:\\\/\\\/lavalldelord.com\\\/en\\\/#\\\/schema\\\/logo\\\/image\\\/\",\"url\":\"https:\\\/\\\/lavalldelord.com\\\/wp-content\\\/uploads\\\/2024\\\/02\\\/DJI_0864_websize.jpg\",\"contentUrl\":\"https:\\\/\\\/lavalldelord.com\\\/wp-content\\\/uploads\\\/2024\\\/02\\\/DJI_0864_websize.jpg\",\"width\":1600,\"height\":899,\"caption\":\"La Vall de Lord\"},\"image\":{\"@id\":\"https:\\\/\\\/lavalldelord.com\\\/en\\\/#\\\/schema\\\/logo\\\/image\\\/\"},\"sameAs\":[\"https:\\\/\\\/www.facebook.com\\\/turismevalldelord\",\"https:\\\/\\\/x.com\\\/valldelord\",\"https:\\\/\\\/www.instagram.com\\\/turismevalldelord\"]}]}<\/script>\n<!-- \/ Yoast SEO plugin. -->","yoast_head_json":{"title":"El passaport de Sant Lloren\u00e7 de Morunys","description":"Tota la informaci\u00f3 sobre el passaport de Sant Lloren\u00e7 de Morunys. Descobrir el patrimoni de Sant Lloren\u00e7 de Morunys t\u00e9 premi!","robots":{"index":"index","follow":"follow","max-snippet":"max-snippet:-1","max-image-preview":"max-image-preview:large","max-video-preview":"max-video-preview:-1"},"canonical":"https:\/\/lavalldelord.com\/en\/passaport-sant-llorenc\/el-passaport-de-sant-llorenc-de-morunys\/","og_locale":"en_US","og_type":"article","og_title":"El passaport de Sant Lloren\u00e7 de Morunys","og_description":"Tota la informaci\u00f3 sobre el passaport de Sant Lloren\u00e7 de Morunys. Descobrir el patrimoni de Sant Lloren\u00e7 de Morunys t\u00e9 premi!","og_url":"https:\/\/lavalldelord.com\/en\/passaport-sant-llorenc\/el-passaport-de-sant-llorenc-de-morunys\/","og_site_name":"La Vall de Lord","article_publisher":"https:\/\/www.facebook.com\/turismevalldelord","article_modified_time":"2025-01-27T12:56:12+00:00","og_image":[{"width":1024,"height":724,"url":"https:\/\/lavalldelord.com\/wp-content\/uploads\/2024\/11\/1-1024x724.png","type":"image\/png"}],"twitter_card":"summary_large_image","twitter_site":"@valldelord","twitter_misc":{"Est. reading time":"2 minutes"},"schema":{"@context":"https:\/\/schema.org","@graph":[{"@type":"WebPage","@id":"https:\/\/lavalldelord.com\/en\/passaport-sant-llorenc\/el-passaport-de-sant-llorenc-de-morunys\/","url":"https:\/\/lavalldelord.com\/en\/passaport-sant-llorenc\/el-passaport-de-sant-llorenc-de-morunys\/","name":"El passaport de Sant Lloren\u00e7 de Morunys","isPartOf":{"@id":"https:\/\/lavalldelord.com\/en\/#website"},"primaryImageOfPage":{"@id":"https:\/\/lavalldelord.com\/en\/passaport-sant-llorenc\/el-passaport-de-sant-llorenc-de-morunys\/#primaryimage"},"image":{"@id":"https:\/\/lavalldelord.com\/passaport-sant-llorenc\/el-passaport-de-sant-llorenc-de-morunys\/#primaryimage"},"thumbnailUrl":"https:\/\/lavalldelord.com\/wp-content\/uploads\/2024\/11\/1.png","datePublished":"2024-11-01T18:35:10+00:00","dateModified":"2025-01-27T12:56:12+00:00","description":"Tota la informaci\u00f3 sobre el passaport de Sant Lloren\u00e7 de Morunys. Descobrir el patrimoni de Sant Lloren\u00e7 de Morunys t\u00e9 premi!","breadcrumb":{"@id":"https:\/\/lavalldelord.com\/en\/passaport-sant-llorenc\/el-passaport-de-sant-llorenc-de-morunys\/#breadcrumb"},"inLanguage":"en-US","potentialAction":[{"@type":"ReadAction","target":[["https:\/\/lavalldelord.com\/en\/passaport-sant-llorenc\/el-passaport-de-sant-llorenc-de-morunys\/"]]}]},{"@type":"ImageObject","inLanguage":"en-US","@id":"https:\/\/lavalldelord.com\/en\/passaport-sant-llorenc\/el-passaport-de-sant-llorenc-de-morunys\/#primaryimage","url":"https:\/\/lavalldelord.com\/wp-content\/uploads\/2024\/11\/1.png","contentUrl":"https:\/\/lavalldelord.com\/wp-content\/uploads\/2024\/11\/1.png","width":2000,"height":1414},{"@type":"BreadcrumbList","@id":"https:\/\/lavalldelord.com\/en\/passaport-sant-llorenc\/el-passaport-de-sant-llorenc-de-morunys\/#breadcrumb","itemListElement":[{"@type":"ListItem","position":1,"name":"Inici","item":"https:\/\/lavalldelord.com\/en\/"},{"@type":"ListItem","position":2,"name":"PASSAPORT SANT LLOREN\u00c7","item":"https:\/\/lavalldelord.com\/en\/passaport-sant-llorenc\/"},{"@type":"ListItem","position":3,"name":"El passaport"}]},{"@type":"WebSite","@id":"https:\/\/lavalldelord.com\/en\/#website","url":"https:\/\/lavalldelord.com\/en\/","name":"Turisme Vall de Lord","description":"Portal tur\u00edstic de la Vall de Lord, naturalment!","publisher":{"@id":"https:\/\/lavalldelord.com\/en\/#organization"},"potentialAction":[{"@type":"SearchAction","target":{"@type":"EntryPoint","urlTemplate":"https:\/\/lavalldelord.com\/en\/?s={search_term_string}"},"query-input":{"@type":"PropertyValueSpecification","valueRequired":true,"valueName":"search_term_string"}}],"inLanguage":"en-US"},{"@type":"Organization","@id":"https:\/\/lavalldelord.com\/en\/#organization","name":"La Vall de Lord","url":"https:\/\/lavalldelord.com\/en\/","logo":{"@type":"ImageObject","inLanguage":"en-US","@id":"https:\/\/lavalldelord.com\/en\/#\/schema\/logo\/image\/","url":"https:\/\/lavalldelord.com\/wp-content\/uploads\/2024\/02\/DJI_0864_websize.jpg","contentUrl":"https:\/\/lavalldelord.com\/wp-content\/uploads\/2024\/02\/DJI_0864_websize.jpg","width":1600,"height":899,"caption":"La Vall de Lord"},"image":{"@id":"https:\/\/lavalldelord.com\/en\/#\/schema\/logo\/image\/"},"sameAs":["https:\/\/www.facebook.com\/turismevalldelord","https:\/\/x.com\/valldelord","https:\/\/www.instagram.com\/turismevalldelord"]}]}},"_links":{"self":[{"href":"https:\/\/lavalldelord.com\/en\/wp-json\/wp\/v2\/pages\/11891","targetHints":{"allow":["GET"]}}],"collection":[{"href":"https:\/\/lavalldelord.com\/en\/wp-json\/wp\/v2\/pages"}],"about":[{"href":"https:\/\/lavalldelord.com\/en\/wp-json\/wp\/v2\/types\/page"}],"author":[{"embeddable":true,"href":"https:\/\/lavalldelord.com\/en\/wp-json\/wp\/v2\/users\/3"}],"replies":[{"embeddable":true,"href":"https:\/\/lavalldelord.com\/en\/wp-json\/wp\/v2\/comments?post=11891"}],"version-history":[{"count":15,"href":"https:\/\/lavalldelord.com\/en\/wp-json\/wp\/v2\/pages\/11891\/revisions"}],"predecessor-version":[{"id":12205,"href":"https:\/\/lavalldelord.com\/en\/wp-json\/wp\/v2\/pages\/11891\/revisions\/12205"}],"up":[{"embeddable":true,"href":"https:\/\/lavalldelord.com\/en\/wp-json\/wp\/v2\/pages\/11833"}],"wp:featuredmedia":[{"embeddable":true,"href":"https:\/\/lavalldelord.com\/en\/wp-json\/wp\/v2\/media\/11937"}],"wp:attachment":[{"href":"https:\/\/lavalldelord.com\/en\/wp-json\/wp\/v2\/media?parent=11891"}],"curies":[{"name":"wp","href":"https:\/\/api.w.org\/{rel}","templated":true}]}}