{"id":8877,"date":"2022-01-22T10:16:33","date_gmt":"2022-01-22T10:16:33","guid":{"rendered":"https:\/\/lavalldelord.com\/?page_id=8877"},"modified":"2026-04-27T11:17:28","modified_gmt":"2026-04-27T10:17:28","slug":"cicle-gaudi","status":"publish","type":"page","link":"https:\/\/lavalldelord.com\/en\/cicle-gaudi\/","title":{"rendered":"Cicle Gaud\u00ed a Sant Lloren\u00e7 de Morunys"},"content":{"rendered":"<p class=\"qtranxs-available-languages-message qtranxs-available-languages-message-en\">Sorry, this entry is only available in <a href=\"https:\/\/lavalldelord.com\/ca\/wp-json\/wp\/v2\/pages\/8877\" class=\"qtranxs-available-language-link qtranxs-available-language-link-ca\" title=\"Catal\u00e0\">Catal\u00e0<\/a>.<\/p>","protected":false},"excerpt":{"rendered":"<p>Sorry, this entry is only available in Catal\u00e0.<\/p>\n","protected":false},"author":3,"featured_media":10549,"parent":0,"menu_order":62,"comment_status":"closed","ping_status":"closed","template":"","meta":{"_acf_changed":false,"_exactmetrics_skip_tracking":false,"_exactmetrics_sitenote_active":false,"_exactmetrics_sitenote_note":"","_exactmetrics_sitenote_category":0,"_joinchat":[],"footnotes":""},"class_list":["post-8877","page","type-page","status-publish","has-post-thumbnail","hentry"],"acf":[],"yoast_head":"<!-- This site is optimized with the Yoast SEO plugin v27.5 - https:\/\/yoast.com\/product\/yoast-seo-wordpress\/ -->\n<title>Cicle Gaud\u00ed a Sant Lloren\u00e7 de Morunys<\/title>\n<meta name=\"description\" content=\"Cicle Gaud\u00ed a Sant Lloren\u00e7 de Morunys. Programaci\u00f3 i informaci\u00f3 de totes les pel\u00b7l\u00edcules que es projectaran al Teatre Municipal\" \/>\n<meta name=\"robots\" content=\"index, follow, max-snippet:-1, max-image-preview:large, max-video-preview:-1\" \/>\n<link rel=\"canonical\" href=\"https:\/\/lavalldelord.com\/en\/cicle-gaudi\/\" \/>\n<meta property=\"og:locale\" content=\"en_US\" \/>\n<meta property=\"og:type\" content=\"article\" \/>\n<meta property=\"og:title\" content=\"Cicle Gaud\u00ed a Sant Lloren\u00e7 de Morunys\" \/>\n<meta property=\"og:description\" content=\"Cicle Gaud\u00ed a Sant Lloren\u00e7 de Morunys. Programaci\u00f3 i informaci\u00f3 de totes les pel\u00b7l\u00edcules que es projectaran al Teatre Municipal\" \/>\n<meta property=\"og:url\" content=\"https:\/\/lavalldelord.com\/en\/cicle-gaudi\/\" \/>\n<meta property=\"og:site_name\" content=\"La Vall de Lord\" \/>\n<meta property=\"article:publisher\" content=\"https:\/\/www.facebook.com\/turismevalldelord\" \/>\n<meta property=\"article:modified_time\" content=\"2026-04-27T10:17:28+00:00\" \/>\n<meta property=\"og:image\" content=\"https:\/\/lavalldelord.com\/wp-content\/uploads\/2024\/02\/cg-vermell_claim_vermell-e1708780045294.png\" \/>\n\t<meta property=\"og:image:width\" content=\"2332\" \/>\n\t<meta property=\"og:image:height\" content=\"1298\" \/>\n\t<meta property=\"og:image:type\" content=\"image\/png\" \/>\n<meta name=\"twitter:card\" content=\"summary_large_image\" \/>\n<meta name=\"twitter:site\" content=\"@valldelord\" \/>\n<meta name=\"twitter:label1\" content=\"Est. reading time\" \/>\n\t<meta name=\"twitter:data1\" content=\"1 minute\" \/>\n<script type=\"application\/ld+json\" class=\"yoast-schema-graph\">{\"@context\":\"https:\\\/\\\/schema.org\",\"@graph\":[{\"@type\":\"WebPage\",\"@id\":\"https:\\\/\\\/lavalldelord.com\\\/en\\\/cicle-gaudi\\\/\",\"url\":\"https:\\\/\\\/lavalldelord.com\\\/en\\\/cicle-gaudi\\\/\",\"name\":\"Cicle Gaud\u00ed a Sant Lloren\u00e7 de Morunys\",\"isPartOf\":{\"@id\":\"https:\\\/\\\/lavalldelord.com\\\/en\\\/#website\"},\"primaryImageOfPage\":{\"@id\":\"https:\\\/\\\/lavalldelord.com\\\/en\\\/cicle-gaudi\\\/#primaryimage\"},\"image\":{\"@id\":\"https:\\\/\\\/lavalldelord.com\\\/cicle-gaudi\\\/#primaryimage\"},\"thumbnailUrl\":\"https:\\\/\\\/lavalldelord.com\\\/wp-content\\\/uploads\\\/2024\\\/02\\\/cg-vermell_claim_vermell-e1708780045294.png\",\"datePublished\":\"2022-01-22T10:16:33+00:00\",\"dateModified\":\"2026-04-27T10:17:28+00:00\",\"description\":\"Cicle Gaud\u00ed a Sant Lloren\u00e7 de Morunys. Programaci\u00f3 i informaci\u00f3 de totes les pel\u00b7l\u00edcules que es projectaran al Teatre Municipal\",\"breadcrumb\":{\"@id\":\"https:\\\/\\\/lavalldelord.com\\\/en\\\/cicle-gaudi\\\/#breadcrumb\"},\"inLanguage\":\"en-US\",\"potentialAction\":[{\"@type\":\"ReadAction\",\"target\":[[\"https:\\\/\\\/lavalldelord.com\\\/en\\\/cicle-gaudi\\\/\"]]}]},{\"@type\":\"ImageObject\",\"inLanguage\":\"en-US\",\"@id\":\"https:\\\/\\\/lavalldelord.com\\\/en\\\/cicle-gaudi\\\/#primaryimage\",\"url\":\"https:\\\/\\\/lavalldelord.com\\\/wp-content\\\/uploads\\\/2024\\\/02\\\/cg-vermell_claim_vermell-e1708780045294.png\",\"contentUrl\":\"https:\\\/\\\/lavalldelord.com\\\/wp-content\\\/uploads\\\/2024\\\/02\\\/cg-vermell_claim_vermell-e1708780045294.png\",\"width\":2332,\"height\":1298,\"caption\":\"[:ca]Cicle Gaud\u00ed a Sant Lloren\u00e7 de Morunys[:]\"},{\"@type\":\"BreadcrumbList\",\"@id\":\"https:\\\/\\\/lavalldelord.com\\\/en\\\/cicle-gaudi\\\/#breadcrumb\",\"itemListElement\":[{\"@type\":\"ListItem\",\"position\":1,\"name\":\"Inici\",\"item\":\"https:\\\/\\\/lavalldelord.com\\\/en\\\/\"},{\"@type\":\"ListItem\",\"position\":2,\"name\":\"Cicle Gaud\u00ed a Sant Lloren\u00e7 de Morunys\"}]},{\"@type\":\"WebSite\",\"@id\":\"https:\\\/\\\/lavalldelord.com\\\/en\\\/#website\",\"url\":\"https:\\\/\\\/lavalldelord.com\\\/en\\\/\",\"name\":\"Turisme Vall de Lord\",\"description\":\"Portal tur\u00edstic de la Vall de Lord, naturalment!\",\"publisher\":{\"@id\":\"https:\\\/\\\/lavalldelord.com\\\/en\\\/#organization\"},\"potentialAction\":[{\"@type\":\"SearchAction\",\"target\":{\"@type\":\"EntryPoint\",\"urlTemplate\":\"https:\\\/\\\/lavalldelord.com\\\/en\\\/?s={search_term_string}\"},\"query-input\":{\"@type\":\"PropertyValueSpecification\",\"valueRequired\":true,\"valueName\":\"search_term_string\"}}],\"inLanguage\":\"en-US\"},{\"@type\":\"Organization\",\"@id\":\"https:\\\/\\\/lavalldelord.com\\\/en\\\/#organization\",\"name\":\"La Vall de Lord\",\"url\":\"https:\\\/\\\/lavalldelord.com\\\/en\\\/\",\"logo\":{\"@type\":\"ImageObject\",\"inLanguage\":\"en-US\",\"@id\":\"https:\\\/\\\/lavalldelord.com\\\/en\\\/#\\\/schema\\\/logo\\\/image\\\/\",\"url\":\"https:\\\/\\\/lavalldelord.com\\\/wp-content\\\/uploads\\\/2024\\\/02\\\/DJI_0864_websize.jpg\",\"contentUrl\":\"https:\\\/\\\/lavalldelord.com\\\/wp-content\\\/uploads\\\/2024\\\/02\\\/DJI_0864_websize.jpg\",\"width\":1600,\"height\":899,\"caption\":\"La Vall de Lord\"},\"image\":{\"@id\":\"https:\\\/\\\/lavalldelord.com\\\/en\\\/#\\\/schema\\\/logo\\\/image\\\/\"},\"sameAs\":[\"https:\\\/\\\/www.facebook.com\\\/turismevalldelord\",\"https:\\\/\\\/x.com\\\/valldelord\",\"https:\\\/\\\/www.instagram.com\\\/turismevalldelord\"]}]}<\/script>\n<!-- \/ Yoast SEO plugin. -->","yoast_head_json":{"title":"Cicle Gaud\u00ed a Sant Lloren\u00e7 de Morunys","description":"Cicle Gaud\u00ed a Sant Lloren\u00e7 de Morunys. Programaci\u00f3 i informaci\u00f3 de totes les pel\u00b7l\u00edcules que es projectaran al Teatre Municipal","robots":{"index":"index","follow":"follow","max-snippet":"max-snippet:-1","max-image-preview":"max-image-preview:large","max-video-preview":"max-video-preview:-1"},"canonical":"https:\/\/lavalldelord.com\/en\/cicle-gaudi\/","og_locale":"en_US","og_type":"article","og_title":"Cicle Gaud\u00ed a Sant Lloren\u00e7 de Morunys","og_description":"Cicle Gaud\u00ed a Sant Lloren\u00e7 de Morunys. Programaci\u00f3 i informaci\u00f3 de totes les pel\u00b7l\u00edcules que es projectaran al Teatre Municipal","og_url":"https:\/\/lavalldelord.com\/en\/cicle-gaudi\/","og_site_name":"La Vall de Lord","article_publisher":"https:\/\/www.facebook.com\/turismevalldelord","article_modified_time":"2026-04-27T10:17:28+00:00","og_image":[{"width":2332,"height":1298,"url":"https:\/\/lavalldelord.com\/wp-content\/uploads\/2024\/02\/cg-vermell_claim_vermell-e1708780045294.png","type":"image\/png"}],"twitter_card":"summary_large_image","twitter_site":"@valldelord","twitter_misc":{"Est. reading time":"1 minute"},"schema":{"@context":"https:\/\/schema.org","@graph":[{"@type":"WebPage","@id":"https:\/\/lavalldelord.com\/en\/cicle-gaudi\/","url":"https:\/\/lavalldelord.com\/en\/cicle-gaudi\/","name":"Cicle Gaud\u00ed a Sant Lloren\u00e7 de Morunys","isPartOf":{"@id":"https:\/\/lavalldelord.com\/en\/#website"},"primaryImageOfPage":{"@id":"https:\/\/lavalldelord.com\/en\/cicle-gaudi\/#primaryimage"},"image":{"@id":"https:\/\/lavalldelord.com\/cicle-gaudi\/#primaryimage"},"thumbnailUrl":"https:\/\/lavalldelord.com\/wp-content\/uploads\/2024\/02\/cg-vermell_claim_vermell-e1708780045294.png","datePublished":"2022-01-22T10:16:33+00:00","dateModified":"2026-04-27T10:17:28+00:00","description":"Cicle Gaud\u00ed a Sant Lloren\u00e7 de Morunys. Programaci\u00f3 i informaci\u00f3 de totes les pel\u00b7l\u00edcules que es projectaran al Teatre Municipal","breadcrumb":{"@id":"https:\/\/lavalldelord.com\/en\/cicle-gaudi\/#breadcrumb"},"inLanguage":"en-US","potentialAction":[{"@type":"ReadAction","target":[["https:\/\/lavalldelord.com\/en\/cicle-gaudi\/"]]}]},{"@type":"ImageObject","inLanguage":"en-US","@id":"https:\/\/lavalldelord.com\/en\/cicle-gaudi\/#primaryimage","url":"https:\/\/lavalldelord.com\/wp-content\/uploads\/2024\/02\/cg-vermell_claim_vermell-e1708780045294.png","contentUrl":"https:\/\/lavalldelord.com\/wp-content\/uploads\/2024\/02\/cg-vermell_claim_vermell-e1708780045294.png","width":2332,"height":1298,"caption":"[:ca]Cicle Gaud\u00ed a Sant Lloren\u00e7 de Morunys[:]"},{"@type":"BreadcrumbList","@id":"https:\/\/lavalldelord.com\/en\/cicle-gaudi\/#breadcrumb","itemListElement":[{"@type":"ListItem","position":1,"name":"Inici","item":"https:\/\/lavalldelord.com\/en\/"},{"@type":"ListItem","position":2,"name":"Cicle Gaud\u00ed a Sant Lloren\u00e7 de Morunys"}]},{"@type":"WebSite","@id":"https:\/\/lavalldelord.com\/en\/#website","url":"https:\/\/lavalldelord.com\/en\/","name":"Turisme Vall de Lord","description":"Portal tur\u00edstic de la Vall de Lord, naturalment!","publisher":{"@id":"https:\/\/lavalldelord.com\/en\/#organization"},"potentialAction":[{"@type":"SearchAction","target":{"@type":"EntryPoint","urlTemplate":"https:\/\/lavalldelord.com\/en\/?s={search_term_string}"},"query-input":{"@type":"PropertyValueSpecification","valueRequired":true,"valueName":"search_term_string"}}],"inLanguage":"en-US"},{"@type":"Organization","@id":"https:\/\/lavalldelord.com\/en\/#organization","name":"La Vall de Lord","url":"https:\/\/lavalldelord.com\/en\/","logo":{"@type":"ImageObject","inLanguage":"en-US","@id":"https:\/\/lavalldelord.com\/en\/#\/schema\/logo\/image\/","url":"https:\/\/lavalldelord.com\/wp-content\/uploads\/2024\/02\/DJI_0864_websize.jpg","contentUrl":"https:\/\/lavalldelord.com\/wp-content\/uploads\/2024\/02\/DJI_0864_websize.jpg","width":1600,"height":899,"caption":"La Vall de Lord"},"image":{"@id":"https:\/\/lavalldelord.com\/en\/#\/schema\/logo\/image\/"},"sameAs":["https:\/\/www.facebook.com\/turismevalldelord","https:\/\/x.com\/valldelord","https:\/\/www.instagram.com\/turismevalldelord"]}]}},"_links":{"self":[{"href":"https:\/\/lavalldelord.com\/en\/wp-json\/wp\/v2\/pages\/8877","targetHints":{"allow":["GET"]}}],"collection":[{"href":"https:\/\/lavalldelord.com\/en\/wp-json\/wp\/v2\/pages"}],"about":[{"href":"https:\/\/lavalldelord.com\/en\/wp-json\/wp\/v2\/types\/page"}],"author":[{"embeddable":true,"href":"https:\/\/lavalldelord.com\/en\/wp-json\/wp\/v2\/users\/3"}],"replies":[{"embeddable":true,"href":"https:\/\/lavalldelord.com\/en\/wp-json\/wp\/v2\/comments?post=8877"}],"version-history":[{"count":3,"href":"https:\/\/lavalldelord.com\/en\/wp-json\/wp\/v2\/pages\/8877\/revisions"}],"predecessor-version":[{"id":13856,"href":"https:\/\/lavalldelord.com\/en\/wp-json\/wp\/v2\/pages\/8877\/revisions\/13856"}],"wp:featuredmedia":[{"embeddable":true,"href":"https:\/\/lavalldelord.com\/en\/wp-json\/wp\/v2\/media\/10549"}],"wp:attachment":[{"href":"https:\/\/lavalldelord.com\/en\/wp-json\/wp\/v2\/media?parent=8877"}],"curies":[{"name":"wp","href":"https:\/\/api.w.org\/{rel}","templated":true}]}}