{"id":10873,"date":"2024-03-24T09:14:34","date_gmt":"2024-03-24T08:14:34","guid":{"rendered":"https:\/\/lavalldelord.com\/?page_id=10873"},"modified":"2024-12-16T11:55:54","modified_gmt":"2024-12-16T10:55:54","slug":"el-temps","status":"publish","type":"page","link":"https:\/\/lavalldelord.com\/es\/el-temps\/","title":{"rendered":"El tiempo"},"content":{"rendered":"<p><\/p>\n<h3>El tiempo en Sant Lloren\u00e7 de Morunys, La Coma i La Pedra i Guixers. La Vall de Lord<\/h3>\n<p>A continuaci\u00f3n puedes consultar la predicci\u00f3n del tiempo en Sant Lloren\u00e7 de Morunys y en los diferentes municipios de la Vall de Lord:<\/p>\n<p>&nbsp;<\/p>\n<p><a href=\"https:\/\/lavalldelord.com\/ca\/punt\/sant-llorenc-morunys\/\"><strong>Sant Lloren\u00e7 de Morunys<\/strong><\/a><br \/>\n<iframe loading=\"lazy\" style=\"border: 0;\" title=\"Predicci\u00f3 municipal a 8 dies\" src=\"https:\/\/static-m.meteo.cat\/ginys\/municipal8d?location=251930&amp;alternativeTitle=Predicci\u00f3 pels propers dies&amp;language=ca&amp;color=2c3e50&amp;tempFormat=\u00baC&amp;target=_blank\" width=\"520\" height=\"218\" frameborder=\"0\" scrolling=\"no\" data-mce-fragment=\"1\"><\/iframe><br \/>\n<a href=\"https:\/\/lavalldelord.com\/ca\/punt\/la-coma-i-la-pedra\/\"><strong>La Coma i La Pedra<\/strong><\/a><br \/>\n<iframe loading=\"lazy\" style=\"border: 0;\" title=\"Predicci\u00f3 municipal a 8 dies\" src=\"https:\/\/static-m.meteo.cat\/ginys\/municipal8d?location=251636&amp;alternativeTitle=Predicci\u00f3 pels propers dies&amp;language=ca&amp;color=2c3e50&amp;tempFormat=\u00baC&amp;target=_blank\" width=\"520\" height=\"218\" frameborder=\"0\" scrolling=\"no\" data-mce-fragment=\"1\"><\/iframe><br \/>\n<a href=\"https:\/\/lavalldelord.com\/ca\/punt\/guixers\/\"><strong>Guixers<\/strong><\/a><br \/>\n<iframe loading=\"lazy\" style=\"border: 0;\" title=\"Predicci\u00f3 municipal a 8 dies\" src=\"https:\/\/static-m.meteo.cat\/ginys\/municipal8d?location=251116&amp;alternativeTitle=Predicci\u00f3 pels propers dies&amp;language=ca&amp;color=2c3e50&amp;tempFormat=\u00baC&amp;target=_blank\" width=\"520\" height=\"218\" frameborder=\"0\" scrolling=\"no\" data-mce-fragment=\"1\"><\/iframe><br \/>\nTambi\u00e9n puedes consultar los datos meteorol\u00f3gicos a tiempo real en la siguiente p\u00e1gina web:\u00a0 <a href=\"https:\/\/tecnolord.cat\/meteo\">https:\/\/tecnolord.cat\/meteo\u00a0<\/a><\/p>\n<p>Ten\u00e9is toda la informaci\u00f3n de la predicci\u00f3n del tiempo en: <a href=\"https:\/\/www.meteo.cat\/\">www.meteo.cat<\/a><\/p>\n<p>&nbsp;<\/p>","protected":false},"excerpt":{"rendered":"<p>El tiempo en Sant Lloren\u00e7 de Morunys, La Coma i La Pedra i Guixers. La Vall de Lord A continuaci\u00f3n [&hellip;]<\/p>\n","protected":false},"author":3,"featured_media":10906,"parent":0,"menu_order":55,"comment_status":"closed","ping_status":"closed","template":"","meta":{"_acf_changed":false,"_exactmetrics_skip_tracking":false,"_exactmetrics_sitenote_active":false,"_exactmetrics_sitenote_note":"","_exactmetrics_sitenote_category":0,"_joinchat":[],"footnotes":""},"class_list":["post-10873","page","type-page","status-publish","has-post-thumbnail","hentry"],"acf":[],"yoast_head":"<!-- This site is optimized with the Yoast SEO plugin v27.5 - https:\/\/yoast.com\/product\/yoast-seo-wordpress\/ -->\n<title>El temps a Sant Lloren\u00e7 de Morunys<\/title>\n<meta name=\"description\" content=\"Consulta el temps temps a Sant Lloren\u00e7 de Morunys, La Coma i La Pedra i Guixers - La Vall de Lord en els propers dies\" \/>\n<meta name=\"robots\" content=\"index, follow, max-snippet:-1, max-image-preview:large, max-video-preview:-1\" \/>\n<link rel=\"canonical\" href=\"https:\/\/lavalldelord.com\/es\/el-temps\/\" \/>\n<meta property=\"og:locale\" content=\"es_ES\" \/>\n<meta property=\"og:type\" content=\"article\" \/>\n<meta property=\"og:title\" content=\"El temps a Sant Lloren\u00e7 de Morunys\" \/>\n<meta property=\"og:description\" content=\"Consulta el temps temps a Sant Lloren\u00e7 de Morunys, La Coma i La Pedra i Guixers - La Vall de Lord en els propers dies\" \/>\n<meta property=\"og:url\" content=\"https:\/\/lavalldelord.com\/es\/el-temps\/\" \/>\n<meta property=\"og:site_name\" content=\"La Vall de Lord\" \/>\n<meta property=\"article:publisher\" content=\"https:\/\/www.facebook.com\/turismevalldelord\" \/>\n<meta property=\"article:modified_time\" content=\"2024-12-16T10:55:54+00:00\" \/>\n<meta property=\"og:image\" content=\"https:\/\/lavalldelord.com\/wp-content\/uploads\/2024\/03\/DSC04533_websize.jpg\" \/>\n\t<meta property=\"og:image:width\" content=\"1600\" \/>\n\t<meta property=\"og:image:height\" content=\"1038\" \/>\n\t<meta property=\"og:image:type\" content=\"image\/jpeg\" \/>\n<meta name=\"twitter:card\" content=\"summary_large_image\" \/>\n<meta name=\"twitter:site\" content=\"@valldelord\" \/>\n<meta name=\"twitter:label1\" content=\"Tiempo de lectura\" \/>\n\t<meta name=\"twitter:data1\" content=\"1 minuto\" \/>\n<script type=\"application\/ld+json\" class=\"yoast-schema-graph\">{\"@context\":\"https:\\\/\\\/schema.org\",\"@graph\":[{\"@type\":\"WebPage\",\"@id\":\"https:\\\/\\\/lavalldelord.com\\\/es\\\/el-temps\\\/\",\"url\":\"https:\\\/\\\/lavalldelord.com\\\/es\\\/el-temps\\\/\",\"name\":\"El temps a Sant Lloren\u00e7 de Morunys\",\"isPartOf\":{\"@id\":\"https:\\\/\\\/lavalldelord.com\\\/es\\\/#website\"},\"primaryImageOfPage\":{\"@id\":\"https:\\\/\\\/lavalldelord.com\\\/es\\\/el-temps\\\/#primaryimage\"},\"image\":{\"@id\":\"https:\\\/\\\/lavalldelord.com\\\/el-temps\\\/#primaryimage\"},\"thumbnailUrl\":\"https:\\\/\\\/lavalldelord.com\\\/wp-content\\\/uploads\\\/2024\\\/03\\\/DSC04533_websize.jpg\",\"datePublished\":\"2024-03-24T08:14:34+00:00\",\"dateModified\":\"2024-12-16T10:55:54+00:00\",\"description\":\"Consulta el temps temps a Sant Lloren\u00e7 de Morunys, La Coma i La Pedra i Guixers - La Vall de Lord en els propers dies\",\"breadcrumb\":{\"@id\":\"https:\\\/\\\/lavalldelord.com\\\/es\\\/el-temps\\\/#breadcrumb\"},\"inLanguage\":\"es\",\"potentialAction\":[{\"@type\":\"ReadAction\",\"target\":[[\"https:\\\/\\\/lavalldelord.com\\\/es\\\/el-temps\\\/\"]]}]},{\"@type\":\"ImageObject\",\"inLanguage\":\"es\",\"@id\":\"https:\\\/\\\/lavalldelord.com\\\/es\\\/el-temps\\\/#primaryimage\",\"url\":\"https:\\\/\\\/lavalldelord.com\\\/wp-content\\\/uploads\\\/2024\\\/03\\\/DSC04533_websize.jpg\",\"contentUrl\":\"https:\\\/\\\/lavalldelord.com\\\/wp-content\\\/uploads\\\/2024\\\/03\\\/DSC04533_websize.jpg\",\"width\":1600,\"height\":1038,\"caption\":\"El temps a Sant Lloren\u00e7 de Morunys. Fotografia de David Ari\u00f1o\"},{\"@type\":\"BreadcrumbList\",\"@id\":\"https:\\\/\\\/lavalldelord.com\\\/es\\\/el-temps\\\/#breadcrumb\",\"itemListElement\":[{\"@type\":\"ListItem\",\"position\":1,\"name\":\"Inici\",\"item\":\"https:\\\/\\\/lavalldelord.com\\\/es\\\/\"},{\"@type\":\"ListItem\",\"position\":2,\"name\":\"El tiempo\"}]},{\"@type\":\"WebSite\",\"@id\":\"https:\\\/\\\/lavalldelord.com\\\/es\\\/#website\",\"url\":\"https:\\\/\\\/lavalldelord.com\\\/es\\\/\",\"name\":\"Turisme Vall de Lord\",\"description\":\"Portal tur\u00edstic de la Vall de Lord, naturalment!\",\"publisher\":{\"@id\":\"https:\\\/\\\/lavalldelord.com\\\/es\\\/#organization\"},\"potentialAction\":[{\"@type\":\"SearchAction\",\"target\":{\"@type\":\"EntryPoint\",\"urlTemplate\":\"https:\\\/\\\/lavalldelord.com\\\/es\\\/?s={search_term_string}\"},\"query-input\":{\"@type\":\"PropertyValueSpecification\",\"valueRequired\":true,\"valueName\":\"search_term_string\"}}],\"inLanguage\":\"es\"},{\"@type\":\"Organization\",\"@id\":\"https:\\\/\\\/lavalldelord.com\\\/es\\\/#organization\",\"name\":\"La Vall de Lord\",\"url\":\"https:\\\/\\\/lavalldelord.com\\\/es\\\/\",\"logo\":{\"@type\":\"ImageObject\",\"inLanguage\":\"es\",\"@id\":\"https:\\\/\\\/lavalldelord.com\\\/es\\\/#\\\/schema\\\/logo\\\/image\\\/\",\"url\":\"https:\\\/\\\/lavalldelord.com\\\/wp-content\\\/uploads\\\/2024\\\/02\\\/DJI_0864_websize.jpg\",\"contentUrl\":\"https:\\\/\\\/lavalldelord.com\\\/wp-content\\\/uploads\\\/2024\\\/02\\\/DJI_0864_websize.jpg\",\"width\":1600,\"height\":899,\"caption\":\"La Vall de Lord\"},\"image\":{\"@id\":\"https:\\\/\\\/lavalldelord.com\\\/es\\\/#\\\/schema\\\/logo\\\/image\\\/\"},\"sameAs\":[\"https:\\\/\\\/www.facebook.com\\\/turismevalldelord\",\"https:\\\/\\\/x.com\\\/valldelord\",\"https:\\\/\\\/www.instagram.com\\\/turismevalldelord\"]}]}<\/script>\n<!-- \/ Yoast SEO plugin. -->","yoast_head_json":{"title":"El temps a Sant Lloren\u00e7 de Morunys","description":"Consulta el temps temps a Sant Lloren\u00e7 de Morunys, La Coma i La Pedra i Guixers - La Vall de Lord en els propers dies","robots":{"index":"index","follow":"follow","max-snippet":"max-snippet:-1","max-image-preview":"max-image-preview:large","max-video-preview":"max-video-preview:-1"},"canonical":"https:\/\/lavalldelord.com\/es\/el-temps\/","og_locale":"es_ES","og_type":"article","og_title":"El temps a Sant Lloren\u00e7 de Morunys","og_description":"Consulta el temps temps a Sant Lloren\u00e7 de Morunys, La Coma i La Pedra i Guixers - La Vall de Lord en els propers dies","og_url":"https:\/\/lavalldelord.com\/es\/el-temps\/","og_site_name":"La Vall de Lord","article_publisher":"https:\/\/www.facebook.com\/turismevalldelord","article_modified_time":"2024-12-16T10:55:54+00:00","og_image":[{"width":1600,"height":1038,"url":"https:\/\/lavalldelord.com\/wp-content\/uploads\/2024\/03\/DSC04533_websize.jpg","type":"image\/jpeg"}],"twitter_card":"summary_large_image","twitter_site":"@valldelord","twitter_misc":{"Tiempo de lectura":"1 minuto"},"schema":{"@context":"https:\/\/schema.org","@graph":[{"@type":"WebPage","@id":"https:\/\/lavalldelord.com\/es\/el-temps\/","url":"https:\/\/lavalldelord.com\/es\/el-temps\/","name":"El temps a Sant Lloren\u00e7 de Morunys","isPartOf":{"@id":"https:\/\/lavalldelord.com\/es\/#website"},"primaryImageOfPage":{"@id":"https:\/\/lavalldelord.com\/es\/el-temps\/#primaryimage"},"image":{"@id":"https:\/\/lavalldelord.com\/el-temps\/#primaryimage"},"thumbnailUrl":"https:\/\/lavalldelord.com\/wp-content\/uploads\/2024\/03\/DSC04533_websize.jpg","datePublished":"2024-03-24T08:14:34+00:00","dateModified":"2024-12-16T10:55:54+00:00","description":"Consulta el temps temps a Sant Lloren\u00e7 de Morunys, La Coma i La Pedra i Guixers - La Vall de Lord en els propers dies","breadcrumb":{"@id":"https:\/\/lavalldelord.com\/es\/el-temps\/#breadcrumb"},"inLanguage":"es","potentialAction":[{"@type":"ReadAction","target":[["https:\/\/lavalldelord.com\/es\/el-temps\/"]]}]},{"@type":"ImageObject","inLanguage":"es","@id":"https:\/\/lavalldelord.com\/es\/el-temps\/#primaryimage","url":"https:\/\/lavalldelord.com\/wp-content\/uploads\/2024\/03\/DSC04533_websize.jpg","contentUrl":"https:\/\/lavalldelord.com\/wp-content\/uploads\/2024\/03\/DSC04533_websize.jpg","width":1600,"height":1038,"caption":"El temps a Sant Lloren\u00e7 de Morunys. Fotografia de David Ari\u00f1o"},{"@type":"BreadcrumbList","@id":"https:\/\/lavalldelord.com\/es\/el-temps\/#breadcrumb","itemListElement":[{"@type":"ListItem","position":1,"name":"Inici","item":"https:\/\/lavalldelord.com\/es\/"},{"@type":"ListItem","position":2,"name":"El tiempo"}]},{"@type":"WebSite","@id":"https:\/\/lavalldelord.com\/es\/#website","url":"https:\/\/lavalldelord.com\/es\/","name":"Turisme Vall de Lord","description":"Portal tur\u00edstic de la Vall de Lord, naturalment!","publisher":{"@id":"https:\/\/lavalldelord.com\/es\/#organization"},"potentialAction":[{"@type":"SearchAction","target":{"@type":"EntryPoint","urlTemplate":"https:\/\/lavalldelord.com\/es\/?s={search_term_string}"},"query-input":{"@type":"PropertyValueSpecification","valueRequired":true,"valueName":"search_term_string"}}],"inLanguage":"es"},{"@type":"Organization","@id":"https:\/\/lavalldelord.com\/es\/#organization","name":"La Vall de Lord","url":"https:\/\/lavalldelord.com\/es\/","logo":{"@type":"ImageObject","inLanguage":"es","@id":"https:\/\/lavalldelord.com\/es\/#\/schema\/logo\/image\/","url":"https:\/\/lavalldelord.com\/wp-content\/uploads\/2024\/02\/DJI_0864_websize.jpg","contentUrl":"https:\/\/lavalldelord.com\/wp-content\/uploads\/2024\/02\/DJI_0864_websize.jpg","width":1600,"height":899,"caption":"La Vall de Lord"},"image":{"@id":"https:\/\/lavalldelord.com\/es\/#\/schema\/logo\/image\/"},"sameAs":["https:\/\/www.facebook.com\/turismevalldelord","https:\/\/x.com\/valldelord","https:\/\/www.instagram.com\/turismevalldelord"]}]}},"_links":{"self":[{"href":"https:\/\/lavalldelord.com\/es\/wp-json\/wp\/v2\/pages\/10873","targetHints":{"allow":["GET"]}}],"collection":[{"href":"https:\/\/lavalldelord.com\/es\/wp-json\/wp\/v2\/pages"}],"about":[{"href":"https:\/\/lavalldelord.com\/es\/wp-json\/wp\/v2\/types\/page"}],"author":[{"embeddable":true,"href":"https:\/\/lavalldelord.com\/es\/wp-json\/wp\/v2\/users\/3"}],"replies":[{"embeddable":true,"href":"https:\/\/lavalldelord.com\/es\/wp-json\/wp\/v2\/comments?post=10873"}],"version-history":[{"count":11,"href":"https:\/\/lavalldelord.com\/es\/wp-json\/wp\/v2\/pages\/10873\/revisions"}],"predecessor-version":[{"id":12099,"href":"https:\/\/lavalldelord.com\/es\/wp-json\/wp\/v2\/pages\/10873\/revisions\/12099"}],"wp:featuredmedia":[{"embeddable":true,"href":"https:\/\/lavalldelord.com\/es\/wp-json\/wp\/v2\/media\/10906"}],"wp:attachment":[{"href":"https:\/\/lavalldelord.com\/es\/wp-json\/wp\/v2\/media?parent=10873"}],"curies":[{"name":"wp","href":"https:\/\/api.w.org\/{rel}","templated":true}]}}