{"id":10978,"date":"2024-03-27T13:24:43","date_gmt":"2024-03-27T12:24:43","guid":{"rendered":"https:\/\/lavalldelord.com\/?page_id=10978"},"modified":"2026-04-27T10:08:32","modified_gmt":"2026-04-27T09:08:32","slug":"que-visitar-a-la-vall-de-lord-sant-llorenc-de-morunys","status":"publish","type":"page","link":"https:\/\/lavalldelord.com\/es\/que-visitar-a-la-vall-de-lord-sant-llorenc-de-morunys\/","title":{"rendered":"D\u00eda 1. Sant Lloren\u00e7 de Morunys"},"content":{"rendered":"<p><\/p>\n<h3><strong>D\u00eda 1. Sant Lloren\u00e7 de Morunys<\/strong><\/h3>\n<h4><em>Conoce Sant Lloren\u00e7 de Morunys y su entorno m\u00e1s pr\u00f3ximo: el casco hist\u00f3rico, la iglesia, el Museo &#8211; Centro de Interpretaci\u00f3n, el Santuario de Lord, entre otros.<\/em><\/h4>\n<p>&nbsp;<\/p>\n<figure id=\"attachment_10822\" aria-describedby=\"caption-attachment-10822\" style=\"width: 461px\" class=\"wp-caption alignright\"><img loading=\"lazy\" decoding=\"async\" class=\"wp-image-10822\" title=\"Monestir de Sant Lloren\u00e7 de Morunys\" src=\"https:\/\/lavalldelord.com\/wp-content\/uploads\/2024\/03\/EKSY9P7WwAEl_wM-600x400.jpg\" alt=\"Monestir de Sant Lloren\u00e7 de Morunys\" width=\"461\" height=\"307\" srcset=\"https:\/\/lavalldelord.com\/wp-content\/uploads\/2024\/03\/EKSY9P7WwAEl_wM-600x400.jpg 600w, https:\/\/lavalldelord.com\/wp-content\/uploads\/2024\/03\/EKSY9P7WwAEl_wM-400x267.jpg 400w, https:\/\/lavalldelord.com\/wp-content\/uploads\/2024\/03\/EKSY9P7WwAEl_wM-768x512.jpg 768w, https:\/\/lavalldelord.com\/wp-content\/uploads\/2024\/03\/EKSY9P7WwAEl_wM.jpg 1024w\" sizes=\"auto, (max-width: 461px) 100vw, 461px\" \/><figcaption id=\"caption-attachment-10822\" class=\"wp-caption-text\">Monasterio de Sant Lloren\u00e7 de Morunys<\/figcaption><\/figure>\n<p>Ad\u00e9ntrate en la historia medieval mientras recorres las calles del\u00a0<strong>casco hist\u00f3rico de Sant Lloren\u00e7 de Morunys<\/strong>; paseando por sus calles a\u00fan se pueden encontrar diferentes elementos hist\u00f3ricos que te transportar\u00e1n a la \u00e9poca medieval.<\/p>\n<p>La <a href=\"https:\/\/lavalldelord.com\/punt\/esglesia-sant-llorenc-morunys\/\" target=\"_blank\" rel=\"noopener\"><strong>Iglesia rom\u00e1nica de Sant Lloren\u00e7 de Morunys<\/strong><\/a> alberga en su interior un importante y nombroso patrimonio art\u00edstico, tanto rom\u00e1nico, como g\u00f3tico y barroco; hay que destacar el <strong><a href=\"https:\/\/lavalldelord.com\/punt\/altar-dels-colls\/\">altar o capilla barroca de la Mare de D\u00e9u dels Colls<\/a><\/strong>, considerada una de las obras m\u00e1s paradigm\u00e1ticas del arte barroco catal\u00e1n. Desde la misma Iglesia podemos acceder al\u00a0<strong><a href=\"https:\/\/lavalldelord.com\/punt\/claustre-sant-llorenc-morunys\/\" target=\"_blank\" rel=\"noopener\">claustro<\/a><\/strong>, y al <a href=\"https:\/\/lavalldelord.com\/es\/punt\/museu-centre-dinterpretacio-vall-lord\/\" target=\"_blank\" rel=\"noopener\"><strong>Museo &#8211; Centro de Interpretaci\u00f3n de la Vall de Lord<\/strong><\/a> para descubrir toda la historia que esconde este valle.<\/p>\n<p>&nbsp;<\/p>\n<p>&nbsp;<\/p>\n<figure id=\"attachment_10658\" aria-describedby=\"caption-attachment-10658\" style=\"width: 460px\" class=\"wp-caption alignright\"><a href=\"https:\/\/lavalldelord.com\/wp-content\/uploads\/2024\/03\/DSC02074_websize.jpg\" target=\"_blank\" rel=\"noopener\"><img loading=\"lazy\" decoding=\"async\" class=\"wp-image-10658\" src=\"https:\/\/lavalldelord.com\/wp-content\/uploads\/2024\/03\/DSC02074_websize-600x338.jpg\" alt=\"\" width=\"460\" height=\"259\" srcset=\"https:\/\/lavalldelord.com\/wp-content\/uploads\/2024\/03\/DSC02074_websize-600x338.jpg 600w, https:\/\/lavalldelord.com\/wp-content\/uploads\/2024\/03\/DSC02074_websize-1024x576.jpg 1024w, https:\/\/lavalldelord.com\/wp-content\/uploads\/2024\/03\/DSC02074_websize-400x225.jpg 400w, https:\/\/lavalldelord.com\/wp-content\/uploads\/2024\/03\/DSC02074_websize-768x432.jpg 768w, https:\/\/lavalldelord.com\/wp-content\/uploads\/2024\/03\/DSC02074_websize-1536x864.jpg 1536w, https:\/\/lavalldelord.com\/wp-content\/uploads\/2024\/03\/DSC02074_websize.jpg 1600w\" sizes=\"auto, (max-width: 460px) 100vw, 460px\" \/><\/a><figcaption id=\"caption-attachment-10658\" class=\"wp-caption-text\">El Santuario de Lord a vista de dron, de Ari\u00f1o Visuals (@_avisuals)<\/figcaption><\/figure>\n<p>Para complementar el primer d\u00eda, pod\u00e9is hacer una excursi\u00f3n al <strong><a href=\"https:\/\/lavalldelord.com\/punt\/santuari-de-lord-2\/\" target=\"_blank\" rel=\"noopener\">Santuari de Lord<\/a><\/strong>. Es uno dels puntos m\u00e1s emblem\u00e1ticos de la Vall de Lord en una situaci\u00f3n privilegiada con vistas al <a href=\"https:\/\/lavalldelord.com\/punt\/embassament-de-la-llosa-del-cavall\/\" target=\"_blank\" rel=\"noopener\">embalse de la Llosa del Cavall<\/a> y a las sierras de <a href=\"https:\/\/lavalldelord.com\/ca\/punt\/serra-de-busa-i-el-capolatell\/\">Busa<\/a> y <a href=\"https:\/\/lavalldelord.com\/punt\/bastets\/\" target=\"_blank\" rel=\"noopener\">els Bastets<\/a>. El Santuario fue un escenario hist\u00f3rico en el siglo XIX durante la Primera Guerra Carlista.<\/p>\n<p>Si quer\u00e9is conocer toda la historia pod\u00e9is visitar el <a href=\"https:\/\/museuvalldelord.wixsite.com\/inici\/\" target=\"_blank\" rel=\"noopener\">Museo &#8211; Centro de Interpretaci\u00f3n de la Vall de Lord<\/a>.<\/p>\n<p><strong><a href=\"https:\/\/lavalldelord.com\/punt\/santuari-de-lord-2\/\" target=\"_blank\" rel=\"noopener\"><span style=\"text-decoration: underline;\">Consulta las opciones de c\u00f3mo visitar el Santuario<\/span><\/a><\/strong><\/p>\n<p>&nbsp;<\/p>\n<p>&nbsp;<\/p>\n<p>&#x1f468;&#x200d;&#x1f469;&#x200d;&#x1f467;&#x200d;&#x1f466;<em> y si vas con la familia&#8230;<\/em><\/p>\n<figure id=\"attachment_9613\" aria-describedby=\"caption-attachment-9613\" style=\"width: 457px\" class=\"wp-caption alignright\"><img loading=\"lazy\" decoding=\"async\" class=\"wp-image-9613\" title=\"Caiac a l'embassament de la Llosa del Cavall\" src=\"https:\/\/lavalldelord.com\/wp-content\/uploads\/2022\/12\/1670319311342-e1711542140536-400x231.jpg\" alt=\"Caiac a l'embassament de la Llosa del Cavall\" width=\"457\" height=\"264\" srcset=\"https:\/\/lavalldelord.com\/wp-content\/uploads\/2022\/12\/1670319311342-e1711542140536-400x231.jpg 400w, https:\/\/lavalldelord.com\/wp-content\/uploads\/2022\/12\/1670319311342-e1711542140536-600x346.jpg 600w, https:\/\/lavalldelord.com\/wp-content\/uploads\/2022\/12\/1670319311342-e1711542140536-1024x590.jpg 1024w, https:\/\/lavalldelord.com\/wp-content\/uploads\/2022\/12\/1670319311342-e1711542140536-768x443.jpg 768w, https:\/\/lavalldelord.com\/wp-content\/uploads\/2022\/12\/1670319311342-e1711542140536.jpg 1440w\" sizes=\"auto, (max-width: 457px) 100vw, 457px\" \/><figcaption id=\"caption-attachment-9613\" class=\"wp-caption-text\">Caiac a l&#8217;embassament de la Llosa del Cavall<\/figcaption><\/figure>\n<p><strong>Kayak en el embalse de la Llosa del Cavall.<\/strong> En los casos en los que el embalse est\u00e9 con una buena capacidad de agua, pod\u00e9is practicar diferentes deportes con familia como kayak o paddle surf.<\/p>\n<p>Como complemento, pod\u00e9is llegar al pantano a pie desde Sant Lloren\u00e7 de Morunys a trav\u00e9s de la <a href=\"https:\/\/lavalldelord.com\/ruta\/14-via-verda-de-lembassament-de-la-llosa-del-cavall\/\" target=\"_blank\" rel=\"noopener\">Ruta 14 &#8211; V\u00eda Verde al embalse de la Llosa del Cavall<\/a><\/p>\n<p><strong><a href=\"https:\/\/lavalldelord.com\/ruta\/ruta-de-les-pomeres\/\" target=\"_blank\" rel=\"noopener\">Ruta de los manzanos<\/a>.\u00a0<\/strong>Pod\u00e9is hacer una peque\u00f1a ruta de senderismo alrededor del n\u00facleo e interpretada con paneles divulgativos sobre historia o las manzanas de monta\u00f1a.<\/p>\n<p>&nbsp;<\/p>\n<p>&nbsp;<\/p>\n<p>&nbsp;<\/p>\n<p><strong><img loading=\"lazy\" decoding=\"async\" class=\"wp-image-11000 alignnone\" src=\"https:\/\/lavalldelord.com\/wp-content\/uploads\/2024\/03\/mapa-e1713081140824-600x543.png\" alt=\"\" width=\"40\" height=\"36\" srcset=\"https:\/\/lavalldelord.com\/wp-content\/uploads\/2024\/03\/mapa-e1713081140824-600x543.png 600w, https:\/\/lavalldelord.com\/wp-content\/uploads\/2024\/03\/mapa-e1713081140824-400x362.png 400w, https:\/\/lavalldelord.com\/wp-content\/uploads\/2024\/03\/mapa-e1713081140824-768x695.png 768w, https:\/\/lavalldelord.com\/wp-content\/uploads\/2024\/03\/mapa-e1713081140824.png 851w\" sizes=\"auto, (max-width: 40px) 100vw, 40px\" \/>MAPA:<\/strong><\/p>\n<p>&nbsp;<\/p>\n<p><strong>MAPA DEL RECORRIDO POR EL CASCO ANTIGUO Y LOS PRINCIPALES PUNTOS HIST\u00d3RICOS<\/strong><\/p>\n<p><iframe loading=\"lazy\" src=\"https:\/\/www.google.com\/maps\/d\/u\/0\/embed?mid=1GIuxa2FGPX9jEwxpKEG1kQoBjeK73UU&amp;ehbc=2E312F\" width=\"640\" height=\"480\" data-mce-fragment=\"1\"><\/iframe><br \/>\nPara m\u00f3viles: <a href=\"https:\/\/www.google.com\/maps\/d\/viewer?mid=17sLW4Q8nYc3suI8Xp9D-5lZAubeDDqA&amp;usp=sharing\">haz click aqu\u00ed para abrirlo en la app de Google Maps<\/a><\/p>\n<p><iframe loading=\"lazy\" src=\"https:\/\/www.google.com\/maps\/d\/u\/2\/embed?mid=17sLW4Q8nYc3suI8Xp9D-5lZAubeDDqA&amp;ehbc=2E312F\" width=\"640\" height=\"480\" data-mce-fragment=\"1\"><\/iframe><\/p>","protected":false},"excerpt":{"rendered":"<p>D\u00eda 1. Sant Lloren\u00e7 de Morunys Conoce Sant Lloren\u00e7 de Morunys y su entorno m\u00e1s pr\u00f3ximo: el casco hist\u00f3rico, la [&hellip;]<\/p>\n","protected":false},"author":3,"featured_media":10822,"parent":0,"menu_order":54,"comment_status":"closed","ping_status":"closed","template":"full-width.php","meta":{"_acf_changed":false,"_exactmetrics_skip_tracking":false,"_exactmetrics_sitenote_active":false,"_exactmetrics_sitenote_note":"","_exactmetrics_sitenote_category":0,"_joinchat":[],"footnotes":""},"class_list":["post-10978","page","type-page","status-publish","has-post-thumbnail","hentry"],"acf":[],"yoast_head":"<!-- This site is optimized with the Yoast SEO plugin v27.5 - https:\/\/yoast.com\/product\/yoast-seo-wordpress\/ -->\n<title>Qu\u00e8 visitar a la Vall de Lord - Sant Lloren\u00e7 de Morunys<\/title>\n<meta name=\"description\" content=\"Qu\u00e8 visita a la Vall de Lord - Sant Lloren\u00e7 de Morunys. Vine a passar una setmana en un petit poblet amb encant del prepirineu catal\u00e0\" \/>\n<meta name=\"robots\" content=\"index, follow, max-snippet:-1, max-image-preview:large, max-video-preview:-1\" \/>\n<link rel=\"canonical\" href=\"https:\/\/lavalldelord.com\/es\/que-visitar-a-la-vall-de-lord-sant-llorenc-de-morunys\/\" \/>\n<meta property=\"og:locale\" content=\"es_ES\" \/>\n<meta property=\"og:type\" content=\"article\" \/>\n<meta property=\"og:title\" content=\"Qu\u00e8 visitar a la Vall de Lord - Sant Lloren\u00e7 de Morunys\" \/>\n<meta property=\"og:description\" content=\"Qu\u00e8 visita a la Vall de Lord - Sant Lloren\u00e7 de Morunys. Vine a passar una setmana en un petit poblet amb encant del prepirineu catal\u00e0\" \/>\n<meta property=\"og:url\" content=\"https:\/\/lavalldelord.com\/es\/que-visitar-a-la-vall-de-lord-sant-llorenc-de-morunys\/\" \/>\n<meta property=\"og:site_name\" content=\"La Vall de Lord\" \/>\n<meta property=\"article:publisher\" content=\"https:\/\/www.facebook.com\/turismevalldelord\" \/>\n<meta property=\"article:modified_time\" content=\"2026-04-27T09:08:32+00:00\" \/>\n<meta property=\"og:image\" content=\"https:\/\/lavalldelord.com\/wp-content\/uploads\/2024\/03\/EKSY9P7WwAEl_wM.jpg\" \/>\n\t<meta property=\"og:image:width\" content=\"1024\" \/>\n\t<meta property=\"og:image:height\" content=\"683\" \/>\n\t<meta property=\"og:image:type\" content=\"image\/jpeg\" \/>\n<meta name=\"twitter:card\" content=\"summary_large_image\" \/>\n<meta name=\"twitter:site\" content=\"@valldelord\" \/>\n<meta name=\"twitter:label1\" content=\"Tiempo de lectura\" \/>\n\t<meta name=\"twitter:data1\" content=\"4 minutos\" \/>\n<script type=\"application\/ld+json\" class=\"yoast-schema-graph\">{\"@context\":\"https:\\\/\\\/schema.org\",\"@graph\":[{\"@type\":\"WebPage\",\"@id\":\"https:\\\/\\\/lavalldelord.com\\\/es\\\/que-visitar-a-la-vall-de-lord-sant-llorenc-de-morunys\\\/\",\"url\":\"https:\\\/\\\/lavalldelord.com\\\/es\\\/que-visitar-a-la-vall-de-lord-sant-llorenc-de-morunys\\\/\",\"name\":\"Qu\u00e8 visitar a la Vall de Lord - Sant Lloren\u00e7 de Morunys\",\"isPartOf\":{\"@id\":\"https:\\\/\\\/lavalldelord.com\\\/es\\\/#website\"},\"primaryImageOfPage\":{\"@id\":\"https:\\\/\\\/lavalldelord.com\\\/es\\\/que-visitar-a-la-vall-de-lord-sant-llorenc-de-morunys\\\/#primaryimage\"},\"image\":{\"@id\":\"https:\\\/\\\/lavalldelord.com\\\/que-visitar-a-la-vall-de-lord-sant-llorenc-de-morunys\\\/#primaryimage\"},\"thumbnailUrl\":\"https:\\\/\\\/lavalldelord.com\\\/wp-content\\\/uploads\\\/2024\\\/03\\\/EKSY9P7WwAEl_wM.jpg\",\"datePublished\":\"2024-03-27T12:24:43+00:00\",\"dateModified\":\"2026-04-27T09:08:32+00:00\",\"description\":\"Qu\u00e8 visita a la Vall de Lord - Sant Lloren\u00e7 de Morunys. Vine a passar una setmana en un petit poblet amb encant del prepirineu catal\u00e0\",\"breadcrumb\":{\"@id\":\"https:\\\/\\\/lavalldelord.com\\\/es\\\/que-visitar-a-la-vall-de-lord-sant-llorenc-de-morunys\\\/#breadcrumb\"},\"inLanguage\":\"es\",\"potentialAction\":[{\"@type\":\"ReadAction\",\"target\":[[\"https:\\\/\\\/lavalldelord.com\\\/es\\\/que-visitar-a-la-vall-de-lord-sant-llorenc-de-morunys\\\/\"]]}]},{\"@type\":\"ImageObject\",\"inLanguage\":\"es\",\"@id\":\"https:\\\/\\\/lavalldelord.com\\\/es\\\/que-visitar-a-la-vall-de-lord-sant-llorenc-de-morunys\\\/#primaryimage\",\"url\":\"https:\\\/\\\/lavalldelord.com\\\/wp-content\\\/uploads\\\/2024\\\/03\\\/EKSY9P7WwAEl_wM.jpg\",\"contentUrl\":\"https:\\\/\\\/lavalldelord.com\\\/wp-content\\\/uploads\\\/2024\\\/03\\\/EKSY9P7WwAEl_wM.jpg\",\"width\":1024,\"height\":683},{\"@type\":\"BreadcrumbList\",\"@id\":\"https:\\\/\\\/lavalldelord.com\\\/es\\\/que-visitar-a-la-vall-de-lord-sant-llorenc-de-morunys\\\/#breadcrumb\",\"itemListElement\":[{\"@type\":\"ListItem\",\"position\":1,\"name\":\"Inici\",\"item\":\"https:\\\/\\\/lavalldelord.com\\\/es\\\/\"},{\"@type\":\"ListItem\",\"position\":2,\"name\":\"Dia 1. Sant Lloren\u00e7 de Morunys\"}]},{\"@type\":\"WebSite\",\"@id\":\"https:\\\/\\\/lavalldelord.com\\\/es\\\/#website\",\"url\":\"https:\\\/\\\/lavalldelord.com\\\/es\\\/\",\"name\":\"Turisme Vall de Lord\",\"description\":\"Portal tur\u00edstic de la Vall de Lord, naturalment!\",\"publisher\":{\"@id\":\"https:\\\/\\\/lavalldelord.com\\\/es\\\/#organization\"},\"potentialAction\":[{\"@type\":\"SearchAction\",\"target\":{\"@type\":\"EntryPoint\",\"urlTemplate\":\"https:\\\/\\\/lavalldelord.com\\\/es\\\/?s={search_term_string}\"},\"query-input\":{\"@type\":\"PropertyValueSpecification\",\"valueRequired\":true,\"valueName\":\"search_term_string\"}}],\"inLanguage\":\"es\"},{\"@type\":\"Organization\",\"@id\":\"https:\\\/\\\/lavalldelord.com\\\/es\\\/#organization\",\"name\":\"La Vall de Lord\",\"url\":\"https:\\\/\\\/lavalldelord.com\\\/es\\\/\",\"logo\":{\"@type\":\"ImageObject\",\"inLanguage\":\"es\",\"@id\":\"https:\\\/\\\/lavalldelord.com\\\/es\\\/#\\\/schema\\\/logo\\\/image\\\/\",\"url\":\"https:\\\/\\\/lavalldelord.com\\\/wp-content\\\/uploads\\\/2024\\\/02\\\/DJI_0864_websize.jpg\",\"contentUrl\":\"https:\\\/\\\/lavalldelord.com\\\/wp-content\\\/uploads\\\/2024\\\/02\\\/DJI_0864_websize.jpg\",\"width\":1600,\"height\":899,\"caption\":\"La Vall de Lord\"},\"image\":{\"@id\":\"https:\\\/\\\/lavalldelord.com\\\/es\\\/#\\\/schema\\\/logo\\\/image\\\/\"},\"sameAs\":[\"https:\\\/\\\/www.facebook.com\\\/turismevalldelord\",\"https:\\\/\\\/x.com\\\/valldelord\",\"https:\\\/\\\/www.instagram.com\\\/turismevalldelord\"]}]}<\/script>\n<!-- \/ Yoast SEO plugin. -->","yoast_head_json":{"title":"Qu\u00e8 visitar a la Vall de Lord - Sant Lloren\u00e7 de Morunys","description":"Qu\u00e8 visita a la Vall de Lord - Sant Lloren\u00e7 de Morunys. Vine a passar una setmana en un petit poblet amb encant del prepirineu catal\u00e0","robots":{"index":"index","follow":"follow","max-snippet":"max-snippet:-1","max-image-preview":"max-image-preview:large","max-video-preview":"max-video-preview:-1"},"canonical":"https:\/\/lavalldelord.com\/es\/que-visitar-a-la-vall-de-lord-sant-llorenc-de-morunys\/","og_locale":"es_ES","og_type":"article","og_title":"Qu\u00e8 visitar a la Vall de Lord - Sant Lloren\u00e7 de Morunys","og_description":"Qu\u00e8 visita a la Vall de Lord - Sant Lloren\u00e7 de Morunys. Vine a passar una setmana en un petit poblet amb encant del prepirineu catal\u00e0","og_url":"https:\/\/lavalldelord.com\/es\/que-visitar-a-la-vall-de-lord-sant-llorenc-de-morunys\/","og_site_name":"La Vall de Lord","article_publisher":"https:\/\/www.facebook.com\/turismevalldelord","article_modified_time":"2026-04-27T09:08:32+00:00","og_image":[{"width":1024,"height":683,"url":"https:\/\/lavalldelord.com\/wp-content\/uploads\/2024\/03\/EKSY9P7WwAEl_wM.jpg","type":"image\/jpeg"}],"twitter_card":"summary_large_image","twitter_site":"@valldelord","twitter_misc":{"Tiempo de lectura":"4 minutos"},"schema":{"@context":"https:\/\/schema.org","@graph":[{"@type":"WebPage","@id":"https:\/\/lavalldelord.com\/es\/que-visitar-a-la-vall-de-lord-sant-llorenc-de-morunys\/","url":"https:\/\/lavalldelord.com\/es\/que-visitar-a-la-vall-de-lord-sant-llorenc-de-morunys\/","name":"Qu\u00e8 visitar a la Vall de Lord - Sant Lloren\u00e7 de Morunys","isPartOf":{"@id":"https:\/\/lavalldelord.com\/es\/#website"},"primaryImageOfPage":{"@id":"https:\/\/lavalldelord.com\/es\/que-visitar-a-la-vall-de-lord-sant-llorenc-de-morunys\/#primaryimage"},"image":{"@id":"https:\/\/lavalldelord.com\/que-visitar-a-la-vall-de-lord-sant-llorenc-de-morunys\/#primaryimage"},"thumbnailUrl":"https:\/\/lavalldelord.com\/wp-content\/uploads\/2024\/03\/EKSY9P7WwAEl_wM.jpg","datePublished":"2024-03-27T12:24:43+00:00","dateModified":"2026-04-27T09:08:32+00:00","description":"Qu\u00e8 visita a la Vall de Lord - Sant Lloren\u00e7 de Morunys. Vine a passar una setmana en un petit poblet amb encant del prepirineu catal\u00e0","breadcrumb":{"@id":"https:\/\/lavalldelord.com\/es\/que-visitar-a-la-vall-de-lord-sant-llorenc-de-morunys\/#breadcrumb"},"inLanguage":"es","potentialAction":[{"@type":"ReadAction","target":[["https:\/\/lavalldelord.com\/es\/que-visitar-a-la-vall-de-lord-sant-llorenc-de-morunys\/"]]}]},{"@type":"ImageObject","inLanguage":"es","@id":"https:\/\/lavalldelord.com\/es\/que-visitar-a-la-vall-de-lord-sant-llorenc-de-morunys\/#primaryimage","url":"https:\/\/lavalldelord.com\/wp-content\/uploads\/2024\/03\/EKSY9P7WwAEl_wM.jpg","contentUrl":"https:\/\/lavalldelord.com\/wp-content\/uploads\/2024\/03\/EKSY9P7WwAEl_wM.jpg","width":1024,"height":683},{"@type":"BreadcrumbList","@id":"https:\/\/lavalldelord.com\/es\/que-visitar-a-la-vall-de-lord-sant-llorenc-de-morunys\/#breadcrumb","itemListElement":[{"@type":"ListItem","position":1,"name":"Inici","item":"https:\/\/lavalldelord.com\/es\/"},{"@type":"ListItem","position":2,"name":"Dia 1. Sant Lloren\u00e7 de Morunys"}]},{"@type":"WebSite","@id":"https:\/\/lavalldelord.com\/es\/#website","url":"https:\/\/lavalldelord.com\/es\/","name":"Turisme Vall de Lord","description":"Portal tur\u00edstic de la Vall de Lord, naturalment!","publisher":{"@id":"https:\/\/lavalldelord.com\/es\/#organization"},"potentialAction":[{"@type":"SearchAction","target":{"@type":"EntryPoint","urlTemplate":"https:\/\/lavalldelord.com\/es\/?s={search_term_string}"},"query-input":{"@type":"PropertyValueSpecification","valueRequired":true,"valueName":"search_term_string"}}],"inLanguage":"es"},{"@type":"Organization","@id":"https:\/\/lavalldelord.com\/es\/#organization","name":"La Vall de Lord","url":"https:\/\/lavalldelord.com\/es\/","logo":{"@type":"ImageObject","inLanguage":"es","@id":"https:\/\/lavalldelord.com\/es\/#\/schema\/logo\/image\/","url":"https:\/\/lavalldelord.com\/wp-content\/uploads\/2024\/02\/DJI_0864_websize.jpg","contentUrl":"https:\/\/lavalldelord.com\/wp-content\/uploads\/2024\/02\/DJI_0864_websize.jpg","width":1600,"height":899,"caption":"La Vall de Lord"},"image":{"@id":"https:\/\/lavalldelord.com\/es\/#\/schema\/logo\/image\/"},"sameAs":["https:\/\/www.facebook.com\/turismevalldelord","https:\/\/x.com\/valldelord","https:\/\/www.instagram.com\/turismevalldelord"]}]}},"_links":{"self":[{"href":"https:\/\/lavalldelord.com\/es\/wp-json\/wp\/v2\/pages\/10978","targetHints":{"allow":["GET"]}}],"collection":[{"href":"https:\/\/lavalldelord.com\/es\/wp-json\/wp\/v2\/pages"}],"about":[{"href":"https:\/\/lavalldelord.com\/es\/wp-json\/wp\/v2\/types\/page"}],"author":[{"embeddable":true,"href":"https:\/\/lavalldelord.com\/es\/wp-json\/wp\/v2\/users\/3"}],"replies":[{"embeddable":true,"href":"https:\/\/lavalldelord.com\/es\/wp-json\/wp\/v2\/comments?post=10978"}],"version-history":[{"count":28,"href":"https:\/\/lavalldelord.com\/es\/wp-json\/wp\/v2\/pages\/10978\/revisions"}],"predecessor-version":[{"id":13846,"href":"https:\/\/lavalldelord.com\/es\/wp-json\/wp\/v2\/pages\/10978\/revisions\/13846"}],"wp:featuredmedia":[{"embeddable":true,"href":"https:\/\/lavalldelord.com\/es\/wp-json\/wp\/v2\/media\/10822"}],"wp:attachment":[{"href":"https:\/\/lavalldelord.com\/es\/wp-json\/wp\/v2\/media?parent=10978"}],"curies":[{"name":"wp","href":"https:\/\/api.w.org\/{rel}","templated":true}]}}