{"id":10994,"date":"2024-03-27T17:31:34","date_gmt":"2024-03-27T16:31:34","guid":{"rendered":"https:\/\/lavalldelord.com\/?page_id=10994"},"modified":"2024-09-08T09:47:12","modified_gmt":"2024-09-08T08:47:12","slug":"que-visitar-a-la-vall-de-lord-la-coma-i-la-pedra","status":"publish","type":"page","link":"https:\/\/lavalldelord.com\/es\/que-visitar-a-la-vall-de-lord-la-coma-i-la-pedra\/","title":{"rendered":"D\u00eda 2. La Coma i La Pedra"},"content":{"rendered":"<p><\/p>\n<h3><strong>D\u00eda 2. <\/strong><strong>AGUA Y MONTA\u00d1A<\/strong><\/h3>\n<h4><em><strong>Visita los valles de La Coma i La Pedra con su riqueza de fuentes y agua. Les Fonts del Cardener, la fuente de la Puda, el Camino verde, una excursi\u00f3n a Port del Comte, la iglesia de la Pedra o ba\u00f1arse en el r\u00edo<\/strong><\/em><\/h4>\n<p>&nbsp;<\/p>\n<figure id=\"attachment_11104\" aria-describedby=\"caption-attachment-11104\" style=\"width: 300px\" class=\"wp-caption alignleft\"><a href=\"https:\/\/lavalldelord.com\/wp-content\/uploads\/2024\/04\/DSC01371_websize-e1711564582444.jpg\" target=\"_blank\" rel=\"noopener\"><img loading=\"lazy\" decoding=\"async\" class=\"wp-image-11104\" src=\"https:\/\/lavalldelord.com\/wp-content\/uploads\/2024\/04\/DSC01371_websize-e1711564582444-600x357.jpg\" alt=\"\" width=\"300\" height=\"179\" srcset=\"https:\/\/lavalldelord.com\/wp-content\/uploads\/2024\/04\/DSC01371_websize-e1711564582444-600x357.jpg 600w, https:\/\/lavalldelord.com\/wp-content\/uploads\/2024\/04\/DSC01371_websize-e1711564582444-1024x610.jpg 1024w, https:\/\/lavalldelord.com\/wp-content\/uploads\/2024\/04\/DSC01371_websize-e1711564582444-400x238.jpg 400w, https:\/\/lavalldelord.com\/wp-content\/uploads\/2024\/04\/DSC01371_websize-e1711564582444-768x457.jpg 768w, https:\/\/lavalldelord.com\/wp-content\/uploads\/2024\/04\/DSC01371_websize-e1711564582444-420x250.jpg 420w, https:\/\/lavalldelord.com\/wp-content\/uploads\/2024\/04\/DSC01371_websize-e1711564582444.jpg 1068w\" sizes=\"auto, (max-width: 300px) 100vw, 300px\" \/><\/a><figcaption id=\"caption-attachment-11104\" class=\"wp-caption-text\">Fonts del Cardener<\/figcaption><\/figure>\n<p><strong><br \/>\nAGUA<\/strong><\/p>\n<p>Visitar el <a href=\"https:\/\/lavalldelord.com\/punt\/fonts-del-cardener\/\" target=\"_blank\" rel=\"noopener\"><strong>nacimiento del r\u00edo Cardener<\/strong><\/a> haciendo un picnic al lado del r\u00edo o remojarse en la\u00a0<a href=\"https:\/\/lavalldelord.com\/punt\/font-puda\/\" target=\"_blank\" rel=\"noopener\"><strong>fuente Puda<\/strong><\/a> con sus aguas fr\u00edas sulfurosas son unas de las opciones m\u00e1s refrescantes en verano. Y si se quiere caminar, se puede hacer una buena excursi\u00f3n a pie en estos lugares desde Sant Lloren\u00e7 de Morunys a trav\u00e9s de la <a href=\"https:\/\/lavalldelord.com\/ruta\/ruta-cami-verd-de-la-vall-de-lord\/\" target=\"_blank\" rel=\"noopener\">ruta 9: Cam\u00ed verd de la Vall de Lord<\/a>.<\/p>\n<p>&nbsp;<\/p>\n<p>&nbsp;<\/p>\n<figure id=\"attachment_10948\" aria-describedby=\"caption-attachment-10948\" style=\"width: 300px\" class=\"wp-caption alignright\"><a href=\"https:\/\/lavalldelord.com\/wp-content\/uploads\/2024\/03\/DSC01329_websize.jpg\" target=\"_blank\" rel=\"noopener\"><img loading=\"lazy\" decoding=\"async\" class=\"wp-image-10948\" title=\"Port del Comte\" src=\"https:\/\/lavalldelord.com\/wp-content\/uploads\/2024\/03\/DSC01329_websize-600x401.jpg\" alt=\"Port del Comte\" width=\"300\" height=\"200\" srcset=\"https:\/\/lavalldelord.com\/wp-content\/uploads\/2024\/03\/DSC01329_websize-600x401.jpg 600w, https:\/\/lavalldelord.com\/wp-content\/uploads\/2024\/03\/DSC01329_websize-1024x684.jpg 1024w, https:\/\/lavalldelord.com\/wp-content\/uploads\/2024\/03\/DSC01329_websize-400x267.jpg 400w, https:\/\/lavalldelord.com\/wp-content\/uploads\/2024\/03\/DSC01329_websize-768x513.jpg 768w, https:\/\/lavalldelord.com\/wp-content\/uploads\/2024\/03\/DSC01329_websize-1536x1026.jpg 1536w, https:\/\/lavalldelord.com\/wp-content\/uploads\/2024\/03\/DSC01329_websize.jpg 1600w\" sizes=\"auto, (max-width: 300px) 100vw, 300px\" \/><\/a><figcaption id=\"caption-attachment-10948\" class=\"wp-caption-text\">Port del Comte<\/figcaption><\/figure>\n<p><strong>MONTA\u00d1A<\/strong><\/p>\n<p>Y si en vez de agua se quiere monta\u00f1a, ten\u00e9is al lado\u00a0<a href=\"https:\/\/lavalldelord.com\/punt\/serra-de-port-del-comte\/\" target=\"_blank\" rel=\"noopener\"><strong>Port del Comte<\/strong><\/a> donde se pueden realizar diferentes actividades tanto en verano como en invierno. En los meses m\u00e1s fr\u00edos, pod\u00e9is esquiar en la <a href=\"https:\/\/lavalldelord.com\/empresa\/estacio-desqui-port-comte\/\" target=\"_blank\" rel=\"noopener\">estaci\u00f3n de esqu\u00ed<\/a>, hacer raquetas de nieve o tirarse con trineo para los m\u00e1s peque\u00f1os. Esta estaci\u00f3n tambi\u00e9n conecta con la de\u00a0<a href=\"https:\/\/lavalldelord.com\/empresa\/tuixent-la-vansa\/\" target=\"_blank\" rel=\"noopener\">Tuixent &#8211; la Vansa<\/a> por la zona de Estivella.<\/p>\n<p>Si sois amantes del verano, ten\u00e9is diferentes rutas de senderismo que recorren toda esta sierra; algunos de los puntos m\u00e1s emblem\u00e1ticos son el <a href=\"https:\/\/lavalldelord.com\/punt\/pedro-dels-quatre-batlles\/\" target=\"_blank\" rel=\"noopener\">Pedr\u00f3 dels Quatre Batlles<\/a>, el <a href=\"https:\/\/lavalldelord.com\/punt\/forat-de-la-bofia\/\" target=\"_blank\" rel=\"noopener\">forat de la B\u00f2fia<\/a> o els <a href=\"https:\/\/lavalldelord.com\/punt\/els-prats-de-bacies\/\" target=\"_blank\" rel=\"noopener\">Prats de Bacies<\/a>. Si los m\u00e1s peque\u00f1os son unos aventureros, est\u00e1 el\u00a0<a href=\"https:\/\/lavalldelord.com\/empresa\/parc-daventura-port-comte\/\" target=\"_blank\" rel=\"noopener\">parque de aventura<\/a>.<\/p>\n<p>&nbsp;<\/p>\n<figure id=\"attachment_10943\" aria-describedby=\"caption-attachment-10943\" style=\"width: 275px\" class=\"wp-caption alignleft\"><img loading=\"lazy\" decoding=\"async\" class=\"wp-image-10943\" title=\"Esgl\u00e9sia de La Pedra\" src=\"https:\/\/lavalldelord.com\/wp-content\/uploads\/2024\/03\/DJI_0060_websize-1-600x400.jpg\" alt=\"Esgl\u00e9sia de La Pedra\" width=\"275\" height=\"183\" srcset=\"https:\/\/lavalldelord.com\/wp-content\/uploads\/2024\/03\/DJI_0060_websize-1-600x400.jpg 600w, https:\/\/lavalldelord.com\/wp-content\/uploads\/2024\/03\/DJI_0060_websize-1-1024x683.jpg 1024w, https:\/\/lavalldelord.com\/wp-content\/uploads\/2024\/03\/DJI_0060_websize-1-400x267.jpg 400w, https:\/\/lavalldelord.com\/wp-content\/uploads\/2024\/03\/DJI_0060_websize-1-768x512.jpg 768w, https:\/\/lavalldelord.com\/wp-content\/uploads\/2024\/03\/DJI_0060_websize-1-1536x1024.jpg 1536w, https:\/\/lavalldelord.com\/wp-content\/uploads\/2024\/03\/DJI_0060_websize-1.jpg 1600w\" sizes=\"auto, (max-width: 275px) 100vw, 275px\" \/><figcaption id=\"caption-attachment-10943\" class=\"wp-caption-text\">Iglesia de Sant Serni de La Pedra<\/figcaption><\/figure>\n<p>&nbsp;<\/p>\n<p><strong>CULTURA<\/strong><\/p>\n<p>La Coma i La Pedra tambi\u00e9n son cultura; visitar <strong><a href=\"https:\/\/lavalldelord.com\/punt\/sant-serni-pedra\/\" target=\"_blank\" rel=\"noopener\">la iglesia de La Pedra<\/a><\/strong> o hacer una de las rutas de senderismo culturales como la <a href=\"https:\/\/lavalldelord.com\/ruta\/ruta-de-les-ermites-ruta-cultural-a\/\" target=\"_blank\" rel=\"noopener\">ruta de las ermitas A<\/a> (moderada) o la <a href=\"https:\/\/lavalldelord.com\/ruta\/ruta-ermites-ruta-cultural-b\/\" target=\"_blank\" rel=\"noopener\">ruta de las ermitas B<\/a> (exigente), os permitir\u00e1 conocer la historia de esta zona.<\/p>\n<p>&nbsp;<\/p>\n<p>&nbsp;<\/p>\n<p><strong><img loading=\"lazy\" decoding=\"async\" class=\"wp-image-11000 alignnone\" src=\"https:\/\/lavalldelord.com\/wp-content\/uploads\/2024\/03\/mapa-e1713081140824-600x543.png\" alt=\"\" width=\"40\" height=\"36\" srcset=\"https:\/\/lavalldelord.com\/wp-content\/uploads\/2024\/03\/mapa-e1713081140824-600x543.png 600w, https:\/\/lavalldelord.com\/wp-content\/uploads\/2024\/03\/mapa-e1713081140824-400x362.png 400w, https:\/\/lavalldelord.com\/wp-content\/uploads\/2024\/03\/mapa-e1713081140824-768x695.png 768w, https:\/\/lavalldelord.com\/wp-content\/uploads\/2024\/03\/mapa-e1713081140824.png 851w\" sizes=\"auto, (max-width: 40px) 100vw, 40px\" \/>MAPA:<\/strong><\/p>\n<p>Para m\u00f3viles: <a href=\"https:\/\/www.google.com\/maps\/d\/viewer?mid=1vHkZhd4VFei4YeGeXdbuYbkk7Hhtug0&amp;usp=sharing\">haz click aqu\u00ed para abrirlo en la app de Google Maps<\/a><\/p>\n<h2><iframe loading=\"lazy\" src=\"https:\/\/www.google.com\/maps\/d\/u\/2\/embed?mid=1vHkZhd4VFei4YeGeXdbuYbkk7Hhtug0&amp;ehbc=2E312F\" width=\"640\" height=\"480\" data-mce-fragment=\"1\"><\/iframe><\/h2>\n<p><\/p>","protected":false},"excerpt":{"rendered":"<p>D\u00eda 2. AGUA Y MONTA\u00d1A Visita los valles de La Coma i La Pedra con su riqueza de fuentes y [&hellip;]<\/p>\n","protected":false},"author":3,"featured_media":10680,"parent":0,"menu_order":53,"comment_status":"closed","ping_status":"closed","template":"full-width.php","meta":{"_acf_changed":false,"_exactmetrics_skip_tracking":false,"_exactmetrics_sitenote_active":false,"_exactmetrics_sitenote_note":"","_exactmetrics_sitenote_category":0,"_joinchat":[],"footnotes":""},"class_list":["post-10994","page","type-page","status-publish","has-post-thumbnail","hentry"],"acf":[],"yoast_head":"<!-- This site is optimized with the Yoast SEO plugin v27.5 - https:\/\/yoast.com\/product\/yoast-seo-wordpress\/ -->\n<title>Qu\u00e8 visitar a la Vall de Lord: La Coma i La Pedra<\/title>\n<meta name=\"description\" content=\"Qu\u00e8 visitar a la Vall de Lord: La Coma i La Pedra. Descobreix qu\u00e8 fer a la Vall de Lord durant una setmana amb propostes per tot l&#039;any.\" \/>\n<meta name=\"robots\" content=\"index, follow, max-snippet:-1, max-image-preview:large, max-video-preview:-1\" \/>\n<link rel=\"canonical\" href=\"https:\/\/lavalldelord.com\/es\/que-visitar-a-la-vall-de-lord-la-coma-i-la-pedra\/\" \/>\n<meta property=\"og:locale\" content=\"es_ES\" \/>\n<meta property=\"og:type\" content=\"article\" \/>\n<meta property=\"og:title\" content=\"Qu\u00e8 visitar a la Vall de Lord: La Coma i La Pedra\" \/>\n<meta property=\"og:description\" content=\"Qu\u00e8 visitar a la Vall de Lord: La Coma i La Pedra. Descobreix qu\u00e8 fer a la Vall de Lord durant una setmana amb propostes per tot l&#039;any.\" \/>\n<meta property=\"og:url\" content=\"https:\/\/lavalldelord.com\/es\/que-visitar-a-la-vall-de-lord-la-coma-i-la-pedra\/\" \/>\n<meta property=\"og:site_name\" content=\"La Vall de Lord\" \/>\n<meta property=\"article:publisher\" content=\"https:\/\/www.facebook.com\/turismevalldelord\" \/>\n<meta property=\"article:modified_time\" content=\"2024-09-08T08:47:12+00:00\" \/>\n<meta property=\"og:image\" content=\"https:\/\/lavalldelord.com\/wp-content\/uploads\/2024\/03\/fonts_cardener_petita_retallada.jpg\" \/>\n\t<meta property=\"og:image:width\" content=\"1000\" \/>\n\t<meta property=\"og:image:height\" content=\"558\" \/>\n\t<meta property=\"og:image:type\" content=\"image\/jpeg\" \/>\n<meta name=\"twitter:card\" content=\"summary_large_image\" \/>\n<meta name=\"twitter:site\" content=\"@valldelord\" \/>\n<meta name=\"twitter:label1\" content=\"Tiempo de lectura\" \/>\n\t<meta name=\"twitter:data1\" content=\"3 minutos\" \/>\n<script type=\"application\/ld+json\" class=\"yoast-schema-graph\">{\"@context\":\"https:\\\/\\\/schema.org\",\"@graph\":[{\"@type\":\"WebPage\",\"@id\":\"https:\\\/\\\/lavalldelord.com\\\/es\\\/que-visitar-a-la-vall-de-lord-la-coma-i-la-pedra\\\/\",\"url\":\"https:\\\/\\\/lavalldelord.com\\\/es\\\/que-visitar-a-la-vall-de-lord-la-coma-i-la-pedra\\\/\",\"name\":\"Qu\u00e8 visitar a la Vall de Lord: La Coma i La Pedra\",\"isPartOf\":{\"@id\":\"https:\\\/\\\/lavalldelord.com\\\/es\\\/#website\"},\"primaryImageOfPage\":{\"@id\":\"https:\\\/\\\/lavalldelord.com\\\/es\\\/que-visitar-a-la-vall-de-lord-la-coma-i-la-pedra\\\/#primaryimage\"},\"image\":{\"@id\":\"https:\\\/\\\/lavalldelord.com\\\/que-visitar-a-la-vall-de-lord-la-coma-i-la-pedra\\\/#primaryimage\"},\"thumbnailUrl\":\"https:\\\/\\\/lavalldelord.com\\\/wp-content\\\/uploads\\\/2024\\\/03\\\/fonts_cardener_petita_retallada.jpg\",\"datePublished\":\"2024-03-27T16:31:34+00:00\",\"dateModified\":\"2024-09-08T08:47:12+00:00\",\"description\":\"Qu\u00e8 visitar a la Vall de Lord: La Coma i La Pedra. Descobreix qu\u00e8 fer a la Vall de Lord durant una setmana amb propostes per tot l'any.\",\"breadcrumb\":{\"@id\":\"https:\\\/\\\/lavalldelord.com\\\/es\\\/que-visitar-a-la-vall-de-lord-la-coma-i-la-pedra\\\/#breadcrumb\"},\"inLanguage\":\"es\",\"potentialAction\":[{\"@type\":\"ReadAction\",\"target\":[[\"https:\\\/\\\/lavalldelord.com\\\/es\\\/que-visitar-a-la-vall-de-lord-la-coma-i-la-pedra\\\/\"]]}]},{\"@type\":\"ImageObject\",\"inLanguage\":\"es\",\"@id\":\"https:\\\/\\\/lavalldelord.com\\\/es\\\/que-visitar-a-la-vall-de-lord-la-coma-i-la-pedra\\\/#primaryimage\",\"url\":\"https:\\\/\\\/lavalldelord.com\\\/wp-content\\\/uploads\\\/2024\\\/03\\\/fonts_cardener_petita_retallada.jpg\",\"contentUrl\":\"https:\\\/\\\/lavalldelord.com\\\/wp-content\\\/uploads\\\/2024\\\/03\\\/fonts_cardener_petita_retallada.jpg\",\"width\":1000,\"height\":558},{\"@type\":\"BreadcrumbList\",\"@id\":\"https:\\\/\\\/lavalldelord.com\\\/es\\\/que-visitar-a-la-vall-de-lord-la-coma-i-la-pedra\\\/#breadcrumb\",\"itemListElement\":[{\"@type\":\"ListItem\",\"position\":1,\"name\":\"Inici\",\"item\":\"https:\\\/\\\/lavalldelord.com\\\/es\\\/\"},{\"@type\":\"ListItem\",\"position\":2,\"name\":\"D\u00eda 2. La Coma i La Pedra\"}]},{\"@type\":\"WebSite\",\"@id\":\"https:\\\/\\\/lavalldelord.com\\\/es\\\/#website\",\"url\":\"https:\\\/\\\/lavalldelord.com\\\/es\\\/\",\"name\":\"Turisme Vall de Lord\",\"description\":\"Portal tur\u00edstic de la Vall de Lord, naturalment!\",\"publisher\":{\"@id\":\"https:\\\/\\\/lavalldelord.com\\\/es\\\/#organization\"},\"potentialAction\":[{\"@type\":\"SearchAction\",\"target\":{\"@type\":\"EntryPoint\",\"urlTemplate\":\"https:\\\/\\\/lavalldelord.com\\\/es\\\/?s={search_term_string}\"},\"query-input\":{\"@type\":\"PropertyValueSpecification\",\"valueRequired\":true,\"valueName\":\"search_term_string\"}}],\"inLanguage\":\"es\"},{\"@type\":\"Organization\",\"@id\":\"https:\\\/\\\/lavalldelord.com\\\/es\\\/#organization\",\"name\":\"La Vall de Lord\",\"url\":\"https:\\\/\\\/lavalldelord.com\\\/es\\\/\",\"logo\":{\"@type\":\"ImageObject\",\"inLanguage\":\"es\",\"@id\":\"https:\\\/\\\/lavalldelord.com\\\/es\\\/#\\\/schema\\\/logo\\\/image\\\/\",\"url\":\"https:\\\/\\\/lavalldelord.com\\\/wp-content\\\/uploads\\\/2024\\\/02\\\/DJI_0864_websize.jpg\",\"contentUrl\":\"https:\\\/\\\/lavalldelord.com\\\/wp-content\\\/uploads\\\/2024\\\/02\\\/DJI_0864_websize.jpg\",\"width\":1600,\"height\":899,\"caption\":\"La Vall de Lord\"},\"image\":{\"@id\":\"https:\\\/\\\/lavalldelord.com\\\/es\\\/#\\\/schema\\\/logo\\\/image\\\/\"},\"sameAs\":[\"https:\\\/\\\/www.facebook.com\\\/turismevalldelord\",\"https:\\\/\\\/x.com\\\/valldelord\",\"https:\\\/\\\/www.instagram.com\\\/turismevalldelord\"]}]}<\/script>\n<!-- \/ Yoast SEO plugin. -->","yoast_head_json":{"title":"Qu\u00e8 visitar a la Vall de Lord: La Coma i La Pedra","description":"Qu\u00e8 visitar a la Vall de Lord: La Coma i La Pedra. Descobreix qu\u00e8 fer a la Vall de Lord durant una setmana amb propostes per tot l'any.","robots":{"index":"index","follow":"follow","max-snippet":"max-snippet:-1","max-image-preview":"max-image-preview:large","max-video-preview":"max-video-preview:-1"},"canonical":"https:\/\/lavalldelord.com\/es\/que-visitar-a-la-vall-de-lord-la-coma-i-la-pedra\/","og_locale":"es_ES","og_type":"article","og_title":"Qu\u00e8 visitar a la Vall de Lord: La Coma i La Pedra","og_description":"Qu\u00e8 visitar a la Vall de Lord: La Coma i La Pedra. Descobreix qu\u00e8 fer a la Vall de Lord durant una setmana amb propostes per tot l'any.","og_url":"https:\/\/lavalldelord.com\/es\/que-visitar-a-la-vall-de-lord-la-coma-i-la-pedra\/","og_site_name":"La Vall de Lord","article_publisher":"https:\/\/www.facebook.com\/turismevalldelord","article_modified_time":"2024-09-08T08:47:12+00:00","og_image":[{"width":1000,"height":558,"url":"https:\/\/lavalldelord.com\/wp-content\/uploads\/2024\/03\/fonts_cardener_petita_retallada.jpg","type":"image\/jpeg"}],"twitter_card":"summary_large_image","twitter_site":"@valldelord","twitter_misc":{"Tiempo de lectura":"3 minutos"},"schema":{"@context":"https:\/\/schema.org","@graph":[{"@type":"WebPage","@id":"https:\/\/lavalldelord.com\/es\/que-visitar-a-la-vall-de-lord-la-coma-i-la-pedra\/","url":"https:\/\/lavalldelord.com\/es\/que-visitar-a-la-vall-de-lord-la-coma-i-la-pedra\/","name":"Qu\u00e8 visitar a la Vall de Lord: La Coma i La Pedra","isPartOf":{"@id":"https:\/\/lavalldelord.com\/es\/#website"},"primaryImageOfPage":{"@id":"https:\/\/lavalldelord.com\/es\/que-visitar-a-la-vall-de-lord-la-coma-i-la-pedra\/#primaryimage"},"image":{"@id":"https:\/\/lavalldelord.com\/que-visitar-a-la-vall-de-lord-la-coma-i-la-pedra\/#primaryimage"},"thumbnailUrl":"https:\/\/lavalldelord.com\/wp-content\/uploads\/2024\/03\/fonts_cardener_petita_retallada.jpg","datePublished":"2024-03-27T16:31:34+00:00","dateModified":"2024-09-08T08:47:12+00:00","description":"Qu\u00e8 visitar a la Vall de Lord: La Coma i La Pedra. Descobreix qu\u00e8 fer a la Vall de Lord durant una setmana amb propostes per tot l'any.","breadcrumb":{"@id":"https:\/\/lavalldelord.com\/es\/que-visitar-a-la-vall-de-lord-la-coma-i-la-pedra\/#breadcrumb"},"inLanguage":"es","potentialAction":[{"@type":"ReadAction","target":[["https:\/\/lavalldelord.com\/es\/que-visitar-a-la-vall-de-lord-la-coma-i-la-pedra\/"]]}]},{"@type":"ImageObject","inLanguage":"es","@id":"https:\/\/lavalldelord.com\/es\/que-visitar-a-la-vall-de-lord-la-coma-i-la-pedra\/#primaryimage","url":"https:\/\/lavalldelord.com\/wp-content\/uploads\/2024\/03\/fonts_cardener_petita_retallada.jpg","contentUrl":"https:\/\/lavalldelord.com\/wp-content\/uploads\/2024\/03\/fonts_cardener_petita_retallada.jpg","width":1000,"height":558},{"@type":"BreadcrumbList","@id":"https:\/\/lavalldelord.com\/es\/que-visitar-a-la-vall-de-lord-la-coma-i-la-pedra\/#breadcrumb","itemListElement":[{"@type":"ListItem","position":1,"name":"Inici","item":"https:\/\/lavalldelord.com\/es\/"},{"@type":"ListItem","position":2,"name":"D\u00eda 2. La Coma i La Pedra"}]},{"@type":"WebSite","@id":"https:\/\/lavalldelord.com\/es\/#website","url":"https:\/\/lavalldelord.com\/es\/","name":"Turisme Vall de Lord","description":"Portal tur\u00edstic de la Vall de Lord, naturalment!","publisher":{"@id":"https:\/\/lavalldelord.com\/es\/#organization"},"potentialAction":[{"@type":"SearchAction","target":{"@type":"EntryPoint","urlTemplate":"https:\/\/lavalldelord.com\/es\/?s={search_term_string}"},"query-input":{"@type":"PropertyValueSpecification","valueRequired":true,"valueName":"search_term_string"}}],"inLanguage":"es"},{"@type":"Organization","@id":"https:\/\/lavalldelord.com\/es\/#organization","name":"La Vall de Lord","url":"https:\/\/lavalldelord.com\/es\/","logo":{"@type":"ImageObject","inLanguage":"es","@id":"https:\/\/lavalldelord.com\/es\/#\/schema\/logo\/image\/","url":"https:\/\/lavalldelord.com\/wp-content\/uploads\/2024\/02\/DJI_0864_websize.jpg","contentUrl":"https:\/\/lavalldelord.com\/wp-content\/uploads\/2024\/02\/DJI_0864_websize.jpg","width":1600,"height":899,"caption":"La Vall de Lord"},"image":{"@id":"https:\/\/lavalldelord.com\/es\/#\/schema\/logo\/image\/"},"sameAs":["https:\/\/www.facebook.com\/turismevalldelord","https:\/\/x.com\/valldelord","https:\/\/www.instagram.com\/turismevalldelord"]}]}},"_links":{"self":[{"href":"https:\/\/lavalldelord.com\/es\/wp-json\/wp\/v2\/pages\/10994","targetHints":{"allow":["GET"]}}],"collection":[{"href":"https:\/\/lavalldelord.com\/es\/wp-json\/wp\/v2\/pages"}],"about":[{"href":"https:\/\/lavalldelord.com\/es\/wp-json\/wp\/v2\/types\/page"}],"author":[{"embeddable":true,"href":"https:\/\/lavalldelord.com\/es\/wp-json\/wp\/v2\/users\/3"}],"replies":[{"embeddable":true,"href":"https:\/\/lavalldelord.com\/es\/wp-json\/wp\/v2\/comments?post=10994"}],"version-history":[{"count":22,"href":"https:\/\/lavalldelord.com\/es\/wp-json\/wp\/v2\/pages\/10994\/revisions"}],"predecessor-version":[{"id":11682,"href":"https:\/\/lavalldelord.com\/es\/wp-json\/wp\/v2\/pages\/10994\/revisions\/11682"}],"wp:featuredmedia":[{"embeddable":true,"href":"https:\/\/lavalldelord.com\/es\/wp-json\/wp\/v2\/media\/10680"}],"wp:attachment":[{"href":"https:\/\/lavalldelord.com\/es\/wp-json\/wp\/v2\/media?parent=10994"}],"curies":[{"name":"wp","href":"https:\/\/api.w.org\/{rel}","templated":true}]}}