{"id":11005,"date":"2024-03-27T18:41:35","date_gmt":"2024-03-27T17:41:35","guid":{"rendered":"https:\/\/lavalldelord.com\/?page_id=11005"},"modified":"2024-09-09T11:43:31","modified_gmt":"2024-09-09T10:43:31","slug":"que-visitar-a-la-vall-de-lord-oden-cambrils","status":"publish","type":"page","link":"https:\/\/lavalldelord.com\/es\/que-visitar-a-la-vall-de-lord-oden-cambrils\/","title":{"rendered":"D\u00eda 3. El mirador del Cod\u00f3, Od\u00e8n y Cambrils"},"content":{"rendered":"<p><\/p>\n<h3><strong>D\u00eda 3. NATURALEZA E HISTORIA<\/strong><\/h3>\n<h4><em><strong>Disfruta de unas magn\u00edficas vistas desde el Mirador del Cod\u00f3, toma contacto animal en el refugio de animales del Zoo de los Pirineos, y descubre las Salinas de Cambrils<\/strong><\/em><\/h4>\n<p>&nbsp;<\/p>\n<figure id=\"attachment_8462\" aria-describedby=\"caption-attachment-8462\" style=\"width: 315px\" class=\"wp-caption alignright\"><img loading=\"lazy\" decoding=\"async\" class=\"wp-image-8462\" src=\"https:\/\/lavalldelord.com\/wp-content\/uploads\/2021\/04\/1200_1555651316codo-e1710161599738-600x338.jpg\" alt=\"\" width=\"315\" height=\"178\" srcset=\"https:\/\/lavalldelord.com\/wp-content\/uploads\/2021\/04\/1200_1555651316codo-e1710161599738-600x338.jpg 600w, https:\/\/lavalldelord.com\/wp-content\/uploads\/2021\/04\/1200_1555651316codo-e1710161599738-1024x577.jpg 1024w, https:\/\/lavalldelord.com\/wp-content\/uploads\/2021\/04\/1200_1555651316codo-e1710161599738-400x225.jpg 400w, https:\/\/lavalldelord.com\/wp-content\/uploads\/2021\/04\/1200_1555651316codo-e1710161599738-768x433.jpg 768w, https:\/\/lavalldelord.com\/wp-content\/uploads\/2021\/04\/1200_1555651316codo-e1710161599738.jpg 1200w\" sizes=\"auto, (max-width: 315px) 100vw, 315px\" \/><figcaption id=\"caption-attachment-8462\" class=\"wp-caption-text\">El mirador del Cod\u00f3<\/figcaption><\/figure>\n<p>El tercer d\u00eda en la Vall de Lord est\u00e1 dedicado a la zona de Guixers, Od\u00e8n y Cambrils.<\/p>\n<p>El <a href=\"https:\/\/lavalldelord.com\/punt\/mirador-del-codo\/\" target=\"_blank\" rel=\"noopener\">mirador del Cod\u00f3<\/a>, el balc\u00f3n de la Vall de Lord, os permitir\u00e1 tener unas magn\u00edficas vistss de este valle as\u00ed como de <a href=\"https:\/\/lavalldelord.com\/punt\/sant-llorenc-morunys\/\" target=\"_blank\" rel=\"noopener\">Sant Lloren\u00e7 de Morunys<\/a>, <a href=\"https:\/\/lavalldelord.com\/punt\/serra-de-busa-i-el-capolatell\/\" target=\"_blank\" rel=\"noopener\">la sierra de Busa<\/a> y\u00a0<a href=\"https:\/\/lavalldelord.com\/punt\/bastets\/\" target=\"_blank\" rel=\"noopener\">els Bastets<\/a>. En d\u00edas serenos podr\u00e9is ver la emblem\u00e1tica monta\u00f1a de Montserrat y el Montseny. Cualquier momento del d\u00eda es bueno para ir, aunque en verano, durante el ocaso se puede disfrutar de unos preciosos atardeceres.<\/p>\n<p>&nbsp;<\/p>\n<p>&nbsp;<\/p>\n<figure id=\"attachment_10768\" aria-describedby=\"caption-attachment-10768\" style=\"width: 311px\" class=\"wp-caption alignleft\"><img loading=\"lazy\" decoding=\"async\" class=\"wp-image-10768\" src=\"https:\/\/lavalldelord.com\/wp-content\/uploads\/2024\/03\/zoo_pirineu_petita-600x400.jpg\" alt=\"\" width=\"311\" height=\"207\" srcset=\"https:\/\/lavalldelord.com\/wp-content\/uploads\/2024\/03\/zoo_pirineu_petita-600x400.jpg 600w, https:\/\/lavalldelord.com\/wp-content\/uploads\/2024\/03\/zoo_pirineu_petita-400x267.jpg 400w, https:\/\/lavalldelord.com\/wp-content\/uploads\/2024\/03\/zoo_pirineu_petita-768x512.jpg 768w, https:\/\/lavalldelord.com\/wp-content\/uploads\/2024\/03\/zoo_pirineu_petita.jpg 780w\" sizes=\"auto, (max-width: 311px) 100vw, 311px\" \/><figcaption id=\"caption-attachment-10768\" class=\"wp-caption-text\">Zoo de los Pirineos<\/figcaption><\/figure>\n<p>Siguiendo una peque\u00f1a carretera de monta\u00f1a pod\u00e9is visitar el refugio de animales del <a href=\"https:\/\/lavalldelord.com\/empresa\/zoo-del-pirineu\/\" target=\"_blank\" rel=\"noopener\">Zoo de los Pirineos<\/a>, donde podr\u00e9is realizar visitas guiadas, actividades para los ni\u00f1os como el \u00abtoca &#8211; toca\u00bb o dar de comer a algunos de los animales; \u00a1toda una experiencia para grandes y peque\u00f1os!<\/p>\n<p>Y para complementar la visita en esta zona, ten\u00e9is el <a href=\"https:\/\/salidecambrils.cat\" target=\"_blank\" rel=\"noopener\">Sal\u00ed de Cambrils<\/a>, donde podr\u00e9is descubrir como se extra\u00eda antiguamente la sal en esta zona y ba\u00f1aros en la piscina de agua salada.<\/p>\n<p>&nbsp;<\/p>\n<p>&nbsp;<\/p>\n<p>&nbsp;<\/p>\n<p><strong><img loading=\"lazy\" decoding=\"async\" class=\"wp-image-11000 alignnone\" src=\"https:\/\/lavalldelord.com\/wp-content\/uploads\/2024\/03\/mapa-e1713081140824-600x543.png\" alt=\"\" width=\"40\" height=\"36\" srcset=\"https:\/\/lavalldelord.com\/wp-content\/uploads\/2024\/03\/mapa-e1713081140824-600x543.png 600w, https:\/\/lavalldelord.com\/wp-content\/uploads\/2024\/03\/mapa-e1713081140824-400x362.png 400w, https:\/\/lavalldelord.com\/wp-content\/uploads\/2024\/03\/mapa-e1713081140824-768x695.png 768w, https:\/\/lavalldelord.com\/wp-content\/uploads\/2024\/03\/mapa-e1713081140824.png 851w\" sizes=\"auto, (max-width: 40px) 100vw, 40px\" \/>MAPA:<\/strong><\/p>\n<p>Para m\u00f3viles: <a href=\"https:\/\/www.google.com\/maps\/d\/viewer?mid=1uXTwpL9NMASOTJbE4PcM2v6CtQklJEw&amp;usp=sharing\" target=\"_blank\" rel=\"noopener\">haz click aqu\u00ed para abrirlo con la app de Google Maps<\/a><\/p>\n<p><iframe loading=\"lazy\" src=\"https:\/\/www.google.com\/maps\/d\/u\/2\/embed?mid=1uXTwpL9NMASOTJbE4PcM2v6CtQklJEw&amp;ehbc=2E312F\" width=\"640\" height=\"480\" data-mce-fragment=\"1\"><\/iframe><\/p>","protected":false},"excerpt":{"rendered":"<p>D\u00eda 3. NATURALEZA E HISTORIA Disfruta de unas magn\u00edficas vistas desde el Mirador del Cod\u00f3, toma contacto animal en el [&hellip;]<\/p>\n","protected":false},"author":3,"featured_media":10768,"parent":0,"menu_order":52,"comment_status":"closed","ping_status":"closed","template":"full-width.php","meta":{"_acf_changed":false,"_exactmetrics_skip_tracking":false,"_exactmetrics_sitenote_active":false,"_exactmetrics_sitenote_note":"","_exactmetrics_sitenote_category":0,"_joinchat":[],"footnotes":""},"class_list":["post-11005","page","type-page","status-publish","has-post-thumbnail","hentry"],"acf":[],"yoast_head":"<!-- This site is optimized with the Yoast SEO plugin v27.5 - https:\/\/yoast.com\/product\/yoast-seo-wordpress\/ -->\n<title>Qu\u00e8 visitar a la Vall de Lord: Od\u00e8n i Cambrils<\/title>\n<meta name=\"description\" content=\"Qu\u00e8 visitar a la Vall de Lord: Guixers, Od\u00e8n i Cambrils. Descobreix qu\u00e8 fer a la Vall de Lord durant una setmana amb propostes per tot l&#039;any\" \/>\n<meta name=\"robots\" content=\"index, follow, max-snippet:-1, max-image-preview:large, max-video-preview:-1\" \/>\n<link rel=\"canonical\" href=\"https:\/\/lavalldelord.com\/es\/que-visitar-a-la-vall-de-lord-oden-cambrils\/\" \/>\n<meta property=\"og:locale\" content=\"es_ES\" \/>\n<meta property=\"og:type\" content=\"article\" \/>\n<meta property=\"og:title\" content=\"Qu\u00e8 visitar a la Vall de Lord: Od\u00e8n i Cambrils\" \/>\n<meta property=\"og:description\" content=\"Qu\u00e8 visitar a la Vall de Lord: Guixers, Od\u00e8n i Cambrils. Descobreix qu\u00e8 fer a la Vall de Lord durant una setmana amb propostes per tot l&#039;any\" \/>\n<meta property=\"og:url\" content=\"https:\/\/lavalldelord.com\/es\/que-visitar-a-la-vall-de-lord-oden-cambrils\/\" \/>\n<meta property=\"og:site_name\" content=\"La Vall de Lord\" \/>\n<meta property=\"article:publisher\" content=\"https:\/\/www.facebook.com\/turismevalldelord\" \/>\n<meta property=\"article:modified_time\" content=\"2024-09-09T10:43:31+00:00\" \/>\n<meta property=\"og:image\" content=\"https:\/\/lavalldelord.com\/wp-content\/uploads\/2024\/03\/zoo_pirineu_petita.jpg\" \/>\n\t<meta property=\"og:image:width\" content=\"780\" \/>\n\t<meta property=\"og:image:height\" content=\"520\" \/>\n\t<meta property=\"og:image:type\" content=\"image\/jpeg\" \/>\n<meta name=\"twitter:card\" content=\"summary_large_image\" \/>\n<meta name=\"twitter:site\" content=\"@valldelord\" \/>\n<meta name=\"twitter:label1\" content=\"Tiempo de lectura\" \/>\n\t<meta name=\"twitter:data1\" content=\"2 minutos\" \/>\n<script type=\"application\/ld+json\" class=\"yoast-schema-graph\">{\"@context\":\"https:\\\/\\\/schema.org\",\"@graph\":[{\"@type\":\"WebPage\",\"@id\":\"https:\\\/\\\/lavalldelord.com\\\/es\\\/que-visitar-a-la-vall-de-lord-oden-cambrils\\\/\",\"url\":\"https:\\\/\\\/lavalldelord.com\\\/es\\\/que-visitar-a-la-vall-de-lord-oden-cambrils\\\/\",\"name\":\"Qu\u00e8 visitar a la Vall de Lord: Od\u00e8n i Cambrils\",\"isPartOf\":{\"@id\":\"https:\\\/\\\/lavalldelord.com\\\/es\\\/#website\"},\"primaryImageOfPage\":{\"@id\":\"https:\\\/\\\/lavalldelord.com\\\/es\\\/que-visitar-a-la-vall-de-lord-oden-cambrils\\\/#primaryimage\"},\"image\":{\"@id\":\"https:\\\/\\\/lavalldelord.com\\\/que-visitar-a-la-vall-de-lord-oden-cambrils\\\/#primaryimage\"},\"thumbnailUrl\":\"https:\\\/\\\/lavalldelord.com\\\/wp-content\\\/uploads\\\/2024\\\/03\\\/zoo_pirineu_petita.jpg\",\"datePublished\":\"2024-03-27T17:41:35+00:00\",\"dateModified\":\"2024-09-09T10:43:31+00:00\",\"description\":\"Qu\u00e8 visitar a la Vall de Lord: Guixers, Od\u00e8n i Cambrils. Descobreix qu\u00e8 fer a la Vall de Lord durant una setmana amb propostes per tot l'any\",\"breadcrumb\":{\"@id\":\"https:\\\/\\\/lavalldelord.com\\\/es\\\/que-visitar-a-la-vall-de-lord-oden-cambrils\\\/#breadcrumb\"},\"inLanguage\":\"es\",\"potentialAction\":[{\"@type\":\"ReadAction\",\"target\":[[\"https:\\\/\\\/lavalldelord.com\\\/es\\\/que-visitar-a-la-vall-de-lord-oden-cambrils\\\/\"]]}]},{\"@type\":\"ImageObject\",\"inLanguage\":\"es\",\"@id\":\"https:\\\/\\\/lavalldelord.com\\\/es\\\/que-visitar-a-la-vall-de-lord-oden-cambrils\\\/#primaryimage\",\"url\":\"https:\\\/\\\/lavalldelord.com\\\/wp-content\\\/uploads\\\/2024\\\/03\\\/zoo_pirineu_petita.jpg\",\"contentUrl\":\"https:\\\/\\\/lavalldelord.com\\\/wp-content\\\/uploads\\\/2024\\\/03\\\/zoo_pirineu_petita.jpg\",\"width\":780,\"height\":520},{\"@type\":\"BreadcrumbList\",\"@id\":\"https:\\\/\\\/lavalldelord.com\\\/es\\\/que-visitar-a-la-vall-de-lord-oden-cambrils\\\/#breadcrumb\",\"itemListElement\":[{\"@type\":\"ListItem\",\"position\":1,\"name\":\"Inici\",\"item\":\"https:\\\/\\\/lavalldelord.com\\\/es\\\/\"},{\"@type\":\"ListItem\",\"position\":2,\"name\":\"D\u00eda 3. El mirador del Cod\u00f3, Od\u00e8n y Cambrils\"}]},{\"@type\":\"WebSite\",\"@id\":\"https:\\\/\\\/lavalldelord.com\\\/es\\\/#website\",\"url\":\"https:\\\/\\\/lavalldelord.com\\\/es\\\/\",\"name\":\"Turisme Vall de Lord\",\"description\":\"Portal tur\u00edstic de la Vall de Lord, naturalment!\",\"publisher\":{\"@id\":\"https:\\\/\\\/lavalldelord.com\\\/es\\\/#organization\"},\"potentialAction\":[{\"@type\":\"SearchAction\",\"target\":{\"@type\":\"EntryPoint\",\"urlTemplate\":\"https:\\\/\\\/lavalldelord.com\\\/es\\\/?s={search_term_string}\"},\"query-input\":{\"@type\":\"PropertyValueSpecification\",\"valueRequired\":true,\"valueName\":\"search_term_string\"}}],\"inLanguage\":\"es\"},{\"@type\":\"Organization\",\"@id\":\"https:\\\/\\\/lavalldelord.com\\\/es\\\/#organization\",\"name\":\"La Vall de Lord\",\"url\":\"https:\\\/\\\/lavalldelord.com\\\/es\\\/\",\"logo\":{\"@type\":\"ImageObject\",\"inLanguage\":\"es\",\"@id\":\"https:\\\/\\\/lavalldelord.com\\\/es\\\/#\\\/schema\\\/logo\\\/image\\\/\",\"url\":\"https:\\\/\\\/lavalldelord.com\\\/wp-content\\\/uploads\\\/2024\\\/02\\\/DJI_0864_websize.jpg\",\"contentUrl\":\"https:\\\/\\\/lavalldelord.com\\\/wp-content\\\/uploads\\\/2024\\\/02\\\/DJI_0864_websize.jpg\",\"width\":1600,\"height\":899,\"caption\":\"La Vall de Lord\"},\"image\":{\"@id\":\"https:\\\/\\\/lavalldelord.com\\\/es\\\/#\\\/schema\\\/logo\\\/image\\\/\"},\"sameAs\":[\"https:\\\/\\\/www.facebook.com\\\/turismevalldelord\",\"https:\\\/\\\/x.com\\\/valldelord\",\"https:\\\/\\\/www.instagram.com\\\/turismevalldelord\"]}]}<\/script>\n<!-- \/ Yoast SEO plugin. -->","yoast_head_json":{"title":"Qu\u00e8 visitar a la Vall de Lord: Od\u00e8n i Cambrils","description":"Qu\u00e8 visitar a la Vall de Lord: Guixers, Od\u00e8n i Cambrils. Descobreix qu\u00e8 fer a la Vall de Lord durant una setmana amb propostes per tot l'any","robots":{"index":"index","follow":"follow","max-snippet":"max-snippet:-1","max-image-preview":"max-image-preview:large","max-video-preview":"max-video-preview:-1"},"canonical":"https:\/\/lavalldelord.com\/es\/que-visitar-a-la-vall-de-lord-oden-cambrils\/","og_locale":"es_ES","og_type":"article","og_title":"Qu\u00e8 visitar a la Vall de Lord: Od\u00e8n i Cambrils","og_description":"Qu\u00e8 visitar a la Vall de Lord: Guixers, Od\u00e8n i Cambrils. Descobreix qu\u00e8 fer a la Vall de Lord durant una setmana amb propostes per tot l'any","og_url":"https:\/\/lavalldelord.com\/es\/que-visitar-a-la-vall-de-lord-oden-cambrils\/","og_site_name":"La Vall de Lord","article_publisher":"https:\/\/www.facebook.com\/turismevalldelord","article_modified_time":"2024-09-09T10:43:31+00:00","og_image":[{"width":780,"height":520,"url":"https:\/\/lavalldelord.com\/wp-content\/uploads\/2024\/03\/zoo_pirineu_petita.jpg","type":"image\/jpeg"}],"twitter_card":"summary_large_image","twitter_site":"@valldelord","twitter_misc":{"Tiempo de lectura":"2 minutos"},"schema":{"@context":"https:\/\/schema.org","@graph":[{"@type":"WebPage","@id":"https:\/\/lavalldelord.com\/es\/que-visitar-a-la-vall-de-lord-oden-cambrils\/","url":"https:\/\/lavalldelord.com\/es\/que-visitar-a-la-vall-de-lord-oden-cambrils\/","name":"Qu\u00e8 visitar a la Vall de Lord: Od\u00e8n i Cambrils","isPartOf":{"@id":"https:\/\/lavalldelord.com\/es\/#website"},"primaryImageOfPage":{"@id":"https:\/\/lavalldelord.com\/es\/que-visitar-a-la-vall-de-lord-oden-cambrils\/#primaryimage"},"image":{"@id":"https:\/\/lavalldelord.com\/que-visitar-a-la-vall-de-lord-oden-cambrils\/#primaryimage"},"thumbnailUrl":"https:\/\/lavalldelord.com\/wp-content\/uploads\/2024\/03\/zoo_pirineu_petita.jpg","datePublished":"2024-03-27T17:41:35+00:00","dateModified":"2024-09-09T10:43:31+00:00","description":"Qu\u00e8 visitar a la Vall de Lord: Guixers, Od\u00e8n i Cambrils. Descobreix qu\u00e8 fer a la Vall de Lord durant una setmana amb propostes per tot l'any","breadcrumb":{"@id":"https:\/\/lavalldelord.com\/es\/que-visitar-a-la-vall-de-lord-oden-cambrils\/#breadcrumb"},"inLanguage":"es","potentialAction":[{"@type":"ReadAction","target":[["https:\/\/lavalldelord.com\/es\/que-visitar-a-la-vall-de-lord-oden-cambrils\/"]]}]},{"@type":"ImageObject","inLanguage":"es","@id":"https:\/\/lavalldelord.com\/es\/que-visitar-a-la-vall-de-lord-oden-cambrils\/#primaryimage","url":"https:\/\/lavalldelord.com\/wp-content\/uploads\/2024\/03\/zoo_pirineu_petita.jpg","contentUrl":"https:\/\/lavalldelord.com\/wp-content\/uploads\/2024\/03\/zoo_pirineu_petita.jpg","width":780,"height":520},{"@type":"BreadcrumbList","@id":"https:\/\/lavalldelord.com\/es\/que-visitar-a-la-vall-de-lord-oden-cambrils\/#breadcrumb","itemListElement":[{"@type":"ListItem","position":1,"name":"Inici","item":"https:\/\/lavalldelord.com\/es\/"},{"@type":"ListItem","position":2,"name":"D\u00eda 3. El mirador del Cod\u00f3, Od\u00e8n y Cambrils"}]},{"@type":"WebSite","@id":"https:\/\/lavalldelord.com\/es\/#website","url":"https:\/\/lavalldelord.com\/es\/","name":"Turisme Vall de Lord","description":"Portal tur\u00edstic de la Vall de Lord, naturalment!","publisher":{"@id":"https:\/\/lavalldelord.com\/es\/#organization"},"potentialAction":[{"@type":"SearchAction","target":{"@type":"EntryPoint","urlTemplate":"https:\/\/lavalldelord.com\/es\/?s={search_term_string}"},"query-input":{"@type":"PropertyValueSpecification","valueRequired":true,"valueName":"search_term_string"}}],"inLanguage":"es"},{"@type":"Organization","@id":"https:\/\/lavalldelord.com\/es\/#organization","name":"La Vall de Lord","url":"https:\/\/lavalldelord.com\/es\/","logo":{"@type":"ImageObject","inLanguage":"es","@id":"https:\/\/lavalldelord.com\/es\/#\/schema\/logo\/image\/","url":"https:\/\/lavalldelord.com\/wp-content\/uploads\/2024\/02\/DJI_0864_websize.jpg","contentUrl":"https:\/\/lavalldelord.com\/wp-content\/uploads\/2024\/02\/DJI_0864_websize.jpg","width":1600,"height":899,"caption":"La Vall de Lord"},"image":{"@id":"https:\/\/lavalldelord.com\/es\/#\/schema\/logo\/image\/"},"sameAs":["https:\/\/www.facebook.com\/turismevalldelord","https:\/\/x.com\/valldelord","https:\/\/www.instagram.com\/turismevalldelord"]}]}},"_links":{"self":[{"href":"https:\/\/lavalldelord.com\/es\/wp-json\/wp\/v2\/pages\/11005","targetHints":{"allow":["GET"]}}],"collection":[{"href":"https:\/\/lavalldelord.com\/es\/wp-json\/wp\/v2\/pages"}],"about":[{"href":"https:\/\/lavalldelord.com\/es\/wp-json\/wp\/v2\/types\/page"}],"author":[{"embeddable":true,"href":"https:\/\/lavalldelord.com\/es\/wp-json\/wp\/v2\/users\/3"}],"replies":[{"embeddable":true,"href":"https:\/\/lavalldelord.com\/es\/wp-json\/wp\/v2\/comments?post=11005"}],"version-history":[{"count":22,"href":"https:\/\/lavalldelord.com\/es\/wp-json\/wp\/v2\/pages\/11005\/revisions"}],"predecessor-version":[{"id":11701,"href":"https:\/\/lavalldelord.com\/es\/wp-json\/wp\/v2\/pages\/11005\/revisions\/11701"}],"wp:featuredmedia":[{"embeddable":true,"href":"https:\/\/lavalldelord.com\/es\/wp-json\/wp\/v2\/media\/10768"}],"wp:attachment":[{"href":"https:\/\/lavalldelord.com\/es\/wp-json\/wp\/v2\/media?parent=11005"}],"curies":[{"name":"wp","href":"https:\/\/api.w.org\/{rel}","templated":true}]}}