{"id":11032,"date":"2024-03-27T19:54:51","date_gmt":"2024-03-27T18:54:51","guid":{"rendered":"https:\/\/lavalldelord.com\/?page_id=11032"},"modified":"2026-04-27T10:07:20","modified_gmt":"2026-04-27T09:07:20","slug":"que-visitar-a-la-vall-de-lord-busa","status":"publish","type":"page","link":"https:\/\/lavalldelord.com\/es\/que-visitar-a-la-vall-de-lord-busa\/","title":{"rendered":"D\u00eda 5. La sierra de Busa"},"content":{"rendered":"<p><\/p>\n<h3><strong>D\u00eda 5. NATURALEZA, MONTA\u00d1A, HISTORIA Y PATRIMONIO<\/strong><\/h3>\n<h4><em><strong>La Sierra de Busa y la prisi\u00f3n natural, y el cementerio modernista de Olius<\/strong><\/em><\/h4>\n<p>&nbsp;<\/p>\n<p>Uno de los puntos esenciales a ir si se visita la Vall de Lord es la <a href=\"https:\/\/lavalldelord.com\/punt\/serra-de-busa-i-el-capolatell\/\" target=\"_blank\" rel=\"noopener\"><strong>serra de Busa<\/strong><\/a>, con su llano, el mirador del Capolat y la <strong><a href=\"https:\/\/lavalldelord.com\/punt\/preso-natural-busa\/\" target=\"_blank\" rel=\"noopener\">prisi\u00f3n natural de Busa<\/a><\/strong>.<\/p>\n<figure id=\"attachment_11037\" aria-describedby=\"caption-attachment-11037\" style=\"width: 400px\" class=\"wp-caption alignleft\"><img loading=\"lazy\" decoding=\"async\" class=\"wp-image-11037 size-thumbnail\" title=\"Serra de Busa\" src=\"https:\/\/lavalldelord.com\/wp-content\/uploads\/2024\/03\/DJI_0857_websize-400x225.jpg\" alt=\"Serra de Busa\" width=\"400\" height=\"225\" srcset=\"https:\/\/lavalldelord.com\/wp-content\/uploads\/2024\/03\/DJI_0857_websize-400x225.jpg 400w, https:\/\/lavalldelord.com\/wp-content\/uploads\/2024\/03\/DJI_0857_websize-600x337.jpg 600w, https:\/\/lavalldelord.com\/wp-content\/uploads\/2024\/03\/DJI_0857_websize-1024x575.jpg 1024w, https:\/\/lavalldelord.com\/wp-content\/uploads\/2024\/03\/DJI_0857_websize-768x432.jpg 768w, https:\/\/lavalldelord.com\/wp-content\/uploads\/2024\/03\/DJI_0857_websize-1536x863.jpg 1536w, https:\/\/lavalldelord.com\/wp-content\/uploads\/2024\/03\/DJI_0857_websize.jpg 1600w\" sizes=\"auto, (max-width: 400px) 100vw, 400px\" \/><figcaption id=\"caption-attachment-11037\" class=\"wp-caption-text\">La Sierra de Busa<\/figcaption><\/figure>\n<p>Desde Busa podr\u00e9is disfrutar de unas vistas privilegiadas de la Vall de Lord, con la <a href=\"https:\/\/lavalldelord.com\/punt\/serra-de-port-del-comte\/\" target=\"_blank\" rel=\"noopener\">sierra de Port del Comte<\/a> y la sierra d&#8217;Od\u00e8n al fondo, <a href=\"https:\/\/lavalldelord.com\/punt\/sant-llorenc-morunys\/\" target=\"_blank\" rel=\"noopener\">Sant Lloren\u00e7 de Morunys<\/a>, el <a href=\"https:\/\/lavalldelord.com\/punt\/santuari-de-lord-2\/\" target=\"_blank\" rel=\"noopener\">Santuari de Lord<\/a> o el <a href=\"https:\/\/lavalldelord.com\/punt\/embassament-de-la-llosa-del-cavall\/\" target=\"_blank\" rel=\"noopener\">embalse de la Llosa del Cavall<\/a>. Arriba del llano pod\u00e9is hacer algunas excursiones como visitar <a href=\"https:\/\/lavalldelord.com\/punt\/sant-cristofol-busa\/\" target=\"_blank\" rel=\"noopener\">Sant Crist\u00f2fol de Busa<\/a> o <a href=\"https:\/\/turismesolsones.com\/wp-content\/uploads\/2022\/04\/naves-1-BAIXA.pdf\" target=\"_blank\" rel=\"noopener\">llegar hasta la prisi\u00f3n natural de Busa<\/a>, lugar donde dejaban aislados los prisioneros de guerra.<\/p>\n<p>Esta sierra tiene un inter\u00e9s natural como hist\u00f3rico; durante la Guerra de independencia, este llano alberg\u00f3 un campo de instrucci\u00f3n militar. En geolog\u00eda es ejemplo de inter\u00e9s mundial gracias a unos estudios y la definici\u00f3n de un nuevo t\u00e9rmino geol\u00f3gico. Pod\u00e9is conocer toda la historia y geolog\u00eda de esta sierra en el\u00a0<a href=\"https:\/\/lavalldelord.com\/punt\/museu-centre-dinterpretacio-vall-lord\/\" target=\"_blank\" rel=\"noopener\">Museo &#8211; Centro de Interpretaci\u00f3n de la Vall de Lord<\/a>.<\/p>\n<p>&nbsp;<\/p>\n<figure id=\"attachment_11038\" aria-describedby=\"caption-attachment-11038\" style=\"width: 400px\" class=\"wp-caption alignleft\"><img loading=\"lazy\" decoding=\"async\" class=\"wp-image-11038 size-thumbnail\" title=\"Carretera d'acc\u00e9s a Busa\" src=\"https:\/\/lavalldelord.com\/wp-content\/uploads\/2024\/03\/DJI_0060_websize-2-e1711618463257-400x269.jpg\" alt=\"Carretera d'acc\u00e9s a Busa\" width=\"400\" height=\"269\" srcset=\"https:\/\/lavalldelord.com\/wp-content\/uploads\/2024\/03\/DJI_0060_websize-2-e1711618463257-400x269.jpg 400w, https:\/\/lavalldelord.com\/wp-content\/uploads\/2024\/03\/DJI_0060_websize-2-e1711618463257-600x404.jpg 600w, https:\/\/lavalldelord.com\/wp-content\/uploads\/2024\/03\/DJI_0060_websize-2-e1711618463257-1024x689.jpg 1024w, https:\/\/lavalldelord.com\/wp-content\/uploads\/2024\/03\/DJI_0060_websize-2-e1711618463257-768x517.jpg 768w, https:\/\/lavalldelord.com\/wp-content\/uploads\/2024\/03\/DJI_0060_websize-2-e1711618463257-1536x1034.jpg 1536w, https:\/\/lavalldelord.com\/wp-content\/uploads\/2024\/03\/DJI_0060_websize-2-e1711618463257.jpg 1600w\" sizes=\"auto, (max-width: 400px) 100vw, 400px\" \/><figcaption id=\"caption-attachment-11038\" class=\"wp-caption-text\">Carretera de acceso a Busa<\/figcaption><\/figure>\n<p>A la sierra de Busa se puede acceder en coche desde Nav\u00e8s o a pie, a trav\u00e9s de la <a href=\"https:\/\/lavalldelord.com\/ruta\/ruta-de-les-cases-de-posada-a-busa-pel-grau-de-lareny\/\" target=\"_blank\" rel=\"noopener\">ruta 7: de les Cases de Posada a Busa por el grau de l&#8217;Areny<\/a>. Tambi\u00e9n pod\u00e9is visitar toda esta zona a trav\u00e9s de la <a href=\"https:\/\/turismesolsones.com\/ruta\/ruta-de-la-vall-dora-al-pla-de-busa-i-el-capolatell\/\" target=\"_blank\" rel=\"noopener\">ruta de Turisme Solson\u00e8s n. 32: de la Vall d&#8217;Ora al pla de Busa i al Capolatell<\/a><\/p>\n<p>En el caso de visitar la sierra de Busa en coche a trav\u00e9s de Solsona, es recomendable aprovechar para visitar el <strong><a href=\"https:\/\/turismesolsones.com\/no-tho-perdis\/olius-conjunt-monumental\/\" target=\"_blank\" rel=\"noopener\">conjunto monumental de Olius<\/a><\/strong>, con su iglesia y su curioso cementerio modernista. De camino a la sierra de Busa &#8211; en cotxe &#8211; podr\u00e9is ver tambi\u00e9n la ermita de <a href=\"https:\/\/turismesolsones.com\/punt\/esglesia-de-besora\/\" target=\"_blank\" rel=\"noopener\">Sant Serni de Besora<\/a> y a pocos metros el <a href=\"https:\/\/turismesolsones.com\/punt\/castell-i-esglesia-de-besora\/\" target=\"_blank\" rel=\"noopener\">castillo de Besora<\/a>, actualmente propiedad privada.<\/p>\n<p>&nbsp;<\/p>\n<p>&nbsp;<\/p>\n<p>&nbsp;<\/p>\n<p style=\"text-align: left;\"><strong><img loading=\"lazy\" decoding=\"async\" class=\"wp-image-11000 alignnone\" src=\"https:\/\/lavalldelord.com\/wp-content\/uploads\/2024\/03\/mapa-e1713081140824-600x543.png\" alt=\"\" width=\"40\" height=\"36\" srcset=\"https:\/\/lavalldelord.com\/wp-content\/uploads\/2024\/03\/mapa-e1713081140824-600x543.png 600w, https:\/\/lavalldelord.com\/wp-content\/uploads\/2024\/03\/mapa-e1713081140824-400x362.png 400w, https:\/\/lavalldelord.com\/wp-content\/uploads\/2024\/03\/mapa-e1713081140824-768x695.png 768w, https:\/\/lavalldelord.com\/wp-content\/uploads\/2024\/03\/mapa-e1713081140824.png 851w\" sizes=\"auto, (max-width: 40px) 100vw, 40px\" \/>MAPA:<\/strong><\/p>\n<p style=\"text-align: left;\">Para m\u00f3viles: <a href=\"https:\/\/www.google.com\/maps\/d\/viewer?mid=1cR0TO8B0OOcsIjlNFT_1SDQ8IofhuNQ&amp;usp=sharing\" target=\"_blank\" rel=\"noopener\">haz click aqu\u00ed para abrirlo en la app de Google Maps<\/a><\/p>\n<p><iframe loading=\"lazy\" src=\"https:\/\/www.google.com\/maps\/d\/u\/0\/embed?mid=1cR0TO8B0OOcsIjlNFT_1SDQ8IofhuNQ&amp;ehbc=2E312F\" width=\"640\" height=\"480\" data-mce-fragment=\"1\"><\/iframe><\/p>","protected":false},"excerpt":{"rendered":"<p>D\u00eda 5. NATURALEZA, MONTA\u00d1A, HISTORIA Y PATRIMONIO La Sierra de Busa y la prisi\u00f3n natural, y el cementerio modernista de [&hellip;]<\/p>\n","protected":false},"author":3,"featured_media":11037,"parent":0,"menu_order":50,"comment_status":"closed","ping_status":"closed","template":"full-width.php","meta":{"_acf_changed":false,"_exactmetrics_skip_tracking":false,"_exactmetrics_sitenote_active":false,"_exactmetrics_sitenote_note":"","_exactmetrics_sitenote_category":0,"_joinchat":[],"footnotes":""},"class_list":["post-11032","page","type-page","status-publish","has-post-thumbnail","hentry"],"acf":[],"yoast_head":"<!-- This site is optimized with the Yoast SEO plugin v27.5 - https:\/\/yoast.com\/product\/yoast-seo-wordpress\/ -->\n<title>Qu\u00e8 visitar a la Vall de Lord: Busa<\/title>\n<meta name=\"description\" content=\"Qu\u00e8 visitar a la Vall de Lord: Busa. Descobreix qu\u00e8 fer a la Vall de Lord durant una setmana amb propostes per tot l&#039;any\" \/>\n<meta name=\"robots\" content=\"index, follow, max-snippet:-1, max-image-preview:large, max-video-preview:-1\" \/>\n<link rel=\"canonical\" href=\"https:\/\/lavalldelord.com\/es\/que-visitar-a-la-vall-de-lord-busa\/\" \/>\n<meta property=\"og:locale\" content=\"es_ES\" \/>\n<meta property=\"og:type\" content=\"article\" \/>\n<meta property=\"og:title\" content=\"Qu\u00e8 visitar a la Vall de Lord: Busa\" \/>\n<meta property=\"og:description\" content=\"Qu\u00e8 visitar a la Vall de Lord: Busa. Descobreix qu\u00e8 fer a la Vall de Lord durant una setmana amb propostes per tot l&#039;any\" \/>\n<meta property=\"og:url\" content=\"https:\/\/lavalldelord.com\/es\/que-visitar-a-la-vall-de-lord-busa\/\" \/>\n<meta property=\"og:site_name\" content=\"La Vall de Lord\" \/>\n<meta property=\"article:publisher\" content=\"https:\/\/www.facebook.com\/turismevalldelord\" \/>\n<meta property=\"article:modified_time\" content=\"2026-04-27T09:07:20+00:00\" \/>\n<meta property=\"og:image\" content=\"https:\/\/lavalldelord.com\/wp-content\/uploads\/2024\/03\/DJI_0857_websize.jpg\" \/>\n\t<meta property=\"og:image:width\" content=\"1600\" \/>\n\t<meta property=\"og:image:height\" content=\"899\" \/>\n\t<meta property=\"og:image:type\" content=\"image\/jpeg\" \/>\n<meta name=\"twitter:card\" content=\"summary_large_image\" \/>\n<meta name=\"twitter:site\" content=\"@valldelord\" \/>\n<meta name=\"twitter:label1\" content=\"Tiempo de lectura\" \/>\n\t<meta name=\"twitter:data1\" content=\"3 minutos\" \/>\n<script type=\"application\/ld+json\" class=\"yoast-schema-graph\">{\"@context\":\"https:\\\/\\\/schema.org\",\"@graph\":[{\"@type\":\"WebPage\",\"@id\":\"https:\\\/\\\/lavalldelord.com\\\/es\\\/que-visitar-a-la-vall-de-lord-busa\\\/\",\"url\":\"https:\\\/\\\/lavalldelord.com\\\/es\\\/que-visitar-a-la-vall-de-lord-busa\\\/\",\"name\":\"Qu\u00e8 visitar a la Vall de Lord: Busa\",\"isPartOf\":{\"@id\":\"https:\\\/\\\/lavalldelord.com\\\/es\\\/#website\"},\"primaryImageOfPage\":{\"@id\":\"https:\\\/\\\/lavalldelord.com\\\/es\\\/que-visitar-a-la-vall-de-lord-busa\\\/#primaryimage\"},\"image\":{\"@id\":\"https:\\\/\\\/lavalldelord.com\\\/que-visitar-a-la-vall-de-lord-busa\\\/#primaryimage\"},\"thumbnailUrl\":\"https:\\\/\\\/lavalldelord.com\\\/wp-content\\\/uploads\\\/2024\\\/03\\\/DJI_0857_websize.jpg\",\"datePublished\":\"2024-03-27T18:54:51+00:00\",\"dateModified\":\"2026-04-27T09:07:20+00:00\",\"description\":\"Qu\u00e8 visitar a la Vall de Lord: Busa. Descobreix qu\u00e8 fer a la Vall de Lord durant una setmana amb propostes per tot l'any\",\"breadcrumb\":{\"@id\":\"https:\\\/\\\/lavalldelord.com\\\/es\\\/que-visitar-a-la-vall-de-lord-busa\\\/#breadcrumb\"},\"inLanguage\":\"es\",\"potentialAction\":[{\"@type\":\"ReadAction\",\"target\":[[\"https:\\\/\\\/lavalldelord.com\\\/es\\\/que-visitar-a-la-vall-de-lord-busa\\\/\"]]}]},{\"@type\":\"ImageObject\",\"inLanguage\":\"es\",\"@id\":\"https:\\\/\\\/lavalldelord.com\\\/es\\\/que-visitar-a-la-vall-de-lord-busa\\\/#primaryimage\",\"url\":\"https:\\\/\\\/lavalldelord.com\\\/wp-content\\\/uploads\\\/2024\\\/03\\\/DJI_0857_websize.jpg\",\"contentUrl\":\"https:\\\/\\\/lavalldelord.com\\\/wp-content\\\/uploads\\\/2024\\\/03\\\/DJI_0857_websize.jpg\",\"width\":1600,\"height\":899,\"caption\":\"Serra de Busa\"},{\"@type\":\"BreadcrumbList\",\"@id\":\"https:\\\/\\\/lavalldelord.com\\\/es\\\/que-visitar-a-la-vall-de-lord-busa\\\/#breadcrumb\",\"itemListElement\":[{\"@type\":\"ListItem\",\"position\":1,\"name\":\"Inici\",\"item\":\"https:\\\/\\\/lavalldelord.com\\\/es\\\/\"},{\"@type\":\"ListItem\",\"position\":2,\"name\":\"Dia 5. La Serra de Busa\"}]},{\"@type\":\"WebSite\",\"@id\":\"https:\\\/\\\/lavalldelord.com\\\/es\\\/#website\",\"url\":\"https:\\\/\\\/lavalldelord.com\\\/es\\\/\",\"name\":\"Turisme Vall de Lord\",\"description\":\"Portal tur\u00edstic de la Vall de Lord, naturalment!\",\"publisher\":{\"@id\":\"https:\\\/\\\/lavalldelord.com\\\/es\\\/#organization\"},\"potentialAction\":[{\"@type\":\"SearchAction\",\"target\":{\"@type\":\"EntryPoint\",\"urlTemplate\":\"https:\\\/\\\/lavalldelord.com\\\/es\\\/?s={search_term_string}\"},\"query-input\":{\"@type\":\"PropertyValueSpecification\",\"valueRequired\":true,\"valueName\":\"search_term_string\"}}],\"inLanguage\":\"es\"},{\"@type\":\"Organization\",\"@id\":\"https:\\\/\\\/lavalldelord.com\\\/es\\\/#organization\",\"name\":\"La Vall de Lord\",\"url\":\"https:\\\/\\\/lavalldelord.com\\\/es\\\/\",\"logo\":{\"@type\":\"ImageObject\",\"inLanguage\":\"es\",\"@id\":\"https:\\\/\\\/lavalldelord.com\\\/es\\\/#\\\/schema\\\/logo\\\/image\\\/\",\"url\":\"https:\\\/\\\/lavalldelord.com\\\/wp-content\\\/uploads\\\/2024\\\/02\\\/DJI_0864_websize.jpg\",\"contentUrl\":\"https:\\\/\\\/lavalldelord.com\\\/wp-content\\\/uploads\\\/2024\\\/02\\\/DJI_0864_websize.jpg\",\"width\":1600,\"height\":899,\"caption\":\"La Vall de Lord\"},\"image\":{\"@id\":\"https:\\\/\\\/lavalldelord.com\\\/es\\\/#\\\/schema\\\/logo\\\/image\\\/\"},\"sameAs\":[\"https:\\\/\\\/www.facebook.com\\\/turismevalldelord\",\"https:\\\/\\\/x.com\\\/valldelord\",\"https:\\\/\\\/www.instagram.com\\\/turismevalldelord\"]}]}<\/script>\n<!-- \/ Yoast SEO plugin. -->","yoast_head_json":{"title":"Qu\u00e8 visitar a la Vall de Lord: Busa","description":"Qu\u00e8 visitar a la Vall de Lord: Busa. Descobreix qu\u00e8 fer a la Vall de Lord durant una setmana amb propostes per tot l'any","robots":{"index":"index","follow":"follow","max-snippet":"max-snippet:-1","max-image-preview":"max-image-preview:large","max-video-preview":"max-video-preview:-1"},"canonical":"https:\/\/lavalldelord.com\/es\/que-visitar-a-la-vall-de-lord-busa\/","og_locale":"es_ES","og_type":"article","og_title":"Qu\u00e8 visitar a la Vall de Lord: Busa","og_description":"Qu\u00e8 visitar a la Vall de Lord: Busa. Descobreix qu\u00e8 fer a la Vall de Lord durant una setmana amb propostes per tot l'any","og_url":"https:\/\/lavalldelord.com\/es\/que-visitar-a-la-vall-de-lord-busa\/","og_site_name":"La Vall de Lord","article_publisher":"https:\/\/www.facebook.com\/turismevalldelord","article_modified_time":"2026-04-27T09:07:20+00:00","og_image":[{"width":1600,"height":899,"url":"https:\/\/lavalldelord.com\/wp-content\/uploads\/2024\/03\/DJI_0857_websize.jpg","type":"image\/jpeg"}],"twitter_card":"summary_large_image","twitter_site":"@valldelord","twitter_misc":{"Tiempo de lectura":"3 minutos"},"schema":{"@context":"https:\/\/schema.org","@graph":[{"@type":"WebPage","@id":"https:\/\/lavalldelord.com\/es\/que-visitar-a-la-vall-de-lord-busa\/","url":"https:\/\/lavalldelord.com\/es\/que-visitar-a-la-vall-de-lord-busa\/","name":"Qu\u00e8 visitar a la Vall de Lord: Busa","isPartOf":{"@id":"https:\/\/lavalldelord.com\/es\/#website"},"primaryImageOfPage":{"@id":"https:\/\/lavalldelord.com\/es\/que-visitar-a-la-vall-de-lord-busa\/#primaryimage"},"image":{"@id":"https:\/\/lavalldelord.com\/que-visitar-a-la-vall-de-lord-busa\/#primaryimage"},"thumbnailUrl":"https:\/\/lavalldelord.com\/wp-content\/uploads\/2024\/03\/DJI_0857_websize.jpg","datePublished":"2024-03-27T18:54:51+00:00","dateModified":"2026-04-27T09:07:20+00:00","description":"Qu\u00e8 visitar a la Vall de Lord: Busa. Descobreix qu\u00e8 fer a la Vall de Lord durant una setmana amb propostes per tot l'any","breadcrumb":{"@id":"https:\/\/lavalldelord.com\/es\/que-visitar-a-la-vall-de-lord-busa\/#breadcrumb"},"inLanguage":"es","potentialAction":[{"@type":"ReadAction","target":[["https:\/\/lavalldelord.com\/es\/que-visitar-a-la-vall-de-lord-busa\/"]]}]},{"@type":"ImageObject","inLanguage":"es","@id":"https:\/\/lavalldelord.com\/es\/que-visitar-a-la-vall-de-lord-busa\/#primaryimage","url":"https:\/\/lavalldelord.com\/wp-content\/uploads\/2024\/03\/DJI_0857_websize.jpg","contentUrl":"https:\/\/lavalldelord.com\/wp-content\/uploads\/2024\/03\/DJI_0857_websize.jpg","width":1600,"height":899,"caption":"Serra de Busa"},{"@type":"BreadcrumbList","@id":"https:\/\/lavalldelord.com\/es\/que-visitar-a-la-vall-de-lord-busa\/#breadcrumb","itemListElement":[{"@type":"ListItem","position":1,"name":"Inici","item":"https:\/\/lavalldelord.com\/es\/"},{"@type":"ListItem","position":2,"name":"Dia 5. La Serra de Busa"}]},{"@type":"WebSite","@id":"https:\/\/lavalldelord.com\/es\/#website","url":"https:\/\/lavalldelord.com\/es\/","name":"Turisme Vall de Lord","description":"Portal tur\u00edstic de la Vall de Lord, naturalment!","publisher":{"@id":"https:\/\/lavalldelord.com\/es\/#organization"},"potentialAction":[{"@type":"SearchAction","target":{"@type":"EntryPoint","urlTemplate":"https:\/\/lavalldelord.com\/es\/?s={search_term_string}"},"query-input":{"@type":"PropertyValueSpecification","valueRequired":true,"valueName":"search_term_string"}}],"inLanguage":"es"},{"@type":"Organization","@id":"https:\/\/lavalldelord.com\/es\/#organization","name":"La Vall de Lord","url":"https:\/\/lavalldelord.com\/es\/","logo":{"@type":"ImageObject","inLanguage":"es","@id":"https:\/\/lavalldelord.com\/es\/#\/schema\/logo\/image\/","url":"https:\/\/lavalldelord.com\/wp-content\/uploads\/2024\/02\/DJI_0864_websize.jpg","contentUrl":"https:\/\/lavalldelord.com\/wp-content\/uploads\/2024\/02\/DJI_0864_websize.jpg","width":1600,"height":899,"caption":"La Vall de Lord"},"image":{"@id":"https:\/\/lavalldelord.com\/es\/#\/schema\/logo\/image\/"},"sameAs":["https:\/\/www.facebook.com\/turismevalldelord","https:\/\/x.com\/valldelord","https:\/\/www.instagram.com\/turismevalldelord"]}]}},"_links":{"self":[{"href":"https:\/\/lavalldelord.com\/es\/wp-json\/wp\/v2\/pages\/11032","targetHints":{"allow":["GET"]}}],"collection":[{"href":"https:\/\/lavalldelord.com\/es\/wp-json\/wp\/v2\/pages"}],"about":[{"href":"https:\/\/lavalldelord.com\/es\/wp-json\/wp\/v2\/types\/page"}],"author":[{"embeddable":true,"href":"https:\/\/lavalldelord.com\/es\/wp-json\/wp\/v2\/users\/3"}],"replies":[{"embeddable":true,"href":"https:\/\/lavalldelord.com\/es\/wp-json\/wp\/v2\/comments?post=11032"}],"version-history":[{"count":20,"href":"https:\/\/lavalldelord.com\/es\/wp-json\/wp\/v2\/pages\/11032\/revisions"}],"predecessor-version":[{"id":13844,"href":"https:\/\/lavalldelord.com\/es\/wp-json\/wp\/v2\/pages\/11032\/revisions\/13844"}],"wp:featuredmedia":[{"embeddable":true,"href":"https:\/\/lavalldelord.com\/es\/wp-json\/wp\/v2\/media\/11037"}],"wp:attachment":[{"href":"https:\/\/lavalldelord.com\/es\/wp-json\/wp\/v2\/media?parent=11032"}],"curies":[{"name":"wp","href":"https:\/\/api.w.org\/{rel}","templated":true}]}}