{"id":11049,"date":"2024-03-28T12:21:09","date_gmt":"2024-03-28T11:21:09","guid":{"rendered":"https:\/\/lavalldelord.com\/?page_id=11049"},"modified":"2024-09-09T12:38:40","modified_gmt":"2024-09-09T11:38:40","slug":"que-visitar-a-la-vall-de-lord-tuixent-josa","status":"publish","type":"page","link":"https:\/\/lavalldelord.com\/es\/que-visitar-a-la-vall-de-lord-tuixent-josa\/","title":{"rendered":"D\u00eda 6. Tuixent i Josa"},"content":{"rendered":"<p><\/p>\n<h3>D\u00eda 6.<\/h3>\n<h4><em><strong>El valle vecino: el valle de la Vansa &#8211; Tuixent i Josa<\/strong><\/em><\/h4>\n<p>&nbsp;<\/p>\n<p>En vuestra estancia en la Vall de Lord os recomendamos hacer una excursi\u00f3n al\u00a0<strong>valle vecino de la Vansa y Tuixent<\/strong>, donde podr\u00e9is visitar las poblaciones de\u00a0<strong>Tuixent i Josa, F\u00f3rnols u Ossera<\/strong>, peque\u00f1os pueblecitos con mucho encanto del prepirineo catal\u00e1n, situados en la falda de la sierra del Cad\u00ed.<\/p>\n<figure id=\"attachment_11076\" aria-describedby=\"caption-attachment-11076\" style=\"width: 374px\" class=\"wp-caption alignright\"><img loading=\"lazy\" decoding=\"async\" class=\"wp-image-11076\" src=\"https:\/\/lavalldelord.com\/wp-content\/uploads\/2024\/03\/XT34772-600x400.png\" alt=\"Museu de les Trementinaires\" width=\"374\" height=\"249\" srcset=\"https:\/\/lavalldelord.com\/wp-content\/uploads\/2024\/03\/XT34772-600x400.png 600w, https:\/\/lavalldelord.com\/wp-content\/uploads\/2024\/03\/XT34772-400x267.png 400w, https:\/\/lavalldelord.com\/wp-content\/uploads\/2024\/03\/XT34772.png 769w\" sizes=\"auto, (max-width: 374px) 100vw, 374px\" \/><figcaption id=\"caption-attachment-11076\" class=\"wp-caption-text\">Museo de las Trementinaires<\/figcaption><\/figure>\n<p>Este valle os ofrece m\u00faltiples opciones tanto para hacer en invierno como en verano. Si sois amantes de los deportes, en invierno pod\u00e9is\u00a0<strong>practicar esqu\u00ed n\u00f3rdico o hacer raquetas en la <a href=\"https:\/\/www.tuixent-lavansa.com\/\" target=\"_blank\" rel=\"noopener\">estaci\u00f3n de esqu\u00ed de Tuixent la Vansa<\/a><\/strong> mientras que en verano pod\u00e9is realizar algunas <a href=\"https:\/\/turismejosaituixen.com\/es\/camins\" target=\"_blank\" rel=\"noopener\">rutas de senderismo<\/a>, algunas de las cuales conectan con la sierra de Port del Comte. Sin embargo, en esta regi\u00f3n se encuentra el urogallo, por lo que algunas zonas est\u00e1n protegidas con tal de preservar esta especie en peligro de extinci\u00f3n.<\/p>\n<p>Aparte de deporte, este valle tambi\u00e9n os ofrece cultura: en el mismo pueblo de Tuixent se encuentra el\u00a0<a href=\"https:\/\/www.trementinaires.org\/\" target=\"_blank\" rel=\"noopener\"><strong>Museo de las Trementinaires<\/strong><\/a>, donde podr\u00e9is conocer de primera mano quien eran las \u00abtrementinaires\u00bb, las \u00abherbes remeieres\u00bb y qu\u00e9 rutas hac\u00edan. Adem\u00e1s, el valle tiene varias ermitas rom\u00e1nicas, algunas de les cuales albergan en su interior retablos g\u00f3ticos.<\/p>\n<p>&nbsp;<\/p>\n<figure id=\"attachment_11067\" aria-describedby=\"caption-attachment-11067\" style=\"width: 374px\" class=\"wp-caption alignright\"><img loading=\"lazy\" decoding=\"async\" class=\"wp-image-11067\" title=\"Tuixent\" src=\"https:\/\/lavalldelord.com\/wp-content\/uploads\/2024\/03\/DJI_0116-600x337.jpg\" alt=\"Tuixent\" width=\"374\" height=\"210\" srcset=\"https:\/\/lavalldelord.com\/wp-content\/uploads\/2024\/03\/DJI_0116-600x337.jpg 600w, https:\/\/lavalldelord.com\/wp-content\/uploads\/2024\/03\/DJI_0116-1024x575.jpg 1024w, https:\/\/lavalldelord.com\/wp-content\/uploads\/2024\/03\/DJI_0116-400x225.jpg 400w, https:\/\/lavalldelord.com\/wp-content\/uploads\/2024\/03\/DJI_0116-768x432.jpg 768w, https:\/\/lavalldelord.com\/wp-content\/uploads\/2024\/03\/DJI_0116-1536x863.jpg 1536w, https:\/\/lavalldelord.com\/wp-content\/uploads\/2024\/03\/DJI_0116-2048x1151.jpg 2048w\" sizes=\"auto, (max-width: 374px) 100vw, 374px\" \/><figcaption id=\"caption-attachment-11067\" class=\"wp-caption-text\">Tuixent<\/figcaption><\/figure>\n<p>&nbsp;<\/p>\n<p>Para complementar la visita pod\u00e9is visitar los pueblos de\u00a0<strong><a href=\"https:\/\/turismejosaituixen.com\/ca\/home\" target=\"_blank\" rel=\"noopener\">Josa del Cad\u00ed<\/a><\/strong>, peque\u00f1o pueblo situado encima de una colina y al pie del Cad\u00ed, u\u00a0<strong>Ossera<\/strong>, donde podr\u00e9is adquirir diferentes productos artesanos en las mismas tiendas del pueblo.<\/p>\n<p>En toda esta zona encontrar\u00e9is diferentes <a href=\"https:\/\/turismejosaituixen.com\/ca\/menjar\" target=\"_blank\" rel=\"noopener\">restaurantes<\/a> donde podr\u00e9is parar a comer para terminar de pasar el d\u00eda.<\/p>\n<p>&nbsp;<\/p>\n<p>&nbsp;<\/p>\n<p>&nbsp;<\/p>\n<h4><strong><img loading=\"lazy\" decoding=\"async\" class=\"wp-image-11000 alignnone\" src=\"https:\/\/lavalldelord.com\/wp-content\/uploads\/2024\/03\/mapa-e1713081140824-600x543.png\" alt=\"\" width=\"40\" height=\"36\" srcset=\"https:\/\/lavalldelord.com\/wp-content\/uploads\/2024\/03\/mapa-e1713081140824-600x543.png 600w, https:\/\/lavalldelord.com\/wp-content\/uploads\/2024\/03\/mapa-e1713081140824-400x362.png 400w, https:\/\/lavalldelord.com\/wp-content\/uploads\/2024\/03\/mapa-e1713081140824-768x695.png 768w, https:\/\/lavalldelord.com\/wp-content\/uploads\/2024\/03\/mapa-e1713081140824.png 851w\" sizes=\"auto, (max-width: 40px) 100vw, 40px\" \/>MAPA:<\/strong><\/h4>\n<p><iframe loading=\"lazy\" src=\"https:\/\/www.google.com\/maps\/d\/u\/2\/embed?mid=1aGDTL-pYTqoLCyvNRGN6nzEF6n8N-iU&amp;ehbc=2E312F\" width=\"640\" height=\"480\" data-mce-fragment=\"1\"><\/iframe><\/p>","protected":false},"excerpt":{"rendered":"<p>D\u00eda 6. El valle vecino: el valle de la Vansa &#8211; Tuixent i Josa &nbsp; En vuestra estancia en la [&hellip;]<\/p>\n","protected":false},"author":3,"featured_media":11067,"parent":0,"menu_order":49,"comment_status":"closed","ping_status":"closed","template":"full-width.php","meta":{"_acf_changed":false,"_exactmetrics_skip_tracking":false,"_exactmetrics_sitenote_active":false,"_exactmetrics_sitenote_note":"","_exactmetrics_sitenote_category":0,"_joinchat":[],"footnotes":""},"class_list":["post-11049","page","type-page","status-publish","has-post-thumbnail","hentry"],"acf":[],"yoast_head":"<!-- This site is optimized with the Yoast SEO plugin v27.5 - https:\/\/yoast.com\/product\/yoast-seo-wordpress\/ -->\n<title>Qu\u00e8 visitar a la Vall de Lord: Tuixent i Josa<\/title>\n<meta name=\"description\" content=\"Qu\u00e8 visitar a la Vall de Lord: Tuixent i Josa. Descobreix qu\u00e8 fer a la Vall de Lord durant una setmana amb propostes per tot l&#039;any\" \/>\n<meta name=\"robots\" content=\"index, follow, max-snippet:-1, max-image-preview:large, max-video-preview:-1\" \/>\n<link rel=\"canonical\" href=\"https:\/\/lavalldelord.com\/es\/que-visitar-a-la-vall-de-lord-tuixent-josa\/\" \/>\n<meta property=\"og:locale\" content=\"es_ES\" \/>\n<meta property=\"og:type\" content=\"article\" \/>\n<meta property=\"og:title\" content=\"Qu\u00e8 visitar a la Vall de Lord: Tuixent i Josa\" \/>\n<meta property=\"og:description\" content=\"Qu\u00e8 visitar a la Vall de Lord: Tuixent i Josa. Descobreix qu\u00e8 fer a la Vall de Lord durant una setmana amb propostes per tot l&#039;any\" \/>\n<meta property=\"og:url\" content=\"https:\/\/lavalldelord.com\/es\/que-visitar-a-la-vall-de-lord-tuixent-josa\/\" \/>\n<meta property=\"og:site_name\" content=\"La Vall de Lord\" \/>\n<meta property=\"article:publisher\" content=\"https:\/\/www.facebook.com\/turismevalldelord\" \/>\n<meta property=\"article:modified_time\" content=\"2024-09-09T11:38:40+00:00\" \/>\n<meta property=\"og:image\" content=\"https:\/\/lavalldelord.com\/wp-content\/uploads\/2024\/03\/DJI_0116-scaled.jpg\" \/>\n\t<meta property=\"og:image:width\" content=\"2560\" \/>\n\t<meta property=\"og:image:height\" content=\"1438\" \/>\n\t<meta property=\"og:image:type\" content=\"image\/jpeg\" \/>\n<meta name=\"twitter:card\" content=\"summary_large_image\" \/>\n<meta name=\"twitter:site\" content=\"@valldelord\" \/>\n<meta name=\"twitter:label1\" content=\"Tiempo de lectura\" \/>\n\t<meta name=\"twitter:data1\" content=\"3 minutos\" \/>\n<script type=\"application\/ld+json\" class=\"yoast-schema-graph\">{\"@context\":\"https:\\\/\\\/schema.org\",\"@graph\":[{\"@type\":\"WebPage\",\"@id\":\"https:\\\/\\\/lavalldelord.com\\\/es\\\/que-visitar-a-la-vall-de-lord-tuixent-josa\\\/\",\"url\":\"https:\\\/\\\/lavalldelord.com\\\/es\\\/que-visitar-a-la-vall-de-lord-tuixent-josa\\\/\",\"name\":\"Qu\u00e8 visitar a la Vall de Lord: Tuixent i Josa\",\"isPartOf\":{\"@id\":\"https:\\\/\\\/lavalldelord.com\\\/es\\\/#website\"},\"primaryImageOfPage\":{\"@id\":\"https:\\\/\\\/lavalldelord.com\\\/es\\\/que-visitar-a-la-vall-de-lord-tuixent-josa\\\/#primaryimage\"},\"image\":{\"@id\":\"https:\\\/\\\/lavalldelord.com\\\/que-visitar-a-la-vall-de-lord-tuixent-josa\\\/#primaryimage\"},\"thumbnailUrl\":\"https:\\\/\\\/lavalldelord.com\\\/wp-content\\\/uploads\\\/2024\\\/03\\\/DJI_0116-scaled.jpg\",\"datePublished\":\"2024-03-28T11:21:09+00:00\",\"dateModified\":\"2024-09-09T11:38:40+00:00\",\"description\":\"Qu\u00e8 visitar a la Vall de Lord: Tuixent i Josa. Descobreix qu\u00e8 fer a la Vall de Lord durant una setmana amb propostes per tot l'any\",\"breadcrumb\":{\"@id\":\"https:\\\/\\\/lavalldelord.com\\\/es\\\/que-visitar-a-la-vall-de-lord-tuixent-josa\\\/#breadcrumb\"},\"inLanguage\":\"es\",\"potentialAction\":[{\"@type\":\"ReadAction\",\"target\":[[\"https:\\\/\\\/lavalldelord.com\\\/es\\\/que-visitar-a-la-vall-de-lord-tuixent-josa\\\/\"]]}]},{\"@type\":\"ImageObject\",\"inLanguage\":\"es\",\"@id\":\"https:\\\/\\\/lavalldelord.com\\\/es\\\/que-visitar-a-la-vall-de-lord-tuixent-josa\\\/#primaryimage\",\"url\":\"https:\\\/\\\/lavalldelord.com\\\/wp-content\\\/uploads\\\/2024\\\/03\\\/DJI_0116-scaled.jpg\",\"contentUrl\":\"https:\\\/\\\/lavalldelord.com\\\/wp-content\\\/uploads\\\/2024\\\/03\\\/DJI_0116-scaled.jpg\",\"width\":2560,\"height\":1438},{\"@type\":\"BreadcrumbList\",\"@id\":\"https:\\\/\\\/lavalldelord.com\\\/es\\\/que-visitar-a-la-vall-de-lord-tuixent-josa\\\/#breadcrumb\",\"itemListElement\":[{\"@type\":\"ListItem\",\"position\":1,\"name\":\"Inici\",\"item\":\"https:\\\/\\\/lavalldelord.com\\\/es\\\/\"},{\"@type\":\"ListItem\",\"position\":2,\"name\":\"Dia 6. Tuixent i Josa\"}]},{\"@type\":\"WebSite\",\"@id\":\"https:\\\/\\\/lavalldelord.com\\\/es\\\/#website\",\"url\":\"https:\\\/\\\/lavalldelord.com\\\/es\\\/\",\"name\":\"Turisme Vall de Lord\",\"description\":\"Portal tur\u00edstic de la Vall de Lord, naturalment!\",\"publisher\":{\"@id\":\"https:\\\/\\\/lavalldelord.com\\\/es\\\/#organization\"},\"potentialAction\":[{\"@type\":\"SearchAction\",\"target\":{\"@type\":\"EntryPoint\",\"urlTemplate\":\"https:\\\/\\\/lavalldelord.com\\\/es\\\/?s={search_term_string}\"},\"query-input\":{\"@type\":\"PropertyValueSpecification\",\"valueRequired\":true,\"valueName\":\"search_term_string\"}}],\"inLanguage\":\"es\"},{\"@type\":\"Organization\",\"@id\":\"https:\\\/\\\/lavalldelord.com\\\/es\\\/#organization\",\"name\":\"La Vall de Lord\",\"url\":\"https:\\\/\\\/lavalldelord.com\\\/es\\\/\",\"logo\":{\"@type\":\"ImageObject\",\"inLanguage\":\"es\",\"@id\":\"https:\\\/\\\/lavalldelord.com\\\/es\\\/#\\\/schema\\\/logo\\\/image\\\/\",\"url\":\"https:\\\/\\\/lavalldelord.com\\\/wp-content\\\/uploads\\\/2024\\\/02\\\/DJI_0864_websize.jpg\",\"contentUrl\":\"https:\\\/\\\/lavalldelord.com\\\/wp-content\\\/uploads\\\/2024\\\/02\\\/DJI_0864_websize.jpg\",\"width\":1600,\"height\":899,\"caption\":\"La Vall de Lord\"},\"image\":{\"@id\":\"https:\\\/\\\/lavalldelord.com\\\/es\\\/#\\\/schema\\\/logo\\\/image\\\/\"},\"sameAs\":[\"https:\\\/\\\/www.facebook.com\\\/turismevalldelord\",\"https:\\\/\\\/x.com\\\/valldelord\",\"https:\\\/\\\/www.instagram.com\\\/turismevalldelord\"]}]}<\/script>\n<!-- \/ Yoast SEO plugin. -->","yoast_head_json":{"title":"Qu\u00e8 visitar a la Vall de Lord: Tuixent i Josa","description":"Qu\u00e8 visitar a la Vall de Lord: Tuixent i Josa. Descobreix qu\u00e8 fer a la Vall de Lord durant una setmana amb propostes per tot l'any","robots":{"index":"index","follow":"follow","max-snippet":"max-snippet:-1","max-image-preview":"max-image-preview:large","max-video-preview":"max-video-preview:-1"},"canonical":"https:\/\/lavalldelord.com\/es\/que-visitar-a-la-vall-de-lord-tuixent-josa\/","og_locale":"es_ES","og_type":"article","og_title":"Qu\u00e8 visitar a la Vall de Lord: Tuixent i Josa","og_description":"Qu\u00e8 visitar a la Vall de Lord: Tuixent i Josa. Descobreix qu\u00e8 fer a la Vall de Lord durant una setmana amb propostes per tot l'any","og_url":"https:\/\/lavalldelord.com\/es\/que-visitar-a-la-vall-de-lord-tuixent-josa\/","og_site_name":"La Vall de Lord","article_publisher":"https:\/\/www.facebook.com\/turismevalldelord","article_modified_time":"2024-09-09T11:38:40+00:00","og_image":[{"width":2560,"height":1438,"url":"https:\/\/lavalldelord.com\/wp-content\/uploads\/2024\/03\/DJI_0116-scaled.jpg","type":"image\/jpeg"}],"twitter_card":"summary_large_image","twitter_site":"@valldelord","twitter_misc":{"Tiempo de lectura":"3 minutos"},"schema":{"@context":"https:\/\/schema.org","@graph":[{"@type":"WebPage","@id":"https:\/\/lavalldelord.com\/es\/que-visitar-a-la-vall-de-lord-tuixent-josa\/","url":"https:\/\/lavalldelord.com\/es\/que-visitar-a-la-vall-de-lord-tuixent-josa\/","name":"Qu\u00e8 visitar a la Vall de Lord: Tuixent i Josa","isPartOf":{"@id":"https:\/\/lavalldelord.com\/es\/#website"},"primaryImageOfPage":{"@id":"https:\/\/lavalldelord.com\/es\/que-visitar-a-la-vall-de-lord-tuixent-josa\/#primaryimage"},"image":{"@id":"https:\/\/lavalldelord.com\/que-visitar-a-la-vall-de-lord-tuixent-josa\/#primaryimage"},"thumbnailUrl":"https:\/\/lavalldelord.com\/wp-content\/uploads\/2024\/03\/DJI_0116-scaled.jpg","datePublished":"2024-03-28T11:21:09+00:00","dateModified":"2024-09-09T11:38:40+00:00","description":"Qu\u00e8 visitar a la Vall de Lord: Tuixent i Josa. Descobreix qu\u00e8 fer a la Vall de Lord durant una setmana amb propostes per tot l'any","breadcrumb":{"@id":"https:\/\/lavalldelord.com\/es\/que-visitar-a-la-vall-de-lord-tuixent-josa\/#breadcrumb"},"inLanguage":"es","potentialAction":[{"@type":"ReadAction","target":[["https:\/\/lavalldelord.com\/es\/que-visitar-a-la-vall-de-lord-tuixent-josa\/"]]}]},{"@type":"ImageObject","inLanguage":"es","@id":"https:\/\/lavalldelord.com\/es\/que-visitar-a-la-vall-de-lord-tuixent-josa\/#primaryimage","url":"https:\/\/lavalldelord.com\/wp-content\/uploads\/2024\/03\/DJI_0116-scaled.jpg","contentUrl":"https:\/\/lavalldelord.com\/wp-content\/uploads\/2024\/03\/DJI_0116-scaled.jpg","width":2560,"height":1438},{"@type":"BreadcrumbList","@id":"https:\/\/lavalldelord.com\/es\/que-visitar-a-la-vall-de-lord-tuixent-josa\/#breadcrumb","itemListElement":[{"@type":"ListItem","position":1,"name":"Inici","item":"https:\/\/lavalldelord.com\/es\/"},{"@type":"ListItem","position":2,"name":"Dia 6. Tuixent i Josa"}]},{"@type":"WebSite","@id":"https:\/\/lavalldelord.com\/es\/#website","url":"https:\/\/lavalldelord.com\/es\/","name":"Turisme Vall de Lord","description":"Portal tur\u00edstic de la Vall de Lord, naturalment!","publisher":{"@id":"https:\/\/lavalldelord.com\/es\/#organization"},"potentialAction":[{"@type":"SearchAction","target":{"@type":"EntryPoint","urlTemplate":"https:\/\/lavalldelord.com\/es\/?s={search_term_string}"},"query-input":{"@type":"PropertyValueSpecification","valueRequired":true,"valueName":"search_term_string"}}],"inLanguage":"es"},{"@type":"Organization","@id":"https:\/\/lavalldelord.com\/es\/#organization","name":"La Vall de Lord","url":"https:\/\/lavalldelord.com\/es\/","logo":{"@type":"ImageObject","inLanguage":"es","@id":"https:\/\/lavalldelord.com\/es\/#\/schema\/logo\/image\/","url":"https:\/\/lavalldelord.com\/wp-content\/uploads\/2024\/02\/DJI_0864_websize.jpg","contentUrl":"https:\/\/lavalldelord.com\/wp-content\/uploads\/2024\/02\/DJI_0864_websize.jpg","width":1600,"height":899,"caption":"La Vall de Lord"},"image":{"@id":"https:\/\/lavalldelord.com\/es\/#\/schema\/logo\/image\/"},"sameAs":["https:\/\/www.facebook.com\/turismevalldelord","https:\/\/x.com\/valldelord","https:\/\/www.instagram.com\/turismevalldelord"]}]}},"_links":{"self":[{"href":"https:\/\/lavalldelord.com\/es\/wp-json\/wp\/v2\/pages\/11049","targetHints":{"allow":["GET"]}}],"collection":[{"href":"https:\/\/lavalldelord.com\/es\/wp-json\/wp\/v2\/pages"}],"about":[{"href":"https:\/\/lavalldelord.com\/es\/wp-json\/wp\/v2\/types\/page"}],"author":[{"embeddable":true,"href":"https:\/\/lavalldelord.com\/es\/wp-json\/wp\/v2\/users\/3"}],"replies":[{"embeddable":true,"href":"https:\/\/lavalldelord.com\/es\/wp-json\/wp\/v2\/comments?post=11049"}],"version-history":[{"count":25,"href":"https:\/\/lavalldelord.com\/es\/wp-json\/wp\/v2\/pages\/11049\/revisions"}],"predecessor-version":[{"id":11715,"href":"https:\/\/lavalldelord.com\/es\/wp-json\/wp\/v2\/pages\/11049\/revisions\/11715"}],"wp:featuredmedia":[{"embeddable":true,"href":"https:\/\/lavalldelord.com\/es\/wp-json\/wp\/v2\/media\/11067"}],"wp:attachment":[{"href":"https:\/\/lavalldelord.com\/es\/wp-json\/wp\/v2\/media?parent=11049"}],"curies":[{"name":"wp","href":"https:\/\/api.w.org\/{rel}","templated":true}]}}