{"id":11055,"date":"2024-03-29T17:45:52","date_gmt":"2024-03-29T16:45:52","guid":{"rendered":"https:\/\/lavalldelord.com\/?page_id=11055"},"modified":"2024-09-09T12:57:38","modified_gmt":"2024-09-09T11:57:38","slug":"que-visitar-a-la-vall-de-lord-solsona","status":"publish","type":"page","link":"https:\/\/lavalldelord.com\/es\/que-visitar-a-la-vall-de-lord-solsona\/","title":{"rendered":"D\u00eda 7. Solsona"},"content":{"rendered":"<p><\/p>\n<h3>D\u00eda 7. SOLSONA<\/h3>\n<h4><em><strong>La capital de la comarca. Una experiencia gigante por descubrir.\u00a0<\/strong><\/em><\/h4>\n<p>&nbsp;<\/p>\n<p><a href=\"https:\/\/turismesolsones.com\/wp-content\/uploads\/2023\/06\/SolsonaTurisme_CAT.pdf\">Haz click aqu\u00ed para descargar el folleto \u00abSolsona: una experi\u00e8ncia gegant!\u00bb<\/a><\/p>\n<p>El \u00faltimo d\u00eda ser\u00e1 el de vuelta a casa, \u00a1pero antes aprovecharemos el d\u00eda! De bajada desde la Vall de Lord por la carretera de la Llosa del Cavall, pararemos en\u00a0<strong>Solsona<\/strong>, la capital de la comarca del Solson\u00e8s.<\/p>\n<p>Se trata de una ciudad con muchas cosas a conocer y a descubrir. Su origen se remonta al siglo X, con el nacimiento del pueblo al entorno del monasterio, y en su caso, tambi\u00e9n del castillo. El a\u00f1o 1593 se cre\u00f3 el obispado de Solsona, y s\u00f3lo un a\u00f1o despu\u00e9s, el rey Felipe II le dio al pueblo el t\u00edtulo de ciudad. Actualmente es el n\u00facleo de poblaci\u00f3n m\u00e1s importante de la comarca y el principal motor econ\u00f3mico, pero a\u00fan conserva su casco hist\u00f3rico con la misma estructura de cuando era una ciudad amurallada.<\/p>\n<figure id=\"attachment_11062\" aria-describedby=\"caption-attachment-11062\" style=\"width: 336px\" class=\"wp-caption alignleft\"><img loading=\"lazy\" decoding=\"async\" class=\"wp-image-11062\" src=\"https:\/\/lavalldelord.com\/wp-content\/uploads\/2024\/03\/Festa-Major-de-Solsona-Foto-Joan-Caelles-600x334.jpg\" alt=\"\" width=\"336\" height=\"187\" srcset=\"https:\/\/lavalldelord.com\/wp-content\/uploads\/2024\/03\/Festa-Major-de-Solsona-Foto-Joan-Caelles-600x334.jpg 600w, https:\/\/lavalldelord.com\/wp-content\/uploads\/2024\/03\/Festa-Major-de-Solsona-Foto-Joan-Caelles-1024x569.jpg 1024w, https:\/\/lavalldelord.com\/wp-content\/uploads\/2024\/03\/Festa-Major-de-Solsona-Foto-Joan-Caelles-400x222.jpg 400w, https:\/\/lavalldelord.com\/wp-content\/uploads\/2024\/03\/Festa-Major-de-Solsona-Foto-Joan-Caelles-768x427.jpg 768w, https:\/\/lavalldelord.com\/wp-content\/uploads\/2024\/03\/Festa-Major-de-Solsona-Foto-Joan-Caelles.jpg 1496w\" sizes=\"auto, (max-width: 336px) 100vw, 336px\" \/><figcaption id=\"caption-attachment-11062\" class=\"wp-caption-text\">Los gigantes de la Festa Major. Fotograf\u00eda de Joan Caelles<\/figcaption><\/figure>\n<p>Este casco hist\u00f3rico, que a\u00fan hoy en d\u00eda es el lugar de la ciudad con m\u00e1s vida y actividad, es el epicentro de la mayor\u00eda de puntos hist\u00f3ricos y culturales que hay que visitar. El principal punto de patrimonio cultural se encuentra en\u00a0la <a href=\"https:\/\/turismesolsones.com\/punt\/catedral-de-solsona\/\" target=\"_blank\" rel=\"noopener\"><strong>Catedral de Santa Maria de Solsona<\/strong><\/a> y en el <strong>Palacio Episcopal<\/strong>. Dentro de todo este conjunto se encuentran la Mare de D\u00e9u del Claustre, patrona de la ciudad, y el mismo claustro que le da nombre. Tambi\u00e9n encontraremos, si accedemos desde la entrada del Palacio Episcopal, el\u00a0<a href=\"https:\/\/turismesolsones.com\/no-tho-perdis\/museu-de-solsona\/\" target=\"_blank\" rel=\"noopener\"><strong>Museu Dioces\u00e0 i Comarcal<\/strong><\/a>. Otros lugares que tambi\u00e9n podemos visitar para conocer m\u00e1s parte de la historia de la ciudad son la\u00a0<a href=\"https:\/\/turismesolsones.com\/que-visitar\/pou-gel-solsona\/\" target=\"_blank\" rel=\"noopener\"><strong>Poza de hielo<\/strong><\/a>, el <a href=\"https:\/\/turismesolsones.com\/que-visitar\/quarto-dels-gegants\/\" target=\"_blank\" rel=\"noopener\"><strong>Quarto dels Gegants<\/strong><\/a>, con todos los elementos folkl\u00f3ricos de la Festa Major y el Corpus, o <a href=\"https:\/\/www.instagram.com\/localboig\/\" target=\"_blank\" rel=\"noopener\"><strong>Lo Cal Boig<\/strong><\/a>, la casa de los gigantes del Carnaval de Solsona.<\/p>\n<p>Aunque algunos de estos puntos los pod\u00e9is visitar por libre, si es del vuestro inter\u00e9s se hacen visitas guiadas de forma regular para visitar y conocer mejor todos estos lugares. No olvid\u00e9is tampoco ir a la <a href=\"https:\/\/turismesolsones.com\/no-tho-perdis\/oficina-de-turisme-del-solsones\/\" target=\"_blank\" rel=\"noopener\">Oficina de Turisme del Solson\u00e8s<\/a>, situada en el edificio del Consell Comarcal, con tal de ampliar toda la informaci\u00f3n y conocer m\u00e1s propuestas.<\/p>\n<p>&nbsp;<\/p>\n<figure id=\"attachment_11063\" aria-describedby=\"caption-attachment-11063\" style=\"width: 336px\" class=\"wp-caption alignleft\"><img loading=\"lazy\" decoding=\"async\" class=\"wp-image-11063\" src=\"https:\/\/lavalldelord.com\/wp-content\/uploads\/2024\/03\/Castellvell-1024x682-1-600x333.jpg\" alt=\"\" width=\"336\" height=\"187\" srcset=\"https:\/\/lavalldelord.com\/wp-content\/uploads\/2024\/03\/Castellvell-1024x682-1-600x333.jpg 600w, https:\/\/lavalldelord.com\/wp-content\/uploads\/2024\/03\/Castellvell-1024x682-1-400x222.jpg 400w, https:\/\/lavalldelord.com\/wp-content\/uploads\/2024\/03\/Castellvell-1024x682-1-768x427.jpg 768w, https:\/\/lavalldelord.com\/wp-content\/uploads\/2024\/03\/Castellvell-1024x682-1.jpg 1024w\" sizes=\"auto, (max-width: 336px) 100vw, 336px\" \/><figcaption id=\"caption-attachment-11063\" class=\"wp-caption-text\">El Castellvell. Fotografia de Turisme Solson\u00e8s<\/figcaption><\/figure>\n<p>Por toda la ciudad, tanto dentro como fuera del casco antiguo, encontrar\u00e9is bares y restaurantes donde comer, y pod\u00e9is complementar el d\u00eda con alguna excursi\u00f3n al entorno natural de la ciudad. Algunos de los puntos interesantes a descubrir son el <a href=\"https:\/\/turismesolsones.com\/punt\/castellvell\/\" target=\"_blank\" rel=\"noopener\"><strong>Castellvell<\/strong><\/a>, que situado encima de una colina os da las mejores vistas de todo el municipio, o el <a href=\"https:\/\/turismesolsones.com\/punt\/pont-de-lafrau\/\" target=\"_blank\" rel=\"noopener\"><strong>Puente de l&#8217;Afrau<\/strong><\/a>, un acueducto del siglo XVIII. Las rutas que os proponemos, pues, son las siguientes:<\/p>\n<ul>\n<li>&#8211; <a href=\"https:\/\/turismesolsones.com\/ruta\/mare-de-la-font\/\" target=\"_blank\" rel=\"noopener\">Ruta Mare de la Font &#8211; Castellvell<\/a><\/li>\n<li>&#8211; <a href=\"https:\/\/turismesolsones.com\/ruta\/pont-de-lafrau-2\/\">Ruta Pont de l&#8217;Afrau<\/a><\/li>\n<\/ul>\n<p>&nbsp;<\/p>\n<p>Encontrar\u00e9is toda la informaci\u00f3n tur\u00edstica de Solsona en la p\u00e1gina web <a href=\"http:\/\/solsonaturisme.com\">solsonaturisme.com<\/a><\/p>\n<p>&nbsp;<\/p>\n<p><strong><img loading=\"lazy\" decoding=\"async\" class=\"wp-image-11000 alignnone\" src=\"https:\/\/lavalldelord.com\/wp-content\/uploads\/2024\/03\/mapa-e1713081140824-600x543.png\" alt=\"\" width=\"40\" height=\"36\" srcset=\"https:\/\/lavalldelord.com\/wp-content\/uploads\/2024\/03\/mapa-e1713081140824-600x543.png 600w, https:\/\/lavalldelord.com\/wp-content\/uploads\/2024\/03\/mapa-e1713081140824-400x362.png 400w, https:\/\/lavalldelord.com\/wp-content\/uploads\/2024\/03\/mapa-e1713081140824-768x695.png 768w, https:\/\/lavalldelord.com\/wp-content\/uploads\/2024\/03\/mapa-e1713081140824.png 851w\" sizes=\"auto, (max-width: 40px) 100vw, 40px\" \/>MAPAS:<\/strong><\/p>\n<p><strong>1- Viaje en coche hasta Solsona (las dos opciones: por el embalse o por Lladurs)<\/strong><\/p>\n<p>Para m\u00f3viles: <a href=\"https:\/\/www.google.com\/maps\/d\/u\/6\/edit?mid=1mDZvE0aWuBj4CvndSZm2c6hm44cU_-M&amp;usp=sharing\" target=\"_blank\" rel=\"noopener\">haz click aqu\u00ed para abrirlo en la app de Google Maps<\/a><\/p>\n<p><iframe loading=\"lazy\" src=\"https:\/\/www.google.com\/maps\/d\/u\/6\/embed?mid=1mDZvE0aWuBj4CvndSZm2c6hm44cU_-M&amp;ehbc=2E312F\" width=\"640\" height=\"480\" data-mce-fragment=\"1\"><\/iframe><\/p>\n<p>&nbsp;<\/p>\n<p><strong>2-<\/strong> <strong>Recorrido a pie por el casco antiguo de Solsona<\/strong><\/p>\n<p>Para m\u00f3viles: <a href=\"https:\/\/www.google.com\/maps\/d\/viewer?mid=1PuLbzuhRPgp_MRlTdpTbuOyHn-b0PWg&amp;usp=sharing\" target=\"_blank\" rel=\"noopener\">haz click aqu\u00ed para abrirlo en la app de Google Maps<\/a><\/p>\n<p><iframe loading=\"lazy\" src=\"https:\/\/www.google.com\/maps\/d\/u\/0\/embed?mid=1PuLbzuhRPgp_MRlTdpTbuOyHn-b0PWg&amp;ehbc=2E312F\" width=\"640\" height=\"480\" data-mce-fragment=\"1\"><\/iframe><\/p>","protected":false},"excerpt":{"rendered":"<p>D\u00eda 7. SOLSONA La capital de la comarca. Una experiencia gigante por descubrir.\u00a0 &nbsp; Haz click aqu\u00ed para descargar el [&hellip;]<\/p>\n","protected":false},"author":3,"featured_media":11062,"parent":0,"menu_order":48,"comment_status":"closed","ping_status":"closed","template":"full-width.php","meta":{"_acf_changed":false,"_exactmetrics_skip_tracking":false,"_exactmetrics_sitenote_active":false,"_exactmetrics_sitenote_note":"","_exactmetrics_sitenote_category":0,"_joinchat":[],"footnotes":""},"class_list":["post-11055","page","type-page","status-publish","has-post-thumbnail","hentry"],"acf":[],"yoast_head":"<!-- This site is optimized with the Yoast SEO plugin v27.5 - https:\/\/yoast.com\/product\/yoast-seo-wordpress\/ -->\n<title>Qu\u00e8 visitar a la Vall de Lord: Solsona<\/title>\n<meta name=\"description\" content=\"Qu\u00e8 visitar a la Vall de Lord: Solsona. Descobreix qu\u00e8 fer a la Vall de Lord durant una setmana amb propostes per tot l&#039;any\" \/>\n<meta name=\"robots\" content=\"index, follow, max-snippet:-1, max-image-preview:large, max-video-preview:-1\" \/>\n<link rel=\"canonical\" href=\"https:\/\/lavalldelord.com\/es\/que-visitar-a-la-vall-de-lord-solsona\/\" \/>\n<meta property=\"og:locale\" content=\"es_ES\" \/>\n<meta property=\"og:type\" content=\"article\" \/>\n<meta property=\"og:title\" content=\"Qu\u00e8 visitar a la Vall de Lord: Solsona\" \/>\n<meta property=\"og:description\" content=\"Qu\u00e8 visitar a la Vall de Lord: Solsona. Descobreix qu\u00e8 fer a la Vall de Lord durant una setmana amb propostes per tot l&#039;any\" \/>\n<meta property=\"og:url\" content=\"https:\/\/lavalldelord.com\/es\/que-visitar-a-la-vall-de-lord-solsona\/\" \/>\n<meta property=\"og:site_name\" content=\"La Vall de Lord\" \/>\n<meta property=\"article:publisher\" content=\"https:\/\/www.facebook.com\/turismevalldelord\" \/>\n<meta property=\"article:modified_time\" content=\"2024-09-09T11:57:38+00:00\" \/>\n<meta property=\"og:image\" content=\"https:\/\/lavalldelord.com\/wp-content\/uploads\/2024\/03\/Festa-Major-de-Solsona-Foto-Joan-Caelles.jpg\" \/>\n\t<meta property=\"og:image:width\" content=\"1496\" \/>\n\t<meta property=\"og:image:height\" content=\"832\" \/>\n\t<meta property=\"og:image:type\" content=\"image\/jpeg\" \/>\n<meta name=\"twitter:card\" content=\"summary_large_image\" \/>\n<meta name=\"twitter:site\" content=\"@valldelord\" \/>\n<meta name=\"twitter:label1\" content=\"Tiempo de lectura\" \/>\n\t<meta name=\"twitter:data1\" content=\"4 minutos\" \/>\n<script type=\"application\/ld+json\" class=\"yoast-schema-graph\">{\"@context\":\"https:\\\/\\\/schema.org\",\"@graph\":[{\"@type\":\"WebPage\",\"@id\":\"https:\\\/\\\/lavalldelord.com\\\/es\\\/que-visitar-a-la-vall-de-lord-solsona\\\/\",\"url\":\"https:\\\/\\\/lavalldelord.com\\\/es\\\/que-visitar-a-la-vall-de-lord-solsona\\\/\",\"name\":\"Qu\u00e8 visitar a la Vall de Lord: Solsona\",\"isPartOf\":{\"@id\":\"https:\\\/\\\/lavalldelord.com\\\/es\\\/#website\"},\"primaryImageOfPage\":{\"@id\":\"https:\\\/\\\/lavalldelord.com\\\/es\\\/que-visitar-a-la-vall-de-lord-solsona\\\/#primaryimage\"},\"image\":{\"@id\":\"https:\\\/\\\/lavalldelord.com\\\/que-visitar-a-la-vall-de-lord-solsona\\\/#primaryimage\"},\"thumbnailUrl\":\"https:\\\/\\\/lavalldelord.com\\\/wp-content\\\/uploads\\\/2024\\\/03\\\/Festa-Major-de-Solsona-Foto-Joan-Caelles.jpg\",\"datePublished\":\"2024-03-29T16:45:52+00:00\",\"dateModified\":\"2024-09-09T11:57:38+00:00\",\"description\":\"Qu\u00e8 visitar a la Vall de Lord: Solsona. Descobreix qu\u00e8 fer a la Vall de Lord durant una setmana amb propostes per tot l'any\",\"breadcrumb\":{\"@id\":\"https:\\\/\\\/lavalldelord.com\\\/es\\\/que-visitar-a-la-vall-de-lord-solsona\\\/#breadcrumb\"},\"inLanguage\":\"es\",\"potentialAction\":[{\"@type\":\"ReadAction\",\"target\":[[\"https:\\\/\\\/lavalldelord.com\\\/es\\\/que-visitar-a-la-vall-de-lord-solsona\\\/\"]]}]},{\"@type\":\"ImageObject\",\"inLanguage\":\"es\",\"@id\":\"https:\\\/\\\/lavalldelord.com\\\/es\\\/que-visitar-a-la-vall-de-lord-solsona\\\/#primaryimage\",\"url\":\"https:\\\/\\\/lavalldelord.com\\\/wp-content\\\/uploads\\\/2024\\\/03\\\/Festa-Major-de-Solsona-Foto-Joan-Caelles.jpg\",\"contentUrl\":\"https:\\\/\\\/lavalldelord.com\\\/wp-content\\\/uploads\\\/2024\\\/03\\\/Festa-Major-de-Solsona-Foto-Joan-Caelles.jpg\",\"width\":1496,\"height\":832},{\"@type\":\"BreadcrumbList\",\"@id\":\"https:\\\/\\\/lavalldelord.com\\\/es\\\/que-visitar-a-la-vall-de-lord-solsona\\\/#breadcrumb\",\"itemListElement\":[{\"@type\":\"ListItem\",\"position\":1,\"name\":\"Inici\",\"item\":\"https:\\\/\\\/lavalldelord.com\\\/es\\\/\"},{\"@type\":\"ListItem\",\"position\":2,\"name\":\"D\u00eda 7. Solsona\"}]},{\"@type\":\"WebSite\",\"@id\":\"https:\\\/\\\/lavalldelord.com\\\/es\\\/#website\",\"url\":\"https:\\\/\\\/lavalldelord.com\\\/es\\\/\",\"name\":\"Turisme Vall de Lord\",\"description\":\"Portal tur\u00edstic de la Vall de Lord, naturalment!\",\"publisher\":{\"@id\":\"https:\\\/\\\/lavalldelord.com\\\/es\\\/#organization\"},\"potentialAction\":[{\"@type\":\"SearchAction\",\"target\":{\"@type\":\"EntryPoint\",\"urlTemplate\":\"https:\\\/\\\/lavalldelord.com\\\/es\\\/?s={search_term_string}\"},\"query-input\":{\"@type\":\"PropertyValueSpecification\",\"valueRequired\":true,\"valueName\":\"search_term_string\"}}],\"inLanguage\":\"es\"},{\"@type\":\"Organization\",\"@id\":\"https:\\\/\\\/lavalldelord.com\\\/es\\\/#organization\",\"name\":\"La Vall de Lord\",\"url\":\"https:\\\/\\\/lavalldelord.com\\\/es\\\/\",\"logo\":{\"@type\":\"ImageObject\",\"inLanguage\":\"es\",\"@id\":\"https:\\\/\\\/lavalldelord.com\\\/es\\\/#\\\/schema\\\/logo\\\/image\\\/\",\"url\":\"https:\\\/\\\/lavalldelord.com\\\/wp-content\\\/uploads\\\/2024\\\/02\\\/DJI_0864_websize.jpg\",\"contentUrl\":\"https:\\\/\\\/lavalldelord.com\\\/wp-content\\\/uploads\\\/2024\\\/02\\\/DJI_0864_websize.jpg\",\"width\":1600,\"height\":899,\"caption\":\"La Vall de Lord\"},\"image\":{\"@id\":\"https:\\\/\\\/lavalldelord.com\\\/es\\\/#\\\/schema\\\/logo\\\/image\\\/\"},\"sameAs\":[\"https:\\\/\\\/www.facebook.com\\\/turismevalldelord\",\"https:\\\/\\\/x.com\\\/valldelord\",\"https:\\\/\\\/www.instagram.com\\\/turismevalldelord\"]}]}<\/script>\n<!-- \/ Yoast SEO plugin. -->","yoast_head_json":{"title":"Qu\u00e8 visitar a la Vall de Lord: Solsona","description":"Qu\u00e8 visitar a la Vall de Lord: Solsona. Descobreix qu\u00e8 fer a la Vall de Lord durant una setmana amb propostes per tot l'any","robots":{"index":"index","follow":"follow","max-snippet":"max-snippet:-1","max-image-preview":"max-image-preview:large","max-video-preview":"max-video-preview:-1"},"canonical":"https:\/\/lavalldelord.com\/es\/que-visitar-a-la-vall-de-lord-solsona\/","og_locale":"es_ES","og_type":"article","og_title":"Qu\u00e8 visitar a la Vall de Lord: Solsona","og_description":"Qu\u00e8 visitar a la Vall de Lord: Solsona. Descobreix qu\u00e8 fer a la Vall de Lord durant una setmana amb propostes per tot l'any","og_url":"https:\/\/lavalldelord.com\/es\/que-visitar-a-la-vall-de-lord-solsona\/","og_site_name":"La Vall de Lord","article_publisher":"https:\/\/www.facebook.com\/turismevalldelord","article_modified_time":"2024-09-09T11:57:38+00:00","og_image":[{"width":1496,"height":832,"url":"https:\/\/lavalldelord.com\/wp-content\/uploads\/2024\/03\/Festa-Major-de-Solsona-Foto-Joan-Caelles.jpg","type":"image\/jpeg"}],"twitter_card":"summary_large_image","twitter_site":"@valldelord","twitter_misc":{"Tiempo de lectura":"4 minutos"},"schema":{"@context":"https:\/\/schema.org","@graph":[{"@type":"WebPage","@id":"https:\/\/lavalldelord.com\/es\/que-visitar-a-la-vall-de-lord-solsona\/","url":"https:\/\/lavalldelord.com\/es\/que-visitar-a-la-vall-de-lord-solsona\/","name":"Qu\u00e8 visitar a la Vall de Lord: Solsona","isPartOf":{"@id":"https:\/\/lavalldelord.com\/es\/#website"},"primaryImageOfPage":{"@id":"https:\/\/lavalldelord.com\/es\/que-visitar-a-la-vall-de-lord-solsona\/#primaryimage"},"image":{"@id":"https:\/\/lavalldelord.com\/que-visitar-a-la-vall-de-lord-solsona\/#primaryimage"},"thumbnailUrl":"https:\/\/lavalldelord.com\/wp-content\/uploads\/2024\/03\/Festa-Major-de-Solsona-Foto-Joan-Caelles.jpg","datePublished":"2024-03-29T16:45:52+00:00","dateModified":"2024-09-09T11:57:38+00:00","description":"Qu\u00e8 visitar a la Vall de Lord: Solsona. Descobreix qu\u00e8 fer a la Vall de Lord durant una setmana amb propostes per tot l'any","breadcrumb":{"@id":"https:\/\/lavalldelord.com\/es\/que-visitar-a-la-vall-de-lord-solsona\/#breadcrumb"},"inLanguage":"es","potentialAction":[{"@type":"ReadAction","target":[["https:\/\/lavalldelord.com\/es\/que-visitar-a-la-vall-de-lord-solsona\/"]]}]},{"@type":"ImageObject","inLanguage":"es","@id":"https:\/\/lavalldelord.com\/es\/que-visitar-a-la-vall-de-lord-solsona\/#primaryimage","url":"https:\/\/lavalldelord.com\/wp-content\/uploads\/2024\/03\/Festa-Major-de-Solsona-Foto-Joan-Caelles.jpg","contentUrl":"https:\/\/lavalldelord.com\/wp-content\/uploads\/2024\/03\/Festa-Major-de-Solsona-Foto-Joan-Caelles.jpg","width":1496,"height":832},{"@type":"BreadcrumbList","@id":"https:\/\/lavalldelord.com\/es\/que-visitar-a-la-vall-de-lord-solsona\/#breadcrumb","itemListElement":[{"@type":"ListItem","position":1,"name":"Inici","item":"https:\/\/lavalldelord.com\/es\/"},{"@type":"ListItem","position":2,"name":"D\u00eda 7. Solsona"}]},{"@type":"WebSite","@id":"https:\/\/lavalldelord.com\/es\/#website","url":"https:\/\/lavalldelord.com\/es\/","name":"Turisme Vall de Lord","description":"Portal tur\u00edstic de la Vall de Lord, naturalment!","publisher":{"@id":"https:\/\/lavalldelord.com\/es\/#organization"},"potentialAction":[{"@type":"SearchAction","target":{"@type":"EntryPoint","urlTemplate":"https:\/\/lavalldelord.com\/es\/?s={search_term_string}"},"query-input":{"@type":"PropertyValueSpecification","valueRequired":true,"valueName":"search_term_string"}}],"inLanguage":"es"},{"@type":"Organization","@id":"https:\/\/lavalldelord.com\/es\/#organization","name":"La Vall de Lord","url":"https:\/\/lavalldelord.com\/es\/","logo":{"@type":"ImageObject","inLanguage":"es","@id":"https:\/\/lavalldelord.com\/es\/#\/schema\/logo\/image\/","url":"https:\/\/lavalldelord.com\/wp-content\/uploads\/2024\/02\/DJI_0864_websize.jpg","contentUrl":"https:\/\/lavalldelord.com\/wp-content\/uploads\/2024\/02\/DJI_0864_websize.jpg","width":1600,"height":899,"caption":"La Vall de Lord"},"image":{"@id":"https:\/\/lavalldelord.com\/es\/#\/schema\/logo\/image\/"},"sameAs":["https:\/\/www.facebook.com\/turismevalldelord","https:\/\/x.com\/valldelord","https:\/\/www.instagram.com\/turismevalldelord"]}]}},"_links":{"self":[{"href":"https:\/\/lavalldelord.com\/es\/wp-json\/wp\/v2\/pages\/11055","targetHints":{"allow":["GET"]}}],"collection":[{"href":"https:\/\/lavalldelord.com\/es\/wp-json\/wp\/v2\/pages"}],"about":[{"href":"https:\/\/lavalldelord.com\/es\/wp-json\/wp\/v2\/types\/page"}],"author":[{"embeddable":true,"href":"https:\/\/lavalldelord.com\/es\/wp-json\/wp\/v2\/users\/3"}],"replies":[{"embeddable":true,"href":"https:\/\/lavalldelord.com\/es\/wp-json\/wp\/v2\/comments?post=11055"}],"version-history":[{"count":10,"href":"https:\/\/lavalldelord.com\/es\/wp-json\/wp\/v2\/pages\/11055\/revisions"}],"predecessor-version":[{"id":11716,"href":"https:\/\/lavalldelord.com\/es\/wp-json\/wp\/v2\/pages\/11055\/revisions\/11716"}],"wp:featuredmedia":[{"embeddable":true,"href":"https:\/\/lavalldelord.com\/es\/wp-json\/wp\/v2\/media\/11062"}],"wp:attachment":[{"href":"https:\/\/lavalldelord.com\/es\/wp-json\/wp\/v2\/media?parent=11055"}],"curies":[{"name":"wp","href":"https:\/\/api.w.org\/{rel}","templated":true}]}}