{"id":11240,"date":"2024-04-27T10:58:16","date_gmt":"2024-04-27T09:58:16","guid":{"rendered":"https:\/\/lavalldelord.com\/?page_id=11240"},"modified":"2025-12-19T13:54:02","modified_gmt":"2025-12-19T12:54:02","slug":"pesca","status":"publish","type":"page","link":"https:\/\/lavalldelord.com\/es\/que-fer\/turisme-de-natura\/pesca\/","title":{"rendered":"Pesca"},"content":{"rendered":"<p><\/p>\n<h3 style=\"text-align: center;\">QU\u00c9 HACE FALTA SABER PARA PRACTICAR LA PESCA EN LA VALL DE LORD<\/h3>\n<p>&nbsp;<\/p>\n<h4><span style=\"text-decoration: underline;\"><strong>LICENCIA Y PERMISO<\/strong><\/span><strong>:\u00a0<\/strong><\/h4>\n<h3 style=\"text-align: center;\"><img loading=\"lazy\" decoding=\"async\" class=\"wp-image-11253 size-thumbnail alignright\" src=\"https:\/\/lavalldelord.com\/wp-content\/uploads\/2024\/04\/Llosa-del-Cavall-Vall-de-Lord-1-300x400.jpg\" alt=\"\" width=\"300\" height=\"400\" srcset=\"https:\/\/lavalldelord.com\/wp-content\/uploads\/2024\/04\/Llosa-del-Cavall-Vall-de-Lord-1-300x400.jpg 300w, https:\/\/lavalldelord.com\/wp-content\/uploads\/2024\/04\/Llosa-del-Cavall-Vall-de-Lord-1-450x600.jpg 450w, https:\/\/lavalldelord.com\/wp-content\/uploads\/2024\/04\/Llosa-del-Cavall-Vall-de-Lord-1-768x1024.jpg 768w, https:\/\/lavalldelord.com\/wp-content\/uploads\/2024\/04\/Llosa-del-Cavall-Vall-de-Lord-1-1152x1536.jpg 1152w, https:\/\/lavalldelord.com\/wp-content\/uploads\/2024\/04\/Llosa-del-Cavall-Vall-de-Lord-1-1536x2048.jpg 1536w, https:\/\/lavalldelord.com\/wp-content\/uploads\/2024\/04\/Llosa-del-Cavall-Vall-de-Lord-1-scaled.jpg 1920w\" sizes=\"auto, (max-width: 300px) 100vw, 300px\" \/><\/h3>\n<p>Para practicar la pesca hace falta solicitar la licencia pertinente. En el caso de la Vall de Lord se trata de una zona de pesca controlada. Anteriormente se divid\u00eda en dos zonas distintas (r\u00edo Aigua de Valls y embalse de la Llosa del Cavall) y actualmente es una sola zona llamada <a href=\"https:\/\/aplicacions.agricultura.gencat.cat\/mediamb_sgll_public\/AppJava\/zpc\/zpcEmissio.do?reqCode=printMapa&amp;id=737&amp;posX=0&amp;posY=0\"><strong>Consorci Alt Cardener<\/strong><\/a>.<\/p>\n<p>&nbsp;<\/p>\n<p><span style=\"text-decoration: underline;\"><strong>Para practicar la pesca hace falta:<br \/>\n<\/strong><\/span><\/p>\n<p>1- <strong><a href=\"https:\/\/aplicacions.agricultura.gencat.cat\/mediamb_sgll_public\/AppJava\/llicencies\/gestioLlicenciesTitular.do?reqCode=prepareLocale\" target=\"_blank\" rel=\"noopener\">Adquirir la licencia pertinente<\/a><\/strong>. \u00c9sta puede ser:<\/p>\n<ul>\n<li>&#8211; Pesca recreativa o pesca recreativa sin muerte<\/li>\n<li>&#8211; De un, dos o quince d\u00edas, o de un, dos, tres o cuatro a\u00f1os (el precio sale m\u00e1s a cuenta cu\u00e1nto m\u00e1s tiempo se coja)<\/li>\n<\/ul>\n<p>2- Cuando se tiene la licencia, <strong><a href=\"https:\/\/aplicacions.agricultura.gencat.cat\/mediamb_sgll_public\/AppJava\/zpc\/zpcEmissio.do?reqCode=prepareLocale\">adquirir el permiso<\/a><\/strong> del d\u00eda o semana que es quiera practicar la pesca.<br \/>\nDatos que hay que saber para adquirir el permiso:<\/p>\n<ul>\n<li>&#8211; Cuenca: Llobregat<\/li>\n<li>&#8211; Tipo de permisos: Salm\u00f3nidos<\/li>\n<li>&#8211; Zona de Pesca Controlada: Consorci Alt Cardener<\/li>\n<li>&#8211; Els dies de descans de la zona s\u00f3n el dimarts i el dijous. En aquests dies no s&#8217;hi pot pescar.<\/li>\n<\/ul>\n<p>&nbsp;<\/p>\n<p><strong>Tanto la licencia com los permisos se adquieren en la p\u00e0gina web de \u00ab<a href=\"https:\/\/aplicacions.agricultura.gencat.cat\/mediamb_sgll_public\/AppJava\/llicencies\/llicenciesTitular.do?reqCode=inici\">Gesti\u00f3 de llic\u00e8ncies de ca\u00e7a, pesca, pinyes i t\u00f2fones<\/a>\u00ab.<\/strong><\/p>\n<p><a href=\"https:\/\/portaldogc.gencat.cat\/utilsEADOP\/PDF\/9112\/2015777.pdf\">Haz click aqu\u00ed para consultar la resoluci\u00f3n del departamento de acci\u00f3n clim\u00e0tica, alimentaci\u00f3n y agenda rural por la cual se ordena la pesca durante la temporada 2024<\/a><\/p>\n<p><span style=\"text-decoration: underline;\"><strong>Fechas de la temporada 2024:<\/strong><\/span><\/p>\n<ul>\n<li>&#8211; Inicio: 16 de marzo<\/li>\n<li>&#8211; Fin: 25 de agosto (con muerte), 20 de octubre (sin muerte)<\/li>\n<\/ul>\n<p>&nbsp;<\/p>\n<h4><span style=\"text-decoration: underline;\"><strong>LUGARES A DONDE IR:<\/strong><\/span><\/h4>\n<p><a href=\"https:\/\/lavalldelord.com\/wp-content\/uploads\/2024\/04\/zpc_alt_cardener.jpeg\" target=\"_blank\" rel=\"noopener\"><img loading=\"lazy\" decoding=\"async\" class=\"wp-image-11247 size-thumbnail alignright\" src=\"https:\/\/lavalldelord.com\/wp-content\/uploads\/2024\/04\/zpc_alt_cardener-274x400.jpeg\" alt=\"\" width=\"274\" height=\"400\" srcset=\"https:\/\/lavalldelord.com\/wp-content\/uploads\/2024\/04\/zpc_alt_cardener-274x400.jpeg 274w, https:\/\/lavalldelord.com\/wp-content\/uploads\/2024\/04\/zpc_alt_cardener-411x600.jpeg 411w, https:\/\/lavalldelord.com\/wp-content\/uploads\/2024\/04\/zpc_alt_cardener.jpeg 472w\" sizes=\"auto, (max-width: 274px) 100vw, 274px\" \/><\/a><\/p>\n<p>Los lugares que engloba toda la zona de pesca controlada \u00abConsorci Alt Cardener\u00bb s\u00f3n el <a href=\"https:\/\/lavalldelord.com\/punt\/riu-aigua-de-valls\/\" target=\"_blank\" rel=\"noopener\"><strong>r\u00edo Aigua de Valls<\/strong><\/a>, desde su nacimiento en G\u00f3sol, el <a href=\"https:\/\/lavalldelord.com\/punt\/embassament-de-la-llosa-del-cavall\/\" target=\"_blank\" rel=\"noopener\"><strong>embalse de la Llosa del Cavall<\/strong><\/a> en su integridad, y el <strong><a href=\"https:\/\/lavalldelord.com\/punt\/riu-cardener\/\" target=\"_blank\" rel=\"noopener\">r\u00edo Cardener<\/a>\u00a0<\/strong>hasta que llega al embalse de Sant Pon\u00e7. Aunque, como pod\u00e9is ver en el mapa, hay algunos peque\u00f1os tramos de cada uno de los r\u00edos que no forman parte de la zona.<\/p>\n<p>Para ser m\u00e1s concretos, los diferentes tramos de la zona tienen los siguientes l\u00edmites:<\/p>\n<p><strong>L\u00edmite Inferior<\/strong><br \/>\n1r tramo: presa de captaci\u00f3n de agua de la central del Mol\u00ed G\u00fcell a la altura del Mol\u00ed de Feners; 2\u00ba tramo: puente de la carretera LV-4241 direcci\u00f3n Berga; 3r tramo: presa del embalse de la Llosa del Cavall; 4\u00ba tramo: nueva toma del molino dels Cups<\/p>\n<p><strong>L\u00edmite Superior<\/strong><br \/>\n1r tramo: Casa Mol\u00ed de G\u00f3sol; 2\u00ba tramo: presa superior de la Corriu; 3r tramo: mol\u00ed del Monegal (el Cardener) y cola del embalse de la Llosa del Cavall (Aigua de Valls); 4\u00ba tramo: pont de Castell\u00f3 (puente verde)<\/p>\n<p>&nbsp;<\/p>","protected":false},"excerpt":{"rendered":"<p>QU\u00c9 HACE FALTA SABER PARA PRACTICAR LA PESCA EN LA VALL DE LORD &nbsp; LICENCIA Y PERMISO:\u00a0 Para practicar la [&hellip;]<\/p>\n","protected":false},"author":3,"featured_media":9615,"parent":11196,"menu_order":179,"comment_status":"closed","ping_status":"closed","template":"full-width.php","meta":{"_acf_changed":false,"_exactmetrics_skip_tracking":false,"_exactmetrics_sitenote_active":false,"_exactmetrics_sitenote_note":"","_exactmetrics_sitenote_category":0,"_joinchat":[],"footnotes":""},"class_list":["post-11240","page","type-page","status-publish","has-post-thumbnail","hentry"],"acf":[],"yoast_head":"<!-- This site is optimized with the Yoast SEO plugin v27.5 - https:\/\/yoast.com\/product\/yoast-seo-wordpress\/ -->\n<title>Pesca a la Vall de Lord<\/title>\n<meta name=\"description\" content=\"Consulta aqu\u00ed tota la informaci\u00f3 que cal saber si es vol practicar la pesca a la Vall de Lord (Aigua de Valls, Cardener o Llosa del Cavall)\" \/>\n<meta name=\"robots\" content=\"index, follow, max-snippet:-1, max-image-preview:large, max-video-preview:-1\" \/>\n<link rel=\"canonical\" href=\"https:\/\/lavalldelord.com\/es\/que-fer\/turisme-de-natura\/pesca\/\" \/>\n<meta property=\"og:locale\" content=\"es_ES\" \/>\n<meta property=\"og:type\" content=\"article\" \/>\n<meta property=\"og:title\" content=\"Pesca a la Vall de Lord\" \/>\n<meta property=\"og:description\" content=\"Consulta aqu\u00ed tota la informaci\u00f3 que cal saber si es vol practicar la pesca a la Vall de Lord (Aigua de Valls, Cardener o Llosa del Cavall)\" \/>\n<meta property=\"og:url\" content=\"https:\/\/lavalldelord.com\/es\/que-fer\/turisme-de-natura\/pesca\/\" \/>\n<meta property=\"og:site_name\" content=\"La Vall de Lord\" \/>\n<meta property=\"article:publisher\" content=\"https:\/\/www.facebook.com\/turismevalldelord\" \/>\n<meta property=\"article:modified_time\" content=\"2025-12-19T12:54:02+00:00\" \/>\n<meta property=\"og:image\" content=\"https:\/\/lavalldelord.com\/wp-content\/uploads\/2022\/12\/fotografia_vegetacio_embassament-scaled.jpg\" \/>\n\t<meta property=\"og:image:width\" content=\"2560\" \/>\n\t<meta property=\"og:image:height\" content=\"1920\" \/>\n\t<meta property=\"og:image:type\" content=\"image\/jpeg\" \/>\n<meta name=\"twitter:card\" content=\"summary_large_image\" \/>\n<meta name=\"twitter:site\" content=\"@valldelord\" \/>\n<meta name=\"twitter:label1\" content=\"Tiempo de lectura\" \/>\n\t<meta name=\"twitter:data1\" content=\"3 minutos\" \/>\n<script type=\"application\/ld+json\" class=\"yoast-schema-graph\">{\"@context\":\"https:\\\/\\\/schema.org\",\"@graph\":[{\"@type\":\"WebPage\",\"@id\":\"https:\\\/\\\/lavalldelord.com\\\/es\\\/que-fer\\\/turisme-de-natura\\\/pesca\\\/\",\"url\":\"https:\\\/\\\/lavalldelord.com\\\/es\\\/que-fer\\\/turisme-de-natura\\\/pesca\\\/\",\"name\":\"Pesca a la Vall de Lord\",\"isPartOf\":{\"@id\":\"https:\\\/\\\/lavalldelord.com\\\/es\\\/#website\"},\"primaryImageOfPage\":{\"@id\":\"https:\\\/\\\/lavalldelord.com\\\/es\\\/que-fer\\\/turisme-de-natura\\\/pesca\\\/#primaryimage\"},\"image\":{\"@id\":\"https:\\\/\\\/lavalldelord.com\\\/que-fer\\\/turisme-de-natura\\\/pesca\\\/#primaryimage\"},\"thumbnailUrl\":\"https:\\\/\\\/lavalldelord.com\\\/wp-content\\\/uploads\\\/2022\\\/12\\\/fotografia_vegetacio_embassament-scaled.jpg\",\"datePublished\":\"2024-04-27T09:58:16+00:00\",\"dateModified\":\"2025-12-19T12:54:02+00:00\",\"description\":\"Consulta aqu\u00ed tota la informaci\u00f3 que cal saber si es vol practicar la pesca a la Vall de Lord (Aigua de Valls, Cardener o Llosa del Cavall)\",\"breadcrumb\":{\"@id\":\"https:\\\/\\\/lavalldelord.com\\\/es\\\/que-fer\\\/turisme-de-natura\\\/pesca\\\/#breadcrumb\"},\"inLanguage\":\"es\",\"potentialAction\":[{\"@type\":\"ReadAction\",\"target\":[[\"https:\\\/\\\/lavalldelord.com\\\/es\\\/que-fer\\\/turisme-de-natura\\\/pesca\\\/\"]]}]},{\"@type\":\"ImageObject\",\"inLanguage\":\"es\",\"@id\":\"https:\\\/\\\/lavalldelord.com\\\/es\\\/que-fer\\\/turisme-de-natura\\\/pesca\\\/#primaryimage\",\"url\":\"https:\\\/\\\/lavalldelord.com\\\/wp-content\\\/uploads\\\/2022\\\/12\\\/fotografia_vegetacio_embassament-scaled.jpg\",\"contentUrl\":\"https:\\\/\\\/lavalldelord.com\\\/wp-content\\\/uploads\\\/2022\\\/12\\\/fotografia_vegetacio_embassament-scaled.jpg\",\"width\":2560,\"height\":1920,\"caption\":\"dav\"},{\"@type\":\"BreadcrumbList\",\"@id\":\"https:\\\/\\\/lavalldelord.com\\\/es\\\/que-fer\\\/turisme-de-natura\\\/pesca\\\/#breadcrumb\",\"itemListElement\":[{\"@type\":\"ListItem\",\"position\":1,\"name\":\"Inici\",\"item\":\"https:\\\/\\\/lavalldelord.com\\\/es\\\/\"},{\"@type\":\"ListItem\",\"position\":2,\"name\":\"Quoi faire?\",\"item\":\"https:\\\/\\\/lavalldelord.com\\\/es\\\/que-fer\\\/\"},{\"@type\":\"ListItem\",\"position\":3,\"name\":\"Turismo de natura\",\"item\":\"https:\\\/\\\/lavalldelord.com\\\/es\\\/que-fer\\\/turisme-de-natura\\\/\"},{\"@type\":\"ListItem\",\"position\":4,\"name\":\"Pesca\"}]},{\"@type\":\"WebSite\",\"@id\":\"https:\\\/\\\/lavalldelord.com\\\/es\\\/#website\",\"url\":\"https:\\\/\\\/lavalldelord.com\\\/es\\\/\",\"name\":\"Turisme Vall de Lord\",\"description\":\"Portal tur\u00edstic de la Vall de Lord, naturalment!\",\"publisher\":{\"@id\":\"https:\\\/\\\/lavalldelord.com\\\/es\\\/#organization\"},\"potentialAction\":[{\"@type\":\"SearchAction\",\"target\":{\"@type\":\"EntryPoint\",\"urlTemplate\":\"https:\\\/\\\/lavalldelord.com\\\/es\\\/?s={search_term_string}\"},\"query-input\":{\"@type\":\"PropertyValueSpecification\",\"valueRequired\":true,\"valueName\":\"search_term_string\"}}],\"inLanguage\":\"es\"},{\"@type\":\"Organization\",\"@id\":\"https:\\\/\\\/lavalldelord.com\\\/es\\\/#organization\",\"name\":\"La Vall de Lord\",\"url\":\"https:\\\/\\\/lavalldelord.com\\\/es\\\/\",\"logo\":{\"@type\":\"ImageObject\",\"inLanguage\":\"es\",\"@id\":\"https:\\\/\\\/lavalldelord.com\\\/es\\\/#\\\/schema\\\/logo\\\/image\\\/\",\"url\":\"https:\\\/\\\/lavalldelord.com\\\/wp-content\\\/uploads\\\/2024\\\/02\\\/DJI_0864_websize.jpg\",\"contentUrl\":\"https:\\\/\\\/lavalldelord.com\\\/wp-content\\\/uploads\\\/2024\\\/02\\\/DJI_0864_websize.jpg\",\"width\":1600,\"height\":899,\"caption\":\"La Vall de Lord\"},\"image\":{\"@id\":\"https:\\\/\\\/lavalldelord.com\\\/es\\\/#\\\/schema\\\/logo\\\/image\\\/\"},\"sameAs\":[\"https:\\\/\\\/www.facebook.com\\\/turismevalldelord\",\"https:\\\/\\\/x.com\\\/valldelord\",\"https:\\\/\\\/www.instagram.com\\\/turismevalldelord\"]}]}<\/script>\n<!-- \/ Yoast SEO plugin. -->","yoast_head_json":{"title":"Pesca a la Vall de Lord","description":"Consulta aqu\u00ed tota la informaci\u00f3 que cal saber si es vol practicar la pesca a la Vall de Lord (Aigua de Valls, Cardener o Llosa del Cavall)","robots":{"index":"index","follow":"follow","max-snippet":"max-snippet:-1","max-image-preview":"max-image-preview:large","max-video-preview":"max-video-preview:-1"},"canonical":"https:\/\/lavalldelord.com\/es\/que-fer\/turisme-de-natura\/pesca\/","og_locale":"es_ES","og_type":"article","og_title":"Pesca a la Vall de Lord","og_description":"Consulta aqu\u00ed tota la informaci\u00f3 que cal saber si es vol practicar la pesca a la Vall de Lord (Aigua de Valls, Cardener o Llosa del Cavall)","og_url":"https:\/\/lavalldelord.com\/es\/que-fer\/turisme-de-natura\/pesca\/","og_site_name":"La Vall de Lord","article_publisher":"https:\/\/www.facebook.com\/turismevalldelord","article_modified_time":"2025-12-19T12:54:02+00:00","og_image":[{"width":2560,"height":1920,"url":"https:\/\/lavalldelord.com\/wp-content\/uploads\/2022\/12\/fotografia_vegetacio_embassament-scaled.jpg","type":"image\/jpeg"}],"twitter_card":"summary_large_image","twitter_site":"@valldelord","twitter_misc":{"Tiempo de lectura":"3 minutos"},"schema":{"@context":"https:\/\/schema.org","@graph":[{"@type":"WebPage","@id":"https:\/\/lavalldelord.com\/es\/que-fer\/turisme-de-natura\/pesca\/","url":"https:\/\/lavalldelord.com\/es\/que-fer\/turisme-de-natura\/pesca\/","name":"Pesca a la Vall de Lord","isPartOf":{"@id":"https:\/\/lavalldelord.com\/es\/#website"},"primaryImageOfPage":{"@id":"https:\/\/lavalldelord.com\/es\/que-fer\/turisme-de-natura\/pesca\/#primaryimage"},"image":{"@id":"https:\/\/lavalldelord.com\/que-fer\/turisme-de-natura\/pesca\/#primaryimage"},"thumbnailUrl":"https:\/\/lavalldelord.com\/wp-content\/uploads\/2022\/12\/fotografia_vegetacio_embassament-scaled.jpg","datePublished":"2024-04-27T09:58:16+00:00","dateModified":"2025-12-19T12:54:02+00:00","description":"Consulta aqu\u00ed tota la informaci\u00f3 que cal saber si es vol practicar la pesca a la Vall de Lord (Aigua de Valls, Cardener o Llosa del Cavall)","breadcrumb":{"@id":"https:\/\/lavalldelord.com\/es\/que-fer\/turisme-de-natura\/pesca\/#breadcrumb"},"inLanguage":"es","potentialAction":[{"@type":"ReadAction","target":[["https:\/\/lavalldelord.com\/es\/que-fer\/turisme-de-natura\/pesca\/"]]}]},{"@type":"ImageObject","inLanguage":"es","@id":"https:\/\/lavalldelord.com\/es\/que-fer\/turisme-de-natura\/pesca\/#primaryimage","url":"https:\/\/lavalldelord.com\/wp-content\/uploads\/2022\/12\/fotografia_vegetacio_embassament-scaled.jpg","contentUrl":"https:\/\/lavalldelord.com\/wp-content\/uploads\/2022\/12\/fotografia_vegetacio_embassament-scaled.jpg","width":2560,"height":1920,"caption":"dav"},{"@type":"BreadcrumbList","@id":"https:\/\/lavalldelord.com\/es\/que-fer\/turisme-de-natura\/pesca\/#breadcrumb","itemListElement":[{"@type":"ListItem","position":1,"name":"Inici","item":"https:\/\/lavalldelord.com\/es\/"},{"@type":"ListItem","position":2,"name":"Quoi faire?","item":"https:\/\/lavalldelord.com\/es\/que-fer\/"},{"@type":"ListItem","position":3,"name":"Turismo de natura","item":"https:\/\/lavalldelord.com\/es\/que-fer\/turisme-de-natura\/"},{"@type":"ListItem","position":4,"name":"Pesca"}]},{"@type":"WebSite","@id":"https:\/\/lavalldelord.com\/es\/#website","url":"https:\/\/lavalldelord.com\/es\/","name":"Turisme Vall de Lord","description":"Portal tur\u00edstic de la Vall de Lord, naturalment!","publisher":{"@id":"https:\/\/lavalldelord.com\/es\/#organization"},"potentialAction":[{"@type":"SearchAction","target":{"@type":"EntryPoint","urlTemplate":"https:\/\/lavalldelord.com\/es\/?s={search_term_string}"},"query-input":{"@type":"PropertyValueSpecification","valueRequired":true,"valueName":"search_term_string"}}],"inLanguage":"es"},{"@type":"Organization","@id":"https:\/\/lavalldelord.com\/es\/#organization","name":"La Vall de Lord","url":"https:\/\/lavalldelord.com\/es\/","logo":{"@type":"ImageObject","inLanguage":"es","@id":"https:\/\/lavalldelord.com\/es\/#\/schema\/logo\/image\/","url":"https:\/\/lavalldelord.com\/wp-content\/uploads\/2024\/02\/DJI_0864_websize.jpg","contentUrl":"https:\/\/lavalldelord.com\/wp-content\/uploads\/2024\/02\/DJI_0864_websize.jpg","width":1600,"height":899,"caption":"La Vall de Lord"},"image":{"@id":"https:\/\/lavalldelord.com\/es\/#\/schema\/logo\/image\/"},"sameAs":["https:\/\/www.facebook.com\/turismevalldelord","https:\/\/x.com\/valldelord","https:\/\/www.instagram.com\/turismevalldelord"]}]}},"_links":{"self":[{"href":"https:\/\/lavalldelord.com\/es\/wp-json\/wp\/v2\/pages\/11240","targetHints":{"allow":["GET"]}}],"collection":[{"href":"https:\/\/lavalldelord.com\/es\/wp-json\/wp\/v2\/pages"}],"about":[{"href":"https:\/\/lavalldelord.com\/es\/wp-json\/wp\/v2\/types\/page"}],"author":[{"embeddable":true,"href":"https:\/\/lavalldelord.com\/es\/wp-json\/wp\/v2\/users\/3"}],"replies":[{"embeddable":true,"href":"https:\/\/lavalldelord.com\/es\/wp-json\/wp\/v2\/comments?post=11240"}],"version-history":[{"count":24,"href":"https:\/\/lavalldelord.com\/es\/wp-json\/wp\/v2\/pages\/11240\/revisions"}],"predecessor-version":[{"id":13358,"href":"https:\/\/lavalldelord.com\/es\/wp-json\/wp\/v2\/pages\/11240\/revisions\/13358"}],"up":[{"embeddable":true,"href":"https:\/\/lavalldelord.com\/es\/wp-json\/wp\/v2\/pages\/11196"}],"wp:featuredmedia":[{"embeddable":true,"href":"https:\/\/lavalldelord.com\/es\/wp-json\/wp\/v2\/media\/9615"}],"wp:attachment":[{"href":"https:\/\/lavalldelord.com\/es\/wp-json\/wp\/v2\/media?parent=11240"}],"curies":[{"name":"wp","href":"https:\/\/api.w.org\/{rel}","templated":true}]}}