{"id":12319,"date":"2025-02-25T15:23:57","date_gmt":"2025-02-25T14:23:57","guid":{"rendered":"https:\/\/lavalldelord.com\/?page_id=12319"},"modified":"2025-03-01T17:30:47","modified_gmt":"2025-03-01T16:30:47","slug":"centre-btt-acces-al-bany-dutxa-de-loficina-de-turisme","status":"publish","type":"page","link":"https:\/\/lavalldelord.com\/es\/que-fer\/turisme-actiu\/rutes-senderisme-btt\/centre-btt-solsones-vall-lord\/centre-de-btt-solsones-vall-de-lord\/centre-btt-acces-al-bany-dutxa-de-loficina-de-turisme\/","title":{"rendered":"Acceso al ba\u00f1o de la Oficina de Turismo"},"content":{"rendered":"<p>Los usuarios del Centre de BTT &#8211; Solson\u00e8s &#8211; Vall de Lord tienen a su disposici\u00f3n el acceso al ba\u00f1o y ducha que se encuentra ubicado en la parte de detr\u00e1s de la Oficina de Turismo de la Vall de Lord.<\/p>\n<p>Para poder acceder, si la Oficina de Turismo est\u00e1 cerrada puedes rellenar el siguiente formulario para recibir el c\u00f3digo de acceso:<\/p>\n<p style=\"text-align: center;\"><strong><a href=\"https:\/\/forms.gle\/3gcBqV6t9FGWzGYC8\">FORMULARIO PARA OBTENER EL CODIGO DE ACCESO DEL BA\u00d1O<\/a><\/strong><\/p>\n<p>&nbsp;<\/p>\n<p><strong>La normativa de los servicios es:<\/strong><\/p>\n<ul>\n<li>Dejad las luces y los grifos cerrados antes de salir<\/li>\n<li>Dejad la puerta cerrada al salir.<\/li>\n<li>Dejad el ba\u00f1o lo m\u00e1s limpio posible y en buenas condiciones<\/li>\n<li>No est\u00e1 permitido fumar<\/li>\n<li>No est\u00e1 permitido beber<\/li>\n<li>Si encuentras alg\u00fan objeto de valor, nos lo puedes dejar en la Oficina de Turismo o en el Ayuntamiento de Sant Lloren\u00e7<\/li>\n<\/ul>\n<p><\/p>","protected":false},"excerpt":{"rendered":"<p>Los usuarios del Centre de BTT &#8211; Solson\u00e8s &#8211; Vall de Lord tienen a su disposici\u00f3n el acceso al ba\u00f1o [&hellip;]<\/p>\n","protected":false},"author":3,"featured_media":5282,"parent":10250,"menu_order":161,"comment_status":"closed","ping_status":"closed","template":"","meta":{"_acf_changed":false,"_exactmetrics_skip_tracking":false,"_exactmetrics_sitenote_active":false,"_exactmetrics_sitenote_note":"","_exactmetrics_sitenote_category":0,"_joinchat":[],"footnotes":""},"class_list":["post-12319","page","type-page","status-publish","has-post-thumbnail","hentry"],"acf":[],"yoast_head":"<!-- This site is optimized with the Yoast SEO plugin v27.5 - https:\/\/yoast.com\/product\/yoast-seo-wordpress\/ -->\n<title>Centre BTT - Acc\u00e9s al bany - dutxa de l&#039;Oficina de Turisme<\/title>\n<meta name=\"description\" content=\"Centre BTT - Acc\u00e9s al bany - dutxa de l&#039;Oficina de Turisme de Sant Lloren\u00e7 de Morunys pels usuaris del centre BTT\" \/>\n<meta name=\"robots\" content=\"index, follow, max-snippet:-1, max-image-preview:large, max-video-preview:-1\" \/>\n<link rel=\"canonical\" href=\"https:\/\/lavalldelord.com\/es\/que-fer\/turisme-actiu\/rutes-senderisme-btt\/centre-btt-solsones-vall-lord\/centre-de-btt-solsones-vall-de-lord\/centre-btt-acces-al-bany-dutxa-de-loficina-de-turisme\/\" \/>\n<meta property=\"og:locale\" content=\"es_ES\" \/>\n<meta property=\"og:type\" content=\"article\" \/>\n<meta property=\"og:title\" content=\"Centre BTT - Acc\u00e9s al bany - dutxa de l&#039;Oficina de Turisme\" \/>\n<meta property=\"og:description\" content=\"Centre BTT - Acc\u00e9s al bany - dutxa de l&#039;Oficina de Turisme de Sant Lloren\u00e7 de Morunys pels usuaris del centre BTT\" \/>\n<meta property=\"og:url\" content=\"https:\/\/lavalldelord.com\/es\/que-fer\/turisme-actiu\/rutes-senderisme-btt\/centre-btt-solsones-vall-lord\/centre-de-btt-solsones-vall-de-lord\/centre-btt-acces-al-bany-dutxa-de-loficina-de-turisme\/\" \/>\n<meta property=\"og:site_name\" content=\"La Vall de Lord\" \/>\n<meta property=\"article:publisher\" content=\"https:\/\/www.facebook.com\/turismevalldelord\" \/>\n<meta property=\"article:modified_time\" content=\"2025-03-01T16:30:47+00:00\" \/>\n<meta property=\"og:image\" content=\"https:\/\/lavalldelord.com\/wp-content\/uploads\/2018\/06\/20161009_133122-e1553962797698.jpg\" \/>\n\t<meta property=\"og:image:width\" content=\"2576\" \/>\n\t<meta property=\"og:image:height\" content=\"1713\" \/>\n\t<meta property=\"og:image:type\" content=\"image\/jpeg\" \/>\n<meta name=\"twitter:card\" content=\"summary_large_image\" \/>\n<meta name=\"twitter:site\" content=\"@valldelord\" \/>\n<meta name=\"twitter:label1\" content=\"Tiempo de lectura\" \/>\n\t<meta name=\"twitter:data1\" content=\"1 minuto\" \/>\n<script type=\"application\/ld+json\" class=\"yoast-schema-graph\">{\"@context\":\"https:\\\/\\\/schema.org\",\"@graph\":[{\"@type\":\"WebPage\",\"@id\":\"https:\\\/\\\/lavalldelord.com\\\/es\\\/que-fer\\\/turisme-actiu\\\/rutes-senderisme-btt\\\/centre-btt-solsones-vall-lord\\\/centre-de-btt-solsones-vall-de-lord\\\/centre-btt-acces-al-bany-dutxa-de-loficina-de-turisme\\\/\",\"url\":\"https:\\\/\\\/lavalldelord.com\\\/es\\\/que-fer\\\/turisme-actiu\\\/rutes-senderisme-btt\\\/centre-btt-solsones-vall-lord\\\/centre-de-btt-solsones-vall-de-lord\\\/centre-btt-acces-al-bany-dutxa-de-loficina-de-turisme\\\/\",\"name\":\"Centre BTT - Acc\u00e9s al bany - dutxa de l'Oficina de Turisme\",\"isPartOf\":{\"@id\":\"https:\\\/\\\/lavalldelord.com\\\/es\\\/#website\"},\"primaryImageOfPage\":{\"@id\":\"https:\\\/\\\/lavalldelord.com\\\/es\\\/que-fer\\\/turisme-actiu\\\/rutes-senderisme-btt\\\/centre-btt-solsones-vall-lord\\\/centre-de-btt-solsones-vall-de-lord\\\/centre-btt-acces-al-bany-dutxa-de-loficina-de-turisme\\\/#primaryimage\"},\"image\":{\"@id\":\"https:\\\/\\\/lavalldelord.com\\\/que-fer\\\/turisme-actiu\\\/rutes-senderisme-btt\\\/centre-btt-solsones-vall-lord\\\/centre-de-btt-solsones-vall-de-lord\\\/centre-btt-acces-al-bany-dutxa-de-loficina-de-turisme\\\/#primaryimage\"},\"thumbnailUrl\":\"https:\\\/\\\/lavalldelord.com\\\/wp-content\\\/uploads\\\/2018\\\/06\\\/20161009_133122-e1553962797698.jpg\",\"datePublished\":\"2025-02-25T14:23:57+00:00\",\"dateModified\":\"2025-03-01T16:30:47+00:00\",\"description\":\"Centre BTT - Acc\u00e9s al bany - dutxa de l'Oficina de Turisme de Sant Lloren\u00e7 de Morunys pels usuaris del centre BTT\",\"breadcrumb\":{\"@id\":\"https:\\\/\\\/lavalldelord.com\\\/es\\\/que-fer\\\/turisme-actiu\\\/rutes-senderisme-btt\\\/centre-btt-solsones-vall-lord\\\/centre-de-btt-solsones-vall-de-lord\\\/centre-btt-acces-al-bany-dutxa-de-loficina-de-turisme\\\/#breadcrumb\"},\"inLanguage\":\"es\",\"potentialAction\":[{\"@type\":\"ReadAction\",\"target\":[[\"https:\\\/\\\/lavalldelord.com\\\/es\\\/que-fer\\\/turisme-actiu\\\/rutes-senderisme-btt\\\/centre-btt-solsones-vall-lord\\\/centre-de-btt-solsones-vall-de-lord\\\/centre-btt-acces-al-bany-dutxa-de-loficina-de-turisme\\\/\"]]}]},{\"@type\":\"ImageObject\",\"inLanguage\":\"es\",\"@id\":\"https:\\\/\\\/lavalldelord.com\\\/es\\\/que-fer\\\/turisme-actiu\\\/rutes-senderisme-btt\\\/centre-btt-solsones-vall-lord\\\/centre-de-btt-solsones-vall-de-lord\\\/centre-btt-acces-al-bany-dutxa-de-loficina-de-turisme\\\/#primaryimage\",\"url\":\"https:\\\/\\\/lavalldelord.com\\\/wp-content\\\/uploads\\\/2018\\\/06\\\/20161009_133122-e1553962797698.jpg\",\"contentUrl\":\"https:\\\/\\\/lavalldelord.com\\\/wp-content\\\/uploads\\\/2018\\\/06\\\/20161009_133122-e1553962797698.jpg\",\"width\":2576,\"height\":1713},{\"@type\":\"BreadcrumbList\",\"@id\":\"https:\\\/\\\/lavalldelord.com\\\/es\\\/que-fer\\\/turisme-actiu\\\/rutes-senderisme-btt\\\/centre-btt-solsones-vall-lord\\\/centre-de-btt-solsones-vall-de-lord\\\/centre-btt-acces-al-bany-dutxa-de-loficina-de-turisme\\\/#breadcrumb\",\"itemListElement\":[{\"@type\":\"ListItem\",\"position\":1,\"name\":\"Inici\",\"item\":\"https:\\\/\\\/lavalldelord.com\\\/es\\\/\"},{\"@type\":\"ListItem\",\"position\":2,\"name\":\"Quoi faire?\",\"item\":\"https:\\\/\\\/lavalldelord.com\\\/es\\\/que-fer\\\/\"},{\"@type\":\"ListItem\",\"position\":3,\"name\":\"Turisme actiu\",\"item\":\"https:\\\/\\\/lavalldelord.com\\\/es\\\/que-fer\\\/turisme-actiu\\\/\"},{\"@type\":\"ListItem\",\"position\":4,\"name\":\"Itin\u00e9raires de randonn\u00e9e et VTT\",\"item\":\"https:\\\/\\\/lavalldelord.com\\\/es\\\/que-fer\\\/turisme-actiu\\\/rutes-senderisme-btt\\\/\"},{\"@type\":\"ListItem\",\"position\":5,\"name\":\"Rutes de BTT\",\"item\":\"https:\\\/\\\/lavalldelord.com\\\/es\\\/que-fer\\\/turisme-actiu\\\/rutes-senderisme-btt\\\/centre-btt-solsones-vall-lord\\\/\"},{\"@type\":\"ListItem\",\"position\":6,\"name\":\"Centre de BTT &#8211; Solson\u00e8s &#8211; Vall de Lord\",\"item\":\"https:\\\/\\\/lavalldelord.com\\\/es\\\/que-fer\\\/turisme-actiu\\\/rutes-senderisme-btt\\\/centre-btt-solsones-vall-lord\\\/centre-de-btt-solsones-vall-de-lord\\\/\"},{\"@type\":\"ListItem\",\"position\":7,\"name\":\"Acc\u00e9s al bany &#8211; dutxa de l&#8217;Oficina de Turisme\"}]},{\"@type\":\"WebSite\",\"@id\":\"https:\\\/\\\/lavalldelord.com\\\/es\\\/#website\",\"url\":\"https:\\\/\\\/lavalldelord.com\\\/es\\\/\",\"name\":\"Turisme Vall de Lord\",\"description\":\"Portal tur\u00edstic de la Vall de Lord, naturalment!\",\"publisher\":{\"@id\":\"https:\\\/\\\/lavalldelord.com\\\/es\\\/#organization\"},\"potentialAction\":[{\"@type\":\"SearchAction\",\"target\":{\"@type\":\"EntryPoint\",\"urlTemplate\":\"https:\\\/\\\/lavalldelord.com\\\/es\\\/?s={search_term_string}\"},\"query-input\":{\"@type\":\"PropertyValueSpecification\",\"valueRequired\":true,\"valueName\":\"search_term_string\"}}],\"inLanguage\":\"es\"},{\"@type\":\"Organization\",\"@id\":\"https:\\\/\\\/lavalldelord.com\\\/es\\\/#organization\",\"name\":\"La Vall de Lord\",\"url\":\"https:\\\/\\\/lavalldelord.com\\\/es\\\/\",\"logo\":{\"@type\":\"ImageObject\",\"inLanguage\":\"es\",\"@id\":\"https:\\\/\\\/lavalldelord.com\\\/es\\\/#\\\/schema\\\/logo\\\/image\\\/\",\"url\":\"https:\\\/\\\/lavalldelord.com\\\/wp-content\\\/uploads\\\/2024\\\/02\\\/DJI_0864_websize.jpg\",\"contentUrl\":\"https:\\\/\\\/lavalldelord.com\\\/wp-content\\\/uploads\\\/2024\\\/02\\\/DJI_0864_websize.jpg\",\"width\":1600,\"height\":899,\"caption\":\"La Vall de Lord\"},\"image\":{\"@id\":\"https:\\\/\\\/lavalldelord.com\\\/es\\\/#\\\/schema\\\/logo\\\/image\\\/\"},\"sameAs\":[\"https:\\\/\\\/www.facebook.com\\\/turismevalldelord\",\"https:\\\/\\\/x.com\\\/valldelord\",\"https:\\\/\\\/www.instagram.com\\\/turismevalldelord\"]}]}<\/script>\n<!-- \/ Yoast SEO plugin. -->","yoast_head_json":{"title":"Centre BTT - Acc\u00e9s al bany - dutxa de l'Oficina de Turisme","description":"Centre BTT - Acc\u00e9s al bany - dutxa de l'Oficina de Turisme de Sant Lloren\u00e7 de Morunys pels usuaris del centre BTT","robots":{"index":"index","follow":"follow","max-snippet":"max-snippet:-1","max-image-preview":"max-image-preview:large","max-video-preview":"max-video-preview:-1"},"canonical":"https:\/\/lavalldelord.com\/es\/que-fer\/turisme-actiu\/rutes-senderisme-btt\/centre-btt-solsones-vall-lord\/centre-de-btt-solsones-vall-de-lord\/centre-btt-acces-al-bany-dutxa-de-loficina-de-turisme\/","og_locale":"es_ES","og_type":"article","og_title":"Centre BTT - Acc\u00e9s al bany - dutxa de l'Oficina de Turisme","og_description":"Centre BTT - Acc\u00e9s al bany - dutxa de l'Oficina de Turisme de Sant Lloren\u00e7 de Morunys pels usuaris del centre BTT","og_url":"https:\/\/lavalldelord.com\/es\/que-fer\/turisme-actiu\/rutes-senderisme-btt\/centre-btt-solsones-vall-lord\/centre-de-btt-solsones-vall-de-lord\/centre-btt-acces-al-bany-dutxa-de-loficina-de-turisme\/","og_site_name":"La Vall de Lord","article_publisher":"https:\/\/www.facebook.com\/turismevalldelord","article_modified_time":"2025-03-01T16:30:47+00:00","og_image":[{"width":2576,"height":1713,"url":"https:\/\/lavalldelord.com\/wp-content\/uploads\/2018\/06\/20161009_133122-e1553962797698.jpg","type":"image\/jpeg"}],"twitter_card":"summary_large_image","twitter_site":"@valldelord","twitter_misc":{"Tiempo de lectura":"1 minuto"},"schema":{"@context":"https:\/\/schema.org","@graph":[{"@type":"WebPage","@id":"https:\/\/lavalldelord.com\/es\/que-fer\/turisme-actiu\/rutes-senderisme-btt\/centre-btt-solsones-vall-lord\/centre-de-btt-solsones-vall-de-lord\/centre-btt-acces-al-bany-dutxa-de-loficina-de-turisme\/","url":"https:\/\/lavalldelord.com\/es\/que-fer\/turisme-actiu\/rutes-senderisme-btt\/centre-btt-solsones-vall-lord\/centre-de-btt-solsones-vall-de-lord\/centre-btt-acces-al-bany-dutxa-de-loficina-de-turisme\/","name":"Centre BTT - Acc\u00e9s al bany - dutxa de l'Oficina de Turisme","isPartOf":{"@id":"https:\/\/lavalldelord.com\/es\/#website"},"primaryImageOfPage":{"@id":"https:\/\/lavalldelord.com\/es\/que-fer\/turisme-actiu\/rutes-senderisme-btt\/centre-btt-solsones-vall-lord\/centre-de-btt-solsones-vall-de-lord\/centre-btt-acces-al-bany-dutxa-de-loficina-de-turisme\/#primaryimage"},"image":{"@id":"https:\/\/lavalldelord.com\/que-fer\/turisme-actiu\/rutes-senderisme-btt\/centre-btt-solsones-vall-lord\/centre-de-btt-solsones-vall-de-lord\/centre-btt-acces-al-bany-dutxa-de-loficina-de-turisme\/#primaryimage"},"thumbnailUrl":"https:\/\/lavalldelord.com\/wp-content\/uploads\/2018\/06\/20161009_133122-e1553962797698.jpg","datePublished":"2025-02-25T14:23:57+00:00","dateModified":"2025-03-01T16:30:47+00:00","description":"Centre BTT - Acc\u00e9s al bany - dutxa de l'Oficina de Turisme de Sant Lloren\u00e7 de Morunys pels usuaris del centre BTT","breadcrumb":{"@id":"https:\/\/lavalldelord.com\/es\/que-fer\/turisme-actiu\/rutes-senderisme-btt\/centre-btt-solsones-vall-lord\/centre-de-btt-solsones-vall-de-lord\/centre-btt-acces-al-bany-dutxa-de-loficina-de-turisme\/#breadcrumb"},"inLanguage":"es","potentialAction":[{"@type":"ReadAction","target":[["https:\/\/lavalldelord.com\/es\/que-fer\/turisme-actiu\/rutes-senderisme-btt\/centre-btt-solsones-vall-lord\/centre-de-btt-solsones-vall-de-lord\/centre-btt-acces-al-bany-dutxa-de-loficina-de-turisme\/"]]}]},{"@type":"ImageObject","inLanguage":"es","@id":"https:\/\/lavalldelord.com\/es\/que-fer\/turisme-actiu\/rutes-senderisme-btt\/centre-btt-solsones-vall-lord\/centre-de-btt-solsones-vall-de-lord\/centre-btt-acces-al-bany-dutxa-de-loficina-de-turisme\/#primaryimage","url":"https:\/\/lavalldelord.com\/wp-content\/uploads\/2018\/06\/20161009_133122-e1553962797698.jpg","contentUrl":"https:\/\/lavalldelord.com\/wp-content\/uploads\/2018\/06\/20161009_133122-e1553962797698.jpg","width":2576,"height":1713},{"@type":"BreadcrumbList","@id":"https:\/\/lavalldelord.com\/es\/que-fer\/turisme-actiu\/rutes-senderisme-btt\/centre-btt-solsones-vall-lord\/centre-de-btt-solsones-vall-de-lord\/centre-btt-acces-al-bany-dutxa-de-loficina-de-turisme\/#breadcrumb","itemListElement":[{"@type":"ListItem","position":1,"name":"Inici","item":"https:\/\/lavalldelord.com\/es\/"},{"@type":"ListItem","position":2,"name":"Quoi faire?","item":"https:\/\/lavalldelord.com\/es\/que-fer\/"},{"@type":"ListItem","position":3,"name":"Turisme actiu","item":"https:\/\/lavalldelord.com\/es\/que-fer\/turisme-actiu\/"},{"@type":"ListItem","position":4,"name":"Itin\u00e9raires de randonn\u00e9e et VTT","item":"https:\/\/lavalldelord.com\/es\/que-fer\/turisme-actiu\/rutes-senderisme-btt\/"},{"@type":"ListItem","position":5,"name":"Rutes de BTT","item":"https:\/\/lavalldelord.com\/es\/que-fer\/turisme-actiu\/rutes-senderisme-btt\/centre-btt-solsones-vall-lord\/"},{"@type":"ListItem","position":6,"name":"Centre de BTT &#8211; Solson\u00e8s &#8211; Vall de Lord","item":"https:\/\/lavalldelord.com\/es\/que-fer\/turisme-actiu\/rutes-senderisme-btt\/centre-btt-solsones-vall-lord\/centre-de-btt-solsones-vall-de-lord\/"},{"@type":"ListItem","position":7,"name":"Acc\u00e9s al bany &#8211; dutxa de l&#8217;Oficina de Turisme"}]},{"@type":"WebSite","@id":"https:\/\/lavalldelord.com\/es\/#website","url":"https:\/\/lavalldelord.com\/es\/","name":"Turisme Vall de Lord","description":"Portal tur\u00edstic de la Vall de Lord, naturalment!","publisher":{"@id":"https:\/\/lavalldelord.com\/es\/#organization"},"potentialAction":[{"@type":"SearchAction","target":{"@type":"EntryPoint","urlTemplate":"https:\/\/lavalldelord.com\/es\/?s={search_term_string}"},"query-input":{"@type":"PropertyValueSpecification","valueRequired":true,"valueName":"search_term_string"}}],"inLanguage":"es"},{"@type":"Organization","@id":"https:\/\/lavalldelord.com\/es\/#organization","name":"La Vall de Lord","url":"https:\/\/lavalldelord.com\/es\/","logo":{"@type":"ImageObject","inLanguage":"es","@id":"https:\/\/lavalldelord.com\/es\/#\/schema\/logo\/image\/","url":"https:\/\/lavalldelord.com\/wp-content\/uploads\/2024\/02\/DJI_0864_websize.jpg","contentUrl":"https:\/\/lavalldelord.com\/wp-content\/uploads\/2024\/02\/DJI_0864_websize.jpg","width":1600,"height":899,"caption":"La Vall de Lord"},"image":{"@id":"https:\/\/lavalldelord.com\/es\/#\/schema\/logo\/image\/"},"sameAs":["https:\/\/www.facebook.com\/turismevalldelord","https:\/\/x.com\/valldelord","https:\/\/www.instagram.com\/turismevalldelord"]}]}},"_links":{"self":[{"href":"https:\/\/lavalldelord.com\/es\/wp-json\/wp\/v2\/pages\/12319","targetHints":{"allow":["GET"]}}],"collection":[{"href":"https:\/\/lavalldelord.com\/es\/wp-json\/wp\/v2\/pages"}],"about":[{"href":"https:\/\/lavalldelord.com\/es\/wp-json\/wp\/v2\/types\/page"}],"author":[{"embeddable":true,"href":"https:\/\/lavalldelord.com\/es\/wp-json\/wp\/v2\/users\/3"}],"replies":[{"embeddable":true,"href":"https:\/\/lavalldelord.com\/es\/wp-json\/wp\/v2\/comments?post=12319"}],"version-history":[{"count":4,"href":"https:\/\/lavalldelord.com\/es\/wp-json\/wp\/v2\/pages\/12319\/revisions"}],"predecessor-version":[{"id":12323,"href":"https:\/\/lavalldelord.com\/es\/wp-json\/wp\/v2\/pages\/12319\/revisions\/12323"}],"up":[{"embeddable":true,"href":"https:\/\/lavalldelord.com\/es\/wp-json\/wp\/v2\/pages\/10250"}],"wp:featuredmedia":[{"embeddable":true,"href":"https:\/\/lavalldelord.com\/es\/wp-json\/wp\/v2\/media\/5282"}],"wp:attachment":[{"href":"https:\/\/lavalldelord.com\/es\/wp-json\/wp\/v2\/media?parent=12319"}],"curies":[{"name":"wp","href":"https:\/\/api.w.org\/{rel}","templated":true}]}}