{"id":13612,"date":"2026-03-20T09:28:09","date_gmt":"2026-03-20T08:28:09","guid":{"rendered":"https:\/\/lavalldelord.com\/?page_id=13612"},"modified":"2026-03-23T11:08:58","modified_gmt":"2026-03-23T10:08:58","slug":"concursos-jocs-florals-i-concurs-dinstagram","status":"publish","type":"page","link":"https:\/\/lavalldelord.com\/es\/litenatura-2026-sant-llorenc-de-morunys-la-vall-de-lord\/concursos-jocs-florals-i-concurs-dinstagram\/","title":{"rendered":"CONCURSOS &#8211; JOCS FLORALS I CONCURS D&#8217;INSTAGRAM"},"content":{"rendered":"<p class=\"qtranxs-available-languages-message qtranxs-available-languages-message-es\">Disculpa, pero esta entrada est\u00e1 disponible s\u00f3lo en <a href=\"https:\/\/lavalldelord.com\/ca\/wp-json\/wp\/v2\/pages\/13612\" class=\"qtranxs-available-language-link qtranxs-available-language-link-ca\" title=\"Catal\u00e0\">Catal\u00e0<\/a>.<\/p>","protected":false},"excerpt":{"rendered":"<p>Disculpa, pero esta entrada est\u00e1 disponible s\u00f3lo en Catal\u00e0.<\/p>\n","protected":false},"author":3,"featured_media":13631,"parent":13626,"menu_order":3,"comment_status":"closed","ping_status":"closed","template":"full-width.php","meta":{"_acf_changed":false,"_exactmetrics_skip_tracking":false,"_exactmetrics_sitenote_active":false,"_exactmetrics_sitenote_note":"","_exactmetrics_sitenote_category":0,"_joinchat":[],"footnotes":""},"class_list":["post-13612","page","type-page","status-publish","has-post-thumbnail","hentry"],"acf":[],"yoast_head":"<!-- This site is optimized with the Yoast SEO plugin v27.5 - https:\/\/yoast.com\/product\/yoast-seo-wordpress\/ -->\n<title>CONCURSOS - JOCS FLORALS I CONCURS D&#039;INSTAGRAM - La Vall de Lord<\/title>\n<meta name=\"robots\" content=\"index, follow, max-snippet:-1, max-image-preview:large, max-video-preview:-1\" \/>\n<link rel=\"canonical\" href=\"https:\/\/lavalldelord.com\/es\/litenatura-2026-sant-llorenc-de-morunys-la-vall-de-lord\/concursos-jocs-florals-i-concurs-dinstagram\/\" \/>\n<meta property=\"og:locale\" content=\"es_ES\" \/>\n<meta property=\"og:type\" content=\"article\" \/>\n<meta property=\"og:title\" content=\"CONCURSOS - JOCS FLORALS I CONCURS D&#039;INSTAGRAM - La Vall de Lord\" \/>\n<meta property=\"og:description\" content=\"Disculpa, pero esta entrada est\u00e1 disponible s\u00f3lo en Catal\u00e0.\" \/>\n<meta property=\"og:url\" content=\"https:\/\/lavalldelord.com\/es\/litenatura-2026-sant-llorenc-de-morunys-la-vall-de-lord\/concursos-jocs-florals-i-concurs-dinstagram\/\" \/>\n<meta property=\"og:site_name\" content=\"La Vall de Lord\" \/>\n<meta property=\"article:publisher\" content=\"https:\/\/www.facebook.com\/turismevalldelord\" \/>\n<meta property=\"article:modified_time\" content=\"2026-03-23T10:08:58+00:00\" \/>\n<meta property=\"og:image\" content=\"https:\/\/lavalldelord.com\/wp-content\/uploads\/2026\/03\/cartells_portades_web_litenatura_2026-2.png\" \/>\n\t<meta property=\"og:image:width\" content=\"1200\" \/>\n\t<meta property=\"og:image:height\" content=\"630\" \/>\n\t<meta property=\"og:image:type\" content=\"image\/png\" \/>\n<meta name=\"twitter:card\" content=\"summary_large_image\" \/>\n<meta name=\"twitter:site\" content=\"@valldelord\" \/>\n<meta name=\"twitter:label1\" content=\"Tiempo de lectura\" \/>\n\t<meta name=\"twitter:data1\" content=\"2 minutos\" \/>\n<script type=\"application\/ld+json\" class=\"yoast-schema-graph\">{\"@context\":\"https:\\\/\\\/schema.org\",\"@graph\":[{\"@type\":\"WebPage\",\"@id\":\"https:\\\/\\\/lavalldelord.com\\\/es\\\/litenatura-2026-sant-llorenc-de-morunys-la-vall-de-lord\\\/concursos-jocs-florals-i-concurs-dinstagram\\\/\",\"url\":\"https:\\\/\\\/lavalldelord.com\\\/es\\\/litenatura-2026-sant-llorenc-de-morunys-la-vall-de-lord\\\/concursos-jocs-florals-i-concurs-dinstagram\\\/\",\"name\":\"CONCURSOS - JOCS FLORALS I CONCURS D'INSTAGRAM - La Vall de Lord\",\"isPartOf\":{\"@id\":\"https:\\\/\\\/lavalldelord.com\\\/es\\\/#website\"},\"primaryImageOfPage\":{\"@id\":\"https:\\\/\\\/lavalldelord.com\\\/es\\\/litenatura-2026-sant-llorenc-de-morunys-la-vall-de-lord\\\/concursos-jocs-florals-i-concurs-dinstagram\\\/#primaryimage\"},\"image\":{\"@id\":\"https:\\\/\\\/lavalldelord.com\\\/litenatura-2026-sant-llorenc-de-morunys-la-vall-de-lord\\\/concursos-jocs-florals-i-concurs-dinstagram\\\/#primaryimage\"},\"thumbnailUrl\":\"https:\\\/\\\/lavalldelord.com\\\/wp-content\\\/uploads\\\/2026\\\/03\\\/cartells_portades_web_litenatura_2026-2.png\",\"datePublished\":\"2026-03-20T08:28:09+00:00\",\"dateModified\":\"2026-03-23T10:08:58+00:00\",\"breadcrumb\":{\"@id\":\"https:\\\/\\\/lavalldelord.com\\\/es\\\/litenatura-2026-sant-llorenc-de-morunys-la-vall-de-lord\\\/concursos-jocs-florals-i-concurs-dinstagram\\\/#breadcrumb\"},\"inLanguage\":\"es\",\"potentialAction\":[{\"@type\":\"ReadAction\",\"target\":[[\"https:\\\/\\\/lavalldelord.com\\\/es\\\/litenatura-2026-sant-llorenc-de-morunys-la-vall-de-lord\\\/concursos-jocs-florals-i-concurs-dinstagram\\\/\"]]}]},{\"@type\":\"ImageObject\",\"inLanguage\":\"es\",\"@id\":\"https:\\\/\\\/lavalldelord.com\\\/es\\\/litenatura-2026-sant-llorenc-de-morunys-la-vall-de-lord\\\/concursos-jocs-florals-i-concurs-dinstagram\\\/#primaryimage\",\"url\":\"https:\\\/\\\/lavalldelord.com\\\/wp-content\\\/uploads\\\/2026\\\/03\\\/cartells_portades_web_litenatura_2026-2.png\",\"contentUrl\":\"https:\\\/\\\/lavalldelord.com\\\/wp-content\\\/uploads\\\/2026\\\/03\\\/cartells_portades_web_litenatura_2026-2.png\",\"width\":1200,\"height\":630,\"caption\":\"Portada Concursos Litenatura 2026 - Sant Lloren\u00e7 de Morunys - la Vall de Lord\"},{\"@type\":\"BreadcrumbList\",\"@id\":\"https:\\\/\\\/lavalldelord.com\\\/es\\\/litenatura-2026-sant-llorenc-de-morunys-la-vall-de-lord\\\/concursos-jocs-florals-i-concurs-dinstagram\\\/#breadcrumb\",\"itemListElement\":[{\"@type\":\"ListItem\",\"position\":1,\"name\":\"Inici\",\"item\":\"https:\\\/\\\/lavalldelord.com\\\/es\\\/\"},{\"@type\":\"ListItem\",\"position\":2,\"name\":\"LITENATURA 2026 &#8211; 25 I 26 D&#8217;ABRIL\",\"item\":\"https:\\\/\\\/lavalldelord.com\\\/es\\\/litenatura-2026-sant-llorenc-de-morunys-la-vall-de-lord\\\/\"},{\"@type\":\"ListItem\",\"position\":3,\"name\":\"CONCURSOS &#8211; JOCS FLORALS I CONCURS D&#8217;INSTAGRAM\"}]},{\"@type\":\"WebSite\",\"@id\":\"https:\\\/\\\/lavalldelord.com\\\/es\\\/#website\",\"url\":\"https:\\\/\\\/lavalldelord.com\\\/es\\\/\",\"name\":\"Turisme Vall de Lord\",\"description\":\"Portal tur\u00edstic de la Vall de Lord, naturalment!\",\"publisher\":{\"@id\":\"https:\\\/\\\/lavalldelord.com\\\/es\\\/#organization\"},\"potentialAction\":[{\"@type\":\"SearchAction\",\"target\":{\"@type\":\"EntryPoint\",\"urlTemplate\":\"https:\\\/\\\/lavalldelord.com\\\/es\\\/?s={search_term_string}\"},\"query-input\":{\"@type\":\"PropertyValueSpecification\",\"valueRequired\":true,\"valueName\":\"search_term_string\"}}],\"inLanguage\":\"es\"},{\"@type\":\"Organization\",\"@id\":\"https:\\\/\\\/lavalldelord.com\\\/es\\\/#organization\",\"name\":\"La Vall de Lord\",\"url\":\"https:\\\/\\\/lavalldelord.com\\\/es\\\/\",\"logo\":{\"@type\":\"ImageObject\",\"inLanguage\":\"es\",\"@id\":\"https:\\\/\\\/lavalldelord.com\\\/es\\\/#\\\/schema\\\/logo\\\/image\\\/\",\"url\":\"https:\\\/\\\/lavalldelord.com\\\/wp-content\\\/uploads\\\/2024\\\/02\\\/DJI_0864_websize.jpg\",\"contentUrl\":\"https:\\\/\\\/lavalldelord.com\\\/wp-content\\\/uploads\\\/2024\\\/02\\\/DJI_0864_websize.jpg\",\"width\":1600,\"height\":899,\"caption\":\"La Vall de Lord\"},\"image\":{\"@id\":\"https:\\\/\\\/lavalldelord.com\\\/es\\\/#\\\/schema\\\/logo\\\/image\\\/\"},\"sameAs\":[\"https:\\\/\\\/www.facebook.com\\\/turismevalldelord\",\"https:\\\/\\\/x.com\\\/valldelord\",\"https:\\\/\\\/www.instagram.com\\\/turismevalldelord\"]}]}<\/script>\n<!-- \/ Yoast SEO plugin. -->","yoast_head_json":{"title":"CONCURSOS - JOCS FLORALS I CONCURS D'INSTAGRAM - La Vall de Lord","robots":{"index":"index","follow":"follow","max-snippet":"max-snippet:-1","max-image-preview":"max-image-preview:large","max-video-preview":"max-video-preview:-1"},"canonical":"https:\/\/lavalldelord.com\/es\/litenatura-2026-sant-llorenc-de-morunys-la-vall-de-lord\/concursos-jocs-florals-i-concurs-dinstagram\/","og_locale":"es_ES","og_type":"article","og_title":"CONCURSOS - JOCS FLORALS I CONCURS D'INSTAGRAM - La Vall de Lord","og_description":"Disculpa, pero esta entrada est\u00e1 disponible s\u00f3lo en Catal\u00e0.","og_url":"https:\/\/lavalldelord.com\/es\/litenatura-2026-sant-llorenc-de-morunys-la-vall-de-lord\/concursos-jocs-florals-i-concurs-dinstagram\/","og_site_name":"La Vall de Lord","article_publisher":"https:\/\/www.facebook.com\/turismevalldelord","article_modified_time":"2026-03-23T10:08:58+00:00","og_image":[{"width":1200,"height":630,"url":"https:\/\/lavalldelord.com\/wp-content\/uploads\/2026\/03\/cartells_portades_web_litenatura_2026-2.png","type":"image\/png"}],"twitter_card":"summary_large_image","twitter_site":"@valldelord","twitter_misc":{"Tiempo de lectura":"2 minutos"},"schema":{"@context":"https:\/\/schema.org","@graph":[{"@type":"WebPage","@id":"https:\/\/lavalldelord.com\/es\/litenatura-2026-sant-llorenc-de-morunys-la-vall-de-lord\/concursos-jocs-florals-i-concurs-dinstagram\/","url":"https:\/\/lavalldelord.com\/es\/litenatura-2026-sant-llorenc-de-morunys-la-vall-de-lord\/concursos-jocs-florals-i-concurs-dinstagram\/","name":"CONCURSOS - JOCS FLORALS I CONCURS D'INSTAGRAM - La Vall de Lord","isPartOf":{"@id":"https:\/\/lavalldelord.com\/es\/#website"},"primaryImageOfPage":{"@id":"https:\/\/lavalldelord.com\/es\/litenatura-2026-sant-llorenc-de-morunys-la-vall-de-lord\/concursos-jocs-florals-i-concurs-dinstagram\/#primaryimage"},"image":{"@id":"https:\/\/lavalldelord.com\/litenatura-2026-sant-llorenc-de-morunys-la-vall-de-lord\/concursos-jocs-florals-i-concurs-dinstagram\/#primaryimage"},"thumbnailUrl":"https:\/\/lavalldelord.com\/wp-content\/uploads\/2026\/03\/cartells_portades_web_litenatura_2026-2.png","datePublished":"2026-03-20T08:28:09+00:00","dateModified":"2026-03-23T10:08:58+00:00","breadcrumb":{"@id":"https:\/\/lavalldelord.com\/es\/litenatura-2026-sant-llorenc-de-morunys-la-vall-de-lord\/concursos-jocs-florals-i-concurs-dinstagram\/#breadcrumb"},"inLanguage":"es","potentialAction":[{"@type":"ReadAction","target":[["https:\/\/lavalldelord.com\/es\/litenatura-2026-sant-llorenc-de-morunys-la-vall-de-lord\/concursos-jocs-florals-i-concurs-dinstagram\/"]]}]},{"@type":"ImageObject","inLanguage":"es","@id":"https:\/\/lavalldelord.com\/es\/litenatura-2026-sant-llorenc-de-morunys-la-vall-de-lord\/concursos-jocs-florals-i-concurs-dinstagram\/#primaryimage","url":"https:\/\/lavalldelord.com\/wp-content\/uploads\/2026\/03\/cartells_portades_web_litenatura_2026-2.png","contentUrl":"https:\/\/lavalldelord.com\/wp-content\/uploads\/2026\/03\/cartells_portades_web_litenatura_2026-2.png","width":1200,"height":630,"caption":"Portada Concursos Litenatura 2026 - Sant Lloren\u00e7 de Morunys - la Vall de Lord"},{"@type":"BreadcrumbList","@id":"https:\/\/lavalldelord.com\/es\/litenatura-2026-sant-llorenc-de-morunys-la-vall-de-lord\/concursos-jocs-florals-i-concurs-dinstagram\/#breadcrumb","itemListElement":[{"@type":"ListItem","position":1,"name":"Inici","item":"https:\/\/lavalldelord.com\/es\/"},{"@type":"ListItem","position":2,"name":"LITENATURA 2026 &#8211; 25 I 26 D&#8217;ABRIL","item":"https:\/\/lavalldelord.com\/es\/litenatura-2026-sant-llorenc-de-morunys-la-vall-de-lord\/"},{"@type":"ListItem","position":3,"name":"CONCURSOS &#8211; JOCS FLORALS I CONCURS D&#8217;INSTAGRAM"}]},{"@type":"WebSite","@id":"https:\/\/lavalldelord.com\/es\/#website","url":"https:\/\/lavalldelord.com\/es\/","name":"Turisme Vall de Lord","description":"Portal tur\u00edstic de la Vall de Lord, naturalment!","publisher":{"@id":"https:\/\/lavalldelord.com\/es\/#organization"},"potentialAction":[{"@type":"SearchAction","target":{"@type":"EntryPoint","urlTemplate":"https:\/\/lavalldelord.com\/es\/?s={search_term_string}"},"query-input":{"@type":"PropertyValueSpecification","valueRequired":true,"valueName":"search_term_string"}}],"inLanguage":"es"},{"@type":"Organization","@id":"https:\/\/lavalldelord.com\/es\/#organization","name":"La Vall de Lord","url":"https:\/\/lavalldelord.com\/es\/","logo":{"@type":"ImageObject","inLanguage":"es","@id":"https:\/\/lavalldelord.com\/es\/#\/schema\/logo\/image\/","url":"https:\/\/lavalldelord.com\/wp-content\/uploads\/2024\/02\/DJI_0864_websize.jpg","contentUrl":"https:\/\/lavalldelord.com\/wp-content\/uploads\/2024\/02\/DJI_0864_websize.jpg","width":1600,"height":899,"caption":"La Vall de Lord"},"image":{"@id":"https:\/\/lavalldelord.com\/es\/#\/schema\/logo\/image\/"},"sameAs":["https:\/\/www.facebook.com\/turismevalldelord","https:\/\/x.com\/valldelord","https:\/\/www.instagram.com\/turismevalldelord"]}]}},"_links":{"self":[{"href":"https:\/\/lavalldelord.com\/es\/wp-json\/wp\/v2\/pages\/13612","targetHints":{"allow":["GET"]}}],"collection":[{"href":"https:\/\/lavalldelord.com\/es\/wp-json\/wp\/v2\/pages"}],"about":[{"href":"https:\/\/lavalldelord.com\/es\/wp-json\/wp\/v2\/types\/page"}],"author":[{"embeddable":true,"href":"https:\/\/lavalldelord.com\/es\/wp-json\/wp\/v2\/users\/3"}],"replies":[{"embeddable":true,"href":"https:\/\/lavalldelord.com\/es\/wp-json\/wp\/v2\/comments?post=13612"}],"version-history":[{"count":7,"href":"https:\/\/lavalldelord.com\/es\/wp-json\/wp\/v2\/pages\/13612\/revisions"}],"predecessor-version":[{"id":13649,"href":"https:\/\/lavalldelord.com\/es\/wp-json\/wp\/v2\/pages\/13612\/revisions\/13649"}],"up":[{"embeddable":true,"href":"https:\/\/lavalldelord.com\/es\/wp-json\/wp\/v2\/pages\/13626"}],"wp:featuredmedia":[{"embeddable":true,"href":"https:\/\/lavalldelord.com\/es\/wp-json\/wp\/v2\/media\/13631"}],"wp:attachment":[{"href":"https:\/\/lavalldelord.com\/es\/wp-json\/wp\/v2\/media?parent=13612"}],"curies":[{"name":"wp","href":"https:\/\/api.w.org\/{rel}","templated":true}]}}