{"id":3526,"date":"2017-03-15T15:03:05","date_gmt":"2017-03-15T15:03:05","guid":{"rendered":"http:\/\/lavalldelord.com.mialias.net\/?page_id=3526"},"modified":"2026-04-27T10:51:35","modified_gmt":"2026-04-27T09:51:35","slug":"historia","status":"publish","type":"page","link":"https:\/\/lavalldelord.com\/es\/la-vall-de-lord\/historia\/","title":{"rendered":"Historia"},"content":{"rendered":"<p><\/p>\n<h2 style=\"text-align: center;\">La Vall de Lord, tierra de historia.<\/h2>\n<p>Fechada ya en el siglo IX, han transcurrido diferentes episodios de gran relevancia que han dado lugar a la configuraci\u00f3n actual de sus diferentes elementos hist\u00f3ricos y culturales. Cada punto del territorio presenta una peque\u00f1a historia escondida y que todas juntas, configuran el pasado y el presente de este valle.<\/p>\n<p>&nbsp;<\/p>\n<p>El nombre de Vall de Lord se conoce ya desde el siglo IX \u00e9poca de Guifr\u00e9 el Pel\u00f3s; este, aparece en el valle en una de sus acciones m\u00e1s importantes: el repoblamiento y reorganizaci\u00f3n de la Catalunya Central.<\/p>\n<p>Antiguamente, la <em>Vall de Lord<\/em> estaba subdividida por dos regiones: la <em>Vall de Lord Sobirana<\/em>, la cual comprend\u00eda los municipios de <em>Sant Lloren\u00e7 de Morunys<\/em>, <em>La Coma i La Pedra<\/em> y <em>Guixers<\/em>, y la Va<em>ll de Lord Jussana<\/em>, que comprend\u00eda los municipios de <em>Nav\u00e8s<\/em> (<em>Serra de Busa<\/em>, <em>La Llosa<\/em> y <em>Aiguadora<\/em>).<\/p>\n<p>&nbsp;<\/p>\n<p>En esta misma \u00e9poca la <em>Vall de Lord<\/em> ten\u00eda dentro de su territorio tres castillos: el castillo de <em>La Pedra<\/em>, <em>Castelltort<\/em> y el castillo de <em>Sisquer<\/em>, castillos que serv\u00edan de vigilancia de estas tierras.<\/p>\n<p>Entre los siglos XI y XII es el momento que se construyen gran parte de la cuarentena de ermitas rom\u00e1nicas que hay repartidas por todo el valle, sobre todo en las poblaciones de <em>La Coma i la Pedra<\/em> y <em>Guixers<\/em>.<\/p>\n<p>&nbsp;<\/p>\n<p><img loading=\"lazy\" decoding=\"async\" class=\"wp-image-3901 alignleft\" src=\"http:\/\/lavalldelord.com\/wp-content\/uploads\/2017\/03\/IMG_20160713_201159-600x338.jpg\" alt=\"\" width=\"223\" height=\"126\" srcset=\"https:\/\/lavalldelord.com\/wp-content\/uploads\/2017\/03\/IMG_20160713_201159-600x338.jpg 600w, https:\/\/lavalldelord.com\/wp-content\/uploads\/2017\/03\/IMG_20160713_201159-400x225.jpg 400w, https:\/\/lavalldelord.com\/wp-content\/uploads\/2017\/03\/IMG_20160713_201159-768x432.jpg 768w, https:\/\/lavalldelord.com\/wp-content\/uploads\/2017\/03\/IMG_20160713_201159-1024x576.jpg 1024w\" sizes=\"auto, (max-width: 223px) 100vw, 223px\" \/><\/p>\n<p>A partir del siglo XIII y hasta el siglo XIX, y como epicentro <em>Sant Lloren\u00e7 de Morunys<\/em>, se fabrica y se comercializa el conocido <em>drap piteu<\/em> (pa\u00f1o <em>piteu<\/em>),\u00a0tejido de lana que se convirti\u00f3 en la principal fuente econ\u00f3mica de la poblaci\u00f3n \/ valle.<\/p>\n<p>&nbsp;<\/p>\n<p>Ya en el siglo XIX, la <em>Vall de Lord<\/em> alberga diferentes acontecimientos hist\u00f3ricos de gran eco:<\/p>\n<p>La <em>Serra de Busa<\/em> sirvi\u00f3 como campo de instrucci\u00f3n militar durante la Guerra del Franc\u00e9s (1808-14). As\u00ed lo acaba demostrando la prisi\u00f3n natural que hay en la zona conocida como <em>El Capolatell<\/em>, lugar donde dejaban a los presos franceses aislados. Sin embargo, <em>Busa<\/em> tambi\u00e9n fue el primer lugar, despu\u00e9s de C\u00e1diz, que proclam\u00f3 la Constituci\u00f3n de 1812.<\/p>\n<p>Sin embargo, y a pesar de la proximidad, la villa de <em>Sant Lloren\u00e7 de Moruny<\/em>s opt\u00f3 por no jurarla, lo que le caus\u00f3 una grave consecuencia: la quema en casi su totalidad en 1823.<\/p>\n<p><img loading=\"lazy\" decoding=\"async\" class=\"wp-image-3900 alignright\" src=\"http:\/\/lavalldelord.com\/wp-content\/uploads\/2017\/03\/fotografia_historia-600x308.jpg\" alt=\"\" width=\"469\" height=\"241\" srcset=\"https:\/\/lavalldelord.com\/wp-content\/uploads\/2017\/03\/fotografia_historia-600x308.jpg 600w, https:\/\/lavalldelord.com\/wp-content\/uploads\/2017\/03\/fotografia_historia-400x205.jpg 400w, https:\/\/lavalldelord.com\/wp-content\/uploads\/2017\/03\/fotografia_historia-768x394.jpg 768w, https:\/\/lavalldelord.com\/wp-content\/uploads\/2017\/03\/fotografia_historia.jpg 1000w\" sizes=\"auto, (max-width: 469px) 100vw, 469px\" \/><\/p>\n<p>&nbsp;<\/p>\n<p>&nbsp;<\/p>\n<p>&nbsp;<\/p>\n<p>&nbsp;<\/p>\n<p>&nbsp;<\/p>\n<p>&nbsp;<\/p>\n<p>&nbsp;<\/p>\n<p>S\u00f3lo unos a\u00f1os m\u00e1s tarde, en 1836, durante la 1\u00aa Guerra Carlista (1833-40), el <em>Santuari de Lord<\/em> se convrti\u00f3 en epicentro de un conflicto b\u00e9lico entre liberales y carlistas. Los carlistas establecidos arriba en el santuario fueron asediados \u200b\u200bpor los liberales. El conflicto tuvo su fin con la muerte de todos los carlistas y la destrucci\u00f3n total del Santuario.<\/p>\n<p>Finalmente, durante el siglo XX y como gran parte del territorio, la <em>Vall de Lord<\/em> recibi\u00f3 los estragos y consecuencias de la Guerra Civil (1936-39), con la quema de diferentes obras de arte religioso o la destrucci\u00f3n de puentes.<\/p>\n<p>&nbsp;<\/p>","protected":false},"excerpt":{"rendered":"<p>La Vall de Lord, tierra de historia. Fechada ya en el siglo IX, han transcurrido diferentes episodios de gran relevancia [&hellip;]<\/p>\n","protected":false},"author":3,"featured_media":3905,"parent":3496,"menu_order":93,"comment_status":"closed","ping_status":"closed","template":"","meta":{"_acf_changed":false,"_exactmetrics_skip_tracking":false,"_exactmetrics_sitenote_active":false,"_exactmetrics_sitenote_note":"","_exactmetrics_sitenote_category":0,"_joinchat":[],"footnotes":""},"class_list":["post-3526","page","type-page","status-publish","has-post-thumbnail","hentry"],"acf":[],"yoast_head":"<!-- This site is optimized with the Yoast SEO plugin v27.5 - https:\/\/yoast.com\/product\/yoast-seo-wordpress\/ -->\n<title>Historia - La Vall de Lord<\/title>\n<meta name=\"description\" content=\"Hist\u00f2ria de la Vall de Lord, territori de l&#039;Alt Solson\u00e8s documentat des del segle IX, escenari de diferents episodis de gran rellev\u00e0ncia\" \/>\n<meta name=\"robots\" content=\"index, follow, max-snippet:-1, max-image-preview:large, max-video-preview:-1\" \/>\n<link rel=\"canonical\" href=\"https:\/\/lavalldelord.com\/es\/la-vall-de-lord\/historia\/\" \/>\n<meta property=\"og:locale\" content=\"es_ES\" \/>\n<meta property=\"og:type\" content=\"article\" \/>\n<meta property=\"og:title\" content=\"Historia - La Vall de Lord\" \/>\n<meta property=\"og:description\" content=\"Hist\u00f2ria de la Vall de Lord, territori de l&#039;Alt Solson\u00e8s documentat des del segle IX, escenari de diferents episodis de gran rellev\u00e0ncia\" \/>\n<meta property=\"og:url\" content=\"https:\/\/lavalldelord.com\/es\/la-vall-de-lord\/historia\/\" \/>\n<meta property=\"og:site_name\" content=\"La Vall de Lord\" \/>\n<meta property=\"article:publisher\" content=\"https:\/\/www.facebook.com\/turismevalldelord\" \/>\n<meta property=\"article:modified_time\" content=\"2026-04-27T09:51:35+00:00\" \/>\n<meta property=\"og:image\" content=\"https:\/\/lavalldelord.com\/wp-content\/uploads\/2017\/03\/sant_serni-1.jpg\" \/>\n\t<meta property=\"og:image:width\" content=\"1000\" \/>\n\t<meta property=\"og:image:height\" content=\"748\" \/>\n\t<meta property=\"og:image:type\" content=\"image\/jpeg\" \/>\n<meta name=\"twitter:card\" content=\"summary_large_image\" \/>\n<meta name=\"twitter:site\" content=\"@valldelord\" \/>\n<meta name=\"twitter:label1\" content=\"Tiempo de lectura\" \/>\n\t<meta name=\"twitter:data1\" content=\"4 minutos\" \/>\n<script type=\"application\/ld+json\" class=\"yoast-schema-graph\">{\"@context\":\"https:\\\/\\\/schema.org\",\"@graph\":[{\"@type\":\"WebPage\",\"@id\":\"https:\\\/\\\/lavalldelord.com\\\/es\\\/la-vall-de-lord\\\/historia\\\/\",\"url\":\"https:\\\/\\\/lavalldelord.com\\\/es\\\/la-vall-de-lord\\\/historia\\\/\",\"name\":\"Historia - La Vall de Lord\",\"isPartOf\":{\"@id\":\"https:\\\/\\\/lavalldelord.com\\\/es\\\/#website\"},\"primaryImageOfPage\":{\"@id\":\"https:\\\/\\\/lavalldelord.com\\\/es\\\/la-vall-de-lord\\\/historia\\\/#primaryimage\"},\"image\":{\"@id\":\"https:\\\/\\\/lavalldelord.com\\\/la-vall-de-lord\\\/historia\\\/#primaryimage\"},\"thumbnailUrl\":\"https:\\\/\\\/lavalldelord.com\\\/wp-content\\\/uploads\\\/2017\\\/03\\\/sant_serni-1.jpg\",\"datePublished\":\"2017-03-15T15:03:05+00:00\",\"dateModified\":\"2026-04-27T09:51:35+00:00\",\"description\":\"Hist\u00f2ria de la Vall de Lord, territori de l'Alt Solson\u00e8s documentat des del segle IX, escenari de diferents episodis de gran rellev\u00e0ncia\",\"breadcrumb\":{\"@id\":\"https:\\\/\\\/lavalldelord.com\\\/es\\\/la-vall-de-lord\\\/historia\\\/#breadcrumb\"},\"inLanguage\":\"es\",\"potentialAction\":[{\"@type\":\"ReadAction\",\"target\":[[\"https:\\\/\\\/lavalldelord.com\\\/es\\\/la-vall-de-lord\\\/historia\\\/\"]]}]},{\"@type\":\"ImageObject\",\"inLanguage\":\"es\",\"@id\":\"https:\\\/\\\/lavalldelord.com\\\/es\\\/la-vall-de-lord\\\/historia\\\/#primaryimage\",\"url\":\"https:\\\/\\\/lavalldelord.com\\\/wp-content\\\/uploads\\\/2017\\\/03\\\/sant_serni-1.jpg\",\"contentUrl\":\"https:\\\/\\\/lavalldelord.com\\\/wp-content\\\/uploads\\\/2017\\\/03\\\/sant_serni-1.jpg\",\"width\":1000,\"height\":748},{\"@type\":\"BreadcrumbList\",\"@id\":\"https:\\\/\\\/lavalldelord.com\\\/es\\\/la-vall-de-lord\\\/historia\\\/#breadcrumb\",\"itemListElement\":[{\"@type\":\"ListItem\",\"position\":1,\"name\":\"Inici\",\"item\":\"https:\\\/\\\/lavalldelord.com\\\/es\\\/\"},{\"@type\":\"ListItem\",\"position\":2,\"name\":\"La Vall de Lord\",\"item\":\"https:\\\/\\\/lavalldelord.com\\\/es\\\/la-vall-de-lord\\\/\"},{\"@type\":\"ListItem\",\"position\":3,\"name\":\"Hist\u00f2ria\"}]},{\"@type\":\"WebSite\",\"@id\":\"https:\\\/\\\/lavalldelord.com\\\/es\\\/#website\",\"url\":\"https:\\\/\\\/lavalldelord.com\\\/es\\\/\",\"name\":\"Turisme Vall de Lord\",\"description\":\"Portal tur\u00edstic de la Vall de Lord, naturalment!\",\"publisher\":{\"@id\":\"https:\\\/\\\/lavalldelord.com\\\/es\\\/#organization\"},\"potentialAction\":[{\"@type\":\"SearchAction\",\"target\":{\"@type\":\"EntryPoint\",\"urlTemplate\":\"https:\\\/\\\/lavalldelord.com\\\/es\\\/?s={search_term_string}\"},\"query-input\":{\"@type\":\"PropertyValueSpecification\",\"valueRequired\":true,\"valueName\":\"search_term_string\"}}],\"inLanguage\":\"es\"},{\"@type\":\"Organization\",\"@id\":\"https:\\\/\\\/lavalldelord.com\\\/es\\\/#organization\",\"name\":\"La Vall de Lord\",\"url\":\"https:\\\/\\\/lavalldelord.com\\\/es\\\/\",\"logo\":{\"@type\":\"ImageObject\",\"inLanguage\":\"es\",\"@id\":\"https:\\\/\\\/lavalldelord.com\\\/es\\\/#\\\/schema\\\/logo\\\/image\\\/\",\"url\":\"https:\\\/\\\/lavalldelord.com\\\/wp-content\\\/uploads\\\/2024\\\/02\\\/DJI_0864_websize.jpg\",\"contentUrl\":\"https:\\\/\\\/lavalldelord.com\\\/wp-content\\\/uploads\\\/2024\\\/02\\\/DJI_0864_websize.jpg\",\"width\":1600,\"height\":899,\"caption\":\"La Vall de Lord\"},\"image\":{\"@id\":\"https:\\\/\\\/lavalldelord.com\\\/es\\\/#\\\/schema\\\/logo\\\/image\\\/\"},\"sameAs\":[\"https:\\\/\\\/www.facebook.com\\\/turismevalldelord\",\"https:\\\/\\\/x.com\\\/valldelord\",\"https:\\\/\\\/www.instagram.com\\\/turismevalldelord\"]}]}<\/script>\n<!-- \/ Yoast SEO plugin. -->","yoast_head_json":{"title":"Historia - La Vall de Lord","description":"Hist\u00f2ria de la Vall de Lord, territori de l'Alt Solson\u00e8s documentat des del segle IX, escenari de diferents episodis de gran rellev\u00e0ncia","robots":{"index":"index","follow":"follow","max-snippet":"max-snippet:-1","max-image-preview":"max-image-preview:large","max-video-preview":"max-video-preview:-1"},"canonical":"https:\/\/lavalldelord.com\/es\/la-vall-de-lord\/historia\/","og_locale":"es_ES","og_type":"article","og_title":"Historia - La Vall de Lord","og_description":"Hist\u00f2ria de la Vall de Lord, territori de l'Alt Solson\u00e8s documentat des del segle IX, escenari de diferents episodis de gran rellev\u00e0ncia","og_url":"https:\/\/lavalldelord.com\/es\/la-vall-de-lord\/historia\/","og_site_name":"La Vall de Lord","article_publisher":"https:\/\/www.facebook.com\/turismevalldelord","article_modified_time":"2026-04-27T09:51:35+00:00","og_image":[{"width":1000,"height":748,"url":"https:\/\/lavalldelord.com\/wp-content\/uploads\/2017\/03\/sant_serni-1.jpg","type":"image\/jpeg"}],"twitter_card":"summary_large_image","twitter_site":"@valldelord","twitter_misc":{"Tiempo de lectura":"4 minutos"},"schema":{"@context":"https:\/\/schema.org","@graph":[{"@type":"WebPage","@id":"https:\/\/lavalldelord.com\/es\/la-vall-de-lord\/historia\/","url":"https:\/\/lavalldelord.com\/es\/la-vall-de-lord\/historia\/","name":"Historia - La Vall de Lord","isPartOf":{"@id":"https:\/\/lavalldelord.com\/es\/#website"},"primaryImageOfPage":{"@id":"https:\/\/lavalldelord.com\/es\/la-vall-de-lord\/historia\/#primaryimage"},"image":{"@id":"https:\/\/lavalldelord.com\/la-vall-de-lord\/historia\/#primaryimage"},"thumbnailUrl":"https:\/\/lavalldelord.com\/wp-content\/uploads\/2017\/03\/sant_serni-1.jpg","datePublished":"2017-03-15T15:03:05+00:00","dateModified":"2026-04-27T09:51:35+00:00","description":"Hist\u00f2ria de la Vall de Lord, territori de l'Alt Solson\u00e8s documentat des del segle IX, escenari de diferents episodis de gran rellev\u00e0ncia","breadcrumb":{"@id":"https:\/\/lavalldelord.com\/es\/la-vall-de-lord\/historia\/#breadcrumb"},"inLanguage":"es","potentialAction":[{"@type":"ReadAction","target":[["https:\/\/lavalldelord.com\/es\/la-vall-de-lord\/historia\/"]]}]},{"@type":"ImageObject","inLanguage":"es","@id":"https:\/\/lavalldelord.com\/es\/la-vall-de-lord\/historia\/#primaryimage","url":"https:\/\/lavalldelord.com\/wp-content\/uploads\/2017\/03\/sant_serni-1.jpg","contentUrl":"https:\/\/lavalldelord.com\/wp-content\/uploads\/2017\/03\/sant_serni-1.jpg","width":1000,"height":748},{"@type":"BreadcrumbList","@id":"https:\/\/lavalldelord.com\/es\/la-vall-de-lord\/historia\/#breadcrumb","itemListElement":[{"@type":"ListItem","position":1,"name":"Inici","item":"https:\/\/lavalldelord.com\/es\/"},{"@type":"ListItem","position":2,"name":"La Vall de Lord","item":"https:\/\/lavalldelord.com\/es\/la-vall-de-lord\/"},{"@type":"ListItem","position":3,"name":"Hist\u00f2ria"}]},{"@type":"WebSite","@id":"https:\/\/lavalldelord.com\/es\/#website","url":"https:\/\/lavalldelord.com\/es\/","name":"Turisme Vall de Lord","description":"Portal tur\u00edstic de la Vall de Lord, naturalment!","publisher":{"@id":"https:\/\/lavalldelord.com\/es\/#organization"},"potentialAction":[{"@type":"SearchAction","target":{"@type":"EntryPoint","urlTemplate":"https:\/\/lavalldelord.com\/es\/?s={search_term_string}"},"query-input":{"@type":"PropertyValueSpecification","valueRequired":true,"valueName":"search_term_string"}}],"inLanguage":"es"},{"@type":"Organization","@id":"https:\/\/lavalldelord.com\/es\/#organization","name":"La Vall de Lord","url":"https:\/\/lavalldelord.com\/es\/","logo":{"@type":"ImageObject","inLanguage":"es","@id":"https:\/\/lavalldelord.com\/es\/#\/schema\/logo\/image\/","url":"https:\/\/lavalldelord.com\/wp-content\/uploads\/2024\/02\/DJI_0864_websize.jpg","contentUrl":"https:\/\/lavalldelord.com\/wp-content\/uploads\/2024\/02\/DJI_0864_websize.jpg","width":1600,"height":899,"caption":"La Vall de Lord"},"image":{"@id":"https:\/\/lavalldelord.com\/es\/#\/schema\/logo\/image\/"},"sameAs":["https:\/\/www.facebook.com\/turismevalldelord","https:\/\/x.com\/valldelord","https:\/\/www.instagram.com\/turismevalldelord"]}]}},"_links":{"self":[{"href":"https:\/\/lavalldelord.com\/es\/wp-json\/wp\/v2\/pages\/3526","targetHints":{"allow":["GET"]}}],"collection":[{"href":"https:\/\/lavalldelord.com\/es\/wp-json\/wp\/v2\/pages"}],"about":[{"href":"https:\/\/lavalldelord.com\/es\/wp-json\/wp\/v2\/types\/page"}],"author":[{"embeddable":true,"href":"https:\/\/lavalldelord.com\/es\/wp-json\/wp\/v2\/users\/3"}],"replies":[{"embeddable":true,"href":"https:\/\/lavalldelord.com\/es\/wp-json\/wp\/v2\/comments?post=3526"}],"version-history":[{"count":61,"href":"https:\/\/lavalldelord.com\/es\/wp-json\/wp\/v2\/pages\/3526\/revisions"}],"predecessor-version":[{"id":13853,"href":"https:\/\/lavalldelord.com\/es\/wp-json\/wp\/v2\/pages\/3526\/revisions\/13853"}],"up":[{"embeddable":true,"href":"https:\/\/lavalldelord.com\/es\/wp-json\/wp\/v2\/pages\/3496"}],"wp:featuredmedia":[{"embeddable":true,"href":"https:\/\/lavalldelord.com\/es\/wp-json\/wp\/v2\/media\/3905"}],"wp:attachment":[{"href":"https:\/\/lavalldelord.com\/es\/wp-json\/wp\/v2\/media?parent=3526"}],"curies":[{"name":"wp","href":"https:\/\/api.w.org\/{rel}","templated":true}]}}