{"id":3528,"date":"2017-03-15T15:03:18","date_gmt":"2017-03-15T15:03:18","guid":{"rendered":"http:\/\/lavalldelord.com.mialias.net\/?page_id=3528"},"modified":"2025-12-21T10:31:27","modified_gmt":"2025-12-21T09:31:27","slug":"entorn","status":"publish","type":"page","link":"https:\/\/lavalldelord.com\/es\/la-vall-de-lord\/entorn\/","title":{"rendered":"Entorno"},"content":{"rendered":"<p><\/p>\n<h2 style=\"text-align: center;\">La Vall de Lord es naturaleza.<\/h2>\n<p style=\"text-align: center;\">La Vall de Lord, es una peque\u00f1a valle situada en el Solson\u00e8s y que presenta una combinaci\u00f3n perfecta de todos los elementos naturales caracter\u00edsticos de los Pirineos: <strong>monta\u00f1as<\/strong>,<strong> r\u00edos<\/strong>,<strong> vegetaci\u00f3n <\/strong>y<strong> animales<\/strong>.<\/p>\n<p>&nbsp;<\/p>\n<p>El valle est\u00e1 delimitado al oeste \u2013 noroeste por la <em>Serra de Port del Comte<\/em>, la <a href=\"http:\/\/lavalldelord.com\/es\/punt\/la-serra-del-verd\/\" target=\"_blank\" rel=\"noopener noreferrer\"><em>Serra del Verd<\/em><\/a> en el noreste, por los <em>Rasos de Peguera<\/em> en el este y las sierras de <em>Busa<\/em> y <em>els Bastets<\/em> en el sur. En algunas de estas sierras, las rocas tienen formas curiosas y extra\u00f1as como es el caso de les Serres de <em>Busa<\/em>\u00a0y <em>els Bastets<\/em> o la <a href=\"http:\/\/lavalldelord.com\/es\/punt\/mola-de-lord\/\" target=\"_blank\" rel=\"noopener noreferrer\"><em>Mola de Lord<\/em><\/a>. Su formaci\u00f3n es y ha sido objeto de estudios geol\u00f3gicos en todo el mundo.<\/p>\n<p><img loading=\"lazy\" decoding=\"async\" class=\"wp-image-3914 aligncenter\" src=\"http:\/\/lavalldelord.com\/wp-content\/uploads\/2017\/03\/panoramica_busa_petita-600x160.jpg\" alt=\"\" width=\"720\" height=\"192\" srcset=\"https:\/\/lavalldelord.com\/wp-content\/uploads\/2017\/03\/panoramica_busa_petita-600x160.jpg 600w, https:\/\/lavalldelord.com\/wp-content\/uploads\/2017\/03\/panoramica_busa_petita-400x107.jpg 400w, https:\/\/lavalldelord.com\/wp-content\/uploads\/2017\/03\/panoramica_busa_petita-768x205.jpg 768w, https:\/\/lavalldelord.com\/wp-content\/uploads\/2017\/03\/panoramica_busa_petita-1024x274.jpg 1024w, https:\/\/lavalldelord.com\/wp-content\/uploads\/2017\/03\/panoramica_busa_petita.jpg 1400w\" sizes=\"auto, (max-width: 720px) 100vw, 720px\" \/><\/p>\n<p>&nbsp;<\/p>\n<p>Entre las sierras que rodean la <em>Vall de Lord<\/em>, hay una gran cantidad de arroyos y senderos, que son los que van alimentando en periodos de lluvia los r\u00edos de la regi\u00f3n: el r\u00edo Cardener, con su nacimiento que puede verse en el municipio de <em>La Coma i La Pedra<\/em>, y el r\u00edo Aigua de Valls, que transcurre por el municipio de <em>Guixers<\/em>.<\/p>\n<p><img loading=\"lazy\" decoding=\"async\" class=\" wp-image-3909 alignright\" src=\"http:\/\/lavalldelord.com\/wp-content\/uploads\/2017\/03\/arre_natura-600x400.jpg\" alt=\"\" width=\"383\" height=\"255\" srcset=\"https:\/\/lavalldelord.com\/wp-content\/uploads\/2017\/03\/arre_natura-600x400.jpg 600w, https:\/\/lavalldelord.com\/wp-content\/uploads\/2017\/03\/arre_natura-400x267.jpg 400w, https:\/\/lavalldelord.com\/wp-content\/uploads\/2017\/03\/arre_natura-768x512.jpg 768w, https:\/\/lavalldelord.com\/wp-content\/uploads\/2017\/03\/arre_natura.jpg 1000w\" sizes=\"auto, (max-width: 383px) 100vw, 383px\" \/>Las diferentes sierras y sus r\u00edos est\u00e1n llenos de vegetaci\u00f3n, la cual es muy diversa debido a la fuerte variabilidad presentada por el terreno. En este entorno predominan los paisajes prepirinaicos con prados subalpinos y bosques de pino negro en las partes m\u00e1s altas y bosques de roble y pino rojo en las zonas m\u00e1s bajas. Esta variabilidad hace que el paisaje en primavera y en verano se pinte con diferentes tonos de verde y durante el oto\u00f1o adopte diferentes contrastos de rojos, naranjas y amarillo.<\/p>\n<p>Los diferentes bosques y monta\u00f1as albergan una gran cuantidad de fauna incluyendo las poblaciones de urogallo, rebeco, corzo, aves rapaces y una gran cantidad de insectos y anfibios.<\/p>\n<p>&nbsp;<\/p>","protected":false},"excerpt":{"rendered":"<p>La Vall de Lord es naturaleza. La Vall de Lord, es una peque\u00f1a valle situada en el Solson\u00e8s y que [&hellip;]<\/p>\n","protected":false},"author":3,"featured_media":3908,"parent":3496,"menu_order":91,"comment_status":"closed","ping_status":"closed","template":"","meta":{"_acf_changed":false,"_exactmetrics_skip_tracking":false,"_exactmetrics_sitenote_active":false,"_exactmetrics_sitenote_note":"","_exactmetrics_sitenote_category":0,"_joinchat":[],"footnotes":""},"class_list":["post-3528","page","type-page","status-publish","has-post-thumbnail","hentry"],"acf":[],"yoast_head":"<!-- This site is optimized with the Yoast SEO plugin v27.5 - https:\/\/yoast.com\/product\/yoast-seo-wordpress\/ -->\n<title>Entorn - La Vall de Lord \u00e9s natura<\/title>\n<meta name=\"description\" content=\"La Vall de Lord \u00e9s natura, una combinaci\u00f3 dels elements naturals caracter\u00edstics del Prepirineu: muntanyes, rius, vegetaci\u00f3 i animals\" \/>\n<meta name=\"robots\" content=\"index, follow, max-snippet:-1, max-image-preview:large, max-video-preview:-1\" \/>\n<link rel=\"canonical\" href=\"https:\/\/lavalldelord.com\/es\/la-vall-de-lord\/entorn\/\" \/>\n<meta property=\"og:locale\" content=\"es_ES\" \/>\n<meta property=\"og:type\" content=\"article\" \/>\n<meta property=\"og:title\" content=\"Entorn - La Vall de Lord \u00e9s natura\" \/>\n<meta property=\"og:description\" content=\"La Vall de Lord \u00e9s natura, una combinaci\u00f3 dels elements naturals caracter\u00edstics del Prepirineu: muntanyes, rius, vegetaci\u00f3 i animals\" \/>\n<meta property=\"og:url\" content=\"https:\/\/lavalldelord.com\/es\/la-vall-de-lord\/entorn\/\" \/>\n<meta property=\"og:site_name\" content=\"La Vall de Lord\" \/>\n<meta property=\"article:publisher\" content=\"https:\/\/www.facebook.com\/turismevalldelord\" \/>\n<meta property=\"article:modified_time\" content=\"2025-12-21T09:31:27+00:00\" \/>\n<meta property=\"og:image\" content=\"https:\/\/lavalldelord.com\/wp-content\/uploads\/2017\/03\/arbres_bosc.jpg\" \/>\n\t<meta property=\"og:image:width\" content=\"800\" \/>\n\t<meta property=\"og:image:height\" content=\"533\" \/>\n\t<meta property=\"og:image:type\" content=\"image\/jpeg\" \/>\n<meta name=\"twitter:card\" content=\"summary_large_image\" \/>\n<meta name=\"twitter:site\" content=\"@valldelord\" \/>\n<meta name=\"twitter:label1\" content=\"Tiempo de lectura\" \/>\n\t<meta name=\"twitter:data1\" content=\"3 minutos\" \/>\n<script type=\"application\/ld+json\" class=\"yoast-schema-graph\">{\"@context\":\"https:\\\/\\\/schema.org\",\"@graph\":[{\"@type\":\"WebPage\",\"@id\":\"https:\\\/\\\/lavalldelord.com\\\/es\\\/la-vall-de-lord\\\/entorn\\\/\",\"url\":\"https:\\\/\\\/lavalldelord.com\\\/es\\\/la-vall-de-lord\\\/entorn\\\/\",\"name\":\"Entorn - La Vall de Lord \u00e9s natura\",\"isPartOf\":{\"@id\":\"https:\\\/\\\/lavalldelord.com\\\/es\\\/#website\"},\"primaryImageOfPage\":{\"@id\":\"https:\\\/\\\/lavalldelord.com\\\/es\\\/la-vall-de-lord\\\/entorn\\\/#primaryimage\"},\"image\":{\"@id\":\"https:\\\/\\\/lavalldelord.com\\\/la-vall-de-lord\\\/entorn\\\/#primaryimage\"},\"thumbnailUrl\":\"https:\\\/\\\/lavalldelord.com\\\/wp-content\\\/uploads\\\/2017\\\/03\\\/arbres_bosc.jpg\",\"datePublished\":\"2017-03-15T15:03:18+00:00\",\"dateModified\":\"2025-12-21T09:31:27+00:00\",\"description\":\"La Vall de Lord \u00e9s natura, una combinaci\u00f3 dels elements naturals caracter\u00edstics del Prepirineu: muntanyes, rius, vegetaci\u00f3 i animals\",\"breadcrumb\":{\"@id\":\"https:\\\/\\\/lavalldelord.com\\\/es\\\/la-vall-de-lord\\\/entorn\\\/#breadcrumb\"},\"inLanguage\":\"es\",\"potentialAction\":[{\"@type\":\"ReadAction\",\"target\":[[\"https:\\\/\\\/lavalldelord.com\\\/es\\\/la-vall-de-lord\\\/entorn\\\/\"]]}]},{\"@type\":\"ImageObject\",\"inLanguage\":\"es\",\"@id\":\"https:\\\/\\\/lavalldelord.com\\\/es\\\/la-vall-de-lord\\\/entorn\\\/#primaryimage\",\"url\":\"https:\\\/\\\/lavalldelord.com\\\/wp-content\\\/uploads\\\/2017\\\/03\\\/arbres_bosc.jpg\",\"contentUrl\":\"https:\\\/\\\/lavalldelord.com\\\/wp-content\\\/uploads\\\/2017\\\/03\\\/arbres_bosc.jpg\",\"width\":800,\"height\":533},{\"@type\":\"BreadcrumbList\",\"@id\":\"https:\\\/\\\/lavalldelord.com\\\/es\\\/la-vall-de-lord\\\/entorn\\\/#breadcrumb\",\"itemListElement\":[{\"@type\":\"ListItem\",\"position\":1,\"name\":\"Inici\",\"item\":\"https:\\\/\\\/lavalldelord.com\\\/es\\\/\"},{\"@type\":\"ListItem\",\"position\":2,\"name\":\"La Vall de Lord\",\"item\":\"https:\\\/\\\/lavalldelord.com\\\/es\\\/la-vall-de-lord\\\/\"},{\"@type\":\"ListItem\",\"position\":3,\"name\":\"Entorn\"}]},{\"@type\":\"WebSite\",\"@id\":\"https:\\\/\\\/lavalldelord.com\\\/es\\\/#website\",\"url\":\"https:\\\/\\\/lavalldelord.com\\\/es\\\/\",\"name\":\"Turisme Vall de Lord\",\"description\":\"Portal tur\u00edstic de la Vall de Lord, naturalment!\",\"publisher\":{\"@id\":\"https:\\\/\\\/lavalldelord.com\\\/es\\\/#organization\"},\"potentialAction\":[{\"@type\":\"SearchAction\",\"target\":{\"@type\":\"EntryPoint\",\"urlTemplate\":\"https:\\\/\\\/lavalldelord.com\\\/es\\\/?s={search_term_string}\"},\"query-input\":{\"@type\":\"PropertyValueSpecification\",\"valueRequired\":true,\"valueName\":\"search_term_string\"}}],\"inLanguage\":\"es\"},{\"@type\":\"Organization\",\"@id\":\"https:\\\/\\\/lavalldelord.com\\\/es\\\/#organization\",\"name\":\"La Vall de Lord\",\"url\":\"https:\\\/\\\/lavalldelord.com\\\/es\\\/\",\"logo\":{\"@type\":\"ImageObject\",\"inLanguage\":\"es\",\"@id\":\"https:\\\/\\\/lavalldelord.com\\\/es\\\/#\\\/schema\\\/logo\\\/image\\\/\",\"url\":\"https:\\\/\\\/lavalldelord.com\\\/wp-content\\\/uploads\\\/2024\\\/02\\\/DJI_0864_websize.jpg\",\"contentUrl\":\"https:\\\/\\\/lavalldelord.com\\\/wp-content\\\/uploads\\\/2024\\\/02\\\/DJI_0864_websize.jpg\",\"width\":1600,\"height\":899,\"caption\":\"La Vall de Lord\"},\"image\":{\"@id\":\"https:\\\/\\\/lavalldelord.com\\\/es\\\/#\\\/schema\\\/logo\\\/image\\\/\"},\"sameAs\":[\"https:\\\/\\\/www.facebook.com\\\/turismevalldelord\",\"https:\\\/\\\/x.com\\\/valldelord\",\"https:\\\/\\\/www.instagram.com\\\/turismevalldelord\"]}]}<\/script>\n<!-- \/ Yoast SEO plugin. -->","yoast_head_json":{"title":"Entorn - La Vall de Lord \u00e9s natura","description":"La Vall de Lord \u00e9s natura, una combinaci\u00f3 dels elements naturals caracter\u00edstics del Prepirineu: muntanyes, rius, vegetaci\u00f3 i animals","robots":{"index":"index","follow":"follow","max-snippet":"max-snippet:-1","max-image-preview":"max-image-preview:large","max-video-preview":"max-video-preview:-1"},"canonical":"https:\/\/lavalldelord.com\/es\/la-vall-de-lord\/entorn\/","og_locale":"es_ES","og_type":"article","og_title":"Entorn - La Vall de Lord \u00e9s natura","og_description":"La Vall de Lord \u00e9s natura, una combinaci\u00f3 dels elements naturals caracter\u00edstics del Prepirineu: muntanyes, rius, vegetaci\u00f3 i animals","og_url":"https:\/\/lavalldelord.com\/es\/la-vall-de-lord\/entorn\/","og_site_name":"La Vall de Lord","article_publisher":"https:\/\/www.facebook.com\/turismevalldelord","article_modified_time":"2025-12-21T09:31:27+00:00","og_image":[{"width":800,"height":533,"url":"https:\/\/lavalldelord.com\/wp-content\/uploads\/2017\/03\/arbres_bosc.jpg","type":"image\/jpeg"}],"twitter_card":"summary_large_image","twitter_site":"@valldelord","twitter_misc":{"Tiempo de lectura":"3 minutos"},"schema":{"@context":"https:\/\/schema.org","@graph":[{"@type":"WebPage","@id":"https:\/\/lavalldelord.com\/es\/la-vall-de-lord\/entorn\/","url":"https:\/\/lavalldelord.com\/es\/la-vall-de-lord\/entorn\/","name":"Entorn - La Vall de Lord \u00e9s natura","isPartOf":{"@id":"https:\/\/lavalldelord.com\/es\/#website"},"primaryImageOfPage":{"@id":"https:\/\/lavalldelord.com\/es\/la-vall-de-lord\/entorn\/#primaryimage"},"image":{"@id":"https:\/\/lavalldelord.com\/la-vall-de-lord\/entorn\/#primaryimage"},"thumbnailUrl":"https:\/\/lavalldelord.com\/wp-content\/uploads\/2017\/03\/arbres_bosc.jpg","datePublished":"2017-03-15T15:03:18+00:00","dateModified":"2025-12-21T09:31:27+00:00","description":"La Vall de Lord \u00e9s natura, una combinaci\u00f3 dels elements naturals caracter\u00edstics del Prepirineu: muntanyes, rius, vegetaci\u00f3 i animals","breadcrumb":{"@id":"https:\/\/lavalldelord.com\/es\/la-vall-de-lord\/entorn\/#breadcrumb"},"inLanguage":"es","potentialAction":[{"@type":"ReadAction","target":[["https:\/\/lavalldelord.com\/es\/la-vall-de-lord\/entorn\/"]]}]},{"@type":"ImageObject","inLanguage":"es","@id":"https:\/\/lavalldelord.com\/es\/la-vall-de-lord\/entorn\/#primaryimage","url":"https:\/\/lavalldelord.com\/wp-content\/uploads\/2017\/03\/arbres_bosc.jpg","contentUrl":"https:\/\/lavalldelord.com\/wp-content\/uploads\/2017\/03\/arbres_bosc.jpg","width":800,"height":533},{"@type":"BreadcrumbList","@id":"https:\/\/lavalldelord.com\/es\/la-vall-de-lord\/entorn\/#breadcrumb","itemListElement":[{"@type":"ListItem","position":1,"name":"Inici","item":"https:\/\/lavalldelord.com\/es\/"},{"@type":"ListItem","position":2,"name":"La Vall de Lord","item":"https:\/\/lavalldelord.com\/es\/la-vall-de-lord\/"},{"@type":"ListItem","position":3,"name":"Entorn"}]},{"@type":"WebSite","@id":"https:\/\/lavalldelord.com\/es\/#website","url":"https:\/\/lavalldelord.com\/es\/","name":"Turisme Vall de Lord","description":"Portal tur\u00edstic de la Vall de Lord, naturalment!","publisher":{"@id":"https:\/\/lavalldelord.com\/es\/#organization"},"potentialAction":[{"@type":"SearchAction","target":{"@type":"EntryPoint","urlTemplate":"https:\/\/lavalldelord.com\/es\/?s={search_term_string}"},"query-input":{"@type":"PropertyValueSpecification","valueRequired":true,"valueName":"search_term_string"}}],"inLanguage":"es"},{"@type":"Organization","@id":"https:\/\/lavalldelord.com\/es\/#organization","name":"La Vall de Lord","url":"https:\/\/lavalldelord.com\/es\/","logo":{"@type":"ImageObject","inLanguage":"es","@id":"https:\/\/lavalldelord.com\/es\/#\/schema\/logo\/image\/","url":"https:\/\/lavalldelord.com\/wp-content\/uploads\/2024\/02\/DJI_0864_websize.jpg","contentUrl":"https:\/\/lavalldelord.com\/wp-content\/uploads\/2024\/02\/DJI_0864_websize.jpg","width":1600,"height":899,"caption":"La Vall de Lord"},"image":{"@id":"https:\/\/lavalldelord.com\/es\/#\/schema\/logo\/image\/"},"sameAs":["https:\/\/www.facebook.com\/turismevalldelord","https:\/\/x.com\/valldelord","https:\/\/www.instagram.com\/turismevalldelord"]}]}},"_links":{"self":[{"href":"https:\/\/lavalldelord.com\/es\/wp-json\/wp\/v2\/pages\/3528","targetHints":{"allow":["GET"]}}],"collection":[{"href":"https:\/\/lavalldelord.com\/es\/wp-json\/wp\/v2\/pages"}],"about":[{"href":"https:\/\/lavalldelord.com\/es\/wp-json\/wp\/v2\/types\/page"}],"author":[{"embeddable":true,"href":"https:\/\/lavalldelord.com\/es\/wp-json\/wp\/v2\/users\/3"}],"replies":[{"embeddable":true,"href":"https:\/\/lavalldelord.com\/es\/wp-json\/wp\/v2\/comments?post=3528"}],"version-history":[{"count":33,"href":"https:\/\/lavalldelord.com\/es\/wp-json\/wp\/v2\/pages\/3528\/revisions"}],"predecessor-version":[{"id":3916,"href":"https:\/\/lavalldelord.com\/es\/wp-json\/wp\/v2\/pages\/3528\/revisions\/3916"}],"up":[{"embeddable":true,"href":"https:\/\/lavalldelord.com\/es\/wp-json\/wp\/v2\/pages\/3496"}],"wp:featuredmedia":[{"embeddable":true,"href":"https:\/\/lavalldelord.com\/es\/wp-json\/wp\/v2\/media\/3908"}],"wp:attachment":[{"href":"https:\/\/lavalldelord.com\/es\/wp-json\/wp\/v2\/media?parent=3528"}],"curies":[{"name":"wp","href":"https:\/\/api.w.org\/{rel}","templated":true}]}}