{"id":5806,"date":"2019-03-25T12:02:07","date_gmt":"2019-03-25T12:02:07","guid":{"rendered":"http:\/\/lavalldelord.com\/?page_id=5806"},"modified":"2025-03-01T17:31:36","modified_gmt":"2025-03-01T16:31:36","slug":"que-son-centres-btt","status":"publish","type":"page","link":"https:\/\/lavalldelord.com\/es\/que-fer\/turisme-actiu\/rutes-senderisme-btt\/centre-btt-solsones-vall-lord\/centre-de-btt-solsones-vall-de-lord\/que-son-centres-btt\/","title":{"rendered":"Qu\u00e9 son los Centros BTT?"},"content":{"rendered":"<p><\/p>\n<h3>Qu\u00e9 son els Centros BTT?<\/h3>\n<p>El a\u00f1o 1977, Turisme de Catalunya comenz\u00f3 a trabajar en el proyecto de creaci\u00f3n de una red de Centros BTT en Catalunya, iniciativa pionera en el estado espa\u00f1ol. El Centro BTT Pla de l&#8217;Estany &#8211; Banyoles fue el primero en ser inaugurado el a\u00f1o 1999, y esto hace que la red de Centros BTT Catalunya cuente con una larga experiencia, con 18 Centros BTT en funcionamiento. Actualmente los aficionados a la btt pueden disfrutar en Catalunya de una red de 18 Centros BTT, con un total de 311 rutas y m\u00e1s de 6.000 km se\u00f1alizados. La Ag\u00e8ncia Catalana de Turisme gestiona el programa Centres BTT Catalunya juntamente con el Consell Catal\u00e0 de l&#8217;Esport y la Federaci\u00f3 Catalana de Ciclisme y tiene registrada la se\u00f1alizaci\u00f3n espec\u00edfica de los Centros BTT en Espa\u00f1a.<\/p>\n<p><a href=\"http:\/\/lavalldelord.com\/wp-content\/uploads\/2019\/03\/centres-btt.png\" target=\"_blank\" rel=\"noopener noreferrer\"><img loading=\"lazy\" decoding=\"async\" class=\"aligncenter wp-image-5807 size-full\" src=\"http:\/\/lavalldelord.com\/wp-content\/uploads\/2019\/03\/centres-btt.png\" alt=\"\" width=\"832\" height=\"744\" srcset=\"https:\/\/lavalldelord.com\/wp-content\/uploads\/2019\/03\/centres-btt.png 832w, https:\/\/lavalldelord.com\/wp-content\/uploads\/2019\/03\/centres-btt-400x358.png 400w, https:\/\/lavalldelord.com\/wp-content\/uploads\/2019\/03\/centres-btt-600x537.png 600w, https:\/\/lavalldelord.com\/wp-content\/uploads\/2019\/03\/centres-btt-768x687.png 768w\" sizes=\"auto, (max-width: 832px) 100vw, 832px\" \/><\/a><\/p>\n<h4><\/h4>\n<p>&nbsp;<\/p>\n<p><strong>Gu\u00eda de los Centros BTT Catalunya<br \/>\n<\/strong><a href=\"http:\/\/act.gencat.cat\/wp-content\/uploads\/2014\/10\/01_Cataleg-BTT-CAT_AR-V3_14.pdf\" target=\"_blank\" rel=\"noopener noreferrer\">(haz clic aqu\u00ed para descargarla)<\/a><\/p>\n<p>Esta gu\u00eda proporciona informaci\u00f3n en formato de ficha de todos los centros btt que integran la red de Centros BTT Catalunya, con una descripci\u00f3n y sus caracter\u00edsticas generales. Encontrar\u00e9is tambi\u00e9n la informaci\u00f3n gen\u00e9rica de la ruta Transcatalunya, itinerario de largo recorrido que permite recorrer Catalunya en btt, enlazando los diferentes Centros BTT Catalunya. M\u00e1s informaci\u00f3n en <a href=\"http:\/\/www.catalunya.com\" target=\"_blank\" rel=\"noopener noreferrer\">www.catalunya.com<\/a>\u00a0y en los diferentes Centros BTT Catalunya.<\/p>\n<p>&nbsp;<\/p>","protected":false},"excerpt":{"rendered":"<p>Qu\u00e9 son els Centros BTT? El a\u00f1o 1977, Turisme de Catalunya comenz\u00f3 a trabajar en el proyecto de creaci\u00f3n de [&hellip;]<\/p>\n","protected":false},"author":3,"featured_media":5815,"parent":10250,"menu_order":159,"comment_status":"closed","ping_status":"closed","template":"","meta":{"_acf_changed":false,"_exactmetrics_skip_tracking":false,"_exactmetrics_sitenote_active":false,"_exactmetrics_sitenote_note":"","_exactmetrics_sitenote_category":0,"_joinchat":[],"footnotes":""},"class_list":["post-5806","page","type-page","status-publish","has-post-thumbnail","hentry"],"acf":[],"yoast_head":"<!-- This site is optimized with the Yoast SEO plugin v27.5 - https:\/\/yoast.com\/product\/yoast-seo-wordpress\/ -->\n<title>Qu\u00e9 son los Centros BTT? - La Vall de Lord<\/title>\n<meta name=\"robots\" content=\"index, follow, max-snippet:-1, max-image-preview:large, max-video-preview:-1\" \/>\n<link rel=\"canonical\" href=\"https:\/\/lavalldelord.com\/es\/que-fer\/turisme-actiu\/rutes-senderisme-btt\/centre-btt-solsones-vall-lord\/centre-de-btt-solsones-vall-de-lord\/que-son-centres-btt\/\" \/>\n<meta property=\"og:locale\" content=\"es_ES\" \/>\n<meta property=\"og:type\" content=\"article\" \/>\n<meta property=\"og:title\" content=\"Qu\u00e9 son los Centros BTT? - La Vall de Lord\" \/>\n<meta property=\"og:description\" content=\"Qu\u00e9 son els Centros BTT? El a\u00f1o 1977, Turisme de Catalunya comenz\u00f3 a trabajar en el proyecto de creaci\u00f3n de [&hellip;]\" \/>\n<meta property=\"og:url\" content=\"https:\/\/lavalldelord.com\/es\/que-fer\/turisme-actiu\/rutes-senderisme-btt\/centre-btt-solsones-vall-lord\/centre-de-btt-solsones-vall-de-lord\/que-son-centres-btt\/\" \/>\n<meta property=\"og:site_name\" content=\"La Vall de Lord\" \/>\n<meta property=\"article:publisher\" content=\"https:\/\/www.facebook.com\/turismevalldelord\" \/>\n<meta property=\"article:modified_time\" content=\"2025-03-01T16:31:36+00:00\" \/>\n<meta property=\"og:image\" content=\"https:\/\/lavalldelord.com\/wp-content\/uploads\/2019\/03\/btt.png\" \/>\n\t<meta property=\"og:image:width\" content=\"694\" \/>\n\t<meta property=\"og:image:height\" content=\"612\" \/>\n\t<meta property=\"og:image:type\" content=\"image\/png\" \/>\n<meta name=\"twitter:card\" content=\"summary_large_image\" \/>\n<meta name=\"twitter:site\" content=\"@valldelord\" \/>\n<meta name=\"twitter:label1\" content=\"Tiempo de lectura\" \/>\n\t<meta name=\"twitter:data1\" content=\"2 minutos\" \/>\n<script type=\"application\/ld+json\" class=\"yoast-schema-graph\">{\"@context\":\"https:\\\/\\\/schema.org\",\"@graph\":[{\"@type\":\"WebPage\",\"@id\":\"https:\\\/\\\/lavalldelord.com\\\/es\\\/que-fer\\\/turisme-actiu\\\/rutes-senderisme-btt\\\/centre-btt-solsones-vall-lord\\\/centre-de-btt-solsones-vall-de-lord\\\/que-son-centres-btt\\\/\",\"url\":\"https:\\\/\\\/lavalldelord.com\\\/es\\\/que-fer\\\/turisme-actiu\\\/rutes-senderisme-btt\\\/centre-btt-solsones-vall-lord\\\/centre-de-btt-solsones-vall-de-lord\\\/que-son-centres-btt\\\/\",\"name\":\"Qu\u00e9 son los Centros BTT? - La Vall de Lord\",\"isPartOf\":{\"@id\":\"https:\\\/\\\/lavalldelord.com\\\/es\\\/#website\"},\"primaryImageOfPage\":{\"@id\":\"https:\\\/\\\/lavalldelord.com\\\/es\\\/que-fer\\\/turisme-actiu\\\/rutes-senderisme-btt\\\/centre-btt-solsones-vall-lord\\\/centre-de-btt-solsones-vall-de-lord\\\/que-son-centres-btt\\\/#primaryimage\"},\"image\":{\"@id\":\"https:\\\/\\\/lavalldelord.com\\\/que-fer\\\/turisme-actiu\\\/rutes-senderisme-btt\\\/centre-btt-solsones-vall-lord\\\/centre-de-btt-solsones-vall-de-lord\\\/que-son-centres-btt\\\/#primaryimage\"},\"thumbnailUrl\":\"https:\\\/\\\/lavalldelord.com\\\/wp-content\\\/uploads\\\/2019\\\/03\\\/btt.png\",\"datePublished\":\"2019-03-25T12:02:07+00:00\",\"dateModified\":\"2025-03-01T16:31:36+00:00\",\"breadcrumb\":{\"@id\":\"https:\\\/\\\/lavalldelord.com\\\/es\\\/que-fer\\\/turisme-actiu\\\/rutes-senderisme-btt\\\/centre-btt-solsones-vall-lord\\\/centre-de-btt-solsones-vall-de-lord\\\/que-son-centres-btt\\\/#breadcrumb\"},\"inLanguage\":\"es\",\"potentialAction\":[{\"@type\":\"ReadAction\",\"target\":[[\"https:\\\/\\\/lavalldelord.com\\\/es\\\/que-fer\\\/turisme-actiu\\\/rutes-senderisme-btt\\\/centre-btt-solsones-vall-lord\\\/centre-de-btt-solsones-vall-de-lord\\\/que-son-centres-btt\\\/\"]]}]},{\"@type\":\"ImageObject\",\"inLanguage\":\"es\",\"@id\":\"https:\\\/\\\/lavalldelord.com\\\/es\\\/que-fer\\\/turisme-actiu\\\/rutes-senderisme-btt\\\/centre-btt-solsones-vall-lord\\\/centre-de-btt-solsones-vall-de-lord\\\/que-son-centres-btt\\\/#primaryimage\",\"url\":\"https:\\\/\\\/lavalldelord.com\\\/wp-content\\\/uploads\\\/2019\\\/03\\\/btt.png\",\"contentUrl\":\"https:\\\/\\\/lavalldelord.com\\\/wp-content\\\/uploads\\\/2019\\\/03\\\/btt.png\",\"width\":694,\"height\":612},{\"@type\":\"BreadcrumbList\",\"@id\":\"https:\\\/\\\/lavalldelord.com\\\/es\\\/que-fer\\\/turisme-actiu\\\/rutes-senderisme-btt\\\/centre-btt-solsones-vall-lord\\\/centre-de-btt-solsones-vall-de-lord\\\/que-son-centres-btt\\\/#breadcrumb\",\"itemListElement\":[{\"@type\":\"ListItem\",\"position\":1,\"name\":\"Inici\",\"item\":\"https:\\\/\\\/lavalldelord.com\\\/es\\\/\"},{\"@type\":\"ListItem\",\"position\":2,\"name\":\"Quoi faire?\",\"item\":\"https:\\\/\\\/lavalldelord.com\\\/es\\\/que-fer\\\/\"},{\"@type\":\"ListItem\",\"position\":3,\"name\":\"Turisme actiu\",\"item\":\"https:\\\/\\\/lavalldelord.com\\\/es\\\/que-fer\\\/turisme-actiu\\\/\"},{\"@type\":\"ListItem\",\"position\":4,\"name\":\"Itin\u00e9raires de randonn\u00e9e et VTT\",\"item\":\"https:\\\/\\\/lavalldelord.com\\\/es\\\/que-fer\\\/turisme-actiu\\\/rutes-senderisme-btt\\\/\"},{\"@type\":\"ListItem\",\"position\":5,\"name\":\"Rutes de BTT\",\"item\":\"https:\\\/\\\/lavalldelord.com\\\/es\\\/que-fer\\\/turisme-actiu\\\/rutes-senderisme-btt\\\/centre-btt-solsones-vall-lord\\\/\"},{\"@type\":\"ListItem\",\"position\":6,\"name\":\"Centre de BTT &#8211; Solson\u00e8s &#8211; Vall de Lord\",\"item\":\"https:\\\/\\\/lavalldelord.com\\\/es\\\/que-fer\\\/turisme-actiu\\\/rutes-senderisme-btt\\\/centre-btt-solsones-vall-lord\\\/centre-de-btt-solsones-vall-de-lord\\\/\"},{\"@type\":\"ListItem\",\"position\":7,\"name\":\"Qu\u00e8 s\u00f3n els Centres BTT?\"}]},{\"@type\":\"WebSite\",\"@id\":\"https:\\\/\\\/lavalldelord.com\\\/es\\\/#website\",\"url\":\"https:\\\/\\\/lavalldelord.com\\\/es\\\/\",\"name\":\"Turisme Vall de Lord\",\"description\":\"Portal tur\u00edstic de la Vall de Lord, naturalment!\",\"publisher\":{\"@id\":\"https:\\\/\\\/lavalldelord.com\\\/es\\\/#organization\"},\"potentialAction\":[{\"@type\":\"SearchAction\",\"target\":{\"@type\":\"EntryPoint\",\"urlTemplate\":\"https:\\\/\\\/lavalldelord.com\\\/es\\\/?s={search_term_string}\"},\"query-input\":{\"@type\":\"PropertyValueSpecification\",\"valueRequired\":true,\"valueName\":\"search_term_string\"}}],\"inLanguage\":\"es\"},{\"@type\":\"Organization\",\"@id\":\"https:\\\/\\\/lavalldelord.com\\\/es\\\/#organization\",\"name\":\"La Vall de Lord\",\"url\":\"https:\\\/\\\/lavalldelord.com\\\/es\\\/\",\"logo\":{\"@type\":\"ImageObject\",\"inLanguage\":\"es\",\"@id\":\"https:\\\/\\\/lavalldelord.com\\\/es\\\/#\\\/schema\\\/logo\\\/image\\\/\",\"url\":\"https:\\\/\\\/lavalldelord.com\\\/wp-content\\\/uploads\\\/2024\\\/02\\\/DJI_0864_websize.jpg\",\"contentUrl\":\"https:\\\/\\\/lavalldelord.com\\\/wp-content\\\/uploads\\\/2024\\\/02\\\/DJI_0864_websize.jpg\",\"width\":1600,\"height\":899,\"caption\":\"La Vall de Lord\"},\"image\":{\"@id\":\"https:\\\/\\\/lavalldelord.com\\\/es\\\/#\\\/schema\\\/logo\\\/image\\\/\"},\"sameAs\":[\"https:\\\/\\\/www.facebook.com\\\/turismevalldelord\",\"https:\\\/\\\/x.com\\\/valldelord\",\"https:\\\/\\\/www.instagram.com\\\/turismevalldelord\"]}]}<\/script>\n<!-- \/ Yoast SEO plugin. -->","yoast_head_json":{"title":"Qu\u00e9 son los Centros BTT? - La Vall de Lord","robots":{"index":"index","follow":"follow","max-snippet":"max-snippet:-1","max-image-preview":"max-image-preview:large","max-video-preview":"max-video-preview:-1"},"canonical":"https:\/\/lavalldelord.com\/es\/que-fer\/turisme-actiu\/rutes-senderisme-btt\/centre-btt-solsones-vall-lord\/centre-de-btt-solsones-vall-de-lord\/que-son-centres-btt\/","og_locale":"es_ES","og_type":"article","og_title":"Qu\u00e9 son los Centros BTT? - La Vall de Lord","og_description":"Qu\u00e9 son els Centros BTT? El a\u00f1o 1977, Turisme de Catalunya comenz\u00f3 a trabajar en el proyecto de creaci\u00f3n de [&hellip;]","og_url":"https:\/\/lavalldelord.com\/es\/que-fer\/turisme-actiu\/rutes-senderisme-btt\/centre-btt-solsones-vall-lord\/centre-de-btt-solsones-vall-de-lord\/que-son-centres-btt\/","og_site_name":"La Vall de Lord","article_publisher":"https:\/\/www.facebook.com\/turismevalldelord","article_modified_time":"2025-03-01T16:31:36+00:00","og_image":[{"width":694,"height":612,"url":"https:\/\/lavalldelord.com\/wp-content\/uploads\/2019\/03\/btt.png","type":"image\/png"}],"twitter_card":"summary_large_image","twitter_site":"@valldelord","twitter_misc":{"Tiempo de lectura":"2 minutos"},"schema":{"@context":"https:\/\/schema.org","@graph":[{"@type":"WebPage","@id":"https:\/\/lavalldelord.com\/es\/que-fer\/turisme-actiu\/rutes-senderisme-btt\/centre-btt-solsones-vall-lord\/centre-de-btt-solsones-vall-de-lord\/que-son-centres-btt\/","url":"https:\/\/lavalldelord.com\/es\/que-fer\/turisme-actiu\/rutes-senderisme-btt\/centre-btt-solsones-vall-lord\/centre-de-btt-solsones-vall-de-lord\/que-son-centres-btt\/","name":"Qu\u00e9 son los Centros BTT? - La Vall de Lord","isPartOf":{"@id":"https:\/\/lavalldelord.com\/es\/#website"},"primaryImageOfPage":{"@id":"https:\/\/lavalldelord.com\/es\/que-fer\/turisme-actiu\/rutes-senderisme-btt\/centre-btt-solsones-vall-lord\/centre-de-btt-solsones-vall-de-lord\/que-son-centres-btt\/#primaryimage"},"image":{"@id":"https:\/\/lavalldelord.com\/que-fer\/turisme-actiu\/rutes-senderisme-btt\/centre-btt-solsones-vall-lord\/centre-de-btt-solsones-vall-de-lord\/que-son-centres-btt\/#primaryimage"},"thumbnailUrl":"https:\/\/lavalldelord.com\/wp-content\/uploads\/2019\/03\/btt.png","datePublished":"2019-03-25T12:02:07+00:00","dateModified":"2025-03-01T16:31:36+00:00","breadcrumb":{"@id":"https:\/\/lavalldelord.com\/es\/que-fer\/turisme-actiu\/rutes-senderisme-btt\/centre-btt-solsones-vall-lord\/centre-de-btt-solsones-vall-de-lord\/que-son-centres-btt\/#breadcrumb"},"inLanguage":"es","potentialAction":[{"@type":"ReadAction","target":[["https:\/\/lavalldelord.com\/es\/que-fer\/turisme-actiu\/rutes-senderisme-btt\/centre-btt-solsones-vall-lord\/centre-de-btt-solsones-vall-de-lord\/que-son-centres-btt\/"]]}]},{"@type":"ImageObject","inLanguage":"es","@id":"https:\/\/lavalldelord.com\/es\/que-fer\/turisme-actiu\/rutes-senderisme-btt\/centre-btt-solsones-vall-lord\/centre-de-btt-solsones-vall-de-lord\/que-son-centres-btt\/#primaryimage","url":"https:\/\/lavalldelord.com\/wp-content\/uploads\/2019\/03\/btt.png","contentUrl":"https:\/\/lavalldelord.com\/wp-content\/uploads\/2019\/03\/btt.png","width":694,"height":612},{"@type":"BreadcrumbList","@id":"https:\/\/lavalldelord.com\/es\/que-fer\/turisme-actiu\/rutes-senderisme-btt\/centre-btt-solsones-vall-lord\/centre-de-btt-solsones-vall-de-lord\/que-son-centres-btt\/#breadcrumb","itemListElement":[{"@type":"ListItem","position":1,"name":"Inici","item":"https:\/\/lavalldelord.com\/es\/"},{"@type":"ListItem","position":2,"name":"Quoi faire?","item":"https:\/\/lavalldelord.com\/es\/que-fer\/"},{"@type":"ListItem","position":3,"name":"Turisme actiu","item":"https:\/\/lavalldelord.com\/es\/que-fer\/turisme-actiu\/"},{"@type":"ListItem","position":4,"name":"Itin\u00e9raires de randonn\u00e9e et VTT","item":"https:\/\/lavalldelord.com\/es\/que-fer\/turisme-actiu\/rutes-senderisme-btt\/"},{"@type":"ListItem","position":5,"name":"Rutes de BTT","item":"https:\/\/lavalldelord.com\/es\/que-fer\/turisme-actiu\/rutes-senderisme-btt\/centre-btt-solsones-vall-lord\/"},{"@type":"ListItem","position":6,"name":"Centre de BTT &#8211; Solson\u00e8s &#8211; Vall de Lord","item":"https:\/\/lavalldelord.com\/es\/que-fer\/turisme-actiu\/rutes-senderisme-btt\/centre-btt-solsones-vall-lord\/centre-de-btt-solsones-vall-de-lord\/"},{"@type":"ListItem","position":7,"name":"Qu\u00e8 s\u00f3n els Centres BTT?"}]},{"@type":"WebSite","@id":"https:\/\/lavalldelord.com\/es\/#website","url":"https:\/\/lavalldelord.com\/es\/","name":"Turisme Vall de Lord","description":"Portal tur\u00edstic de la Vall de Lord, naturalment!","publisher":{"@id":"https:\/\/lavalldelord.com\/es\/#organization"},"potentialAction":[{"@type":"SearchAction","target":{"@type":"EntryPoint","urlTemplate":"https:\/\/lavalldelord.com\/es\/?s={search_term_string}"},"query-input":{"@type":"PropertyValueSpecification","valueRequired":true,"valueName":"search_term_string"}}],"inLanguage":"es"},{"@type":"Organization","@id":"https:\/\/lavalldelord.com\/es\/#organization","name":"La Vall de Lord","url":"https:\/\/lavalldelord.com\/es\/","logo":{"@type":"ImageObject","inLanguage":"es","@id":"https:\/\/lavalldelord.com\/es\/#\/schema\/logo\/image\/","url":"https:\/\/lavalldelord.com\/wp-content\/uploads\/2024\/02\/DJI_0864_websize.jpg","contentUrl":"https:\/\/lavalldelord.com\/wp-content\/uploads\/2024\/02\/DJI_0864_websize.jpg","width":1600,"height":899,"caption":"La Vall de Lord"},"image":{"@id":"https:\/\/lavalldelord.com\/es\/#\/schema\/logo\/image\/"},"sameAs":["https:\/\/www.facebook.com\/turismevalldelord","https:\/\/x.com\/valldelord","https:\/\/www.instagram.com\/turismevalldelord"]}]}},"_links":{"self":[{"href":"https:\/\/lavalldelord.com\/es\/wp-json\/wp\/v2\/pages\/5806","targetHints":{"allow":["GET"]}}],"collection":[{"href":"https:\/\/lavalldelord.com\/es\/wp-json\/wp\/v2\/pages"}],"about":[{"href":"https:\/\/lavalldelord.com\/es\/wp-json\/wp\/v2\/types\/page"}],"author":[{"embeddable":true,"href":"https:\/\/lavalldelord.com\/es\/wp-json\/wp\/v2\/users\/3"}],"replies":[{"embeddable":true,"href":"https:\/\/lavalldelord.com\/es\/wp-json\/wp\/v2\/comments?post=5806"}],"version-history":[{"count":14,"href":"https:\/\/lavalldelord.com\/es\/wp-json\/wp\/v2\/pages\/5806\/revisions"}],"predecessor-version":[{"id":7989,"href":"https:\/\/lavalldelord.com\/es\/wp-json\/wp\/v2\/pages\/5806\/revisions\/7989"}],"up":[{"embeddable":true,"href":"https:\/\/lavalldelord.com\/es\/wp-json\/wp\/v2\/pages\/10250"}],"wp:featuredmedia":[{"embeddable":true,"href":"https:\/\/lavalldelord.com\/es\/wp-json\/wp\/v2\/media\/5815"}],"wp:attachment":[{"href":"https:\/\/lavalldelord.com\/es\/wp-json\/wp\/v2\/media?parent=5806"}],"curies":[{"name":"wp","href":"https:\/\/api.w.org\/{rel}","templated":true}]}}