{"id":5830,"date":"2019-03-30T09:49:02","date_gmt":"2019-03-30T09:49:02","guid":{"rendered":"http:\/\/lavalldelord.com\/?page_id=5830"},"modified":"2025-03-01T17:32:46","modified_gmt":"2025-03-01T16:32:46","slug":"solsones-vall-lord","status":"publish","type":"page","link":"https:\/\/lavalldelord.com\/es\/que-fer\/turisme-actiu\/rutes-senderisme-btt\/centre-btt-solsones-vall-lord\/centre-de-btt-solsones-vall-de-lord\/solsones-vall-lord\/","title":{"rendered":"Solson\u00e8s &#8211; Vall de Lord"},"content":{"rendered":"<p><img loading=\"lazy\" decoding=\"async\" class=\"aligncenter wp-image-5771 size-full\" src=\"http:\/\/lavalldelord.com\/wp-content\/uploads\/2019\/03\/capcelerapags.jpg\" alt=\"\" width=\"995\" height=\"119\" srcset=\"https:\/\/lavalldelord.com\/wp-content\/uploads\/2019\/03\/capcelerapags.jpg 995w, https:\/\/lavalldelord.com\/wp-content\/uploads\/2019\/03\/capcelerapags-400x48.jpg 400w, https:\/\/lavalldelord.com\/wp-content\/uploads\/2019\/03\/capcelerapags-600x72.jpg 600w, https:\/\/lavalldelord.com\/wp-content\/uploads\/2019\/03\/capcelerapags-768x92.jpg 768w\" sizes=\"auto, (max-width: 995px) 100vw, 995px\" \/><img loading=\"lazy\" decoding=\"async\" class=\"aligncenter wp-image-5735 size-medium\" src=\"http:\/\/lavalldelord.com\/wp-content\/uploads\/2019\/03\/WhatsApp-Image-2019-03-12-at-21.44.55-600x319.jpeg\" alt=\"\" width=\"600\" height=\"319\" srcset=\"https:\/\/lavalldelord.com\/wp-content\/uploads\/2019\/03\/WhatsApp-Image-2019-03-12-at-21.44.55-600x319.jpeg 600w, https:\/\/lavalldelord.com\/wp-content\/uploads\/2019\/03\/WhatsApp-Image-2019-03-12-at-21.44.55-400x213.jpeg 400w, https:\/\/lavalldelord.com\/wp-content\/uploads\/2019\/03\/WhatsApp-Image-2019-03-12-at-21.44.55-768x408.jpeg 768w, https:\/\/lavalldelord.com\/wp-content\/uploads\/2019\/03\/WhatsApp-Image-2019-03-12-at-21.44.55-1024x544.jpeg 1024w, https:\/\/lavalldelord.com\/wp-content\/uploads\/2019\/03\/WhatsApp-Image-2019-03-12-at-21.44.55.jpeg 1600w\" sizes=\"auto, (max-width: 600px) 100vw, 600px\" \/><\/p>\n<p>&nbsp;<\/p>\n<p>&#8211; El <strong>Centro BTT Solson\u00e8s &#8211; Vall de Lord<\/strong> ofrece:<\/p>\n<p><strong>9 rutas<\/strong> que atraviesan espacios naturales como las sierras de Port del Comte, Pratformiu, Roques de Lord, junto con el embalse de la Llosa del Cavall.<\/p>\n<p><strong>148 kil\u00f3metros<\/strong> para disfrutar de todos los alicientes de la bicicleta de monta\u00f1a.<\/p>\n<p><strong>4 niveles de dificultad<\/strong> para satisfacer a los m\u00e1s exigentes y tambi\u00e9n a los principiantes.<\/p>\n<p><strong>1 punto de salida<\/strong>, la Plaza del Mur de Sant Lloren\u00e7 de Morunys, al lado de la Oficina de Turismo de la Vall de Lord, donde podr\u00e9is encontrar toda la informaci\u00f3n sobre las rutas.<\/p>\n<p>&nbsp;<\/p>\n<p>&nbsp;<\/p>\n<p>&#8211;\u00a0<strong>Consejos y normativa<\/strong>:<\/p>\n<ul>\n<li>&#8211; Antes de salir, revisad el estado de la bicicleta, e informaos de la ruta y del clima previsto<\/li>\n<li>&#8211; Dejad dicho el camino que har\u00e9is<\/li>\n<li>&#8211; Utilizad el casco<\/li>\n<li>&#8211; Garantizad vuestra seguridad, pensad en la licencia ecol\u00f3gica de la FCC<\/li>\n<li>&#8211; Respetad la prioridad de los peatones<\/li>\n<li>&#8211; Respetad el medio ambiente y el entorno natural<\/li>\n<li>&#8211; Seguid las rutas se\u00f1alizadas, no entr\u00e9is en caminos particulares<\/li>\n<li>&#8211; No ensuci\u00e9is el bosque<\/li>\n<\/ul>\n<p>&nbsp;<\/p>\n<p>&#8211; <strong>Informaci\u00f3n disponible online i para descargar <\/strong>(haced clic encima de lo que os interese)<strong>:<\/strong><\/p>\n<p><a href=\"https:\/\/lavalldelord.com\/wp-content\/uploads\/2019\/03\/Fullet-Centre-BTT-Vall_de_Lord-web.pdf\" target=\"_blank\" rel=\"noopener\">Mapa de las rutas BTT con informaci\u00f3 del Centro y de cada ruta<\/a><\/p>\n<p><a href=\"http:\/\/lavalldelord.com\/ca\/que-fer\/turisme-actiu\/rutes-senderisme-btt\/centre-btt-solsones-vall-lord\/rutes-de-btt\/\" target=\"_blank\" rel=\"noopener\">Informaci\u00f3n detallada online de cada una de les rutas BTT, con acceso a los tracks GPS y a la ficha de indicaciones<\/a><\/p>\n<p><a href=\"https:\/\/youtu.be\/gRB0QkXoz8U\" target=\"_blank\" rel=\"noopener\">V\u00eddeo promocional de las rutas en BTT por la Vall de Lord:<\/a><\/p>\n<p><iframe loading=\"lazy\" src=\"https:\/\/www.youtube.com\/embed\/gRB0QkXoz8U\" width=\"560\" height=\"315\" frameborder=\"0\" allowfullscreen=\"allowfullscreen\"><\/iframe><\/p>","protected":false},"excerpt":{"rendered":"<p>&nbsp; &#8211; El Centro BTT Solson\u00e8s &#8211; Vall de Lord ofrece: 9 rutas que atraviesan espacios naturales como las sierras [&hellip;]<\/p>\n","protected":false},"author":3,"featured_media":1483,"parent":10250,"menu_order":160,"comment_status":"closed","ping_status":"closed","template":"","meta":{"_acf_changed":false,"_exactmetrics_skip_tracking":false,"_exactmetrics_sitenote_active":false,"_exactmetrics_sitenote_note":"","_exactmetrics_sitenote_category":0,"_joinchat":[],"footnotes":""},"class_list":["post-5830","page","type-page","status-publish","has-post-thumbnail","hentry"],"acf":[],"yoast_head":"<!-- This site is optimized with the Yoast SEO plugin v27.5 - https:\/\/yoast.com\/product\/yoast-seo-wordpress\/ -->\n<title>Solson\u00e8s - Vall de Lord - La Vall de Lord<\/title>\n<meta name=\"robots\" content=\"index, follow, max-snippet:-1, max-image-preview:large, max-video-preview:-1\" \/>\n<link rel=\"canonical\" href=\"https:\/\/lavalldelord.com\/es\/que-fer\/turisme-actiu\/rutes-senderisme-btt\/centre-btt-solsones-vall-lord\/centre-de-btt-solsones-vall-de-lord\/solsones-vall-lord\/\" \/>\n<meta property=\"og:locale\" content=\"es_ES\" \/>\n<meta property=\"og:type\" content=\"article\" \/>\n<meta property=\"og:title\" content=\"Solson\u00e8s - Vall de Lord - La Vall de Lord\" \/>\n<meta property=\"og:description\" content=\"&nbsp; &#8211; El Centro BTT Solson\u00e8s &#8211; Vall de Lord ofrece: 9 rutas que atraviesan espacios naturales como las sierras [&hellip;]\" \/>\n<meta property=\"og:url\" content=\"https:\/\/lavalldelord.com\/es\/que-fer\/turisme-actiu\/rutes-senderisme-btt\/centre-btt-solsones-vall-lord\/centre-de-btt-solsones-vall-de-lord\/solsones-vall-lord\/\" \/>\n<meta property=\"og:site_name\" content=\"La Vall de Lord\" \/>\n<meta property=\"article:publisher\" content=\"https:\/\/www.facebook.com\/turismevalldelord\" \/>\n<meta property=\"article:modified_time\" content=\"2025-03-01T16:32:46+00:00\" \/>\n<meta property=\"og:image\" content=\"https:\/\/lavalldelord.com\/wp-content\/uploads\/2016\/09\/212218.jpg\" \/>\n\t<meta property=\"og:image:width\" content=\"1821\" \/>\n\t<meta property=\"og:image:height\" content=\"1215\" \/>\n\t<meta property=\"og:image:type\" content=\"image\/jpeg\" \/>\n<meta name=\"twitter:card\" content=\"summary_large_image\" \/>\n<meta name=\"twitter:site\" content=\"@valldelord\" \/>\n<meta name=\"twitter:label1\" content=\"Tiempo de lectura\" \/>\n\t<meta name=\"twitter:data1\" content=\"2 minutos\" \/>\n<script type=\"application\/ld+json\" class=\"yoast-schema-graph\">{\"@context\":\"https:\\\/\\\/schema.org\",\"@graph\":[{\"@type\":\"WebPage\",\"@id\":\"https:\\\/\\\/lavalldelord.com\\\/es\\\/que-fer\\\/turisme-actiu\\\/rutes-senderisme-btt\\\/centre-btt-solsones-vall-lord\\\/centre-de-btt-solsones-vall-de-lord\\\/solsones-vall-lord\\\/\",\"url\":\"https:\\\/\\\/lavalldelord.com\\\/es\\\/que-fer\\\/turisme-actiu\\\/rutes-senderisme-btt\\\/centre-btt-solsones-vall-lord\\\/centre-de-btt-solsones-vall-de-lord\\\/solsones-vall-lord\\\/\",\"name\":\"Solson\u00e8s - Vall de Lord - La Vall de Lord\",\"isPartOf\":{\"@id\":\"https:\\\/\\\/lavalldelord.com\\\/es\\\/#website\"},\"primaryImageOfPage\":{\"@id\":\"https:\\\/\\\/lavalldelord.com\\\/es\\\/que-fer\\\/turisme-actiu\\\/rutes-senderisme-btt\\\/centre-btt-solsones-vall-lord\\\/centre-de-btt-solsones-vall-de-lord\\\/solsones-vall-lord\\\/#primaryimage\"},\"image\":{\"@id\":\"https:\\\/\\\/lavalldelord.com\\\/que-fer\\\/turisme-actiu\\\/rutes-senderisme-btt\\\/centre-btt-solsones-vall-lord\\\/centre-de-btt-solsones-vall-de-lord\\\/solsones-vall-lord\\\/#primaryimage\"},\"thumbnailUrl\":\"https:\\\/\\\/lavalldelord.com\\\/wp-content\\\/uploads\\\/2016\\\/09\\\/212218.jpg\",\"datePublished\":\"2019-03-30T09:49:02+00:00\",\"dateModified\":\"2025-03-01T16:32:46+00:00\",\"breadcrumb\":{\"@id\":\"https:\\\/\\\/lavalldelord.com\\\/es\\\/que-fer\\\/turisme-actiu\\\/rutes-senderisme-btt\\\/centre-btt-solsones-vall-lord\\\/centre-de-btt-solsones-vall-de-lord\\\/solsones-vall-lord\\\/#breadcrumb\"},\"inLanguage\":\"es\",\"potentialAction\":[{\"@type\":\"ReadAction\",\"target\":[[\"https:\\\/\\\/lavalldelord.com\\\/es\\\/que-fer\\\/turisme-actiu\\\/rutes-senderisme-btt\\\/centre-btt-solsones-vall-lord\\\/centre-de-btt-solsones-vall-de-lord\\\/solsones-vall-lord\\\/\"]]}]},{\"@type\":\"ImageObject\",\"inLanguage\":\"es\",\"@id\":\"https:\\\/\\\/lavalldelord.com\\\/es\\\/que-fer\\\/turisme-actiu\\\/rutes-senderisme-btt\\\/centre-btt-solsones-vall-lord\\\/centre-de-btt-solsones-vall-de-lord\\\/solsones-vall-lord\\\/#primaryimage\",\"url\":\"https:\\\/\\\/lavalldelord.com\\\/wp-content\\\/uploads\\\/2016\\\/09\\\/212218.jpg\",\"contentUrl\":\"https:\\\/\\\/lavalldelord.com\\\/wp-content\\\/uploads\\\/2016\\\/09\\\/212218.jpg\",\"width\":1821,\"height\":1215,\"caption\":\"BTT a la Vall de Lord. EL Solson\u008fs.\"},{\"@type\":\"BreadcrumbList\",\"@id\":\"https:\\\/\\\/lavalldelord.com\\\/es\\\/que-fer\\\/turisme-actiu\\\/rutes-senderisme-btt\\\/centre-btt-solsones-vall-lord\\\/centre-de-btt-solsones-vall-de-lord\\\/solsones-vall-lord\\\/#breadcrumb\",\"itemListElement\":[{\"@type\":\"ListItem\",\"position\":1,\"name\":\"Inici\",\"item\":\"https:\\\/\\\/lavalldelord.com\\\/es\\\/\"},{\"@type\":\"ListItem\",\"position\":2,\"name\":\"Quoi faire?\",\"item\":\"https:\\\/\\\/lavalldelord.com\\\/es\\\/que-fer\\\/\"},{\"@type\":\"ListItem\",\"position\":3,\"name\":\"Turisme actiu\",\"item\":\"https:\\\/\\\/lavalldelord.com\\\/es\\\/que-fer\\\/turisme-actiu\\\/\"},{\"@type\":\"ListItem\",\"position\":4,\"name\":\"Itin\u00e9raires de randonn\u00e9e et VTT\",\"item\":\"https:\\\/\\\/lavalldelord.com\\\/es\\\/que-fer\\\/turisme-actiu\\\/rutes-senderisme-btt\\\/\"},{\"@type\":\"ListItem\",\"position\":5,\"name\":\"Rutes de BTT\",\"item\":\"https:\\\/\\\/lavalldelord.com\\\/es\\\/que-fer\\\/turisme-actiu\\\/rutes-senderisme-btt\\\/centre-btt-solsones-vall-lord\\\/\"},{\"@type\":\"ListItem\",\"position\":6,\"name\":\"Centre de BTT &#8211; Solson\u00e8s &#8211; Vall de Lord\",\"item\":\"https:\\\/\\\/lavalldelord.com\\\/es\\\/que-fer\\\/turisme-actiu\\\/rutes-senderisme-btt\\\/centre-btt-solsones-vall-lord\\\/centre-de-btt-solsones-vall-de-lord\\\/\"},{\"@type\":\"ListItem\",\"position\":7,\"name\":\"Centre BTT del Solson\u00e8s &#8211; Vall de Lord\"}]},{\"@type\":\"WebSite\",\"@id\":\"https:\\\/\\\/lavalldelord.com\\\/es\\\/#website\",\"url\":\"https:\\\/\\\/lavalldelord.com\\\/es\\\/\",\"name\":\"Turisme Vall de Lord\",\"description\":\"Portal tur\u00edstic de la Vall de Lord, naturalment!\",\"publisher\":{\"@id\":\"https:\\\/\\\/lavalldelord.com\\\/es\\\/#organization\"},\"potentialAction\":[{\"@type\":\"SearchAction\",\"target\":{\"@type\":\"EntryPoint\",\"urlTemplate\":\"https:\\\/\\\/lavalldelord.com\\\/es\\\/?s={search_term_string}\"},\"query-input\":{\"@type\":\"PropertyValueSpecification\",\"valueRequired\":true,\"valueName\":\"search_term_string\"}}],\"inLanguage\":\"es\"},{\"@type\":\"Organization\",\"@id\":\"https:\\\/\\\/lavalldelord.com\\\/es\\\/#organization\",\"name\":\"La Vall de Lord\",\"url\":\"https:\\\/\\\/lavalldelord.com\\\/es\\\/\",\"logo\":{\"@type\":\"ImageObject\",\"inLanguage\":\"es\",\"@id\":\"https:\\\/\\\/lavalldelord.com\\\/es\\\/#\\\/schema\\\/logo\\\/image\\\/\",\"url\":\"https:\\\/\\\/lavalldelord.com\\\/wp-content\\\/uploads\\\/2024\\\/02\\\/DJI_0864_websize.jpg\",\"contentUrl\":\"https:\\\/\\\/lavalldelord.com\\\/wp-content\\\/uploads\\\/2024\\\/02\\\/DJI_0864_websize.jpg\",\"width\":1600,\"height\":899,\"caption\":\"La Vall de Lord\"},\"image\":{\"@id\":\"https:\\\/\\\/lavalldelord.com\\\/es\\\/#\\\/schema\\\/logo\\\/image\\\/\"},\"sameAs\":[\"https:\\\/\\\/www.facebook.com\\\/turismevalldelord\",\"https:\\\/\\\/x.com\\\/valldelord\",\"https:\\\/\\\/www.instagram.com\\\/turismevalldelord\"]}]}<\/script>\n<!-- \/ Yoast SEO plugin. -->","yoast_head_json":{"title":"Solson\u00e8s - Vall de Lord - La Vall de Lord","robots":{"index":"index","follow":"follow","max-snippet":"max-snippet:-1","max-image-preview":"max-image-preview:large","max-video-preview":"max-video-preview:-1"},"canonical":"https:\/\/lavalldelord.com\/es\/que-fer\/turisme-actiu\/rutes-senderisme-btt\/centre-btt-solsones-vall-lord\/centre-de-btt-solsones-vall-de-lord\/solsones-vall-lord\/","og_locale":"es_ES","og_type":"article","og_title":"Solson\u00e8s - Vall de Lord - La Vall de Lord","og_description":"&nbsp; &#8211; El Centro BTT Solson\u00e8s &#8211; Vall de Lord ofrece: 9 rutas que atraviesan espacios naturales como las sierras [&hellip;]","og_url":"https:\/\/lavalldelord.com\/es\/que-fer\/turisme-actiu\/rutes-senderisme-btt\/centre-btt-solsones-vall-lord\/centre-de-btt-solsones-vall-de-lord\/solsones-vall-lord\/","og_site_name":"La Vall de Lord","article_publisher":"https:\/\/www.facebook.com\/turismevalldelord","article_modified_time":"2025-03-01T16:32:46+00:00","og_image":[{"width":1821,"height":1215,"url":"https:\/\/lavalldelord.com\/wp-content\/uploads\/2016\/09\/212218.jpg","type":"image\/jpeg"}],"twitter_card":"summary_large_image","twitter_site":"@valldelord","twitter_misc":{"Tiempo de lectura":"2 minutos"},"schema":{"@context":"https:\/\/schema.org","@graph":[{"@type":"WebPage","@id":"https:\/\/lavalldelord.com\/es\/que-fer\/turisme-actiu\/rutes-senderisme-btt\/centre-btt-solsones-vall-lord\/centre-de-btt-solsones-vall-de-lord\/solsones-vall-lord\/","url":"https:\/\/lavalldelord.com\/es\/que-fer\/turisme-actiu\/rutes-senderisme-btt\/centre-btt-solsones-vall-lord\/centre-de-btt-solsones-vall-de-lord\/solsones-vall-lord\/","name":"Solson\u00e8s - Vall de Lord - La Vall de Lord","isPartOf":{"@id":"https:\/\/lavalldelord.com\/es\/#website"},"primaryImageOfPage":{"@id":"https:\/\/lavalldelord.com\/es\/que-fer\/turisme-actiu\/rutes-senderisme-btt\/centre-btt-solsones-vall-lord\/centre-de-btt-solsones-vall-de-lord\/solsones-vall-lord\/#primaryimage"},"image":{"@id":"https:\/\/lavalldelord.com\/que-fer\/turisme-actiu\/rutes-senderisme-btt\/centre-btt-solsones-vall-lord\/centre-de-btt-solsones-vall-de-lord\/solsones-vall-lord\/#primaryimage"},"thumbnailUrl":"https:\/\/lavalldelord.com\/wp-content\/uploads\/2016\/09\/212218.jpg","datePublished":"2019-03-30T09:49:02+00:00","dateModified":"2025-03-01T16:32:46+00:00","breadcrumb":{"@id":"https:\/\/lavalldelord.com\/es\/que-fer\/turisme-actiu\/rutes-senderisme-btt\/centre-btt-solsones-vall-lord\/centre-de-btt-solsones-vall-de-lord\/solsones-vall-lord\/#breadcrumb"},"inLanguage":"es","potentialAction":[{"@type":"ReadAction","target":[["https:\/\/lavalldelord.com\/es\/que-fer\/turisme-actiu\/rutes-senderisme-btt\/centre-btt-solsones-vall-lord\/centre-de-btt-solsones-vall-de-lord\/solsones-vall-lord\/"]]}]},{"@type":"ImageObject","inLanguage":"es","@id":"https:\/\/lavalldelord.com\/es\/que-fer\/turisme-actiu\/rutes-senderisme-btt\/centre-btt-solsones-vall-lord\/centre-de-btt-solsones-vall-de-lord\/solsones-vall-lord\/#primaryimage","url":"https:\/\/lavalldelord.com\/wp-content\/uploads\/2016\/09\/212218.jpg","contentUrl":"https:\/\/lavalldelord.com\/wp-content\/uploads\/2016\/09\/212218.jpg","width":1821,"height":1215,"caption":"BTT a la Vall de Lord. EL Solson\u008fs."},{"@type":"BreadcrumbList","@id":"https:\/\/lavalldelord.com\/es\/que-fer\/turisme-actiu\/rutes-senderisme-btt\/centre-btt-solsones-vall-lord\/centre-de-btt-solsones-vall-de-lord\/solsones-vall-lord\/#breadcrumb","itemListElement":[{"@type":"ListItem","position":1,"name":"Inici","item":"https:\/\/lavalldelord.com\/es\/"},{"@type":"ListItem","position":2,"name":"Quoi faire?","item":"https:\/\/lavalldelord.com\/es\/que-fer\/"},{"@type":"ListItem","position":3,"name":"Turisme actiu","item":"https:\/\/lavalldelord.com\/es\/que-fer\/turisme-actiu\/"},{"@type":"ListItem","position":4,"name":"Itin\u00e9raires de randonn\u00e9e et VTT","item":"https:\/\/lavalldelord.com\/es\/que-fer\/turisme-actiu\/rutes-senderisme-btt\/"},{"@type":"ListItem","position":5,"name":"Rutes de BTT","item":"https:\/\/lavalldelord.com\/es\/que-fer\/turisme-actiu\/rutes-senderisme-btt\/centre-btt-solsones-vall-lord\/"},{"@type":"ListItem","position":6,"name":"Centre de BTT &#8211; Solson\u00e8s &#8211; Vall de Lord","item":"https:\/\/lavalldelord.com\/es\/que-fer\/turisme-actiu\/rutes-senderisme-btt\/centre-btt-solsones-vall-lord\/centre-de-btt-solsones-vall-de-lord\/"},{"@type":"ListItem","position":7,"name":"Centre BTT del Solson\u00e8s &#8211; Vall de Lord"}]},{"@type":"WebSite","@id":"https:\/\/lavalldelord.com\/es\/#website","url":"https:\/\/lavalldelord.com\/es\/","name":"Turisme Vall de Lord","description":"Portal tur\u00edstic de la Vall de Lord, naturalment!","publisher":{"@id":"https:\/\/lavalldelord.com\/es\/#organization"},"potentialAction":[{"@type":"SearchAction","target":{"@type":"EntryPoint","urlTemplate":"https:\/\/lavalldelord.com\/es\/?s={search_term_string}"},"query-input":{"@type":"PropertyValueSpecification","valueRequired":true,"valueName":"search_term_string"}}],"inLanguage":"es"},{"@type":"Organization","@id":"https:\/\/lavalldelord.com\/es\/#organization","name":"La Vall de Lord","url":"https:\/\/lavalldelord.com\/es\/","logo":{"@type":"ImageObject","inLanguage":"es","@id":"https:\/\/lavalldelord.com\/es\/#\/schema\/logo\/image\/","url":"https:\/\/lavalldelord.com\/wp-content\/uploads\/2024\/02\/DJI_0864_websize.jpg","contentUrl":"https:\/\/lavalldelord.com\/wp-content\/uploads\/2024\/02\/DJI_0864_websize.jpg","width":1600,"height":899,"caption":"La Vall de Lord"},"image":{"@id":"https:\/\/lavalldelord.com\/es\/#\/schema\/logo\/image\/"},"sameAs":["https:\/\/www.facebook.com\/turismevalldelord","https:\/\/x.com\/valldelord","https:\/\/www.instagram.com\/turismevalldelord"]}]}},"_links":{"self":[{"href":"https:\/\/lavalldelord.com\/es\/wp-json\/wp\/v2\/pages\/5830","targetHints":{"allow":["GET"]}}],"collection":[{"href":"https:\/\/lavalldelord.com\/es\/wp-json\/wp\/v2\/pages"}],"about":[{"href":"https:\/\/lavalldelord.com\/es\/wp-json\/wp\/v2\/types\/page"}],"author":[{"embeddable":true,"href":"https:\/\/lavalldelord.com\/es\/wp-json\/wp\/v2\/users\/3"}],"replies":[{"embeddable":true,"href":"https:\/\/lavalldelord.com\/es\/wp-json\/wp\/v2\/comments?post=5830"}],"version-history":[{"count":13,"href":"https:\/\/lavalldelord.com\/es\/wp-json\/wp\/v2\/pages\/5830\/revisions"}],"predecessor-version":[{"id":12328,"href":"https:\/\/lavalldelord.com\/es\/wp-json\/wp\/v2\/pages\/5830\/revisions\/12328"}],"up":[{"embeddable":true,"href":"https:\/\/lavalldelord.com\/es\/wp-json\/wp\/v2\/pages\/10250"}],"wp:featuredmedia":[{"embeddable":true,"href":"https:\/\/lavalldelord.com\/es\/wp-json\/wp\/v2\/media\/1483"}],"wp:attachment":[{"href":"https:\/\/lavalldelord.com\/es\/wp-json\/wp\/v2\/media?parent=5830"}],"curies":[{"name":"wp","href":"https:\/\/api.w.org\/{rel}","templated":true}]}}