{"id":7482,"date":"2020-06-29T16:40:47","date_gmt":"2020-06-29T16:40:47","guid":{"rendered":"https:\/\/lavalldelord.com\/?page_id=7482"},"modified":"2025-08-14T12:13:46","modified_gmt":"2025-08-14T11:13:46","slug":"normativa-de-larea","status":"publish","type":"page","link":"https:\/\/lavalldelord.com\/es\/organitza\/area-dautocaravanes\/area-de-sant-llorenc-de-morunys\/normativa-de-larea\/","title":{"rendered":"Normativa del \u00e1rea"},"content":{"rendered":"<p><strong>Normativa de uso y recomendaciones:<\/strong><\/p>\n<p>&#8211; El \u00e1rea es de <strong><span style=\"color: #ff0000;\">uso exclusivo para autocaravanas<\/span>.\u00a0<\/strong>Est\u00e1 prohibido el aparcamiento de otros tipos de veh\u00edculos.<\/p>\n<p>&#8211; Est\u00e1 totalmente\u00a0<span style=\"color: #ff0000;\"><strong>prohibido sacar mesas, sillas, toldos, barbacoas<\/strong><\/span>, entre otros mobiliarios a fuera.<\/p>\n<p>&#8211; Si no utiliz\u00e1is los puntos de luz, ocupad las plazas que no los tengan; de esta forma, aquellos usuarios que quieran conectarse a la corriente tendr\u00e1n espacio.<\/p>\n<p>&#8211; Al lado de la Oficina de Turismo est\u00e1 el punto de emergencia para los residuos. Reciclemos! (<strong><a href=\"https:\/\/lavalldelord.com\/es\/organitza\/area-dautocaravanes\/escombraries-i-residus\/\" target=\"_blank\" rel=\"noopener noreferrer\">ver apartado funcionamiento residuos<\/a>)<\/strong><\/p>\n<p>&#8211; Si hac\u00e9is uso de los\u00a0<strong>servicios, dejadlos condiciones<\/strong>, cerrad los grifos, las luces, etc.<\/p>\n<p>&#8211; Para poder mantener el \u00e1rea y los servicios que ofrece, su uso tiene un\u00a0<strong>coste de 6 \u20ac\/d\u00eda<\/strong>. Pod\u00e9is hacer el pago a trav\u00e9s de la plataforma virtual\u00a0<strong><a href=\"https:\/\/lavalldelord.com\/gestionsValldeLord\">https:\/\/lavalldelord.com\/gestionsValldeLord<\/a><\/strong><\/p>\n<p>&nbsp;<\/p>\n<p>&nbsp;<\/p>","protected":false},"excerpt":{"rendered":"<p>Normativa de uso y recomendaciones: &#8211; El \u00e1rea es de uso exclusivo para autocaravanas.\u00a0Est\u00e1 prohibido el aparcamiento de otros tipos [&hellip;]<\/p>\n","protected":false},"author":3,"featured_media":7497,"parent":7792,"menu_order":111,"comment_status":"closed","ping_status":"closed","template":"full-width.php","meta":{"_acf_changed":false,"_exactmetrics_skip_tracking":false,"_exactmetrics_sitenote_active":false,"_exactmetrics_sitenote_note":"","_exactmetrics_sitenote_category":0,"_joinchat":[],"footnotes":""},"class_list":["post-7482","page","type-page","status-publish","has-post-thumbnail","hentry"],"acf":[],"yoast_head":"<!-- This site is optimized with the Yoast SEO plugin v27.5 - https:\/\/yoast.com\/product\/yoast-seo-wordpress\/ -->\n<title>Normativa del \u00e1rea - La Vall de Lord<\/title>\n<meta name=\"description\" content=\"Normativa d&#039;\u00fas i recomanacions de l&#039;\u00e0rea d&#039;autocaravanes de Sant Lloren\u00e7 de Morunys, una \u00e0rea de pernoctaci\u00f3 i c\u00e0rrega\" \/>\n<meta name=\"robots\" content=\"index, follow, max-snippet:-1, max-image-preview:large, max-video-preview:-1\" \/>\n<link rel=\"canonical\" href=\"https:\/\/lavalldelord.com\/es\/organitza\/area-dautocaravanes\/area-de-sant-llorenc-de-morunys\/normativa-de-larea\/\" \/>\n<meta property=\"og:locale\" content=\"es_ES\" \/>\n<meta property=\"og:type\" content=\"article\" \/>\n<meta property=\"og:title\" content=\"Normativa del \u00e1rea - La Vall de Lord\" \/>\n<meta property=\"og:description\" content=\"Normativa d&#039;\u00fas i recomanacions de l&#039;\u00e0rea d&#039;autocaravanes de Sant Lloren\u00e7 de Morunys, una \u00e0rea de pernoctaci\u00f3 i c\u00e0rrega\" \/>\n<meta property=\"og:url\" content=\"https:\/\/lavalldelord.com\/es\/organitza\/area-dautocaravanes\/area-de-sant-llorenc-de-morunys\/normativa-de-larea\/\" \/>\n<meta property=\"og:site_name\" content=\"La Vall de Lord\" \/>\n<meta property=\"article:publisher\" content=\"https:\/\/www.facebook.com\/turismevalldelord\" \/>\n<meta property=\"article:modified_time\" content=\"2025-08-14T11:13:46+00:00\" \/>\n<meta property=\"og:image\" content=\"https:\/\/lavalldelord.com\/wp-content\/uploads\/2020\/06\/normativa.jpg\" \/>\n\t<meta property=\"og:image:width\" content=\"1747\" \/>\n\t<meta property=\"og:image:height\" content=\"1240\" \/>\n\t<meta property=\"og:image:type\" content=\"image\/jpeg\" \/>\n<meta name=\"twitter:card\" content=\"summary_large_image\" \/>\n<meta name=\"twitter:site\" content=\"@valldelord\" \/>\n<meta name=\"twitter:label1\" content=\"Tiempo de lectura\" \/>\n\t<meta name=\"twitter:data1\" content=\"1 minuto\" \/>\n<script type=\"application\/ld+json\" class=\"yoast-schema-graph\">{\"@context\":\"https:\\\/\\\/schema.org\",\"@graph\":[{\"@type\":\"WebPage\",\"@id\":\"https:\\\/\\\/lavalldelord.com\\\/es\\\/organitza\\\/area-dautocaravanes\\\/area-de-sant-llorenc-de-morunys\\\/normativa-de-larea\\\/\",\"url\":\"https:\\\/\\\/lavalldelord.com\\\/es\\\/organitza\\\/area-dautocaravanes\\\/area-de-sant-llorenc-de-morunys\\\/normativa-de-larea\\\/\",\"name\":\"Normativa del \u00e1rea - La Vall de Lord\",\"isPartOf\":{\"@id\":\"https:\\\/\\\/lavalldelord.com\\\/es\\\/#website\"},\"primaryImageOfPage\":{\"@id\":\"https:\\\/\\\/lavalldelord.com\\\/es\\\/organitza\\\/area-dautocaravanes\\\/area-de-sant-llorenc-de-morunys\\\/normativa-de-larea\\\/#primaryimage\"},\"image\":{\"@id\":\"https:\\\/\\\/lavalldelord.com\\\/organitza\\\/area-dautocaravanes\\\/area-de-sant-llorenc-de-morunys\\\/normativa-de-larea\\\/#primaryimage\"},\"thumbnailUrl\":\"https:\\\/\\\/lavalldelord.com\\\/wp-content\\\/uploads\\\/2020\\\/06\\\/normativa.jpg\",\"datePublished\":\"2020-06-29T16:40:47+00:00\",\"dateModified\":\"2025-08-14T11:13:46+00:00\",\"description\":\"Normativa d'\u00fas i recomanacions de l'\u00e0rea d'autocaravanes de Sant Lloren\u00e7 de Morunys, una \u00e0rea de pernoctaci\u00f3 i c\u00e0rrega\",\"breadcrumb\":{\"@id\":\"https:\\\/\\\/lavalldelord.com\\\/es\\\/organitza\\\/area-dautocaravanes\\\/area-de-sant-llorenc-de-morunys\\\/normativa-de-larea\\\/#breadcrumb\"},\"inLanguage\":\"es\",\"potentialAction\":[{\"@type\":\"ReadAction\",\"target\":[[\"https:\\\/\\\/lavalldelord.com\\\/es\\\/organitza\\\/area-dautocaravanes\\\/area-de-sant-llorenc-de-morunys\\\/normativa-de-larea\\\/\"]]}]},{\"@type\":\"ImageObject\",\"inLanguage\":\"es\",\"@id\":\"https:\\\/\\\/lavalldelord.com\\\/es\\\/organitza\\\/area-dautocaravanes\\\/area-de-sant-llorenc-de-morunys\\\/normativa-de-larea\\\/#primaryimage\",\"url\":\"https:\\\/\\\/lavalldelord.com\\\/wp-content\\\/uploads\\\/2020\\\/06\\\/normativa.jpg\",\"contentUrl\":\"https:\\\/\\\/lavalldelord.com\\\/wp-content\\\/uploads\\\/2020\\\/06\\\/normativa.jpg\",\"width\":1747,\"height\":1240},{\"@type\":\"BreadcrumbList\",\"@id\":\"https:\\\/\\\/lavalldelord.com\\\/es\\\/organitza\\\/area-dautocaravanes\\\/area-de-sant-llorenc-de-morunys\\\/normativa-de-larea\\\/#breadcrumb\",\"itemListElement\":[{\"@type\":\"ListItem\",\"position\":1,\"name\":\"Inici\",\"item\":\"https:\\\/\\\/lavalldelord.com\\\/es\\\/\"},{\"@type\":\"ListItem\",\"position\":2,\"name\":\"Organitza&#8217;t\",\"item\":\"https:\\\/\\\/lavalldelord.com\\\/es\\\/organitza\\\/\"},{\"@type\":\"ListItem\",\"position\":3,\"name\":\"Aires de camping-cars\",\"item\":\"https:\\\/\\\/lavalldelord.com\\\/es\\\/organitza\\\/area-dautocaravanes\\\/\"},{\"@type\":\"ListItem\",\"position\":4,\"name\":\"\u00c0rea de Sant Lloren\u00e7 de Morunys\",\"item\":\"https:\\\/\\\/lavalldelord.com\\\/es\\\/organitza\\\/area-dautocaravanes\\\/area-de-sant-llorenc-de-morunys\\\/\"},{\"@type\":\"ListItem\",\"position\":5,\"name\":\"R\u00e9glementation de l&rsquo;aire\"}]},{\"@type\":\"WebSite\",\"@id\":\"https:\\\/\\\/lavalldelord.com\\\/es\\\/#website\",\"url\":\"https:\\\/\\\/lavalldelord.com\\\/es\\\/\",\"name\":\"Turisme Vall de Lord\",\"description\":\"Portal tur\u00edstic de la Vall de Lord, naturalment!\",\"publisher\":{\"@id\":\"https:\\\/\\\/lavalldelord.com\\\/es\\\/#organization\"},\"potentialAction\":[{\"@type\":\"SearchAction\",\"target\":{\"@type\":\"EntryPoint\",\"urlTemplate\":\"https:\\\/\\\/lavalldelord.com\\\/es\\\/?s={search_term_string}\"},\"query-input\":{\"@type\":\"PropertyValueSpecification\",\"valueRequired\":true,\"valueName\":\"search_term_string\"}}],\"inLanguage\":\"es\"},{\"@type\":\"Organization\",\"@id\":\"https:\\\/\\\/lavalldelord.com\\\/es\\\/#organization\",\"name\":\"La Vall de Lord\",\"url\":\"https:\\\/\\\/lavalldelord.com\\\/es\\\/\",\"logo\":{\"@type\":\"ImageObject\",\"inLanguage\":\"es\",\"@id\":\"https:\\\/\\\/lavalldelord.com\\\/es\\\/#\\\/schema\\\/logo\\\/image\\\/\",\"url\":\"https:\\\/\\\/lavalldelord.com\\\/wp-content\\\/uploads\\\/2024\\\/02\\\/DJI_0864_websize.jpg\",\"contentUrl\":\"https:\\\/\\\/lavalldelord.com\\\/wp-content\\\/uploads\\\/2024\\\/02\\\/DJI_0864_websize.jpg\",\"width\":1600,\"height\":899,\"caption\":\"La Vall de Lord\"},\"image\":{\"@id\":\"https:\\\/\\\/lavalldelord.com\\\/es\\\/#\\\/schema\\\/logo\\\/image\\\/\"},\"sameAs\":[\"https:\\\/\\\/www.facebook.com\\\/turismevalldelord\",\"https:\\\/\\\/x.com\\\/valldelord\",\"https:\\\/\\\/www.instagram.com\\\/turismevalldelord\"]}]}<\/script>\n<!-- \/ Yoast SEO plugin. -->","yoast_head_json":{"title":"Normativa del \u00e1rea - La Vall de Lord","description":"Normativa d'\u00fas i recomanacions de l'\u00e0rea d'autocaravanes de Sant Lloren\u00e7 de Morunys, una \u00e0rea de pernoctaci\u00f3 i c\u00e0rrega","robots":{"index":"index","follow":"follow","max-snippet":"max-snippet:-1","max-image-preview":"max-image-preview:large","max-video-preview":"max-video-preview:-1"},"canonical":"https:\/\/lavalldelord.com\/es\/organitza\/area-dautocaravanes\/area-de-sant-llorenc-de-morunys\/normativa-de-larea\/","og_locale":"es_ES","og_type":"article","og_title":"Normativa del \u00e1rea - La Vall de Lord","og_description":"Normativa d'\u00fas i recomanacions de l'\u00e0rea d'autocaravanes de Sant Lloren\u00e7 de Morunys, una \u00e0rea de pernoctaci\u00f3 i c\u00e0rrega","og_url":"https:\/\/lavalldelord.com\/es\/organitza\/area-dautocaravanes\/area-de-sant-llorenc-de-morunys\/normativa-de-larea\/","og_site_name":"La Vall de Lord","article_publisher":"https:\/\/www.facebook.com\/turismevalldelord","article_modified_time":"2025-08-14T11:13:46+00:00","og_image":[{"width":1747,"height":1240,"url":"https:\/\/lavalldelord.com\/wp-content\/uploads\/2020\/06\/normativa.jpg","type":"image\/jpeg"}],"twitter_card":"summary_large_image","twitter_site":"@valldelord","twitter_misc":{"Tiempo de lectura":"1 minuto"},"schema":{"@context":"https:\/\/schema.org","@graph":[{"@type":"WebPage","@id":"https:\/\/lavalldelord.com\/es\/organitza\/area-dautocaravanes\/area-de-sant-llorenc-de-morunys\/normativa-de-larea\/","url":"https:\/\/lavalldelord.com\/es\/organitza\/area-dautocaravanes\/area-de-sant-llorenc-de-morunys\/normativa-de-larea\/","name":"Normativa del \u00e1rea - La Vall de Lord","isPartOf":{"@id":"https:\/\/lavalldelord.com\/es\/#website"},"primaryImageOfPage":{"@id":"https:\/\/lavalldelord.com\/es\/organitza\/area-dautocaravanes\/area-de-sant-llorenc-de-morunys\/normativa-de-larea\/#primaryimage"},"image":{"@id":"https:\/\/lavalldelord.com\/organitza\/area-dautocaravanes\/area-de-sant-llorenc-de-morunys\/normativa-de-larea\/#primaryimage"},"thumbnailUrl":"https:\/\/lavalldelord.com\/wp-content\/uploads\/2020\/06\/normativa.jpg","datePublished":"2020-06-29T16:40:47+00:00","dateModified":"2025-08-14T11:13:46+00:00","description":"Normativa d'\u00fas i recomanacions de l'\u00e0rea d'autocaravanes de Sant Lloren\u00e7 de Morunys, una \u00e0rea de pernoctaci\u00f3 i c\u00e0rrega","breadcrumb":{"@id":"https:\/\/lavalldelord.com\/es\/organitza\/area-dautocaravanes\/area-de-sant-llorenc-de-morunys\/normativa-de-larea\/#breadcrumb"},"inLanguage":"es","potentialAction":[{"@type":"ReadAction","target":[["https:\/\/lavalldelord.com\/es\/organitza\/area-dautocaravanes\/area-de-sant-llorenc-de-morunys\/normativa-de-larea\/"]]}]},{"@type":"ImageObject","inLanguage":"es","@id":"https:\/\/lavalldelord.com\/es\/organitza\/area-dautocaravanes\/area-de-sant-llorenc-de-morunys\/normativa-de-larea\/#primaryimage","url":"https:\/\/lavalldelord.com\/wp-content\/uploads\/2020\/06\/normativa.jpg","contentUrl":"https:\/\/lavalldelord.com\/wp-content\/uploads\/2020\/06\/normativa.jpg","width":1747,"height":1240},{"@type":"BreadcrumbList","@id":"https:\/\/lavalldelord.com\/es\/organitza\/area-dautocaravanes\/area-de-sant-llorenc-de-morunys\/normativa-de-larea\/#breadcrumb","itemListElement":[{"@type":"ListItem","position":1,"name":"Inici","item":"https:\/\/lavalldelord.com\/es\/"},{"@type":"ListItem","position":2,"name":"Organitza&#8217;t","item":"https:\/\/lavalldelord.com\/es\/organitza\/"},{"@type":"ListItem","position":3,"name":"Aires de camping-cars","item":"https:\/\/lavalldelord.com\/es\/organitza\/area-dautocaravanes\/"},{"@type":"ListItem","position":4,"name":"\u00c0rea de Sant Lloren\u00e7 de Morunys","item":"https:\/\/lavalldelord.com\/es\/organitza\/area-dautocaravanes\/area-de-sant-llorenc-de-morunys\/"},{"@type":"ListItem","position":5,"name":"R\u00e9glementation de l&rsquo;aire"}]},{"@type":"WebSite","@id":"https:\/\/lavalldelord.com\/es\/#website","url":"https:\/\/lavalldelord.com\/es\/","name":"Turisme Vall de Lord","description":"Portal tur\u00edstic de la Vall de Lord, naturalment!","publisher":{"@id":"https:\/\/lavalldelord.com\/es\/#organization"},"potentialAction":[{"@type":"SearchAction","target":{"@type":"EntryPoint","urlTemplate":"https:\/\/lavalldelord.com\/es\/?s={search_term_string}"},"query-input":{"@type":"PropertyValueSpecification","valueRequired":true,"valueName":"search_term_string"}}],"inLanguage":"es"},{"@type":"Organization","@id":"https:\/\/lavalldelord.com\/es\/#organization","name":"La Vall de Lord","url":"https:\/\/lavalldelord.com\/es\/","logo":{"@type":"ImageObject","inLanguage":"es","@id":"https:\/\/lavalldelord.com\/es\/#\/schema\/logo\/image\/","url":"https:\/\/lavalldelord.com\/wp-content\/uploads\/2024\/02\/DJI_0864_websize.jpg","contentUrl":"https:\/\/lavalldelord.com\/wp-content\/uploads\/2024\/02\/DJI_0864_websize.jpg","width":1600,"height":899,"caption":"La Vall de Lord"},"image":{"@id":"https:\/\/lavalldelord.com\/es\/#\/schema\/logo\/image\/"},"sameAs":["https:\/\/www.facebook.com\/turismevalldelord","https:\/\/x.com\/valldelord","https:\/\/www.instagram.com\/turismevalldelord"]}]}},"_links":{"self":[{"href":"https:\/\/lavalldelord.com\/es\/wp-json\/wp\/v2\/pages\/7482","targetHints":{"allow":["GET"]}}],"collection":[{"href":"https:\/\/lavalldelord.com\/es\/wp-json\/wp\/v2\/pages"}],"about":[{"href":"https:\/\/lavalldelord.com\/es\/wp-json\/wp\/v2\/types\/page"}],"author":[{"embeddable":true,"href":"https:\/\/lavalldelord.com\/es\/wp-json\/wp\/v2\/users\/3"}],"replies":[{"embeddable":true,"href":"https:\/\/lavalldelord.com\/es\/wp-json\/wp\/v2\/comments?post=7482"}],"version-history":[{"count":40,"href":"https:\/\/lavalldelord.com\/es\/wp-json\/wp\/v2\/pages\/7482\/revisions"}],"predecessor-version":[{"id":12883,"href":"https:\/\/lavalldelord.com\/es\/wp-json\/wp\/v2\/pages\/7482\/revisions\/12883"}],"up":[{"embeddable":true,"href":"https:\/\/lavalldelord.com\/es\/wp-json\/wp\/v2\/pages\/7792"}],"wp:featuredmedia":[{"embeddable":true,"href":"https:\/\/lavalldelord.com\/es\/wp-json\/wp\/v2\/media\/7497"}],"wp:attachment":[{"href":"https:\/\/lavalldelord.com\/es\/wp-json\/wp\/v2\/media?parent=7482"}],"curies":[{"name":"wp","href":"https:\/\/api.w.org\/{rel}","templated":true}]}}