{"id":7491,"date":"2020-06-29T16:57:47","date_gmt":"2020-06-29T16:57:47","guid":{"rendered":"https:\/\/lavalldelord.com\/?page_id=7491"},"modified":"2025-02-02T13:47:05","modified_gmt":"2025-02-02T12:47:05","slug":"escombraries-i-residus","status":"publish","type":"page","link":"https:\/\/lavalldelord.com\/es\/organitza\/area-dautocaravanes\/area-de-sant-llorenc-de-morunys\/escombraries-i-residus\/","title":{"rendered":"Basura y residuos"},"content":{"rendered":"<p><\/p>\n<h3>BASURA Y RESIDUOS<\/h3>\n<ul>\n<li>&#8211; En Sant Lloren\u00e7 es realiza el \u00abPorta a Porta\u00bb (puerta a puerta), de manera que <strong>NO HAY CONTENEDORES.<\/strong><\/li>\n<li>&#8211; Para tirar los residuos seleccionados correctamente, est\u00e1 el <strong>punto de emergencia<\/strong> el cual est\u00e1 abierto de las 18:00h del s\u00e1bado hasta las 10:00h del lunes.<\/li>\n<li>&#8211; Es obligatorio realizar la separaci\u00f3n de residuos correctamente:<strong><span style=\"color: #993300;\"> ORG\u00c0NICA<\/span>, <span style=\"color: #ffcc00;\">PL\u00c1STICO Y ENVASES<\/span>, <span style=\"color: #99cc00;\">VIDRIO<\/span>, <span style=\"color: #0000ff;\">PAPEL<\/span> y RESTOS.\u00a0<\/strong><\/li>\n<\/ul>\n<p><strong>*No seleccionar los residuos correctamente es sancionable.<\/strong><\/p>\n<ul>\n<li>En caso que quer\u00e1is tirar la basura en otro momento, se debe ir al <strong>punto limpio<\/strong>\u00a0(se debe ir a pie).<\/li>\n<\/ul>\n<p>&nbsp;<\/p>\n<p>&nbsp;<\/p>\n<p><strong>Ubicaci\u00f3n del punto limpio:<\/strong><\/p>\n<p><iframe loading=\"lazy\" src=\"https:\/\/www.google.com\/maps\/d\/u\/0\/embed?mid=1PF3GXfAy6eH49_knM3dCmElji1P59MoE\" width=\"640\" height=\"480\" data-mce-fragment=\"1\"><\/iframe><\/p>","protected":false},"excerpt":{"rendered":"<p>BASURA Y RESIDUOS &#8211; En Sant Lloren\u00e7 es realiza el \u00abPorta a Porta\u00bb (puerta a puerta), de manera que NO [&hellip;]<\/p>\n","protected":false},"author":3,"featured_media":7499,"parent":7792,"menu_order":113,"comment_status":"closed","ping_status":"closed","template":"full-width.php","meta":{"_acf_changed":false,"_exactmetrics_skip_tracking":false,"_exactmetrics_sitenote_active":false,"_exactmetrics_sitenote_note":"","_exactmetrics_sitenote_category":0,"_joinchat":[],"footnotes":""},"class_list":["post-7491","page","type-page","status-publish","has-post-thumbnail","hentry"],"acf":[],"yoast_head":"<!-- This site is optimized with the Yoast SEO plugin v27.5 - https:\/\/yoast.com\/product\/yoast-seo-wordpress\/ -->\n<title>Escombraries i residus - \u00c0rea d&#039;autocaravanes de Sant Lloren\u00e7<\/title>\n<meta name=\"description\" content=\"Coneix com funciona la gesti\u00f3 de les escombraries i residus si ets usuari de l&#039;\u00e0rea d&#039;autocaravanes de Sant Lloren\u00e7 de Morunys\" \/>\n<meta name=\"robots\" content=\"index, follow, max-snippet:-1, max-image-preview:large, max-video-preview:-1\" \/>\n<link rel=\"canonical\" href=\"https:\/\/lavalldelord.com\/es\/organitza\/area-dautocaravanes\/area-de-sant-llorenc-de-morunys\/escombraries-i-residus\/\" \/>\n<meta property=\"og:locale\" content=\"es_ES\" \/>\n<meta property=\"og:type\" content=\"article\" \/>\n<meta property=\"og:title\" content=\"Escombraries i residus - \u00c0rea d&#039;autocaravanes de Sant Lloren\u00e7\" \/>\n<meta property=\"og:description\" content=\"Coneix com funciona la gesti\u00f3 de les escombraries i residus si ets usuari de l&#039;\u00e0rea d&#039;autocaravanes de Sant Lloren\u00e7 de Morunys\" \/>\n<meta property=\"og:url\" content=\"https:\/\/lavalldelord.com\/es\/organitza\/area-dautocaravanes\/area-de-sant-llorenc-de-morunys\/escombraries-i-residus\/\" \/>\n<meta property=\"og:site_name\" content=\"La Vall de Lord\" \/>\n<meta property=\"article:publisher\" content=\"https:\/\/www.facebook.com\/turismevalldelord\" \/>\n<meta property=\"article:modified_time\" content=\"2025-02-02T12:47:05+00:00\" \/>\n<meta property=\"og:image\" content=\"https:\/\/lavalldelord.com\/wp-content\/uploads\/2020\/06\/residus.jpg\" \/>\n\t<meta property=\"og:image:width\" content=\"1747\" \/>\n\t<meta property=\"og:image:height\" content=\"1240\" \/>\n\t<meta property=\"og:image:type\" content=\"image\/jpeg\" \/>\n<meta name=\"twitter:card\" content=\"summary_large_image\" \/>\n<meta name=\"twitter:site\" content=\"@valldelord\" \/>\n<meta name=\"twitter:label1\" content=\"Tiempo de lectura\" \/>\n\t<meta name=\"twitter:data1\" content=\"1 minuto\" \/>\n<script type=\"application\/ld+json\" class=\"yoast-schema-graph\">{\"@context\":\"https:\\\/\\\/schema.org\",\"@graph\":[{\"@type\":\"WebPage\",\"@id\":\"https:\\\/\\\/lavalldelord.com\\\/es\\\/organitza\\\/area-dautocaravanes\\\/area-de-sant-llorenc-de-morunys\\\/escombraries-i-residus\\\/\",\"url\":\"https:\\\/\\\/lavalldelord.com\\\/es\\\/organitza\\\/area-dautocaravanes\\\/area-de-sant-llorenc-de-morunys\\\/escombraries-i-residus\\\/\",\"name\":\"Escombraries i residus - \u00c0rea d'autocaravanes de Sant Lloren\u00e7\",\"isPartOf\":{\"@id\":\"https:\\\/\\\/lavalldelord.com\\\/es\\\/#website\"},\"primaryImageOfPage\":{\"@id\":\"https:\\\/\\\/lavalldelord.com\\\/es\\\/organitza\\\/area-dautocaravanes\\\/area-de-sant-llorenc-de-morunys\\\/escombraries-i-residus\\\/#primaryimage\"},\"image\":{\"@id\":\"https:\\\/\\\/lavalldelord.com\\\/organitza\\\/area-dautocaravanes\\\/area-de-sant-llorenc-de-morunys\\\/escombraries-i-residus\\\/#primaryimage\"},\"thumbnailUrl\":\"https:\\\/\\\/lavalldelord.com\\\/wp-content\\\/uploads\\\/2020\\\/06\\\/residus.jpg\",\"datePublished\":\"2020-06-29T16:57:47+00:00\",\"dateModified\":\"2025-02-02T12:47:05+00:00\",\"description\":\"Coneix com funciona la gesti\u00f3 de les escombraries i residus si ets usuari de l'\u00e0rea d'autocaravanes de Sant Lloren\u00e7 de Morunys\",\"breadcrumb\":{\"@id\":\"https:\\\/\\\/lavalldelord.com\\\/es\\\/organitza\\\/area-dautocaravanes\\\/area-de-sant-llorenc-de-morunys\\\/escombraries-i-residus\\\/#breadcrumb\"},\"inLanguage\":\"es\",\"potentialAction\":[{\"@type\":\"ReadAction\",\"target\":[[\"https:\\\/\\\/lavalldelord.com\\\/es\\\/organitza\\\/area-dautocaravanes\\\/area-de-sant-llorenc-de-morunys\\\/escombraries-i-residus\\\/\"]]}]},{\"@type\":\"ImageObject\",\"inLanguage\":\"es\",\"@id\":\"https:\\\/\\\/lavalldelord.com\\\/es\\\/organitza\\\/area-dautocaravanes\\\/area-de-sant-llorenc-de-morunys\\\/escombraries-i-residus\\\/#primaryimage\",\"url\":\"https:\\\/\\\/lavalldelord.com\\\/wp-content\\\/uploads\\\/2020\\\/06\\\/residus.jpg\",\"contentUrl\":\"https:\\\/\\\/lavalldelord.com\\\/wp-content\\\/uploads\\\/2020\\\/06\\\/residus.jpg\",\"width\":1747,\"height\":1240},{\"@type\":\"BreadcrumbList\",\"@id\":\"https:\\\/\\\/lavalldelord.com\\\/es\\\/organitza\\\/area-dautocaravanes\\\/area-de-sant-llorenc-de-morunys\\\/escombraries-i-residus\\\/#breadcrumb\",\"itemListElement\":[{\"@type\":\"ListItem\",\"position\":1,\"name\":\"Inici\",\"item\":\"https:\\\/\\\/lavalldelord.com\\\/es\\\/\"},{\"@type\":\"ListItem\",\"position\":2,\"name\":\"Organitza&#8217;t\",\"item\":\"https:\\\/\\\/lavalldelord.com\\\/es\\\/organitza\\\/\"},{\"@type\":\"ListItem\",\"position\":3,\"name\":\"Aires de camping-cars\",\"item\":\"https:\\\/\\\/lavalldelord.com\\\/es\\\/organitza\\\/area-dautocaravanes\\\/\"},{\"@type\":\"ListItem\",\"position\":4,\"name\":\"\u00c0rea de Sant Lloren\u00e7 de Morunys\",\"item\":\"https:\\\/\\\/lavalldelord.com\\\/es\\\/organitza\\\/area-dautocaravanes\\\/area-de-sant-llorenc-de-morunys\\\/\"},{\"@type\":\"ListItem\",\"position\":5,\"name\":\"Ordures et d\u00e9chets\"}]},{\"@type\":\"WebSite\",\"@id\":\"https:\\\/\\\/lavalldelord.com\\\/es\\\/#website\",\"url\":\"https:\\\/\\\/lavalldelord.com\\\/es\\\/\",\"name\":\"Turisme Vall de Lord\",\"description\":\"Portal tur\u00edstic de la Vall de Lord, naturalment!\",\"publisher\":{\"@id\":\"https:\\\/\\\/lavalldelord.com\\\/es\\\/#organization\"},\"potentialAction\":[{\"@type\":\"SearchAction\",\"target\":{\"@type\":\"EntryPoint\",\"urlTemplate\":\"https:\\\/\\\/lavalldelord.com\\\/es\\\/?s={search_term_string}\"},\"query-input\":{\"@type\":\"PropertyValueSpecification\",\"valueRequired\":true,\"valueName\":\"search_term_string\"}}],\"inLanguage\":\"es\"},{\"@type\":\"Organization\",\"@id\":\"https:\\\/\\\/lavalldelord.com\\\/es\\\/#organization\",\"name\":\"La Vall de Lord\",\"url\":\"https:\\\/\\\/lavalldelord.com\\\/es\\\/\",\"logo\":{\"@type\":\"ImageObject\",\"inLanguage\":\"es\",\"@id\":\"https:\\\/\\\/lavalldelord.com\\\/es\\\/#\\\/schema\\\/logo\\\/image\\\/\",\"url\":\"https:\\\/\\\/lavalldelord.com\\\/wp-content\\\/uploads\\\/2024\\\/02\\\/DJI_0864_websize.jpg\",\"contentUrl\":\"https:\\\/\\\/lavalldelord.com\\\/wp-content\\\/uploads\\\/2024\\\/02\\\/DJI_0864_websize.jpg\",\"width\":1600,\"height\":899,\"caption\":\"La Vall de Lord\"},\"image\":{\"@id\":\"https:\\\/\\\/lavalldelord.com\\\/es\\\/#\\\/schema\\\/logo\\\/image\\\/\"},\"sameAs\":[\"https:\\\/\\\/www.facebook.com\\\/turismevalldelord\",\"https:\\\/\\\/x.com\\\/valldelord\",\"https:\\\/\\\/www.instagram.com\\\/turismevalldelord\"]}]}<\/script>\n<!-- \/ Yoast SEO plugin. -->","yoast_head_json":{"title":"Escombraries i residus - \u00c0rea d'autocaravanes de Sant Lloren\u00e7","description":"Coneix com funciona la gesti\u00f3 de les escombraries i residus si ets usuari de l'\u00e0rea d'autocaravanes de Sant Lloren\u00e7 de Morunys","robots":{"index":"index","follow":"follow","max-snippet":"max-snippet:-1","max-image-preview":"max-image-preview:large","max-video-preview":"max-video-preview:-1"},"canonical":"https:\/\/lavalldelord.com\/es\/organitza\/area-dautocaravanes\/area-de-sant-llorenc-de-morunys\/escombraries-i-residus\/","og_locale":"es_ES","og_type":"article","og_title":"Escombraries i residus - \u00c0rea d'autocaravanes de Sant Lloren\u00e7","og_description":"Coneix com funciona la gesti\u00f3 de les escombraries i residus si ets usuari de l'\u00e0rea d'autocaravanes de Sant Lloren\u00e7 de Morunys","og_url":"https:\/\/lavalldelord.com\/es\/organitza\/area-dautocaravanes\/area-de-sant-llorenc-de-morunys\/escombraries-i-residus\/","og_site_name":"La Vall de Lord","article_publisher":"https:\/\/www.facebook.com\/turismevalldelord","article_modified_time":"2025-02-02T12:47:05+00:00","og_image":[{"width":1747,"height":1240,"url":"https:\/\/lavalldelord.com\/wp-content\/uploads\/2020\/06\/residus.jpg","type":"image\/jpeg"}],"twitter_card":"summary_large_image","twitter_site":"@valldelord","twitter_misc":{"Tiempo de lectura":"1 minuto"},"schema":{"@context":"https:\/\/schema.org","@graph":[{"@type":"WebPage","@id":"https:\/\/lavalldelord.com\/es\/organitza\/area-dautocaravanes\/area-de-sant-llorenc-de-morunys\/escombraries-i-residus\/","url":"https:\/\/lavalldelord.com\/es\/organitza\/area-dautocaravanes\/area-de-sant-llorenc-de-morunys\/escombraries-i-residus\/","name":"Escombraries i residus - \u00c0rea d'autocaravanes de Sant Lloren\u00e7","isPartOf":{"@id":"https:\/\/lavalldelord.com\/es\/#website"},"primaryImageOfPage":{"@id":"https:\/\/lavalldelord.com\/es\/organitza\/area-dautocaravanes\/area-de-sant-llorenc-de-morunys\/escombraries-i-residus\/#primaryimage"},"image":{"@id":"https:\/\/lavalldelord.com\/organitza\/area-dautocaravanes\/area-de-sant-llorenc-de-morunys\/escombraries-i-residus\/#primaryimage"},"thumbnailUrl":"https:\/\/lavalldelord.com\/wp-content\/uploads\/2020\/06\/residus.jpg","datePublished":"2020-06-29T16:57:47+00:00","dateModified":"2025-02-02T12:47:05+00:00","description":"Coneix com funciona la gesti\u00f3 de les escombraries i residus si ets usuari de l'\u00e0rea d'autocaravanes de Sant Lloren\u00e7 de Morunys","breadcrumb":{"@id":"https:\/\/lavalldelord.com\/es\/organitza\/area-dautocaravanes\/area-de-sant-llorenc-de-morunys\/escombraries-i-residus\/#breadcrumb"},"inLanguage":"es","potentialAction":[{"@type":"ReadAction","target":[["https:\/\/lavalldelord.com\/es\/organitza\/area-dautocaravanes\/area-de-sant-llorenc-de-morunys\/escombraries-i-residus\/"]]}]},{"@type":"ImageObject","inLanguage":"es","@id":"https:\/\/lavalldelord.com\/es\/organitza\/area-dautocaravanes\/area-de-sant-llorenc-de-morunys\/escombraries-i-residus\/#primaryimage","url":"https:\/\/lavalldelord.com\/wp-content\/uploads\/2020\/06\/residus.jpg","contentUrl":"https:\/\/lavalldelord.com\/wp-content\/uploads\/2020\/06\/residus.jpg","width":1747,"height":1240},{"@type":"BreadcrumbList","@id":"https:\/\/lavalldelord.com\/es\/organitza\/area-dautocaravanes\/area-de-sant-llorenc-de-morunys\/escombraries-i-residus\/#breadcrumb","itemListElement":[{"@type":"ListItem","position":1,"name":"Inici","item":"https:\/\/lavalldelord.com\/es\/"},{"@type":"ListItem","position":2,"name":"Organitza&#8217;t","item":"https:\/\/lavalldelord.com\/es\/organitza\/"},{"@type":"ListItem","position":3,"name":"Aires de camping-cars","item":"https:\/\/lavalldelord.com\/es\/organitza\/area-dautocaravanes\/"},{"@type":"ListItem","position":4,"name":"\u00c0rea de Sant Lloren\u00e7 de Morunys","item":"https:\/\/lavalldelord.com\/es\/organitza\/area-dautocaravanes\/area-de-sant-llorenc-de-morunys\/"},{"@type":"ListItem","position":5,"name":"Ordures et d\u00e9chets"}]},{"@type":"WebSite","@id":"https:\/\/lavalldelord.com\/es\/#website","url":"https:\/\/lavalldelord.com\/es\/","name":"Turisme Vall de Lord","description":"Portal tur\u00edstic de la Vall de Lord, naturalment!","publisher":{"@id":"https:\/\/lavalldelord.com\/es\/#organization"},"potentialAction":[{"@type":"SearchAction","target":{"@type":"EntryPoint","urlTemplate":"https:\/\/lavalldelord.com\/es\/?s={search_term_string}"},"query-input":{"@type":"PropertyValueSpecification","valueRequired":true,"valueName":"search_term_string"}}],"inLanguage":"es"},{"@type":"Organization","@id":"https:\/\/lavalldelord.com\/es\/#organization","name":"La Vall de Lord","url":"https:\/\/lavalldelord.com\/es\/","logo":{"@type":"ImageObject","inLanguage":"es","@id":"https:\/\/lavalldelord.com\/es\/#\/schema\/logo\/image\/","url":"https:\/\/lavalldelord.com\/wp-content\/uploads\/2024\/02\/DJI_0864_websize.jpg","contentUrl":"https:\/\/lavalldelord.com\/wp-content\/uploads\/2024\/02\/DJI_0864_websize.jpg","width":1600,"height":899,"caption":"La Vall de Lord"},"image":{"@id":"https:\/\/lavalldelord.com\/es\/#\/schema\/logo\/image\/"},"sameAs":["https:\/\/www.facebook.com\/turismevalldelord","https:\/\/x.com\/valldelord","https:\/\/www.instagram.com\/turismevalldelord"]}]}},"_links":{"self":[{"href":"https:\/\/lavalldelord.com\/es\/wp-json\/wp\/v2\/pages\/7491","targetHints":{"allow":["GET"]}}],"collection":[{"href":"https:\/\/lavalldelord.com\/es\/wp-json\/wp\/v2\/pages"}],"about":[{"href":"https:\/\/lavalldelord.com\/es\/wp-json\/wp\/v2\/types\/page"}],"author":[{"embeddable":true,"href":"https:\/\/lavalldelord.com\/es\/wp-json\/wp\/v2\/users\/3"}],"replies":[{"embeddable":true,"href":"https:\/\/lavalldelord.com\/es\/wp-json\/wp\/v2\/comments?post=7491"}],"version-history":[{"count":23,"href":"https:\/\/lavalldelord.com\/es\/wp-json\/wp\/v2\/pages\/7491\/revisions"}],"predecessor-version":[{"id":12234,"href":"https:\/\/lavalldelord.com\/es\/wp-json\/wp\/v2\/pages\/7491\/revisions\/12234"}],"up":[{"embeddable":true,"href":"https:\/\/lavalldelord.com\/es\/wp-json\/wp\/v2\/pages\/7792"}],"wp:featuredmedia":[{"embeddable":true,"href":"https:\/\/lavalldelord.com\/es\/wp-json\/wp\/v2\/media\/7499"}],"wp:attachment":[{"href":"https:\/\/lavalldelord.com\/es\/wp-json\/wp\/v2\/media?parent=7491"}],"curies":[{"name":"wp","href":"https:\/\/api.w.org\/{rel}","templated":true}]}}