{"id":9542,"date":"2022-10-02T12:54:02","date_gmt":"2022-10-02T10:54:02","guid":{"rendered":"https:\/\/lavalldelord.com\/?page_id=9542"},"modified":"2026-04-27T10:17:19","modified_gmt":"2026-04-27T09:17:19","slug":"area-de-sant-serni-del-grau","status":"publish","type":"page","link":"https:\/\/lavalldelord.com\/es\/organitza\/area-dautocaravanes\/area-de-sant-serni-del-grau\/","title":{"rendered":"\u00c1rea de Sant Serni del Grau"},"content":{"rendered":"<p class=\"qtranxs-available-languages-message qtranxs-available-languages-message-es\">Disculpa, pero esta entrada est\u00e1 disponible s\u00f3lo en <a href=\"https:\/\/lavalldelord.com\/ca\/wp-json\/wp\/v2\/pages\/9542\" class=\"qtranxs-available-language-link qtranxs-available-language-link-ca\" title=\"Catal\u00e0\">Catal\u00e0<\/a>.<\/p>","protected":false},"excerpt":{"rendered":"<p>Disculpa, pero esta entrada est\u00e1 disponible s\u00f3lo en Catal\u00e0.<\/p>\n","protected":false},"author":3,"featured_media":9544,"parent":5261,"menu_order":128,"comment_status":"closed","ping_status":"closed","template":"","meta":{"_acf_changed":false,"_exactmetrics_skip_tracking":false,"_exactmetrics_sitenote_active":false,"_exactmetrics_sitenote_note":"","_exactmetrics_sitenote_category":0,"_joinchat":[],"footnotes":""},"class_list":["post-9542","page","type-page","status-publish","has-post-thumbnail","hentry"],"acf":[],"yoast_head":"<!-- This site is optimized with the Yoast SEO plugin v27.5 - https:\/\/yoast.com\/product\/yoast-seo-wordpress\/ -->\n<title>\u00c0rea d&#039;autocaravanes de Sant Serni del Grau<\/title>\n<meta name=\"description\" content=\"Tota la informaci\u00f3 sobre l&#039;\u00e0rea d&#039;autocaravanes de Sant Serni del Grau, situada a Vilamantells, municipi de Guixers (Vall de Lord)\" \/>\n<meta name=\"robots\" content=\"index, follow, max-snippet:-1, max-image-preview:large, max-video-preview:-1\" \/>\n<link rel=\"canonical\" href=\"https:\/\/lavalldelord.com\/es\/organitza\/area-dautocaravanes\/area-de-sant-serni-del-grau\/\" \/>\n<meta property=\"og:locale\" content=\"es_ES\" \/>\n<meta property=\"og:type\" content=\"article\" \/>\n<meta property=\"og:title\" content=\"\u00c0rea d&#039;autocaravanes de Sant Serni del Grau\" \/>\n<meta property=\"og:description\" content=\"Tota la informaci\u00f3 sobre l&#039;\u00e0rea d&#039;autocaravanes de Sant Serni del Grau, situada a Vilamantells, municipi de Guixers (Vall de Lord)\" \/>\n<meta property=\"og:url\" content=\"https:\/\/lavalldelord.com\/es\/organitza\/area-dautocaravanes\/area-de-sant-serni-del-grau\/\" \/>\n<meta property=\"og:site_name\" content=\"La Vall de Lord\" \/>\n<meta property=\"article:publisher\" content=\"https:\/\/www.facebook.com\/turismevalldelord\" \/>\n<meta property=\"article:modified_time\" content=\"2026-04-27T09:17:19+00:00\" \/>\n<meta property=\"og:image\" content=\"https:\/\/lavalldelord.com\/wp-content\/uploads\/2022\/10\/area_sant-serni-del-grau.jpeg\" \/>\n\t<meta property=\"og:image:width\" content=\"980\" \/>\n\t<meta property=\"og:image:height\" content=\"735\" \/>\n\t<meta property=\"og:image:type\" content=\"image\/jpeg\" \/>\n<meta name=\"twitter:card\" content=\"summary_large_image\" \/>\n<meta name=\"twitter:site\" content=\"@valldelord\" \/>\n<meta name=\"twitter:label1\" content=\"Tiempo de lectura\" \/>\n\t<meta name=\"twitter:data1\" content=\"2 minutos\" \/>\n<script type=\"application\/ld+json\" class=\"yoast-schema-graph\">{\"@context\":\"https:\\\/\\\/schema.org\",\"@graph\":[{\"@type\":\"WebPage\",\"@id\":\"https:\\\/\\\/lavalldelord.com\\\/es\\\/organitza\\\/area-dautocaravanes\\\/area-de-sant-serni-del-grau\\\/\",\"url\":\"https:\\\/\\\/lavalldelord.com\\\/es\\\/organitza\\\/area-dautocaravanes\\\/area-de-sant-serni-del-grau\\\/\",\"name\":\"\u00c0rea d'autocaravanes de Sant Serni del Grau\",\"isPartOf\":{\"@id\":\"https:\\\/\\\/lavalldelord.com\\\/es\\\/#website\"},\"primaryImageOfPage\":{\"@id\":\"https:\\\/\\\/lavalldelord.com\\\/es\\\/organitza\\\/area-dautocaravanes\\\/area-de-sant-serni-del-grau\\\/#primaryimage\"},\"image\":{\"@id\":\"https:\\\/\\\/lavalldelord.com\\\/organitza\\\/area-dautocaravanes\\\/area-de-sant-serni-del-grau\\\/#primaryimage\"},\"thumbnailUrl\":\"https:\\\/\\\/lavalldelord.com\\\/wp-content\\\/uploads\\\/2022\\\/10\\\/area_sant-serni-del-grau.jpeg\",\"datePublished\":\"2022-10-02T10:54:02+00:00\",\"dateModified\":\"2026-04-27T09:17:19+00:00\",\"description\":\"Tota la informaci\u00f3 sobre l'\u00e0rea d'autocaravanes de Sant Serni del Grau, situada a Vilamantells, municipi de Guixers (Vall de Lord)\",\"breadcrumb\":{\"@id\":\"https:\\\/\\\/lavalldelord.com\\\/es\\\/organitza\\\/area-dautocaravanes\\\/area-de-sant-serni-del-grau\\\/#breadcrumb\"},\"inLanguage\":\"es\",\"potentialAction\":[{\"@type\":\"ReadAction\",\"target\":[[\"https:\\\/\\\/lavalldelord.com\\\/es\\\/organitza\\\/area-dautocaravanes\\\/area-de-sant-serni-del-grau\\\/\"]]}]},{\"@type\":\"ImageObject\",\"inLanguage\":\"es\",\"@id\":\"https:\\\/\\\/lavalldelord.com\\\/es\\\/organitza\\\/area-dautocaravanes\\\/area-de-sant-serni-del-grau\\\/#primaryimage\",\"url\":\"https:\\\/\\\/lavalldelord.com\\\/wp-content\\\/uploads\\\/2022\\\/10\\\/area_sant-serni-del-grau.jpeg\",\"contentUrl\":\"https:\\\/\\\/lavalldelord.com\\\/wp-content\\\/uploads\\\/2022\\\/10\\\/area_sant-serni-del-grau.jpeg\",\"width\":980,\"height\":735,\"caption\":\"\u00c0rea de Sant Serni del Grau\"},{\"@type\":\"BreadcrumbList\",\"@id\":\"https:\\\/\\\/lavalldelord.com\\\/es\\\/organitza\\\/area-dautocaravanes\\\/area-de-sant-serni-del-grau\\\/#breadcrumb\",\"itemListElement\":[{\"@type\":\"ListItem\",\"position\":1,\"name\":\"Inici\",\"item\":\"https:\\\/\\\/lavalldelord.com\\\/es\\\/\"},{\"@type\":\"ListItem\",\"position\":2,\"name\":\"Organitza&#8217;t\",\"item\":\"https:\\\/\\\/lavalldelord.com\\\/es\\\/organitza\\\/\"},{\"@type\":\"ListItem\",\"position\":3,\"name\":\"Aires de camping-cars\",\"item\":\"https:\\\/\\\/lavalldelord.com\\\/es\\\/organitza\\\/area-dautocaravanes\\\/\"},{\"@type\":\"ListItem\",\"position\":4,\"name\":\"\u00c0rea de Sant Serni del Grau\"}]},{\"@type\":\"WebSite\",\"@id\":\"https:\\\/\\\/lavalldelord.com\\\/es\\\/#website\",\"url\":\"https:\\\/\\\/lavalldelord.com\\\/es\\\/\",\"name\":\"Turisme Vall de Lord\",\"description\":\"Portal tur\u00edstic de la Vall de Lord, naturalment!\",\"publisher\":{\"@id\":\"https:\\\/\\\/lavalldelord.com\\\/es\\\/#organization\"},\"potentialAction\":[{\"@type\":\"SearchAction\",\"target\":{\"@type\":\"EntryPoint\",\"urlTemplate\":\"https:\\\/\\\/lavalldelord.com\\\/es\\\/?s={search_term_string}\"},\"query-input\":{\"@type\":\"PropertyValueSpecification\",\"valueRequired\":true,\"valueName\":\"search_term_string\"}}],\"inLanguage\":\"es\"},{\"@type\":\"Organization\",\"@id\":\"https:\\\/\\\/lavalldelord.com\\\/es\\\/#organization\",\"name\":\"La Vall de Lord\",\"url\":\"https:\\\/\\\/lavalldelord.com\\\/es\\\/\",\"logo\":{\"@type\":\"ImageObject\",\"inLanguage\":\"es\",\"@id\":\"https:\\\/\\\/lavalldelord.com\\\/es\\\/#\\\/schema\\\/logo\\\/image\\\/\",\"url\":\"https:\\\/\\\/lavalldelord.com\\\/wp-content\\\/uploads\\\/2024\\\/02\\\/DJI_0864_websize.jpg\",\"contentUrl\":\"https:\\\/\\\/lavalldelord.com\\\/wp-content\\\/uploads\\\/2024\\\/02\\\/DJI_0864_websize.jpg\",\"width\":1600,\"height\":899,\"caption\":\"La Vall de Lord\"},\"image\":{\"@id\":\"https:\\\/\\\/lavalldelord.com\\\/es\\\/#\\\/schema\\\/logo\\\/image\\\/\"},\"sameAs\":[\"https:\\\/\\\/www.facebook.com\\\/turismevalldelord\",\"https:\\\/\\\/x.com\\\/valldelord\",\"https:\\\/\\\/www.instagram.com\\\/turismevalldelord\"]}]}<\/script>\n<!-- \/ Yoast SEO plugin. -->","yoast_head_json":{"title":"\u00c0rea d'autocaravanes de Sant Serni del Grau","description":"Tota la informaci\u00f3 sobre l'\u00e0rea d'autocaravanes de Sant Serni del Grau, situada a Vilamantells, municipi de Guixers (Vall de Lord)","robots":{"index":"index","follow":"follow","max-snippet":"max-snippet:-1","max-image-preview":"max-image-preview:large","max-video-preview":"max-video-preview:-1"},"canonical":"https:\/\/lavalldelord.com\/es\/organitza\/area-dautocaravanes\/area-de-sant-serni-del-grau\/","og_locale":"es_ES","og_type":"article","og_title":"\u00c0rea d'autocaravanes de Sant Serni del Grau","og_description":"Tota la informaci\u00f3 sobre l'\u00e0rea d'autocaravanes de Sant Serni del Grau, situada a Vilamantells, municipi de Guixers (Vall de Lord)","og_url":"https:\/\/lavalldelord.com\/es\/organitza\/area-dautocaravanes\/area-de-sant-serni-del-grau\/","og_site_name":"La Vall de Lord","article_publisher":"https:\/\/www.facebook.com\/turismevalldelord","article_modified_time":"2026-04-27T09:17:19+00:00","og_image":[{"width":980,"height":735,"url":"https:\/\/lavalldelord.com\/wp-content\/uploads\/2022\/10\/area_sant-serni-del-grau.jpeg","type":"image\/jpeg"}],"twitter_card":"summary_large_image","twitter_site":"@valldelord","twitter_misc":{"Tiempo de lectura":"2 minutos"},"schema":{"@context":"https:\/\/schema.org","@graph":[{"@type":"WebPage","@id":"https:\/\/lavalldelord.com\/es\/organitza\/area-dautocaravanes\/area-de-sant-serni-del-grau\/","url":"https:\/\/lavalldelord.com\/es\/organitza\/area-dautocaravanes\/area-de-sant-serni-del-grau\/","name":"\u00c0rea d'autocaravanes de Sant Serni del Grau","isPartOf":{"@id":"https:\/\/lavalldelord.com\/es\/#website"},"primaryImageOfPage":{"@id":"https:\/\/lavalldelord.com\/es\/organitza\/area-dautocaravanes\/area-de-sant-serni-del-grau\/#primaryimage"},"image":{"@id":"https:\/\/lavalldelord.com\/organitza\/area-dautocaravanes\/area-de-sant-serni-del-grau\/#primaryimage"},"thumbnailUrl":"https:\/\/lavalldelord.com\/wp-content\/uploads\/2022\/10\/area_sant-serni-del-grau.jpeg","datePublished":"2022-10-02T10:54:02+00:00","dateModified":"2026-04-27T09:17:19+00:00","description":"Tota la informaci\u00f3 sobre l'\u00e0rea d'autocaravanes de Sant Serni del Grau, situada a Vilamantells, municipi de Guixers (Vall de Lord)","breadcrumb":{"@id":"https:\/\/lavalldelord.com\/es\/organitza\/area-dautocaravanes\/area-de-sant-serni-del-grau\/#breadcrumb"},"inLanguage":"es","potentialAction":[{"@type":"ReadAction","target":[["https:\/\/lavalldelord.com\/es\/organitza\/area-dautocaravanes\/area-de-sant-serni-del-grau\/"]]}]},{"@type":"ImageObject","inLanguage":"es","@id":"https:\/\/lavalldelord.com\/es\/organitza\/area-dautocaravanes\/area-de-sant-serni-del-grau\/#primaryimage","url":"https:\/\/lavalldelord.com\/wp-content\/uploads\/2022\/10\/area_sant-serni-del-grau.jpeg","contentUrl":"https:\/\/lavalldelord.com\/wp-content\/uploads\/2022\/10\/area_sant-serni-del-grau.jpeg","width":980,"height":735,"caption":"\u00c0rea de Sant Serni del Grau"},{"@type":"BreadcrumbList","@id":"https:\/\/lavalldelord.com\/es\/organitza\/area-dautocaravanes\/area-de-sant-serni-del-grau\/#breadcrumb","itemListElement":[{"@type":"ListItem","position":1,"name":"Inici","item":"https:\/\/lavalldelord.com\/es\/"},{"@type":"ListItem","position":2,"name":"Organitza&#8217;t","item":"https:\/\/lavalldelord.com\/es\/organitza\/"},{"@type":"ListItem","position":3,"name":"Aires de camping-cars","item":"https:\/\/lavalldelord.com\/es\/organitza\/area-dautocaravanes\/"},{"@type":"ListItem","position":4,"name":"\u00c0rea de Sant Serni del Grau"}]},{"@type":"WebSite","@id":"https:\/\/lavalldelord.com\/es\/#website","url":"https:\/\/lavalldelord.com\/es\/","name":"Turisme Vall de Lord","description":"Portal tur\u00edstic de la Vall de Lord, naturalment!","publisher":{"@id":"https:\/\/lavalldelord.com\/es\/#organization"},"potentialAction":[{"@type":"SearchAction","target":{"@type":"EntryPoint","urlTemplate":"https:\/\/lavalldelord.com\/es\/?s={search_term_string}"},"query-input":{"@type":"PropertyValueSpecification","valueRequired":true,"valueName":"search_term_string"}}],"inLanguage":"es"},{"@type":"Organization","@id":"https:\/\/lavalldelord.com\/es\/#organization","name":"La Vall de Lord","url":"https:\/\/lavalldelord.com\/es\/","logo":{"@type":"ImageObject","inLanguage":"es","@id":"https:\/\/lavalldelord.com\/es\/#\/schema\/logo\/image\/","url":"https:\/\/lavalldelord.com\/wp-content\/uploads\/2024\/02\/DJI_0864_websize.jpg","contentUrl":"https:\/\/lavalldelord.com\/wp-content\/uploads\/2024\/02\/DJI_0864_websize.jpg","width":1600,"height":899,"caption":"La Vall de Lord"},"image":{"@id":"https:\/\/lavalldelord.com\/es\/#\/schema\/logo\/image\/"},"sameAs":["https:\/\/www.facebook.com\/turismevalldelord","https:\/\/x.com\/valldelord","https:\/\/www.instagram.com\/turismevalldelord"]}]}},"_links":{"self":[{"href":"https:\/\/lavalldelord.com\/es\/wp-json\/wp\/v2\/pages\/9542","targetHints":{"allow":["GET"]}}],"collection":[{"href":"https:\/\/lavalldelord.com\/es\/wp-json\/wp\/v2\/pages"}],"about":[{"href":"https:\/\/lavalldelord.com\/es\/wp-json\/wp\/v2\/types\/page"}],"author":[{"embeddable":true,"href":"https:\/\/lavalldelord.com\/es\/wp-json\/wp\/v2\/users\/3"}],"replies":[{"embeddable":true,"href":"https:\/\/lavalldelord.com\/es\/wp-json\/wp\/v2\/comments?post=9542"}],"version-history":[{"count":5,"href":"https:\/\/lavalldelord.com\/es\/wp-json\/wp\/v2\/pages\/9542\/revisions"}],"predecessor-version":[{"id":13850,"href":"https:\/\/lavalldelord.com\/es\/wp-json\/wp\/v2\/pages\/9542\/revisions\/13850"}],"up":[{"embeddable":true,"href":"https:\/\/lavalldelord.com\/es\/wp-json\/wp\/v2\/pages\/5261"}],"wp:featuredmedia":[{"embeddable":true,"href":"https:\/\/lavalldelord.com\/es\/wp-json\/wp\/v2\/media\/9544"}],"wp:attachment":[{"href":"https:\/\/lavalldelord.com\/es\/wp-json\/wp\/v2\/media?parent=9542"}],"curies":[{"name":"wp","href":"https:\/\/api.w.org\/{rel}","templated":true}]}}