{"id":10764,"date":"2024-03-18T11:51:07","date_gmt":"2024-03-18T10:51:07","guid":{"rendered":"https:\/\/lavalldelord.com\/?page_id=10764"},"modified":"2026-04-27T10:50:30","modified_gmt":"2026-04-27T09:50:30","slug":"la-vall-de-lord-en-un-cap-de-setmana","status":"publish","type":"page","link":"https:\/\/lavalldelord.com\/fr\/visitar-la-vall-de-lord\/la-vall-de-lord-en-un-cap-de-setmana\/","title":{"rendered":"La Vall de Lord en un cap de setmana"},"content":{"rendered":"<p class=\"qtranxs-available-languages-message qtranxs-available-languages-message-fr\">D\u00e9sol\u00e9, cet article est seulement disponible en <a href=\"https:\/\/lavalldelord.com\/ca\/wp-json\/wp\/v2\/pages\/10764\" class=\"qtranxs-available-language-link qtranxs-available-language-link-ca\" title=\"Catal\u00e0\">Catal\u00e0<\/a> et <a href=\"https:\/\/lavalldelord.com\/es\/wp-json\/wp\/v2\/pages\/10764\" class=\"qtranxs-available-language-link qtranxs-available-language-link-es\" title=\"Espa\u00f1ol\">Espa\u00f1ol<\/a>.<\/p>","protected":false},"excerpt":{"rendered":"<p>D\u00e9sol\u00e9, cet article est seulement disponible en Catal\u00e0 et Espa\u00f1ol.<\/p>\n","protected":false},"author":3,"featured_media":10822,"parent":10654,"menu_order":59,"comment_status":"closed","ping_status":"closed","template":"full-width.php","meta":{"_acf_changed":false,"_exactmetrics_skip_tracking":false,"_exactmetrics_sitenote_active":false,"_exactmetrics_sitenote_note":"","_exactmetrics_sitenote_category":0,"_joinchat":[],"footnotes":""},"class_list":["post-10764","page","type-page","status-publish","has-post-thumbnail","hentry"],"acf":[],"yoast_head":"<!-- This site is optimized with the Yoast SEO plugin v27.5 - https:\/\/yoast.com\/product\/yoast-seo-wordpress\/ -->\n<title>Qu\u00e8 fer a la Vall de Lord durant un cap de setmana<\/title>\n<meta name=\"description\" content=\"Descobreix qu\u00e8 fer a la Vall de Lord durant un cap de setmana: activitats, rutes de senderisme i molt m\u00e9s!\" \/>\n<meta name=\"robots\" content=\"index, follow, max-snippet:-1, max-image-preview:large, max-video-preview:-1\" \/>\n<link rel=\"canonical\" href=\"https:\/\/lavalldelord.com\/fr\/visitar-la-vall-de-lord\/la-vall-de-lord-en-un-cap-de-setmana\/\" \/>\n<meta property=\"og:locale\" content=\"fr_FR\" \/>\n<meta property=\"og:type\" content=\"article\" \/>\n<meta property=\"og:title\" content=\"Qu\u00e8 fer a la Vall de Lord durant un cap de setmana\" \/>\n<meta property=\"og:description\" content=\"Descobreix qu\u00e8 fer a la Vall de Lord durant un cap de setmana: activitats, rutes de senderisme i molt m\u00e9s!\" \/>\n<meta property=\"og:url\" content=\"https:\/\/lavalldelord.com\/fr\/visitar-la-vall-de-lord\/la-vall-de-lord-en-un-cap-de-setmana\/\" \/>\n<meta property=\"og:site_name\" content=\"La Vall de Lord\" \/>\n<meta property=\"article:publisher\" content=\"https:\/\/www.facebook.com\/turismevalldelord\" \/>\n<meta property=\"article:modified_time\" content=\"2026-04-27T09:50:30+00:00\" \/>\n<meta property=\"og:image\" content=\"https:\/\/lavalldelord.com\/wp-content\/uploads\/2024\/03\/EKSY9P7WwAEl_wM.jpg\" \/>\n\t<meta property=\"og:image:width\" content=\"1024\" \/>\n\t<meta property=\"og:image:height\" content=\"683\" \/>\n\t<meta property=\"og:image:type\" content=\"image\/jpeg\" \/>\n<meta name=\"twitter:card\" content=\"summary_large_image\" \/>\n<meta name=\"twitter:site\" content=\"@valldelord\" \/>\n<meta name=\"twitter:label1\" content=\"Dur\u00e9e de lecture estim\u00e9e\" \/>\n\t<meta name=\"twitter:data1\" content=\"11 minutes\" \/>\n<script type=\"application\/ld+json\" class=\"yoast-schema-graph\">{\"@context\":\"https:\\\/\\\/schema.org\",\"@graph\":[{\"@type\":\"WebPage\",\"@id\":\"https:\\\/\\\/lavalldelord.com\\\/fr\\\/visitar-la-vall-de-lord\\\/la-vall-de-lord-en-un-cap-de-setmana\\\/\",\"url\":\"https:\\\/\\\/lavalldelord.com\\\/fr\\\/visitar-la-vall-de-lord\\\/la-vall-de-lord-en-un-cap-de-setmana\\\/\",\"name\":\"Qu\u00e8 fer a la Vall de Lord durant un cap de setmana\",\"isPartOf\":{\"@id\":\"https:\\\/\\\/lavalldelord.com\\\/fr\\\/#website\"},\"primaryImageOfPage\":{\"@id\":\"https:\\\/\\\/lavalldelord.com\\\/fr\\\/visitar-la-vall-de-lord\\\/la-vall-de-lord-en-un-cap-de-setmana\\\/#primaryimage\"},\"image\":{\"@id\":\"https:\\\/\\\/lavalldelord.com\\\/visitar-la-vall-de-lord\\\/la-vall-de-lord-en-un-cap-de-setmana\\\/#primaryimage\"},\"thumbnailUrl\":\"https:\\\/\\\/lavalldelord.com\\\/wp-content\\\/uploads\\\/2024\\\/03\\\/EKSY9P7WwAEl_wM.jpg\",\"datePublished\":\"2024-03-18T10:51:07+00:00\",\"dateModified\":\"2026-04-27T09:50:30+00:00\",\"description\":\"Descobreix qu\u00e8 fer a la Vall de Lord durant un cap de setmana: activitats, rutes de senderisme i molt m\u00e9s!\",\"breadcrumb\":{\"@id\":\"https:\\\/\\\/lavalldelord.com\\\/fr\\\/visitar-la-vall-de-lord\\\/la-vall-de-lord-en-un-cap-de-setmana\\\/#breadcrumb\"},\"inLanguage\":\"fr-FR\",\"potentialAction\":[{\"@type\":\"ReadAction\",\"target\":[[\"https:\\\/\\\/lavalldelord.com\\\/fr\\\/visitar-la-vall-de-lord\\\/la-vall-de-lord-en-un-cap-de-setmana\\\/\"]]}]},{\"@type\":\"ImageObject\",\"inLanguage\":\"fr-FR\",\"@id\":\"https:\\\/\\\/lavalldelord.com\\\/fr\\\/visitar-la-vall-de-lord\\\/la-vall-de-lord-en-un-cap-de-setmana\\\/#primaryimage\",\"url\":\"https:\\\/\\\/lavalldelord.com\\\/wp-content\\\/uploads\\\/2024\\\/03\\\/EKSY9P7WwAEl_wM.jpg\",\"contentUrl\":\"https:\\\/\\\/lavalldelord.com\\\/wp-content\\\/uploads\\\/2024\\\/03\\\/EKSY9P7WwAEl_wM.jpg\",\"width\":1024,\"height\":683},{\"@type\":\"BreadcrumbList\",\"@id\":\"https:\\\/\\\/lavalldelord.com\\\/fr\\\/visitar-la-vall-de-lord\\\/la-vall-de-lord-en-un-cap-de-setmana\\\/#breadcrumb\",\"itemListElement\":[{\"@type\":\"ListItem\",\"position\":1,\"name\":\"Inici\",\"item\":\"https:\\\/\\\/lavalldelord.com\\\/fr\\\/\"},{\"@type\":\"ListItem\",\"position\":2,\"name\":\"Visit Vall de Lord\",\"item\":\"https:\\\/\\\/lavalldelord.com\\\/fr\\\/visitar-la-vall-de-lord\\\/\"},{\"@type\":\"ListItem\",\"position\":3,\"name\":\"La Vall de Lord en un cap de setmana\"}]},{\"@type\":\"WebSite\",\"@id\":\"https:\\\/\\\/lavalldelord.com\\\/fr\\\/#website\",\"url\":\"https:\\\/\\\/lavalldelord.com\\\/fr\\\/\",\"name\":\"Turisme Vall de Lord\",\"description\":\"Portal tur\u00edstic de la Vall de Lord, naturalment!\",\"publisher\":{\"@id\":\"https:\\\/\\\/lavalldelord.com\\\/fr\\\/#organization\"},\"potentialAction\":[{\"@type\":\"SearchAction\",\"target\":{\"@type\":\"EntryPoint\",\"urlTemplate\":\"https:\\\/\\\/lavalldelord.com\\\/fr\\\/?s={search_term_string}\"},\"query-input\":{\"@type\":\"PropertyValueSpecification\",\"valueRequired\":true,\"valueName\":\"search_term_string\"}}],\"inLanguage\":\"fr-FR\"},{\"@type\":\"Organization\",\"@id\":\"https:\\\/\\\/lavalldelord.com\\\/fr\\\/#organization\",\"name\":\"La Vall de Lord\",\"url\":\"https:\\\/\\\/lavalldelord.com\\\/fr\\\/\",\"logo\":{\"@type\":\"ImageObject\",\"inLanguage\":\"fr-FR\",\"@id\":\"https:\\\/\\\/lavalldelord.com\\\/fr\\\/#\\\/schema\\\/logo\\\/image\\\/\",\"url\":\"https:\\\/\\\/lavalldelord.com\\\/wp-content\\\/uploads\\\/2024\\\/02\\\/DJI_0864_websize.jpg\",\"contentUrl\":\"https:\\\/\\\/lavalldelord.com\\\/wp-content\\\/uploads\\\/2024\\\/02\\\/DJI_0864_websize.jpg\",\"width\":1600,\"height\":899,\"caption\":\"La Vall de Lord\"},\"image\":{\"@id\":\"https:\\\/\\\/lavalldelord.com\\\/fr\\\/#\\\/schema\\\/logo\\\/image\\\/\"},\"sameAs\":[\"https:\\\/\\\/www.facebook.com\\\/turismevalldelord\",\"https:\\\/\\\/x.com\\\/valldelord\",\"https:\\\/\\\/www.instagram.com\\\/turismevalldelord\"]}]}<\/script>\n<!-- \/ Yoast SEO plugin. -->","yoast_head_json":{"title":"Qu\u00e8 fer a la Vall de Lord durant un cap de setmana","description":"Descobreix qu\u00e8 fer a la Vall de Lord durant un cap de setmana: activitats, rutes de senderisme i molt m\u00e9s!","robots":{"index":"index","follow":"follow","max-snippet":"max-snippet:-1","max-image-preview":"max-image-preview:large","max-video-preview":"max-video-preview:-1"},"canonical":"https:\/\/lavalldelord.com\/fr\/visitar-la-vall-de-lord\/la-vall-de-lord-en-un-cap-de-setmana\/","og_locale":"fr_FR","og_type":"article","og_title":"Qu\u00e8 fer a la Vall de Lord durant un cap de setmana","og_description":"Descobreix qu\u00e8 fer a la Vall de Lord durant un cap de setmana: activitats, rutes de senderisme i molt m\u00e9s!","og_url":"https:\/\/lavalldelord.com\/fr\/visitar-la-vall-de-lord\/la-vall-de-lord-en-un-cap-de-setmana\/","og_site_name":"La Vall de Lord","article_publisher":"https:\/\/www.facebook.com\/turismevalldelord","article_modified_time":"2026-04-27T09:50:30+00:00","og_image":[{"width":1024,"height":683,"url":"https:\/\/lavalldelord.com\/wp-content\/uploads\/2024\/03\/EKSY9P7WwAEl_wM.jpg","type":"image\/jpeg"}],"twitter_card":"summary_large_image","twitter_site":"@valldelord","twitter_misc":{"Dur\u00e9e de lecture estim\u00e9e":"11 minutes"},"schema":{"@context":"https:\/\/schema.org","@graph":[{"@type":"WebPage","@id":"https:\/\/lavalldelord.com\/fr\/visitar-la-vall-de-lord\/la-vall-de-lord-en-un-cap-de-setmana\/","url":"https:\/\/lavalldelord.com\/fr\/visitar-la-vall-de-lord\/la-vall-de-lord-en-un-cap-de-setmana\/","name":"Qu\u00e8 fer a la Vall de Lord durant un cap de setmana","isPartOf":{"@id":"https:\/\/lavalldelord.com\/fr\/#website"},"primaryImageOfPage":{"@id":"https:\/\/lavalldelord.com\/fr\/visitar-la-vall-de-lord\/la-vall-de-lord-en-un-cap-de-setmana\/#primaryimage"},"image":{"@id":"https:\/\/lavalldelord.com\/visitar-la-vall-de-lord\/la-vall-de-lord-en-un-cap-de-setmana\/#primaryimage"},"thumbnailUrl":"https:\/\/lavalldelord.com\/wp-content\/uploads\/2024\/03\/EKSY9P7WwAEl_wM.jpg","datePublished":"2024-03-18T10:51:07+00:00","dateModified":"2026-04-27T09:50:30+00:00","description":"Descobreix qu\u00e8 fer a la Vall de Lord durant un cap de setmana: activitats, rutes de senderisme i molt m\u00e9s!","breadcrumb":{"@id":"https:\/\/lavalldelord.com\/fr\/visitar-la-vall-de-lord\/la-vall-de-lord-en-un-cap-de-setmana\/#breadcrumb"},"inLanguage":"fr-FR","potentialAction":[{"@type":"ReadAction","target":[["https:\/\/lavalldelord.com\/fr\/visitar-la-vall-de-lord\/la-vall-de-lord-en-un-cap-de-setmana\/"]]}]},{"@type":"ImageObject","inLanguage":"fr-FR","@id":"https:\/\/lavalldelord.com\/fr\/visitar-la-vall-de-lord\/la-vall-de-lord-en-un-cap-de-setmana\/#primaryimage","url":"https:\/\/lavalldelord.com\/wp-content\/uploads\/2024\/03\/EKSY9P7WwAEl_wM.jpg","contentUrl":"https:\/\/lavalldelord.com\/wp-content\/uploads\/2024\/03\/EKSY9P7WwAEl_wM.jpg","width":1024,"height":683},{"@type":"BreadcrumbList","@id":"https:\/\/lavalldelord.com\/fr\/visitar-la-vall-de-lord\/la-vall-de-lord-en-un-cap-de-setmana\/#breadcrumb","itemListElement":[{"@type":"ListItem","position":1,"name":"Inici","item":"https:\/\/lavalldelord.com\/fr\/"},{"@type":"ListItem","position":2,"name":"Visit Vall de Lord","item":"https:\/\/lavalldelord.com\/fr\/visitar-la-vall-de-lord\/"},{"@type":"ListItem","position":3,"name":"La Vall de Lord en un cap de setmana"}]},{"@type":"WebSite","@id":"https:\/\/lavalldelord.com\/fr\/#website","url":"https:\/\/lavalldelord.com\/fr\/","name":"Turisme Vall de Lord","description":"Portal tur\u00edstic de la Vall de Lord, naturalment!","publisher":{"@id":"https:\/\/lavalldelord.com\/fr\/#organization"},"potentialAction":[{"@type":"SearchAction","target":{"@type":"EntryPoint","urlTemplate":"https:\/\/lavalldelord.com\/fr\/?s={search_term_string}"},"query-input":{"@type":"PropertyValueSpecification","valueRequired":true,"valueName":"search_term_string"}}],"inLanguage":"fr-FR"},{"@type":"Organization","@id":"https:\/\/lavalldelord.com\/fr\/#organization","name":"La Vall de Lord","url":"https:\/\/lavalldelord.com\/fr\/","logo":{"@type":"ImageObject","inLanguage":"fr-FR","@id":"https:\/\/lavalldelord.com\/fr\/#\/schema\/logo\/image\/","url":"https:\/\/lavalldelord.com\/wp-content\/uploads\/2024\/02\/DJI_0864_websize.jpg","contentUrl":"https:\/\/lavalldelord.com\/wp-content\/uploads\/2024\/02\/DJI_0864_websize.jpg","width":1600,"height":899,"caption":"La Vall de Lord"},"image":{"@id":"https:\/\/lavalldelord.com\/fr\/#\/schema\/logo\/image\/"},"sameAs":["https:\/\/www.facebook.com\/turismevalldelord","https:\/\/x.com\/valldelord","https:\/\/www.instagram.com\/turismevalldelord"]}]}},"_links":{"self":[{"href":"https:\/\/lavalldelord.com\/fr\/wp-json\/wp\/v2\/pages\/10764","targetHints":{"allow":["GET"]}}],"collection":[{"href":"https:\/\/lavalldelord.com\/fr\/wp-json\/wp\/v2\/pages"}],"about":[{"href":"https:\/\/lavalldelord.com\/fr\/wp-json\/wp\/v2\/types\/page"}],"author":[{"embeddable":true,"href":"https:\/\/lavalldelord.com\/fr\/wp-json\/wp\/v2\/users\/3"}],"replies":[{"embeddable":true,"href":"https:\/\/lavalldelord.com\/fr\/wp-json\/wp\/v2\/comments?post=10764"}],"version-history":[{"count":102,"href":"https:\/\/lavalldelord.com\/fr\/wp-json\/wp\/v2\/pages\/10764\/revisions"}],"predecessor-version":[{"id":13852,"href":"https:\/\/lavalldelord.com\/fr\/wp-json\/wp\/v2\/pages\/10764\/revisions\/13852"}],"up":[{"embeddable":true,"href":"https:\/\/lavalldelord.com\/fr\/wp-json\/wp\/v2\/pages\/10654"}],"wp:featuredmedia":[{"embeddable":true,"href":"https:\/\/lavalldelord.com\/fr\/wp-json\/wp\/v2\/media\/10822"}],"wp:attachment":[{"href":"https:\/\/lavalldelord.com\/fr\/wp-json\/wp\/v2\/media?parent=10764"}],"curies":[{"name":"wp","href":"https:\/\/api.w.org\/{rel}","templated":true}]}}