{"id":12271,"date":"2025-02-20T16:20:57","date_gmt":"2025-02-20T15:20:57","guid":{"rendered":"https:\/\/lavalldelord.com\/?page_id=12271"},"modified":"2025-02-21T17:18:54","modified_gmt":"2025-02-21T16:18:54","slug":"que-fer-si-plou","status":"publish","type":"page","link":"https:\/\/lavalldelord.com\/fr\/visitar-la-vall-de-lord\/que-fer-si-plou\/","title":{"rendered":"Qu\u00e8 fer si plou a la Vall de Lord"},"content":{"rendered":"<p class=\"qtranxs-available-languages-message qtranxs-available-languages-message-fr\">D\u00e9sol\u00e9, cet article est seulement disponible en <a href=\"https:\/\/lavalldelord.com\/ca\/wp-json\/wp\/v2\/pages\/12271\" class=\"qtranxs-available-language-link qtranxs-available-language-link-ca\" title=\"Catal\u00e0\">Catal\u00e0<\/a>.<\/p>","protected":false},"excerpt":{"rendered":"<p>D\u00e9sol\u00e9, cet article est seulement disponible en Catal\u00e0.<\/p>\n","protected":false},"author":3,"featured_media":12270,"parent":10654,"menu_order":57,"comment_status":"closed","ping_status":"closed","template":"full-width.php","meta":{"_acf_changed":false,"_exactmetrics_skip_tracking":false,"_exactmetrics_sitenote_active":false,"_exactmetrics_sitenote_note":"","_exactmetrics_sitenote_category":0,"_joinchat":[],"footnotes":""},"class_list":["post-12271","page","type-page","status-publish","has-post-thumbnail","hentry"],"acf":[],"yoast_head":"<!-- This site is optimized with the Yoast SEO plugin v27.5 - https:\/\/yoast.com\/product\/yoast-seo-wordpress\/ -->\n<title>Qu\u00e8 fer si plou a la Vall de Lord<\/title>\n<meta name=\"description\" content=\"Descobreix totes les activitats i espais a visitar a la Vall de Lord si plou. Troba aqu\u00ed qu\u00e8 fer en dies de pluja.\" \/>\n<meta name=\"robots\" content=\"index, follow, max-snippet:-1, max-image-preview:large, max-video-preview:-1\" \/>\n<link rel=\"canonical\" href=\"https:\/\/lavalldelord.com\/fr\/visitar-la-vall-de-lord\/que-fer-si-plou\/\" \/>\n<meta property=\"og:locale\" content=\"fr_FR\" \/>\n<meta property=\"og:type\" content=\"article\" \/>\n<meta property=\"og:title\" content=\"Qu\u00e8 fer si plou a la Vall de Lord\" \/>\n<meta property=\"og:description\" content=\"Descobreix totes les activitats i espais a visitar a la Vall de Lord si plou. Troba aqu\u00ed qu\u00e8 fer en dies de pluja.\" \/>\n<meta property=\"og:url\" content=\"https:\/\/lavalldelord.com\/fr\/visitar-la-vall-de-lord\/que-fer-si-plou\/\" \/>\n<meta property=\"og:site_name\" content=\"La Vall de Lord\" \/>\n<meta property=\"article:publisher\" content=\"https:\/\/www.facebook.com\/turismevalldelord\" \/>\n<meta property=\"article:modified_time\" content=\"2025-02-21T16:18:54+00:00\" \/>\n<meta property=\"og:image\" content=\"https:\/\/lavalldelord.com\/wp-content\/uploads\/2025\/02\/6Q6A5386.jpg\" \/>\n\t<meta property=\"og:image:width\" content=\"1067\" \/>\n\t<meta property=\"og:image:height\" content=\"1600\" \/>\n\t<meta property=\"og:image:type\" content=\"image\/jpeg\" \/>\n<meta name=\"twitter:card\" content=\"summary_large_image\" \/>\n<meta name=\"twitter:site\" content=\"@valldelord\" \/>\n<meta name=\"twitter:label1\" content=\"Dur\u00e9e de lecture estim\u00e9e\" \/>\n\t<meta name=\"twitter:data1\" content=\"5 minutes\" \/>\n<script type=\"application\/ld+json\" class=\"yoast-schema-graph\">{\"@context\":\"https:\\\/\\\/schema.org\",\"@graph\":[{\"@type\":\"WebPage\",\"@id\":\"https:\\\/\\\/lavalldelord.com\\\/fr\\\/visitar-la-vall-de-lord\\\/que-fer-si-plou\\\/\",\"url\":\"https:\\\/\\\/lavalldelord.com\\\/fr\\\/visitar-la-vall-de-lord\\\/que-fer-si-plou\\\/\",\"name\":\"Qu\u00e8 fer si plou a la Vall de Lord\",\"isPartOf\":{\"@id\":\"https:\\\/\\\/lavalldelord.com\\\/fr\\\/#website\"},\"primaryImageOfPage\":{\"@id\":\"https:\\\/\\\/lavalldelord.com\\\/fr\\\/visitar-la-vall-de-lord\\\/que-fer-si-plou\\\/#primaryimage\"},\"image\":{\"@id\":\"https:\\\/\\\/lavalldelord.com\\\/visitar-la-vall-de-lord\\\/que-fer-si-plou\\\/#primaryimage\"},\"thumbnailUrl\":\"https:\\\/\\\/lavalldelord.com\\\/wp-content\\\/uploads\\\/2025\\\/02\\\/6Q6A5386.jpg\",\"datePublished\":\"2025-02-20T15:20:57+00:00\",\"dateModified\":\"2025-02-21T16:18:54+00:00\",\"description\":\"Descobreix totes les activitats i espais a visitar a la Vall de Lord si plou. Troba aqu\u00ed qu\u00e8 fer en dies de pluja.\",\"breadcrumb\":{\"@id\":\"https:\\\/\\\/lavalldelord.com\\\/fr\\\/visitar-la-vall-de-lord\\\/que-fer-si-plou\\\/#breadcrumb\"},\"inLanguage\":\"fr-FR\",\"potentialAction\":[{\"@type\":\"ReadAction\",\"target\":[[\"https:\\\/\\\/lavalldelord.com\\\/fr\\\/visitar-la-vall-de-lord\\\/que-fer-si-plou\\\/\"]]}]},{\"@type\":\"ImageObject\",\"inLanguage\":\"fr-FR\",\"@id\":\"https:\\\/\\\/lavalldelord.com\\\/fr\\\/visitar-la-vall-de-lord\\\/que-fer-si-plou\\\/#primaryimage\",\"url\":\"https:\\\/\\\/lavalldelord.com\\\/wp-content\\\/uploads\\\/2025\\\/02\\\/6Q6A5386.jpg\",\"contentUrl\":\"https:\\\/\\\/lavalldelord.com\\\/wp-content\\\/uploads\\\/2025\\\/02\\\/6Q6A5386.jpg\",\"width\":1067,\"height\":1600,\"caption\":\"La Vall de Lord en un dia de pluja\"},{\"@type\":\"BreadcrumbList\",\"@id\":\"https:\\\/\\\/lavalldelord.com\\\/fr\\\/visitar-la-vall-de-lord\\\/que-fer-si-plou\\\/#breadcrumb\",\"itemListElement\":[{\"@type\":\"ListItem\",\"position\":1,\"name\":\"Inici\",\"item\":\"https:\\\/\\\/lavalldelord.com\\\/fr\\\/\"},{\"@type\":\"ListItem\",\"position\":2,\"name\":\"Visit Vall de Lord\",\"item\":\"https:\\\/\\\/lavalldelord.com\\\/fr\\\/visitar-la-vall-de-lord\\\/\"},{\"@type\":\"ListItem\",\"position\":3,\"name\":\"Qu\u00e8 fer si plou a la Vall de Lord\"}]},{\"@type\":\"WebSite\",\"@id\":\"https:\\\/\\\/lavalldelord.com\\\/fr\\\/#website\",\"url\":\"https:\\\/\\\/lavalldelord.com\\\/fr\\\/\",\"name\":\"Turisme Vall de Lord\",\"description\":\"Portal tur\u00edstic de la Vall de Lord, naturalment!\",\"publisher\":{\"@id\":\"https:\\\/\\\/lavalldelord.com\\\/fr\\\/#organization\"},\"potentialAction\":[{\"@type\":\"SearchAction\",\"target\":{\"@type\":\"EntryPoint\",\"urlTemplate\":\"https:\\\/\\\/lavalldelord.com\\\/fr\\\/?s={search_term_string}\"},\"query-input\":{\"@type\":\"PropertyValueSpecification\",\"valueRequired\":true,\"valueName\":\"search_term_string\"}}],\"inLanguage\":\"fr-FR\"},{\"@type\":\"Organization\",\"@id\":\"https:\\\/\\\/lavalldelord.com\\\/fr\\\/#organization\",\"name\":\"La Vall de Lord\",\"url\":\"https:\\\/\\\/lavalldelord.com\\\/fr\\\/\",\"logo\":{\"@type\":\"ImageObject\",\"inLanguage\":\"fr-FR\",\"@id\":\"https:\\\/\\\/lavalldelord.com\\\/fr\\\/#\\\/schema\\\/logo\\\/image\\\/\",\"url\":\"https:\\\/\\\/lavalldelord.com\\\/wp-content\\\/uploads\\\/2024\\\/02\\\/DJI_0864_websize.jpg\",\"contentUrl\":\"https:\\\/\\\/lavalldelord.com\\\/wp-content\\\/uploads\\\/2024\\\/02\\\/DJI_0864_websize.jpg\",\"width\":1600,\"height\":899,\"caption\":\"La Vall de Lord\"},\"image\":{\"@id\":\"https:\\\/\\\/lavalldelord.com\\\/fr\\\/#\\\/schema\\\/logo\\\/image\\\/\"},\"sameAs\":[\"https:\\\/\\\/www.facebook.com\\\/turismevalldelord\",\"https:\\\/\\\/x.com\\\/valldelord\",\"https:\\\/\\\/www.instagram.com\\\/turismevalldelord\"]}]}<\/script>\n<!-- \/ Yoast SEO plugin. -->","yoast_head_json":{"title":"Qu\u00e8 fer si plou a la Vall de Lord","description":"Descobreix totes les activitats i espais a visitar a la Vall de Lord si plou. Troba aqu\u00ed qu\u00e8 fer en dies de pluja.","robots":{"index":"index","follow":"follow","max-snippet":"max-snippet:-1","max-image-preview":"max-image-preview:large","max-video-preview":"max-video-preview:-1"},"canonical":"https:\/\/lavalldelord.com\/fr\/visitar-la-vall-de-lord\/que-fer-si-plou\/","og_locale":"fr_FR","og_type":"article","og_title":"Qu\u00e8 fer si plou a la Vall de Lord","og_description":"Descobreix totes les activitats i espais a visitar a la Vall de Lord si plou. Troba aqu\u00ed qu\u00e8 fer en dies de pluja.","og_url":"https:\/\/lavalldelord.com\/fr\/visitar-la-vall-de-lord\/que-fer-si-plou\/","og_site_name":"La Vall de Lord","article_publisher":"https:\/\/www.facebook.com\/turismevalldelord","article_modified_time":"2025-02-21T16:18:54+00:00","og_image":[{"width":1067,"height":1600,"url":"https:\/\/lavalldelord.com\/wp-content\/uploads\/2025\/02\/6Q6A5386.jpg","type":"image\/jpeg"}],"twitter_card":"summary_large_image","twitter_site":"@valldelord","twitter_misc":{"Dur\u00e9e de lecture estim\u00e9e":"5 minutes"},"schema":{"@context":"https:\/\/schema.org","@graph":[{"@type":"WebPage","@id":"https:\/\/lavalldelord.com\/fr\/visitar-la-vall-de-lord\/que-fer-si-plou\/","url":"https:\/\/lavalldelord.com\/fr\/visitar-la-vall-de-lord\/que-fer-si-plou\/","name":"Qu\u00e8 fer si plou a la Vall de Lord","isPartOf":{"@id":"https:\/\/lavalldelord.com\/fr\/#website"},"primaryImageOfPage":{"@id":"https:\/\/lavalldelord.com\/fr\/visitar-la-vall-de-lord\/que-fer-si-plou\/#primaryimage"},"image":{"@id":"https:\/\/lavalldelord.com\/visitar-la-vall-de-lord\/que-fer-si-plou\/#primaryimage"},"thumbnailUrl":"https:\/\/lavalldelord.com\/wp-content\/uploads\/2025\/02\/6Q6A5386.jpg","datePublished":"2025-02-20T15:20:57+00:00","dateModified":"2025-02-21T16:18:54+00:00","description":"Descobreix totes les activitats i espais a visitar a la Vall de Lord si plou. Troba aqu\u00ed qu\u00e8 fer en dies de pluja.","breadcrumb":{"@id":"https:\/\/lavalldelord.com\/fr\/visitar-la-vall-de-lord\/que-fer-si-plou\/#breadcrumb"},"inLanguage":"fr-FR","potentialAction":[{"@type":"ReadAction","target":[["https:\/\/lavalldelord.com\/fr\/visitar-la-vall-de-lord\/que-fer-si-plou\/"]]}]},{"@type":"ImageObject","inLanguage":"fr-FR","@id":"https:\/\/lavalldelord.com\/fr\/visitar-la-vall-de-lord\/que-fer-si-plou\/#primaryimage","url":"https:\/\/lavalldelord.com\/wp-content\/uploads\/2025\/02\/6Q6A5386.jpg","contentUrl":"https:\/\/lavalldelord.com\/wp-content\/uploads\/2025\/02\/6Q6A5386.jpg","width":1067,"height":1600,"caption":"La Vall de Lord en un dia de pluja"},{"@type":"BreadcrumbList","@id":"https:\/\/lavalldelord.com\/fr\/visitar-la-vall-de-lord\/que-fer-si-plou\/#breadcrumb","itemListElement":[{"@type":"ListItem","position":1,"name":"Inici","item":"https:\/\/lavalldelord.com\/fr\/"},{"@type":"ListItem","position":2,"name":"Visit Vall de Lord","item":"https:\/\/lavalldelord.com\/fr\/visitar-la-vall-de-lord\/"},{"@type":"ListItem","position":3,"name":"Qu\u00e8 fer si plou a la Vall de Lord"}]},{"@type":"WebSite","@id":"https:\/\/lavalldelord.com\/fr\/#website","url":"https:\/\/lavalldelord.com\/fr\/","name":"Turisme Vall de Lord","description":"Portal tur\u00edstic de la Vall de Lord, naturalment!","publisher":{"@id":"https:\/\/lavalldelord.com\/fr\/#organization"},"potentialAction":[{"@type":"SearchAction","target":{"@type":"EntryPoint","urlTemplate":"https:\/\/lavalldelord.com\/fr\/?s={search_term_string}"},"query-input":{"@type":"PropertyValueSpecification","valueRequired":true,"valueName":"search_term_string"}}],"inLanguage":"fr-FR"},{"@type":"Organization","@id":"https:\/\/lavalldelord.com\/fr\/#organization","name":"La Vall de Lord","url":"https:\/\/lavalldelord.com\/fr\/","logo":{"@type":"ImageObject","inLanguage":"fr-FR","@id":"https:\/\/lavalldelord.com\/fr\/#\/schema\/logo\/image\/","url":"https:\/\/lavalldelord.com\/wp-content\/uploads\/2024\/02\/DJI_0864_websize.jpg","contentUrl":"https:\/\/lavalldelord.com\/wp-content\/uploads\/2024\/02\/DJI_0864_websize.jpg","width":1600,"height":899,"caption":"La Vall de Lord"},"image":{"@id":"https:\/\/lavalldelord.com\/fr\/#\/schema\/logo\/image\/"},"sameAs":["https:\/\/www.facebook.com\/turismevalldelord","https:\/\/x.com\/valldelord","https:\/\/www.instagram.com\/turismevalldelord"]}]}},"_links":{"self":[{"href":"https:\/\/lavalldelord.com\/fr\/wp-json\/wp\/v2\/pages\/12271","targetHints":{"allow":["GET"]}}],"collection":[{"href":"https:\/\/lavalldelord.com\/fr\/wp-json\/wp\/v2\/pages"}],"about":[{"href":"https:\/\/lavalldelord.com\/fr\/wp-json\/wp\/v2\/types\/page"}],"author":[{"embeddable":true,"href":"https:\/\/lavalldelord.com\/fr\/wp-json\/wp\/v2\/users\/3"}],"replies":[{"embeddable":true,"href":"https:\/\/lavalldelord.com\/fr\/wp-json\/wp\/v2\/comments?post=12271"}],"version-history":[{"count":27,"href":"https:\/\/lavalldelord.com\/fr\/wp-json\/wp\/v2\/pages\/12271\/revisions"}],"predecessor-version":[{"id":12312,"href":"https:\/\/lavalldelord.com\/fr\/wp-json\/wp\/v2\/pages\/12271\/revisions\/12312"}],"up":[{"embeddable":true,"href":"https:\/\/lavalldelord.com\/fr\/wp-json\/wp\/v2\/pages\/10654"}],"wp:featuredmedia":[{"embeddable":true,"href":"https:\/\/lavalldelord.com\/fr\/wp-json\/wp\/v2\/media\/12270"}],"wp:attachment":[{"href":"https:\/\/lavalldelord.com\/fr\/wp-json\/wp\/v2\/media?parent=12271"}],"curies":[{"name":"wp","href":"https:\/\/api.w.org\/{rel}","templated":true}]}}