{"id":3526,"date":"2017-03-15T15:03:05","date_gmt":"2017-03-15T15:03:05","guid":{"rendered":"http:\/\/lavalldelord.com.mialias.net\/?page_id=3526"},"modified":"2026-04-27T10:51:35","modified_gmt":"2026-04-27T09:51:35","slug":"historia","status":"publish","type":"page","link":"https:\/\/lavalldelord.com\/fr\/la-vall-de-lord\/historia\/","title":{"rendered":"Histoire"},"content":{"rendered":"<p><\/p>\n<h2 style=\"text-align: center;\">La Vall de Lord terre d\u2019histoire.<\/h2>\n<p>Date d\u00e9j\u00e0 du IXe si\u00e8cle, elle a eu plusieurs \u00e9pisodes d\u2019une grande importance qui lui ont donn\u00e9 lieu \u00e0 la configuration actuelle de ses diff\u00e9rents \u00e9l\u00e9ments historiques et culturels. Chaque point du territoire a une petite histoire cach\u00e9e et tous ensembles composent le pass\u00e9 et le pr\u00e9sent de cette vall\u00e9e. Le nom de <em>Vall de Lord<\/em> est connu depuis le IXe si\u00e8cle, \u00e9poque de Guifred le Velu (Guifr\u00e9 el Pil\u00f3s); il apparut dans la vall\u00e9e en une de ses actions les plus importantes: le repeuplement et la r\u00e9organisation de la Catalogne centrale. Dans le pass\u00e9, <em>la Vall de Lord<\/em> fut subdivis\u00e9 en deux r\u00e9gions: <em>la Vall de Lord sobirana<\/em>, qui comprenait les municipalit\u00e9s de <em>Sant Lloren\u00e7 de Morunys<\/em>, <em>La Coma i La Pedra<\/em> et <em>Guixers<\/em>, et <em>la Vall de Lord Jussana<\/em>, qui comprenait les municipalit\u00e9s de <em>Nav\u00e8s <\/em>(<em>Serra de Busa<\/em>, <em>la Llosa<\/em> et <em>Aiguadora<\/em>). Pendant la m\u00eame \u00e9poque, <em>la Vall de Lord<\/em> avait dans son territoire trois ch\u00e2teaux: le ch\u00e2teau de Sisquer, le ch\u00e2teau de Castelltort et le ch\u00e2teau de La Pedra, lesquels furent utilis\u00e9s pour la surveillance de ces terres.<\/p>\n<p>&nbsp;<\/p>\n<p><span style=\"font-weight: 400;\">Entre les XI\u00e8me et XII\u00e8me si\u00e8cles \u00e9tait le moment o\u00f9 se construisent la plupart de la quarantaine d\u2019ermitages romans qu\u2019il y a diss\u00e9min\u00e9s tout au long de la vall\u00e9e, surtout dans les municipalit\u00e9s de<\/span><i><span style=\"font-weight: 400;\"> La Coma i la Pedra<\/span><\/i><span style=\"font-weight: 400;\"> et <\/span><i><span style=\"font-weight: 400;\">Guixers<\/span><\/i><span style=\"font-weight: 400;\">.<\/span><\/p>\n<p>&nbsp;<\/p>\n<p><img loading=\"lazy\" decoding=\"async\" class=\"alignleft wp-image-3901\" src=\"http:\/\/lavalldelord.com\/wp-content\/uploads\/2017\/03\/IMG_20160713_201159-600x338.jpg\" alt=\"\" width=\"290\" height=\"163\" srcset=\"https:\/\/lavalldelord.com\/wp-content\/uploads\/2017\/03\/IMG_20160713_201159-600x338.jpg 600w, https:\/\/lavalldelord.com\/wp-content\/uploads\/2017\/03\/IMG_20160713_201159-400x225.jpg 400w, https:\/\/lavalldelord.com\/wp-content\/uploads\/2017\/03\/IMG_20160713_201159-768x432.jpg 768w, https:\/\/lavalldelord.com\/wp-content\/uploads\/2017\/03\/IMG_20160713_201159-1024x576.jpg 1024w\" sizes=\"auto, (max-width: 290px) 100vw, 290px\" \/>D\u00e8s le XIIIe si\u00e8cle jusqu\u2019au XIXe si\u00e8cle, dans le village de <em>Sant Lloren\u00e7 de Morunys<\/em> se tissait et se commercialisait le connu \u201c<em>drap piteu<\/em>\u201d, tissu de laine qui devenu la principale source \u00e9conomique de la vall\u00e9e. D\u00e9j\u00e0 au XIXe si\u00e8cle, <em>la Vall de Lord <\/em>abritait plusieurs \u00e9v\u00e9nements historiques d\u2019un grand impact:<\/p>\n<p>La cha\u00eene de montagne de <em>Busa <\/em>fut utilis\u00e9e comme un champ d\u2019instruction militaire pendant la guerre p\u00e9ninsulaire. Une preuve est la prison naturelle <em>de Busa<\/em>, situ\u00e9 dans le lieu connue comme <em>el Capolatell<\/em>; l\u00e0, les prisonniers Fran\u00e7aises furent laiss\u00e9s isol\u00e9es. Cependant, <em>Busa <\/em>fut aussi le premier lieu apr\u00e8s la cit\u00e9 de Cadiz o\u00f9 il fut proclam\u00e9 la Constitution de 1812.<\/p>\n<p>N\u00e9anmoins, et malgr\u00e9 de la proximit\u00e9, le village de <em>Sant Lloren\u00e7 de Morunys<\/em> choisit de ne la pas jurer, et \u00e7a provoqu\u00e9 une grave cons\u00e9quence: son br\u00fblage presque enti\u00e8rement le 20 janvier de 1823.<\/p>\n<p><img loading=\"lazy\" decoding=\"async\" class=\"aligncenter wp-image-3900\" src=\"http:\/\/lavalldelord.com\/wp-content\/uploads\/2017\/03\/fotografia_historia-600x308.jpg\" alt=\"\" width=\"469\" height=\"241\" srcset=\"https:\/\/lavalldelord.com\/wp-content\/uploads\/2017\/03\/fotografia_historia-600x308.jpg 600w, https:\/\/lavalldelord.com\/wp-content\/uploads\/2017\/03\/fotografia_historia-400x205.jpg 400w, https:\/\/lavalldelord.com\/wp-content\/uploads\/2017\/03\/fotografia_historia-768x394.jpg 768w, https:\/\/lavalldelord.com\/wp-content\/uploads\/2017\/03\/fotografia_historia.jpg 1000w\" sizes=\"auto, (max-width: 469px) 100vw, 469px\" \/><\/p>\n<p>Quelques ann\u00e9es plus tard, en 1836 et pendant les guerres carlistes, le Sanctuaire de <em>Lord <\/em>devint l\u2019\u00e9picentre d\u2019un conflit arm\u00e9 entre lib\u00e9raux et carlistes. Les carlistes \u00e9tablies dans le sanctuaire furent harcel\u00e9s et attaqu\u00e9s par les lib\u00e9raux. Le conflit termina avec la mort de tous les carlistes et la destruction totale du sanctuaire.<\/p>\n<p>Finalement, au XX\u00e8me si\u00e8cle, et m\u00eame que plusieurs lieux du territoire, <em>la Vall de Lord<\/em> re\u00e7ut des ravages et des cons\u00e9quences de la Guerre Civile espagnole, avec le br\u00fblage de plusieurs \u0153uvres d\u2019art religieux ou la destruction de ponts.<\/p>","protected":false},"excerpt":{"rendered":"<p>La Vall de Lord terre d\u2019histoire. Date d\u00e9j\u00e0 du IXe si\u00e8cle, elle a eu plusieurs \u00e9pisodes d\u2019une grande importance qui [&hellip;]<\/p>\n","protected":false},"author":3,"featured_media":3905,"parent":3496,"menu_order":93,"comment_status":"closed","ping_status":"closed","template":"","meta":{"_acf_changed":false,"_exactmetrics_skip_tracking":false,"_exactmetrics_sitenote_active":false,"_exactmetrics_sitenote_note":"","_exactmetrics_sitenote_category":0,"_joinchat":[],"footnotes":""},"class_list":["post-3526","page","type-page","status-publish","has-post-thumbnail","hentry"],"acf":[],"yoast_head":"<!-- This site is optimized with the Yoast SEO plugin v27.5 - https:\/\/yoast.com\/product\/yoast-seo-wordpress\/ -->\n<title>Histoire - La Vall de Lord<\/title>\n<meta name=\"description\" content=\"Hist\u00f2ria de la Vall de Lord, territori de l&#039;Alt Solson\u00e8s documentat des del segle IX, escenari de diferents episodis de gran rellev\u00e0ncia\" \/>\n<meta name=\"robots\" content=\"index, follow, max-snippet:-1, max-image-preview:large, max-video-preview:-1\" \/>\n<link rel=\"canonical\" href=\"https:\/\/lavalldelord.com\/fr\/la-vall-de-lord\/historia\/\" \/>\n<meta property=\"og:locale\" content=\"fr_FR\" \/>\n<meta property=\"og:type\" content=\"article\" \/>\n<meta property=\"og:title\" content=\"Histoire - La Vall de Lord\" \/>\n<meta property=\"og:description\" content=\"Hist\u00f2ria de la Vall de Lord, territori de l&#039;Alt Solson\u00e8s documentat des del segle IX, escenari de diferents episodis de gran rellev\u00e0ncia\" \/>\n<meta property=\"og:url\" content=\"https:\/\/lavalldelord.com\/fr\/la-vall-de-lord\/historia\/\" \/>\n<meta property=\"og:site_name\" content=\"La Vall de Lord\" \/>\n<meta property=\"article:publisher\" content=\"https:\/\/www.facebook.com\/turismevalldelord\" \/>\n<meta property=\"article:modified_time\" content=\"2026-04-27T09:51:35+00:00\" \/>\n<meta property=\"og:image\" content=\"https:\/\/lavalldelord.com\/wp-content\/uploads\/2017\/03\/sant_serni-1.jpg\" \/>\n\t<meta property=\"og:image:width\" content=\"1000\" \/>\n\t<meta property=\"og:image:height\" content=\"748\" \/>\n\t<meta property=\"og:image:type\" content=\"image\/jpeg\" \/>\n<meta name=\"twitter:card\" content=\"summary_large_image\" \/>\n<meta name=\"twitter:site\" content=\"@valldelord\" \/>\n<meta name=\"twitter:label1\" content=\"Dur\u00e9e de lecture estim\u00e9e\" \/>\n\t<meta name=\"twitter:data1\" content=\"4 minutes\" \/>\n<script type=\"application\/ld+json\" class=\"yoast-schema-graph\">{\"@context\":\"https:\\\/\\\/schema.org\",\"@graph\":[{\"@type\":\"WebPage\",\"@id\":\"https:\\\/\\\/lavalldelord.com\\\/fr\\\/la-vall-de-lord\\\/historia\\\/\",\"url\":\"https:\\\/\\\/lavalldelord.com\\\/fr\\\/la-vall-de-lord\\\/historia\\\/\",\"name\":\"Histoire - La Vall de Lord\",\"isPartOf\":{\"@id\":\"https:\\\/\\\/lavalldelord.com\\\/fr\\\/#website\"},\"primaryImageOfPage\":{\"@id\":\"https:\\\/\\\/lavalldelord.com\\\/fr\\\/la-vall-de-lord\\\/historia\\\/#primaryimage\"},\"image\":{\"@id\":\"https:\\\/\\\/lavalldelord.com\\\/la-vall-de-lord\\\/historia\\\/#primaryimage\"},\"thumbnailUrl\":\"https:\\\/\\\/lavalldelord.com\\\/wp-content\\\/uploads\\\/2017\\\/03\\\/sant_serni-1.jpg\",\"datePublished\":\"2017-03-15T15:03:05+00:00\",\"dateModified\":\"2026-04-27T09:51:35+00:00\",\"description\":\"Hist\u00f2ria de la Vall de Lord, territori de l'Alt Solson\u00e8s documentat des del segle IX, escenari de diferents episodis de gran rellev\u00e0ncia\",\"breadcrumb\":{\"@id\":\"https:\\\/\\\/lavalldelord.com\\\/fr\\\/la-vall-de-lord\\\/historia\\\/#breadcrumb\"},\"inLanguage\":\"fr-FR\",\"potentialAction\":[{\"@type\":\"ReadAction\",\"target\":[[\"https:\\\/\\\/lavalldelord.com\\\/fr\\\/la-vall-de-lord\\\/historia\\\/\"]]}]},{\"@type\":\"ImageObject\",\"inLanguage\":\"fr-FR\",\"@id\":\"https:\\\/\\\/lavalldelord.com\\\/fr\\\/la-vall-de-lord\\\/historia\\\/#primaryimage\",\"url\":\"https:\\\/\\\/lavalldelord.com\\\/wp-content\\\/uploads\\\/2017\\\/03\\\/sant_serni-1.jpg\",\"contentUrl\":\"https:\\\/\\\/lavalldelord.com\\\/wp-content\\\/uploads\\\/2017\\\/03\\\/sant_serni-1.jpg\",\"width\":1000,\"height\":748},{\"@type\":\"BreadcrumbList\",\"@id\":\"https:\\\/\\\/lavalldelord.com\\\/fr\\\/la-vall-de-lord\\\/historia\\\/#breadcrumb\",\"itemListElement\":[{\"@type\":\"ListItem\",\"position\":1,\"name\":\"Inici\",\"item\":\"https:\\\/\\\/lavalldelord.com\\\/fr\\\/\"},{\"@type\":\"ListItem\",\"position\":2,\"name\":\"La Vall de Lord\",\"item\":\"https:\\\/\\\/lavalldelord.com\\\/fr\\\/la-vall-de-lord\\\/\"},{\"@type\":\"ListItem\",\"position\":3,\"name\":\"Hist\u00f2ria\"}]},{\"@type\":\"WebSite\",\"@id\":\"https:\\\/\\\/lavalldelord.com\\\/fr\\\/#website\",\"url\":\"https:\\\/\\\/lavalldelord.com\\\/fr\\\/\",\"name\":\"Turisme Vall de Lord\",\"description\":\"Portal tur\u00edstic de la Vall de Lord, naturalment!\",\"publisher\":{\"@id\":\"https:\\\/\\\/lavalldelord.com\\\/fr\\\/#organization\"},\"potentialAction\":[{\"@type\":\"SearchAction\",\"target\":{\"@type\":\"EntryPoint\",\"urlTemplate\":\"https:\\\/\\\/lavalldelord.com\\\/fr\\\/?s={search_term_string}\"},\"query-input\":{\"@type\":\"PropertyValueSpecification\",\"valueRequired\":true,\"valueName\":\"search_term_string\"}}],\"inLanguage\":\"fr-FR\"},{\"@type\":\"Organization\",\"@id\":\"https:\\\/\\\/lavalldelord.com\\\/fr\\\/#organization\",\"name\":\"La Vall de Lord\",\"url\":\"https:\\\/\\\/lavalldelord.com\\\/fr\\\/\",\"logo\":{\"@type\":\"ImageObject\",\"inLanguage\":\"fr-FR\",\"@id\":\"https:\\\/\\\/lavalldelord.com\\\/fr\\\/#\\\/schema\\\/logo\\\/image\\\/\",\"url\":\"https:\\\/\\\/lavalldelord.com\\\/wp-content\\\/uploads\\\/2024\\\/02\\\/DJI_0864_websize.jpg\",\"contentUrl\":\"https:\\\/\\\/lavalldelord.com\\\/wp-content\\\/uploads\\\/2024\\\/02\\\/DJI_0864_websize.jpg\",\"width\":1600,\"height\":899,\"caption\":\"La Vall de Lord\"},\"image\":{\"@id\":\"https:\\\/\\\/lavalldelord.com\\\/fr\\\/#\\\/schema\\\/logo\\\/image\\\/\"},\"sameAs\":[\"https:\\\/\\\/www.facebook.com\\\/turismevalldelord\",\"https:\\\/\\\/x.com\\\/valldelord\",\"https:\\\/\\\/www.instagram.com\\\/turismevalldelord\"]}]}<\/script>\n<!-- \/ Yoast SEO plugin. -->","yoast_head_json":{"title":"Histoire - La Vall de Lord","description":"Hist\u00f2ria de la Vall de Lord, territori de l'Alt Solson\u00e8s documentat des del segle IX, escenari de diferents episodis de gran rellev\u00e0ncia","robots":{"index":"index","follow":"follow","max-snippet":"max-snippet:-1","max-image-preview":"max-image-preview:large","max-video-preview":"max-video-preview:-1"},"canonical":"https:\/\/lavalldelord.com\/fr\/la-vall-de-lord\/historia\/","og_locale":"fr_FR","og_type":"article","og_title":"Histoire - La Vall de Lord","og_description":"Hist\u00f2ria de la Vall de Lord, territori de l'Alt Solson\u00e8s documentat des del segle IX, escenari de diferents episodis de gran rellev\u00e0ncia","og_url":"https:\/\/lavalldelord.com\/fr\/la-vall-de-lord\/historia\/","og_site_name":"La Vall de Lord","article_publisher":"https:\/\/www.facebook.com\/turismevalldelord","article_modified_time":"2026-04-27T09:51:35+00:00","og_image":[{"width":1000,"height":748,"url":"https:\/\/lavalldelord.com\/wp-content\/uploads\/2017\/03\/sant_serni-1.jpg","type":"image\/jpeg"}],"twitter_card":"summary_large_image","twitter_site":"@valldelord","twitter_misc":{"Dur\u00e9e de lecture estim\u00e9e":"4 minutes"},"schema":{"@context":"https:\/\/schema.org","@graph":[{"@type":"WebPage","@id":"https:\/\/lavalldelord.com\/fr\/la-vall-de-lord\/historia\/","url":"https:\/\/lavalldelord.com\/fr\/la-vall-de-lord\/historia\/","name":"Histoire - La Vall de Lord","isPartOf":{"@id":"https:\/\/lavalldelord.com\/fr\/#website"},"primaryImageOfPage":{"@id":"https:\/\/lavalldelord.com\/fr\/la-vall-de-lord\/historia\/#primaryimage"},"image":{"@id":"https:\/\/lavalldelord.com\/la-vall-de-lord\/historia\/#primaryimage"},"thumbnailUrl":"https:\/\/lavalldelord.com\/wp-content\/uploads\/2017\/03\/sant_serni-1.jpg","datePublished":"2017-03-15T15:03:05+00:00","dateModified":"2026-04-27T09:51:35+00:00","description":"Hist\u00f2ria de la Vall de Lord, territori de l'Alt Solson\u00e8s documentat des del segle IX, escenari de diferents episodis de gran rellev\u00e0ncia","breadcrumb":{"@id":"https:\/\/lavalldelord.com\/fr\/la-vall-de-lord\/historia\/#breadcrumb"},"inLanguage":"fr-FR","potentialAction":[{"@type":"ReadAction","target":[["https:\/\/lavalldelord.com\/fr\/la-vall-de-lord\/historia\/"]]}]},{"@type":"ImageObject","inLanguage":"fr-FR","@id":"https:\/\/lavalldelord.com\/fr\/la-vall-de-lord\/historia\/#primaryimage","url":"https:\/\/lavalldelord.com\/wp-content\/uploads\/2017\/03\/sant_serni-1.jpg","contentUrl":"https:\/\/lavalldelord.com\/wp-content\/uploads\/2017\/03\/sant_serni-1.jpg","width":1000,"height":748},{"@type":"BreadcrumbList","@id":"https:\/\/lavalldelord.com\/fr\/la-vall-de-lord\/historia\/#breadcrumb","itemListElement":[{"@type":"ListItem","position":1,"name":"Inici","item":"https:\/\/lavalldelord.com\/fr\/"},{"@type":"ListItem","position":2,"name":"La Vall de Lord","item":"https:\/\/lavalldelord.com\/fr\/la-vall-de-lord\/"},{"@type":"ListItem","position":3,"name":"Hist\u00f2ria"}]},{"@type":"WebSite","@id":"https:\/\/lavalldelord.com\/fr\/#website","url":"https:\/\/lavalldelord.com\/fr\/","name":"Turisme Vall de Lord","description":"Portal tur\u00edstic de la Vall de Lord, naturalment!","publisher":{"@id":"https:\/\/lavalldelord.com\/fr\/#organization"},"potentialAction":[{"@type":"SearchAction","target":{"@type":"EntryPoint","urlTemplate":"https:\/\/lavalldelord.com\/fr\/?s={search_term_string}"},"query-input":{"@type":"PropertyValueSpecification","valueRequired":true,"valueName":"search_term_string"}}],"inLanguage":"fr-FR"},{"@type":"Organization","@id":"https:\/\/lavalldelord.com\/fr\/#organization","name":"La Vall de Lord","url":"https:\/\/lavalldelord.com\/fr\/","logo":{"@type":"ImageObject","inLanguage":"fr-FR","@id":"https:\/\/lavalldelord.com\/fr\/#\/schema\/logo\/image\/","url":"https:\/\/lavalldelord.com\/wp-content\/uploads\/2024\/02\/DJI_0864_websize.jpg","contentUrl":"https:\/\/lavalldelord.com\/wp-content\/uploads\/2024\/02\/DJI_0864_websize.jpg","width":1600,"height":899,"caption":"La Vall de Lord"},"image":{"@id":"https:\/\/lavalldelord.com\/fr\/#\/schema\/logo\/image\/"},"sameAs":["https:\/\/www.facebook.com\/turismevalldelord","https:\/\/x.com\/valldelord","https:\/\/www.instagram.com\/turismevalldelord"]}]}},"_links":{"self":[{"href":"https:\/\/lavalldelord.com\/fr\/wp-json\/wp\/v2\/pages\/3526","targetHints":{"allow":["GET"]}}],"collection":[{"href":"https:\/\/lavalldelord.com\/fr\/wp-json\/wp\/v2\/pages"}],"about":[{"href":"https:\/\/lavalldelord.com\/fr\/wp-json\/wp\/v2\/types\/page"}],"author":[{"embeddable":true,"href":"https:\/\/lavalldelord.com\/fr\/wp-json\/wp\/v2\/users\/3"}],"replies":[{"embeddable":true,"href":"https:\/\/lavalldelord.com\/fr\/wp-json\/wp\/v2\/comments?post=3526"}],"version-history":[{"count":61,"href":"https:\/\/lavalldelord.com\/fr\/wp-json\/wp\/v2\/pages\/3526\/revisions"}],"predecessor-version":[{"id":13853,"href":"https:\/\/lavalldelord.com\/fr\/wp-json\/wp\/v2\/pages\/3526\/revisions\/13853"}],"up":[{"embeddable":true,"href":"https:\/\/lavalldelord.com\/fr\/wp-json\/wp\/v2\/pages\/3496"}],"wp:featuredmedia":[{"embeddable":true,"href":"https:\/\/lavalldelord.com\/fr\/wp-json\/wp\/v2\/media\/3905"}],"wp:attachment":[{"href":"https:\/\/lavalldelord.com\/fr\/wp-json\/wp\/v2\/media?parent=3526"}],"curies":[{"name":"wp","href":"https:\/\/api.w.org\/{rel}","templated":true}]}}