{"id":3528,"date":"2017-03-15T15:03:18","date_gmt":"2017-03-15T15:03:18","guid":{"rendered":"http:\/\/lavalldelord.com.mialias.net\/?page_id=3528"},"modified":"2025-12-21T10:31:27","modified_gmt":"2025-12-21T09:31:27","slug":"entorn","status":"publish","type":"page","link":"https:\/\/lavalldelord.com\/fr\/la-vall-de-lord\/entorn\/","title":{"rendered":"Environnement"},"content":{"rendered":"<p><\/p>\n<h2 style=\"text-align: center;\">La <em>Vall de Lord <\/em>est nature\u00a0!<\/h2>\n<p style=\"text-align: center;\">La <em>Vall de Lord<\/em> est une petite vall\u00e9e situ\u00e9 au haut du <em>Solson\u00e8s<\/em> et qui pr\u00e9sente une combinaison parfaite de tous les \u00e9l\u00e9ments caract\u00e9ristiques du Pre Pyr\u00e9n\u00e9en\u00a0: <strong>cha\u00eenes de montagne, rivi\u00e8res, v\u00e9g\u00e9tation et animaux<\/strong>.<\/p>\n<p>&nbsp;<\/p>\n<p>La <em>Vall de Lord <\/em>est limit\u00e9 \u00e0 l\u2019ouest et le nord-ouest par la cha\u00eene de montagne de <em>Port del Comte<\/em>, au nord-est par la cha\u00eene de montagnes du <em>Verd<\/em>, \u00e0 l\u2019est par <em>els Rasos de Peguera<\/em> et par les cha\u00eenes de montagnes de <em>Busa<\/em> et <em>Bastets<\/em> au sud. En unes de ces cha\u00eenes de montagnes, ses roches ont formes curieuses et extravagantes comme le cas de les cha\u00eenes de montagnes de <em>Busa<\/em> et <em>Bastets<\/em> ou <em>la Mola de Lord<\/em>. Sa formation est et a \u00e9t\u00e9 objet d\u2019\u00e9tudes g\u00e9ologiques au niveau mondial.<\/p>\n<p><img decoding=\"async\" src=\"http:\/\/lavalldelord.com\/wp-content\/uploads\/2017\/03\/panoramica_busa_petita-600x160.jpg\" \/><\/p>\n<p>&nbsp;<\/p>\n<p>Entre les cha\u00eenes de montagnes qui entourent la <em>Vall de Lord<\/em>, s\u2019y \u00e9tablissent une grande quantit\u00e9 de torrents et sentiers, qui sont les que alimentent en \u00e9poques pluvieuses les principales rivi\u00e8res de la zone: la rivi\u00e8re <em>Cardener<\/em>, avec son source que se peut contempler en la municipalit\u00e9 de <em>La Coma i La Pedra<\/em>, et la rivi\u00e8re <em>Aigua de Valls<\/em> qui se passe par la municipalit\u00e9 de <em>Guixers<\/em>.<\/p>\n<p>&nbsp;<\/p>\n<p><img loading=\"lazy\" decoding=\"async\" class=\"alignright\" src=\"http:\/\/lavalldelord.com\/wp-content\/uploads\/2017\/03\/arre_natura-600x400.jpg\" width=\"380\" height=\"254\" \/><\/p>\n<p>Les diff\u00e9rentes cha\u00eenes de montagnes et ses rivi\u00e8res se trouvent pleines de v\u00e9g\u00e9tation, laquelle est tr\u00e8s diverse gr\u00e2ce \u00e0 la forte variabilit\u00e9 qu\u2019a le terrain. En cet environnement pr\u00e9dominent les paysages prepyr\u00e9n\u00e9ens avec pr\u00e9s subalpins et for\u00eats de pin mugo aux parts plus hautes et ch\u00eanaies et for\u00eats de pin sylvestre aux zones plus d\u00e9prim\u00e9. Cette variabilit\u00e9 fait que le paysage au printemps et a l\u2019\u00e9t\u00e9 se peint avec diff\u00e9rents teintes de vert et pendant l\u2019automne adopte diff\u00e9rents contrastes de rouges, oranges et jaunes.<\/p>\n<p>Les diff\u00e9rents for\u00eats et montagnes h\u00e9bergent aussi une grande quantit\u00e9 de faune en incluant les populations de grand t\u00e9tras, chamois, chevreuils, rapaces et une grande quantit\u00e9 d\u2019insectes et amphibiens.<\/p>\n<p>&nbsp;<\/p>","protected":false},"excerpt":{"rendered":"<p>La Vall de Lord est nature\u00a0! La Vall de Lord est une petite vall\u00e9e situ\u00e9 au haut du Solson\u00e8s et [&hellip;]<\/p>\n","protected":false},"author":3,"featured_media":3908,"parent":3496,"menu_order":91,"comment_status":"closed","ping_status":"closed","template":"","meta":{"_acf_changed":false,"_exactmetrics_skip_tracking":false,"_exactmetrics_sitenote_active":false,"_exactmetrics_sitenote_note":"","_exactmetrics_sitenote_category":0,"_joinchat":[],"footnotes":""},"class_list":["post-3528","page","type-page","status-publish","has-post-thumbnail","hentry"],"acf":[],"yoast_head":"<!-- This site is optimized with the Yoast SEO plugin v27.5 - https:\/\/yoast.com\/product\/yoast-seo-wordpress\/ -->\n<title>Entorn - La Vall de Lord \u00e9s natura<\/title>\n<meta name=\"description\" content=\"La Vall de Lord \u00e9s natura, una combinaci\u00f3 dels elements naturals caracter\u00edstics del Prepirineu: muntanyes, rius, vegetaci\u00f3 i animals\" \/>\n<meta name=\"robots\" content=\"index, follow, max-snippet:-1, max-image-preview:large, max-video-preview:-1\" \/>\n<link rel=\"canonical\" href=\"https:\/\/lavalldelord.com\/fr\/la-vall-de-lord\/entorn\/\" \/>\n<meta property=\"og:locale\" content=\"fr_FR\" \/>\n<meta property=\"og:type\" content=\"article\" \/>\n<meta property=\"og:title\" content=\"Entorn - La Vall de Lord \u00e9s natura\" \/>\n<meta property=\"og:description\" content=\"La Vall de Lord \u00e9s natura, una combinaci\u00f3 dels elements naturals caracter\u00edstics del Prepirineu: muntanyes, rius, vegetaci\u00f3 i animals\" \/>\n<meta property=\"og:url\" content=\"https:\/\/lavalldelord.com\/fr\/la-vall-de-lord\/entorn\/\" \/>\n<meta property=\"og:site_name\" content=\"La Vall de Lord\" \/>\n<meta property=\"article:publisher\" content=\"https:\/\/www.facebook.com\/turismevalldelord\" \/>\n<meta property=\"article:modified_time\" content=\"2025-12-21T09:31:27+00:00\" \/>\n<meta property=\"og:image\" content=\"https:\/\/lavalldelord.com\/wp-content\/uploads\/2017\/03\/arbres_bosc.jpg\" \/>\n\t<meta property=\"og:image:width\" content=\"800\" \/>\n\t<meta property=\"og:image:height\" content=\"533\" \/>\n\t<meta property=\"og:image:type\" content=\"image\/jpeg\" \/>\n<meta name=\"twitter:card\" content=\"summary_large_image\" \/>\n<meta name=\"twitter:site\" content=\"@valldelord\" \/>\n<meta name=\"twitter:label1\" content=\"Dur\u00e9e de lecture estim\u00e9e\" \/>\n\t<meta name=\"twitter:data1\" content=\"3 minutes\" \/>\n<script type=\"application\/ld+json\" class=\"yoast-schema-graph\">{\"@context\":\"https:\\\/\\\/schema.org\",\"@graph\":[{\"@type\":\"WebPage\",\"@id\":\"https:\\\/\\\/lavalldelord.com\\\/fr\\\/la-vall-de-lord\\\/entorn\\\/\",\"url\":\"https:\\\/\\\/lavalldelord.com\\\/fr\\\/la-vall-de-lord\\\/entorn\\\/\",\"name\":\"Entorn - La Vall de Lord \u00e9s natura\",\"isPartOf\":{\"@id\":\"https:\\\/\\\/lavalldelord.com\\\/fr\\\/#website\"},\"primaryImageOfPage\":{\"@id\":\"https:\\\/\\\/lavalldelord.com\\\/fr\\\/la-vall-de-lord\\\/entorn\\\/#primaryimage\"},\"image\":{\"@id\":\"https:\\\/\\\/lavalldelord.com\\\/la-vall-de-lord\\\/entorn\\\/#primaryimage\"},\"thumbnailUrl\":\"https:\\\/\\\/lavalldelord.com\\\/wp-content\\\/uploads\\\/2017\\\/03\\\/arbres_bosc.jpg\",\"datePublished\":\"2017-03-15T15:03:18+00:00\",\"dateModified\":\"2025-12-21T09:31:27+00:00\",\"description\":\"La Vall de Lord \u00e9s natura, una combinaci\u00f3 dels elements naturals caracter\u00edstics del Prepirineu: muntanyes, rius, vegetaci\u00f3 i animals\",\"breadcrumb\":{\"@id\":\"https:\\\/\\\/lavalldelord.com\\\/fr\\\/la-vall-de-lord\\\/entorn\\\/#breadcrumb\"},\"inLanguage\":\"fr-FR\",\"potentialAction\":[{\"@type\":\"ReadAction\",\"target\":[[\"https:\\\/\\\/lavalldelord.com\\\/fr\\\/la-vall-de-lord\\\/entorn\\\/\"]]}]},{\"@type\":\"ImageObject\",\"inLanguage\":\"fr-FR\",\"@id\":\"https:\\\/\\\/lavalldelord.com\\\/fr\\\/la-vall-de-lord\\\/entorn\\\/#primaryimage\",\"url\":\"https:\\\/\\\/lavalldelord.com\\\/wp-content\\\/uploads\\\/2017\\\/03\\\/arbres_bosc.jpg\",\"contentUrl\":\"https:\\\/\\\/lavalldelord.com\\\/wp-content\\\/uploads\\\/2017\\\/03\\\/arbres_bosc.jpg\",\"width\":800,\"height\":533},{\"@type\":\"BreadcrumbList\",\"@id\":\"https:\\\/\\\/lavalldelord.com\\\/fr\\\/la-vall-de-lord\\\/entorn\\\/#breadcrumb\",\"itemListElement\":[{\"@type\":\"ListItem\",\"position\":1,\"name\":\"Inici\",\"item\":\"https:\\\/\\\/lavalldelord.com\\\/fr\\\/\"},{\"@type\":\"ListItem\",\"position\":2,\"name\":\"La Vall de Lord\",\"item\":\"https:\\\/\\\/lavalldelord.com\\\/fr\\\/la-vall-de-lord\\\/\"},{\"@type\":\"ListItem\",\"position\":3,\"name\":\"Entorn\"}]},{\"@type\":\"WebSite\",\"@id\":\"https:\\\/\\\/lavalldelord.com\\\/fr\\\/#website\",\"url\":\"https:\\\/\\\/lavalldelord.com\\\/fr\\\/\",\"name\":\"Turisme Vall de Lord\",\"description\":\"Portal tur\u00edstic de la Vall de Lord, naturalment!\",\"publisher\":{\"@id\":\"https:\\\/\\\/lavalldelord.com\\\/fr\\\/#organization\"},\"potentialAction\":[{\"@type\":\"SearchAction\",\"target\":{\"@type\":\"EntryPoint\",\"urlTemplate\":\"https:\\\/\\\/lavalldelord.com\\\/fr\\\/?s={search_term_string}\"},\"query-input\":{\"@type\":\"PropertyValueSpecification\",\"valueRequired\":true,\"valueName\":\"search_term_string\"}}],\"inLanguage\":\"fr-FR\"},{\"@type\":\"Organization\",\"@id\":\"https:\\\/\\\/lavalldelord.com\\\/fr\\\/#organization\",\"name\":\"La Vall de Lord\",\"url\":\"https:\\\/\\\/lavalldelord.com\\\/fr\\\/\",\"logo\":{\"@type\":\"ImageObject\",\"inLanguage\":\"fr-FR\",\"@id\":\"https:\\\/\\\/lavalldelord.com\\\/fr\\\/#\\\/schema\\\/logo\\\/image\\\/\",\"url\":\"https:\\\/\\\/lavalldelord.com\\\/wp-content\\\/uploads\\\/2024\\\/02\\\/DJI_0864_websize.jpg\",\"contentUrl\":\"https:\\\/\\\/lavalldelord.com\\\/wp-content\\\/uploads\\\/2024\\\/02\\\/DJI_0864_websize.jpg\",\"width\":1600,\"height\":899,\"caption\":\"La Vall de Lord\"},\"image\":{\"@id\":\"https:\\\/\\\/lavalldelord.com\\\/fr\\\/#\\\/schema\\\/logo\\\/image\\\/\"},\"sameAs\":[\"https:\\\/\\\/www.facebook.com\\\/turismevalldelord\",\"https:\\\/\\\/x.com\\\/valldelord\",\"https:\\\/\\\/www.instagram.com\\\/turismevalldelord\"]}]}<\/script>\n<!-- \/ Yoast SEO plugin. -->","yoast_head_json":{"title":"Entorn - La Vall de Lord \u00e9s natura","description":"La Vall de Lord \u00e9s natura, una combinaci\u00f3 dels elements naturals caracter\u00edstics del Prepirineu: muntanyes, rius, vegetaci\u00f3 i animals","robots":{"index":"index","follow":"follow","max-snippet":"max-snippet:-1","max-image-preview":"max-image-preview:large","max-video-preview":"max-video-preview:-1"},"canonical":"https:\/\/lavalldelord.com\/fr\/la-vall-de-lord\/entorn\/","og_locale":"fr_FR","og_type":"article","og_title":"Entorn - La Vall de Lord \u00e9s natura","og_description":"La Vall de Lord \u00e9s natura, una combinaci\u00f3 dels elements naturals caracter\u00edstics del Prepirineu: muntanyes, rius, vegetaci\u00f3 i animals","og_url":"https:\/\/lavalldelord.com\/fr\/la-vall-de-lord\/entorn\/","og_site_name":"La Vall de Lord","article_publisher":"https:\/\/www.facebook.com\/turismevalldelord","article_modified_time":"2025-12-21T09:31:27+00:00","og_image":[{"width":800,"height":533,"url":"https:\/\/lavalldelord.com\/wp-content\/uploads\/2017\/03\/arbres_bosc.jpg","type":"image\/jpeg"}],"twitter_card":"summary_large_image","twitter_site":"@valldelord","twitter_misc":{"Dur\u00e9e de lecture estim\u00e9e":"3 minutes"},"schema":{"@context":"https:\/\/schema.org","@graph":[{"@type":"WebPage","@id":"https:\/\/lavalldelord.com\/fr\/la-vall-de-lord\/entorn\/","url":"https:\/\/lavalldelord.com\/fr\/la-vall-de-lord\/entorn\/","name":"Entorn - La Vall de Lord \u00e9s natura","isPartOf":{"@id":"https:\/\/lavalldelord.com\/fr\/#website"},"primaryImageOfPage":{"@id":"https:\/\/lavalldelord.com\/fr\/la-vall-de-lord\/entorn\/#primaryimage"},"image":{"@id":"https:\/\/lavalldelord.com\/la-vall-de-lord\/entorn\/#primaryimage"},"thumbnailUrl":"https:\/\/lavalldelord.com\/wp-content\/uploads\/2017\/03\/arbres_bosc.jpg","datePublished":"2017-03-15T15:03:18+00:00","dateModified":"2025-12-21T09:31:27+00:00","description":"La Vall de Lord \u00e9s natura, una combinaci\u00f3 dels elements naturals caracter\u00edstics del Prepirineu: muntanyes, rius, vegetaci\u00f3 i animals","breadcrumb":{"@id":"https:\/\/lavalldelord.com\/fr\/la-vall-de-lord\/entorn\/#breadcrumb"},"inLanguage":"fr-FR","potentialAction":[{"@type":"ReadAction","target":[["https:\/\/lavalldelord.com\/fr\/la-vall-de-lord\/entorn\/"]]}]},{"@type":"ImageObject","inLanguage":"fr-FR","@id":"https:\/\/lavalldelord.com\/fr\/la-vall-de-lord\/entorn\/#primaryimage","url":"https:\/\/lavalldelord.com\/wp-content\/uploads\/2017\/03\/arbres_bosc.jpg","contentUrl":"https:\/\/lavalldelord.com\/wp-content\/uploads\/2017\/03\/arbres_bosc.jpg","width":800,"height":533},{"@type":"BreadcrumbList","@id":"https:\/\/lavalldelord.com\/fr\/la-vall-de-lord\/entorn\/#breadcrumb","itemListElement":[{"@type":"ListItem","position":1,"name":"Inici","item":"https:\/\/lavalldelord.com\/fr\/"},{"@type":"ListItem","position":2,"name":"La Vall de Lord","item":"https:\/\/lavalldelord.com\/fr\/la-vall-de-lord\/"},{"@type":"ListItem","position":3,"name":"Entorn"}]},{"@type":"WebSite","@id":"https:\/\/lavalldelord.com\/fr\/#website","url":"https:\/\/lavalldelord.com\/fr\/","name":"Turisme Vall de Lord","description":"Portal tur\u00edstic de la Vall de Lord, naturalment!","publisher":{"@id":"https:\/\/lavalldelord.com\/fr\/#organization"},"potentialAction":[{"@type":"SearchAction","target":{"@type":"EntryPoint","urlTemplate":"https:\/\/lavalldelord.com\/fr\/?s={search_term_string}"},"query-input":{"@type":"PropertyValueSpecification","valueRequired":true,"valueName":"search_term_string"}}],"inLanguage":"fr-FR"},{"@type":"Organization","@id":"https:\/\/lavalldelord.com\/fr\/#organization","name":"La Vall de Lord","url":"https:\/\/lavalldelord.com\/fr\/","logo":{"@type":"ImageObject","inLanguage":"fr-FR","@id":"https:\/\/lavalldelord.com\/fr\/#\/schema\/logo\/image\/","url":"https:\/\/lavalldelord.com\/wp-content\/uploads\/2024\/02\/DJI_0864_websize.jpg","contentUrl":"https:\/\/lavalldelord.com\/wp-content\/uploads\/2024\/02\/DJI_0864_websize.jpg","width":1600,"height":899,"caption":"La Vall de Lord"},"image":{"@id":"https:\/\/lavalldelord.com\/fr\/#\/schema\/logo\/image\/"},"sameAs":["https:\/\/www.facebook.com\/turismevalldelord","https:\/\/x.com\/valldelord","https:\/\/www.instagram.com\/turismevalldelord"]}]}},"_links":{"self":[{"href":"https:\/\/lavalldelord.com\/fr\/wp-json\/wp\/v2\/pages\/3528","targetHints":{"allow":["GET"]}}],"collection":[{"href":"https:\/\/lavalldelord.com\/fr\/wp-json\/wp\/v2\/pages"}],"about":[{"href":"https:\/\/lavalldelord.com\/fr\/wp-json\/wp\/v2\/types\/page"}],"author":[{"embeddable":true,"href":"https:\/\/lavalldelord.com\/fr\/wp-json\/wp\/v2\/users\/3"}],"replies":[{"embeddable":true,"href":"https:\/\/lavalldelord.com\/fr\/wp-json\/wp\/v2\/comments?post=3528"}],"version-history":[{"count":33,"href":"https:\/\/lavalldelord.com\/fr\/wp-json\/wp\/v2\/pages\/3528\/revisions"}],"predecessor-version":[{"id":3916,"href":"https:\/\/lavalldelord.com\/fr\/wp-json\/wp\/v2\/pages\/3528\/revisions\/3916"}],"up":[{"embeddable":true,"href":"https:\/\/lavalldelord.com\/fr\/wp-json\/wp\/v2\/pages\/3496"}],"wp:featuredmedia":[{"embeddable":true,"href":"https:\/\/lavalldelord.com\/fr\/wp-json\/wp\/v2\/media\/3908"}],"wp:attachment":[{"href":"https:\/\/lavalldelord.com\/fr\/wp-json\/wp\/v2\/media?parent=3528"}],"curies":[{"name":"wp","href":"https:\/\/api.w.org\/{rel}","templated":true}]}}