{"id":3530,"date":"2017-03-15T15:04:58","date_gmt":"2017-03-15T15:04:58","guid":{"rendered":"http:\/\/lavalldelord.com.mialias.net\/?page_id=3530"},"modified":"2026-05-04T10:01:49","modified_gmt":"2026-05-04T09:01:49","slug":"oficines-de-turisme","status":"publish","type":"page","link":"https:\/\/lavalldelord.com\/fr\/la-vall-de-lord\/oficines-de-turisme\/","title":{"rendered":"Offices de tourisme"},"content":{"rendered":"<p><\/p>\n<h3>Office de Tourisme de la Vall de Lord<\/h3>\n<p><strong>T\u00e9l\u00e9phone:<\/strong> 973 49 21 81<\/p>\n<p><strong>E-mail:<\/strong> info@lavalldelord.com<\/p>\n<p><strong><img loading=\"lazy\" decoding=\"async\" class=\"wp-image-3633 alignright\" src=\"http:\/\/lavalldelord.com\/wp-content\/uploads\/2017\/03\/oficina_turisme.jpg\" alt=\"\" width=\"323\" height=\"215\" srcset=\"https:\/\/lavalldelord.com\/wp-content\/uploads\/2017\/03\/oficina_turisme.jpg 500w, https:\/\/lavalldelord.com\/wp-content\/uploads\/2017\/03\/oficina_turisme-400x266.jpg 400w\" sizes=\"auto, (max-width: 323px) 100vw, 323px\" \/><\/strong><\/p>\n<h4>Horaires:<\/h4>\n<p>Vendredi de 9:00 a 14:00 i de 15:00 a 20:00<\/p>\n<p>Samedi de\u00a09:00 a 14:00 i de 17:00 a 20:00<\/p>\n<p>Dimanche et f\u00e9ri\u00e9s de 9:00 a 14:00<\/p>\n<p>De lundi a jeudi de 9:00 a 14:00 i de 15:00 a 17:30<\/p>\n<h3><\/h3>\n<p>&nbsp;<\/p>\n<h3><\/h3>\n<h3>Office de Tourisme du Solson\u00e8s<\/h3>\n<p><strong>T\u00e9l\u00e9phone:<\/strong> 973 48 23 10<\/p>\n<p><strong>E-mail:<\/strong> <a href=\"mailto:turisme@turismesolsones.com\" target=\"_blank\" rel=\"noopener noreferrer\">turisme@turismesolsones.com<\/a><\/p>\n<h4>Horaires:<\/h4>\n<p><strong>Horaire d&rsquo;hiver\u00a0<\/strong>(du 12 septembre au 23 juin)<br \/>\nDe lundi \u00e0 samedi: de 10 a 13 h i de 16 a 19 h<br \/>\nDimanche et f\u00e9ri\u00e9s: de 10 a 13 h<\/p>\n<p><strong>Horaire d&rsquo;\u00e9t\u00e9\u00a0<\/strong>(Semaine Sainte et du 24 juin au 11 septembre)<br \/>\nDe lundi \u00e0 vendredi: de 10 a 14 h i de 16 a 19 h<br \/>\nSamedi: de 10 a 13 h i de 16 a 19 h<br \/>\nDimanche et f\u00e9ri\u00e9s: de 10 a 13 h<\/p>\n<p>&nbsp;<\/p>","protected":false},"excerpt":{"rendered":"<p>Office de Tourisme de la Vall de Lord T\u00e9l\u00e9phone: 973 49 21 81 E-mail: info@lavalldelord.com Horaires: Vendredi de 9:00 a [&hellip;]<\/p>\n","protected":false},"author":3,"featured_media":3633,"parent":3496,"menu_order":94,"comment_status":"closed","ping_status":"closed","template":"","meta":{"_acf_changed":false,"_exactmetrics_skip_tracking":false,"_exactmetrics_sitenote_active":false,"_exactmetrics_sitenote_note":"","_exactmetrics_sitenote_category":0,"_joinchat":[],"footnotes":""},"class_list":["post-3530","page","type-page","status-publish","has-post-thumbnail","hentry"],"acf":[],"yoast_head":"<!-- This site is optimized with the Yoast SEO plugin v27.5 - https:\/\/yoast.com\/product\/yoast-seo-wordpress\/ -->\n<title>Oficines de Turisme de la Vall de Lord i el Solson\u00e8s<\/title>\n<meta name=\"description\" content=\"Informaci\u00f3, horaris, ubicaci\u00f3, i tel\u00e8fon i correu de contacte de les Oficines de Turisme de la Vall de Lord i del Solson\u00e8s\" \/>\n<meta name=\"robots\" content=\"index, follow, max-snippet:-1, max-image-preview:large, max-video-preview:-1\" \/>\n<link rel=\"canonical\" href=\"https:\/\/lavalldelord.com\/fr\/la-vall-de-lord\/oficines-de-turisme\/\" \/>\n<meta property=\"og:locale\" content=\"fr_FR\" \/>\n<meta property=\"og:type\" content=\"article\" \/>\n<meta property=\"og:title\" content=\"Oficines de Turisme de la Vall de Lord i el Solson\u00e8s\" \/>\n<meta property=\"og:description\" content=\"Informaci\u00f3, horaris, ubicaci\u00f3, i tel\u00e8fon i correu de contacte de les Oficines de Turisme de la Vall de Lord i del Solson\u00e8s\" \/>\n<meta property=\"og:url\" content=\"https:\/\/lavalldelord.com\/fr\/la-vall-de-lord\/oficines-de-turisme\/\" \/>\n<meta property=\"og:site_name\" content=\"La Vall de Lord\" \/>\n<meta property=\"article:publisher\" content=\"https:\/\/www.facebook.com\/turismevalldelord\" \/>\n<meta property=\"article:modified_time\" content=\"2026-05-04T09:01:49+00:00\" \/>\n<meta property=\"og:image\" content=\"https:\/\/lavalldelord.com\/wp-content\/uploads\/2017\/03\/oficina_turisme.jpg\" \/>\n\t<meta property=\"og:image:width\" content=\"500\" \/>\n\t<meta property=\"og:image:height\" content=\"333\" \/>\n\t<meta property=\"og:image:type\" content=\"image\/jpeg\" \/>\n<meta name=\"twitter:card\" content=\"summary_large_image\" \/>\n<meta name=\"twitter:site\" content=\"@valldelord\" \/>\n<meta name=\"twitter:label1\" content=\"Dur\u00e9e de lecture estim\u00e9e\" \/>\n\t<meta name=\"twitter:data1\" content=\"2 minutes\" \/>\n<script type=\"application\/ld+json\" class=\"yoast-schema-graph\">{\"@context\":\"https:\\\/\\\/schema.org\",\"@graph\":[{\"@type\":\"WebPage\",\"@id\":\"https:\\\/\\\/lavalldelord.com\\\/fr\\\/la-vall-de-lord\\\/oficines-de-turisme\\\/\",\"url\":\"https:\\\/\\\/lavalldelord.com\\\/fr\\\/la-vall-de-lord\\\/oficines-de-turisme\\\/\",\"name\":\"Oficines de Turisme de la Vall de Lord i el Solson\u00e8s\",\"isPartOf\":{\"@id\":\"https:\\\/\\\/lavalldelord.com\\\/fr\\\/#website\"},\"primaryImageOfPage\":{\"@id\":\"https:\\\/\\\/lavalldelord.com\\\/fr\\\/la-vall-de-lord\\\/oficines-de-turisme\\\/#primaryimage\"},\"image\":{\"@id\":\"https:\\\/\\\/lavalldelord.com\\\/la-vall-de-lord\\\/oficines-de-turisme\\\/#primaryimage\"},\"thumbnailUrl\":\"https:\\\/\\\/lavalldelord.com\\\/wp-content\\\/uploads\\\/2017\\\/03\\\/oficina_turisme.jpg\",\"datePublished\":\"2017-03-15T15:04:58+00:00\",\"dateModified\":\"2026-05-04T09:01:49+00:00\",\"description\":\"Informaci\u00f3, horaris, ubicaci\u00f3, i tel\u00e8fon i correu de contacte de les Oficines de Turisme de la Vall de Lord i del Solson\u00e8s\",\"breadcrumb\":{\"@id\":\"https:\\\/\\\/lavalldelord.com\\\/fr\\\/la-vall-de-lord\\\/oficines-de-turisme\\\/#breadcrumb\"},\"inLanguage\":\"fr-FR\",\"potentialAction\":[{\"@type\":\"ReadAction\",\"target\":[[\"https:\\\/\\\/lavalldelord.com\\\/fr\\\/la-vall-de-lord\\\/oficines-de-turisme\\\/\"]]}]},{\"@type\":\"ImageObject\",\"inLanguage\":\"fr-FR\",\"@id\":\"https:\\\/\\\/lavalldelord.com\\\/fr\\\/la-vall-de-lord\\\/oficines-de-turisme\\\/#primaryimage\",\"url\":\"https:\\\/\\\/lavalldelord.com\\\/wp-content\\\/uploads\\\/2017\\\/03\\\/oficina_turisme.jpg\",\"contentUrl\":\"https:\\\/\\\/lavalldelord.com\\\/wp-content\\\/uploads\\\/2017\\\/03\\\/oficina_turisme.jpg\",\"width\":500,\"height\":333},{\"@type\":\"BreadcrumbList\",\"@id\":\"https:\\\/\\\/lavalldelord.com\\\/fr\\\/la-vall-de-lord\\\/oficines-de-turisme\\\/#breadcrumb\",\"itemListElement\":[{\"@type\":\"ListItem\",\"position\":1,\"name\":\"Inici\",\"item\":\"https:\\\/\\\/lavalldelord.com\\\/fr\\\/\"},{\"@type\":\"ListItem\",\"position\":2,\"name\":\"La Vall de Lord\",\"item\":\"https:\\\/\\\/lavalldelord.com\\\/fr\\\/la-vall-de-lord\\\/\"},{\"@type\":\"ListItem\",\"position\":3,\"name\":\"Oficines de turisme\"}]},{\"@type\":\"WebSite\",\"@id\":\"https:\\\/\\\/lavalldelord.com\\\/fr\\\/#website\",\"url\":\"https:\\\/\\\/lavalldelord.com\\\/fr\\\/\",\"name\":\"Turisme Vall de Lord\",\"description\":\"Portal tur\u00edstic de la Vall de Lord, naturalment!\",\"publisher\":{\"@id\":\"https:\\\/\\\/lavalldelord.com\\\/fr\\\/#organization\"},\"potentialAction\":[{\"@type\":\"SearchAction\",\"target\":{\"@type\":\"EntryPoint\",\"urlTemplate\":\"https:\\\/\\\/lavalldelord.com\\\/fr\\\/?s={search_term_string}\"},\"query-input\":{\"@type\":\"PropertyValueSpecification\",\"valueRequired\":true,\"valueName\":\"search_term_string\"}}],\"inLanguage\":\"fr-FR\"},{\"@type\":\"Organization\",\"@id\":\"https:\\\/\\\/lavalldelord.com\\\/fr\\\/#organization\",\"name\":\"La Vall de Lord\",\"url\":\"https:\\\/\\\/lavalldelord.com\\\/fr\\\/\",\"logo\":{\"@type\":\"ImageObject\",\"inLanguage\":\"fr-FR\",\"@id\":\"https:\\\/\\\/lavalldelord.com\\\/fr\\\/#\\\/schema\\\/logo\\\/image\\\/\",\"url\":\"https:\\\/\\\/lavalldelord.com\\\/wp-content\\\/uploads\\\/2024\\\/02\\\/DJI_0864_websize.jpg\",\"contentUrl\":\"https:\\\/\\\/lavalldelord.com\\\/wp-content\\\/uploads\\\/2024\\\/02\\\/DJI_0864_websize.jpg\",\"width\":1600,\"height\":899,\"caption\":\"La Vall de Lord\"},\"image\":{\"@id\":\"https:\\\/\\\/lavalldelord.com\\\/fr\\\/#\\\/schema\\\/logo\\\/image\\\/\"},\"sameAs\":[\"https:\\\/\\\/www.facebook.com\\\/turismevalldelord\",\"https:\\\/\\\/x.com\\\/valldelord\",\"https:\\\/\\\/www.instagram.com\\\/turismevalldelord\"]}]}<\/script>\n<!-- \/ Yoast SEO plugin. -->","yoast_head_json":{"title":"Oficines de Turisme de la Vall de Lord i el Solson\u00e8s","description":"Informaci\u00f3, horaris, ubicaci\u00f3, i tel\u00e8fon i correu de contacte de les Oficines de Turisme de la Vall de Lord i del Solson\u00e8s","robots":{"index":"index","follow":"follow","max-snippet":"max-snippet:-1","max-image-preview":"max-image-preview:large","max-video-preview":"max-video-preview:-1"},"canonical":"https:\/\/lavalldelord.com\/fr\/la-vall-de-lord\/oficines-de-turisme\/","og_locale":"fr_FR","og_type":"article","og_title":"Oficines de Turisme de la Vall de Lord i el Solson\u00e8s","og_description":"Informaci\u00f3, horaris, ubicaci\u00f3, i tel\u00e8fon i correu de contacte de les Oficines de Turisme de la Vall de Lord i del Solson\u00e8s","og_url":"https:\/\/lavalldelord.com\/fr\/la-vall-de-lord\/oficines-de-turisme\/","og_site_name":"La Vall de Lord","article_publisher":"https:\/\/www.facebook.com\/turismevalldelord","article_modified_time":"2026-05-04T09:01:49+00:00","og_image":[{"width":500,"height":333,"url":"https:\/\/lavalldelord.com\/wp-content\/uploads\/2017\/03\/oficina_turisme.jpg","type":"image\/jpeg"}],"twitter_card":"summary_large_image","twitter_site":"@valldelord","twitter_misc":{"Dur\u00e9e de lecture estim\u00e9e":"2 minutes"},"schema":{"@context":"https:\/\/schema.org","@graph":[{"@type":"WebPage","@id":"https:\/\/lavalldelord.com\/fr\/la-vall-de-lord\/oficines-de-turisme\/","url":"https:\/\/lavalldelord.com\/fr\/la-vall-de-lord\/oficines-de-turisme\/","name":"Oficines de Turisme de la Vall de Lord i el Solson\u00e8s","isPartOf":{"@id":"https:\/\/lavalldelord.com\/fr\/#website"},"primaryImageOfPage":{"@id":"https:\/\/lavalldelord.com\/fr\/la-vall-de-lord\/oficines-de-turisme\/#primaryimage"},"image":{"@id":"https:\/\/lavalldelord.com\/la-vall-de-lord\/oficines-de-turisme\/#primaryimage"},"thumbnailUrl":"https:\/\/lavalldelord.com\/wp-content\/uploads\/2017\/03\/oficina_turisme.jpg","datePublished":"2017-03-15T15:04:58+00:00","dateModified":"2026-05-04T09:01:49+00:00","description":"Informaci\u00f3, horaris, ubicaci\u00f3, i tel\u00e8fon i correu de contacte de les Oficines de Turisme de la Vall de Lord i del Solson\u00e8s","breadcrumb":{"@id":"https:\/\/lavalldelord.com\/fr\/la-vall-de-lord\/oficines-de-turisme\/#breadcrumb"},"inLanguage":"fr-FR","potentialAction":[{"@type":"ReadAction","target":[["https:\/\/lavalldelord.com\/fr\/la-vall-de-lord\/oficines-de-turisme\/"]]}]},{"@type":"ImageObject","inLanguage":"fr-FR","@id":"https:\/\/lavalldelord.com\/fr\/la-vall-de-lord\/oficines-de-turisme\/#primaryimage","url":"https:\/\/lavalldelord.com\/wp-content\/uploads\/2017\/03\/oficina_turisme.jpg","contentUrl":"https:\/\/lavalldelord.com\/wp-content\/uploads\/2017\/03\/oficina_turisme.jpg","width":500,"height":333},{"@type":"BreadcrumbList","@id":"https:\/\/lavalldelord.com\/fr\/la-vall-de-lord\/oficines-de-turisme\/#breadcrumb","itemListElement":[{"@type":"ListItem","position":1,"name":"Inici","item":"https:\/\/lavalldelord.com\/fr\/"},{"@type":"ListItem","position":2,"name":"La Vall de Lord","item":"https:\/\/lavalldelord.com\/fr\/la-vall-de-lord\/"},{"@type":"ListItem","position":3,"name":"Oficines de turisme"}]},{"@type":"WebSite","@id":"https:\/\/lavalldelord.com\/fr\/#website","url":"https:\/\/lavalldelord.com\/fr\/","name":"Turisme Vall de Lord","description":"Portal tur\u00edstic de la Vall de Lord, naturalment!","publisher":{"@id":"https:\/\/lavalldelord.com\/fr\/#organization"},"potentialAction":[{"@type":"SearchAction","target":{"@type":"EntryPoint","urlTemplate":"https:\/\/lavalldelord.com\/fr\/?s={search_term_string}"},"query-input":{"@type":"PropertyValueSpecification","valueRequired":true,"valueName":"search_term_string"}}],"inLanguage":"fr-FR"},{"@type":"Organization","@id":"https:\/\/lavalldelord.com\/fr\/#organization","name":"La Vall de Lord","url":"https:\/\/lavalldelord.com\/fr\/","logo":{"@type":"ImageObject","inLanguage":"fr-FR","@id":"https:\/\/lavalldelord.com\/fr\/#\/schema\/logo\/image\/","url":"https:\/\/lavalldelord.com\/wp-content\/uploads\/2024\/02\/DJI_0864_websize.jpg","contentUrl":"https:\/\/lavalldelord.com\/wp-content\/uploads\/2024\/02\/DJI_0864_websize.jpg","width":1600,"height":899,"caption":"La Vall de Lord"},"image":{"@id":"https:\/\/lavalldelord.com\/fr\/#\/schema\/logo\/image\/"},"sameAs":["https:\/\/www.facebook.com\/turismevalldelord","https:\/\/x.com\/valldelord","https:\/\/www.instagram.com\/turismevalldelord"]}]}},"_links":{"self":[{"href":"https:\/\/lavalldelord.com\/fr\/wp-json\/wp\/v2\/pages\/3530","targetHints":{"allow":["GET"]}}],"collection":[{"href":"https:\/\/lavalldelord.com\/fr\/wp-json\/wp\/v2\/pages"}],"about":[{"href":"https:\/\/lavalldelord.com\/fr\/wp-json\/wp\/v2\/types\/page"}],"author":[{"embeddable":true,"href":"https:\/\/lavalldelord.com\/fr\/wp-json\/wp\/v2\/users\/3"}],"replies":[{"embeddable":true,"href":"https:\/\/lavalldelord.com\/fr\/wp-json\/wp\/v2\/comments?post=3530"}],"version-history":[{"count":62,"href":"https:\/\/lavalldelord.com\/fr\/wp-json\/wp\/v2\/pages\/3530\/revisions"}],"predecessor-version":[{"id":13868,"href":"https:\/\/lavalldelord.com\/fr\/wp-json\/wp\/v2\/pages\/3530\/revisions\/13868"}],"up":[{"embeddable":true,"href":"https:\/\/lavalldelord.com\/fr\/wp-json\/wp\/v2\/pages\/3496"}],"wp:featuredmedia":[{"embeddable":true,"href":"https:\/\/lavalldelord.com\/fr\/wp-json\/wp\/v2\/media\/3633"}],"wp:attachment":[{"href":"https:\/\/lavalldelord.com\/fr\/wp-json\/wp\/v2\/media?parent=3530"}],"curies":[{"name":"wp","href":"https:\/\/api.w.org\/{rel}","templated":true}]}}