{"id":3706,"date":"2017-04-01T08:22:55","date_gmt":"2017-04-01T08:22:55","guid":{"rendered":"http:\/\/lavalldelord.com.mialias.net\/?page_id=3706"},"modified":"2020-09-20T11:05:02","modified_gmt":"2020-09-20T11:05:02","slug":"els-punts-aventurers","status":"publish","type":"page","link":"https:\/\/lavalldelord.com\/fr\/que-fer\/turisme-actiu\/els-punts-aventurers\/","title":{"rendered":"Les points aventuriers"},"content":{"rendered":"<p><\/p>\n<h3 style=\"text-align: right;\">LES INDISPENSABLES<\/h3>\n<p>&nbsp;<\/p>\n<\/div><\/div><div class=\"row\"><div class=\"col-lg-3 col-md-4\">\r\n\t\t\t<div class=\"featured\" style=\"background-image: url(https:\/\/lavalldelord.com\/wp-content\/uploads\/2016\/10\/Font-Puda-e1710154354516-600x346.jpg);\">\r\n\t\t\t\t<a href=\"https:\/\/lavalldelord.com\/fr\/punt\/font-puda\/\">\r\n\t\t\t\t\t<div class=\"featured-title\">\r\n\t\t\t\t\t\t<h4 class=\"card-title\">Fontaine Puda<br><small class=\"text-muted\">La Coma i La Pedra<\/small><\/h4>\r\n\t\t\t\t\t<\/div>\r\n\t\t\t\t<\/a>\r\n\t\t\t<\/div>\r\n\t\t<\/div><div class=\"col-lg-3 col-md-4\">\r\n\t\t\t<div class=\"featured\" style=\"background-image: url(https:\/\/lavalldelord.com\/wp-content\/uploads\/2024\/03\/DSC01371_websize-e1711564582444-600x471.jpg);\">\r\n\t\t\t\t<a href=\"https:\/\/lavalldelord.com\/fr\/punt\/fonts-del-cardener\/\">\r\n\t\t\t\t\t<div class=\"featured-title\">\r\n\t\t\t\t\t\t<h4 class=\"card-title\">Fontaines du Cardener<br><small class=\"text-muted\">La Coma i La Pedra<\/small><\/h4>\r\n\t\t\t\t\t<\/div>\r\n\t\t\t\t<\/a>\r\n\t\t\t<\/div>\r\n\t\t<\/div><div class=\"col-lg-3 col-md-4\">\r\n\t\t\t<div class=\"featured\" style=\"background-image: url(https:\/\/lavalldelord.com\/wp-content\/uploads\/2021\/04\/1200_1555651316codo-e1710161599738-600x338.jpg);\">\r\n\t\t\t\t<a href=\"https:\/\/lavalldelord.com\/fr\/punt\/mirador-del-codo\/\">\r\n\t\t\t\t\t<div class=\"featured-title\">\r\n\t\t\t\t\t\t<h4 class=\"card-title\">Le belv\u00e9d\u00e8re du Cod\u00f3<br><small class=\"text-muted\">Guixers<\/small><\/h4>\r\n\t\t\t\t\t<\/div>\r\n\t\t\t\t<\/a>\r\n\t\t\t<\/div>\r\n\t\t<\/div><div class=\"col-lg-3 col-md-4\">\r\n\t\t\t<div class=\"featured\" style=\"background-image: url(https:\/\/lavalldelord.com\/wp-content\/uploads\/2017\/03\/pont_vallonga.jpg);\">\r\n\t\t\t\t<a href=\"https:\/\/lavalldelord.com\/fr\/punt\/pont-romanic-vallonga\/\">\r\n\t\t\t\t\t<div class=\"featured-title\">\r\n\t\t\t\t\t\t<h4 class=\"card-title\">Pont roman de Vallonga<br><small class=\"text-muted\">Sant Lloren\u00e7 de Morunys<\/small><\/h4>\r\n\t\t\t\t\t<\/div>\r\n\t\t\t\t<\/a>\r\n\t\t\t<\/div>\r\n\t\t<\/div><div class=\"col-lg-3 col-md-4\">\r\n\t\t\t<div class=\"featured\" style=\"background-image: url(https:\/\/lavalldelord.com\/wp-content\/uploads\/2017\/03\/sant_serni.jpg);\">\r\n\t\t\t\t<a href=\"https:\/\/lavalldelord.com\/fr\/punt\/sant-serni-grau\/\">\r\n\t\t\t\t\t<div class=\"featured-title\">\r\n\t\t\t\t\t\t<h4 class=\"card-title\">Sant Serni del Grau<br><small class=\"text-muted\">Guixers<\/small><\/h4>\r\n\t\t\t\t\t<\/div>\r\n\t\t\t\t<\/a>\r\n\t\t\t<\/div>\r\n\t\t<\/div><div class=\"col-lg-3 col-md-4\">\r\n\t\t\t<div class=\"featured\" style=\"background-image: url(https:\/\/lavalldelord.com\/wp-content\/uploads\/2017\/03\/lapedra.jpg);\">\r\n\t\t\t\t<a href=\"https:\/\/lavalldelord.com\/fr\/punt\/sant-serni-pedra\/\">\r\n\t\t\t\t\t<div class=\"featured-title\">\r\n\t\t\t\t\t\t<h4 class=\"card-title\">Sant Serni de La Pedra<br><small class=\"text-muted\">La Coma i La Pedra<\/small><\/h4>\r\n\t\t\t\t\t<\/div>\r\n\t\t\t\t<\/a>\r\n\t\t\t<\/div>\r\n\t\t<\/div><div class=\"col-lg-3 col-md-4\">\r\n\t\t\t<div class=\"featured\" style=\"background-image: url(https:\/\/lavalldelord.com\/wp-content\/uploads\/2017\/03\/santa_creu_ollers-600x400.jpg);\">\r\n\t\t\t\t<a href=\"https:\/\/lavalldelord.com\/fr\/punt\/santa-creu-dels-ollers\/\">\r\n\t\t\t\t\t<div class=\"featured-title\">\r\n\t\t\t\t\t\t<h4 class=\"card-title\">Santa Creu dels Ollers<br><small class=\"text-muted\">Guixers<\/small><\/h4>\r\n\t\t\t\t\t<\/div>\r\n\t\t\t\t<\/a>\r\n\t\t\t<\/div>\r\n\t\t<\/div><div class=\"col-lg-3 col-md-4\">\r\n\t\t\t<div class=\"featured\" style=\"background-image: url(https:\/\/lavalldelord.com\/wp-content\/uploads\/2024\/03\/DSC02074_websize-600x338.jpg);\">\r\n\t\t\t\t<a href=\"https:\/\/lavalldelord.com\/fr\/punt\/santuari-de-lord\/\">\r\n\t\t\t\t\t<div class=\"featured-title\">\r\n\t\t\t\t\t\t<h4 class=\"card-title\">Sanctuaire de Lord<br><small class=\"text-muted\">Sant Lloren\u00e7 de Morunys<\/small><\/h4>\r\n\t\t\t\t\t<\/div>\r\n\t\t\t\t<\/a>\r\n\t\t\t<\/div>\r\n\t\t<\/div><div class=\"col-lg-3 col-md-4\">\r\n\t\t\t<div class=\"featured\" style=\"background-image: url(https:\/\/lavalldelord.com\/wp-content\/uploads\/2017\/03\/puig_aguilar.jpg);\">\r\n\t\t\t\t<a href=\"https:\/\/lavalldelord.com\/fr\/punt\/santa-maria-de-puig-aguilar\/\">\r\n\t\t\t\t\t<div class=\"featured-title\">\r\n\t\t\t\t\t\t<h4 class=\"card-title\">Sanctuaire de Santa Maria de Puig-Aguilar<br><small class=\"text-muted\">Guixers<\/small><\/h4>\r\n\t\t\t\t\t<\/div>\r\n\t\t\t\t<\/a>\r\n\t\t\t<\/div>\r\n\t\t<\/div><div class=\"col-lg-3 col-md-4\">\r\n\t\t\t<div class=\"featured\" style=\"background-image: url(https:\/\/lavalldelord.com\/wp-content\/uploads\/2016\/10\/Foto-portada-ruta-de-la-Vall-dOra-al-Pla-de-Busa-i-el-Capolatell-600x450.jpg);\">\r\n\t\t\t\t<a href=\"https:\/\/lavalldelord.com\/fr\/punt\/serra-de-busa-i-el-capolatell\/\">\r\n\t\t\t\t\t<div class=\"featured-title\">\r\n\t\t\t\t\t\t<h4 class=\"card-title\">La cha\u00eene de montagnes de Busa et el Capolatell<br><small class=\"text-muted\">Nav\u00e8s<\/small><\/h4>\r\n\t\t\t\t\t<\/div>\r\n\t\t\t\t<\/a>\r\n\t\t\t<\/div>\r\n\t\t<\/div><\/div><div class=\"row\"><div class=\"col-sm-8\">\n<p>&nbsp;<\/p>\n<p>&nbsp;<\/p>\n<h3 style=\"text-align: right;\">LES POINTS AVENTURIERS<\/h3>\n<p>&nbsp;<\/p>\n<\/div><\/div><div class=\"row\"><div class=\"col-lg-3 col-md-4\">\r\n\t\t\t<div class=\"featured\" style=\"background-image: url(https:\/\/lavalldelord.com\/wp-content\/uploads\/2017\/03\/Pla-de-Becies-1-600x450.jpg);\">\r\n\t\t\t\t<a href=\"https:\/\/lavalldelord.com\/fr\/punt\/els-prats-de-bacies\/\">\r\n\t\t\t\t\t<div class=\"featured-title\">\r\n\t\t\t\t\t\t<h4 class=\"card-title\">Prats de Bacies<br><small class=\"text-muted\">Port del Comte<\/small><\/h4>\r\n\t\t\t\t\t<\/div>\r\n\t\t\t\t<\/a>\r\n\t\t\t<\/div>\r\n\t\t<\/div><div class=\"col-lg-3 col-md-4\">\r\n\t\t\t<div class=\"featured\" style=\"background-image: url(https:\/\/lavalldelord.com\/wp-content\/uploads\/2016\/10\/la_bofia-482x600.jpg);\">\r\n\t\t\t\t<a href=\"https:\/\/lavalldelord.com\/fr\/punt\/forat-de-la-bofia\/\">\r\n\t\t\t\t\t<div class=\"featured-title\">\r\n\t\t\t\t\t\t<h4 class=\"card-title\">Gouffre de la B\u00f2fia<br><small class=\"text-muted\">Port del Comte<\/small><\/h4>\r\n\t\t\t\t\t<\/div>\r\n\t\t\t\t<\/a>\r\n\t\t\t<\/div>\r\n\t\t<\/div><div class=\"col-lg-3 col-md-4\">\r\n\t\t\t<div class=\"featured\" style=\"background-image: url(https:\/\/lavalldelord.com\/wp-content\/uploads\/2017\/03\/Mirador-del-Querol-1-600x450.jpg);\">\r\n\t\t\t\t<a href=\"https:\/\/lavalldelord.com\/fr\/punt\/mirador-del-querol-2\/\">\r\n\t\t\t\t\t<div class=\"featured-title\">\r\n\t\t\t\t\t\t<h4 class=\"card-title\">Le belv\u00e9d\u00e8re du Querol<br><small class=\"text-muted\">Port del Comte<\/small><\/h4>\r\n\t\t\t\t\t<\/div>\r\n\t\t\t\t<\/a>\r\n\t\t\t<\/div>\r\n\t\t<\/div><div class=\"col-lg-3 col-md-4\">\r\n\t\t\t<div class=\"featured\" style=\"background-image: url(https:\/\/lavalldelord.com\/wp-content\/uploads\/2017\/04\/pedro-600x400.jpg);\">\r\n\t\t\t\t<a href=\"https:\/\/lavalldelord.com\/fr\/punt\/pedro-dels-quatre-batlles\/\">\r\n\t\t\t\t\t<div class=\"featured-title\">\r\n\t\t\t\t\t\t<h4 class=\"card-title\">Pedr\u00f3 dels Quatre Batlles<br><small class=\"text-muted\">La Coma i La Pedra<\/small><\/h4>\r\n\t\t\t\t\t<\/div>\r\n\t\t\t\t<\/a>\r\n\t\t\t<\/div>\r\n\t\t<\/div><div class=\"col-lg-3 col-md-4\">\r\n\t\t\t<div class=\"featured\" style=\"background-image: url(https:\/\/lavalldelord.com\/wp-content\/uploads\/2017\/04\/Pont-Quebrad\u00eds-1-506x600.jpg);\">\r\n\t\t\t\t<a href=\"https:\/\/lavalldelord.com\/fr\/punt\/pont-quebradis\/\">\r\n\t\t\t\t\t<div class=\"featured-title\">\r\n\t\t\t\t\t\t<h4 class=\"card-title\">Pont Quebrad\u00eds<br><small class=\"text-muted\">Guixers<\/small><\/h4>\r\n\t\t\t\t\t<\/div>\r\n\t\t\t\t<\/a>\r\n\t\t\t<\/div>\r\n\t\t<\/div><div class=\"col-lg-3 col-md-4\">\r\n\t\t\t<div class=\"featured\" style=\"background-image: url(https:\/\/lavalldelord.com\/wp-content\/uploads\/2017\/04\/Pratformiu-1.jpg);\">\r\n\t\t\t\t<a href=\"https:\/\/lavalldelord.com\/fr\/punt\/pratformiu\/\">\r\n\t\t\t\t\t<div class=\"featured-title\">\r\n\t\t\t\t\t\t<h4 class=\"card-title\">Pratformiu<br><small class=\"text-muted\">Guixers<\/small><\/h4>\r\n\t\t\t\t\t<\/div>\r\n\t\t\t\t<\/a>\r\n\t\t\t<\/div>\r\n\t\t<\/div><div class=\"col-lg-3 col-md-4\">\r\n\t\t\t<div class=\"featured\" style=\"background-image: url(https:\/\/lavalldelord.com\/wp-content\/uploads\/2017\/03\/Sant-Pere-de-Graudescales-1-502x600.jpg);\">\r\n\t\t\t\t<a href=\"https:\/\/lavalldelord.com\/fr\/punt\/sant-pere-graudescales\/\">\r\n\t\t\t\t\t<div class=\"featured-title\">\r\n\t\t\t\t\t\t<h4 class=\"card-title\">Sant Pere de Graudescales<br><small class=\"text-muted\">Nav\u00e8s<\/small><\/h4>\r\n\t\t\t\t\t<\/div>\r\n\t\t\t\t<\/a>\r\n\t\t\t<\/div>\r\n\t\t<\/div><div class=\"col-lg-3 col-md-4\">\r\n\t\t\t<div class=\"featured\" style=\"background-image: url(https:\/\/lavalldelord.com\/wp-content\/uploads\/2024\/03\/IMG_20211120_122946-600x450.jpg);\">\r\n\t\t\t\t<a href=\"https:\/\/lavalldelord.com\/fr\/punt\/serra-de-port-del-comte\/\">\r\n\t\t\t\t\t<div class=\"featured-title\">\r\n\t\t\t\t\t\t<h4 class=\"card-title\">Serra de Port del Comte<br><small class=\"text-muted\">Port del Comte<\/small><\/h4>\r\n\t\t\t\t\t<\/div>\r\n\t\t\t\t<\/a>\r\n\t\t\t<\/div>\r\n\t\t<\/div><\/div><div class=\"row\"><div class=\"col-sm-8\">\n<p>&nbsp;<\/p>","protected":false},"excerpt":{"rendered":"<p>LES INDISPENSABLES &nbsp; &nbsp; &nbsp; LES POINTS AVENTURIERS &nbsp; &nbsp;<\/p>\n","protected":false},"author":3,"featured_media":4071,"parent":3503,"menu_order":171,"comment_status":"closed","ping_status":"closed","template":"","meta":{"_acf_changed":false,"_exactmetrics_skip_tracking":false,"_exactmetrics_sitenote_active":false,"_exactmetrics_sitenote_note":"","_exactmetrics_sitenote_category":0,"_joinchat":[],"footnotes":""},"class_list":["post-3706","page","type-page","status-publish","has-post-thumbnail","hentry"],"acf":[],"yoast_head":"<!-- This site is optimized with the Yoast SEO plugin v27.5 - https:\/\/yoast.com\/product\/yoast-seo-wordpress\/ -->\n<title>Les points aventuriers - La Vall de Lord<\/title>\n<meta name=\"robots\" content=\"index, follow, max-snippet:-1, max-image-preview:large, max-video-preview:-1\" \/>\n<link rel=\"canonical\" href=\"https:\/\/lavalldelord.com\/fr\/que-fer\/turisme-actiu\/els-punts-aventurers\/\" \/>\n<meta property=\"og:locale\" content=\"fr_FR\" \/>\n<meta property=\"og:type\" content=\"article\" \/>\n<meta property=\"og:title\" content=\"Les points aventuriers - La Vall de Lord\" \/>\n<meta property=\"og:description\" content=\"LES INDISPENSABLES &nbsp; &nbsp; &nbsp; LES POINTS AVENTURIERS &nbsp; &nbsp;\" \/>\n<meta property=\"og:url\" content=\"https:\/\/lavalldelord.com\/fr\/que-fer\/turisme-actiu\/els-punts-aventurers\/\" \/>\n<meta property=\"og:site_name\" content=\"La Vall de Lord\" \/>\n<meta property=\"article:publisher\" content=\"https:\/\/www.facebook.com\/turismevalldelord\" \/>\n<meta property=\"article:modified_time\" content=\"2020-09-20T11:05:02+00:00\" \/>\n<meta property=\"og:image\" content=\"https:\/\/lavalldelord.com\/wp-content\/uploads\/2017\/04\/Pratformiu-1.jpg\" \/>\n\t<meta property=\"og:image:width\" content=\"479\" \/>\n\t<meta property=\"og:image:height\" content=\"360\" \/>\n\t<meta property=\"og:image:type\" content=\"image\/jpeg\" \/>\n<meta name=\"twitter:card\" content=\"summary_large_image\" \/>\n<meta name=\"twitter:site\" content=\"@valldelord\" \/>\n<script type=\"application\/ld+json\" class=\"yoast-schema-graph\">{\"@context\":\"https:\\\/\\\/schema.org\",\"@graph\":[{\"@type\":\"WebPage\",\"@id\":\"https:\\\/\\\/lavalldelord.com\\\/fr\\\/que-fer\\\/turisme-actiu\\\/els-punts-aventurers\\\/\",\"url\":\"https:\\\/\\\/lavalldelord.com\\\/fr\\\/que-fer\\\/turisme-actiu\\\/els-punts-aventurers\\\/\",\"name\":\"Les points aventuriers - La Vall de Lord\",\"isPartOf\":{\"@id\":\"https:\\\/\\\/lavalldelord.com\\\/fr\\\/#website\"},\"primaryImageOfPage\":{\"@id\":\"https:\\\/\\\/lavalldelord.com\\\/fr\\\/que-fer\\\/turisme-actiu\\\/els-punts-aventurers\\\/#primaryimage\"},\"image\":{\"@id\":\"https:\\\/\\\/lavalldelord.com\\\/que-fer\\\/turisme-actiu\\\/els-punts-aventurers\\\/#primaryimage\"},\"thumbnailUrl\":\"https:\\\/\\\/lavalldelord.com\\\/wp-content\\\/uploads\\\/2017\\\/04\\\/Pratformiu-1.jpg\",\"datePublished\":\"2017-04-01T08:22:55+00:00\",\"dateModified\":\"2020-09-20T11:05:02+00:00\",\"breadcrumb\":{\"@id\":\"https:\\\/\\\/lavalldelord.com\\\/fr\\\/que-fer\\\/turisme-actiu\\\/els-punts-aventurers\\\/#breadcrumb\"},\"inLanguage\":\"fr-FR\",\"potentialAction\":[{\"@type\":\"ReadAction\",\"target\":[[\"https:\\\/\\\/lavalldelord.com\\\/fr\\\/que-fer\\\/turisme-actiu\\\/els-punts-aventurers\\\/\"]]}]},{\"@type\":\"ImageObject\",\"inLanguage\":\"fr-FR\",\"@id\":\"https:\\\/\\\/lavalldelord.com\\\/fr\\\/que-fer\\\/turisme-actiu\\\/els-punts-aventurers\\\/#primaryimage\",\"url\":\"https:\\\/\\\/lavalldelord.com\\\/wp-content\\\/uploads\\\/2017\\\/04\\\/Pratformiu-1.jpg\",\"contentUrl\":\"https:\\\/\\\/lavalldelord.com\\\/wp-content\\\/uploads\\\/2017\\\/04\\\/Pratformiu-1.jpg\",\"width\":479,\"height\":360},{\"@type\":\"BreadcrumbList\",\"@id\":\"https:\\\/\\\/lavalldelord.com\\\/fr\\\/que-fer\\\/turisme-actiu\\\/els-punts-aventurers\\\/#breadcrumb\",\"itemListElement\":[{\"@type\":\"ListItem\",\"position\":1,\"name\":\"Inici\",\"item\":\"https:\\\/\\\/lavalldelord.com\\\/fr\\\/\"},{\"@type\":\"ListItem\",\"position\":2,\"name\":\"Quoi faire?\",\"item\":\"https:\\\/\\\/lavalldelord.com\\\/fr\\\/que-fer\\\/\"},{\"@type\":\"ListItem\",\"position\":3,\"name\":\"Turisme actiu\",\"item\":\"https:\\\/\\\/lavalldelord.com\\\/fr\\\/que-fer\\\/turisme-actiu\\\/\"},{\"@type\":\"ListItem\",\"position\":4,\"name\":\"Les points aventuriers\"}]},{\"@type\":\"WebSite\",\"@id\":\"https:\\\/\\\/lavalldelord.com\\\/fr\\\/#website\",\"url\":\"https:\\\/\\\/lavalldelord.com\\\/fr\\\/\",\"name\":\"Turisme Vall de Lord\",\"description\":\"Portal tur\u00edstic de la Vall de Lord, naturalment!\",\"publisher\":{\"@id\":\"https:\\\/\\\/lavalldelord.com\\\/fr\\\/#organization\"},\"potentialAction\":[{\"@type\":\"SearchAction\",\"target\":{\"@type\":\"EntryPoint\",\"urlTemplate\":\"https:\\\/\\\/lavalldelord.com\\\/fr\\\/?s={search_term_string}\"},\"query-input\":{\"@type\":\"PropertyValueSpecification\",\"valueRequired\":true,\"valueName\":\"search_term_string\"}}],\"inLanguage\":\"fr-FR\"},{\"@type\":\"Organization\",\"@id\":\"https:\\\/\\\/lavalldelord.com\\\/fr\\\/#organization\",\"name\":\"La Vall de Lord\",\"url\":\"https:\\\/\\\/lavalldelord.com\\\/fr\\\/\",\"logo\":{\"@type\":\"ImageObject\",\"inLanguage\":\"fr-FR\",\"@id\":\"https:\\\/\\\/lavalldelord.com\\\/fr\\\/#\\\/schema\\\/logo\\\/image\\\/\",\"url\":\"https:\\\/\\\/lavalldelord.com\\\/wp-content\\\/uploads\\\/2024\\\/02\\\/DJI_0864_websize.jpg\",\"contentUrl\":\"https:\\\/\\\/lavalldelord.com\\\/wp-content\\\/uploads\\\/2024\\\/02\\\/DJI_0864_websize.jpg\",\"width\":1600,\"height\":899,\"caption\":\"La Vall de Lord\"},\"image\":{\"@id\":\"https:\\\/\\\/lavalldelord.com\\\/fr\\\/#\\\/schema\\\/logo\\\/image\\\/\"},\"sameAs\":[\"https:\\\/\\\/www.facebook.com\\\/turismevalldelord\",\"https:\\\/\\\/x.com\\\/valldelord\",\"https:\\\/\\\/www.instagram.com\\\/turismevalldelord\"]}]}<\/script>\n<!-- \/ Yoast SEO plugin. -->","yoast_head_json":{"title":"Les points aventuriers - La Vall de Lord","robots":{"index":"index","follow":"follow","max-snippet":"max-snippet:-1","max-image-preview":"max-image-preview:large","max-video-preview":"max-video-preview:-1"},"canonical":"https:\/\/lavalldelord.com\/fr\/que-fer\/turisme-actiu\/els-punts-aventurers\/","og_locale":"fr_FR","og_type":"article","og_title":"Les points aventuriers - La Vall de Lord","og_description":"LES INDISPENSABLES &nbsp; &nbsp; &nbsp; LES POINTS AVENTURIERS &nbsp; &nbsp;","og_url":"https:\/\/lavalldelord.com\/fr\/que-fer\/turisme-actiu\/els-punts-aventurers\/","og_site_name":"La Vall de Lord","article_publisher":"https:\/\/www.facebook.com\/turismevalldelord","article_modified_time":"2020-09-20T11:05:02+00:00","og_image":[{"width":479,"height":360,"url":"https:\/\/lavalldelord.com\/wp-content\/uploads\/2017\/04\/Pratformiu-1.jpg","type":"image\/jpeg"}],"twitter_card":"summary_large_image","twitter_site":"@valldelord","schema":{"@context":"https:\/\/schema.org","@graph":[{"@type":"WebPage","@id":"https:\/\/lavalldelord.com\/fr\/que-fer\/turisme-actiu\/els-punts-aventurers\/","url":"https:\/\/lavalldelord.com\/fr\/que-fer\/turisme-actiu\/els-punts-aventurers\/","name":"Les points aventuriers - La Vall de Lord","isPartOf":{"@id":"https:\/\/lavalldelord.com\/fr\/#website"},"primaryImageOfPage":{"@id":"https:\/\/lavalldelord.com\/fr\/que-fer\/turisme-actiu\/els-punts-aventurers\/#primaryimage"},"image":{"@id":"https:\/\/lavalldelord.com\/que-fer\/turisme-actiu\/els-punts-aventurers\/#primaryimage"},"thumbnailUrl":"https:\/\/lavalldelord.com\/wp-content\/uploads\/2017\/04\/Pratformiu-1.jpg","datePublished":"2017-04-01T08:22:55+00:00","dateModified":"2020-09-20T11:05:02+00:00","breadcrumb":{"@id":"https:\/\/lavalldelord.com\/fr\/que-fer\/turisme-actiu\/els-punts-aventurers\/#breadcrumb"},"inLanguage":"fr-FR","potentialAction":[{"@type":"ReadAction","target":[["https:\/\/lavalldelord.com\/fr\/que-fer\/turisme-actiu\/els-punts-aventurers\/"]]}]},{"@type":"ImageObject","inLanguage":"fr-FR","@id":"https:\/\/lavalldelord.com\/fr\/que-fer\/turisme-actiu\/els-punts-aventurers\/#primaryimage","url":"https:\/\/lavalldelord.com\/wp-content\/uploads\/2017\/04\/Pratformiu-1.jpg","contentUrl":"https:\/\/lavalldelord.com\/wp-content\/uploads\/2017\/04\/Pratformiu-1.jpg","width":479,"height":360},{"@type":"BreadcrumbList","@id":"https:\/\/lavalldelord.com\/fr\/que-fer\/turisme-actiu\/els-punts-aventurers\/#breadcrumb","itemListElement":[{"@type":"ListItem","position":1,"name":"Inici","item":"https:\/\/lavalldelord.com\/fr\/"},{"@type":"ListItem","position":2,"name":"Quoi faire?","item":"https:\/\/lavalldelord.com\/fr\/que-fer\/"},{"@type":"ListItem","position":3,"name":"Turisme actiu","item":"https:\/\/lavalldelord.com\/fr\/que-fer\/turisme-actiu\/"},{"@type":"ListItem","position":4,"name":"Les points aventuriers"}]},{"@type":"WebSite","@id":"https:\/\/lavalldelord.com\/fr\/#website","url":"https:\/\/lavalldelord.com\/fr\/","name":"Turisme Vall de Lord","description":"Portal tur\u00edstic de la Vall de Lord, naturalment!","publisher":{"@id":"https:\/\/lavalldelord.com\/fr\/#organization"},"potentialAction":[{"@type":"SearchAction","target":{"@type":"EntryPoint","urlTemplate":"https:\/\/lavalldelord.com\/fr\/?s={search_term_string}"},"query-input":{"@type":"PropertyValueSpecification","valueRequired":true,"valueName":"search_term_string"}}],"inLanguage":"fr-FR"},{"@type":"Organization","@id":"https:\/\/lavalldelord.com\/fr\/#organization","name":"La Vall de Lord","url":"https:\/\/lavalldelord.com\/fr\/","logo":{"@type":"ImageObject","inLanguage":"fr-FR","@id":"https:\/\/lavalldelord.com\/fr\/#\/schema\/logo\/image\/","url":"https:\/\/lavalldelord.com\/wp-content\/uploads\/2024\/02\/DJI_0864_websize.jpg","contentUrl":"https:\/\/lavalldelord.com\/wp-content\/uploads\/2024\/02\/DJI_0864_websize.jpg","width":1600,"height":899,"caption":"La Vall de Lord"},"image":{"@id":"https:\/\/lavalldelord.com\/fr\/#\/schema\/logo\/image\/"},"sameAs":["https:\/\/www.facebook.com\/turismevalldelord","https:\/\/x.com\/valldelord","https:\/\/www.instagram.com\/turismevalldelord"]}]}},"_links":{"self":[{"href":"https:\/\/lavalldelord.com\/fr\/wp-json\/wp\/v2\/pages\/3706","targetHints":{"allow":["GET"]}}],"collection":[{"href":"https:\/\/lavalldelord.com\/fr\/wp-json\/wp\/v2\/pages"}],"about":[{"href":"https:\/\/lavalldelord.com\/fr\/wp-json\/wp\/v2\/types\/page"}],"author":[{"embeddable":true,"href":"https:\/\/lavalldelord.com\/fr\/wp-json\/wp\/v2\/users\/3"}],"replies":[{"embeddable":true,"href":"https:\/\/lavalldelord.com\/fr\/wp-json\/wp\/v2\/comments?post=3706"}],"version-history":[{"count":22,"href":"https:\/\/lavalldelord.com\/fr\/wp-json\/wp\/v2\/pages\/3706\/revisions"}],"predecessor-version":[{"id":5684,"href":"https:\/\/lavalldelord.com\/fr\/wp-json\/wp\/v2\/pages\/3706\/revisions\/5684"}],"up":[{"embeddable":true,"href":"https:\/\/lavalldelord.com\/fr\/wp-json\/wp\/v2\/pages\/3503"}],"wp:featuredmedia":[{"embeddable":true,"href":"https:\/\/lavalldelord.com\/fr\/wp-json\/wp\/v2\/media\/4071"}],"wp:attachment":[{"href":"https:\/\/lavalldelord.com\/fr\/wp-json\/wp\/v2\/media?parent=3706"}],"curies":[{"name":"wp","href":"https:\/\/api.w.org\/{rel}","templated":true}]}}