{"id":3713,"date":"2017-04-02T08:42:12","date_gmt":"2017-04-02T07:42:12","guid":{"rendered":"http:\/\/lavalldelord.com.mialias.net\/?page_id=3713"},"modified":"2024-05-05T10:50:18","modified_gmt":"2024-05-05T09:50:18","slug":"rutes-de-senderisme-2","status":"publish","type":"page","link":"https:\/\/lavalldelord.com\/fr\/que-fer\/turisme-actiu\/rutes-senderisme-btt\/senderisme\/rutes-de-senderisme-2\/","title":{"rendered":"Itin\u00e9raires de randonn\u00e9e"},"content":{"rendered":"<p>Dans cette carte vous pouvez voir les diff\u00e9rents itin\u00e9raires de randonn\u00e9e qui traversent par la Vall de Lord. Si vous voulez plus d&rsquo;information sur chaque itin\u00e9raire, vous seulement devez cliquer aux liens de chacun d&rsquo;entre eux sur cette carte.<\/p>\n<div style=\"height: 75vh; width: 90%; margin: auto;\"><iframe loading=\"lazy\" src=\"https:\/\/www.instamaps.cat\/visor.html?businessid=3159ab6e81df811c0b9a73b8654363d0&amp;3D=false&amp;embed=1\" width=\"100%\" height=\"100%\" frameborder=\"0\" marginwidth=\"0\" marginheight=\"0\" scrolling=\"no\"><\/iframe><\/div>\n<p><strong>T\u00c9L\u00c9CHARGE LE D\u00c9PLIANT DU R\u00c9SEAU DE CHEMINS DE RANDONN\u00c9E DE LA VALL DE LORD<\/strong><strong>\u00a0<a href=\"http:\/\/lavalldelord.com\/wp-content\/uploads\/2018\/05\/DESPLEGABLE_A-PEU_FRE.pdf\" target=\"_blank\" rel=\"noopener noreferrer\">(Cliquez ici)<\/a><\/strong><\/p>\n<p><strong>Pour consulter les randonn\u00e9es de la r\u00e9gion du Solson\u00e8s, cliquez sur le lien suivant: <\/strong> <a href=\"http:\/\/turismesolsones.com\/fr\/que-fer\/rutes\/a-peu\/\" target=\"_blank\" rel=\"noopener noreferrer\">http:\/\/turismesolsones.com\/fr\/que-fer\/rutes\/a-peu\/<\/a><\/p>","protected":false},"excerpt":{"rendered":"<p>Dans cette carte vous pouvez voir les diff\u00e9rents itin\u00e9raires de randonn\u00e9e qui traversent par la Vall de Lord. Si vous [&hellip;]<\/p>\n","protected":false},"author":3,"featured_media":3168,"parent":10257,"menu_order":155,"comment_status":"closed","ping_status":"closed","template":"page-rutes.php","meta":{"_acf_changed":false,"_exactmetrics_skip_tracking":false,"_exactmetrics_sitenote_active":false,"_exactmetrics_sitenote_note":"","_exactmetrics_sitenote_category":0,"_joinchat":[],"footnotes":""},"class_list":["post-3713","page","type-page","status-publish","has-post-thumbnail","hentry"],"acf":[],"yoast_head":"<!-- This site is optimized with the Yoast SEO plugin v27.5 - https:\/\/yoast.com\/product\/yoast-seo-wordpress\/ -->\n<title>Rutes de senderisme a la Vall de Lord<\/title>\n<meta name=\"description\" content=\"Rutes de senderisme a la Vall de Lord. Descarregueu-vos la informaci\u00f3 de les rutes a Sant Lloren\u00e7 de Morunys, La Coma i La Pedra i Guixers\" \/>\n<meta name=\"robots\" content=\"index, follow, max-snippet:-1, max-image-preview:large, max-video-preview:-1\" \/>\n<link rel=\"canonical\" href=\"https:\/\/lavalldelord.com\/fr\/que-fer\/turisme-actiu\/rutes-senderisme-btt\/senderisme\/rutes-de-senderisme-2\/\" \/>\n<meta property=\"og:locale\" content=\"fr_FR\" \/>\n<meta property=\"og:type\" content=\"article\" \/>\n<meta property=\"og:title\" content=\"Rutes de senderisme a la Vall de Lord\" \/>\n<meta property=\"og:description\" content=\"Rutes de senderisme a la Vall de Lord. Descarregueu-vos la informaci\u00f3 de les rutes a Sant Lloren\u00e7 de Morunys, La Coma i La Pedra i Guixers\" \/>\n<meta property=\"og:url\" content=\"https:\/\/lavalldelord.com\/fr\/que-fer\/turisme-actiu\/rutes-senderisme-btt\/senderisme\/rutes-de-senderisme-2\/\" \/>\n<meta property=\"og:site_name\" content=\"La Vall de Lord\" \/>\n<meta property=\"article:publisher\" content=\"https:\/\/www.facebook.com\/turismevalldelord\" \/>\n<meta property=\"article:modified_time\" content=\"2024-05-05T09:50:18+00:00\" \/>\n<meta property=\"og:image\" content=\"https:\/\/lavalldelord.com\/wp-content\/uploads\/2017\/02\/Caminada-Solsona.jpg\" \/>\n\t<meta property=\"og:image:width\" content=\"1997\" \/>\n\t<meta property=\"og:image:height\" content=\"1498\" \/>\n\t<meta property=\"og:image:type\" content=\"image\/jpeg\" \/>\n<meta name=\"twitter:card\" content=\"summary_large_image\" \/>\n<meta name=\"twitter:site\" content=\"@valldelord\" \/>\n<meta name=\"twitter:label1\" content=\"Dur\u00e9e de lecture estim\u00e9e\" \/>\n\t<meta name=\"twitter:data1\" content=\"1 minute\" \/>\n<script type=\"application\/ld+json\" class=\"yoast-schema-graph\">{\"@context\":\"https:\\\/\\\/schema.org\",\"@graph\":[{\"@type\":\"WebPage\",\"@id\":\"https:\\\/\\\/lavalldelord.com\\\/fr\\\/que-fer\\\/turisme-actiu\\\/rutes-senderisme-btt\\\/senderisme\\\/rutes-de-senderisme-2\\\/\",\"url\":\"https:\\\/\\\/lavalldelord.com\\\/fr\\\/que-fer\\\/turisme-actiu\\\/rutes-senderisme-btt\\\/senderisme\\\/rutes-de-senderisme-2\\\/\",\"name\":\"Rutes de senderisme a la Vall de Lord\",\"isPartOf\":{\"@id\":\"https:\\\/\\\/lavalldelord.com\\\/fr\\\/#website\"},\"primaryImageOfPage\":{\"@id\":\"https:\\\/\\\/lavalldelord.com\\\/fr\\\/que-fer\\\/turisme-actiu\\\/rutes-senderisme-btt\\\/senderisme\\\/rutes-de-senderisme-2\\\/#primaryimage\"},\"image\":{\"@id\":\"https:\\\/\\\/lavalldelord.com\\\/que-fer\\\/turisme-actiu\\\/rutes-senderisme-btt\\\/senderisme\\\/rutes-de-senderisme-2\\\/#primaryimage\"},\"thumbnailUrl\":\"https:\\\/\\\/lavalldelord.com\\\/wp-content\\\/uploads\\\/2017\\\/02\\\/Caminada-Solsona.jpg\",\"datePublished\":\"2017-04-02T07:42:12+00:00\",\"dateModified\":\"2024-05-05T09:50:18+00:00\",\"description\":\"Rutes de senderisme a la Vall de Lord. Descarregueu-vos la informaci\u00f3 de les rutes a Sant Lloren\u00e7 de Morunys, La Coma i La Pedra i Guixers\",\"breadcrumb\":{\"@id\":\"https:\\\/\\\/lavalldelord.com\\\/fr\\\/que-fer\\\/turisme-actiu\\\/rutes-senderisme-btt\\\/senderisme\\\/rutes-de-senderisme-2\\\/#breadcrumb\"},\"inLanguage\":\"fr-FR\",\"potentialAction\":[{\"@type\":\"ReadAction\",\"target\":[[\"https:\\\/\\\/lavalldelord.com\\\/fr\\\/que-fer\\\/turisme-actiu\\\/rutes-senderisme-btt\\\/senderisme\\\/rutes-de-senderisme-2\\\/\"]]}]},{\"@type\":\"ImageObject\",\"inLanguage\":\"fr-FR\",\"@id\":\"https:\\\/\\\/lavalldelord.com\\\/fr\\\/que-fer\\\/turisme-actiu\\\/rutes-senderisme-btt\\\/senderisme\\\/rutes-de-senderisme-2\\\/#primaryimage\",\"url\":\"https:\\\/\\\/lavalldelord.com\\\/wp-content\\\/uploads\\\/2017\\\/02\\\/Caminada-Solsona.jpg\",\"contentUrl\":\"https:\\\/\\\/lavalldelord.com\\\/wp-content\\\/uploads\\\/2017\\\/02\\\/Caminada-Solsona.jpg\",\"width\":1997,\"height\":1498},{\"@type\":\"BreadcrumbList\",\"@id\":\"https:\\\/\\\/lavalldelord.com\\\/fr\\\/que-fer\\\/turisme-actiu\\\/rutes-senderisme-btt\\\/senderisme\\\/rutes-de-senderisme-2\\\/#breadcrumb\",\"itemListElement\":[{\"@type\":\"ListItem\",\"position\":1,\"name\":\"Inici\",\"item\":\"https:\\\/\\\/lavalldelord.com\\\/fr\\\/\"},{\"@type\":\"ListItem\",\"position\":2,\"name\":\"Quoi faire?\",\"item\":\"https:\\\/\\\/lavalldelord.com\\\/fr\\\/que-fer\\\/\"},{\"@type\":\"ListItem\",\"position\":3,\"name\":\"Turisme actiu\",\"item\":\"https:\\\/\\\/lavalldelord.com\\\/fr\\\/que-fer\\\/turisme-actiu\\\/\"},{\"@type\":\"ListItem\",\"position\":4,\"name\":\"Itin\u00e9raires de randonn\u00e9e et VTT\",\"item\":\"https:\\\/\\\/lavalldelord.com\\\/fr\\\/que-fer\\\/turisme-actiu\\\/rutes-senderisme-btt\\\/\"},{\"@type\":\"ListItem\",\"position\":5,\"name\":\"Senderismo\",\"item\":\"https:\\\/\\\/lavalldelord.com\\\/fr\\\/que-fer\\\/turisme-actiu\\\/rutes-senderisme-btt\\\/senderisme\\\/\"},{\"@type\":\"ListItem\",\"position\":6,\"name\":\"Rutes de senderisme\"}]},{\"@type\":\"WebSite\",\"@id\":\"https:\\\/\\\/lavalldelord.com\\\/fr\\\/#website\",\"url\":\"https:\\\/\\\/lavalldelord.com\\\/fr\\\/\",\"name\":\"Turisme Vall de Lord\",\"description\":\"Portal tur\u00edstic de la Vall de Lord, naturalment!\",\"publisher\":{\"@id\":\"https:\\\/\\\/lavalldelord.com\\\/fr\\\/#organization\"},\"potentialAction\":[{\"@type\":\"SearchAction\",\"target\":{\"@type\":\"EntryPoint\",\"urlTemplate\":\"https:\\\/\\\/lavalldelord.com\\\/fr\\\/?s={search_term_string}\"},\"query-input\":{\"@type\":\"PropertyValueSpecification\",\"valueRequired\":true,\"valueName\":\"search_term_string\"}}],\"inLanguage\":\"fr-FR\"},{\"@type\":\"Organization\",\"@id\":\"https:\\\/\\\/lavalldelord.com\\\/fr\\\/#organization\",\"name\":\"La Vall de Lord\",\"url\":\"https:\\\/\\\/lavalldelord.com\\\/fr\\\/\",\"logo\":{\"@type\":\"ImageObject\",\"inLanguage\":\"fr-FR\",\"@id\":\"https:\\\/\\\/lavalldelord.com\\\/fr\\\/#\\\/schema\\\/logo\\\/image\\\/\",\"url\":\"https:\\\/\\\/lavalldelord.com\\\/wp-content\\\/uploads\\\/2024\\\/02\\\/DJI_0864_websize.jpg\",\"contentUrl\":\"https:\\\/\\\/lavalldelord.com\\\/wp-content\\\/uploads\\\/2024\\\/02\\\/DJI_0864_websize.jpg\",\"width\":1600,\"height\":899,\"caption\":\"La Vall de Lord\"},\"image\":{\"@id\":\"https:\\\/\\\/lavalldelord.com\\\/fr\\\/#\\\/schema\\\/logo\\\/image\\\/\"},\"sameAs\":[\"https:\\\/\\\/www.facebook.com\\\/turismevalldelord\",\"https:\\\/\\\/x.com\\\/valldelord\",\"https:\\\/\\\/www.instagram.com\\\/turismevalldelord\"]}]}<\/script>\n<!-- \/ Yoast SEO plugin. -->","yoast_head_json":{"title":"Rutes de senderisme a la Vall de Lord","description":"Rutes de senderisme a la Vall de Lord. Descarregueu-vos la informaci\u00f3 de les rutes a Sant Lloren\u00e7 de Morunys, La Coma i La Pedra i Guixers","robots":{"index":"index","follow":"follow","max-snippet":"max-snippet:-1","max-image-preview":"max-image-preview:large","max-video-preview":"max-video-preview:-1"},"canonical":"https:\/\/lavalldelord.com\/fr\/que-fer\/turisme-actiu\/rutes-senderisme-btt\/senderisme\/rutes-de-senderisme-2\/","og_locale":"fr_FR","og_type":"article","og_title":"Rutes de senderisme a la Vall de Lord","og_description":"Rutes de senderisme a la Vall de Lord. Descarregueu-vos la informaci\u00f3 de les rutes a Sant Lloren\u00e7 de Morunys, La Coma i La Pedra i Guixers","og_url":"https:\/\/lavalldelord.com\/fr\/que-fer\/turisme-actiu\/rutes-senderisme-btt\/senderisme\/rutes-de-senderisme-2\/","og_site_name":"La Vall de Lord","article_publisher":"https:\/\/www.facebook.com\/turismevalldelord","article_modified_time":"2024-05-05T09:50:18+00:00","og_image":[{"width":1997,"height":1498,"url":"https:\/\/lavalldelord.com\/wp-content\/uploads\/2017\/02\/Caminada-Solsona.jpg","type":"image\/jpeg"}],"twitter_card":"summary_large_image","twitter_site":"@valldelord","twitter_misc":{"Dur\u00e9e de lecture estim\u00e9e":"1 minute"},"schema":{"@context":"https:\/\/schema.org","@graph":[{"@type":"WebPage","@id":"https:\/\/lavalldelord.com\/fr\/que-fer\/turisme-actiu\/rutes-senderisme-btt\/senderisme\/rutes-de-senderisme-2\/","url":"https:\/\/lavalldelord.com\/fr\/que-fer\/turisme-actiu\/rutes-senderisme-btt\/senderisme\/rutes-de-senderisme-2\/","name":"Rutes de senderisme a la Vall de Lord","isPartOf":{"@id":"https:\/\/lavalldelord.com\/fr\/#website"},"primaryImageOfPage":{"@id":"https:\/\/lavalldelord.com\/fr\/que-fer\/turisme-actiu\/rutes-senderisme-btt\/senderisme\/rutes-de-senderisme-2\/#primaryimage"},"image":{"@id":"https:\/\/lavalldelord.com\/que-fer\/turisme-actiu\/rutes-senderisme-btt\/senderisme\/rutes-de-senderisme-2\/#primaryimage"},"thumbnailUrl":"https:\/\/lavalldelord.com\/wp-content\/uploads\/2017\/02\/Caminada-Solsona.jpg","datePublished":"2017-04-02T07:42:12+00:00","dateModified":"2024-05-05T09:50:18+00:00","description":"Rutes de senderisme a la Vall de Lord. Descarregueu-vos la informaci\u00f3 de les rutes a Sant Lloren\u00e7 de Morunys, La Coma i La Pedra i Guixers","breadcrumb":{"@id":"https:\/\/lavalldelord.com\/fr\/que-fer\/turisme-actiu\/rutes-senderisme-btt\/senderisme\/rutes-de-senderisme-2\/#breadcrumb"},"inLanguage":"fr-FR","potentialAction":[{"@type":"ReadAction","target":[["https:\/\/lavalldelord.com\/fr\/que-fer\/turisme-actiu\/rutes-senderisme-btt\/senderisme\/rutes-de-senderisme-2\/"]]}]},{"@type":"ImageObject","inLanguage":"fr-FR","@id":"https:\/\/lavalldelord.com\/fr\/que-fer\/turisme-actiu\/rutes-senderisme-btt\/senderisme\/rutes-de-senderisme-2\/#primaryimage","url":"https:\/\/lavalldelord.com\/wp-content\/uploads\/2017\/02\/Caminada-Solsona.jpg","contentUrl":"https:\/\/lavalldelord.com\/wp-content\/uploads\/2017\/02\/Caminada-Solsona.jpg","width":1997,"height":1498},{"@type":"BreadcrumbList","@id":"https:\/\/lavalldelord.com\/fr\/que-fer\/turisme-actiu\/rutes-senderisme-btt\/senderisme\/rutes-de-senderisme-2\/#breadcrumb","itemListElement":[{"@type":"ListItem","position":1,"name":"Inici","item":"https:\/\/lavalldelord.com\/fr\/"},{"@type":"ListItem","position":2,"name":"Quoi faire?","item":"https:\/\/lavalldelord.com\/fr\/que-fer\/"},{"@type":"ListItem","position":3,"name":"Turisme actiu","item":"https:\/\/lavalldelord.com\/fr\/que-fer\/turisme-actiu\/"},{"@type":"ListItem","position":4,"name":"Itin\u00e9raires de randonn\u00e9e et VTT","item":"https:\/\/lavalldelord.com\/fr\/que-fer\/turisme-actiu\/rutes-senderisme-btt\/"},{"@type":"ListItem","position":5,"name":"Senderismo","item":"https:\/\/lavalldelord.com\/fr\/que-fer\/turisme-actiu\/rutes-senderisme-btt\/senderisme\/"},{"@type":"ListItem","position":6,"name":"Rutes de senderisme"}]},{"@type":"WebSite","@id":"https:\/\/lavalldelord.com\/fr\/#website","url":"https:\/\/lavalldelord.com\/fr\/","name":"Turisme Vall de Lord","description":"Portal tur\u00edstic de la Vall de Lord, naturalment!","publisher":{"@id":"https:\/\/lavalldelord.com\/fr\/#organization"},"potentialAction":[{"@type":"SearchAction","target":{"@type":"EntryPoint","urlTemplate":"https:\/\/lavalldelord.com\/fr\/?s={search_term_string}"},"query-input":{"@type":"PropertyValueSpecification","valueRequired":true,"valueName":"search_term_string"}}],"inLanguage":"fr-FR"},{"@type":"Organization","@id":"https:\/\/lavalldelord.com\/fr\/#organization","name":"La Vall de Lord","url":"https:\/\/lavalldelord.com\/fr\/","logo":{"@type":"ImageObject","inLanguage":"fr-FR","@id":"https:\/\/lavalldelord.com\/fr\/#\/schema\/logo\/image\/","url":"https:\/\/lavalldelord.com\/wp-content\/uploads\/2024\/02\/DJI_0864_websize.jpg","contentUrl":"https:\/\/lavalldelord.com\/wp-content\/uploads\/2024\/02\/DJI_0864_websize.jpg","width":1600,"height":899,"caption":"La Vall de Lord"},"image":{"@id":"https:\/\/lavalldelord.com\/fr\/#\/schema\/logo\/image\/"},"sameAs":["https:\/\/www.facebook.com\/turismevalldelord","https:\/\/x.com\/valldelord","https:\/\/www.instagram.com\/turismevalldelord"]}]}},"_links":{"self":[{"href":"https:\/\/lavalldelord.com\/fr\/wp-json\/wp\/v2\/pages\/3713","targetHints":{"allow":["GET"]}}],"collection":[{"href":"https:\/\/lavalldelord.com\/fr\/wp-json\/wp\/v2\/pages"}],"about":[{"href":"https:\/\/lavalldelord.com\/fr\/wp-json\/wp\/v2\/types\/page"}],"author":[{"embeddable":true,"href":"https:\/\/lavalldelord.com\/fr\/wp-json\/wp\/v2\/users\/3"}],"replies":[{"embeddable":true,"href":"https:\/\/lavalldelord.com\/fr\/wp-json\/wp\/v2\/comments?post=3713"}],"version-history":[{"count":55,"href":"https:\/\/lavalldelord.com\/fr\/wp-json\/wp\/v2\/pages\/3713\/revisions"}],"predecessor-version":[{"id":11290,"href":"https:\/\/lavalldelord.com\/fr\/wp-json\/wp\/v2\/pages\/3713\/revisions\/11290"}],"up":[{"embeddable":true,"href":"https:\/\/lavalldelord.com\/fr\/wp-json\/wp\/v2\/pages\/10257"}],"wp:featuredmedia":[{"embeddable":true,"href":"https:\/\/lavalldelord.com\/fr\/wp-json\/wp\/v2\/media\/3168"}],"wp:attachment":[{"href":"https:\/\/lavalldelord.com\/fr\/wp-json\/wp\/v2\/media?parent=3713"}],"curies":[{"name":"wp","href":"https:\/\/api.w.org\/{rel}","templated":true}]}}