{"id":4231,"date":"2017-06-29T09:36:31","date_gmt":"2017-06-29T09:36:31","guid":{"rendered":"http:\/\/lavalldelord.com.mialias.net\/?page_id=4231"},"modified":"2025-08-23T10:04:47","modified_gmt":"2025-08-23T09:04:47","slug":"on-dormir","status":"publish","type":"page","link":"https:\/\/lavalldelord.com\/fr\/que-fer\/turisme-actiu\/on-dormir\/","title":{"rendered":"O\u00f9 dormir"},"content":{"rendered":"<p class=\"qtranxs-available-languages-message qtranxs-available-languages-message-fr\">D\u00e9sol\u00e9, cet article est seulement disponible en <a href=\"https:\/\/lavalldelord.com\/ca\/wp-json\/wp\/v2\/pages\/4231\" class=\"qtranxs-available-language-link qtranxs-available-language-link-ca\" title=\"Catal\u00e0\">Catal\u00e0<\/a>.<\/p>","protected":false},"excerpt":{"rendered":"<p>D\u00e9sol\u00e9, cet article est seulement disponible en Catal\u00e0.<\/p>\n","protected":false},"author":3,"featured_media":7030,"parent":3503,"menu_order":173,"comment_status":"closed","ping_status":"closed","template":"page-on-dormir.php","meta":{"_acf_changed":false,"_exactmetrics_skip_tracking":false,"_exactmetrics_sitenote_active":false,"_exactmetrics_sitenote_note":"","_exactmetrics_sitenote_category":0,"_joinchat":[],"footnotes":""},"class_list":["post-4231","page","type-page","status-publish","has-post-thumbnail","hentry"],"acf":[],"yoast_head":"<!-- This site is optimized with the Yoast SEO plugin v27.5 - https:\/\/yoast.com\/product\/yoast-seo-wordpress\/ -->\n<title>O\u00f9 dormir - La Vall de Lord<\/title>\n<meta name=\"description\" content=\"On dormir a la Vall de Lord: Sant Lloren\u00e7 de Morunys, La coma i La Pedra, Guixers i Nav\u00e8s. Descobreix els allotjaments de la zona\" \/>\n<meta name=\"robots\" content=\"index, follow, max-snippet:-1, max-image-preview:large, max-video-preview:-1\" \/>\n<link rel=\"canonical\" href=\"https:\/\/lavalldelord.com\/fr\/que-fer\/turisme-actiu\/on-dormir\/\" \/>\n<meta property=\"og:locale\" content=\"fr_FR\" \/>\n<meta property=\"og:type\" content=\"article\" \/>\n<meta property=\"og:title\" content=\"O\u00f9 dormir - La Vall de Lord\" \/>\n<meta property=\"og:description\" content=\"On dormir a la Vall de Lord: Sant Lloren\u00e7 de Morunys, La coma i La Pedra, Guixers i Nav\u00e8s. Descobreix els allotjaments de la zona\" \/>\n<meta property=\"og:url\" content=\"https:\/\/lavalldelord.com\/fr\/que-fer\/turisme-actiu\/on-dormir\/\" \/>\n<meta property=\"og:site_name\" content=\"La Vall de Lord\" \/>\n<meta property=\"article:publisher\" content=\"https:\/\/www.facebook.com\/turismevalldelord\" \/>\n<meta property=\"article:modified_time\" content=\"2025-08-23T09:04:47+00:00\" \/>\n<meta property=\"og:image\" content=\"https:\/\/lavalldelord.com\/wp-content\/uploads\/2020\/04\/DSC_0281-1024x680.jpg\" \/>\n\t<meta property=\"og:image:width\" content=\"1024\" \/>\n\t<meta property=\"og:image:height\" content=\"680\" \/>\n\t<meta property=\"og:image:type\" content=\"image\/jpeg\" \/>\n<meta name=\"twitter:card\" content=\"summary_large_image\" \/>\n<meta name=\"twitter:site\" content=\"@valldelord\" \/>\n<meta name=\"twitter:label1\" content=\"Dur\u00e9e de lecture estim\u00e9e\" \/>\n\t<meta name=\"twitter:data1\" content=\"1 minute\" \/>\n<script type=\"application\/ld+json\" class=\"yoast-schema-graph\">{\"@context\":\"https:\\\/\\\/schema.org\",\"@graph\":[{\"@type\":\"WebPage\",\"@id\":\"https:\\\/\\\/lavalldelord.com\\\/fr\\\/que-fer\\\/turisme-actiu\\\/on-dormir\\\/\",\"url\":\"https:\\\/\\\/lavalldelord.com\\\/fr\\\/que-fer\\\/turisme-actiu\\\/on-dormir\\\/\",\"name\":\"O\u00f9 dormir - La Vall de Lord\",\"isPartOf\":{\"@id\":\"https:\\\/\\\/lavalldelord.com\\\/fr\\\/#website\"},\"primaryImageOfPage\":{\"@id\":\"https:\\\/\\\/lavalldelord.com\\\/fr\\\/que-fer\\\/turisme-actiu\\\/on-dormir\\\/#primaryimage\"},\"image\":{\"@id\":\"https:\\\/\\\/lavalldelord.com\\\/que-fer\\\/turisme-actiu\\\/on-dormir\\\/#primaryimage\"},\"thumbnailUrl\":\"https:\\\/\\\/lavalldelord.com\\\/wp-content\\\/uploads\\\/2020\\\/04\\\/DSC_0281.jpg\",\"datePublished\":\"2017-06-29T09:36:31+00:00\",\"dateModified\":\"2025-08-23T09:04:47+00:00\",\"description\":\"On dormir a la Vall de Lord: Sant Lloren\u00e7 de Morunys, La coma i La Pedra, Guixers i Nav\u00e8s. Descobreix els allotjaments de la zona\",\"breadcrumb\":{\"@id\":\"https:\\\/\\\/lavalldelord.com\\\/fr\\\/que-fer\\\/turisme-actiu\\\/on-dormir\\\/#breadcrumb\"},\"inLanguage\":\"fr-FR\",\"potentialAction\":[{\"@type\":\"ReadAction\",\"target\":[[\"https:\\\/\\\/lavalldelord.com\\\/fr\\\/que-fer\\\/turisme-actiu\\\/on-dormir\\\/\"]]}]},{\"@type\":\"ImageObject\",\"inLanguage\":\"fr-FR\",\"@id\":\"https:\\\/\\\/lavalldelord.com\\\/fr\\\/que-fer\\\/turisme-actiu\\\/on-dormir\\\/#primaryimage\",\"url\":\"https:\\\/\\\/lavalldelord.com\\\/wp-content\\\/uploads\\\/2020\\\/04\\\/DSC_0281.jpg\",\"contentUrl\":\"https:\\\/\\\/lavalldelord.com\\\/wp-content\\\/uploads\\\/2020\\\/04\\\/DSC_0281.jpg\",\"width\":4288,\"height\":2848},{\"@type\":\"BreadcrumbList\",\"@id\":\"https:\\\/\\\/lavalldelord.com\\\/fr\\\/que-fer\\\/turisme-actiu\\\/on-dormir\\\/#breadcrumb\",\"itemListElement\":[{\"@type\":\"ListItem\",\"position\":1,\"name\":\"Inici\",\"item\":\"https:\\\/\\\/lavalldelord.com\\\/fr\\\/\"},{\"@type\":\"ListItem\",\"position\":2,\"name\":\"Quoi faire?\",\"item\":\"https:\\\/\\\/lavalldelord.com\\\/fr\\\/que-fer\\\/\"},{\"@type\":\"ListItem\",\"position\":3,\"name\":\"Turisme actiu\",\"item\":\"https:\\\/\\\/lavalldelord.com\\\/fr\\\/que-fer\\\/turisme-actiu\\\/\"},{\"@type\":\"ListItem\",\"position\":4,\"name\":\"On dormir a la Vall de Lord\"}]},{\"@type\":\"WebSite\",\"@id\":\"https:\\\/\\\/lavalldelord.com\\\/fr\\\/#website\",\"url\":\"https:\\\/\\\/lavalldelord.com\\\/fr\\\/\",\"name\":\"Turisme Vall de Lord\",\"description\":\"Portal tur\u00edstic de la Vall de Lord, naturalment!\",\"publisher\":{\"@id\":\"https:\\\/\\\/lavalldelord.com\\\/fr\\\/#organization\"},\"potentialAction\":[{\"@type\":\"SearchAction\",\"target\":{\"@type\":\"EntryPoint\",\"urlTemplate\":\"https:\\\/\\\/lavalldelord.com\\\/fr\\\/?s={search_term_string}\"},\"query-input\":{\"@type\":\"PropertyValueSpecification\",\"valueRequired\":true,\"valueName\":\"search_term_string\"}}],\"inLanguage\":\"fr-FR\"},{\"@type\":\"Organization\",\"@id\":\"https:\\\/\\\/lavalldelord.com\\\/fr\\\/#organization\",\"name\":\"La Vall de Lord\",\"url\":\"https:\\\/\\\/lavalldelord.com\\\/fr\\\/\",\"logo\":{\"@type\":\"ImageObject\",\"inLanguage\":\"fr-FR\",\"@id\":\"https:\\\/\\\/lavalldelord.com\\\/fr\\\/#\\\/schema\\\/logo\\\/image\\\/\",\"url\":\"https:\\\/\\\/lavalldelord.com\\\/wp-content\\\/uploads\\\/2024\\\/02\\\/DJI_0864_websize.jpg\",\"contentUrl\":\"https:\\\/\\\/lavalldelord.com\\\/wp-content\\\/uploads\\\/2024\\\/02\\\/DJI_0864_websize.jpg\",\"width\":1600,\"height\":899,\"caption\":\"La Vall de Lord\"},\"image\":{\"@id\":\"https:\\\/\\\/lavalldelord.com\\\/fr\\\/#\\\/schema\\\/logo\\\/image\\\/\"},\"sameAs\":[\"https:\\\/\\\/www.facebook.com\\\/turismevalldelord\",\"https:\\\/\\\/x.com\\\/valldelord\",\"https:\\\/\\\/www.instagram.com\\\/turismevalldelord\"]}]}<\/script>\n<!-- \/ Yoast SEO plugin. -->","yoast_head_json":{"title":"O\u00f9 dormir - La Vall de Lord","description":"On dormir a la Vall de Lord: Sant Lloren\u00e7 de Morunys, La coma i La Pedra, Guixers i Nav\u00e8s. Descobreix els allotjaments de la zona","robots":{"index":"index","follow":"follow","max-snippet":"max-snippet:-1","max-image-preview":"max-image-preview:large","max-video-preview":"max-video-preview:-1"},"canonical":"https:\/\/lavalldelord.com\/fr\/que-fer\/turisme-actiu\/on-dormir\/","og_locale":"fr_FR","og_type":"article","og_title":"O\u00f9 dormir - La Vall de Lord","og_description":"On dormir a la Vall de Lord: Sant Lloren\u00e7 de Morunys, La coma i La Pedra, Guixers i Nav\u00e8s. Descobreix els allotjaments de la zona","og_url":"https:\/\/lavalldelord.com\/fr\/que-fer\/turisme-actiu\/on-dormir\/","og_site_name":"La Vall de Lord","article_publisher":"https:\/\/www.facebook.com\/turismevalldelord","article_modified_time":"2025-08-23T09:04:47+00:00","og_image":[{"width":1024,"height":680,"url":"https:\/\/lavalldelord.com\/wp-content\/uploads\/2020\/04\/DSC_0281-1024x680.jpg","type":"image\/jpeg"}],"twitter_card":"summary_large_image","twitter_site":"@valldelord","twitter_misc":{"Dur\u00e9e de lecture estim\u00e9e":"1 minute"},"schema":{"@context":"https:\/\/schema.org","@graph":[{"@type":"WebPage","@id":"https:\/\/lavalldelord.com\/fr\/que-fer\/turisme-actiu\/on-dormir\/","url":"https:\/\/lavalldelord.com\/fr\/que-fer\/turisme-actiu\/on-dormir\/","name":"O\u00f9 dormir - La Vall de Lord","isPartOf":{"@id":"https:\/\/lavalldelord.com\/fr\/#website"},"primaryImageOfPage":{"@id":"https:\/\/lavalldelord.com\/fr\/que-fer\/turisme-actiu\/on-dormir\/#primaryimage"},"image":{"@id":"https:\/\/lavalldelord.com\/que-fer\/turisme-actiu\/on-dormir\/#primaryimage"},"thumbnailUrl":"https:\/\/lavalldelord.com\/wp-content\/uploads\/2020\/04\/DSC_0281.jpg","datePublished":"2017-06-29T09:36:31+00:00","dateModified":"2025-08-23T09:04:47+00:00","description":"On dormir a la Vall de Lord: Sant Lloren\u00e7 de Morunys, La coma i La Pedra, Guixers i Nav\u00e8s. Descobreix els allotjaments de la zona","breadcrumb":{"@id":"https:\/\/lavalldelord.com\/fr\/que-fer\/turisme-actiu\/on-dormir\/#breadcrumb"},"inLanguage":"fr-FR","potentialAction":[{"@type":"ReadAction","target":[["https:\/\/lavalldelord.com\/fr\/que-fer\/turisme-actiu\/on-dormir\/"]]}]},{"@type":"ImageObject","inLanguage":"fr-FR","@id":"https:\/\/lavalldelord.com\/fr\/que-fer\/turisme-actiu\/on-dormir\/#primaryimage","url":"https:\/\/lavalldelord.com\/wp-content\/uploads\/2020\/04\/DSC_0281.jpg","contentUrl":"https:\/\/lavalldelord.com\/wp-content\/uploads\/2020\/04\/DSC_0281.jpg","width":4288,"height":2848},{"@type":"BreadcrumbList","@id":"https:\/\/lavalldelord.com\/fr\/que-fer\/turisme-actiu\/on-dormir\/#breadcrumb","itemListElement":[{"@type":"ListItem","position":1,"name":"Inici","item":"https:\/\/lavalldelord.com\/fr\/"},{"@type":"ListItem","position":2,"name":"Quoi faire?","item":"https:\/\/lavalldelord.com\/fr\/que-fer\/"},{"@type":"ListItem","position":3,"name":"Turisme actiu","item":"https:\/\/lavalldelord.com\/fr\/que-fer\/turisme-actiu\/"},{"@type":"ListItem","position":4,"name":"On dormir a la Vall de Lord"}]},{"@type":"WebSite","@id":"https:\/\/lavalldelord.com\/fr\/#website","url":"https:\/\/lavalldelord.com\/fr\/","name":"Turisme Vall de Lord","description":"Portal tur\u00edstic de la Vall de Lord, naturalment!","publisher":{"@id":"https:\/\/lavalldelord.com\/fr\/#organization"},"potentialAction":[{"@type":"SearchAction","target":{"@type":"EntryPoint","urlTemplate":"https:\/\/lavalldelord.com\/fr\/?s={search_term_string}"},"query-input":{"@type":"PropertyValueSpecification","valueRequired":true,"valueName":"search_term_string"}}],"inLanguage":"fr-FR"},{"@type":"Organization","@id":"https:\/\/lavalldelord.com\/fr\/#organization","name":"La Vall de Lord","url":"https:\/\/lavalldelord.com\/fr\/","logo":{"@type":"ImageObject","inLanguage":"fr-FR","@id":"https:\/\/lavalldelord.com\/fr\/#\/schema\/logo\/image\/","url":"https:\/\/lavalldelord.com\/wp-content\/uploads\/2024\/02\/DJI_0864_websize.jpg","contentUrl":"https:\/\/lavalldelord.com\/wp-content\/uploads\/2024\/02\/DJI_0864_websize.jpg","width":1600,"height":899,"caption":"La Vall de Lord"},"image":{"@id":"https:\/\/lavalldelord.com\/fr\/#\/schema\/logo\/image\/"},"sameAs":["https:\/\/www.facebook.com\/turismevalldelord","https:\/\/x.com\/valldelord","https:\/\/www.instagram.com\/turismevalldelord"]}]}},"_links":{"self":[{"href":"https:\/\/lavalldelord.com\/fr\/wp-json\/wp\/v2\/pages\/4231","targetHints":{"allow":["GET"]}}],"collection":[{"href":"https:\/\/lavalldelord.com\/fr\/wp-json\/wp\/v2\/pages"}],"about":[{"href":"https:\/\/lavalldelord.com\/fr\/wp-json\/wp\/v2\/types\/page"}],"author":[{"embeddable":true,"href":"https:\/\/lavalldelord.com\/fr\/wp-json\/wp\/v2\/users\/3"}],"replies":[{"embeddable":true,"href":"https:\/\/lavalldelord.com\/fr\/wp-json\/wp\/v2\/comments?post=4231"}],"version-history":[{"count":7,"href":"https:\/\/lavalldelord.com\/fr\/wp-json\/wp\/v2\/pages\/4231\/revisions"}],"predecessor-version":[{"id":12916,"href":"https:\/\/lavalldelord.com\/fr\/wp-json\/wp\/v2\/pages\/4231\/revisions\/12916"}],"up":[{"embeddable":true,"href":"https:\/\/lavalldelord.com\/fr\/wp-json\/wp\/v2\/pages\/3503"}],"wp:featuredmedia":[{"embeddable":true,"href":"https:\/\/lavalldelord.com\/fr\/wp-json\/wp\/v2\/media\/7030"}],"wp:attachment":[{"href":"https:\/\/lavalldelord.com\/fr\/wp-json\/wp\/v2\/media?parent=4231"}],"curies":[{"name":"wp","href":"https:\/\/api.w.org\/{rel}","templated":true}]}}