{"id":5806,"date":"2019-03-25T12:02:07","date_gmt":"2019-03-25T12:02:07","guid":{"rendered":"http:\/\/lavalldelord.com\/?page_id=5806"},"modified":"2025-03-01T17:31:36","modified_gmt":"2025-03-01T16:31:36","slug":"que-son-centres-btt","status":"publish","type":"page","link":"https:\/\/lavalldelord.com\/fr\/que-fer\/turisme-actiu\/rutes-senderisme-btt\/centre-btt-solsones-vall-lord\/centre-de-btt-solsones-vall-de-lord\/que-son-centres-btt\/","title":{"rendered":"Que sont les Centres BTT?"},"content":{"rendered":"<p><\/p>\n<h3>Que sont les Centres VTT?<\/h3>\n<p>L&rsquo;an 1977, Turisme de Catalunya commen\u00e7ait \u00e0 travailler en le projet de cr\u00e9ation d&rsquo;un r\u00e9seau de Centres de VTT en Catalunya, initiative pionni\u00e8re dans Espagne. Le Centre VTT Pla de l&rsquo;Estany &#8211; Banyoles \u00e9tait le premier inaugur\u00e9 l&rsquo;an 1999, et ce fait que le r\u00e9seau de Centres VTT Catalunya compte avec une longue exp\u00e9rience, avec 18 Centres VTT en fonctionnement. Actuellement les amateurs a la vtt peuvent jouir en Catalunya d&rsquo;un r\u00e9seau de 18 Centres VTT, avec un total de 311 itin\u00e9raires et plus de 6.000 km signalis\u00e9s. L&rsquo;Ag\u00e8ncia Catalana de Turisme (Agence Catalane de Tourisme) s&rsquo;occupe du programme Centres BTT Catalunya avec le Consell Catal\u00e0 de l&rsquo;Esport (Conseil Catalan du Sport) et la Federaci\u00f3 Catalana de Ciclisme (F\u00e9d\u00e9ration Catalane de Cyclisme), et a inscrite la signalisation sp\u00e9cifique des Centres VTT en Espagne.<\/p>\n<p>El a\u00f1o 1977, Turisme de Catalunya comenz\u00f3 a trabajar en el proyecto de creaci\u00f3n de una red de Centros BTT en Catalunya, iniciativa pionera en el estado espa\u00f1ol. El Centro BTT Pla de l&rsquo;Estany &#8211; Banyoles fue el primero en ser inaugurado el a\u00f1o 1999, y esto hace que la red de Centros BTT Catalunya cuente con una larga experiencia, con 18 Centros BTT en funcionamiento. Actualmente los aficionados a la btt pueden disfrutar en Catalunya de una red de 18 Centros BTT, con un total de 311 rutas y m\u00e1s de 6.000 km se\u00f1alizados. La Ag\u00e8ncia Catalana de Turisme gestiona el programa Centres BTT Catalunya juntamente con el Consell Catal\u00e0 de l&rsquo;Esport y la Federaci\u00f3 Catalana de Ciclisme y tiene registrada la se\u00f1alizaci\u00f3n espec\u00edfica de los Centros BTT en Espa\u00f1a.<\/p>\n<p><a href=\"http:\/\/lavalldelord.com\/wp-content\/uploads\/2019\/03\/centres-btt.png\" target=\"_blank\" rel=\"noopener noreferrer\"><img loading=\"lazy\" decoding=\"async\" class=\"aligncenter wp-image-5807 size-full\" src=\"http:\/\/lavalldelord.com\/wp-content\/uploads\/2019\/03\/centres-btt.png\" alt=\"\" width=\"832\" height=\"744\" srcset=\"https:\/\/lavalldelord.com\/wp-content\/uploads\/2019\/03\/centres-btt.png 832w, https:\/\/lavalldelord.com\/wp-content\/uploads\/2019\/03\/centres-btt-400x358.png 400w, https:\/\/lavalldelord.com\/wp-content\/uploads\/2019\/03\/centres-btt-600x537.png 600w, https:\/\/lavalldelord.com\/wp-content\/uploads\/2019\/03\/centres-btt-768x687.png 768w\" sizes=\"auto, (max-width: 832px) 100vw, 832px\" \/><\/a><\/p>\n<h4><\/h4>\n<p>&nbsp;<\/p>\n<p><strong>Guide des Centres VTT Catalunya\u00a0<\/strong><em>(en catalan)<\/em><strong><br \/>\n<\/strong><a href=\"http:\/\/act.gencat.cat\/wp-content\/uploads\/2014\/10\/01_Cataleg-BTT-CAT_AR-V3_14.pdf\" target=\"_blank\" rel=\"noopener noreferrer\">(fais clic ici pour la t\u00e9l\u00e9charger)<\/a><\/p>\n<p>Cette guide\u00a0 procure information de tous les centres vtt que faire partie de Centres BTT Catalunya, avec une description et ses caract\u00e9ristiques g\u00e9n\u00e9rales. Vous trouverez aussi la information g\u00e9n\u00e9rique de la route Transcatalunya, itin\u00e9raire de long parcours que permet traverser Catalunya en vtt, en connectant les differents Centres VTT Catalunya. Plus d&rsquo;information en <a href=\"http:\/\/www.catalunya.com\" target=\"_blank\" rel=\"noopener noreferrer\">www.catalunya.com<\/a> et en les differents Centres VTT Catalunya.<\/p>\n<p>&nbsp;<\/p>","protected":false},"excerpt":{"rendered":"<p>Que sont les Centres VTT? L&rsquo;an 1977, Turisme de Catalunya commen\u00e7ait \u00e0 travailler en le projet de cr\u00e9ation d&rsquo;un r\u00e9seau [&hellip;]<\/p>\n","protected":false},"author":3,"featured_media":5815,"parent":10250,"menu_order":159,"comment_status":"closed","ping_status":"closed","template":"","meta":{"_acf_changed":false,"_exactmetrics_skip_tracking":false,"_exactmetrics_sitenote_active":false,"_exactmetrics_sitenote_note":"","_exactmetrics_sitenote_category":0,"_joinchat":[],"footnotes":""},"class_list":["post-5806","page","type-page","status-publish","has-post-thumbnail","hentry"],"acf":[],"yoast_head":"<!-- This site is optimized with the Yoast SEO plugin v27.5 - https:\/\/yoast.com\/product\/yoast-seo-wordpress\/ -->\n<title>Que sont les Centres BTT? - La Vall de Lord<\/title>\n<meta name=\"robots\" content=\"index, follow, max-snippet:-1, max-image-preview:large, max-video-preview:-1\" \/>\n<link rel=\"canonical\" href=\"https:\/\/lavalldelord.com\/fr\/que-fer\/turisme-actiu\/rutes-senderisme-btt\/centre-btt-solsones-vall-lord\/centre-de-btt-solsones-vall-de-lord\/que-son-centres-btt\/\" \/>\n<meta property=\"og:locale\" content=\"fr_FR\" \/>\n<meta property=\"og:type\" content=\"article\" \/>\n<meta property=\"og:title\" content=\"Que sont les Centres BTT? - La Vall de Lord\" \/>\n<meta property=\"og:description\" content=\"Que sont les Centres VTT? L&rsquo;an 1977, Turisme de Catalunya commen\u00e7ait \u00e0 travailler en le projet de cr\u00e9ation d&rsquo;un r\u00e9seau [&hellip;]\" \/>\n<meta property=\"og:url\" content=\"https:\/\/lavalldelord.com\/fr\/que-fer\/turisme-actiu\/rutes-senderisme-btt\/centre-btt-solsones-vall-lord\/centre-de-btt-solsones-vall-de-lord\/que-son-centres-btt\/\" \/>\n<meta property=\"og:site_name\" content=\"La Vall de Lord\" \/>\n<meta property=\"article:publisher\" content=\"https:\/\/www.facebook.com\/turismevalldelord\" \/>\n<meta property=\"article:modified_time\" content=\"2025-03-01T16:31:36+00:00\" \/>\n<meta property=\"og:image\" content=\"https:\/\/lavalldelord.com\/wp-content\/uploads\/2019\/03\/btt.png\" \/>\n\t<meta property=\"og:image:width\" content=\"694\" \/>\n\t<meta property=\"og:image:height\" content=\"612\" \/>\n\t<meta property=\"og:image:type\" content=\"image\/png\" \/>\n<meta name=\"twitter:card\" content=\"summary_large_image\" \/>\n<meta name=\"twitter:site\" content=\"@valldelord\" \/>\n<meta name=\"twitter:label1\" content=\"Dur\u00e9e de lecture estim\u00e9e\" \/>\n\t<meta name=\"twitter:data1\" content=\"2 minutes\" \/>\n<script type=\"application\/ld+json\" class=\"yoast-schema-graph\">{\"@context\":\"https:\\\/\\\/schema.org\",\"@graph\":[{\"@type\":\"WebPage\",\"@id\":\"https:\\\/\\\/lavalldelord.com\\\/fr\\\/que-fer\\\/turisme-actiu\\\/rutes-senderisme-btt\\\/centre-btt-solsones-vall-lord\\\/centre-de-btt-solsones-vall-de-lord\\\/que-son-centres-btt\\\/\",\"url\":\"https:\\\/\\\/lavalldelord.com\\\/fr\\\/que-fer\\\/turisme-actiu\\\/rutes-senderisme-btt\\\/centre-btt-solsones-vall-lord\\\/centre-de-btt-solsones-vall-de-lord\\\/que-son-centres-btt\\\/\",\"name\":\"Que sont les Centres BTT? - La Vall de Lord\",\"isPartOf\":{\"@id\":\"https:\\\/\\\/lavalldelord.com\\\/fr\\\/#website\"},\"primaryImageOfPage\":{\"@id\":\"https:\\\/\\\/lavalldelord.com\\\/fr\\\/que-fer\\\/turisme-actiu\\\/rutes-senderisme-btt\\\/centre-btt-solsones-vall-lord\\\/centre-de-btt-solsones-vall-de-lord\\\/que-son-centres-btt\\\/#primaryimage\"},\"image\":{\"@id\":\"https:\\\/\\\/lavalldelord.com\\\/que-fer\\\/turisme-actiu\\\/rutes-senderisme-btt\\\/centre-btt-solsones-vall-lord\\\/centre-de-btt-solsones-vall-de-lord\\\/que-son-centres-btt\\\/#primaryimage\"},\"thumbnailUrl\":\"https:\\\/\\\/lavalldelord.com\\\/wp-content\\\/uploads\\\/2019\\\/03\\\/btt.png\",\"datePublished\":\"2019-03-25T12:02:07+00:00\",\"dateModified\":\"2025-03-01T16:31:36+00:00\",\"breadcrumb\":{\"@id\":\"https:\\\/\\\/lavalldelord.com\\\/fr\\\/que-fer\\\/turisme-actiu\\\/rutes-senderisme-btt\\\/centre-btt-solsones-vall-lord\\\/centre-de-btt-solsones-vall-de-lord\\\/que-son-centres-btt\\\/#breadcrumb\"},\"inLanguage\":\"fr-FR\",\"potentialAction\":[{\"@type\":\"ReadAction\",\"target\":[[\"https:\\\/\\\/lavalldelord.com\\\/fr\\\/que-fer\\\/turisme-actiu\\\/rutes-senderisme-btt\\\/centre-btt-solsones-vall-lord\\\/centre-de-btt-solsones-vall-de-lord\\\/que-son-centres-btt\\\/\"]]}]},{\"@type\":\"ImageObject\",\"inLanguage\":\"fr-FR\",\"@id\":\"https:\\\/\\\/lavalldelord.com\\\/fr\\\/que-fer\\\/turisme-actiu\\\/rutes-senderisme-btt\\\/centre-btt-solsones-vall-lord\\\/centre-de-btt-solsones-vall-de-lord\\\/que-son-centres-btt\\\/#primaryimage\",\"url\":\"https:\\\/\\\/lavalldelord.com\\\/wp-content\\\/uploads\\\/2019\\\/03\\\/btt.png\",\"contentUrl\":\"https:\\\/\\\/lavalldelord.com\\\/wp-content\\\/uploads\\\/2019\\\/03\\\/btt.png\",\"width\":694,\"height\":612},{\"@type\":\"BreadcrumbList\",\"@id\":\"https:\\\/\\\/lavalldelord.com\\\/fr\\\/que-fer\\\/turisme-actiu\\\/rutes-senderisme-btt\\\/centre-btt-solsones-vall-lord\\\/centre-de-btt-solsones-vall-de-lord\\\/que-son-centres-btt\\\/#breadcrumb\",\"itemListElement\":[{\"@type\":\"ListItem\",\"position\":1,\"name\":\"Inici\",\"item\":\"https:\\\/\\\/lavalldelord.com\\\/fr\\\/\"},{\"@type\":\"ListItem\",\"position\":2,\"name\":\"Quoi faire?\",\"item\":\"https:\\\/\\\/lavalldelord.com\\\/fr\\\/que-fer\\\/\"},{\"@type\":\"ListItem\",\"position\":3,\"name\":\"Turisme actiu\",\"item\":\"https:\\\/\\\/lavalldelord.com\\\/fr\\\/que-fer\\\/turisme-actiu\\\/\"},{\"@type\":\"ListItem\",\"position\":4,\"name\":\"Itin\u00e9raires de randonn\u00e9e et VTT\",\"item\":\"https:\\\/\\\/lavalldelord.com\\\/fr\\\/que-fer\\\/turisme-actiu\\\/rutes-senderisme-btt\\\/\"},{\"@type\":\"ListItem\",\"position\":5,\"name\":\"Rutes de BTT\",\"item\":\"https:\\\/\\\/lavalldelord.com\\\/fr\\\/que-fer\\\/turisme-actiu\\\/rutes-senderisme-btt\\\/centre-btt-solsones-vall-lord\\\/\"},{\"@type\":\"ListItem\",\"position\":6,\"name\":\"Centre de BTT &#8211; Solson\u00e8s &#8211; Vall de Lord\",\"item\":\"https:\\\/\\\/lavalldelord.com\\\/fr\\\/que-fer\\\/turisme-actiu\\\/rutes-senderisme-btt\\\/centre-btt-solsones-vall-lord\\\/centre-de-btt-solsones-vall-de-lord\\\/\"},{\"@type\":\"ListItem\",\"position\":7,\"name\":\"Qu\u00e8 s\u00f3n els Centres BTT?\"}]},{\"@type\":\"WebSite\",\"@id\":\"https:\\\/\\\/lavalldelord.com\\\/fr\\\/#website\",\"url\":\"https:\\\/\\\/lavalldelord.com\\\/fr\\\/\",\"name\":\"Turisme Vall de Lord\",\"description\":\"Portal tur\u00edstic de la Vall de Lord, naturalment!\",\"publisher\":{\"@id\":\"https:\\\/\\\/lavalldelord.com\\\/fr\\\/#organization\"},\"potentialAction\":[{\"@type\":\"SearchAction\",\"target\":{\"@type\":\"EntryPoint\",\"urlTemplate\":\"https:\\\/\\\/lavalldelord.com\\\/fr\\\/?s={search_term_string}\"},\"query-input\":{\"@type\":\"PropertyValueSpecification\",\"valueRequired\":true,\"valueName\":\"search_term_string\"}}],\"inLanguage\":\"fr-FR\"},{\"@type\":\"Organization\",\"@id\":\"https:\\\/\\\/lavalldelord.com\\\/fr\\\/#organization\",\"name\":\"La Vall de Lord\",\"url\":\"https:\\\/\\\/lavalldelord.com\\\/fr\\\/\",\"logo\":{\"@type\":\"ImageObject\",\"inLanguage\":\"fr-FR\",\"@id\":\"https:\\\/\\\/lavalldelord.com\\\/fr\\\/#\\\/schema\\\/logo\\\/image\\\/\",\"url\":\"https:\\\/\\\/lavalldelord.com\\\/wp-content\\\/uploads\\\/2024\\\/02\\\/DJI_0864_websize.jpg\",\"contentUrl\":\"https:\\\/\\\/lavalldelord.com\\\/wp-content\\\/uploads\\\/2024\\\/02\\\/DJI_0864_websize.jpg\",\"width\":1600,\"height\":899,\"caption\":\"La Vall de Lord\"},\"image\":{\"@id\":\"https:\\\/\\\/lavalldelord.com\\\/fr\\\/#\\\/schema\\\/logo\\\/image\\\/\"},\"sameAs\":[\"https:\\\/\\\/www.facebook.com\\\/turismevalldelord\",\"https:\\\/\\\/x.com\\\/valldelord\",\"https:\\\/\\\/www.instagram.com\\\/turismevalldelord\"]}]}<\/script>\n<!-- \/ Yoast SEO plugin. -->","yoast_head_json":{"title":"Que sont les Centres BTT? - La Vall de Lord","robots":{"index":"index","follow":"follow","max-snippet":"max-snippet:-1","max-image-preview":"max-image-preview:large","max-video-preview":"max-video-preview:-1"},"canonical":"https:\/\/lavalldelord.com\/fr\/que-fer\/turisme-actiu\/rutes-senderisme-btt\/centre-btt-solsones-vall-lord\/centre-de-btt-solsones-vall-de-lord\/que-son-centres-btt\/","og_locale":"fr_FR","og_type":"article","og_title":"Que sont les Centres BTT? - La Vall de Lord","og_description":"Que sont les Centres VTT? L&rsquo;an 1977, Turisme de Catalunya commen\u00e7ait \u00e0 travailler en le projet de cr\u00e9ation d&rsquo;un r\u00e9seau [&hellip;]","og_url":"https:\/\/lavalldelord.com\/fr\/que-fer\/turisme-actiu\/rutes-senderisme-btt\/centre-btt-solsones-vall-lord\/centre-de-btt-solsones-vall-de-lord\/que-son-centres-btt\/","og_site_name":"La Vall de Lord","article_publisher":"https:\/\/www.facebook.com\/turismevalldelord","article_modified_time":"2025-03-01T16:31:36+00:00","og_image":[{"width":694,"height":612,"url":"https:\/\/lavalldelord.com\/wp-content\/uploads\/2019\/03\/btt.png","type":"image\/png"}],"twitter_card":"summary_large_image","twitter_site":"@valldelord","twitter_misc":{"Dur\u00e9e de lecture estim\u00e9e":"2 minutes"},"schema":{"@context":"https:\/\/schema.org","@graph":[{"@type":"WebPage","@id":"https:\/\/lavalldelord.com\/fr\/que-fer\/turisme-actiu\/rutes-senderisme-btt\/centre-btt-solsones-vall-lord\/centre-de-btt-solsones-vall-de-lord\/que-son-centres-btt\/","url":"https:\/\/lavalldelord.com\/fr\/que-fer\/turisme-actiu\/rutes-senderisme-btt\/centre-btt-solsones-vall-lord\/centre-de-btt-solsones-vall-de-lord\/que-son-centres-btt\/","name":"Que sont les Centres BTT? - La Vall de Lord","isPartOf":{"@id":"https:\/\/lavalldelord.com\/fr\/#website"},"primaryImageOfPage":{"@id":"https:\/\/lavalldelord.com\/fr\/que-fer\/turisme-actiu\/rutes-senderisme-btt\/centre-btt-solsones-vall-lord\/centre-de-btt-solsones-vall-de-lord\/que-son-centres-btt\/#primaryimage"},"image":{"@id":"https:\/\/lavalldelord.com\/que-fer\/turisme-actiu\/rutes-senderisme-btt\/centre-btt-solsones-vall-lord\/centre-de-btt-solsones-vall-de-lord\/que-son-centres-btt\/#primaryimage"},"thumbnailUrl":"https:\/\/lavalldelord.com\/wp-content\/uploads\/2019\/03\/btt.png","datePublished":"2019-03-25T12:02:07+00:00","dateModified":"2025-03-01T16:31:36+00:00","breadcrumb":{"@id":"https:\/\/lavalldelord.com\/fr\/que-fer\/turisme-actiu\/rutes-senderisme-btt\/centre-btt-solsones-vall-lord\/centre-de-btt-solsones-vall-de-lord\/que-son-centres-btt\/#breadcrumb"},"inLanguage":"fr-FR","potentialAction":[{"@type":"ReadAction","target":[["https:\/\/lavalldelord.com\/fr\/que-fer\/turisme-actiu\/rutes-senderisme-btt\/centre-btt-solsones-vall-lord\/centre-de-btt-solsones-vall-de-lord\/que-son-centres-btt\/"]]}]},{"@type":"ImageObject","inLanguage":"fr-FR","@id":"https:\/\/lavalldelord.com\/fr\/que-fer\/turisme-actiu\/rutes-senderisme-btt\/centre-btt-solsones-vall-lord\/centre-de-btt-solsones-vall-de-lord\/que-son-centres-btt\/#primaryimage","url":"https:\/\/lavalldelord.com\/wp-content\/uploads\/2019\/03\/btt.png","contentUrl":"https:\/\/lavalldelord.com\/wp-content\/uploads\/2019\/03\/btt.png","width":694,"height":612},{"@type":"BreadcrumbList","@id":"https:\/\/lavalldelord.com\/fr\/que-fer\/turisme-actiu\/rutes-senderisme-btt\/centre-btt-solsones-vall-lord\/centre-de-btt-solsones-vall-de-lord\/que-son-centres-btt\/#breadcrumb","itemListElement":[{"@type":"ListItem","position":1,"name":"Inici","item":"https:\/\/lavalldelord.com\/fr\/"},{"@type":"ListItem","position":2,"name":"Quoi faire?","item":"https:\/\/lavalldelord.com\/fr\/que-fer\/"},{"@type":"ListItem","position":3,"name":"Turisme actiu","item":"https:\/\/lavalldelord.com\/fr\/que-fer\/turisme-actiu\/"},{"@type":"ListItem","position":4,"name":"Itin\u00e9raires de randonn\u00e9e et VTT","item":"https:\/\/lavalldelord.com\/fr\/que-fer\/turisme-actiu\/rutes-senderisme-btt\/"},{"@type":"ListItem","position":5,"name":"Rutes de BTT","item":"https:\/\/lavalldelord.com\/fr\/que-fer\/turisme-actiu\/rutes-senderisme-btt\/centre-btt-solsones-vall-lord\/"},{"@type":"ListItem","position":6,"name":"Centre de BTT &#8211; Solson\u00e8s &#8211; Vall de Lord","item":"https:\/\/lavalldelord.com\/fr\/que-fer\/turisme-actiu\/rutes-senderisme-btt\/centre-btt-solsones-vall-lord\/centre-de-btt-solsones-vall-de-lord\/"},{"@type":"ListItem","position":7,"name":"Qu\u00e8 s\u00f3n els Centres BTT?"}]},{"@type":"WebSite","@id":"https:\/\/lavalldelord.com\/fr\/#website","url":"https:\/\/lavalldelord.com\/fr\/","name":"Turisme Vall de Lord","description":"Portal tur\u00edstic de la Vall de Lord, naturalment!","publisher":{"@id":"https:\/\/lavalldelord.com\/fr\/#organization"},"potentialAction":[{"@type":"SearchAction","target":{"@type":"EntryPoint","urlTemplate":"https:\/\/lavalldelord.com\/fr\/?s={search_term_string}"},"query-input":{"@type":"PropertyValueSpecification","valueRequired":true,"valueName":"search_term_string"}}],"inLanguage":"fr-FR"},{"@type":"Organization","@id":"https:\/\/lavalldelord.com\/fr\/#organization","name":"La Vall de Lord","url":"https:\/\/lavalldelord.com\/fr\/","logo":{"@type":"ImageObject","inLanguage":"fr-FR","@id":"https:\/\/lavalldelord.com\/fr\/#\/schema\/logo\/image\/","url":"https:\/\/lavalldelord.com\/wp-content\/uploads\/2024\/02\/DJI_0864_websize.jpg","contentUrl":"https:\/\/lavalldelord.com\/wp-content\/uploads\/2024\/02\/DJI_0864_websize.jpg","width":1600,"height":899,"caption":"La Vall de Lord"},"image":{"@id":"https:\/\/lavalldelord.com\/fr\/#\/schema\/logo\/image\/"},"sameAs":["https:\/\/www.facebook.com\/turismevalldelord","https:\/\/x.com\/valldelord","https:\/\/www.instagram.com\/turismevalldelord"]}]}},"_links":{"self":[{"href":"https:\/\/lavalldelord.com\/fr\/wp-json\/wp\/v2\/pages\/5806","targetHints":{"allow":["GET"]}}],"collection":[{"href":"https:\/\/lavalldelord.com\/fr\/wp-json\/wp\/v2\/pages"}],"about":[{"href":"https:\/\/lavalldelord.com\/fr\/wp-json\/wp\/v2\/types\/page"}],"author":[{"embeddable":true,"href":"https:\/\/lavalldelord.com\/fr\/wp-json\/wp\/v2\/users\/3"}],"replies":[{"embeddable":true,"href":"https:\/\/lavalldelord.com\/fr\/wp-json\/wp\/v2\/comments?post=5806"}],"version-history":[{"count":14,"href":"https:\/\/lavalldelord.com\/fr\/wp-json\/wp\/v2\/pages\/5806\/revisions"}],"predecessor-version":[{"id":7989,"href":"https:\/\/lavalldelord.com\/fr\/wp-json\/wp\/v2\/pages\/5806\/revisions\/7989"}],"up":[{"embeddable":true,"href":"https:\/\/lavalldelord.com\/fr\/wp-json\/wp\/v2\/pages\/10250"}],"wp:featuredmedia":[{"embeddable":true,"href":"https:\/\/lavalldelord.com\/fr\/wp-json\/wp\/v2\/media\/5815"}],"wp:attachment":[{"href":"https:\/\/lavalldelord.com\/fr\/wp-json\/wp\/v2\/media?parent=5806"}],"curies":[{"name":"wp","href":"https:\/\/api.w.org\/{rel}","templated":true}]}}